{"id":25869,"date":"2022-11-01T06:32:04","date_gmt":"2022-11-01T06:32:04","guid":{"rendered":"https:\/\/jackpotlotteryonline.com\/?page_id=25869"},"modified":"2023-01-06T10:48:33","modified_gmt":"2023-01-06T10:48:33","slug":"home","status":"publish","type":"page","link":"https:\/\/jackpotlotteryonline.com\/cs\/","title":{"rendered":"Home"},"content":{"rendered":"<h2><strong>Hr\u00e1t lotto online a zv\u00fd\u0161it sv\u00e9 \u0161ance<\/strong><\/h2>\n<p>Uk\u00e1\u017eeme v\u00e1m zp\u016fsoby, jak snadno<a href=\"https:\/\/jackpotlotteryonline.com\/cs\/jak-hrat\"> hr\u00e1t lotto online<\/a> &#8211; o V\u0160ECHNY ty obrovsk\u00e9 jackpoty, o loterie nejen ve va\u0161\u00ed zemi, ale v\u0161ude na sv\u011bt\u011b. Va\u0161e n\u00e1rodn\u00ed loterie nem\u00e1 atraktivn\u00ed losy? To u\u017e nen\u00ed probl\u00e9m, sta\u010d\u00ed si j\u00edt pro opravdu velk\u00e9 v\u00fdhry. Nepl\u00fdtvejte pen\u011bzi na mal\u00e9 v\u00fdhry &#8211; existuj\u00ed loterie s obrovsk\u00fdmi jackpoty.<\/p>\n<p>Pod\u00edvejte se na bannery na na\u0161ich webov\u00fdch str\u00e1nk\u00e1ch a zjist\u011bte, o jak\u00e9 nejv\u011bt\u0161\u00ed jackpoty m\u016f\u017eete v sou\u010dasn\u00e9 dob\u011b hr\u00e1t.<\/p>\n<p>V\u0161echny tyto velk\u00e9 jackpotov\u00e9 loterie jsou nyn\u00ed snadno dostupn\u00e9 bez ohledu na to, kde \u017eijete. Sta\u010d\u00ed kliknout na jeden z odkaz\u016f a hr\u00e1t lotto online a zaregistrovat se u RedFoxLotto, kde si m\u016f\u017eete koupit tiket p\u0159es internet na ka\u017ed\u00fd z t\u011bchto obrovsk\u00fdch jackpot\u016f! RedFoxLotto v\u00e1m umo\u017en\u00ed koupit si tiket na kter\u00fdkoli z nejv\u011bt\u0161\u00edch sv\u011btov\u00fdch jackpot\u016f bez ohledu na to, kde \u017eijete. Spolehliv\u011b za v\u00e1s tiket koup\u00ed a postar\u00e1 se o to, abyste dostali svou v\u00fdhru.<\/p>\n<h2>Z\u00edskejte p\u0159\u00edstup k mezin\u00e1rodn\u00edm loteri\u00edm<\/h2>\n<p><img loading=\"lazy\" decoding=\"async\" class=\"size-full wp-image-18302 alignright\" src=\"https:\/\/jackpotlotteryonline.com\/wp-content\/uploads\/2022\/10\/ticket_balls.jpg\" alt=\"Hrajte lotto online\" width=\"297\" height=\"101\" \/><br \/>\nNa na\u0161ich webov\u00fdch str\u00e1nk\u00e1ch v\u00e1m poskytneme podrobn\u00e9 informace o v\u0161ech velk\u00fdch sv\u011btov\u00fdch jackpotov\u00fdch loteri\u00edch, o tom, jak hr\u00e1t online, jak platit, jak z\u00edskat v\u00fdhru a co mus\u00edte ud\u011blat, pokud jackpot vylu\u0161t\u00edte. Sta\u010d\u00ed si p\u0159e\u010d\u00edst \u010dl\u00e1nky o tom, jak se z\u00fa\u010dastnit, a recenze loteri\u00ed na tomto webu (pod\u00edvejte se do horn\u00edho menu) a snadno si vyberete tu spr\u00e1vnou ud\u00e1lost pro sebe.<\/p>\n<h2>Hr\u00e1t online je snadn\u00e9<\/h2>\n<p>A\u0165 u\u017e si chcete zahr\u00e1t americk\u00fd jackpot Powerball, jackpot EuroMillions, \u0161pan\u011blsk\u00e9 El Gordo, italsk\u00e9 SuperEnaLotto nebo jakoukoli jinou loterii, m\u016f\u017eete <a href=\"https:\/\/jackpotlotteryonline.com\/cs\/koupit-vstupenky\">si v\u0161echny tikety koupit na jednom m\u00edst\u011b<\/a> &#8211; p\u0159\u00edmo zde na na\u0161ich webov\u00fdch str\u00e1nk\u00e1ch.<\/p>\n<p>S na\u0161\u00ed pomoc\u00ed u\u017e nejste omezeni pouze na sv\u00e9 n\u00e1rodn\u00ed lotto &#8211; nyn\u00ed m\u00e1te mo\u017enost hr\u00e1t online lotto na jakoukoli ud\u00e1lost p\u0159es internet. M\u016f\u017eete si tak vybrat jackpot, kter\u00fd je moment\u00e1ln\u011b nejvy\u0161\u0161\u00ed, a zv\u00fd\u0161it tak sv\u00e9 \u0161ance na vysokou v\u00fdhru. Nebo si vyberte loto, kter\u00e9 se bude losovat p\u0159\u00ed\u0161t\u011b &#8211; tak nemus\u00edte v\u011b\u010dn\u011b \u010dekat, ne\u017e se dozv\u00edte, zda jste vyhr\u00e1li! Je to tak snadn\u00e9, jak to jen jde, od v\u00fdb\u011bru jackpotu loterie a\u017e po v\u00fdb\u011br \u010d\u00edsel a v\u00fdplatu.<\/p>\n<section class=\"layout\" style=\"border: solid 1px; width: 100%;\">\n<div class=\"img-div\" style=\"margin-top: 5px;\"><img decoding=\"async\" class=\"wp-image-17212 alignleft\" style=\"height: 45px; margin: 8px 8px 0px;\" src=\"https:\/\/jackpotlotteryonline.com\/wp-content\/uploads\/2022\/11\/read1.jpg\" alt=\"P\u0159e\u010dt\u011bte si\" width=\"\" height=\"\" \/><\/div>\n<div style=\"padding-left: 5px;\">\n<div style=\"font-size: 1.1em;\">\n<p><strong>Je leg\u00e1ln\u00ed hr\u00e1t loterie z jin\u00fdch zem\u00ed online?<\/strong><\/p>\n<p style=\"font-size: 0.85em; margin-top: -1.5em;\">Je leg\u00e1ln\u00ed z\u00edskat los online a dostanu skute\u010dn\u011b v\u00fdplatu?\u00a0 <a href=\"https:\/\/jackpotlotteryonline.com\/cs\/je-legalni-hrat-loterie-z-jinych-zemi-online\"> P\u0159e\u010dt\u011bte si v\u00edce<\/a><\/p>\n<\/div>\n<\/div>\n<\/section>\n<h2>Slu\u017eba online tiket\u016f<\/h2>\n<p><img loading=\"lazy\" decoding=\"async\" class=\"wp-image-17843 aligncenter\" src=\"https:\/\/jackpotlotteryonline.com\/wp-content\/uploads\/2022\/10\/Lotto-draw-calendar-UTC-300x50.jpg\" alt=\"\u010casy losov\u00e1n\u00ed loterie\" width=\"684\" height=\"114\" srcset=\"https:\/\/jackpotlotteryonline.com\/wp-content\/uploads\/2022\/10\/Lotto-draw-calendar-UTC-300x50.jpg 300w, https:\/\/jackpotlotteryonline.com\/wp-content\/uploads\/2022\/10\/Lotto-draw-calendar-UTC-600x101.jpg 600w, https:\/\/jackpotlotteryonline.com\/wp-content\/uploads\/2022\/10\/Lotto-draw-calendar-UTC-1024x172.jpg 1024w, https:\/\/jackpotlotteryonline.com\/wp-content\/uploads\/2022\/10\/Lotto-draw-calendar-UTC-768x129.jpg 768w, https:\/\/jackpotlotteryonline.com\/wp-content\/uploads\/2022\/10\/Lotto-draw-calendar-UTC.jpg 1287w\" sizes=\"auto, (max-width: 684px) 100vw, 684px\" \/><br \/>\nFunguje to takto: Nab\u00edz\u00edme kur\u00fdrn\u00ed slu\u017ebu pro mezin\u00e1rodn\u00ed losy. Kliknut\u00edm na jeden z banner\u016f v\u00fd\u0161e si vyberete loterii, kterou chcete hr\u00e1t online. Pot\u00e9 si vyberete \u010d\u00edsla online. Pokud byste si rad\u011bji nechali \u010d\u00edsla loterie vybrat gener\u00e1torem n\u00e1hodn\u00fdch \u010d\u00edsel, m\u016f\u017eete to ud\u011blat tak\u00e9. Jakmile se rozhodnete pro sv\u00e1 \u010d\u00edsla, zaregistrujte si \u00fa\u010det a zvolte zp\u016fsob platby za sv\u016fj los. K dispozici je n\u011bkolik bezpe\u010dn\u00fdch platebn\u00edch metod.<\/p>\n<p>Na\u0161i agenti pak los koup\u00ed za v\u00e1s a za\u0161lou v\u00e1m potvrzovac\u00ed e-mail jako d\u016fkaz o n\u00e1kupu. Naskenovan\u00e1 kopie va\u0161eho losu se kr\u00e1tce po n\u00e1kupu zobraz\u00ed na va\u0161em \u00fa\u010dtu.<\/p>\n<h2>V\u00fdhody hran\u00ed mezin\u00e1rodn\u00edch loteri\u00ed online<\/h2>\n<ul>\n<li>V\u011bt\u0161\u00ed v\u00fdb\u011br &#8211; m\u00edsto toho, abyste byli nuceni hr\u00e1t m\u00edstn\u00ed loterii bez ohledu na to, jak velk\u00fd je aktu\u00e1ln\u00ed jackpot, m\u016f\u017eete si vybrat z v\u00edce loteri\u00ed.<\/li>\n<li>Lep\u0161\u00ed pom\u011br ceny a v\u00fdkonu &#8211; m\u00edsto toho, abyste nap\u0159\u00edklad zaplatili 2 EUR za tiket, kter\u00fd m\u016f\u017ee vyhr\u00e1t 1 milion EUR, m\u016f\u017eete hr\u00e1t o Mega-Jackpot ve v\u00fd\u0161i 100 milion\u016f EUR nebo mnohem v\u00edce. I kdy\u017e za tento v\u011bt\u0161\u00ed los zaplat\u00edte vy\u0161\u0161\u00ed cenu, z matematick\u00e9ho hlediska budou va\u0161e pen\u00edze l\u00e9pe vynalo\u017eeny na hru o v\u011bt\u0161\u00ed odm\u011bnu.<\/li>\n<li>Pohodl\u00ed &#8211; pro tiket u\u017e nemus\u00edte vych\u00e1zet z domu. Tiket si m\u016f\u017eete koupit z domova nebo k hran\u00ed loterie pou\u017e\u00edt mobiln\u00ed telefon.<\/li>\n<li>Bezpe\u010dnost &#8211; online los nelze ztratit, stejn\u011b jako fyzick\u00fd los. Va\u0161e losy jsou bezpe\u010dn\u011b ulo\u017eeny ve va\u0161em online \u00fa\u010dtu.<\/li>\n<\/ul>\n<h2>Kdy se losov\u00e1n\u00ed v\u0161ech t\u011bchto loteri\u00ed konaj\u00ed?<\/h2>\n<p>Pod\u00edvejte se na obr\u00e1zek n\u00ed\u017ee. Zobrazuje p\u0159ehled dn\u016f v t\u00fddnu, kdy prob\u00edhaj\u00ed losov\u00e1n\u00ed nejv\u011bt\u0161\u00edch loteri\u00ed.<\/p>\n<h2>Co kdy\u017e vyhrajete v loterii?<\/h2>\n<p>Pokud vyhrajete, za\u0161leme v\u00e1m e-mailov\u00e9 ozn\u00e1men\u00ed o va\u0161\u00ed v\u00fdh\u0159e. Nikdy se v\u00e1m nem\u016f\u017ee st\u00e1t, \u017ee byste v\u00fdhru zme\u0161kali nebo sv\u016fj tiket ztratili. V\u00e1\u0161 n\u00e1rok zpracujeme tak, \u017ee p\u0159ed\u00e1me va\u0161i \u017e\u00e1dost o v\u00fdplatu loterijn\u00ed spole\u010dnosti, kter\u00e1 v\u00e1m n\u00e1sledn\u011b vystav\u00ed \u0161ek nebo p\u0159evede v\u00fdhru na v\u00e1\u0161 bankovn\u00ed \u00fa\u010det. Pokud vyhrajete velk\u00fd jackpot, m\u016f\u017eete b\u00fdt v n\u011bkter\u00fdch p\u0159\u00edpadech vyzv\u00e1ni, abyste se osobn\u011b dostavili do s\u00eddla loterie. To nen\u00ed probl\u00e9m, \u017ee?<\/p>\n<p>Men\u0161\u00ed v\u00fdhry do 2500 eur budou ihned p\u0159ips\u00e1ny na v\u00e1\u0161 hr\u00e1\u010dsk\u00fd \u00fa\u010det a vy si je m\u016f\u017eete nechat vyplatit nebo je pou\u017e\u00edt na n\u00e1kup dal\u0161\u00edch los\u016f.<\/p>\n<p><strong>Takto to funguje. Jste p\u0159ipraveni na velk\u00e9 v\u00fdhry? Po\u0159i\u010fte si tikety je\u0161t\u011b dnes!<\/strong><\/p>\n","protected":false},"excerpt":{"rendered":"<p>Hr\u00e1t lotto online a zv\u00fd\u0161it sv\u00e9 \u0161ance Uk\u00e1\u017eeme v\u00e1m zp\u016fsoby, jak snadno hr\u00e1t lotto online &#8211; o V\u0160ECHNY ty obrovsk\u00e9 jackpoty, o loterie nejen ve va\u0161\u00ed zemi, ale v\u0161ude na sv\u011bt\u011b. Va\u0161e n\u00e1rodn\u00ed loterie nem\u00e1 atraktivn\u00ed losy? To u\u017e nen\u00ed probl\u00e9m, sta\u010d\u00ed si j\u00edt pro opravdu velk\u00e9 v\u00fdhry. Nepl\u00fdtvejte pen\u011bzi na mal\u00e9 v\u00fdhry &#8211; existuj\u00ed [&hellip;]<\/p>\n","protected":false},"author":1,"featured_media":0,"parent":0,"menu_order":1,"comment_status":"closed","ping_status":"closed","template":"lotto.php","meta":{"_et_pb_use_builder":"","_et_pb_old_content":"","_et_gb_content_width":"","exclude_from_search":false,"footnotes":""},"class_list":["post-25869","page","type-page","status-publish","hentry"],"yoast_head":"<!-- This site is optimized with the Yoast SEO plugin v23.3 - https:\/\/yoast.com\/wordpress\/plugins\/seo\/ -->\n<title>Hrajte Lotto online - vylu\u0161t\u011bte jackpoty mezin\u00e1rodn\u00ed loterie!<\/title>\n<meta name=\"description\" content=\"Po\u0159i\u010fte si los na loterijn\u00ed jackpoty po cel\u00e9m sv\u011bt\u011b - hrajte je v\u0161echny online a vyhrajte miliony.\" \/>\n<meta name=\"robots\" content=\"index, follow, max-snippet:-1, max-image-preview:large, max-video-preview:-1\" \/>\n<link rel=\"canonical\" href=\"https:\/\/jackpotlotteryonline.com\/cs\/\" \/>\n<meta property=\"og:locale\" content=\"cs_CZ\" \/>\n<meta property=\"og:type\" content=\"article\" \/>\n<meta property=\"og:title\" content=\"Hrajte Lotto online - vylu\u0161t\u011bte jackpoty mezin\u00e1rodn\u00ed loterie!\" \/>\n<meta property=\"og:description\" content=\"Po\u0159i\u010fte si los na loterijn\u00ed jackpoty po cel\u00e9m sv\u011bt\u011b - hrajte je v\u0161echny online a vyhrajte miliony.\" \/>\n<meta property=\"og:url\" content=\"https:\/\/jackpotlotteryonline.com\/cs\/\" \/>\n<meta property=\"og:site_name\" content=\"Lotto Online - Crack The International Lottery Jackpots\" \/>\n<meta property=\"article:modified_time\" content=\"2023-01-06T10:48:33+00:00\" \/>\n<meta property=\"og:image\" content=\"https:\/\/jackpotlotteryonline.com\/wp-content\/uploads\/2022\/10\/ticket_balls.jpg\" \/>\n<meta name=\"twitter:card\" content=\"summary_large_image\" \/>\n<meta name=\"twitter:label1\" content=\"Odhadovan\u00e1 doba \u010dten\u00ed\" \/>\n\t<meta name=\"twitter:data1\" content=\"4 minuty\" \/>\n<!-- \/ Yoast SEO plugin. -->","yoast_head_json":{"title":"Hrajte Lotto online - vylu\u0161t\u011bte jackpoty mezin\u00e1rodn\u00ed loterie!","description":"Po\u0159i\u010fte si los na loterijn\u00ed jackpoty po cel\u00e9m sv\u011bt\u011b - hrajte je v\u0161echny online a vyhrajte miliony.","robots":{"index":"index","follow":"follow","max-snippet":"max-snippet:-1","max-image-preview":"max-image-preview:large","max-video-preview":"max-video-preview:-1"},"canonical":"https:\/\/jackpotlotteryonline.com\/cs\/","og_locale":"cs_CZ","og_type":"article","og_title":"Hrajte Lotto online - vylu\u0161t\u011bte jackpoty mezin\u00e1rodn\u00ed loterie!","og_description":"Po\u0159i\u010fte si los na loterijn\u00ed jackpoty po cel\u00e9m sv\u011bt\u011b - hrajte je v\u0161echny online a vyhrajte miliony.","og_url":"https:\/\/jackpotlotteryonline.com\/cs\/","og_site_name":"Lotto Online - Crack The International Lottery Jackpots","article_modified_time":"2023-01-06T10:48:33+00:00","og_image":[{"url":"https:\/\/jackpotlotteryonline.com\/wp-content\/uploads\/2022\/10\/ticket_balls.jpg"}],"twitter_card":"summary_large_image","twitter_misc":{"Odhadovan\u00e1 doba \u010dten\u00ed":"4 minuty"},"schema":{"@context":"https:\/\/schema.org","@graph":[{"@type":"WebPage","@id":"https:\/\/jackpotlotteryonline.com\/cs\/","url":"https:\/\/jackpotlotteryonline.com\/cs\/","name":"Hrajte Lotto online - vylu\u0161t\u011bte jackpoty mezin\u00e1rodn\u00ed loterie!","isPartOf":{"@id":"https:\/\/jackpotlotteryonline.com\/#website"},"primaryImageOfPage":{"@id":"https:\/\/jackpotlotteryonline.com\/cs\/#primaryimage"},"image":{"@id":"https:\/\/jackpotlotteryonline.com\/cs\/#primaryimage"},"thumbnailUrl":"https:\/\/jackpotlotteryonline.com\/wp-content\/uploads\/2022\/10\/ticket_balls.jpg","datePublished":"2022-11-01T06:32:04+00:00","dateModified":"2023-01-06T10:48:33+00:00","description":"Po\u0159i\u010fte si los na loterijn\u00ed jackpoty po cel\u00e9m sv\u011bt\u011b - hrajte je v\u0161echny online a vyhrajte miliony.","breadcrumb":{"@id":"https:\/\/jackpotlotteryonline.com\/cs\/#breadcrumb"},"inLanguage":"cs","potentialAction":[{"@type":"ReadAction","target":["https:\/\/jackpotlotteryonline.com\/cs\/"]}]},{"@type":"ImageObject","inLanguage":"cs","@id":"https:\/\/jackpotlotteryonline.com\/cs\/#primaryimage","url":"https:\/\/jackpotlotteryonline.com\/wp-content\/uploads\/2022\/10\/ticket_balls.jpg","contentUrl":"https:\/\/jackpotlotteryonline.com\/wp-content\/uploads\/2022\/10\/ticket_balls.jpg"},{"@type":"BreadcrumbList","@id":"https:\/\/jackpotlotteryonline.com\/cs\/#breadcrumb","itemListElement":[{"@type":"ListItem","position":1,"name":"Home","item":"https:\/\/jackpotlotteryonline.com\/cs\/"},{"@type":"ListItem","position":2,"name":"Home"}]},{"@type":"WebSite","@id":"https:\/\/jackpotlotteryonline.com\/#website","url":"https:\/\/jackpotlotteryonline.com\/","name":"Lotto Online - Crack The International Lottery Jackpots","description":"","potentialAction":[{"@type":"SearchAction","target":{"@type":"EntryPoint","urlTemplate":"https:\/\/jackpotlotteryonline.com\/?s={search_term_string}"},"query-input":"required name=search_term_string"}],"inLanguage":"cs"}]}},"_links":{"self":[{"href":"https:\/\/jackpotlotteryonline.com\/cs\/wp-json\/wp\/v2\/pages\/25869","targetHints":{"allow":["GET"]}}],"collection":[{"href":"https:\/\/jackpotlotteryonline.com\/cs\/wp-json\/wp\/v2\/pages"}],"about":[{"href":"https:\/\/jackpotlotteryonline.com\/cs\/wp-json\/wp\/v2\/types\/page"}],"author":[{"embeddable":true,"href":"https:\/\/jackpotlotteryonline.com\/cs\/wp-json\/wp\/v2\/users\/1"}],"replies":[{"embeddable":true,"href":"https:\/\/jackpotlotteryonline.com\/cs\/wp-json\/wp\/v2\/comments?post=25869"}],"version-history":[{"count":0,"href":"https:\/\/jackpotlotteryonline.com\/cs\/wp-json\/wp\/v2\/pages\/25869\/revisions"}],"wp:attachment":[{"href":"https:\/\/jackpotlotteryonline.com\/cs\/wp-json\/wp\/v2\/media?parent=25869"}],"curies":[{"name":"wp","href":"https:\/\/api.w.org\/{rel}","templated":true}]}}