{"id":35538,"date":"2022-11-01T10:15:23","date_gmt":"2022-11-01T10:15:23","guid":{"rendered":"https:\/\/jackpotlotteryonline.com\/?page_id=35538"},"modified":"2022-12-19T06:28:10","modified_gmt":"2022-12-19T06:28:10","slug":"jak-hrat","status":"publish","type":"page","link":"https:\/\/jackpotlotteryonline.com\/cs\/jak-hrat\/","title":{"rendered":"Jak hr\u00e1t"},"content":{"rendered":"<h2>Online loterie Ud\u00e1losti a hry<\/h2>\n<p>Chcete m\u00edt \u0161anci st\u00e1t se milion\u00e1\u0159em? Pokud ano, pak se p\u0159idejte k milion\u016fm lid\u00ed na cel\u00e9m sv\u011bt\u011b a za\u010dn\u011bte hr\u00e1t loterii online. Bez ohledu na to, kde se nach\u00e1z\u00edte, a\u0165 u\u017e ve Spojen\u00fdch st\u00e1tech, Velk\u00e9 Brit\u00e1nii, Austr\u00e1lii nebo na Nov\u00e9m Z\u00e9landu, m\u016f\u017eete si vybrat z mnoha r\u016fzn\u00fdch typ\u016f mezin\u00e1rodn\u00edch loteri\u00ed hrateln\u00fdch online, z nich\u017e v\u0161echny maj\u00ed vysok\u00e9 jackpoty, kter\u00e9 m\u016f\u017eete m\u00edt \u0161anci vyhr\u00e1t.<br \/>\n<img loading=\"lazy\" decoding=\"async\" class=\"size-full wp-image-17816 alignright\" src=\"https:\/\/jackpotlotteryonline.com\/wp-content\/uploads\/2022\/10\/lotteryticket.jpg\" alt=\"Hrajte loterii online\" width=\"212\" height=\"142\" \/><\/p>\n<p>Za\u010d\u00edt hr\u00e1t lotto online je velmi jednoduch\u00e9. Jednou z prvn\u00edch v\u011bc\u00ed, kter\u00e9 mus\u00edte ud\u011blat, je nav\u0161t\u00edvit na\u0161e webov\u00e9 str\u00e1nky a prohl\u00e9dnout si r\u016fzn\u00e9 loterie, kter\u00e9 jsou k dispozici. To m\u016f\u017eete snadno ud\u011blat tak, \u017ee si vyberete jednu nebo n\u011bkolik z uveden\u00fdch loteri\u00ed, z nich\u017e n\u011bkter\u00e9 zahrnuj\u00ed El Gordo Lottery, UK National Lottery, Thunderball Lotto, New York Lottery a mnoho dal\u0161\u00edch.<\/p>\n<p>Pr\u00e1v\u011b v r\u00e1mci ka\u017ed\u00e9ho typu loterie budete moci zjistit v\u0161e, co pot\u0159ebujete v\u011bd\u011bt. Pot\u00e9 m\u016f\u017eete vyu\u017e\u00edt na\u0161i slu\u017ebu a <a href=\"https:\/\/jackpotlotteryonline.com\/cs\/buy-tickets\">koupit si tiket online<\/a>.<\/p>\n<p>Z popisu ka\u017ed\u00e9 loterie se dozv\u00edte podrobnosti, jako nap\u0159\u00edklad jak\u00e1 je aktu\u00e1ln\u00ed v\u00fd\u0161e jackpotu, od jak\u00e9 v\u00fd\u0161e za\u010d\u00edn\u00e1 po v\u00fdh\u0159e, a tak\u00e9 kolik \u010d\u00edsel mus\u00edte uhodnout, abyste vyhr\u00e1li hlavn\u00ed v\u00fdhru, a jak\u00e9 jsou dal\u0161\u00ed v\u00fdhern\u00ed \u00farovn\u011b. U jednotliv\u00fdch typ\u016f loteri\u00ed se tak\u00e9 dozv\u00edte informace, nap\u0159\u00edklad kolik let mus\u00edte m\u00edt, abyste mohli hr\u00e1t online loterie, a tak\u00e9 to, v jak\u00e9 dny a \u010dasy se losov\u00e1n\u00ed konaj\u00ed.<\/p>\n<section class=\"layout\" style=\"border: solid 1px; width: 100%;\">\n<div class=\"img-div\" style=\"margin-top: 5px;\"><img decoding=\"async\" class=\"wp-image-17212 alignleft\" style=\"height: 45px; margin: 8px 8px 0px;\" src=\"https:\/\/jackpotlotteryonline.com\/wp-content\/uploads\/2022\/11\/read1.jpg\" alt=\"jak hr\u00e1t\" width=\"\" height=\"\" \/><\/div>\n<div style=\"padding-left: 5px;\">\n<div style=\"font-size: 1.1em;\">\n<p><strong>N\u011bkolik trik\u016f a tip\u016f pro v\u00fdb\u011br \u010d\u00edsel<\/strong><\/p>\n<p style=\"font-size: 0.85em; margin-top: -1.5em;\">Zvy\u0161te sv\u00e9 \u0161ance na v\u00fdhru &#8211; pou\u017eijte ur\u010ditou strategii pro v\u00fdb\u011br \u010d\u00edsel.<a href=\"https:\/\/jackpotlotteryonline.com\/cs\/a-nekolik-triku-a-tipu-na-vyber-losovacich-cisel \"> P\u0159e\u010dt\u011bte si v\u00edce<\/a><\/p>\n<\/div>\n<\/div>\n<\/section>\n<h2>Mezin\u00e1rodn\u00ed lotto<\/h2>\n<p>Abyste maximalizovali sv\u00e9 \u0161ance na v\u00fdhru co nejvy\u0161\u0161\u00edho jackpotu, zjist\u00edte, jak\u00e9 jsou aktu\u00e1ln\u00ed jackpoty. To znamen\u00e1, \u017ee si strategicky vyberete, kter\u00e9 loterijn\u00ed hry budete hr\u00e1t online, a zvol\u00edte si ty s nejvy\u0161\u0161\u00edmi dostupn\u00fdmi jackpoty.<\/p>\n<p>Budete tak\u00e9 moci hr\u00e1t n\u011bkolik loterijn\u00edch her online. To znamen\u00e1, \u017ee nemus\u00edte vsadit tiket pouze na jeden typ loterie, ale m\u016f\u017eete hr\u00e1t r\u016fzn\u00e9 typy, pokud chcete, sou\u010dasn\u011b. Pokud chcete, m\u016f\u017eete nap\u0159\u00edklad hr\u00e1t sou\u010dasn\u011b americkou a britskou loterii, co\u017e v\u00fdrazn\u011b zv\u00fd\u0161\u00ed va\u0161e \u0161ance na z\u00edsk\u00e1n\u00ed pen\u011b\u017en\u00ed v\u00fdhry.<br \/>\n<img loading=\"lazy\" decoding=\"async\" class=\"alignright size-full wp-image-18329\" src=\"https:\/\/jackpotlotteryonline.com\/wp-content\/uploads\/2022\/10\/ticket_numbers_pick.jpg\" alt=\"Loterijn\u00ed tiket online\" width=\"212\" height=\"142\" \/><\/p>\n<p>Krom\u011b toho, \u017ee m\u016f\u017eete hr\u00e1t mezin\u00e1rodn\u00ed loterijn\u00ed hry online bez ohledu na to, kde se nach\u00e1z\u00edte, budete si tak\u00e9 moci zkontrolovat v\u00fdsledky loterijn\u00edch her. V\u0161echny <a href=\"https:\/\/jackpotlotteryonline.com\/cs\/vyherni-cisla\">v\u00fdsledky ka\u017ed\u00e9 loterijn\u00ed<\/a> hry bez ohledu na to, o kterou se jedn\u00e1, budou m\u00edt v\u00fdsledky aktualizovan\u00e9 online v re\u00e1ln\u00e9m \u010dase. To znamen\u00e1, \u017ee jakmile prob\u011bhne losov\u00e1n\u00ed loterie, kterou jste si vybrali ke h\u0159e, budou v\u00fdsledky k dispozici velmi rychle pot\u00e9.<\/p>\n<p>Najdete zde tak\u00e9 podrobnosti o tom, jak p\u0159esn\u011b hr\u00e1t jednotliv\u00e9 loterijn\u00ed hry online. Nikdy nap\u0159\u00edklad nem\u016f\u017eete vybrat p\u0159\u00edli\u0161 m\u00e1lo nebo p\u0159\u00edli\u0161 mnoho \u010d\u00edsel &#8211; n\u00e1\u0161 tiketov\u00fd syst\u00e9m v\u00e1m zobraz\u00ed zpr\u00e1vu, kdykoli se takov\u00e9 chyby dopust\u00edte, a uk\u00e1\u017ee v\u00e1m, jak ji napravit.<\/p>\n<p>Proto i kdy\u017e jste v minulosti nikdy nehr\u00e1li loterii ur\u010dit\u00e9 zem\u011b, budete m\u00edt v\u0161echny podrobnosti snadno k dispozici a budete hr\u00e1t, jako byste byli profesion\u00e1lov\u00e9!<\/p>\n<p>&nbsp;<\/p>\n","protected":false},"excerpt":{"rendered":"<p>Online loterie Ud\u00e1losti a hry Chcete m\u00edt \u0161anci st\u00e1t se milion\u00e1\u0159em? Pokud ano, pak se p\u0159idejte k milion\u016fm lid\u00ed na cel\u00e9m sv\u011bt\u011b a za\u010dn\u011bte hr\u00e1t loterii online. Bez ohledu na to, kde se nach\u00e1z\u00edte, a\u0165 u\u017e ve Spojen\u00fdch st\u00e1tech, Velk\u00e9 Brit\u00e1nii, Austr\u00e1lii nebo na Nov\u00e9m Z\u00e9landu, m\u016f\u017eete si vybrat z mnoha r\u016fzn\u00fdch typ\u016f mezin\u00e1rodn\u00edch loteri\u00ed [&hellip;]<\/p>\n","protected":false},"author":1,"featured_media":0,"parent":0,"menu_order":2,"comment_status":"closed","ping_status":"closed","template":"Play-all.php","meta":{"_et_pb_use_builder":"","_et_pb_old_content":"","_et_gb_content_width":"","exclude_from_search":false,"footnotes":""},"class_list":["post-35538","page","type-page","status-publish","hentry"],"yoast_head":"<!-- This site is optimized with the Yoast SEO plugin v23.3 - https:\/\/yoast.com\/wordpress\/plugins\/seo\/ -->\n<title>Mohu se \u00fa\u010dastnit mezin\u00e1rodn\u00edch loterijn\u00edch ud\u00e1lost\u00ed online?<\/title>\n<meta name=\"description\" content=\"Nemus\u00edte b\u00fdt rezidentem, abyste se mohli \u00fa\u010dastnit loterijn\u00edch jackpot\u016f v jak\u00e9koli zemi\" \/>\n<meta name=\"robots\" content=\"index, follow, max-snippet:-1, max-image-preview:large, max-video-preview:-1\" \/>\n<link rel=\"canonical\" href=\"https:\/\/jackpotlotteryonline.com\/play-online\/\" \/>\n<meta property=\"og:locale\" content=\"cs_CZ\" \/>\n<meta property=\"og:type\" content=\"article\" \/>\n<meta property=\"og:title\" content=\"Mohu se \u00fa\u010dastnit mezin\u00e1rodn\u00edch loterijn\u00edch ud\u00e1lost\u00ed online?\" \/>\n<meta property=\"og:description\" content=\"Nemus\u00edte b\u00fdt rezidentem, abyste se mohli \u00fa\u010dastnit loterijn\u00edch jackpot\u016f v jak\u00e9koli zemi\" \/>\n<meta property=\"og:url\" content=\"https:\/\/jackpotlotteryonline.com\/play-online\/\" \/>\n<meta property=\"og:site_name\" content=\"Lotto Online - Crack The International Lottery Jackpots\" \/>\n<meta property=\"article:modified_time\" content=\"2022-12-19T06:28:10+00:00\" \/>\n<meta property=\"og:image\" content=\"https:\/\/jackpotlotteryonline.com\/wp-content\/uploads\/2022\/10\/lotteryticket.jpg\" \/>\n<meta name=\"twitter:card\" content=\"summary_large_image\" \/>\n<meta name=\"twitter:label1\" content=\"Odhadovan\u00e1 doba \u010dten\u00ed\" \/>\n\t<meta name=\"twitter:data1\" content=\"3 minuty\" \/>\n<!-- \/ Yoast SEO plugin. -->","yoast_head_json":{"title":"Mohu se \u00fa\u010dastnit mezin\u00e1rodn\u00edch loterijn\u00edch ud\u00e1lost\u00ed online?","description":"Nemus\u00edte b\u00fdt rezidentem, abyste se mohli \u00fa\u010dastnit loterijn\u00edch jackpot\u016f v jak\u00e9koli zemi","robots":{"index":"index","follow":"follow","max-snippet":"max-snippet:-1","max-image-preview":"max-image-preview:large","max-video-preview":"max-video-preview:-1"},"canonical":"https:\/\/jackpotlotteryonline.com\/play-online\/","og_locale":"cs_CZ","og_type":"article","og_title":"Mohu se \u00fa\u010dastnit mezin\u00e1rodn\u00edch loterijn\u00edch ud\u00e1lost\u00ed online?","og_description":"Nemus\u00edte b\u00fdt rezidentem, abyste se mohli \u00fa\u010dastnit loterijn\u00edch jackpot\u016f v jak\u00e9koli zemi","og_url":"https:\/\/jackpotlotteryonline.com\/play-online\/","og_site_name":"Lotto Online - Crack The International Lottery Jackpots","article_modified_time":"2022-12-19T06:28:10+00:00","og_image":[{"url":"https:\/\/jackpotlotteryonline.com\/wp-content\/uploads\/2022\/10\/lotteryticket.jpg"}],"twitter_card":"summary_large_image","twitter_misc":{"Odhadovan\u00e1 doba \u010dten\u00ed":"3 minuty"},"schema":{"@context":"https:\/\/schema.org","@graph":[{"@type":"WebPage","@id":"https:\/\/jackpotlotteryonline.com\/play-online\/","url":"https:\/\/jackpotlotteryonline.com\/play-online\/","name":"Mohu se \u00fa\u010dastnit mezin\u00e1rodn\u00edch loterijn\u00edch ud\u00e1lost\u00ed online?","isPartOf":{"@id":"https:\/\/jackpotlotteryonline.com\/#website"},"primaryImageOfPage":{"@id":"https:\/\/jackpotlotteryonline.com\/play-online\/#primaryimage"},"image":{"@id":"https:\/\/jackpotlotteryonline.com\/play-online\/#primaryimage"},"thumbnailUrl":"https:\/\/jackpotlotteryonline.com\/wp-content\/uploads\/2022\/10\/lotteryticket.jpg","datePublished":"2022-11-01T10:15:23+00:00","dateModified":"2022-12-19T06:28:10+00:00","description":"Nemus\u00edte b\u00fdt rezidentem, abyste se mohli \u00fa\u010dastnit loterijn\u00edch jackpot\u016f v jak\u00e9koli zemi","breadcrumb":{"@id":"https:\/\/jackpotlotteryonline.com\/play-online\/#breadcrumb"},"inLanguage":"cs","potentialAction":[{"@type":"ReadAction","target":["https:\/\/jackpotlotteryonline.com\/play-online\/"]}]},{"@type":"ImageObject","inLanguage":"cs","@id":"https:\/\/jackpotlotteryonline.com\/play-online\/#primaryimage","url":"https:\/\/jackpotlotteryonline.com\/wp-content\/uploads\/2022\/10\/lotteryticket.jpg","contentUrl":"https:\/\/jackpotlotteryonline.com\/wp-content\/uploads\/2022\/10\/lotteryticket.jpg"},{"@type":"BreadcrumbList","@id":"https:\/\/jackpotlotteryonline.com\/play-online\/#breadcrumb","itemListElement":[{"@type":"ListItem","position":1,"name":"Home","item":"https:\/\/jackpotlotteryonline.com\/cs\/"},{"@type":"ListItem","position":2,"name":"Jak hr\u00e1t"}]},{"@type":"WebSite","@id":"https:\/\/jackpotlotteryonline.com\/#website","url":"https:\/\/jackpotlotteryonline.com\/","name":"Lotto Online - Crack The International Lottery Jackpots","description":"","potentialAction":[{"@type":"SearchAction","target":{"@type":"EntryPoint","urlTemplate":"https:\/\/jackpotlotteryonline.com\/?s={search_term_string}"},"query-input":"required name=search_term_string"}],"inLanguage":"cs"}]}},"_links":{"self":[{"href":"https:\/\/jackpotlotteryonline.com\/cs\/wp-json\/wp\/v2\/pages\/35538","targetHints":{"allow":["GET"]}}],"collection":[{"href":"https:\/\/jackpotlotteryonline.com\/cs\/wp-json\/wp\/v2\/pages"}],"about":[{"href":"https:\/\/jackpotlotteryonline.com\/cs\/wp-json\/wp\/v2\/types\/page"}],"author":[{"embeddable":true,"href":"https:\/\/jackpotlotteryonline.com\/cs\/wp-json\/wp\/v2\/users\/1"}],"replies":[{"embeddable":true,"href":"https:\/\/jackpotlotteryonline.com\/cs\/wp-json\/wp\/v2\/comments?post=35538"}],"version-history":[{"count":0,"href":"https:\/\/jackpotlotteryonline.com\/cs\/wp-json\/wp\/v2\/pages\/35538\/revisions"}],"wp:attachment":[{"href":"https:\/\/jackpotlotteryonline.com\/cs\/wp-json\/wp\/v2\/media?parent=35538"}],"curies":[{"name":"wp","href":"https:\/\/api.w.org\/{rel}","templated":true}]}}