{"id":35740,"date":"2022-11-01T12:33:06","date_gmt":"2022-11-01T12:33:06","guid":{"rendered":"https:\/\/jackpotlotteryonline.com\/?page_id=35740"},"modified":"2022-12-19T10:11:12","modified_gmt":"2022-12-19T10:11:12","slug":"koupit-vstupenky","status":"publish","type":"page","link":"https:\/\/jackpotlotteryonline.com\/cs\/koupit-vstupenky\/","title":{"rendered":"Jak koupit losy online"},"content":{"rendered":"<p>N\u00e1kup los\u016f online se v sou\u010dasn\u00e9 dob\u011b stal velmi popul\u00e1rn\u00ed. Fanou\u0161ci loterie z cel\u00e9ho sv\u011bta vyu\u017e\u00edvaj\u00ed na\u0161e online slu\u017eby pro n\u00e1kup los\u016f. A existuje pro to mnoho dobr\u00fdch d\u016fvod\u016f.<\/p>\n<p>Pro n\u011bkter\u00e9 hr\u00e1\u010de loterie je to jedin\u00fd zp\u016fsob, jak si losy v\u016fbec koupit, proto\u017ee v zemi jejich bydli\u0161t\u011b nen\u00ed loterie k dispozici. Hledaj\u00ed tedy zp\u016fsoby, jak m\u00edt \u0161anci vyhr\u00e1t velk\u00e9 mno\u017estv\u00ed pen\u011bz, a za t\u00edmto \u00fa\u010delem se d\u00edvaj\u00ed na loterie v jin\u00fdch zem\u00edch. A na na\u0161ich webov\u00fdch str\u00e1nk\u00e1ch si m\u016f\u017eete vybrat z mnoha loterijn\u00edch jackpot\u016f.<\/p>\n<p>Jin\u00ed fanou\u0161ci loterie sice maj\u00ed loterie ve sv\u00fdch zem\u00edch, ale ty pro n\u011b nemus\u00ed b\u00fdt tak atraktivn\u00ed. \u010casto maj\u00ed tyto m\u00edstn\u00ed loterie men\u0161\u00ed hlavn\u00ed ceny a jackpoty nebo se hraj\u00ed pouze jednou t\u00fddn\u011b. Hr\u00e1\u010di tak budou hledat jin\u00e9,<a href=\"https:\/\/jackpotlotteryonline.com\/cs\/jak-hrat\"> lukrativn\u011bj\u0161\u00ed mo\u017enosti.<\/a><\/p>\n<h2>Vy\u0161\u0161\u00ed v\u00fdhry nab\u00edzen\u00e9 loteriemi v jin\u00fdch zem\u00edch<\/h2>\n<p><img loading=\"lazy\" decoding=\"async\" class=\"alignright wp-image-17212\" src=\"http:\/\/jackpotlotteryonline.com\/wp-content\/uploads\/2022\/10\/1_buy_ticket_online.jpg\" alt=\"koupit loterii online\" width=\"272\" height=\"204\" \/><\/p>\n<p>Je zn\u00e1mou z\u00e1sadou, \u017ee investovat pen\u00edze do losu m\u00e1 v\u011bt\u0161\u00ed smysl, kdy\u017e jsou jackpoty velmi vysok\u00e9. Koneckonc\u016f, kdy\u017e si kupujete tiket, chcete za sv\u00e9 pen\u00edze z\u00edskat maxim\u00e1ln\u00ed hodnotu. To znamen\u00e1, \u017ee pokud je cena losu stejn\u00e1, potenci\u00e1ln\u011b vy\u0161\u0161\u00ed v\u00fdhra v\u00e1m p\u0159in\u00e1\u0161\u00ed lep\u0161\u00ed pom\u011br ceny a v\u00fdkonu.<\/p>\n<p>Ale i kdyby byl online tiket loterie, kterou chcete hr\u00e1t, dvakr\u00e1t dra\u017e\u0161\u00ed ne\u017e tiket m\u00edstn\u00ed loterie, ve v\u011bt\u0161in\u011b p\u0159\u00edpad\u016f by st\u00e1le d\u00e1valo smysl koupit si dra\u017e\u0161\u00ed online tiket. Pokud je mo\u017en\u00fd jackpot v\u00edce ne\u017e dvakr\u00e1t vy\u0161\u0161\u00ed ne\u017e jackpot va\u0161\u00ed m\u00edstn\u00ed loterie, pak jsou va\u0161e matematick\u00e9 \u0161ance na v\u00fdhru vy\u0161\u0161\u00ed u loterie, na kterou si mus\u00edte koupit online tiket.<\/p>\n<h2>N\u011bkde na sv\u011bt\u011b se v\u017edy objev\u00ed velk\u00fd jackpot<\/h2>\n<p>A to je hlavn\u00ed d\u016fvod, pro\u010d si koupit losy online. Vzhledem k tomu, \u017ee prost\u0159ednictv\u00edm online los\u016f je v\u00e1m k dispozici tolik loteri\u00ed, v\u017edy najdete velk\u00fd jackpot, do kter\u00e9ho se vyplat\u00ed investovat. Ve skute\u010dnosti se velk\u00e1 \u010d\u00e1st na\u0161ich z\u00e1kazn\u00edk\u016f \u0159\u00edd\u00ed jednoduchou strategi\u00ed: Loterie, kter\u00e1 m\u00e1 v sou\u010dasn\u00e9 dob\u011b nejvy\u0161\u0161\u00ed jackpot, je loterie, na kterou si kupuj\u00ed tiket. D\u00e1v\u00e1 to smysl, \u017ee?<\/p>\n<section class=\"layout\" style=\"border: solid 1px; width: 100%;\">\n<div class=\"img-div\" style=\"margin-top: 5px;\"><img decoding=\"async\" class=\"wp-image-17212 alignleft\" style=\"height: 45px; margin: 8px 8px 0px;\" src=\"http:\/\/jackpotlotteryonline.com\/wp-content\/uploads\/2022\/11\/read1.jpg\" alt=\"pozor na podvodn\u00e9 loterie\" width=\"\" height=\"\" \/><\/div>\n<div style=\"padding-left: 5px;\">\n<div style=\"font-size: 1.1em;\">\n<p><strong>Loterijn\u00ed podvody, o kter\u00fdch byste m\u011bli v\u011bd\u011bt<\/strong><\/p>\n<p style=\"font-size: 0.85em; margin-top: -1.5em;\">Nenechte se chytit do loterijn\u00edch past\u00ed <a href=\"https:\/\/jackpotlotteryonline.com\/cs\/pozor-na-online-loterijni-podvody\">P\u0159e\u010dt\u011bte si v\u00edce<\/a><\/p>\n<\/div>\n<\/div>\n<\/section>\n<h2>Je leg\u00e1ln\u00ed koupit si tiket online na jednu z t\u011bchto loteri\u00ed?<\/h2>\n<p>Ano, je. P\u0159edstavte si, \u017ee jste n\u00e1hodou v USA a m\u00edstn\u00ed loterie Powerball m\u00e1 obrovsk\u00fd jackpot. Jdete si koupit los a ten vyhraje. Loterie v\u00e1m samoz\u0159ejm\u011b mus\u00ed vyplatit v\u00fdhru, i kdy\u017e v dob\u011b <a href=\"https:\/\/jackpotlotteryonline.com\/cs\/vyherni-cisla\">losov\u00e1n\u00ed u\u017e nejste v<\/a> zemi. Los jste si koupili leg\u00e1ln\u011b. Nez\u00e1le\u017e\u00ed na tom, zda \u017eijete nebo ne\u017eijete v USA. A stejn\u011b to funguje i u v\u0161ech ostatn\u00edch sv\u011btov\u00fdch loteri\u00ed.<br \/>\n<img loading=\"lazy\" decoding=\"async\" class=\"alignright size-medium wp-image-25854\" src=\"http:\/\/jackpotlotteryonline.com\/wp-content\/uploads\/2022\/10\/1_results_tickets_lotto-300x212.jpg\" alt=\"losy\" width=\"300\" height=\"212\" srcset=\"https:\/\/jackpotlotteryonline.com\/wp-content\/uploads\/2022\/10\/1_results_tickets_lotto-300x212.jpg 300w, https:\/\/jackpotlotteryonline.com\/wp-content\/uploads\/2022\/10\/1_results_tickets_lotto.jpg 320w\" sizes=\"auto, (max-width: 300px) 100vw, 300px\" \/><\/p>\n<p>Rozd\u00edl v na\u0161\u00ed online slu\u017eb\u011b spo\u010d\u00edv\u00e1 v tom, \u017ee skute\u010dn\u00fd los kupujeme va\u0161\u00edm jm\u00e9nem. Vy si jej objedn\u00e1te online a jeden z na\u0161ich m\u00edstn\u00edch agent\u016f pro v\u00e1s koup\u00ed fyzick\u00fd tiket. Z\u00e1rove\u0148 v\u00e1\u0161 tiket naskenuje a nahraje do va\u0161eho hr\u00e1\u010dsk\u00e9ho \u00fa\u010dtu, abyste vid\u011bli, \u017ee jsme pro v\u00e1s koupili skute\u010dn\u00fd tiket.<\/p>\n<p>Pokud vyhrajete velkou \u010d\u00e1stku, je jen na v\u00e1s, zda chcete jet do zem\u011b, kde se loterie kon\u00e1. Pokud chcete, m\u016f\u017eete si u n\u00e1s tiket vyzvednout a osobn\u011b jej p\u0159edlo\u017eit loterijn\u00ed komisi. Jak zjist\u00ed, kdo si ho koupil?<\/p>\n<p>Ale ve skute\u010dnosti to tak d\u011blat nemus\u00edte. Sou\u010d\u00e1st\u00ed na\u0161\u00ed slu\u017eby online v\u00fdhern\u00edch los\u016f toti\u017e je, \u017ee za v\u00e1s m\u016f\u017eeme vy\u0159\u00eddit i v\u00fdplatu. Zpracujeme va\u0161i v\u00fdhru a loterijn\u00ed komise v\u00e1m bu\u010f po\u0161le \u0161ek, nebo v\u00e1m v\u00fdhru p\u0159evede na bankovn\u00ed \u00fa\u010det.<\/p>\n<p>A v\u011bd\u011bli jste, \u017ee v\u0161echny men\u0161\u00ed v\u00fdhry (do 2500,00 \u20ac) budou okam\u017eit\u011b p\u0159ips\u00e1ny na v\u00e1\u0161 hr\u00e1\u010dsk\u00fd \u00fa\u010det na na\u0161ich webov\u00fdch str\u00e1nk\u00e1ch? Pro z\u00edsk\u00e1n\u00ed t\u011bchto men\u0161\u00edch v\u00fdher nemus\u00edte nic d\u011blat. A kdykoli m\u016f\u017eete po\u017e\u00e1dat o v\u00fdplatu a my v\u00e1m tyto prost\u0159edky vyplat\u00edme na v\u00e1\u0161 bankovn\u00ed \u00fa\u010det, kreditn\u00ed kartu nebo do va\u0161\u00ed pen\u011b\u017eenky s kryptom\u011bnami (pokud ji m\u00e1te).<\/p>\n<h2>Dal\u0161\u00ed v\u00fdhody n\u00e1kupu los\u016f online<\/h2>\n<p>Na\u0161e losovac\u00ed slu\u017eba m\u00e1 i dal\u0161\u00ed, zcela z\u0159ejm\u00e9 v\u00fdhody, kter\u00fdmi jsou:<\/p>\n<ul>\n<li>Pro tiket nemus\u00edte vych\u00e1zet z domu.<\/li>\n<li>\u017d\u00e1dn\u00e9 fronty u loterijn\u00edho agenta nebo v obchod\u011b (d\u016fle\u017eit\u00e9 zejm\u00e9na p\u0159i vysok\u00fdch v\u00fdhr\u00e1ch!).<\/li>\n<li>V\u00e1\u0161 tiket se nem\u016f\u017ee ztratit, proto\u017ee byl naskenov\u00e1n a je ulo\u017een v na\u0161ich zabezpe\u010den\u00fdch trezorech.<\/li>\n<\/ul>\n<p>Tak na co je\u0161t\u011b \u010dek\u00e1te? Vyberte si loterii a kupte si tikety online je\u0161t\u011b dnes &#8211; s trochou \u0161t\u011bst\u00ed m\u016f\u017eete b\u00fdt z\u00edt\u0159ej\u0161\u00edm v\u00fdhercem jackpotu!<\/p>\n","protected":false},"excerpt":{"rendered":"<p>N\u00e1kup los\u016f online se v sou\u010dasn\u00e9 dob\u011b stal velmi popul\u00e1rn\u00ed. Fanou\u0161ci loterie z cel\u00e9ho sv\u011bta vyu\u017e\u00edvaj\u00ed na\u0161e online slu\u017eby pro n\u00e1kup los\u016f. A existuje pro to mnoho dobr\u00fdch d\u016fvod\u016f. Pro n\u011bkter\u00e9 hr\u00e1\u010de loterie je to jedin\u00fd zp\u016fsob, jak si losy v\u016fbec koupit, proto\u017ee v zemi jejich bydli\u0161t\u011b nen\u00ed loterie k dispozici. Hledaj\u00ed tedy zp\u016fsoby, jak [&hellip;]<\/p>\n","protected":false},"author":1,"featured_media":0,"parent":0,"menu_order":3,"comment_status":"closed","ping_status":"closed","template":"Information.php","meta":{"_et_pb_use_builder":"","_et_pb_old_content":"","_et_gb_content_width":"","exclude_from_search":false,"footnotes":""},"class_list":["post-35740","page","type-page","status-publish","hentry"],"yoast_head":"<!-- This site is optimized with the Yoast SEO plugin v23.3 - https:\/\/yoast.com\/wordpress\/plugins\/seo\/ -->\n<title>Jak si koupit losy online pro celosv\u011btov\u00e9 loterie<\/title>\n<meta name=\"description\" content=\"Na co si d\u00e1t pozor p\u0159i n\u00e1kupu los\u016f do mezin\u00e1rodn\u00edch loteri\u00ed online. N\u011bkter\u00e9 online slu\u017eby na prodej los\u016f jsou m\u00e9n\u011b doporu\u010diteln\u00e9, zjist\u011bte, kter\u00e9.\" \/>\n<meta name=\"robots\" content=\"index, follow, max-snippet:-1, max-image-preview:large, max-video-preview:-1\" \/>\n<link rel=\"canonical\" href=\"https:\/\/jackpotlotteryonline.com\/buy-tickets\/\" \/>\n<meta property=\"og:locale\" content=\"cs_CZ\" \/>\n<meta property=\"og:type\" content=\"article\" \/>\n<meta property=\"og:title\" content=\"Jak si koupit losy online pro celosv\u011btov\u00e9 loterie\" \/>\n<meta property=\"og:description\" content=\"Na co si d\u00e1t pozor p\u0159i n\u00e1kupu los\u016f do mezin\u00e1rodn\u00edch loteri\u00ed online. N\u011bkter\u00e9 online slu\u017eby na prodej los\u016f jsou m\u00e9n\u011b doporu\u010diteln\u00e9, zjist\u011bte, kter\u00e9.\" \/>\n<meta property=\"og:url\" content=\"https:\/\/jackpotlotteryonline.com\/buy-tickets\/\" \/>\n<meta property=\"og:site_name\" content=\"Lotto Online - Crack The International Lottery Jackpots\" \/>\n<meta property=\"article:modified_time\" content=\"2022-12-19T10:11:12+00:00\" \/>\n<meta property=\"og:image\" content=\"http:\/\/jackpotlotteryonline.com\/wp-content\/uploads\/2022\/10\/1_buy_ticket_online.jpg\" \/>\n<meta name=\"twitter:card\" content=\"summary_large_image\" \/>\n<meta name=\"twitter:label1\" content=\"Odhadovan\u00e1 doba \u010dten\u00ed\" \/>\n\t<meta name=\"twitter:data1\" content=\"4 minuty\" \/>\n<!-- \/ Yoast SEO plugin. -->","yoast_head_json":{"title":"Jak si koupit losy online pro celosv\u011btov\u00e9 loterie","description":"Na co si d\u00e1t pozor p\u0159i n\u00e1kupu los\u016f do mezin\u00e1rodn\u00edch loteri\u00ed online. N\u011bkter\u00e9 online slu\u017eby na prodej los\u016f jsou m\u00e9n\u011b doporu\u010diteln\u00e9, zjist\u011bte, kter\u00e9.","robots":{"index":"index","follow":"follow","max-snippet":"max-snippet:-1","max-image-preview":"max-image-preview:large","max-video-preview":"max-video-preview:-1"},"canonical":"https:\/\/jackpotlotteryonline.com\/buy-tickets\/","og_locale":"cs_CZ","og_type":"article","og_title":"Jak si koupit losy online pro celosv\u011btov\u00e9 loterie","og_description":"Na co si d\u00e1t pozor p\u0159i n\u00e1kupu los\u016f do mezin\u00e1rodn\u00edch loteri\u00ed online. N\u011bkter\u00e9 online slu\u017eby na prodej los\u016f jsou m\u00e9n\u011b doporu\u010diteln\u00e9, zjist\u011bte, kter\u00e9.","og_url":"https:\/\/jackpotlotteryonline.com\/buy-tickets\/","og_site_name":"Lotto Online - Crack The International Lottery Jackpots","article_modified_time":"2022-12-19T10:11:12+00:00","og_image":[{"url":"http:\/\/jackpotlotteryonline.com\/wp-content\/uploads\/2022\/10\/1_buy_ticket_online.jpg"}],"twitter_card":"summary_large_image","twitter_misc":{"Odhadovan\u00e1 doba \u010dten\u00ed":"4 minuty"},"schema":{"@context":"https:\/\/schema.org","@graph":[{"@type":"WebPage","@id":"https:\/\/jackpotlotteryonline.com\/buy-tickets\/","url":"https:\/\/jackpotlotteryonline.com\/buy-tickets\/","name":"Jak si koupit losy online pro celosv\u011btov\u00e9 loterie","isPartOf":{"@id":"https:\/\/jackpotlotteryonline.com\/#website"},"primaryImageOfPage":{"@id":"https:\/\/jackpotlotteryonline.com\/buy-tickets\/#primaryimage"},"image":{"@id":"https:\/\/jackpotlotteryonline.com\/buy-tickets\/#primaryimage"},"thumbnailUrl":"http:\/\/jackpotlotteryonline.com\/wp-content\/uploads\/2022\/10\/1_buy_ticket_online.jpg","datePublished":"2022-11-01T12:33:06+00:00","dateModified":"2022-12-19T10:11:12+00:00","description":"Na co si d\u00e1t pozor p\u0159i n\u00e1kupu los\u016f do mezin\u00e1rodn\u00edch loteri\u00ed online. N\u011bkter\u00e9 online slu\u017eby na prodej los\u016f jsou m\u00e9n\u011b doporu\u010diteln\u00e9, zjist\u011bte, kter\u00e9.","breadcrumb":{"@id":"https:\/\/jackpotlotteryonline.com\/buy-tickets\/#breadcrumb"},"inLanguage":"cs","potentialAction":[{"@type":"ReadAction","target":["https:\/\/jackpotlotteryonline.com\/buy-tickets\/"]}]},{"@type":"ImageObject","inLanguage":"cs","@id":"https:\/\/jackpotlotteryonline.com\/buy-tickets\/#primaryimage","url":"http:\/\/jackpotlotteryonline.com\/wp-content\/uploads\/2022\/10\/1_buy_ticket_online.jpg","contentUrl":"http:\/\/jackpotlotteryonline.com\/wp-content\/uploads\/2022\/10\/1_buy_ticket_online.jpg"},{"@type":"BreadcrumbList","@id":"https:\/\/jackpotlotteryonline.com\/buy-tickets\/#breadcrumb","itemListElement":[{"@type":"ListItem","position":1,"name":"Home","item":"https:\/\/jackpotlotteryonline.com\/cs\/"},{"@type":"ListItem","position":2,"name":"Jak koupit losy online"}]},{"@type":"WebSite","@id":"https:\/\/jackpotlotteryonline.com\/#website","url":"https:\/\/jackpotlotteryonline.com\/","name":"Lotto Online - Crack The International Lottery Jackpots","description":"","potentialAction":[{"@type":"SearchAction","target":{"@type":"EntryPoint","urlTemplate":"https:\/\/jackpotlotteryonline.com\/?s={search_term_string}"},"query-input":"required name=search_term_string"}],"inLanguage":"cs"}]}},"_links":{"self":[{"href":"https:\/\/jackpotlotteryonline.com\/cs\/wp-json\/wp\/v2\/pages\/35740","targetHints":{"allow":["GET"]}}],"collection":[{"href":"https:\/\/jackpotlotteryonline.com\/cs\/wp-json\/wp\/v2\/pages"}],"about":[{"href":"https:\/\/jackpotlotteryonline.com\/cs\/wp-json\/wp\/v2\/types\/page"}],"author":[{"embeddable":true,"href":"https:\/\/jackpotlotteryonline.com\/cs\/wp-json\/wp\/v2\/users\/1"}],"replies":[{"embeddable":true,"href":"https:\/\/jackpotlotteryonline.com\/cs\/wp-json\/wp\/v2\/comments?post=35740"}],"version-history":[{"count":0,"href":"https:\/\/jackpotlotteryonline.com\/cs\/wp-json\/wp\/v2\/pages\/35740\/revisions"}],"wp:attachment":[{"href":"https:\/\/jackpotlotteryonline.com\/cs\/wp-json\/wp\/v2\/media?parent=35740"}],"curies":[{"name":"wp","href":"https:\/\/api.w.org\/{rel}","templated":true}]}}