{"id":35816,"date":"2022-11-02T06:34:28","date_gmt":"2022-11-02T06:34:28","guid":{"rendered":"https:\/\/jackpotlotteryonline.com\/?page_id=35816"},"modified":"2022-12-26T07:36:23","modified_gmt":"2022-12-26T07:36:23","slug":"vyherni-cisla","status":"publish","type":"page","link":"https:\/\/jackpotlotteryonline.com\/cs\/vyherni-cisla\/","title":{"rendered":"V\u00fdsledky loterie"},"content":{"rendered":"<h2>V\u00fdsledky loterie online<\/h2>\n<p>Vzhledem k tak \u0161irok\u00e9 nab\u00eddce loteri\u00ed, kter\u00e9 m\u016f\u017eete hr\u00e1t, a snadn\u00e9mu p\u0159\u00edstupu k internetu, kter\u00fd dnes v\u0161ichni m\u00e1me, d\u00e1v\u00e1 mnoho lid\u00ed p\u0159ednost rychl\u00e9 kontrole v\u00fdsledk\u016f loterie online. Pokud jste si zakoupili los, pak jist\u011b tou\u017e\u00edte zjistit, jak\u00e1 jsou v\u00fdhern\u00ed \u010d\u00edsla pro dan\u00e9 losov\u00e1n\u00ed. <strong>Nyn\u00ed si m\u016f\u017eete v\u00fdsledky mezin\u00e1rodn\u00edch jackpot\u016f loterie snadno zkontrolovat online b\u011bhem n\u011bkolika sekund.<\/strong><\/p>\n<p>Tato slu\u017eba je dostupn\u00e1 po cel\u00e9m sv\u011bt\u011b, a proto bez ohledu na to, kde se nach\u00e1z\u00edte, a\u0165 u\u017e jste na dovolen\u00e9, na slu\u017eebn\u00ed cest\u011b v zahrani\u010d\u00ed, nebo prost\u011b jen v pr\u00e1ci \u010di s p\u0159\u00e1teli, u\u017e nemus\u00edte lu\u0161tit m\u00edstn\u00ed noviny nebo \u010dekat n\u011bkolik dn\u00ed, ne\u017e se dozv\u00edte, zda jste v\u00fdhercem jackpotu. Nyn\u00ed m\u016f\u017eete jednodu\u0161e nav\u0161t\u00edvit na\u0161e webov\u00e9 str\u00e1nky, vybrat v\u00fdsledky loterie, na kterou jste vsadili, a rychle zjistit, zda jste trefili n\u011bjak\u00e9 \u010d\u00edslo.<\/p>\n<section class=\"layout\" style=\"border: solid 1px; width: 100%;\">\n<div class=\"img-div\" style=\"margin-top: 5px;\"><img decoding=\"async\" class=\"wp-image-17212 alignleft\" style=\"height: 45px; margin: 8px 8px 0px;\" src=\"https:\/\/jackpotlotteryonline.com\/wp-content\/uploads\/2022\/11\/read1.jpg\" alt=\"P\u0159e\u010dt\u011bte si\" width=\"\" height=\"\" \/><\/div>\n<div style=\"padding-left: 5px;\">\n<div style=\"font-size: 1.1em;\">\n<p><strong>Sledujte, jak se losuj\u00ed \u010d\u00edsla loterie v p\u0159\u00edm\u00e9m p\u0159enosu<\/strong><\/p>\n<p style=\"font-size: 0.85em; margin-top: -1.5em;\">Jak sledovat \u017eiv\u00e9 losov\u00e1n\u00ed va\u0161ich obl\u00edben\u00fdch loteri\u00ed\u00a0<a href=\"https:\/\/jackpotlotteryonline.com\/cs\/sledovat-vylosovana-cisla-loterie-v-primem-prenosu\"> P\u0159e\u010dt\u011bte si v\u00edce<\/a><\/p>\n<\/div>\n<\/div>\n<\/section>\n<h2>Mezin\u00e1rodn\u00ed jackpotov\u00e1 v\u00fdhern\u00ed \u010d\u00edsla loterie<\/h2>\n<p>Pod\u00edvejte se na denn\u011b aktualizovan\u00e1 \u010d\u00edsla nejv\u011bt\u0161\u00edch mezin\u00e1rodn\u00edch loteri\u00ed, kter\u00e1 tento t\u00fdden vyhr\u00e1la jackpot. Uv\u00e1d\u00edme nejlep\u0161\u00ed a nejv\u011bt\u0161\u00ed loterie na planet\u011b, v\u010detn\u011b El Gordo, Euromillions, Mega Millions, Powerball, SuperEnaLotto a mnoha dal\u0161\u00edch.<br \/>\n<img loading=\"lazy\" decoding=\"async\" class=\"alignright size-medium wp-image-19277\" src=\"https:\/\/jackpotlotteryonline.com\/wp-content\/uploads\/2022\/10\/2_ticket_powerball_au2-163x300.jpg\" alt=\"Skenov\u00e1n\u00ed loterijn\u00edho losu\" width=\"163\" height=\"300\" srcset=\"https:\/\/jackpotlotteryonline.com\/wp-content\/uploads\/2022\/10\/2_ticket_powerball_au2-163x300.jpg 163w, https:\/\/jackpotlotteryonline.com\/wp-content\/uploads\/2022\/10\/2_ticket_powerball_au2.jpg 250w\" sizes=\"auto, (max-width: 163px) 100vw, 163px\" \/><\/p>\n<p><strong>Mo\u017en\u00e1 si mysl\u00edte, \u017ee v\u011bt\u0161ina t\u011bchto loteri\u00ed je pro v\u00e1s nedostupn\u00e1, ale nen\u00ed to pravda!<\/strong> V dne\u0161n\u00ed dob\u011b je snadn\u00e9<a href=\"https:\/\/jackpotlotteryonline.com\/cs\/koupit-vstupenky\"> koupit si tikety online<\/a> t\u00e9m\u011b\u0159 na jakoukoli loterii. To znamen\u00e1, \u017ee nemus\u00edte \u017e\u00edt v zemi, kde se loterie kon\u00e1.<\/p>\n<p><strong>Umo\u017e\u0148uje v\u00e1m to n\u00e1mi poskytovan\u00e1 slu\u017eba.<\/strong><\/p>\n<p>Sta\u010d\u00ed kliknout na n\u011bkter\u00e9 z v\u00fd\u0161e uveden\u00fdch<a href=\"https:\/\/jackpotlotteryonline.com\/cs\/jak-hrat\"> tla\u010d\u00edtek &#8220;Hr\u00e1t&#8221;<\/a> a dostanete se na str\u00e1nku s v\u00fdb\u011brem \u010d\u00edsel pro danou loterii. Vyberte si \u010d\u00edsla, zaregistrujte se a zapla\u0165te online &#8211; je to tak jednoduch\u00e9! Ihned po dokon\u010den\u00ed n\u00e1kupu obdr\u017e\u00edte potvrzen\u00ed o osobn\u00edm losu a o n\u011bco pozd\u011bji i jeho sken. Zajist\u00edme tak\u00e9, aby v\u00e1m byla vyplacena \u010d\u00e1stka, kterou jste vyhr\u00e1li. Tyto celosv\u011btov\u00e9 jackpoty mohou b\u00fdt \u010dasto stokr\u00e1t vy\u0161\u0161\u00ed ne\u017e v m\u00edstn\u00ed loterii, tak na co je\u0161t\u011b \u010dek\u00e1te? Vyberte si!<\/p>\n<h2>Zjist\u011bte, zda jste vyhr\u00e1li &#8211; porovnejte sv\u016fj tiket s v\u00fdhern\u00edmi \u010d\u00edsly.<\/h2>\n<p>Nejen\u017ee si m\u016f\u017eete v\u00fdsledky loterie zkontrolovat online z notebooku, stoln\u00edho po\u010d\u00edta\u010de nebo dokonce iPhonu doma nebo v kancel\u00e1\u0159i, ale tak\u00e9 si m\u016f\u017eete zkontrolovat v\u00fdsledky tolika loteri\u00ed hned na jedn\u00e9 str\u00e1nce.<\/p>\n<p>Jakmile prob\u011bhne ka\u017ed\u00e9 losov\u00e1n\u00ed, v\u00fdsledky jednotliv\u00fdch loteri\u00ed se aktualizuj\u00ed v re\u00e1ln\u00e9m \u010dase. To znamen\u00e1, \u017ee v\u00fdsledky mezin\u00e1rodn\u00edch jackpot\u016f online jsou k dispozici nebo si je m\u016f\u017eete prohl\u00e9dnout b\u011bhem n\u011bkolika okam\u017eik\u016f od okam\u017eiku, kdy losov\u00e1n\u00ed prob\u011bhlo.<br \/>\n<img loading=\"lazy\" decoding=\"async\" class=\"alignright wp-image-19599\" src=\"https:\/\/jackpotlotteryonline.com\/wp-content\/uploads\/2022\/10\/1_balls_draw_lotto_numbers-200x300.jpg\" alt=\"V\u00edt\u011bzn\u00e1 \u010d\u00edsla loterie\" width=\"154\" height=\"231\" srcset=\"https:\/\/jackpotlotteryonline.com\/wp-content\/uploads\/2022\/10\/1_balls_draw_lotto_numbers-200x300.jpg 200w, https:\/\/jackpotlotteryonline.com\/wp-content\/uploads\/2022\/10\/1_balls_draw_lotto_numbers.jpg 320w\" sizes=\"auto, (max-width: 154px) 100vw, 154px\" \/><\/p>\n<p>Pokud jste se rozhodli koupit los online, bez ohledu na to, o jak\u00fd typ loterie se jedn\u00e1, je kontrola v\u00fdsledk\u016f loterie online zde na na\u0161ich str\u00e1nk\u00e1ch je\u0161t\u011b jednodu\u0161\u0161\u00ed. Je to proto, \u017ee v okam\u017eiku, kdy zad\u00e1v\u00e1te sv\u016fj los online, budete muset zadat svou e-mailovou adresu. Ta je pot\u0159ebn\u00e1 nejen k tomu, abyste si mohli zalo\u017eit \u00fa\u010det a hr\u00e1t, ale je tak\u00e9 nutn\u00e1 pro \u00fa\u010dely ozn\u00e1men\u00ed o v\u00fdh\u0159e.<\/p>\n<p>Jakmile losov\u00e1n\u00ed loterie prob\u011bhne, budete automaticky informov\u00e1ni e-mailem, pokud jste se shodovali s \u010d\u00edsly, kter\u00e1 v\u00e1m mohla p\u0159in\u00e9st pen\u011b\u017en\u00ed v\u00fdhru. Sta\u010d\u00ed zkontrolovat svou e-mailovou schr\u00e1nku.<\/p>\n<p>Tak\u00e9 pokud jste si zde zakoupili los online, m\u016f\u017eete se p\u0159ihl\u00e1sit ke sv\u00e9mu klientsk\u00e9mu \u00fa\u010dtu a v\u00fdsledky se pro porovn\u00e1n\u00ed zobraz\u00ed hned vedle va\u0161eho losu. Ta \u010d\u00edsla na va\u0161em tiketu, kter\u00e1 se shoduj\u00ed s losov\u00e1n\u00edm, budou zv\u00fdrazn\u011bna. To je tak pohodln\u00e9, jak je to jen v lidsk\u00fdch sil\u00e1ch!<\/p>\n<p>D\u00edky tolika skv\u011bl\u00fdm v\u00fdhod\u00e1m a praktick\u00fdm funkc\u00edm, jako je mo\u017enost rychle si zkontrolovat v\u00fdsledky loterie online, <strong>se dnes mnoho lid\u00ed rozhoduje pro n\u00e1kup los\u016f online rad\u011bji ne\u017e v obchodech.<\/strong><\/p>\n","protected":false},"excerpt":{"rendered":"<p>V\u00fdsledky loterie online Vzhledem k tak \u0161irok\u00e9 nab\u00eddce loteri\u00ed, kter\u00e9 m\u016f\u017eete hr\u00e1t, a snadn\u00e9mu p\u0159\u00edstupu k internetu, kter\u00fd dnes v\u0161ichni m\u00e1me, d\u00e1v\u00e1 mnoho lid\u00ed p\u0159ednost rychl\u00e9 kontrole v\u00fdsledk\u016f loterie online. Pokud jste si zakoupili los, pak jist\u011b tou\u017e\u00edte zjistit, jak\u00e1 jsou v\u00fdhern\u00ed \u010d\u00edsla pro dan\u00e9 losov\u00e1n\u00ed. Nyn\u00ed si m\u016f\u017eete v\u00fdsledky mezin\u00e1rodn\u00edch jackpot\u016f loterie snadno zkontrolovat [&hellip;]<\/p>\n","protected":false},"author":1,"featured_media":0,"parent":0,"menu_order":4,"comment_status":"closed","ping_status":"closed","template":"Results.php","meta":{"_et_pb_use_builder":"","_et_pb_old_content":"","_et_gb_content_width":"","exclude_from_search":false,"footnotes":""},"class_list":["post-35816","page","type-page","status-publish","hentry"],"yoast_head":"<!-- This site is optimized with the Yoast SEO plugin v23.3 - https:\/\/yoast.com\/wordpress\/plugins\/seo\/ -->\n<title>V\u00fdhern\u00ed \u010d\u00edsla a v\u00fdsledky mezin\u00e1rodn\u00edch jackpot\u016f lotto<\/title>\n<meta name=\"description\" content=\"Tato str\u00e1nka zobrazuje v\u00fdsledky a v\u00fdhern\u00ed \u010d\u00edsla v\u011bt\u0161iny mezin\u00e1rodn\u00edch online loteri\u00ed s jackpotem.\" \/>\n<meta name=\"robots\" content=\"index, follow, max-snippet:-1, max-image-preview:large, max-video-preview:-1\" \/>\n<link rel=\"canonical\" href=\"https:\/\/jackpotlotteryonline.com\/cs\/vyherni-cisla\/\" \/>\n<meta property=\"og:locale\" content=\"cs_CZ\" \/>\n<meta property=\"og:type\" content=\"article\" \/>\n<meta property=\"og:title\" content=\"V\u00fdhern\u00ed \u010d\u00edsla a v\u00fdsledky mezin\u00e1rodn\u00edch jackpot\u016f lotto\" \/>\n<meta property=\"og:description\" content=\"Tato str\u00e1nka zobrazuje v\u00fdsledky a v\u00fdhern\u00ed \u010d\u00edsla v\u011bt\u0161iny mezin\u00e1rodn\u00edch online loteri\u00ed s jackpotem.\" \/>\n<meta property=\"og:url\" content=\"https:\/\/jackpotlotteryonline.com\/cs\/vyherni-cisla\/\" \/>\n<meta property=\"og:site_name\" content=\"Lotto Online - Crack The International Lottery Jackpots\" \/>\n<meta property=\"article:modified_time\" content=\"2022-12-26T07:36:23+00:00\" \/>\n<meta property=\"og:image\" content=\"https:\/\/jackpotlotteryonline.com\/wp-content\/uploads\/2022\/11\/read1.jpg\" \/>\n<meta name=\"twitter:card\" content=\"summary_large_image\" \/>\n<meta name=\"twitter:label1\" content=\"Odhadovan\u00e1 doba \u010dten\u00ed\" \/>\n\t<meta name=\"twitter:data1\" content=\"3 minuty\" \/>\n<!-- \/ Yoast SEO plugin. -->","yoast_head_json":{"title":"V\u00fdhern\u00ed \u010d\u00edsla a v\u00fdsledky mezin\u00e1rodn\u00edch jackpot\u016f lotto","description":"Tato str\u00e1nka zobrazuje v\u00fdsledky a v\u00fdhern\u00ed \u010d\u00edsla v\u011bt\u0161iny mezin\u00e1rodn\u00edch online loteri\u00ed s jackpotem.","robots":{"index":"index","follow":"follow","max-snippet":"max-snippet:-1","max-image-preview":"max-image-preview:large","max-video-preview":"max-video-preview:-1"},"canonical":"https:\/\/jackpotlotteryonline.com\/cs\/vyherni-cisla\/","og_locale":"cs_CZ","og_type":"article","og_title":"V\u00fdhern\u00ed \u010d\u00edsla a v\u00fdsledky mezin\u00e1rodn\u00edch jackpot\u016f lotto","og_description":"Tato str\u00e1nka zobrazuje v\u00fdsledky a v\u00fdhern\u00ed \u010d\u00edsla v\u011bt\u0161iny mezin\u00e1rodn\u00edch online loteri\u00ed s jackpotem.","og_url":"https:\/\/jackpotlotteryonline.com\/cs\/vyherni-cisla\/","og_site_name":"Lotto Online - Crack The International Lottery Jackpots","article_modified_time":"2022-12-26T07:36:23+00:00","og_image":[{"url":"https:\/\/jackpotlotteryonline.com\/wp-content\/uploads\/2022\/11\/read1.jpg"}],"twitter_card":"summary_large_image","twitter_misc":{"Odhadovan\u00e1 doba \u010dten\u00ed":"3 minuty"},"schema":{"@context":"https:\/\/schema.org","@graph":[{"@type":"WebPage","@id":"https:\/\/jackpotlotteryonline.com\/cs\/vyherni-cisla\/","url":"https:\/\/jackpotlotteryonline.com\/cs\/vyherni-cisla\/","name":"V\u00fdhern\u00ed \u010d\u00edsla a v\u00fdsledky mezin\u00e1rodn\u00edch jackpot\u016f lotto","isPartOf":{"@id":"https:\/\/jackpotlotteryonline.com\/#website"},"primaryImageOfPage":{"@id":"https:\/\/jackpotlotteryonline.com\/cs\/vyherni-cisla\/#primaryimage"},"image":{"@id":"https:\/\/jackpotlotteryonline.com\/cs\/vyherni-cisla\/#primaryimage"},"thumbnailUrl":"https:\/\/jackpotlotteryonline.com\/wp-content\/uploads\/2022\/11\/read1.jpg","datePublished":"2022-11-02T06:34:28+00:00","dateModified":"2022-12-26T07:36:23+00:00","description":"Tato str\u00e1nka zobrazuje v\u00fdsledky a v\u00fdhern\u00ed \u010d\u00edsla v\u011bt\u0161iny mezin\u00e1rodn\u00edch online loteri\u00ed s jackpotem.","breadcrumb":{"@id":"https:\/\/jackpotlotteryonline.com\/cs\/vyherni-cisla\/#breadcrumb"},"inLanguage":"cs","potentialAction":[{"@type":"ReadAction","target":["https:\/\/jackpotlotteryonline.com\/cs\/vyherni-cisla\/"]}]},{"@type":"ImageObject","inLanguage":"cs","@id":"https:\/\/jackpotlotteryonline.com\/cs\/vyherni-cisla\/#primaryimage","url":"https:\/\/jackpotlotteryonline.com\/wp-content\/uploads\/2022\/11\/read1.jpg","contentUrl":"https:\/\/jackpotlotteryonline.com\/wp-content\/uploads\/2022\/11\/read1.jpg"},{"@type":"BreadcrumbList","@id":"https:\/\/jackpotlotteryonline.com\/cs\/vyherni-cisla\/#breadcrumb","itemListElement":[{"@type":"ListItem","position":1,"name":"Home","item":"https:\/\/jackpotlotteryonline.com\/cs\/"},{"@type":"ListItem","position":2,"name":"V\u00fdsledky loterie"}]},{"@type":"WebSite","@id":"https:\/\/jackpotlotteryonline.com\/#website","url":"https:\/\/jackpotlotteryonline.com\/","name":"Lotto Online - Crack The International Lottery Jackpots","description":"","potentialAction":[{"@type":"SearchAction","target":{"@type":"EntryPoint","urlTemplate":"https:\/\/jackpotlotteryonline.com\/?s={search_term_string}"},"query-input":"required name=search_term_string"}],"inLanguage":"cs"}]}},"_links":{"self":[{"href":"https:\/\/jackpotlotteryonline.com\/cs\/wp-json\/wp\/v2\/pages\/35816","targetHints":{"allow":["GET"]}}],"collection":[{"href":"https:\/\/jackpotlotteryonline.com\/cs\/wp-json\/wp\/v2\/pages"}],"about":[{"href":"https:\/\/jackpotlotteryonline.com\/cs\/wp-json\/wp\/v2\/types\/page"}],"author":[{"embeddable":true,"href":"https:\/\/jackpotlotteryonline.com\/cs\/wp-json\/wp\/v2\/users\/1"}],"replies":[{"embeddable":true,"href":"https:\/\/jackpotlotteryonline.com\/cs\/wp-json\/wp\/v2\/comments?post=35816"}],"version-history":[{"count":0,"href":"https:\/\/jackpotlotteryonline.com\/cs\/wp-json\/wp\/v2\/pages\/35816\/revisions"}],"wp:attachment":[{"href":"https:\/\/jackpotlotteryonline.com\/cs\/wp-json\/wp\/v2\/media?parent=35816"}],"curies":[{"name":"wp","href":"https:\/\/api.w.org\/{rel}","templated":true}]}}