{"id":35868,"date":"2022-11-02T08:36:28","date_gmt":"2022-11-02T08:36:28","guid":{"rendered":"https:\/\/jackpotlotteryonline.com\/?page_id=35868"},"modified":"2022-12-19T08:39:17","modified_gmt":"2022-12-19T08:39:17","slug":"powerball","status":"publish","type":"page","link":"https:\/\/jackpotlotteryonline.com\/cs\/jak-hrat\/powerball\/","title":{"rendered":"Powerball USA"},"content":{"rendered":"<h2>Jackpot loterie Powerball online<\/h2>\n<p><img loading=\"lazy\" decoding=\"async\" class=\"alignright size-full wp-image-19358\" src=\"https:\/\/jackpotlotteryonline.com\/wp-content\/uploads\/2022\/10\/2_ticket_powerball3.jpg\" alt=\"Los Powerball \" width=\"180\" height=\"194\" \/><\/p>\n<p>D\u00edv\u00e1te se na jednu z nejstar\u0161\u00edch a nejv\u011bt\u0161\u00edch americk\u00fdch loteri\u00ed. Jackpot loterie Powerball nab\u00edz\u00ed loterijn\u00ed komise tvo\u0159en\u00e1 41 st\u00e1ty USA. Krom\u011b 8 st\u00e1t\u016f (Nevada, Kalifornie, Utah, Mississippi, Wyoming, Alabama, Havaj a Alja\u0161ka) je provozov\u00e1na ve v\u0161ech st\u00e1tech USA (v\u010detn\u011b Panensk\u00fdch ostrov\u016f a District of Columbia).<\/p>\n<p>Jackpot loterie Powerball online n\u011bkolikr\u00e1t p\u0159ekro\u010dil \u010d\u00e1stku 300 milion\u016f dolar\u016f a nejvy\u0161\u0161\u00ed jackpot v historii byl 1500 milion\u016f dolar\u016f. Obvykle jackpoty za\u010d\u00ednaj\u00ed na 20 milionech dolar\u016f a poka\u017ed\u00e9, kdy\u017e nebyl jackpot dosa\u017een, se zvy\u0161uj\u00ed nejm\u00e9n\u011b o 5 milion\u016f dolar\u016f.<\/p>\n<section class=\"layout\" style=\"border: solid 1px; width: 100%;\">\n<div class=\"img-div\" style=\"margin-top: 5px;\"><img decoding=\"async\" class=\"wp-image-17212 alignleft\" style=\"height: 45px; margin: 8px 8px 0px;\" src=\"https:\/\/jackpotlotteryonline.com\/wp-content\/uploads\/2022\/11\/read1.jpg\" alt=\"nejv\u011bt\u0161\u00ed jackpot lotto\" width=\"\" height=\"\" \/><\/div>\n<div style=\"padding-left: 5px;\">\n<div style=\"font-size: 1.1em;\">\n<p><strong>Historick\u00e9, rekordn\u00ed loterijn\u00ed jackpoty<\/strong><\/p>\n<p style=\"font-size: 0.85em; margin-top: -1.5em;\">Nejv\u011bt\u0161\u00ed jackpoty loterie v historii v\u00e1m zamotaj\u00ed hlavu. <a href=\"https:\/\/jackpotlotteryonline.com\/cs\/nejvetsi-lotto-jackpoty-v-historii\">P\u0159e\u010dt\u011bte si v\u00edce<\/a><\/p>\n<\/div>\n<\/div>\n<\/section>\n<h2>Jak hr\u00e1t loterii Powerball<\/h2>\n<p>Loterijn\u00ed tiket m\u016f\u017eete snadno <strong><a href=\"https:\/\/jackpotlotteryonline.com\/cs\/buy-tickets\/powerball\">z\u00edskat online<\/a> prost\u0159ednictv\u00edm na\u0161ich webov\u00fdch str\u00e1nek. Chcete-li hr\u00e1t a vyhr\u00e1t jackpot loterie Powerball<\/strong>, nemus\u00edte b\u00fdt ob\u010danem USA &#8211; m\u016f\u017eete \u017e\u00edt mimo USA, ale mus\u00ed v\u00e1m b\u00fdt alespo\u0148 18 let. Sta\u010d\u00ed kliknout na jeden z loterijn\u00edch banner\u016f, zaregistrovat se, ov\u011b\u0159it se a prov\u00e9st platbu. O zbytek se postar\u00e1me my, kdykoli provedete objedn\u00e1vku. N\u00e1kup tiket\u016f, doru\u010den\u00ed a pomoc s logistikou pen\u011bz jsou oblasti, se kter\u00fdmi v\u00e1m m\u016f\u017eeme pomoci.<br \/>\n<img loading=\"lazy\" decoding=\"async\" class=\"alignright size-full wp-image-18167\" src=\"https:\/\/jackpotlotteryonline.com\/wp-content\/uploads\/2022\/10\/powerball_globe_logo.png\" alt=\"Zahrajte si powerball online\" width=\"200\" height=\"212\" \/><\/p>\n<p>Chcete-li trefit jackpot loterie Powerball, mus\u00edte spr\u00e1vn\u011b trefit p\u011bt \u010d\u00edsel z 59 a nav\u00edc \u010d\u00edslo Powerball v rozmez\u00ed 1 a\u017e 39. V p\u0159\u00edpad\u011b, \u017ee chcete trefit jackpot loterie Powerball, je t\u0159eba, abyste trefili \u010d\u00edslo 1. Existuje dev\u011bt zp\u016fsob\u016f, jak vyhr\u00e1t, a jednu cenu z\u00edsk\u00e1te ji\u017e v p\u0159\u00edpad\u011b, \u017ee tref\u00edte \u010d\u00edslo Powerball.<\/p>\n<p><a href=\"https:\/\/jackpotlotteryonline.com\/cs\/vyherni-cisla\/powerball\">Jackpot loterie Powerball<\/a> online je tradi\u010dn\u00ed dvoukolov\u00e1 loterijn\u00ed hra. V jednom bubnu je 59 b\u00edl\u00fdch m\u00ed\u010dk\u016f druh\u00fd buben obsahuje 39 \u010derven\u00fdch m\u00ed\u010dk\u016f. Vy si budete muset vybrat 5 b\u00edl\u00fdch m\u00ed\u010dk\u016f a jeden \u010derven\u00fd m\u00ed\u010dek. M\u00ed\u010dky lze vybrat n\u00e1hodn\u011b a po\u0159ad\u00ed v\u00fdb\u011bru nem\u00e1 na v\u00fdsledek \u017e\u00e1dn\u00fd vliv.<\/p>\n<p>Rozhodn\u011b m\u00e1 hran\u00ed jackpotu loterie Powerball online sv\u00e9 v\u00fdhody a d\u00edky \u00fa\u017easn\u00fdm \u0161anc\u00edm na v\u00fdhru je o tuto loterii velk\u00fd z\u00e1jem.<\/p>\n<h2>Je \u010das zkusit \u0161t\u011bst\u00ed ve h\u0159e Powerball<\/h2>\n<p>Pokud pat\u0159\u00edte k lidem, kte\u0159\u00ed r\u00e1di zkou\u0161ej\u00ed sv\u00e9 \u0161t\u011bst\u00ed v hazardn\u00edch hr\u00e1ch, loterie Powerball je ur\u010dit\u011b t\u00edm prav\u00fdm m\u00edstem, kde za\u010d\u00edt. Na na\u0161ich webov\u00fdch str\u00e1nk\u00e1ch naleznete mnoho dal\u0161\u00edch informac\u00ed, kter\u00e9 v\u00e1m pomohou p\u0159i rozhodov\u00e1n\u00ed, kter\u00e1 \u010d\u00edsla si vybrat a hr\u00e1t.<\/p>\n<p>Mnoho lid\u00ed m\u00e1 tendenci si myslet, \u017ee loterie je hra n\u00e1hody. Ale mo\u017en\u00e1 budou m\u00edt tendenci uva\u017eovat trochu jinak, jakmile pochop\u00ed, jak loterie Powerball funguje. <strong>Existuje mnoho lid\u00ed, kte\u0159\u00ed ji\u017e v loterii Powerball vyhr\u00e1li, a nen\u00ed d\u016fvod, pro\u010d byste nemohli b\u00fdt jedn\u00edm z nich. Za\u010dn\u011bte hned te\u010f&#8230;!<\/strong><\/p>\n","protected":false},"excerpt":{"rendered":"<p>Jackpot loterie Powerball online D\u00edv\u00e1te se na jednu z nejstar\u0161\u00edch a nejv\u011bt\u0161\u00edch americk\u00fdch loteri\u00ed. Jackpot loterie Powerball nab\u00edz\u00ed loterijn\u00ed komise tvo\u0159en\u00e1 41 st\u00e1ty USA. Krom\u011b 8 st\u00e1t\u016f (Nevada, Kalifornie, Utah, Mississippi, Wyoming, Alabama, Havaj a Alja\u0161ka) je provozov\u00e1na ve v\u0161ech st\u00e1tech USA (v\u010detn\u011b Panensk\u00fdch ostrov\u016f a District of Columbia). Jackpot loterie Powerball online n\u011bkolikr\u00e1t p\u0159ekro\u010dil [&hellip;]<\/p>\n","protected":false},"author":1,"featured_media":0,"parent":35538,"menu_order":1,"comment_status":"closed","ping_status":"closed","template":"powerball-usa.php","meta":{"_et_pb_use_builder":"","_et_pb_old_content":"","_et_gb_content_width":"","exclude_from_search":false,"footnotes":""},"class_list":["post-35868","page","type-page","status-publish","hentry"],"yoast_head":"<!-- This site is optimized with the Yoast SEO plugin v23.3 - https:\/\/yoast.com\/wordpress\/plugins\/seo\/ -->\n<title>Zahrajte si loterii Powerball online, ze zem\u00ed mimo USA<\/title>\n<meta name=\"description\" content=\"Loterie Powerball je jednou z nejstar\u0161\u00edch americk\u00fdch loteri\u00ed - p\u0159e\u010dt\u011bte si tento \u010dl\u00e1nek a zjist\u011bte, jak si ji m\u016f\u017eete zahr\u00e1t online a ze zem\u011b mimo USA je\u0161t\u011b dnes!\" \/>\n<meta name=\"robots\" content=\"index, follow, max-snippet:-1, max-image-preview:large, max-video-preview:-1\" \/>\n<link rel=\"canonical\" href=\"https:\/\/jackpotlotteryonline.com\/play-online\/powerball\/\" \/>\n<meta property=\"og:locale\" content=\"cs_CZ\" \/>\n<meta property=\"og:type\" content=\"article\" \/>\n<meta property=\"og:title\" content=\"Zahrajte si loterii Powerball online, ze zem\u00ed mimo USA\" \/>\n<meta property=\"og:description\" content=\"Loterie Powerball je jednou z nejstar\u0161\u00edch americk\u00fdch loteri\u00ed - p\u0159e\u010dt\u011bte si tento \u010dl\u00e1nek a zjist\u011bte, jak si ji m\u016f\u017eete zahr\u00e1t online a ze zem\u011b mimo USA je\u0161t\u011b dnes!\" \/>\n<meta property=\"og:url\" content=\"https:\/\/jackpotlotteryonline.com\/play-online\/powerball\/\" \/>\n<meta property=\"og:site_name\" content=\"Lotto Online - Crack The International Lottery Jackpots\" \/>\n<meta property=\"article:modified_time\" content=\"2022-12-19T08:39:17+00:00\" \/>\n<meta property=\"og:image\" content=\"https:\/\/jackpotlotteryonline.com\/wp-content\/uploads\/2022\/10\/2_ticket_powerball3.jpg\" \/>\n<meta name=\"twitter:card\" content=\"summary_large_image\" \/>\n<meta name=\"twitter:label1\" content=\"Odhadovan\u00e1 doba \u010dten\u00ed\" \/>\n\t<meta name=\"twitter:data1\" content=\"3 minuty\" \/>\n<!-- \/ Yoast SEO plugin. -->","yoast_head_json":{"title":"Zahrajte si loterii Powerball online, ze zem\u00ed mimo USA","description":"Loterie Powerball je jednou z nejstar\u0161\u00edch americk\u00fdch loteri\u00ed - p\u0159e\u010dt\u011bte si tento \u010dl\u00e1nek a zjist\u011bte, jak si ji m\u016f\u017eete zahr\u00e1t online a ze zem\u011b mimo USA je\u0161t\u011b dnes!","robots":{"index":"index","follow":"follow","max-snippet":"max-snippet:-1","max-image-preview":"max-image-preview:large","max-video-preview":"max-video-preview:-1"},"canonical":"https:\/\/jackpotlotteryonline.com\/play-online\/powerball\/","og_locale":"cs_CZ","og_type":"article","og_title":"Zahrajte si loterii Powerball online, ze zem\u00ed mimo USA","og_description":"Loterie Powerball je jednou z nejstar\u0161\u00edch americk\u00fdch loteri\u00ed - p\u0159e\u010dt\u011bte si tento \u010dl\u00e1nek a zjist\u011bte, jak si ji m\u016f\u017eete zahr\u00e1t online a ze zem\u011b mimo USA je\u0161t\u011b dnes!","og_url":"https:\/\/jackpotlotteryonline.com\/play-online\/powerball\/","og_site_name":"Lotto Online - Crack The International Lottery Jackpots","article_modified_time":"2022-12-19T08:39:17+00:00","og_image":[{"url":"https:\/\/jackpotlotteryonline.com\/wp-content\/uploads\/2022\/10\/2_ticket_powerball3.jpg"}],"twitter_card":"summary_large_image","twitter_misc":{"Odhadovan\u00e1 doba \u010dten\u00ed":"3 minuty"},"schema":{"@context":"https:\/\/schema.org","@graph":[{"@type":"WebPage","@id":"https:\/\/jackpotlotteryonline.com\/play-online\/powerball\/","url":"https:\/\/jackpotlotteryonline.com\/play-online\/powerball\/","name":"Zahrajte si loterii Powerball online, ze zem\u00ed mimo USA","isPartOf":{"@id":"https:\/\/jackpotlotteryonline.com\/#website"},"primaryImageOfPage":{"@id":"https:\/\/jackpotlotteryonline.com\/play-online\/powerball\/#primaryimage"},"image":{"@id":"https:\/\/jackpotlotteryonline.com\/play-online\/powerball\/#primaryimage"},"thumbnailUrl":"https:\/\/jackpotlotteryonline.com\/wp-content\/uploads\/2022\/10\/2_ticket_powerball3.jpg","datePublished":"2022-11-02T08:36:28+00:00","dateModified":"2022-12-19T08:39:17+00:00","description":"Loterie Powerball je jednou z nejstar\u0161\u00edch americk\u00fdch loteri\u00ed - p\u0159e\u010dt\u011bte si tento \u010dl\u00e1nek a zjist\u011bte, jak si ji m\u016f\u017eete zahr\u00e1t online a ze zem\u011b mimo USA je\u0161t\u011b dnes!","breadcrumb":{"@id":"https:\/\/jackpotlotteryonline.com\/play-online\/powerball\/#breadcrumb"},"inLanguage":"cs","potentialAction":[{"@type":"ReadAction","target":["https:\/\/jackpotlotteryonline.com\/play-online\/powerball\/"]}]},{"@type":"ImageObject","inLanguage":"cs","@id":"https:\/\/jackpotlotteryonline.com\/play-online\/powerball\/#primaryimage","url":"https:\/\/jackpotlotteryonline.com\/wp-content\/uploads\/2022\/10\/2_ticket_powerball3.jpg","contentUrl":"https:\/\/jackpotlotteryonline.com\/wp-content\/uploads\/2022\/10\/2_ticket_powerball3.jpg"},{"@type":"BreadcrumbList","@id":"https:\/\/jackpotlotteryonline.com\/play-online\/powerball\/#breadcrumb","itemListElement":[{"@type":"ListItem","position":1,"name":"Home","item":"https:\/\/jackpotlotteryonline.com\/cs\/"},{"@type":"ListItem","position":2,"name":"Jak hr\u00e1t","item":"https:\/\/jackpotlotteryonline.com\/play-online\/"},{"@type":"ListItem","position":3,"name":"Powerball USA"}]},{"@type":"WebSite","@id":"https:\/\/jackpotlotteryonline.com\/#website","url":"https:\/\/jackpotlotteryonline.com\/","name":"Lotto Online - Crack The International Lottery Jackpots","description":"","potentialAction":[{"@type":"SearchAction","target":{"@type":"EntryPoint","urlTemplate":"https:\/\/jackpotlotteryonline.com\/?s={search_term_string}"},"query-input":"required name=search_term_string"}],"inLanguage":"cs"}]}},"_links":{"self":[{"href":"https:\/\/jackpotlotteryonline.com\/cs\/wp-json\/wp\/v2\/pages\/35868","targetHints":{"allow":["GET"]}}],"collection":[{"href":"https:\/\/jackpotlotteryonline.com\/cs\/wp-json\/wp\/v2\/pages"}],"about":[{"href":"https:\/\/jackpotlotteryonline.com\/cs\/wp-json\/wp\/v2\/types\/page"}],"author":[{"embeddable":true,"href":"https:\/\/jackpotlotteryonline.com\/cs\/wp-json\/wp\/v2\/users\/1"}],"replies":[{"embeddable":true,"href":"https:\/\/jackpotlotteryonline.com\/cs\/wp-json\/wp\/v2\/comments?post=35868"}],"version-history":[{"count":0,"href":"https:\/\/jackpotlotteryonline.com\/cs\/wp-json\/wp\/v2\/pages\/35868\/revisions"}],"up":[{"embeddable":true,"href":"https:\/\/jackpotlotteryonline.com\/cs\/wp-json\/wp\/v2\/pages\/35538"}],"wp:attachment":[{"href":"https:\/\/jackpotlotteryonline.com\/cs\/wp-json\/wp\/v2\/media?parent=35868"}],"curies":[{"name":"wp","href":"https:\/\/api.w.org\/{rel}","templated":true}]}}