{"id":35929,"date":"2022-11-02T10:22:01","date_gmt":"2022-11-02T10:22:01","guid":{"rendered":"https:\/\/jackpotlotteryonline.com\/?page_id=35929"},"modified":"2022-12-30T18:57:43","modified_gmt":"2022-12-30T18:57:43","slug":"mega-millions","status":"publish","type":"page","link":"https:\/\/jackpotlotteryonline.com\/cs\/jak-hrat\/mega-millions\/","title":{"rendered":"Mega Millions USA"},"content":{"rendered":"<h2>Online loterijn\u00ed jackpot Mega Millions<\/h2>\n<p>Jackpotov\u00e1 loterie Mega Millions s\u00eddl\u00ed v americk\u00e9m Michiganu a hraje se ve 12 feder\u00e1ln\u00edch st\u00e1tech USA. Vzhledem k tomu, \u017ee losov\u00e1n\u00ed je napl\u00e1nov\u00e1no na ka\u017ed\u00e9 \u00fater\u00fd a p\u00e1tek ve\u010der ve 20 hodin, m\u016f\u017ee b\u00fdt \u010detnost v\u00fdher pro \u0161\u0165astn\u00e9ho hr\u00e1\u010de pom\u011brn\u011b vysok\u00e1. Tiket Mega Millions je pom\u011brn\u011b levn\u00fd a nejv\u011bt\u0161\u00ed jackpot, kter\u00fd byl kdy vyplacen, \u010dinil v\u00edce ne\u017e 1500 milion\u016f dolar\u016f.<br \/>\n<img loading=\"lazy\" decoding=\"async\" class=\"alignright size-full wp-image-17546\" src=\"http:\/\/jackpotlotteryonline.com\/wp-content\/uploads\/2022\/10\/logo_Mega_Millions_233x110.png\" alt=\"Hrajte mega miliony online\" width=\"232\" height=\"110\" \/><\/p>\n<p>No, pokud uva\u017eujete o hran\u00ed Mega Millions, a to nav\u00edc pravideln\u011b, dok\u00e1\u017eete si p\u0159edstavit, kolik \u010dasu a energie je t\u0159eba v\u011bnovat b\u011bh\u00e1n\u00ed na loterii dvakr\u00e1t t\u00fddn\u011b. Nejlep\u0161\u00edm zp\u016fsobem, jak odstranit komplikace a u\u0161et\u0159it \u010das, by bylo hr\u00e1t online.<a href=\"https:\/\/jackpotlotteryonline.com\/cs\/vyherni-cisla\/mega-millions\"> Zakoupen\u00ed tiketu<\/a> s va\u0161imi obl\u00edben\u00fdmi \u010d\u00edsly a jeho doru\u010den\u00ed a\u017e k v\u00e1m dom\u016f nebylo nikdy tak snadn\u00e9. S na\u0161\u00ed pomoc\u00ed m\u016f\u017ee jackpot Mega Millions Lotto vyhr\u00e1t online ka\u017ed\u00fd na sv\u011bt\u011b!<\/p>\n<h2>Jak hr\u00e1t Mega Millions online<\/h2>\n<p>Loterie Mega Millions za\u010d\u00edn\u00e1 na \u010d\u00e1stce 20 milion\u016f dolar\u016f a zapsala se do historie, kdy\u017e dos\u00e1hla 1,5 miliardy dolar\u016f, co\u017e je nejvy\u0161\u0161\u00ed loterijn\u00ed jackpot v historii USA! Hr\u00e1\u010di si mohou vybrat p\u011bt \u010d\u00edsel v rozmez\u00ed 1 a\u017e 56 (b\u00edl\u00fd m\u00ed\u010dek) plus jedno takzvan\u00e9 Mega \u010d\u00edslo v rozmez\u00ed 1 a\u017e 46 (zlat\u00fd m\u00ed\u010dek).<br \/>\n<img loading=\"lazy\" decoding=\"async\" class=\"alignright size-full wp-image-19115\" src=\"http:\/\/jackpotlotteryonline.com\/wp-content\/uploads\/2022\/10\/2_ticket_mega_millions3.jpg\" alt=\"Skenov\u00e1n\u00ed tiketu mega miliony\" width=\"180\" height=\"193\" \/><\/p>\n<p>Abyste tento jackpot vylu\u0161tili, mus\u00edte spr\u00e1vn\u011b trefit v\u0161ech p\u011bt \u010d\u00edsel a mega \u010d\u00edslo. Ale i kdy\u017e jackpot nevylu\u0161t\u00edte, m\u00e1te velkou \u0161anci na v\u00fdhru, proto\u017ee vyhr\u00e1v\u00e1 1 ze 40 tiket\u016f. Ka\u017ed\u00fd bude souhlasit, \u017ee to jsou velmi dobr\u00e9 \u0161ance na v\u00fdhru v loterii.<\/p>\n<p>Jackpot v\u00e1m bude vyplacen ve 26 ro\u010dn\u00edch spl\u00e1tk\u00e1ch, kter\u00fdm se tak\u00e9 \u0159\u00edk\u00e1 anuitn\u00ed varianta, nebo se m\u016f\u017eete rozhodnout pro vyplacen\u00ed v hotovosti, kdy v\u00e1m bude vyplacena sou\u010dasn\u00e1 hodnota anuity.<a href=\"http:\/\/jackpotlotteryonline.com\/cs\/vyherni-cisla\/mega-millions\"> Losov\u00e1n\u00ed<\/a> se obvykle kon\u00e1 v Idahu (Georgia), ale kdy\u017e jackpot p\u0159ekro\u010d\u00ed hranici 200 milion\u016f dolar\u016f, losov\u00e1n\u00ed se kon\u00e1 na Times Square (New York).<\/p>\n<p>Abyste mohli hr\u00e1t tuto loterii, mus\u00ed v\u00e1m b\u00fdt alespo\u0148 18 let, ale nemus\u00edte b\u00fdt ob\u010danem USA ani v USA bydlet. S na\u0161\u00ed pomoc\u00ed m\u016f\u017eete hr\u00e1t i mimo USA, vlastn\u011b odkudkoli na sv\u011bt\u011b. Ve skute\u010dnosti v\u00e1m tak\u00e9 pom\u016f\u017eeme, abyste vyhranou v\u00fdhru dostali bezpe\u010dn\u011b a bez probl\u00e9m\u016f.<\/p>\n<h2>Dopl\u0148ky<\/h2>\n<p>T\u00e9m\u011b\u0159 ve v\u0161ech jurisdikc\u00edch (42 ze 43, krom\u011b Kalifornie) Mega Millions maj\u00ed hr\u00e1\u010di mo\u017enost aktivovat p\u0159\u00eddavek zvan\u00fd Megaplier. Megaplier zdvojn\u00e1sobuje s\u00e1zku ve h\u0159e a hr\u00e1\u010di mohou nejackpotov\u00e9 v\u00fdhry n\u00e1sobit 2,3 nebo 4. Samoz\u0159ejm\u011b zde nen\u00ed t\u0159eba zmi\u0148ovat, \u017ee se kurzy sni\u017euj\u00ed.<\/p>\n<p>Kdy\u017e je tedy v s\u00e1zce tolik, je na\u010dase, abyste zv\u00e1\u017eili hran\u00ed hry Mega Millions, m\u016f\u017ee v\u00e1m splnit va\u0161e sny. Zaregistrujte se na na\u0161ich webov\u00fdch str\u00e1nk\u00e1ch a zkuste si zahr\u00e1t nejv\u011bt\u0161\u00ed americkou loterii v\u0161ech dob.<\/p>\n<section class=\"layout\" style=\"border: solid 1px; width: 100%;\">\n<div class=\"img-div\" style=\"margin-top: 5px;\"><img decoding=\"async\" class=\"wp-image-17212 alignleft\" style=\"height: 45px; margin: 8px 8px 0px;\" src=\"http:\/\/jackpotlotteryonline.com\/wp-content\/uploads\/2022\/11\/read1.jpg\" alt=\"P\u0159e\u010dt\u011bte si\" width=\"\" height=\"\" \/><\/div>\n<div style=\"padding-left: 5px;\">\n<div style=\"font-size: 1.1em;\">\n<p><strong>Va\u0161e n\u00e1rodn\u00ed loterie v mezin\u00e1rodn\u00edm srovn\u00e1n\u00ed<\/strong><\/p>\n<p style=\"font-size: 0.85em; margin-top: -1.5em;\">Va\u0161e m\u00edstn\u00ed loterie m\u016f\u017ee b\u00fdt nejhor\u0161\u00ed volbou &#8211; pro\u010d m\u00e1 smysl platit v\u00edce, ale j\u00edt po v\u011bt\u0161\u00edch v\u00fdhr\u00e1ch?\u00a0 <a href=\"https:\/\/jackpotlotteryonline.com\/cs\/vase-narodni-loterie-v-mezinarodnim-srovnani\"> P\u0159e\u010dt\u011bte si v\u00edce<\/a><\/p>\n<\/div>\n<\/div>\n<\/section>\n","protected":false},"excerpt":{"rendered":"<p>Online loterijn\u00ed jackpot Mega Millions Jackpotov\u00e1 loterie Mega Millions s\u00eddl\u00ed v americk\u00e9m Michiganu a hraje se ve 12 feder\u00e1ln\u00edch st\u00e1tech USA. Vzhledem k tomu, \u017ee losov\u00e1n\u00ed je napl\u00e1nov\u00e1no na ka\u017ed\u00e9 \u00fater\u00fd a p\u00e1tek ve\u010der ve 20 hodin, m\u016f\u017ee b\u00fdt \u010detnost v\u00fdher pro \u0161\u0165astn\u00e9ho hr\u00e1\u010de pom\u011brn\u011b vysok\u00e1. Tiket Mega Millions je pom\u011brn\u011b levn\u00fd a nejv\u011bt\u0161\u00ed jackpot, [&hellip;]<\/p>\n","protected":false},"author":1,"featured_media":0,"parent":35538,"menu_order":2,"comment_status":"closed","ping_status":"closed","template":"megamillion.php","meta":{"_et_pb_use_builder":"","_et_pb_old_content":"","_et_gb_content_width":"","exclude_from_search":false,"footnotes":""},"class_list":["post-35929","page","type-page","status-publish","hentry"],"yoast_head":"<!-- This site is optimized with the Yoast SEO plugin v23.3 - https:\/\/yoast.com\/wordpress\/plugins\/seo\/ -->\n<title>Zahrajte si Mega Millions online z m\u00edst mimo USA<\/title>\n<meta name=\"description\" content=\"Americk\u00e1 loterie Mega Millions je matkou v\u0161ech loteri\u00ed a vy si ji nyn\u00ed m\u016f\u017eete zahr\u00e1t online, i kdy\u017e \u017eijete mimo USA.\" \/>\n<meta name=\"robots\" content=\"index, follow, max-snippet:-1, max-image-preview:large, max-video-preview:-1\" \/>\n<link rel=\"canonical\" href=\"https:\/\/jackpotlotteryonline.com\/play-online\/mega-millions\/\" \/>\n<meta property=\"og:locale\" content=\"cs_CZ\" \/>\n<meta property=\"og:type\" content=\"article\" \/>\n<meta property=\"og:title\" content=\"Zahrajte si Mega Millions online z m\u00edst mimo USA\" \/>\n<meta property=\"og:description\" content=\"Americk\u00e1 loterie Mega Millions je matkou v\u0161ech loteri\u00ed a vy si ji nyn\u00ed m\u016f\u017eete zahr\u00e1t online, i kdy\u017e \u017eijete mimo USA.\" \/>\n<meta property=\"og:url\" content=\"https:\/\/jackpotlotteryonline.com\/play-online\/mega-millions\/\" \/>\n<meta property=\"og:site_name\" content=\"Lotto Online - Crack The International Lottery Jackpots\" \/>\n<meta property=\"article:modified_time\" content=\"2022-12-30T18:57:43+00:00\" \/>\n<meta property=\"og:image\" content=\"http:\/\/jackpotlotteryonline.com\/wp-content\/uploads\/2022\/10\/logo_Mega_Millions_233x110.png\" \/>\n<meta name=\"twitter:card\" content=\"summary_large_image\" \/>\n<meta name=\"twitter:label1\" content=\"Odhadovan\u00e1 doba \u010dten\u00ed\" \/>\n\t<meta name=\"twitter:data1\" content=\"3 minuty\" \/>\n<!-- \/ Yoast SEO plugin. -->","yoast_head_json":{"title":"Zahrajte si Mega Millions online z m\u00edst mimo USA","description":"Americk\u00e1 loterie Mega Millions je matkou v\u0161ech loteri\u00ed a vy si ji nyn\u00ed m\u016f\u017eete zahr\u00e1t online, i kdy\u017e \u017eijete mimo USA.","robots":{"index":"index","follow":"follow","max-snippet":"max-snippet:-1","max-image-preview":"max-image-preview:large","max-video-preview":"max-video-preview:-1"},"canonical":"https:\/\/jackpotlotteryonline.com\/play-online\/mega-millions\/","og_locale":"cs_CZ","og_type":"article","og_title":"Zahrajte si Mega Millions online z m\u00edst mimo USA","og_description":"Americk\u00e1 loterie Mega Millions je matkou v\u0161ech loteri\u00ed a vy si ji nyn\u00ed m\u016f\u017eete zahr\u00e1t online, i kdy\u017e \u017eijete mimo USA.","og_url":"https:\/\/jackpotlotteryonline.com\/play-online\/mega-millions\/","og_site_name":"Lotto Online - Crack The International Lottery Jackpots","article_modified_time":"2022-12-30T18:57:43+00:00","og_image":[{"url":"http:\/\/jackpotlotteryonline.com\/wp-content\/uploads\/2022\/10\/logo_Mega_Millions_233x110.png"}],"twitter_card":"summary_large_image","twitter_misc":{"Odhadovan\u00e1 doba \u010dten\u00ed":"3 minuty"},"schema":{"@context":"https:\/\/schema.org","@graph":[{"@type":"WebPage","@id":"https:\/\/jackpotlotteryonline.com\/play-online\/mega-millions\/","url":"https:\/\/jackpotlotteryonline.com\/play-online\/mega-millions\/","name":"Zahrajte si Mega Millions online z m\u00edst mimo USA","isPartOf":{"@id":"https:\/\/jackpotlotteryonline.com\/#website"},"primaryImageOfPage":{"@id":"https:\/\/jackpotlotteryonline.com\/play-online\/mega-millions\/#primaryimage"},"image":{"@id":"https:\/\/jackpotlotteryonline.com\/play-online\/mega-millions\/#primaryimage"},"thumbnailUrl":"http:\/\/jackpotlotteryonline.com\/wp-content\/uploads\/2022\/10\/logo_Mega_Millions_233x110.png","datePublished":"2022-11-02T10:22:01+00:00","dateModified":"2022-12-30T18:57:43+00:00","description":"Americk\u00e1 loterie Mega Millions je matkou v\u0161ech loteri\u00ed a vy si ji nyn\u00ed m\u016f\u017eete zahr\u00e1t online, i kdy\u017e \u017eijete mimo USA.","breadcrumb":{"@id":"https:\/\/jackpotlotteryonline.com\/play-online\/mega-millions\/#breadcrumb"},"inLanguage":"cs","potentialAction":[{"@type":"ReadAction","target":["https:\/\/jackpotlotteryonline.com\/play-online\/mega-millions\/"]}]},{"@type":"ImageObject","inLanguage":"cs","@id":"https:\/\/jackpotlotteryonline.com\/play-online\/mega-millions\/#primaryimage","url":"http:\/\/jackpotlotteryonline.com\/wp-content\/uploads\/2022\/10\/logo_Mega_Millions_233x110.png","contentUrl":"http:\/\/jackpotlotteryonline.com\/wp-content\/uploads\/2022\/10\/logo_Mega_Millions_233x110.png"},{"@type":"BreadcrumbList","@id":"https:\/\/jackpotlotteryonline.com\/play-online\/mega-millions\/#breadcrumb","itemListElement":[{"@type":"ListItem","position":1,"name":"Home","item":"https:\/\/jackpotlotteryonline.com\/cs\/"},{"@type":"ListItem","position":2,"name":"Jak hr\u00e1t","item":"https:\/\/jackpotlotteryonline.com\/play-online\/"},{"@type":"ListItem","position":3,"name":"Mega Millions USA"}]},{"@type":"WebSite","@id":"https:\/\/jackpotlotteryonline.com\/#website","url":"https:\/\/jackpotlotteryonline.com\/","name":"Lotto Online - Crack The International Lottery Jackpots","description":"","potentialAction":[{"@type":"SearchAction","target":{"@type":"EntryPoint","urlTemplate":"https:\/\/jackpotlotteryonline.com\/?s={search_term_string}"},"query-input":"required name=search_term_string"}],"inLanguage":"cs"}]}},"_links":{"self":[{"href":"https:\/\/jackpotlotteryonline.com\/cs\/wp-json\/wp\/v2\/pages\/35929","targetHints":{"allow":["GET"]}}],"collection":[{"href":"https:\/\/jackpotlotteryonline.com\/cs\/wp-json\/wp\/v2\/pages"}],"about":[{"href":"https:\/\/jackpotlotteryonline.com\/cs\/wp-json\/wp\/v2\/types\/page"}],"author":[{"embeddable":true,"href":"https:\/\/jackpotlotteryonline.com\/cs\/wp-json\/wp\/v2\/users\/1"}],"replies":[{"embeddable":true,"href":"https:\/\/jackpotlotteryonline.com\/cs\/wp-json\/wp\/v2\/comments?post=35929"}],"version-history":[{"count":0,"href":"https:\/\/jackpotlotteryonline.com\/cs\/wp-json\/wp\/v2\/pages\/35929\/revisions"}],"up":[{"embeddable":true,"href":"https:\/\/jackpotlotteryonline.com\/cs\/wp-json\/wp\/v2\/pages\/35538"}],"wp:attachment":[{"href":"https:\/\/jackpotlotteryonline.com\/cs\/wp-json\/wp\/v2\/media?parent=35929"}],"curies":[{"name":"wp","href":"https:\/\/api.w.org\/{rel}","templated":true}]}}