{"id":36001,"date":"2022-11-03T07:41:18","date_gmt":"2022-11-03T07:41:18","guid":{"rendered":"https:\/\/jackpotlotteryonline.com\/?page_id=36001"},"modified":"2022-12-30T19:51:59","modified_gmt":"2022-12-30T19:51:59","slug":"euromillions","status":"publish","type":"page","link":"https:\/\/jackpotlotteryonline.com\/cs\/jak-hrat\/euromillions\/","title":{"rendered":"Hrajte Euro Millions"},"content":{"rendered":"<h2>Z\u00edskejte tiket pro Euromiliony online<\/h2>\n<p><img loading=\"lazy\" decoding=\"async\" class=\"alignright wp-image-18926\" src=\"https:\/\/jackpotlotteryonline.com\/wp-content\/uploads\/2022\/10\/2_ticket_euromillions3-111x300.jpg\" alt=\"tiket euromillions\" width=\"83\" height=\"224\" srcset=\"https:\/\/jackpotlotteryonline.com\/wp-content\/uploads\/2022\/10\/2_ticket_euromillions3-111x300.jpg 111w, https:\/\/jackpotlotteryonline.com\/wp-content\/uploads\/2022\/10\/2_ticket_euromillions3.jpg 180w\" sizes=\"auto, (max-width: 83px) 100vw, 83px\" \/><\/p>\n<p>Euromiliony je loterie, kter\u00e1 se kon\u00e1 v n\u011bkolika evropsk\u00fdch zem\u00edch, jako je Francie, Velk\u00e1 Brit\u00e1nie, \u0160pan\u011blsko, Irsko, Belgie, Lucembursko a \u0160v\u00fdcarsko. Jackpot loterie Euromillions online za\u010d\u00edn\u00e1 \u010d\u00e1stkou 15 milion\u016f eur a rekordn\u00ed jackpot \u010din\u00ed 190 milion\u016f eur.<\/p>\n<p>Chcete-li hr\u00e1t jackpotovou loterii Euromillions, mus\u00edte b\u00fdt star\u0161\u00ed 18 let, ale m\u016f\u017eete ji hr\u00e1t z jak\u00e9koli zem\u011b sv\u011bta, a to pomoc\u00ed slu\u017eby, kterou poskytujeme na t\u011bchto webov\u00fdch str\u00e1nk\u00e1ch. To, co nab\u00edz\u00edme, je zcela jedine\u010dn\u00e9 v tom smyslu, \u017ee d\u00e1v\u00e1 ka\u017ed\u00e9mu na cel\u00e9m sv\u011bt\u011b, v\u010detn\u011b zem\u00ed jako N\u011bmecko, Nizozemsko, It\u00e1lie, a dokonce i mimo Evropu, a nejen to, mo\u017enost hr\u00e1t a vyhr\u00e1t jackpot online. T\u00edm, \u017ee poskytujeme mo\u017enost \u0161\u0165astn\u00e9ho v\u00fdb\u011bru, je snaz\u0161\u00ed vybrat n\u00e1hodn\u00e1 \u010d\u00edsla, m\u00edsto abyste vyv\u00edjeli tlak na sv\u00e9 vlastn\u00ed \u0161ed\u00e9 bu\u0148ky.<\/p>\n<h2>Jak si koupit tiket s jackpotem Euromilion\u016f mimo Evropu?<\/h2>\n<p><a href=\"https:\/\/jackpotlotteryonline.com\/cs\/koupit-vstupenky\/euromillions\">N\u00e1kup tiketu na jackpot loterie Euromillions online<\/a> m\u016f\u017ee b\u00fdt d\u00edky n\u00e1m m\u00e9n\u011b zdlouhav\u00fd. Jakmile se na na\u0161ich str\u00e1nk\u00e1ch zaregistrujete a nech\u00e1te se ov\u011b\u0159it, sta\u010d\u00ed si vybrat loterii a prov\u00e9st po\u017eadovanou platbu. Jakmile tak u\u010din\u00edte, los bude zakoupen va\u0161\u00edm jm\u00e9nem a sken se nahraje na v\u00e1\u0161 \u00fa\u010det, jakmile zaplat\u00edte prost\u0159ednictv\u00edm zvolen\u00e9ho platebn\u00edho prost\u0159edku.<\/p>\n<p>Nav\u00edc, pokud m\u00e1te z\u00e1jem pokra\u010dovat ve h\u0159e online jackpot Euromillions po n\u011bjakou dobu, m\u016f\u017eete si vybrat \u010d\u00edsla nebo je n\u00e1hodn\u011b vybrat a m\u016f\u017eete se z\u00fa\u010dastnit v\u00edce slosov\u00e1n\u00ed, ale platit budete muset pouze jednou za n\u011bkolik t\u00fddn\u016f.<\/p>\n<h2>Jak funguje online jackpot loterie Euromillions<\/h2>\n<p><img loading=\"lazy\" decoding=\"async\" class=\"alignright wp-image-17411\" src=\"https:\/\/jackpotlotteryonline.com\/wp-content\/uploads\/2022\/10\/euromillions.png\" alt=\"hr\u00e1t euromillions online\" width=\"143\" height=\"152\" \/><\/p>\n<p>Abyste vyhr\u00e1li jackpot, mus\u00edte si vybrat p\u011bt \u010d\u00edsel v rozmez\u00ed 1 a\u017e 50 plus 2 dal\u0161\u00ed \u010d\u00edsla Lucky Star (1 a\u017e 9). <a href=\"https:\/\/jackpotlotteryonline.com\/cs\/vyherni-cisla\/euromillions\">Losov\u00e1n\u00ed jackpotu v loterii Euromillions<\/a> prob\u00edh\u00e1 ka\u017ed\u00fd p\u00e1tek ve\u010der a krom\u011b jackpotu je k dispozici 11 \u00farovn\u00ed v\u00fdher. \u0160ance na v\u00fdhru alespo\u0148 n\u011bkter\u00e9 z nich je jedna ku 24.<\/p>\n<h2>Kontrola v\u00fdsledk\u016f<\/h2>\n<p>V\u00fdsledky losov\u00e1n\u00ed si m\u016f\u017eete kdykoli po jeho skon\u010den\u00ed zkontrolovat online. K tomu, abyste m\u011bli p\u0159ehled, m\u016f\u017eete pou\u017e\u00edt iPad, iPhone nebo jin\u00e9 podobn\u00e9 za\u0159\u00edzen\u00ed. Jakmile budete m\u00edt \u0161t\u011bst\u00ed a vyhrajete cenu nebo jackpot online loterie Euromiliony, pom\u016f\u017eeme v\u00e1m tak\u00e9 s vyzvednut\u00edm v\u00fdhry a zajist\u00edme, aby v\u00e1m byla doru\u010dena.<\/p>\n<section class=\"layout\" style=\"border: solid 1px; width: 100%;\">\n<div class=\"img-div\" style=\"margin-top: 5px;\"><img decoding=\"async\" class=\"wp-image-17212 alignleft\" style=\"height: 45px; margin: 8px 8px 0px;\" src=\"https:\/\/jackpotlotteryonline.com\/wp-content\/uploads\/2022\/11\/read1.jpg\" alt=\"P\u0159e\u010dt\u011bte si\" width=\"\" height=\"\" \/><\/div>\n<div style=\"padding-left: 5px;\">\n<div style=\"font-size: 1.1em;\">\n<p><strong>Loterie, kter\u00e9 maj\u00ed nejv\u011bt\u0161\u00ed \u0161anci na va\u0161i velkou v\u00fdhru<\/strong><\/p>\n<p style=\"font-size: 0.85em; margin-top: -1.5em;\">Kter\u00e1 loterie m\u00e1 nejlep\u0161\u00ed \u0161ance na v\u00fdhru?\u00a0<a href=\"https:\/\/jackpotlotteryonline.com\/cs\/ktera-loterie-ma-nejvetsi-sance-na-vyhru\"> P\u0159e\u010dt\u011bte si v\u00edce<\/a><\/p>\n<\/div>\n<\/div>\n<\/section>\n<h2>Jackpot loterie Euromillions online<\/h2>\n<p>Jackpot loterie Euromillions byl p\u016fvodn\u011b spu\u0161t\u011bn 7. \u00fanora 2004 a prvn\u00ed slosov\u00e1n\u00ed prob\u011bhlo 13. \u00fanora 2004 v Pa\u0159\u00ed\u017ei. Nejv\u00fdznamn\u011bj\u0161\u00ed v\u00fdhra jackpotu byla v jednom z posledn\u00edch losov\u00e1n\u00ed (12. \u010dervence 2011) a \u010d\u00e1stku 185 000 000 eur si do sv\u00e9 kapsy p\u0159ipsali Colin a Chris Weirovi z Glasgow (Velk\u00e1 Brit\u00e1nie).<\/p>\n<p>Online jackpot loterie Euromillions se neobe\u0161el bez vlastn\u00edch skand\u00e1l\u016f &#8211; p\u0159edev\u0161\u00edm toho, kter\u00fd se objevil v Belgii v roce 2009. Ty v\u0161ak nem\u011bly \u017e\u00e1dn\u00e9 podru\u017en\u00e9 zd\u016fvodn\u011bn\u00ed a od t\u00e9 doby byly potla\u010deny. Je tedy na\u010dase, abyste zkusili sv\u00e9 \u0161t\u011bst\u00ed v jedn\u00e9 z nejv\u011bt\u0161\u00edch pen\u011b\u017en\u00edch nab\u00eddek v\u016fbec.<\/p>\n","protected":false},"excerpt":{"rendered":"<p>Z\u00edskejte tiket pro Euromiliony online Euromiliony je loterie, kter\u00e1 se kon\u00e1 v n\u011bkolika evropsk\u00fdch zem\u00edch, jako je Francie, Velk\u00e1 Brit\u00e1nie, \u0160pan\u011blsko, Irsko, Belgie, Lucembursko a \u0160v\u00fdcarsko. Jackpot loterie Euromillions online za\u010d\u00edn\u00e1 \u010d\u00e1stkou 15 milion\u016f eur a rekordn\u00ed jackpot \u010din\u00ed 190 milion\u016f eur. Chcete-li hr\u00e1t jackpotovou loterii Euromillions, mus\u00edte b\u00fdt star\u0161\u00ed 18 let, ale m\u016f\u017eete ji [&hellip;]<\/p>\n","protected":false},"author":1,"featured_media":0,"parent":35538,"menu_order":3,"comment_status":"closed","ping_status":"closed","template":"euromillions.php","meta":{"_et_pb_use_builder":"","_et_pb_old_content":"","_et_gb_content_width":"","exclude_from_search":false,"footnotes":""},"class_list":["post-36001","page","type-page","status-publish","hentry"],"yoast_head":"<!-- This site is optimized with the Yoast SEO plugin v23.3 - https:\/\/yoast.com\/wordpress\/plugins\/seo\/ -->\n<title>Hrajte Euromiliony online odkudkoli, dokonce i mimo Evropu<\/title>\n<meta name=\"description\" content=\"Loterie Euromillions je jednou z nejvyhled\u00e1van\u011bj\u0161\u00edch loteri\u00ed. Nyn\u00ed si m\u016f\u017eete zahr\u00e1t pomoc\u00ed online tiketu, i kdy\u017e se nach\u00e1z\u00edte mimo Evropu.\" \/>\n<meta name=\"robots\" content=\"index, follow, max-snippet:-1, max-image-preview:large, max-video-preview:-1\" \/>\n<link rel=\"canonical\" href=\"https:\/\/jackpotlotteryonline.com\/play-online\/euromillions\/\" \/>\n<meta property=\"og:locale\" content=\"cs_CZ\" \/>\n<meta property=\"og:type\" content=\"article\" \/>\n<meta property=\"og:title\" content=\"Hrajte Euromiliony online odkudkoli, dokonce i mimo Evropu\" \/>\n<meta property=\"og:description\" content=\"Loterie Euromillions je jednou z nejvyhled\u00e1van\u011bj\u0161\u00edch loteri\u00ed. Nyn\u00ed si m\u016f\u017eete zahr\u00e1t pomoc\u00ed online tiketu, i kdy\u017e se nach\u00e1z\u00edte mimo Evropu.\" \/>\n<meta property=\"og:url\" content=\"https:\/\/jackpotlotteryonline.com\/play-online\/euromillions\/\" \/>\n<meta property=\"og:site_name\" content=\"Lotto Online - Crack The International Lottery Jackpots\" \/>\n<meta property=\"article:modified_time\" content=\"2022-12-30T19:51:59+00:00\" \/>\n<meta property=\"og:image\" content=\"https:\/\/jackpotlotteryonline.com\/wp-content\/uploads\/2022\/10\/2_ticket_euromillions3-111x300.jpg\" \/>\n<meta name=\"twitter:card\" content=\"summary_large_image\" \/>\n<meta name=\"twitter:label1\" content=\"Odhadovan\u00e1 doba \u010dten\u00ed\" \/>\n\t<meta name=\"twitter:data1\" content=\"3 minuty\" \/>\n<!-- \/ Yoast SEO plugin. -->","yoast_head_json":{"title":"Hrajte Euromiliony online odkudkoli, dokonce i mimo Evropu","description":"Loterie Euromillions je jednou z nejvyhled\u00e1van\u011bj\u0161\u00edch loteri\u00ed. Nyn\u00ed si m\u016f\u017eete zahr\u00e1t pomoc\u00ed online tiketu, i kdy\u017e se nach\u00e1z\u00edte mimo Evropu.","robots":{"index":"index","follow":"follow","max-snippet":"max-snippet:-1","max-image-preview":"max-image-preview:large","max-video-preview":"max-video-preview:-1"},"canonical":"https:\/\/jackpotlotteryonline.com\/play-online\/euromillions\/","og_locale":"cs_CZ","og_type":"article","og_title":"Hrajte Euromiliony online odkudkoli, dokonce i mimo Evropu","og_description":"Loterie Euromillions je jednou z nejvyhled\u00e1van\u011bj\u0161\u00edch loteri\u00ed. Nyn\u00ed si m\u016f\u017eete zahr\u00e1t pomoc\u00ed online tiketu, i kdy\u017e se nach\u00e1z\u00edte mimo Evropu.","og_url":"https:\/\/jackpotlotteryonline.com\/play-online\/euromillions\/","og_site_name":"Lotto Online - Crack The International Lottery Jackpots","article_modified_time":"2022-12-30T19:51:59+00:00","og_image":[{"url":"https:\/\/jackpotlotteryonline.com\/wp-content\/uploads\/2022\/10\/2_ticket_euromillions3-111x300.jpg"}],"twitter_card":"summary_large_image","twitter_misc":{"Odhadovan\u00e1 doba \u010dten\u00ed":"3 minuty"},"schema":{"@context":"https:\/\/schema.org","@graph":[{"@type":"WebPage","@id":"https:\/\/jackpotlotteryonline.com\/play-online\/euromillions\/","url":"https:\/\/jackpotlotteryonline.com\/play-online\/euromillions\/","name":"Hrajte Euromiliony online odkudkoli, dokonce i mimo Evropu","isPartOf":{"@id":"https:\/\/jackpotlotteryonline.com\/#website"},"primaryImageOfPage":{"@id":"https:\/\/jackpotlotteryonline.com\/play-online\/euromillions\/#primaryimage"},"image":{"@id":"https:\/\/jackpotlotteryonline.com\/play-online\/euromillions\/#primaryimage"},"thumbnailUrl":"https:\/\/jackpotlotteryonline.com\/wp-content\/uploads\/2022\/10\/2_ticket_euromillions3-111x300.jpg","datePublished":"2022-11-03T07:41:18+00:00","dateModified":"2022-12-30T19:51:59+00:00","description":"Loterie Euromillions je jednou z nejvyhled\u00e1van\u011bj\u0161\u00edch loteri\u00ed. Nyn\u00ed si m\u016f\u017eete zahr\u00e1t pomoc\u00ed online tiketu, i kdy\u017e se nach\u00e1z\u00edte mimo Evropu.","breadcrumb":{"@id":"https:\/\/jackpotlotteryonline.com\/play-online\/euromillions\/#breadcrumb"},"inLanguage":"cs","potentialAction":[{"@type":"ReadAction","target":["https:\/\/jackpotlotteryonline.com\/play-online\/euromillions\/"]}]},{"@type":"ImageObject","inLanguage":"cs","@id":"https:\/\/jackpotlotteryonline.com\/play-online\/euromillions\/#primaryimage","url":"https:\/\/jackpotlotteryonline.com\/wp-content\/uploads\/2022\/10\/2_ticket_euromillions3-111x300.jpg","contentUrl":"https:\/\/jackpotlotteryonline.com\/wp-content\/uploads\/2022\/10\/2_ticket_euromillions3-111x300.jpg"},{"@type":"BreadcrumbList","@id":"https:\/\/jackpotlotteryonline.com\/play-online\/euromillions\/#breadcrumb","itemListElement":[{"@type":"ListItem","position":1,"name":"Home","item":"https:\/\/jackpotlotteryonline.com\/cs\/"},{"@type":"ListItem","position":2,"name":"Jak hr\u00e1t","item":"https:\/\/jackpotlotteryonline.com\/play-online\/"},{"@type":"ListItem","position":3,"name":"Hrajte Euro Millions"}]},{"@type":"WebSite","@id":"https:\/\/jackpotlotteryonline.com\/#website","url":"https:\/\/jackpotlotteryonline.com\/","name":"Lotto Online - Crack The International Lottery Jackpots","description":"","potentialAction":[{"@type":"SearchAction","target":{"@type":"EntryPoint","urlTemplate":"https:\/\/jackpotlotteryonline.com\/?s={search_term_string}"},"query-input":"required name=search_term_string"}],"inLanguage":"cs"}]}},"_links":{"self":[{"href":"https:\/\/jackpotlotteryonline.com\/cs\/wp-json\/wp\/v2\/pages\/36001","targetHints":{"allow":["GET"]}}],"collection":[{"href":"https:\/\/jackpotlotteryonline.com\/cs\/wp-json\/wp\/v2\/pages"}],"about":[{"href":"https:\/\/jackpotlotteryonline.com\/cs\/wp-json\/wp\/v2\/types\/page"}],"author":[{"embeddable":true,"href":"https:\/\/jackpotlotteryonline.com\/cs\/wp-json\/wp\/v2\/users\/1"}],"replies":[{"embeddable":true,"href":"https:\/\/jackpotlotteryonline.com\/cs\/wp-json\/wp\/v2\/comments?post=36001"}],"version-history":[{"count":0,"href":"https:\/\/jackpotlotteryonline.com\/cs\/wp-json\/wp\/v2\/pages\/36001\/revisions"}],"up":[{"embeddable":true,"href":"https:\/\/jackpotlotteryonline.com\/cs\/wp-json\/wp\/v2\/pages\/35538"}],"wp:attachment":[{"href":"https:\/\/jackpotlotteryonline.com\/cs\/wp-json\/wp\/v2\/media?parent=36001"}],"curies":[{"name":"wp","href":"https:\/\/api.w.org\/{rel}","templated":true}]}}