{"id":36054,"date":"2022-11-03T09:19:12","date_gmt":"2022-11-03T09:19:12","guid":{"rendered":"https:\/\/jackpotlotteryonline.com\/?page_id=36054"},"modified":"2022-12-30T20:37:11","modified_gmt":"2022-12-30T20:37:11","slug":"eurojackpot","status":"publish","type":"page","link":"https:\/\/jackpotlotteryonline.com\/cs\/jak-hrat\/eurojackpot\/","title":{"rendered":"Eurojackpot"},"content":{"rendered":"<h2>Jak se z\u00fa\u010dastnit Eurojackpotu z jak\u00e9koli zem\u011b<\/h2>\n<p><strong>Eurojackpot<\/strong> je spolu s Euromiliony jednou z nejv\u011bt\u0161\u00edch a nejobl\u00edben\u011bj\u0161\u00edch loteri\u00ed v cel\u00e9 Evrop\u011b a ka\u017ed\u00fd t\u00fdden ji hraj\u00ed miliony lid\u00ed po cel\u00e9m sv\u011bt\u011b. Eurojackpot byl poprv\u00e9 vytvo\u0159en v roce 1994, av\u0161ak po n\u011bkolika zm\u011bn\u00e1ch pravidel a form\u00e1tu se jeho spu\u0161t\u011bn\u00ed o n\u011bkolik let zpozdilo, a\u017e byl nakonec v roce 2004 spu\u0161t\u011bn a p\u0159ipraven ke h\u0159e v Evrop\u011b.<br \/>\n<img loading=\"lazy\" decoding=\"async\" class=\"alignright wp-image-18574\" src=\"http:\/\/jackpotlotteryonline.com\/wp-content\/uploads\/2022\/10\/1_online_ticket_eurojackpot2.jpg\" alt=\"Hrajte eurojackpot online\" width=\"260\" height=\"173\" \/><\/p>\n<p>Od prvn\u00edho slosov\u00e1n\u00ed v roce 2004 hraj\u00ed tuto \u00fa\u017easnou hazardn\u00ed hru miliony lid\u00ed a existuje mnoho v\u00fdherc\u016f jackpot\u016f, z nich\u017e n\u011bkte\u0159\u00ed m\u011bli to \u0161t\u011bst\u00ed a vybrali si v\u00fdhry p\u0159esahuj\u00edc\u00ed 180 milion\u016f eur!<\/p>\n<p>D\u00edky standardn\u00ed v\u00fdh\u0159e 15 milion\u016f eur, kter\u00e1 m\u011bn\u00ed \u017eivot, nen\u00ed divu, \u017ee Eurojackpot hraj\u00ed ka\u017ed\u00fd t\u00fdden tak\u00e9 miliony lid\u00ed online. Pravidla jsou velmi jednoduch\u00e1 &#8211; abyste mohli hr\u00e1t a vyhr\u00e1t jackpot, mus\u00edte spr\u00e1vn\u011b zvolit 5 \u010d\u00edsel z rozmez\u00ed 1 a\u017e 50, nav\u00edc mus\u00edte spr\u00e1vn\u011b uhodnout dal\u0161\u00ed 2 \u010d\u00edsla s n\u00e1zvem &#8220;\u0161\u0165astn\u00e9 hv\u011bzdy&#8221; mezi 1 a 11.<\/p>\n<p><a href=\"https:\/\/jackpotlotteryonline.com\/cs\/koupit-vstupenky\/euromillions\">Z\u00edskejte sv\u016fj online tiket<\/a> prost\u0159ednictv\u00edm na\u0161\u00ed slu\u017eby &#8211; z\u00fa\u010dastnit se a vyhr\u00e1t m\u016f\u017ee ka\u017ed\u00fd!<\/p>\n<section class=\"layout\" style=\"border: solid 1px; width: 100%;\">\n<div class=\"img-div\" style=\"margin-top: 5px;\"><img decoding=\"async\" class=\"wp-image-17212 alignleft\" style=\"height: 45px; margin: 8px 8px 0px;\" src=\"http:\/\/jackpotlotteryonline.com\/wp-content\/uploads\/2022\/11\/read1.jpg\" alt=\"P\u0159e\u010dt\u011bte si\" width=\"\" height=\"\" \/><\/div>\n<div style=\"padding-left: 5px;\">\n<div style=\"font-size: 1.1em;\">\n<p><strong>Kter\u00e1 mezin\u00e1rodn\u00ed loterie je nejlep\u0161\u00ed?<\/strong><\/p>\n<p style=\"font-size: 0.85em; margin-top: -1.5em;\">Kter\u00e9 z mezin\u00e1rodn\u00edch loteri\u00ed maj\u00ed nejlep\u0161\u00ed \u0161ance na v\u00fdhru \u00a0<a href=\"https:\/\/jackpotlotteryonline.com\/cs\/ktera-mezinarodni-loterie-je-nejlepsi\">P\u0159e\u010dt\u011bte si v\u00edce<\/a><\/p>\n<\/div>\n<\/div>\n<\/section>\n<h2>Kupte si tiket Eurojackpotu online<\/h2>\n<p><strong>Skv\u011bl\u00e9 na h\u0159e EuroJackpot online<\/strong> je to, \u017ee v n\u00ed m\u016f\u017eete vyhr\u00e1t mnoho cen, tak\u017ee pokud se nestanete v\u00fdhercem jackpotu, nemus\u00edte se b\u00e1t, proto\u017ee st\u00e1le m\u016f\u017eete m\u00edt velkou \u0161anci vyhr\u00e1t vysok\u00e9 pen\u011b\u017en\u00ed v\u00fdhry. Krom\u011b velk\u00e9 jackpotov\u00e9 v\u00fdhry, kterou m\u016f\u017eete vyhr\u00e1t, kdy\u017e si koup\u00edte tiket EuroJackpot online, m\u016f\u017eete vyhr\u00e1t 13 r\u016fzn\u00fdch cen.<br \/>\n<img loading=\"lazy\" decoding=\"async\" class=\"alignright size-medium wp-image-18736\" src=\"http:\/\/jackpotlotteryonline.com\/wp-content\/uploads\/2022\/10\/2_ticket_eurojackpot-141x300.jpg\" alt=\"Eurojackpot ticket\" width=\"141\" height=\"300\" srcset=\"https:\/\/jackpotlotteryonline.com\/wp-content\/uploads\/2022\/10\/2_ticket_eurojackpot-141x300.jpg 141w, https:\/\/jackpotlotteryonline.com\/wp-content\/uploads\/2022\/10\/2_ticket_eurojackpot.jpg 150w\" sizes=\"auto, (max-width: 141px) 100vw, 141px\" \/><\/p>\n<p>Pokud hlavn\u00ed jackpot nevyhraje \u017e\u00e1dn\u00fd v\u00fdherce, p\u0159ech\u00e1z\u00ed Eurojackpot do dal\u0161\u00edho t\u00fddne. V minulosti proto padly obrovsk\u00e9 jackpoty ve v\u00fd\u0161i 100 milion\u016f eur a v\u00edce. Loterii obvykle hraj\u00ed obyvatel\u00e9 evropsk\u00fdch zem\u00ed, tak\u017ee ka\u017ed\u00fd t\u00fdden si \u00fa\u010dastn\u00edci z m\u00edst, jako je Velk\u00e1 Brit\u00e1nie, Francie, N\u011bmecko a \u0160v\u00fdcarsko, kupuj\u00ed tikety Eurojackpotu online.<\/p>\n<p>N\u00e1kup losu online se rychle st\u00e1v\u00e1 nejobl\u00edben\u011bj\u0161\u00edm zp\u016fsobem hran\u00ed loterie Eurojackpot. Pravidla jsou stejn\u00e1, cel\u00fd proces hry je v\u0161ak mnohem rychlej\u0161\u00ed a jednodu\u0161\u0161\u00ed, pokud jde o n\u00e1kup tiketu. Nap\u0159\u00edklad m\u00edsto toho, abyste se vydali do m\u00edstn\u00edho obchodu a koupili si fyzick\u00fd tiket, m\u016f\u017eete se jednodu\u0161e p\u0159ihl\u00e1sit na hern\u00ed str\u00e1nky a b\u011bhem n\u011bkolika vte\u0159in si vybrat vlastn\u00ed \u010d\u00edsla z pohodl\u00ed domova nebo dokonce z kancel\u00e1\u0159e.<\/p>\n<p>Jakmile si vyberete sv\u00e1 \u0161\u0165astn\u00e1 \u010d\u00edsla, nebo dokonce n\u011bkolik sad \u010d\u00edsel, pokud chcete opravdu zv\u00fd\u0161it sv\u00e9 \u0161ance na v\u00fdhru, m\u016f\u017eete sv\u016fj tiket bezpe\u010dn\u011b a spolehliv\u011b zaplatit tak\u00e9 online. Po ka\u017ed\u00e9m losov\u00e1n\u00ed <a href=\"http:\/\/jackpotlotteryonline.com\/cs\/vyherni-cisla\/euromillions\">loterie Eurojackpot budou v\u00fdsledky<\/a> aktualizov\u00e1ny online b\u011bhem chv\u00edle po odhalen\u00ed posledn\u00edho \u010d\u00edsla ka\u017ed\u00fd t\u00fdden. To znamen\u00e1, \u017ee se m\u016f\u017eete jednodu\u0161e znovu p\u0159ihl\u00e1sit ke sv\u00e9mu \u00fa\u010dtu a b\u011bhem n\u011bkolika vte\u0159in si prohl\u00e9dnout vylosovan\u00e1 \u010d\u00edsla, \u010d\u00edm\u017e odpad\u00e1 nutnost hledat v\u00fdsledky v novin\u00e1ch.<\/p>\n<p>Nav\u00edc, kdy\u017e s n\u00e1mi hrajete Eurojackpot online, bude v\u00e1m tak\u00e9 automaticky zasl\u00e1n e-mail, pokud jste uhodli n\u011bjak\u00e9 \u010d\u00edslo.<\/p>\n","protected":false},"excerpt":{"rendered":"<p>Jak se z\u00fa\u010dastnit Eurojackpotu z jak\u00e9koli zem\u011b Eurojackpot je spolu s Euromiliony jednou z nejv\u011bt\u0161\u00edch a nejobl\u00edben\u011bj\u0161\u00edch loteri\u00ed v cel\u00e9 Evrop\u011b a ka\u017ed\u00fd t\u00fdden ji hraj\u00ed miliony lid\u00ed po cel\u00e9m sv\u011bt\u011b. Eurojackpot byl poprv\u00e9 vytvo\u0159en v roce 1994, av\u0161ak po n\u011bkolika zm\u011bn\u00e1ch pravidel a form\u00e1tu se jeho spu\u0161t\u011bn\u00ed o n\u011bkolik let zpozdilo, a\u017e byl nakonec [&hellip;]<\/p>\n","protected":false},"author":1,"featured_media":0,"parent":35538,"menu_order":4,"comment_status":"closed","ping_status":"closed","template":"eurojackpot.php","meta":{"_et_pb_use_builder":"","_et_pb_old_content":"","_et_gb_content_width":"","exclude_from_search":false,"footnotes":""},"class_list":["post-36054","page","type-page","status-publish","hentry"],"yoast_head":"<!-- This site is optimized with the Yoast SEO plugin v23.3 - https:\/\/yoast.com\/wordpress\/plugins\/seo\/ -->\n<title>Hrajte Eurojackpot online, a to i mimo Evropu<\/title>\n<meta name=\"description\" content=\"Hran\u00edm Eurojackpotu online se p\u0159ibl\u00ed\u017e\u00edte tomu, \u017ee se stanete milion\u00e1\u0159em!\" \/>\n<meta name=\"robots\" content=\"index, follow, max-snippet:-1, max-image-preview:large, max-video-preview:-1\" \/>\n<link rel=\"canonical\" href=\"https:\/\/jackpotlotteryonline.com\/play-online\/eurojackpot\/\" \/>\n<meta property=\"og:locale\" content=\"cs_CZ\" \/>\n<meta property=\"og:type\" content=\"article\" \/>\n<meta property=\"og:title\" content=\"Hrajte Eurojackpot online, a to i mimo Evropu\" \/>\n<meta property=\"og:description\" content=\"Hran\u00edm Eurojackpotu online se p\u0159ibl\u00ed\u017e\u00edte tomu, \u017ee se stanete milion\u00e1\u0159em!\" \/>\n<meta property=\"og:url\" content=\"https:\/\/jackpotlotteryonline.com\/play-online\/eurojackpot\/\" \/>\n<meta property=\"og:site_name\" content=\"Lotto Online - Crack The International Lottery Jackpots\" \/>\n<meta property=\"article:modified_time\" content=\"2022-12-30T20:37:11+00:00\" \/>\n<meta property=\"og:image\" content=\"http:\/\/jackpotlotteryonline.com\/wp-content\/uploads\/2022\/10\/1_online_ticket_eurojackpot2.jpg\" \/>\n<meta name=\"twitter:card\" content=\"summary_large_image\" \/>\n<meta name=\"twitter:label1\" content=\"Odhadovan\u00e1 doba \u010dten\u00ed\" \/>\n\t<meta name=\"twitter:data1\" content=\"3 minuty\" \/>\n<!-- \/ Yoast SEO plugin. -->","yoast_head_json":{"title":"Hrajte Eurojackpot online, a to i mimo Evropu","description":"Hran\u00edm Eurojackpotu online se p\u0159ibl\u00ed\u017e\u00edte tomu, \u017ee se stanete milion\u00e1\u0159em!","robots":{"index":"index","follow":"follow","max-snippet":"max-snippet:-1","max-image-preview":"max-image-preview:large","max-video-preview":"max-video-preview:-1"},"canonical":"https:\/\/jackpotlotteryonline.com\/play-online\/eurojackpot\/","og_locale":"cs_CZ","og_type":"article","og_title":"Hrajte Eurojackpot online, a to i mimo Evropu","og_description":"Hran\u00edm Eurojackpotu online se p\u0159ibl\u00ed\u017e\u00edte tomu, \u017ee se stanete milion\u00e1\u0159em!","og_url":"https:\/\/jackpotlotteryonline.com\/play-online\/eurojackpot\/","og_site_name":"Lotto Online - Crack The International Lottery Jackpots","article_modified_time":"2022-12-30T20:37:11+00:00","og_image":[{"url":"http:\/\/jackpotlotteryonline.com\/wp-content\/uploads\/2022\/10\/1_online_ticket_eurojackpot2.jpg"}],"twitter_card":"summary_large_image","twitter_misc":{"Odhadovan\u00e1 doba \u010dten\u00ed":"3 minuty"},"schema":{"@context":"https:\/\/schema.org","@graph":[{"@type":"WebPage","@id":"https:\/\/jackpotlotteryonline.com\/play-online\/eurojackpot\/","url":"https:\/\/jackpotlotteryonline.com\/play-online\/eurojackpot\/","name":"Hrajte Eurojackpot online, a to i mimo Evropu","isPartOf":{"@id":"https:\/\/jackpotlotteryonline.com\/#website"},"primaryImageOfPage":{"@id":"https:\/\/jackpotlotteryonline.com\/play-online\/eurojackpot\/#primaryimage"},"image":{"@id":"https:\/\/jackpotlotteryonline.com\/play-online\/eurojackpot\/#primaryimage"},"thumbnailUrl":"http:\/\/jackpotlotteryonline.com\/wp-content\/uploads\/2022\/10\/1_online_ticket_eurojackpot2.jpg","datePublished":"2022-11-03T09:19:12+00:00","dateModified":"2022-12-30T20:37:11+00:00","description":"Hran\u00edm Eurojackpotu online se p\u0159ibl\u00ed\u017e\u00edte tomu, \u017ee se stanete milion\u00e1\u0159em!","breadcrumb":{"@id":"https:\/\/jackpotlotteryonline.com\/play-online\/eurojackpot\/#breadcrumb"},"inLanguage":"cs","potentialAction":[{"@type":"ReadAction","target":["https:\/\/jackpotlotteryonline.com\/play-online\/eurojackpot\/"]}]},{"@type":"ImageObject","inLanguage":"cs","@id":"https:\/\/jackpotlotteryonline.com\/play-online\/eurojackpot\/#primaryimage","url":"http:\/\/jackpotlotteryonline.com\/wp-content\/uploads\/2022\/10\/1_online_ticket_eurojackpot2.jpg","contentUrl":"http:\/\/jackpotlotteryonline.com\/wp-content\/uploads\/2022\/10\/1_online_ticket_eurojackpot2.jpg"},{"@type":"BreadcrumbList","@id":"https:\/\/jackpotlotteryonline.com\/play-online\/eurojackpot\/#breadcrumb","itemListElement":[{"@type":"ListItem","position":1,"name":"Home","item":"https:\/\/jackpotlotteryonline.com\/cs\/"},{"@type":"ListItem","position":2,"name":"Jak hr\u00e1t","item":"https:\/\/jackpotlotteryonline.com\/play-online\/"},{"@type":"ListItem","position":3,"name":"Eurojackpot"}]},{"@type":"WebSite","@id":"https:\/\/jackpotlotteryonline.com\/#website","url":"https:\/\/jackpotlotteryonline.com\/","name":"Lotto Online - Crack The International Lottery Jackpots","description":"","potentialAction":[{"@type":"SearchAction","target":{"@type":"EntryPoint","urlTemplate":"https:\/\/jackpotlotteryonline.com\/?s={search_term_string}"},"query-input":"required name=search_term_string"}],"inLanguage":"cs"}]}},"_links":{"self":[{"href":"https:\/\/jackpotlotteryonline.com\/cs\/wp-json\/wp\/v2\/pages\/36054","targetHints":{"allow":["GET"]}}],"collection":[{"href":"https:\/\/jackpotlotteryonline.com\/cs\/wp-json\/wp\/v2\/pages"}],"about":[{"href":"https:\/\/jackpotlotteryonline.com\/cs\/wp-json\/wp\/v2\/types\/page"}],"author":[{"embeddable":true,"href":"https:\/\/jackpotlotteryonline.com\/cs\/wp-json\/wp\/v2\/users\/1"}],"replies":[{"embeddable":true,"href":"https:\/\/jackpotlotteryonline.com\/cs\/wp-json\/wp\/v2\/comments?post=36054"}],"version-history":[{"count":0,"href":"https:\/\/jackpotlotteryonline.com\/cs\/wp-json\/wp\/v2\/pages\/36054\/revisions"}],"up":[{"embeddable":true,"href":"https:\/\/jackpotlotteryonline.com\/cs\/wp-json\/wp\/v2\/pages\/35538"}],"wp:attachment":[{"href":"https:\/\/jackpotlotteryonline.com\/cs\/wp-json\/wp\/v2\/media?parent=36054"}],"curies":[{"name":"wp","href":"https:\/\/api.w.org\/{rel}","templated":true}]}}