{"id":36107,"date":"2022-11-03T10:49:48","date_gmt":"2022-11-03T10:49:48","guid":{"rendered":"https:\/\/jackpotlotteryonline.com\/?page_id=36107"},"modified":"2022-12-31T07:03:32","modified_gmt":"2022-12-31T07:03:32","slug":"superenalotto","status":"publish","type":"page","link":"https:\/\/jackpotlotteryonline.com\/cs\/jak-hrat\/superenalotto\/","title":{"rendered":"SuperEnaLotto It\u00e1lie"},"content":{"rendered":"<h2>Superenalotto Italia<\/h2>\n<p>Jedn\u00e1 se o italskou jackpotovou loterii, kter\u00e1 byla poprv\u00e9 vylosov\u00e1na 3. prosince 1997 a<strong> online jackpot Superenalotto<\/strong> dosahuje velmi \u010dasto astronomick\u00fdch \u010d\u00e1stek. Losuje se ka\u017ed\u00e9 \u00fater\u00fd, \u010dtvrtek a sobotu p\u0159esn\u011b ve 20 hodin. Vzhledem k tomu, \u017ee se jedn\u00e1 o nejvy\u0161\u0161\u00ed \u010d\u00e1stky jackpotu, pat\u0159\u00ed \u0161ance na v\u00fdhru v t\u00e9to loterii k nejni\u017e\u0161\u00edm. Je zn\u00e1mo, \u017ee <strong>Superenalotto Italia<\/strong> dosahuje jackpot\u016f ve v\u00fd\u0161i p\u0159es 250 milion\u016f eur.<\/p>\n<section class=\"layout\" style=\"border: solid 1px; width: 100%;\">\n<div class=\"img-div\" style=\"margin-top: 5px;\"><img decoding=\"async\" class=\"wp-image-17212 alignleft\" style=\"height: 45px; margin: 8px 8px 0px;\" src=\"http:\/\/jackpotlotteryonline.com\/wp-content\/uploads\/2022\/11\/read1.jpg\" alt=\"P\u0159e\u010dt\u011bte si\" width=\"\" height=\"\" \/><\/div>\n<div style=\"padding-left: 5px;\">\n<div style=\"font-size: 1.1em;\">\n<p><strong>Evropsk\u00e9 loterie<\/strong><\/p>\n<p style=\"font-size: 0.85em; margin-top: -1.5em;\">Kter\u00e9 evropsk\u00e9 loterie jsou nejlep\u0161\u00ed?\u00a0 <a href=\"https:\/\/jackpotlotteryonline.com\/cs\/ktere-evropske-loterie-jsou-nejlepsi\"> P\u0159e\u010dt\u011bte si v\u00edce<\/a><\/p>\n<\/div>\n<\/div>\n<\/section>\n<h2>Jak Superenalotto funguje<\/h2>\n<p><img loading=\"lazy\" decoding=\"async\" class=\"alignright wp-image-17735\" src=\"http:\/\/jackpotlotteryonline.com\/wp-content\/uploads\/2022\/10\/logo_superenalotto.png\" alt=\"hr\u00e1t superenalotto online\" width=\"168\" height=\"178\" \/><\/p>\n<p><strong>Superenalotto<\/strong> spo\u010d\u00edv\u00e1 v uhodnut\u00ed 6 \u010d\u00edsel z 90.<a href=\"http:\/\/jackpotlotteryonline.com\/cs\/vyherni-cisla\/superenalotto\"> V hlavn\u00edm tahu<\/a> se losuje v\u0161ech 6 \u010d\u00edsel, mezi nimi\u017e je i \u010d\u00edslo Jolly, a pot\u00e9 prob\u00edh\u00e1 druh\u00e9 a nez\u00e1visl\u00e9 losov\u00e1n\u00ed \u010d\u00edsla Superstar. Abyste m\u011bli v Superenalotto Italia \u0161anci n\u011bco vyhr\u00e1t, mus\u00edte uhodnout alespo\u0148 3 \u010d\u00edsla, p\u0159i\u010dem\u017e \u0161ance, \u017ee se v\u00e1m to poda\u0159\u00ed, je 1 ku 327. Chcete-li vyhr\u00e1t jackpot, je \u0161ance 1 ku 622 milion\u016fm.<\/p>\n<p>Za \u010d\u00edslo Superstar se plat\u00ed p\u0159\u00edplatek, ale pokud jste ve h\u0159e a m\u00e1te \u0161t\u011bst\u00ed, \u017ee ho tref\u00edte, m\u016f\u017ee se v\u00fdhra zv\u00fd\u0161it a\u017e ston\u00e1sobn\u011b. Pokud v\u00e1m toti\u017e padne \u010d\u00edslo Superstar a nepadne \u0161est z\u00e1kladn\u00edch \u010d\u00edsel, m\u016f\u017eete tak\u00e9 odej\u00edt s pevn\u011b danou \u010d\u00e1stkou v podob\u011b v\u00fdhry.<\/p>\n<h2>Co m\u016f\u017eete vyhr\u00e1t s jackpotem Superenalotto?<\/h2>\n<p>V roce 2022 je aktu\u00e1ln\u011b vyps\u00e1n dosud nejvy\u0161\u0161\u00ed jackpot <strong>Superenalotto Italia, kter\u00fd v sou\u010dasn\u00e9 dob\u011b \u010din\u00ed<\/strong> 295 milion\u016f eur. Jedn\u00e1 se o zdaleka nejv\u011bt\u0161\u00ed jackpot, kter\u00fd bylo mo\u017en\u00e9 vyhr\u00e1t v historii italsk\u00e9ho lotta, a v dob\u011b aktualizace t\u00e9to str\u00e1nky se je\u0161t\u011b nena\u0161el \u017e\u00e1dn\u00fd v\u00fdherce!<br \/>\n<img loading=\"lazy\" decoding=\"async\" class=\"alignright size-medium wp-image-19493\" src=\"http:\/\/jackpotlotteryonline.com\/wp-content\/uploads\/2022\/10\/2_ticket_superenalotto4-211x300.jpg\" alt=\"tiket superenalotto\" width=\"211\" height=\"300\" srcset=\"https:\/\/jackpotlotteryonline.com\/wp-content\/uploads\/2022\/10\/2_ticket_superenalotto4-211x300.jpg 211w, https:\/\/jackpotlotteryonline.com\/wp-content\/uploads\/2022\/10\/2_ticket_superenalotto4.jpg 300w\" sizes=\"auto, (max-width: 211px) 100vw, 211px\" \/><\/p>\n<p>Nen\u00ed v\u0161ak d\u016fvod se nechat odradit. Ve skute\u010dnosti plat\u00ed, \u017ee \u010d\u00edm vy\u0161\u0161\u00ed \u0161ance, t\u00edm vy\u0161\u0161\u00ed jackpot lze vyhr\u00e1t a t\u00edm lep\u0161\u00ed adrenalin. Loterie byla v\u017edy hrou n\u00e1hody a je mo\u017en\u00e9, \u017ee pr\u00e1v\u011b vy budete t\u00edm dal\u0161\u00edm \u0161\u0165astlivcem.<\/p>\n<p>Nejlep\u0161\u00edm aspektem jackpotu <strong>online loterie Superena<\/strong> je, \u017ee se j\u00ed m\u016f\u017ee z\u00fa\u010dastnit kdokoli z jak\u00e9hokoli m\u00edsta na sv\u011bt\u011b, dokonce i mimo It\u00e1lii, a jedin\u00fdm z\u00e1kladem \u00fa\u010dasti je, aby bylo \u010dlov\u011bku v\u00edce ne\u017e 18 let. <strong>Na\u0161e webov\u00e9<\/strong> str\u00e1nky v\u00e1m d\u00e1vaj\u00ed <a href=\"https:\/\/jackpotlotteryonline.com\/cs\/koupit-vstupenky\/superenalotto\">nejlep\u0161\u00ed \u0161anci na Superenalotto Italia<\/a>, a pokud jste si ho je\u0161t\u011b nezahr\u00e1li, pokou\u0161\u00edte \u0161t\u011bst\u00ed na \u0161patn\u00e9m m\u00edst\u011b.<\/p>\n<p>Jakmile se zaregistrujete na na\u0161ich webov\u00fdch str\u00e1nk\u00e1ch a ov\u011b\u0159\u00edte si sv\u00e9 pov\u011b\u0159en\u00ed, sta\u010dilo by jen vybrat si \u010d\u00edsla a prov\u00e9st platbu, abyste m\u011bli jistotu, \u017ee jste si rezervovali m\u00edsto v autobusu, kter\u00fd v\u00e1s doveze k milion\u016fm. N\u00e1\u0161 m\u00edstn\u00ed z\u00e1stupce na m\u00edst\u011b zakoup\u00ed va\u0161i j\u00edzdenku s v\u00e1mi zadan\u00fdmi \u010d\u00edsly a zajist\u00ed, abyste kr\u00e1tce pot\u00e9 mohli vid\u011bt sken t\u00e9to j\u00edzdenky&#8230;<\/p>\n<p>Zat\u00edmco v\u00fdhra v <strong>Superenalotto Italia<\/strong> je z\u00e1le\u017eitost\u00ed nep\u0159\u00edzniv\u00e9ho kurzu, m\u016f\u017eete se s pomoc\u00ed na\u0161\u00ed slu\u017eby pod\u00edvat i na dal\u0161\u00ed loterie po cel\u00e9m sv\u011bt\u011b, kter\u00e9 m\u016f\u017eete hr\u00e1t online.<\/p>\n<p>Vyberte si sv\u00e9 obl\u00edben\u00e9 hazardn\u00ed hry a zvy\u0161te sv\u00e9 procento v\u00fdher t\u00edm, \u017ee se je\u0161t\u011b dnes p\u0159ipoj\u00edte ke komunit\u011b na\u0161ich u\u017eivatel\u016f. Je na \u010dase, abyste sv\u00e9 \u0161t\u011bst\u00ed podrobili kone\u010dn\u00e9 zkou\u0161ce.<\/p>\n","protected":false},"excerpt":{"rendered":"<p>Superenalotto Italia Jedn\u00e1 se o italskou jackpotovou loterii, kter\u00e1 byla poprv\u00e9 vylosov\u00e1na 3. prosince 1997 a online jackpot Superenalotto dosahuje velmi \u010dasto astronomick\u00fdch \u010d\u00e1stek. Losuje se ka\u017ed\u00e9 \u00fater\u00fd, \u010dtvrtek a sobotu p\u0159esn\u011b ve 20 hodin. Vzhledem k tomu, \u017ee se jedn\u00e1 o nejvy\u0161\u0161\u00ed \u010d\u00e1stky jackpotu, pat\u0159\u00ed \u0161ance na v\u00fdhru v t\u00e9to loterii k nejni\u017e\u0161\u00edm. Je [&hellip;]<\/p>\n","protected":false},"author":1,"featured_media":0,"parent":35538,"menu_order":5,"comment_status":"closed","ping_status":"closed","template":"superenalotto.php","meta":{"_et_pb_use_builder":"","_et_pb_old_content":"","_et_gb_content_width":"","exclude_from_search":false,"footnotes":""},"class_list":["post-36107","page","type-page","status-publish","hentry"],"yoast_head":"<!-- This site is optimized with the Yoast SEO plugin v23.3 - https:\/\/yoast.com\/wordpress\/plugins\/seo\/ -->\n<title>Zahrajte si SuperEnaLotto online ze zahrani\u010d\u00ed It\u00e1lie<\/title>\n<meta name=\"description\" content=\"Superenalotto se m\u016f\u017ee zd\u00e1t jako tvrd\u00fd o\u0159\u00ed\u0161ek, ale pokud tref\u00edte jackpot, vyhrajete hodn\u011b. Zahrajte si Superenalotto z m\u00edst mimo It\u00e1lii zde!\" \/>\n<meta name=\"robots\" content=\"index, follow, max-snippet:-1, max-image-preview:large, max-video-preview:-1\" \/>\n<link rel=\"canonical\" href=\"https:\/\/jackpotlotteryonline.com\/play-online\/superenalotto\/\" \/>\n<meta property=\"og:locale\" content=\"cs_CZ\" \/>\n<meta property=\"og:type\" content=\"article\" \/>\n<meta property=\"og:title\" content=\"Zahrajte si SuperEnaLotto online ze zahrani\u010d\u00ed It\u00e1lie\" \/>\n<meta property=\"og:description\" content=\"Superenalotto se m\u016f\u017ee zd\u00e1t jako tvrd\u00fd o\u0159\u00ed\u0161ek, ale pokud tref\u00edte jackpot, vyhrajete hodn\u011b. Zahrajte si Superenalotto z m\u00edst mimo It\u00e1lii zde!\" \/>\n<meta property=\"og:url\" content=\"https:\/\/jackpotlotteryonline.com\/play-online\/superenalotto\/\" \/>\n<meta property=\"og:site_name\" content=\"Lotto Online - Crack The International Lottery Jackpots\" \/>\n<meta property=\"article:modified_time\" content=\"2022-12-31T07:03:32+00:00\" \/>\n<meta property=\"og:image\" content=\"http:\/\/jackpotlotteryonline.com\/wp-content\/uploads\/2022\/11\/read1.jpg\" \/>\n<meta name=\"twitter:card\" content=\"summary_large_image\" \/>\n<meta name=\"twitter:label1\" content=\"Odhadovan\u00e1 doba \u010dten\u00ed\" \/>\n\t<meta name=\"twitter:data1\" content=\"3 minuty\" \/>\n<!-- \/ Yoast SEO plugin. -->","yoast_head_json":{"title":"Zahrajte si SuperEnaLotto online ze zahrani\u010d\u00ed It\u00e1lie","description":"Superenalotto se m\u016f\u017ee zd\u00e1t jako tvrd\u00fd o\u0159\u00ed\u0161ek, ale pokud tref\u00edte jackpot, vyhrajete hodn\u011b. Zahrajte si Superenalotto z m\u00edst mimo It\u00e1lii zde!","robots":{"index":"index","follow":"follow","max-snippet":"max-snippet:-1","max-image-preview":"max-image-preview:large","max-video-preview":"max-video-preview:-1"},"canonical":"https:\/\/jackpotlotteryonline.com\/play-online\/superenalotto\/","og_locale":"cs_CZ","og_type":"article","og_title":"Zahrajte si SuperEnaLotto online ze zahrani\u010d\u00ed It\u00e1lie","og_description":"Superenalotto se m\u016f\u017ee zd\u00e1t jako tvrd\u00fd o\u0159\u00ed\u0161ek, ale pokud tref\u00edte jackpot, vyhrajete hodn\u011b. Zahrajte si Superenalotto z m\u00edst mimo It\u00e1lii zde!","og_url":"https:\/\/jackpotlotteryonline.com\/play-online\/superenalotto\/","og_site_name":"Lotto Online - Crack The International Lottery Jackpots","article_modified_time":"2022-12-31T07:03:32+00:00","og_image":[{"url":"http:\/\/jackpotlotteryonline.com\/wp-content\/uploads\/2022\/11\/read1.jpg"}],"twitter_card":"summary_large_image","twitter_misc":{"Odhadovan\u00e1 doba \u010dten\u00ed":"3 minuty"},"schema":{"@context":"https:\/\/schema.org","@graph":[{"@type":"WebPage","@id":"https:\/\/jackpotlotteryonline.com\/play-online\/superenalotto\/","url":"https:\/\/jackpotlotteryonline.com\/play-online\/superenalotto\/","name":"Zahrajte si SuperEnaLotto online ze zahrani\u010d\u00ed It\u00e1lie","isPartOf":{"@id":"https:\/\/jackpotlotteryonline.com\/#website"},"primaryImageOfPage":{"@id":"https:\/\/jackpotlotteryonline.com\/play-online\/superenalotto\/#primaryimage"},"image":{"@id":"https:\/\/jackpotlotteryonline.com\/play-online\/superenalotto\/#primaryimage"},"thumbnailUrl":"http:\/\/jackpotlotteryonline.com\/wp-content\/uploads\/2022\/11\/read1.jpg","datePublished":"2022-11-03T10:49:48+00:00","dateModified":"2022-12-31T07:03:32+00:00","description":"Superenalotto se m\u016f\u017ee zd\u00e1t jako tvrd\u00fd o\u0159\u00ed\u0161ek, ale pokud tref\u00edte jackpot, vyhrajete hodn\u011b. Zahrajte si Superenalotto z m\u00edst mimo It\u00e1lii zde!","breadcrumb":{"@id":"https:\/\/jackpotlotteryonline.com\/play-online\/superenalotto\/#breadcrumb"},"inLanguage":"cs","potentialAction":[{"@type":"ReadAction","target":["https:\/\/jackpotlotteryonline.com\/play-online\/superenalotto\/"]}]},{"@type":"ImageObject","inLanguage":"cs","@id":"https:\/\/jackpotlotteryonline.com\/play-online\/superenalotto\/#primaryimage","url":"http:\/\/jackpotlotteryonline.com\/wp-content\/uploads\/2022\/11\/read1.jpg","contentUrl":"http:\/\/jackpotlotteryonline.com\/wp-content\/uploads\/2022\/11\/read1.jpg"},{"@type":"BreadcrumbList","@id":"https:\/\/jackpotlotteryonline.com\/play-online\/superenalotto\/#breadcrumb","itemListElement":[{"@type":"ListItem","position":1,"name":"Home","item":"https:\/\/jackpotlotteryonline.com\/cs\/"},{"@type":"ListItem","position":2,"name":"Jak hr\u00e1t","item":"https:\/\/jackpotlotteryonline.com\/play-online\/"},{"@type":"ListItem","position":3,"name":"SuperEnaLotto It\u00e1lie"}]},{"@type":"WebSite","@id":"https:\/\/jackpotlotteryonline.com\/#website","url":"https:\/\/jackpotlotteryonline.com\/","name":"Lotto Online - Crack The International Lottery Jackpots","description":"","potentialAction":[{"@type":"SearchAction","target":{"@type":"EntryPoint","urlTemplate":"https:\/\/jackpotlotteryonline.com\/?s={search_term_string}"},"query-input":"required name=search_term_string"}],"inLanguage":"cs"}]}},"_links":{"self":[{"href":"https:\/\/jackpotlotteryonline.com\/cs\/wp-json\/wp\/v2\/pages\/36107","targetHints":{"allow":["GET"]}}],"collection":[{"href":"https:\/\/jackpotlotteryonline.com\/cs\/wp-json\/wp\/v2\/pages"}],"about":[{"href":"https:\/\/jackpotlotteryonline.com\/cs\/wp-json\/wp\/v2\/types\/page"}],"author":[{"embeddable":true,"href":"https:\/\/jackpotlotteryonline.com\/cs\/wp-json\/wp\/v2\/users\/1"}],"replies":[{"embeddable":true,"href":"https:\/\/jackpotlotteryonline.com\/cs\/wp-json\/wp\/v2\/comments?post=36107"}],"version-history":[{"count":0,"href":"https:\/\/jackpotlotteryonline.com\/cs\/wp-json\/wp\/v2\/pages\/36107\/revisions"}],"up":[{"embeddable":true,"href":"https:\/\/jackpotlotteryonline.com\/cs\/wp-json\/wp\/v2\/pages\/35538"}],"wp:attachment":[{"href":"https:\/\/jackpotlotteryonline.com\/cs\/wp-json\/wp\/v2\/media?parent=36107"}],"curies":[{"name":"wp","href":"https:\/\/api.w.org\/{rel}","templated":true}]}}