{"id":36161,"date":"2022-11-03T14:16:36","date_gmt":"2022-11-03T14:16:36","guid":{"rendered":"https:\/\/jackpotlotteryonline.com\/?page_id=36161"},"modified":"2023-01-03T08:18:59","modified_gmt":"2023-01-03T08:18:59","slug":"el-gordo","status":"publish","type":"page","link":"https:\/\/jackpotlotteryonline.com\/cs\/jak-hrat\/el-gordo\/","title":{"rendered":"Hr\u00e1t El Gordo Lotto \u0160pan\u011blsko"},"content":{"rendered":"<h2>El Gordo Online Lotto Jackpot<\/h2>\n<p><img loading=\"lazy\" decoding=\"async\" class=\"alignright wp-image-18709\" src=\"https:\/\/jackpotlotteryonline.com\/wp-content\/uploads\/2022\/10\/2_ticket_el_gordo3-218x300.jpg\" alt=\"los el gordo\" width=\"174\" height=\"239\" srcset=\"https:\/\/jackpotlotteryonline.com\/wp-content\/uploads\/2022\/10\/2_ticket_el_gordo3-218x300.jpg 218w, https:\/\/jackpotlotteryonline.com\/wp-content\/uploads\/2022\/10\/2_ticket_el_gordo3.jpg 570w\" sizes=\"auto, (max-width: 174px) 100vw, 174px\" \/><\/p>\n<p>Pr\u016fm\u011brn\u00fd \u0160pan\u011bl utratil v roce 2009 za jackpot loterie El Gordo \u00fa\u017easnou \u010d\u00e1stku 60 eur. No, \u010d\u00e1stka 60 \u20ac se nemus\u00ed zd\u00e1t nijak z\u00e1vratn\u00e1, ale kdy\u017e ji vyn\u00e1sob\u00edte po\u010dtem obyvatel \u0160pan\u011blska, m\u016f\u017eete on\u011bm\u011bt. Loterie El Gordo, kter\u00e1 je zn\u00e1m\u00e1 p\u0159edev\u0161\u00edm d\u00edky v\u00e1no\u010dn\u00edmu vyd\u00e1n\u00ed \u0161pan\u011blsk\u00e9 loterie, se hraje tak\u00e9 ka\u017ed\u00fd t\u00fdden.<\/p>\n<p>Jedn\u00e1 se o loterii s <a href=\"https:\/\/jackpotlotteryonline.com\/cs\/vyherni-cisla\/vysledky-losovani-el-gordo\">jedn\u00edm slosov\u00e1n\u00edm t\u00fddn\u011b (ka\u017edou ned\u011bli)<\/a> a mus\u00edte vybrat 5 \u010d\u00edsel z 54 \u010d\u00edsel. N\u00e1zev El Gordo mimochodem znamen\u00e1 ve \u0161pan\u011bl\u0161tin\u011b &#8220;Velk\u00fd&#8221;.<\/p>\n<h2>V\u00e1no\u010dn\u00ed losov\u00e1n\u00ed El Gordo<\/h2>\n<p>Loterie El Gordo Navidad, kter\u00e1 se hraje jednou ro\u010dn\u011b v dob\u011b V\u00e1noc, se velmi li\u0161\u00ed od ostatn\u00edch srovnateln\u00fdch loteri\u00ed na sv\u011bt\u011b, proto\u017ee je k dispozici pouze 85 000 \u010d\u00edsel (od 00000 do 84999) a losov\u00e1n\u00ed je velmi zvl\u00e1\u0161tn\u00ed ud\u00e1lost\u00ed, jej\u00ed\u017e p\u0159\u00edprava a proveden\u00ed trv\u00e1 dlouho.<\/p>\n<section class=\"layout\" style=\"border: solid 1px; width: 100%;\">\n<div class=\"img-div\" style=\"margin-top: 5px;\"><img decoding=\"async\" class=\"wp-image-17212 alignleft\" style=\"height: 45px; margin: 8px 8px 0px;\" src=\"https:\/\/jackpotlotteryonline.com\/wp-content\/uploads\/2022\/11\/read1.jpg\" alt=\"P\u0159e\u010dt\u011bte si\" width=\"\" height=\"\" \/><\/div>\n<div style=\"padding-left: 5px;\">\n<div style=\"font-size: 1.1em;\">\n<p><strong>Nenechte si uj\u00edt \u010dasy losov\u00e1n\u00ed nejv\u011bt\u0161\u00edch sv\u011btov\u00fdch loterijn\u00edch jackpot\u016f<\/strong><\/p>\n<p style=\"font-size: 0.85em; margin-top: -1.5em;\">Seznam \u010das\u016f losov\u00e1n\u00ed mezin\u00e1rodn\u00edch loteri\u00ed\u00a0<a href=\"https:\/\/jackpotlotteryonline.com\/cs\/kdy-jsou-casy-losovani-mezinarodnich-loterii\"> P\u0159e\u010dt\u011bte si v\u00edce<\/a><\/p>\n<\/div>\n<\/div>\n<\/section>\n<h2>Pro\u010d je v\u00e1no\u010dn\u00ed El Gordo jedine\u010dn\u00e9?<\/h2>\n<p><img loading=\"lazy\" decoding=\"async\" class=\"alignright size-full wp-image-17870\" src=\"https:\/\/jackpotlotteryonline.com\/wp-content\/uploads\/2022\/10\/lotto_euros.jpg\" alt=\"vyhr\u00e1t v\u00e1no\u010dn\u00ed El Gordo\" width=\"225\" height=\"134\" \/><\/p>\n<p>Samotn\u00e9 losov\u00e1n\u00ed je velmi jedine\u010dn\u00e9 a odli\u0161n\u00e9. Nen\u00ed do n\u011bj zapojena t\u00e9m\u011b\u0159 \u017e\u00e1dn\u00e1 technika ani technologie. Obrovsk\u00e1 koule je napln\u011bna d\u0159ev\u011bn\u00fdmi kuli\u010dkami, z nich\u017e ka\u017ed\u00e1 m\u00e1 na sob\u011b jedno z p\u011btim\u00edstn\u00fdch \u010d\u00edsel. Druh\u00e1 koule obsahuje koule s v\u00fdhrami. Losov\u00e1n\u00ed prov\u00e1d\u011bj\u00ed dv\u011b d\u011bti, kter\u00e9 si z ka\u017ed\u00e9 koule vezmou jednu kouli, kter\u00e1 ur\u010duje v\u00fdhern\u00ed \u010d\u00edslo a cenu, kterou toto \u010d\u00edslo vyhr\u00e1lo.<\/p>\n<p>Loterie El Gordo Online, kter\u00e1 je cel\u00e1 ta\u017eena lidskou rukou, je velmi unik\u00e1tn\u00ed a pat\u0159\u00ed k nejvyhled\u00e1van\u011bj\u0161\u00edm v kontinent\u00e1ln\u00ed Evrop\u011b. K dispozici jsou t\u0159i hlavn\u00ed v\u00fdhry a v\u00edce ne\u017e 1000 men\u0161\u00edch v\u00fdher, p\u0159i\u010dem\u017e \u010d\u00edsla, kter\u00e1 se \u010d\u00e1ste\u010dn\u011b shoduj\u00ed se t\u0159emi hlavn\u00edmi v\u00fdhern\u00edmi \u010d\u00edsly, tak\u00e9 n\u011bco vyhr\u00e1vaj\u00ed. Tak\u017ee to \u0161ance na v\u00fdhru o dost zvy\u0161uje.<\/p>\n<p>El Gordo je jednou z nejv\u011bt\u0161\u00edch loteri\u00ed na sv\u011bt\u011b s celkovou v\u00fd\u0161\u00ed v\u00fdhry p\u0159es 3 miliardy eur ro\u010dn\u011b (od nyn\u011bj\u0161ka a neust\u00e1le se zvy\u0161uje). Nemus\u00edte b\u00fdt \u0161pan\u011blsk\u00fdm ani evropsk\u00fdm ob\u010danem, Lotto El Gordo m\u016f\u017ee hr\u00e1t kdokoli star\u0161\u00ed 18 let.<\/p>\n<h2>Jak a pro\u010d byste m\u011bli hr\u00e1t El Gordo online?<\/h2>\n<p>Zaregistrujte se na na\u0161ich webov\u00fdch str\u00e1nk\u00e1ch je\u0161t\u011b dnes a ujist\u011bte se, \u017ee si rezervujete m\u00edsto k bohatstv\u00ed. Pom\u016f\u017eeme hr\u00e1\u010d\u016fm ze zem\u00ed mimo \u0160pan\u011blsko z\u00fa\u010dastnit se loterie El Gordo. Jedin\u00e9, co mus\u00edte ud\u011blat, je zalo\u017eit si \u00fa\u010det, vybrat si \u010d\u00edsla a dokon\u010dit platbu. Pot\u00e9 se postar\u00e1me o to, aby byl<a href=\"https:\/\/jackpotlotteryonline.com\/cs\/koupit-vstupenky\/el-gordo\"> va\u0161\u00edm jm\u00e9nem zakoupen tiket na jackpot loterie El Gordo<\/a>. Los s v\u00e1mi vybran\u00fdmi \u010d\u00edsly za v\u00e1s naskenujeme a v p\u0159\u00edpad\u011b, \u017ee vyhrajete \u0161t\u011bst\u00ed, pom\u016f\u017eeme v\u00e1m tak\u00e9 zajistit, aby v\u00e1m pen\u00edze co nejrychleji p\u0159i\u0161ly. Doporu\u010dujeme v\u00e1m, abyste si tiket s va\u0161imi obl\u00edben\u00fdmi \u010d\u00edsly rezervovali je\u0161t\u011b dnes.<\/p>\n","protected":false},"excerpt":{"rendered":"<p>El Gordo Online Lotto Jackpot Pr\u016fm\u011brn\u00fd \u0160pan\u011bl utratil v roce 2009 za jackpot loterie El Gordo \u00fa\u017easnou \u010d\u00e1stku 60 eur. No, \u010d\u00e1stka 60 \u20ac se nemus\u00ed zd\u00e1t nijak z\u00e1vratn\u00e1, ale kdy\u017e ji vyn\u00e1sob\u00edte po\u010dtem obyvatel \u0160pan\u011blska, m\u016f\u017eete on\u011bm\u011bt. Loterie El Gordo, kter\u00e1 je zn\u00e1m\u00e1 p\u0159edev\u0161\u00edm d\u00edky v\u00e1no\u010dn\u00edmu vyd\u00e1n\u00ed \u0161pan\u011blsk\u00e9 loterie, se hraje tak\u00e9 ka\u017ed\u00fd t\u00fdden. [&hellip;]<\/p>\n","protected":false},"author":1,"featured_media":0,"parent":35538,"menu_order":6,"comment_status":"closed","ping_status":"closed","template":"el-gordo.php","meta":{"_et_pb_use_builder":"","_et_pb_old_content":"","_et_gb_content_width":"","exclude_from_search":false,"footnotes":""},"class_list":["post-36161","page","type-page","status-publish","hentry"],"yoast_head":"<!-- This site is optimized with the Yoast SEO plugin v23.3 - https:\/\/yoast.com\/wordpress\/plugins\/seo\/ -->\n<title>Zahrajte si \u0161pan\u011blskou loterii El Gordo Lotto online - i mimo \u0160pan\u011blsko<\/title>\n<meta name=\"description\" content=\"Jackpot El Gordo Lotto online je jedn\u00edm z nejv\u011bt\u0161\u00edch jackpot\u016f na sv\u011bt\u011b a m\u016f\u017eete ho hr\u00e1t online i ze zem\u00ed mimo \u0160pan\u011blsko.\" \/>\n<meta name=\"robots\" content=\"index, follow, max-snippet:-1, max-image-preview:large, max-video-preview:-1\" \/>\n<link rel=\"canonical\" href=\"https:\/\/jackpotlotteryonline.com\/play-online\/el-gordo\/\" \/>\n<meta property=\"og:locale\" content=\"cs_CZ\" \/>\n<meta property=\"og:type\" content=\"article\" \/>\n<meta property=\"og:title\" content=\"Zahrajte si \u0161pan\u011blskou loterii El Gordo Lotto online - i mimo \u0160pan\u011blsko\" \/>\n<meta property=\"og:description\" content=\"Jackpot El Gordo Lotto online je jedn\u00edm z nejv\u011bt\u0161\u00edch jackpot\u016f na sv\u011bt\u011b a m\u016f\u017eete ho hr\u00e1t online i ze zem\u00ed mimo \u0160pan\u011blsko.\" \/>\n<meta property=\"og:url\" content=\"https:\/\/jackpotlotteryonline.com\/play-online\/el-gordo\/\" \/>\n<meta property=\"og:site_name\" content=\"Lotto Online - Crack The International Lottery Jackpots\" \/>\n<meta property=\"article:modified_time\" content=\"2023-01-03T08:18:59+00:00\" \/>\n<meta property=\"og:image\" content=\"https:\/\/jackpotlotteryonline.com\/wp-content\/uploads\/2022\/10\/2_ticket_el_gordo3-218x300.jpg\" \/>\n<meta name=\"twitter:card\" content=\"summary_large_image\" \/>\n<meta name=\"twitter:label1\" content=\"Odhadovan\u00e1 doba \u010dten\u00ed\" \/>\n\t<meta name=\"twitter:data1\" content=\"3 minuty\" \/>\n<!-- \/ Yoast SEO plugin. -->","yoast_head_json":{"title":"Zahrajte si \u0161pan\u011blskou loterii El Gordo Lotto online - i mimo \u0160pan\u011blsko","description":"Jackpot El Gordo Lotto online je jedn\u00edm z nejv\u011bt\u0161\u00edch jackpot\u016f na sv\u011bt\u011b a m\u016f\u017eete ho hr\u00e1t online i ze zem\u00ed mimo \u0160pan\u011blsko.","robots":{"index":"index","follow":"follow","max-snippet":"max-snippet:-1","max-image-preview":"max-image-preview:large","max-video-preview":"max-video-preview:-1"},"canonical":"https:\/\/jackpotlotteryonline.com\/play-online\/el-gordo\/","og_locale":"cs_CZ","og_type":"article","og_title":"Zahrajte si \u0161pan\u011blskou loterii El Gordo Lotto online - i mimo \u0160pan\u011blsko","og_description":"Jackpot El Gordo Lotto online je jedn\u00edm z nejv\u011bt\u0161\u00edch jackpot\u016f na sv\u011bt\u011b a m\u016f\u017eete ho hr\u00e1t online i ze zem\u00ed mimo \u0160pan\u011blsko.","og_url":"https:\/\/jackpotlotteryonline.com\/play-online\/el-gordo\/","og_site_name":"Lotto Online - Crack The International Lottery Jackpots","article_modified_time":"2023-01-03T08:18:59+00:00","og_image":[{"url":"https:\/\/jackpotlotteryonline.com\/wp-content\/uploads\/2022\/10\/2_ticket_el_gordo3-218x300.jpg"}],"twitter_card":"summary_large_image","twitter_misc":{"Odhadovan\u00e1 doba \u010dten\u00ed":"3 minuty"},"schema":{"@context":"https:\/\/schema.org","@graph":[{"@type":"WebPage","@id":"https:\/\/jackpotlotteryonline.com\/play-online\/el-gordo\/","url":"https:\/\/jackpotlotteryonline.com\/play-online\/el-gordo\/","name":"Zahrajte si \u0161pan\u011blskou loterii El Gordo Lotto online - i mimo \u0160pan\u011blsko","isPartOf":{"@id":"https:\/\/jackpotlotteryonline.com\/#website"},"primaryImageOfPage":{"@id":"https:\/\/jackpotlotteryonline.com\/play-online\/el-gordo\/#primaryimage"},"image":{"@id":"https:\/\/jackpotlotteryonline.com\/play-online\/el-gordo\/#primaryimage"},"thumbnailUrl":"https:\/\/jackpotlotteryonline.com\/wp-content\/uploads\/2022\/10\/2_ticket_el_gordo3-218x300.jpg","datePublished":"2022-11-03T14:16:36+00:00","dateModified":"2023-01-03T08:18:59+00:00","description":"Jackpot El Gordo Lotto online je jedn\u00edm z nejv\u011bt\u0161\u00edch jackpot\u016f na sv\u011bt\u011b a m\u016f\u017eete ho hr\u00e1t online i ze zem\u00ed mimo \u0160pan\u011blsko.","breadcrumb":{"@id":"https:\/\/jackpotlotteryonline.com\/play-online\/el-gordo\/#breadcrumb"},"inLanguage":"cs","potentialAction":[{"@type":"ReadAction","target":["https:\/\/jackpotlotteryonline.com\/play-online\/el-gordo\/"]}]},{"@type":"ImageObject","inLanguage":"cs","@id":"https:\/\/jackpotlotteryonline.com\/play-online\/el-gordo\/#primaryimage","url":"https:\/\/jackpotlotteryonline.com\/wp-content\/uploads\/2022\/10\/2_ticket_el_gordo3-218x300.jpg","contentUrl":"https:\/\/jackpotlotteryonline.com\/wp-content\/uploads\/2022\/10\/2_ticket_el_gordo3-218x300.jpg"},{"@type":"BreadcrumbList","@id":"https:\/\/jackpotlotteryonline.com\/play-online\/el-gordo\/#breadcrumb","itemListElement":[{"@type":"ListItem","position":1,"name":"Home","item":"https:\/\/jackpotlotteryonline.com\/cs\/"},{"@type":"ListItem","position":2,"name":"Jak hr\u00e1t","item":"https:\/\/jackpotlotteryonline.com\/play-online\/"},{"@type":"ListItem","position":3,"name":"Hr\u00e1t El Gordo Lotto \u0160pan\u011blsko"}]},{"@type":"WebSite","@id":"https:\/\/jackpotlotteryonline.com\/#website","url":"https:\/\/jackpotlotteryonline.com\/","name":"Lotto Online - Crack The International Lottery Jackpots","description":"","potentialAction":[{"@type":"SearchAction","target":{"@type":"EntryPoint","urlTemplate":"https:\/\/jackpotlotteryonline.com\/?s={search_term_string}"},"query-input":"required name=search_term_string"}],"inLanguage":"cs"}]}},"_links":{"self":[{"href":"https:\/\/jackpotlotteryonline.com\/cs\/wp-json\/wp\/v2\/pages\/36161","targetHints":{"allow":["GET"]}}],"collection":[{"href":"https:\/\/jackpotlotteryonline.com\/cs\/wp-json\/wp\/v2\/pages"}],"about":[{"href":"https:\/\/jackpotlotteryonline.com\/cs\/wp-json\/wp\/v2\/types\/page"}],"author":[{"embeddable":true,"href":"https:\/\/jackpotlotteryonline.com\/cs\/wp-json\/wp\/v2\/users\/1"}],"replies":[{"embeddable":true,"href":"https:\/\/jackpotlotteryonline.com\/cs\/wp-json\/wp\/v2\/comments?post=36161"}],"version-history":[{"count":0,"href":"https:\/\/jackpotlotteryonline.com\/cs\/wp-json\/wp\/v2\/pages\/36161\/revisions"}],"up":[{"embeddable":true,"href":"https:\/\/jackpotlotteryonline.com\/cs\/wp-json\/wp\/v2\/pages\/35538"}],"wp:attachment":[{"href":"https:\/\/jackpotlotteryonline.com\/cs\/wp-json\/wp\/v2\/media?parent=36161"}],"curies":[{"name":"wp","href":"https:\/\/api.w.org\/{rel}","templated":true}]}}