{"id":36224,"date":"2022-11-04T07:44:36","date_gmt":"2022-11-04T07:44:36","guid":{"rendered":"https:\/\/jackpotlotteryonline.com\/?page_id=36224"},"modified":"2022-12-31T10:26:19","modified_gmt":"2022-12-31T10:26:19","slug":"france-lotto","status":"publish","type":"page","link":"https:\/\/jackpotlotteryonline.com\/cs\/jak-hrat\/france-lotto\/","title":{"rendered":"Zahrajte si francouzskou loterii"},"content":{"rendered":"<h2>Francie Lotto online<\/h2>\n<p><img loading=\"lazy\" decoding=\"async\" class=\"alignright size-full wp-image-18410\" src=\"https:\/\/jackpotlotteryonline.com\/wp-content\/uploads\/2022\/10\/win_big.jpg\" alt=\"Hrajte france lotto online\" width=\"224\" height=\"134\" \/><\/p>\n<p>France Lotto je jednou z nejstar\u0161\u00edch organizovan\u00fdch evropsk\u00fdch loteri\u00ed a je organizov\u00e1na a spravov\u00e1na skupinou Francaise des Jeux. Ve Francii a dal\u0161\u00edch \u010d\u00e1stech Evropy je velmi popul\u00e1rn\u00ed. Vzhledem k tomu, \u017ee Francouzi jsou velmi v\u00e1\u0161niv\u00fdmi fanou\u0161ky hazardn\u00ed hry, losuje se <a href=\"https:\/\/jackpotlotteryonline.com\/cs\/vyherni-cisla\/france-lotto-2\">France Lotto online t\u0159ikr\u00e1t t\u00fddn\u011b (v pond\u011bl\u00ed, ve st\u0159edu a v sobotu)<\/a> na rozd\u00edl od v\u011bt\u0161iny ostatn\u00edch evropsk\u00fdch loteri\u00ed, kter\u00e9 se losuj\u00ed pouze dvakr\u00e1t t\u00fddn\u011b. Celkov\u00fd objem v\u00fdher, kter\u00e9 francouzsk\u00e1 loterie Lotto rozd\u00e1, se odhaduje na v\u00edce ne\u017e 4,4 miliardy ro\u010dn\u011b a je spojen s velk\u00fdm jackpotem.<\/p>\n<p>Nemus\u00edte b\u00fdt obyvateli Francie &#8211;<strong> hr\u00e1t francouzsk\u00e9 lotto z \u00fazem\u00ed mimo Francii je mo\u017en\u00e9 online s na\u0161\u00ed pomoc\u00ed.<\/strong><\/p>\n<p>V porovn\u00e1n\u00ed s ostatn\u00edmi evropsk\u00fdmi loteriemi zaznamen\u00e1v\u00e1 francouzsk\u00e9 Lotto online v\u00fdrazn\u00fd n\u00e1r\u016fst jackpot\u016f, kter\u00e9 nab\u00edz\u00ed, proto\u017ee jackpot se zvy\u0161uje o milion eur. P\u0159i t\u0159ech t\u00fddenn\u00edch losov\u00e1n\u00edch se pom\u011brn\u011b rychle kumuluje a stoup\u00e1, dokud nen\u00ed vyhr\u00e1n. Skute\u010dnost, \u017ee se jackpot nepo\u010d\u00edt\u00e1 jako nejvy\u0161\u0161\u00ed mezi loteriemi, dokazuje, \u017ee jackpot se vyhr\u00e1v\u00e1 \u010dast\u011bji ne\u017e v jin\u00fdch loteri\u00edch.<\/p>\n<p>\u0158\u00edk\u00e1 se, \u017ee France Lotto online vytvo\u0159ilo v\u00edce milion\u00e1\u0159\u016f ne\u017e v\u011bt\u0161ina ostatn\u00edch srovnateln\u00fdch loteri\u00ed v Evrop\u011b. M\u011bli byste vyu\u017e\u00edt sv\u00e9 \u0161ance a<a href=\"https:\/\/jackpotlotteryonline.com\/cs\/koupit-vstupenky\/lotto-france\"> koupit si tiket France Lotto online<\/a> a st\u00e1t se dal\u0161\u00edm milion\u00e1\u0159em.<\/p>\n<p>Jsme tu, abychom v\u00e1m pomohli hr\u00e1t France lotto online. Hran\u00ed t\u00e9to hry je jednoduch\u00e9 jako ABC a po celou dobu v\u00e1m budou pom\u00e1hat.<\/p>\n<section class=\"layout\" style=\"border: solid 1px; width: 100%;\">\n<div class=\"img-div\" style=\"margin-top: 5px;\"><img decoding=\"async\" class=\"wp-image-17212 alignleft\" style=\"height: 45px; margin: 8px 8px 0px;\" src=\"https:\/\/jackpotlotteryonline.com\/wp-content\/uploads\/2022\/11\/read1.jpg\" alt=\"P\u0159e\u010dt\u011bte si\" width=\"\" height=\"\" \/><\/div>\n<div style=\"padding-left: 5px;\">\n<div style=\"font-size: 1.1em;\">\n<p><strong>Sledujte, jak se losuj\u00ed \u010d\u00edsla loterie v p\u0159\u00edm\u00e9m p\u0159enosu<\/strong><\/p>\n<p style=\"font-size: 0.85em; margin-top: -1.5em;\">Jak sledovat \u017eiv\u00e9 losov\u00e1n\u00ed va\u0161ich obl\u00edben\u00fdch loteri\u00ed\u00a0<a href=\"https:\/\/jackpotlotteryonline.com\/cs\/sledovat-vylosovana-cisla-loterie-v-primem-prenosu\"> P\u0159e\u010dt\u011bte si v\u00edce<\/a><\/p>\n<\/div>\n<\/div>\n<\/section>\n<h2>Jak hr\u00e1t France Lotto online?<\/h2>\n<p><img loading=\"lazy\" decoding=\"async\" class=\"alignright wp-image-27131\" src=\"https:\/\/jackpotlotteryonline.com\/wp-content\/uploads\/2022\/11\/1_jckpot_win_online.jpg\" alt=\"jackpot francouzsk\u00e9 loterie\" width=\"159\" height=\"159\" srcset=\"https:\/\/jackpotlotteryonline.com\/wp-content\/uploads\/2022\/11\/1_jckpot_win_online.jpg 300w, https:\/\/jackpotlotteryonline.com\/wp-content\/uploads\/2022\/11\/1_jckpot_win_online-100x100.jpg 100w, https:\/\/jackpotlotteryonline.com\/wp-content\/uploads\/2022\/11\/1_jckpot_win_online-150x150.jpg 150w\" sizes=\"auto, (max-width: 159px) 100vw, 159px\" \/><\/p>\n<p>Stejn\u011b jako v ka\u017ed\u00e9 jin\u00e9 loterii, i ve France lotto se tipuje 5 \u010d\u00edsel ze 49 a jedno \u010d\u00edslo z dal\u0161\u00ed skupiny 10 \u010d\u00edsel. Zakoupen\u00ed losu je snadn\u00e9, jakmile si los objedn\u00e1te p\u0159es n\u00e1s, zakoup\u00edme los va\u0161\u00edm jm\u00e9nem. Hned po n\u00e1kupu uvid\u00edte na sv\u00e9m \u00fa\u010dtu \u010d\u00edsla, kter\u00e1 jste si vybrali, a o n\u011bco pozd\u011bji bude na va\u0161em \u00fa\u010dtu vid\u011bt i sken va\u0161eho z\u00e1znamu.<\/p>\n<p>Pokud jste k v\u00fdb\u011bru \u010d\u00edsel skepti\u010dt\u00ed, m\u00e1me tak\u00e9 gener\u00e1tor \u010d\u00edsel loterie a mo\u017enost Rychl\u00fd v\u00fdb\u011br France Lotto online umo\u017e\u0148uje hr\u00e1t n\u00e1hodn\u00e1 \u010d\u00edsla.<\/p>\n<p>Mus\u00edte b\u00fdt star\u0161\u00ed 18 let, abyste si mohli zakoupit los France lotto online, a ne\u017e tak u\u010din\u00edte na\u0161\u00edm prost\u0159ednictv\u00edm, m\u016f\u017eete si ud\u011blat pr\u016fzkum minul\u00fdch v\u00fdsledk\u016f, kter\u00fd v\u00e1m pom\u016f\u017ee vybrat va\u0161e vlastn\u00ed \u0161\u0165astn\u00e1 \u010d\u00edsla.<\/p>\n<h2>Vyzvednut\u00ed v\u00fdher z France lotto online<\/h2>\n<p>Krom\u011b jackpotu nab\u00edz\u00ed France Lotto online tak\u00e9 dal\u0161\u00ed ceny za shodn\u00e1 \u010d\u00edsla. Na rozd\u00edl od americk\u00fdch loteri\u00ed jsou v\u00fdhry vypl\u00e1ceny v pln\u00e9 v\u00fd\u0161i a v hotovosti. Sv\u00e9 n\u00e1roky mus\u00edte uplatnit do 2 m\u011bs\u00edc\u016f od data losov\u00e1n\u00ed, s \u010d\u00edm\u017e v\u00e1m pom\u016f\u017eeme. V\u00fdhry ni\u017e\u0161\u00ed ne\u017e 2500 eur budou p\u0159ips\u00e1ny na v\u00e1\u0161 \u00fa\u010det na na\u0161ich webov\u00fdch str\u00e1nk\u00e1ch. Pen\u011b\u017en\u00ed v\u00fdhry nad tuto \u010d\u00e1stku je t\u0159eba odk\u00e1zat na platebn\u00ed centrum Francaise des Jeux.<\/p>\n<p>Pokud hrajete na\u0161\u00edm prost\u0159ednictv\u00edm, pom\u016f\u017eeme v\u00e1m tak\u00e9 s vyzvednut\u00edm v\u00fdhry t\u00edm, \u017ee za v\u00e1s uplatn\u00edme n\u00e1rok na v\u00fdhru a zajist\u00edme, aby v\u00e1m byla v\u00fdhra co nejrychleji doru\u010dena. Zaregistrujte se je\u0161t\u011b dnes zdarma a z\u00edskejte nep\u0159edv\u00eddateln\u00e9 v\u00fdhody..!<\/p>\n<p>V\u0161echny v\u00fdhry z\u00edskan\u00e9 ve France Lotto jsou osvobozeny od dan\u011b!<\/p>\n","protected":false},"excerpt":{"rendered":"<p>Francie Lotto online France Lotto je jednou z nejstar\u0161\u00edch organizovan\u00fdch evropsk\u00fdch loteri\u00ed a je organizov\u00e1na a spravov\u00e1na skupinou Francaise des Jeux. Ve Francii a dal\u0161\u00edch \u010d\u00e1stech Evropy je velmi popul\u00e1rn\u00ed. Vzhledem k tomu, \u017ee Francouzi jsou velmi v\u00e1\u0161niv\u00fdmi fanou\u0161ky hazardn\u00ed hry, losuje se France Lotto online t\u0159ikr\u00e1t t\u00fddn\u011b (v pond\u011bl\u00ed, ve st\u0159edu a v sobotu) [&hellip;]<\/p>\n","protected":false},"author":1,"featured_media":0,"parent":35538,"menu_order":9,"comment_status":"closed","ping_status":"closed","template":"lotto-fr.php","meta":{"_et_pb_use_builder":"","_et_pb_old_content":"","_et_gb_content_width":"","exclude_from_search":false,"footnotes":""},"class_list":["post-36224","page","type-page","status-publish","hentry"],"yoast_head":"<!-- This site is optimized with the Yoast SEO plugin v23.3 - https:\/\/yoast.com\/wordpress\/plugins\/seo\/ -->\n<title>Z\u00fa\u010dastn\u011bte se hry France Lotto online i mimo Francii.<\/title>\n<meta name=\"description\" content=\"Kupte si los pro France lotto na zde - umo\u017e\u0148ujeme fanou\u0161k\u016fm lotto z mimo Francie z\u00edskat los pro tuto popul\u00e1rn\u00ed loterii.\" \/>\n<meta name=\"robots\" content=\"index, follow, max-snippet:-1, max-image-preview:large, max-video-preview:-1\" \/>\n<link rel=\"canonical\" href=\"https:\/\/jackpotlotteryonline.com\/play-online\/france-lotto\/\" \/>\n<meta property=\"og:locale\" content=\"cs_CZ\" \/>\n<meta property=\"og:type\" content=\"article\" \/>\n<meta property=\"og:title\" content=\"Z\u00fa\u010dastn\u011bte se hry France Lotto online i mimo Francii.\" \/>\n<meta property=\"og:description\" content=\"Kupte si los pro France lotto na zde - umo\u017e\u0148ujeme fanou\u0161k\u016fm lotto z mimo Francie z\u00edskat los pro tuto popul\u00e1rn\u00ed loterii.\" \/>\n<meta property=\"og:url\" content=\"https:\/\/jackpotlotteryonline.com\/play-online\/france-lotto\/\" \/>\n<meta property=\"og:site_name\" content=\"Lotto Online - Crack The International Lottery Jackpots\" \/>\n<meta property=\"article:modified_time\" content=\"2022-12-31T10:26:19+00:00\" \/>\n<meta property=\"og:image\" content=\"https:\/\/jackpotlotteryonline.com\/wp-content\/uploads\/2022\/10\/win_big.jpg\" \/>\n<meta name=\"twitter:card\" content=\"summary_large_image\" \/>\n<meta name=\"twitter:label1\" content=\"Odhadovan\u00e1 doba \u010dten\u00ed\" \/>\n\t<meta name=\"twitter:data1\" content=\"3 minuty\" \/>\n<!-- \/ Yoast SEO plugin. -->","yoast_head_json":{"title":"Z\u00fa\u010dastn\u011bte se hry France Lotto online i mimo Francii.","description":"Kupte si los pro France lotto na zde - umo\u017e\u0148ujeme fanou\u0161k\u016fm lotto z mimo Francie z\u00edskat los pro tuto popul\u00e1rn\u00ed loterii.","robots":{"index":"index","follow":"follow","max-snippet":"max-snippet:-1","max-image-preview":"max-image-preview:large","max-video-preview":"max-video-preview:-1"},"canonical":"https:\/\/jackpotlotteryonline.com\/play-online\/france-lotto\/","og_locale":"cs_CZ","og_type":"article","og_title":"Z\u00fa\u010dastn\u011bte se hry France Lotto online i mimo Francii.","og_description":"Kupte si los pro France lotto na zde - umo\u017e\u0148ujeme fanou\u0161k\u016fm lotto z mimo Francie z\u00edskat los pro tuto popul\u00e1rn\u00ed loterii.","og_url":"https:\/\/jackpotlotteryonline.com\/play-online\/france-lotto\/","og_site_name":"Lotto Online - Crack The International Lottery Jackpots","article_modified_time":"2022-12-31T10:26:19+00:00","og_image":[{"url":"https:\/\/jackpotlotteryonline.com\/wp-content\/uploads\/2022\/10\/win_big.jpg"}],"twitter_card":"summary_large_image","twitter_misc":{"Odhadovan\u00e1 doba \u010dten\u00ed":"3 minuty"},"schema":{"@context":"https:\/\/schema.org","@graph":[{"@type":"WebPage","@id":"https:\/\/jackpotlotteryonline.com\/play-online\/france-lotto\/","url":"https:\/\/jackpotlotteryonline.com\/play-online\/france-lotto\/","name":"Z\u00fa\u010dastn\u011bte se hry France Lotto online i mimo Francii.","isPartOf":{"@id":"https:\/\/jackpotlotteryonline.com\/#website"},"primaryImageOfPage":{"@id":"https:\/\/jackpotlotteryonline.com\/play-online\/france-lotto\/#primaryimage"},"image":{"@id":"https:\/\/jackpotlotteryonline.com\/play-online\/france-lotto\/#primaryimage"},"thumbnailUrl":"https:\/\/jackpotlotteryonline.com\/wp-content\/uploads\/2022\/10\/win_big.jpg","datePublished":"2022-11-04T07:44:36+00:00","dateModified":"2022-12-31T10:26:19+00:00","description":"Kupte si los pro France lotto na zde - umo\u017e\u0148ujeme fanou\u0161k\u016fm lotto z mimo Francie z\u00edskat los pro tuto popul\u00e1rn\u00ed loterii.","breadcrumb":{"@id":"https:\/\/jackpotlotteryonline.com\/play-online\/france-lotto\/#breadcrumb"},"inLanguage":"cs","potentialAction":[{"@type":"ReadAction","target":["https:\/\/jackpotlotteryonline.com\/play-online\/france-lotto\/"]}]},{"@type":"ImageObject","inLanguage":"cs","@id":"https:\/\/jackpotlotteryonline.com\/play-online\/france-lotto\/#primaryimage","url":"https:\/\/jackpotlotteryonline.com\/wp-content\/uploads\/2022\/10\/win_big.jpg","contentUrl":"https:\/\/jackpotlotteryonline.com\/wp-content\/uploads\/2022\/10\/win_big.jpg"},{"@type":"BreadcrumbList","@id":"https:\/\/jackpotlotteryonline.com\/play-online\/france-lotto\/#breadcrumb","itemListElement":[{"@type":"ListItem","position":1,"name":"Home","item":"https:\/\/jackpotlotteryonline.com\/cs\/"},{"@type":"ListItem","position":2,"name":"Jak hr\u00e1t","item":"https:\/\/jackpotlotteryonline.com\/play-online\/"},{"@type":"ListItem","position":3,"name":"Zahrajte si francouzskou loterii"}]},{"@type":"WebSite","@id":"https:\/\/jackpotlotteryonline.com\/#website","url":"https:\/\/jackpotlotteryonline.com\/","name":"Lotto Online - Crack The International Lottery Jackpots","description":"","potentialAction":[{"@type":"SearchAction","target":{"@type":"EntryPoint","urlTemplate":"https:\/\/jackpotlotteryonline.com\/?s={search_term_string}"},"query-input":"required name=search_term_string"}],"inLanguage":"cs"}]}},"_links":{"self":[{"href":"https:\/\/jackpotlotteryonline.com\/cs\/wp-json\/wp\/v2\/pages\/36224","targetHints":{"allow":["GET"]}}],"collection":[{"href":"https:\/\/jackpotlotteryonline.com\/cs\/wp-json\/wp\/v2\/pages"}],"about":[{"href":"https:\/\/jackpotlotteryonline.com\/cs\/wp-json\/wp\/v2\/types\/page"}],"author":[{"embeddable":true,"href":"https:\/\/jackpotlotteryonline.com\/cs\/wp-json\/wp\/v2\/users\/1"}],"replies":[{"embeddable":true,"href":"https:\/\/jackpotlotteryonline.com\/cs\/wp-json\/wp\/v2\/comments?post=36224"}],"version-history":[{"count":0,"href":"https:\/\/jackpotlotteryonline.com\/cs\/wp-json\/wp\/v2\/pages\/36224\/revisions"}],"up":[{"embeddable":true,"href":"https:\/\/jackpotlotteryonline.com\/cs\/wp-json\/wp\/v2\/pages\/35538"}],"wp:attachment":[{"href":"https:\/\/jackpotlotteryonline.com\/cs\/wp-json\/wp\/v2\/media?parent=36224"}],"curies":[{"name":"wp","href":"https:\/\/api.w.org\/{rel}","templated":true}]}}