{"id":36276,"date":"2022-11-04T09:15:07","date_gmt":"2022-11-04T09:15:07","guid":{"rendered":"https:\/\/jackpotlotteryonline.com\/?page_id=36276"},"modified":"2022-12-31T09:40:51","modified_gmt":"2022-12-31T09:40:51","slug":"german-lotto","status":"publish","type":"page","link":"https:\/\/jackpotlotteryonline.com\/cs\/jak-hrat\/german-lotto\/","title":{"rendered":"N\u011bmeck\u00e9 Lotto"},"content":{"rendered":"<h2>N\u011bmeck\u00e9 Lotto je nyn\u00ed k dispozici online<\/h2>\n<p><img loading=\"lazy\" decoding=\"async\" class=\"alignright wp-image-18464 size-full\" src=\"https:\/\/jackpotlotteryonline.com\/wp-content\/uploads\/2022\/10\/win_lottery_online.jpg\" alt=\"Hrajte n\u011bmeck\u00e9 lotto online\" width=\"231\" height=\"130\" \/><\/p>\n<p>Lotto v N\u011bmecku je star\u00e9 v\u00edce ne\u017e 5 desetilet\u00ed a n\u011bmeck\u00e9 lotto online organizuj\u00ed a spravuj\u00ed spole\u010dnosti Deutscher Lotto a Toto Block. N\u011bmeck\u00e9 lotto online se <a href=\"https:\/\/jackpotlotteryonline.com\/cs\/vyherni-cisla\/german-lotto\">losuje dvakr\u00e1t<\/a> t\u00fddn\u011b ve st\u0159edu a v sobotu a \u010dast\u011bji ne\u017e jindy p\u0159ich\u00e1z\u00ed s jedn\u00edm z nejv\u011bt\u0161\u00edch evropsk\u00fdch jackpot\u016f. Pokud tedy \u017eijete mimo N\u011bmecko, m\u00e1te v\u0161echny d\u016fvody, pro\u010d si n\u011bmeck\u00e9 loto zahr\u00e1t s tiketem online.<\/p>\n<p>Pokud v N\u011bmecku ne\u017eijete, pak je va\u0161\u00ed jedinou mo\u017enost\u00ed, jak hr\u00e1t n\u011bmeck\u00e9 lotto online, ta na\u0161e. Jakmile se zaregistrujete na na\u0161ich webov\u00fdch str\u00e1nk\u00e1ch, m\u016f\u017eete z\u00edskat v\u0161echny d\u016fle\u017eit\u00e9 informace t\u00fdkaj\u00edc\u00ed se n\u011bmeck\u00e9ho lota online. To zahrnuje star\u00e9 v\u00fdsledky, gener\u00e1tor loterijn\u00edch \u010d\u00edsel a oblast, kde si m\u016f\u017eete los zakoupit. Dokonce v\u00e1m pomohou uplatnit n\u00e1rok a z\u00edskat doru\u010den\u00ed v\u00fdhry.<\/p>\n<h2>Jak funguje n\u011bmeck\u00e9 lotto online<\/h2>\n<p>Jedin\u00e9, co mus\u00edte ud\u011blat, je <a href=\"https:\/\/jackpotlotteryonline.com\/cs\/koupit-vstupenky\/lotto-germany\">zakoupit si tiket do n\u011bmeck\u00e9ho lota online<\/a> v\u00fdb\u011brem 6 \u010d\u00edsel ze skupiny 49. Budete m\u00edt tak\u00e9 mo\u017enost zvolit si super\u010d\u00edslo v rozmez\u00ed 1 a\u017e 10. V p\u0159\u00edpad\u011b, \u017ee si vyberete \u010d\u00edslo, kter\u00e9 v\u00e1m bude p\u0159id\u011bleno, m\u016f\u017eete si vybrat, zda chcete hr\u00e1t n\u011bmeck\u00e9 loto online. V hlavn\u00edm losov\u00e1n\u00ed se losuj\u00ed z\u00e1kladn\u00ed \u010d\u00edsla a n\u00e1sledn\u011b se losuje super\u010d\u00edslo. Pokud se 6 z\u00e1kladn\u00edch \u010d\u00edsel shoduje, vyhr\u00e1v\u00e1te prvn\u00ed odm\u011bnu. Skute\u010dn\u00e1 hlavn\u00ed v\u00fdhra je ud\u011blena, kdy\u017e se p\u0159i losov\u00e1n\u00ed shoduje va\u0161ich 6 z\u00e1kladn\u00edch \u010d\u00edsel a super\u010d\u00edslo.<\/p>\n<p>N\u011bmeck\u00e9 lotto mohou hr\u00e1t online i lid\u00e9 mimo N\u011bmecko. Na na\u0161ich webov\u00fdch str\u00e1nk\u00e1ch m\u016f\u017eete vyu\u017e\u00edt t\u00e9to p\u0159\u00edle\u017eitosti a zkusit sv\u00e9 \u0161t\u011bst\u00ed a zbytek logistiky nechat na n\u00e1s. Pro hran\u00ed n\u011bmeck\u00e9ho lota pomoc\u00ed online tiketu mus\u00edte b\u00fdt star\u0161\u00ed 18 let.<\/p>\n<section class=\"layout\" style=\"border: solid 1px; width: 100%;\">\n<div class=\"img-div\" style=\"margin-top: 5px;\"><img decoding=\"async\" class=\"wp-image-17212 alignleft\" style=\"height: 45px; margin: 8px 8px 0px;\" src=\"https:\/\/jackpotlotteryonline.com\/wp-content\/uploads\/2022\/11\/read1.jpg\" alt=\"P\u0159e\u010dt\u011bte si\" width=\"\" height=\"\" \/><\/div>\n<div style=\"padding-left: 5px;\">\n<div style=\"font-size: 1.1em;\">\n<p><strong>Jak\u00e9 auto byste si koupili, kdybyste vyhr\u00e1li v loterii?<\/strong><\/p>\n<p style=\"font-size: 0.85em; margin-top: -1.5em;\">Vyhrajte v loterii a z\u00edskejte nov\u00e9 auto <a href=\"https:\/\/jackpotlotteryonline.com\/cs\/jake-auto-byste-si-koupili-kdybyste-vyhrali-v-loterii\">P\u0159e\u010dt\u011bte si v\u00edce<\/a><\/p>\n<\/div>\n<\/div>\n<\/section>\n<h2>V\u00fdhra v n\u011bmeck\u00e9m lottu online<\/h2>\n<p><img loading=\"lazy\" decoding=\"async\" class=\"alignright size-medium wp-image-33350\" src=\"https:\/\/jackpotlotteryonline.com\/wp-content\/uploads\/2022\/11\/2_ticket_euromillions3-1-111x300.jpg\" alt=\"N\u011bmeck\u00e9 lotto los\" width=\"111\" height=\"300\" srcset=\"https:\/\/jackpotlotteryonline.com\/wp-content\/uploads\/2022\/11\/2_ticket_euromillions3-1-111x300.jpg 111w, https:\/\/jackpotlotteryonline.com\/wp-content\/uploads\/2022\/11\/2_ticket_euromillions3-1.jpg 180w\" sizes=\"auto, (max-width: 111px) 100vw, 111px\" \/><\/p>\n<p>V\u00fdhra v n\u011bmeck\u00e9m lotu online je ot\u00e1zkou n\u00e1hody, ale to je i v ka\u017ed\u00e9 jin\u00e9 loterii. Va\u0161e \u0161ance na v\u00fdhru v n\u011bmeck\u00e9m lotto online zv\u00fd\u0161\u00edme pomoc\u00ed na\u0161eho gener\u00e1toru \u010d\u00edsel a informac\u00ed o minul\u00fdch v\u00fdsledc\u00edch, kter\u00e9 v\u00e1m pomohou vybrat va\u0161e \u0161\u0165astn\u00e1 \u010d\u00edsla. V\u0161echny d\u016fle\u017eit\u00e9 informace t\u00fdkaj\u00edc\u00ed se n\u011bmeck\u00e9ho lota online jsou zde k dispozici a m\u016f\u017eete je pln\u011b vyu\u017e\u00edt ke zv\u00fd\u0161en\u00ed sv\u00fdch \u0161anc\u00ed.<\/p>\n<p>N\u011bmeck\u00e9 lotto online je nejen jednou z nejv\u011bt\u0161\u00edch v\u00fdher v Evrop\u011b, ale je tak\u00e9 nejl\u00e9pe organizovanou loteri\u00ed na sv\u011bt\u011b a je vedeno velmi profesion\u00e1ln\u011b. Kdy\u017e hrajete n\u011bmeck\u00e9 lotto online a pokud vyhrajete, pom\u016f\u017eeme v\u00e1m bez probl\u00e9m\u016f vyzvednout v\u00fdhru a zajist\u00edme, aby v\u00e1m byla v\u00fdhern\u00ed \u010d\u00e1stka bez probl\u00e9m\u016f doru\u010dena.<\/p>\n<p>P\u0159esto\u017ee je n\u011bmeck\u00e9 lotto online jednou z nejstar\u0161\u00edch loteri\u00ed v Evrop\u011b, nen\u00ed tak popul\u00e1rn\u00ed jako ostatn\u00ed. D\u016fvodem je, \u017ee mimo N\u011bmecko nen\u00ed tolik propagov\u00e1na. <strong>Ka\u017edop\u00e1dn\u011b to nen\u00ed d\u016fvod, pro\u010d nehr\u00e1t n\u011bmeck\u00e9 lotto online. Zkuste sv\u00e9 \u0161t\u011bst\u00ed v lotto v N\u011bmecku je\u0161t\u011b dnes.<\/strong><\/p>\n","protected":false},"excerpt":{"rendered":"<p>N\u011bmeck\u00e9 Lotto je nyn\u00ed k dispozici online Lotto v N\u011bmecku je star\u00e9 v\u00edce ne\u017e 5 desetilet\u00ed a n\u011bmeck\u00e9 lotto online organizuj\u00ed a spravuj\u00ed spole\u010dnosti Deutscher Lotto a Toto Block. N\u011bmeck\u00e9 lotto online se losuje dvakr\u00e1t t\u00fddn\u011b ve st\u0159edu a v sobotu a \u010dast\u011bji ne\u017e jindy p\u0159ich\u00e1z\u00ed s jedn\u00edm z nejv\u011bt\u0161\u00edch evropsk\u00fdch jackpot\u016f. Pokud tedy \u017eijete [&hellip;]<\/p>\n","protected":false},"author":1,"featured_media":0,"parent":35538,"menu_order":8,"comment_status":"closed","ping_status":"closed","template":"lotto-german.php","meta":{"_et_pb_use_builder":"","_et_pb_old_content":"","_et_gb_content_width":"","exclude_from_search":false,"footnotes":""},"class_list":["post-36276","page","type-page","status-publish","hentry"],"yoast_head":"<!-- This site is optimized with the Yoast SEO plugin v23.3 - https:\/\/yoast.com\/wordpress\/plugins\/seo\/ -->\n<title>Zahrajte si n\u011bmeck\u00e9 Lotto z \u00fazem\u00ed mimo N\u011bmecko s online tiketem<\/title>\n<meta name=\"description\" content=\"\u017dijete mimo N\u011bmecko? \u017d\u00e1dn\u00fd probl\u00e9m - hrajte n\u011bmeck\u00e9 loto s online tiketem od n\u00e1s.\" \/>\n<meta name=\"robots\" content=\"index, follow, max-snippet:-1, max-image-preview:large, max-video-preview:-1\" \/>\n<link rel=\"canonical\" href=\"https:\/\/jackpotlotteryonline.com\/play-online\/german-lotto\/\" \/>\n<meta property=\"og:locale\" content=\"cs_CZ\" \/>\n<meta property=\"og:type\" content=\"article\" \/>\n<meta property=\"og:title\" content=\"Zahrajte si n\u011bmeck\u00e9 Lotto z \u00fazem\u00ed mimo N\u011bmecko s online tiketem\" \/>\n<meta property=\"og:description\" content=\"\u017dijete mimo N\u011bmecko? \u017d\u00e1dn\u00fd probl\u00e9m - hrajte n\u011bmeck\u00e9 loto s online tiketem od n\u00e1s.\" \/>\n<meta property=\"og:url\" content=\"https:\/\/jackpotlotteryonline.com\/play-online\/german-lotto\/\" \/>\n<meta property=\"og:site_name\" content=\"Lotto Online - Crack The International Lottery Jackpots\" \/>\n<meta property=\"article:modified_time\" content=\"2022-12-31T09:40:51+00:00\" \/>\n<meta property=\"og:image\" content=\"https:\/\/jackpotlotteryonline.com\/wp-content\/uploads\/2022\/10\/win_lottery_online.jpg\" \/>\n<meta name=\"twitter:card\" content=\"summary_large_image\" \/>\n<meta name=\"twitter:label1\" content=\"Odhadovan\u00e1 doba \u010dten\u00ed\" \/>\n\t<meta name=\"twitter:data1\" content=\"3 minuty\" \/>\n<!-- \/ Yoast SEO plugin. -->","yoast_head_json":{"title":"Zahrajte si n\u011bmeck\u00e9 Lotto z \u00fazem\u00ed mimo N\u011bmecko s online tiketem","description":"\u017dijete mimo N\u011bmecko? \u017d\u00e1dn\u00fd probl\u00e9m - hrajte n\u011bmeck\u00e9 loto s online tiketem od n\u00e1s.","robots":{"index":"index","follow":"follow","max-snippet":"max-snippet:-1","max-image-preview":"max-image-preview:large","max-video-preview":"max-video-preview:-1"},"canonical":"https:\/\/jackpotlotteryonline.com\/play-online\/german-lotto\/","og_locale":"cs_CZ","og_type":"article","og_title":"Zahrajte si n\u011bmeck\u00e9 Lotto z \u00fazem\u00ed mimo N\u011bmecko s online tiketem","og_description":"\u017dijete mimo N\u011bmecko? \u017d\u00e1dn\u00fd probl\u00e9m - hrajte n\u011bmeck\u00e9 loto s online tiketem od n\u00e1s.","og_url":"https:\/\/jackpotlotteryonline.com\/play-online\/german-lotto\/","og_site_name":"Lotto Online - Crack The International Lottery Jackpots","article_modified_time":"2022-12-31T09:40:51+00:00","og_image":[{"url":"https:\/\/jackpotlotteryonline.com\/wp-content\/uploads\/2022\/10\/win_lottery_online.jpg"}],"twitter_card":"summary_large_image","twitter_misc":{"Odhadovan\u00e1 doba \u010dten\u00ed":"3 minuty"},"schema":{"@context":"https:\/\/schema.org","@graph":[{"@type":"WebPage","@id":"https:\/\/jackpotlotteryonline.com\/play-online\/german-lotto\/","url":"https:\/\/jackpotlotteryonline.com\/play-online\/german-lotto\/","name":"Zahrajte si n\u011bmeck\u00e9 Lotto z \u00fazem\u00ed mimo N\u011bmecko s online tiketem","isPartOf":{"@id":"https:\/\/jackpotlotteryonline.com\/#website"},"primaryImageOfPage":{"@id":"https:\/\/jackpotlotteryonline.com\/play-online\/german-lotto\/#primaryimage"},"image":{"@id":"https:\/\/jackpotlotteryonline.com\/play-online\/german-lotto\/#primaryimage"},"thumbnailUrl":"https:\/\/jackpotlotteryonline.com\/wp-content\/uploads\/2022\/10\/win_lottery_online.jpg","datePublished":"2022-11-04T09:15:07+00:00","dateModified":"2022-12-31T09:40:51+00:00","description":"\u017dijete mimo N\u011bmecko? \u017d\u00e1dn\u00fd probl\u00e9m - hrajte n\u011bmeck\u00e9 loto s online tiketem od n\u00e1s.","breadcrumb":{"@id":"https:\/\/jackpotlotteryonline.com\/play-online\/german-lotto\/#breadcrumb"},"inLanguage":"cs","potentialAction":[{"@type":"ReadAction","target":["https:\/\/jackpotlotteryonline.com\/play-online\/german-lotto\/"]}]},{"@type":"ImageObject","inLanguage":"cs","@id":"https:\/\/jackpotlotteryonline.com\/play-online\/german-lotto\/#primaryimage","url":"https:\/\/jackpotlotteryonline.com\/wp-content\/uploads\/2022\/10\/win_lottery_online.jpg","contentUrl":"https:\/\/jackpotlotteryonline.com\/wp-content\/uploads\/2022\/10\/win_lottery_online.jpg"},{"@type":"BreadcrumbList","@id":"https:\/\/jackpotlotteryonline.com\/play-online\/german-lotto\/#breadcrumb","itemListElement":[{"@type":"ListItem","position":1,"name":"Home","item":"https:\/\/jackpotlotteryonline.com\/cs\/"},{"@type":"ListItem","position":2,"name":"Jak hr\u00e1t","item":"https:\/\/jackpotlotteryonline.com\/play-online\/"},{"@type":"ListItem","position":3,"name":"N\u011bmeck\u00e9 Lotto"}]},{"@type":"WebSite","@id":"https:\/\/jackpotlotteryonline.com\/#website","url":"https:\/\/jackpotlotteryonline.com\/","name":"Lotto Online - Crack The International Lottery Jackpots","description":"","potentialAction":[{"@type":"SearchAction","target":{"@type":"EntryPoint","urlTemplate":"https:\/\/jackpotlotteryonline.com\/?s={search_term_string}"},"query-input":"required name=search_term_string"}],"inLanguage":"cs"}]}},"_links":{"self":[{"href":"https:\/\/jackpotlotteryonline.com\/cs\/wp-json\/wp\/v2\/pages\/36276","targetHints":{"allow":["GET"]}}],"collection":[{"href":"https:\/\/jackpotlotteryonline.com\/cs\/wp-json\/wp\/v2\/pages"}],"about":[{"href":"https:\/\/jackpotlotteryonline.com\/cs\/wp-json\/wp\/v2\/types\/page"}],"author":[{"embeddable":true,"href":"https:\/\/jackpotlotteryonline.com\/cs\/wp-json\/wp\/v2\/users\/1"}],"replies":[{"embeddable":true,"href":"https:\/\/jackpotlotteryonline.com\/cs\/wp-json\/wp\/v2\/comments?post=36276"}],"version-history":[{"count":0,"href":"https:\/\/jackpotlotteryonline.com\/cs\/wp-json\/wp\/v2\/pages\/36276\/revisions"}],"up":[{"embeddable":true,"href":"https:\/\/jackpotlotteryonline.com\/cs\/wp-json\/wp\/v2\/pages\/35538"}],"wp:attachment":[{"href":"https:\/\/jackpotlotteryonline.com\/cs\/wp-json\/wp\/v2\/media?parent=36276"}],"curies":[{"name":"wp","href":"https:\/\/api.w.org\/{rel}","templated":true}]}}