{"id":36386,"date":"2022-11-04T12:00:05","date_gmt":"2022-11-04T12:00:05","guid":{"rendered":"https:\/\/jackpotlotteryonline.com\/?page_id=36386"},"modified":"2022-12-19T15:36:19","modified_gmt":"2022-12-19T15:36:19","slug":"powerball","status":"publish","type":"page","link":"https:\/\/jackpotlotteryonline.com\/cs\/koupit-vstupenky\/powerball\/","title":{"rendered":"Americk\u00e1 loterie Powerball"},"content":{"rendered":"<h2>Jak z\u00edskat losy Powerball mimo USA<\/h2>\n<p>T\u00e9m\u011b\u0159 v ka\u017ed\u00e9 zemi na sv\u011bt\u011b existuje loterie, ale ne v\u0161echny loterie jsou takov\u00e9 jako Powerball a Mega Millions, velk\u00e9 americk\u00e9 loterie. V\u00fdhry v loteri\u00edch v USA dos\u00e1hly \u010d\u00e1stky a\u017e 1,5 miliardy dolar\u016f (v roce 2016). Jackpoty v jin\u00fdch zem\u00edch takov\u00e9 \u010d\u00e1stky nikdy nedos\u00e1hly, tak\u017ee kdykoli si fanou\u0161ci loterie p\u0159e\u010dtou o dal\u0161\u00edm rekordn\u00edm jackpotu v USA, polo\u017e\u00ed si jedinou ot\u00e1zku:<strong> Mohu si <a href=\"https:\/\/jackpotlotteryonline.com\/cs\/jak-hrat\/powerball\">Powerball zahr\u00e1t i mimo USA,<\/a> t\u0159eba online?<\/strong><\/p>\n<p><strong>Jednoduch\u00e1 odpov\u011b\u010f zn\u00ed ano &#8211; i kdy\u017e \u017eijete mimo USA<\/strong>, m\u016f\u017eete si Powerball zahr\u00e1t. Jsme renomovan\u00e1 slu\u017eba, kter\u00e1 v\u00e1m umo\u017en\u00ed koupit si tikety t\u011bchto obrovsk\u00fdch loteri\u00ed nebo \u0159ady dal\u0161\u00edch mezin\u00e1rodn\u00edch loteri\u00ed. Je to tak jednoduch\u00e9, jak to jen m\u016f\u017ee b\u00fdt &#8211; vyberete si \u010d\u00edsla online a my vy\u0161leme na\u0161e agenty v USA, aby pro v\u00e1s koupili losy. Tyto losy pat\u0159\u00ed v\u00e1m, tak\u017ee m\u00e1te opr\u00e1vn\u011bn\u00fd n\u00e1rok v\u016f\u010di samotn\u00e9 loterijn\u00ed komisi. Pokud vyhrajete, pom\u016f\u017eeme v\u00e1m tak\u00e9 z\u00edskat va\u0161e pen\u00edze.<\/p>\n<p>D\u016fle\u017eit\u00e1 je skute\u010dnost, \u017ee zde z\u00edsk\u00e1te origin\u00e1ln\u00ed los, a ne\u00fa\u010dastn\u00edte se n\u011bjak\u00e9ho lotto podvodu!<\/p>\n<h2>Proces n\u00e1kupu losu online<\/h2>\n<p><img loading=\"lazy\" decoding=\"async\" class=\"alignright size-full wp-image-34943\" src=\"https:\/\/jackpotlotteryonline.com\/wp-content\/uploads\/2022\/11\/2_ticket_powerball3-1.jpg\" alt=\"los Powerball\" width=\"180\" height=\"194\" \/><\/p>\n<p><strong>Nejprve se pod\u00edv\u00e1te na horn\u00ed \u010d\u00e1st na\u0161ich webov\u00fdch str\u00e1nek<\/strong>, kde kliknete na jeden z banner\u016f a vyberete si loterii, kter\u00e9 se chcete z\u00fa\u010dastnit. Na\u0161e webov\u00e9 str\u00e1nky jsou k dispozici ve v\u00edce ne\u017e 20 r\u016fzn\u00fdch jazyc\u00edch. V\u011bt\u0161ina z\u00e1kazn\u00edk\u016f si kupuje tikety na americk\u00e9 loterie Powerball a\/nebo Mega Millions, ale velmi \u010dasto maj\u00ed obrovsk\u00e9 v\u00fdhry i jin\u00e9 mezin\u00e1rodn\u00ed loterie. M\u016f\u017eete si je se\u0159adit podle v\u00fd\u0161e jackpotu a jednodu\u0161e si zahr\u00e1t tu loterii, kter\u00e1 m\u00e1 aktu\u00e1ln\u011b nejvy\u0161\u0161\u00ed \u010d\u00e1stku. Pokud chcete hr\u00e1t v\u00edce loteri\u00ed, je to tak\u00e9 snadn\u00e9 &#8211; m\u016f\u017eete si nap\u0159\u00edklad koupit jeden tiket na Powerball a druh\u00fd na \u0161pan\u011blsk\u00e9 El Gordo.<\/p>\n<p>D\u00e1le si vyberete \u010d\u00edsla &#8211; to je snadn\u00e9, proto\u017ee na\u0161e webov\u00e9 str\u00e1nky v\u00e1m uk\u00e1\u017e\u00ed, kolik \u010d\u00edsel m\u00e1te vybrat. Pokud tomu d\u00e1v\u00e1te p\u0159ednost, je k dispozici funkce rychl\u00e9ho v\u00fdb\u011bru, kter\u00e1 generuje \u010d\u00edsla n\u00e1hodn\u011b. Pot\u00e9 si zvol\u00edte, kolik tiket\u016f si chcete koupit a na <a href=\"https:\/\/jackpotlotteryonline.com\/cs\/vyherni-cisla\/powerball\">kolik tah\u016f (t\u00fddn\u016f)<\/a> chcete, aby v\u00e1\u0161 tiket platil. V z\u00e1vislosti na tom, kolika t\u00fddn\u016f se bude v\u00e1\u0161 tiket \u00fa\u010dastnit, z\u00edsk\u00e1te slevu z ceny, kterou za tiket zaplat\u00edte.<\/p>\n<p>Po v\u00fdb\u011bru v\u0161ech mo\u017enost\u00ed si m\u016f\u017eete prohl\u00e9dnout celkovou cenu a dal\u0161\u00edm krokem je registrace z\u00e1kaznick\u00e9ho \u00fa\u010dtu. Zaplatit za losy je tak\u00e9 snadn\u00e9 &#8211; v\u011bt\u0161ina klient\u016f vol\u00ed mo\u017enost platby kreditn\u00ed kartou, ale jsou zde i dal\u0161\u00ed mo\u017enosti, nap\u0159\u00edklad (v z\u00e1vislosti na zemi, ze kter\u00e9 poch\u00e1z\u00edte) okam\u017eit\u00fd bankovn\u00ed p\u0159evod nebo kryptom\u011bny.<\/p>\n<p>Pro va\u0161e platby budou pou\u017eity nejnov\u011bj\u0161\u00ed a nejbezpe\u010dn\u011bj\u0161\u00ed protokoly, tak\u017ee se nemus\u00edte ob\u00e1vat \u017e\u00e1dn\u00fdch podvod\u016f s kreditn\u00edmi kartami. Pokud chcete, m\u016f\u017eete si vybrat mo\u017enost po\u0159\u00eddit si tiket pro v\u00edce tah\u016f, va\u0161e \u010d\u00edsla se z\u00fa\u010dastn\u00ed Powerballu nebo jak\u00e9koliv loterie, kterou si vyberete, pro 2, 4, 6 nebo dokonce 8 tah\u016f za sebou.\u00a0 Jedn\u00e1 se v\u0161ak o volitelnou mo\u017enost &#8211; pokud toto pol\u00ed\u010dko neza\u0161krtnete, bude v\u00e1m \u00fa\u010dtov\u00e1n poplatek pouze za jedno slosov\u00e1n\u00ed!<\/p>\n<p>V\u011bt\u0161ina lid\u00ed mimo USA hraje pouze sv\u00e9 m\u00edstn\u00ed lotto, ani\u017e by o t\u00e9to mo\u017enosti hr\u00e1t mezin\u00e1rodn\u00ed lotto online v\u011bd\u011bla. Ale kdy\u017e u\u017e to v\u00edte, co v\u00e1m br\u00e1n\u00ed hr\u00e1t o jackpoty, kter\u00e9 jsou \u010dasto stokr\u00e1t vy\u0161\u0161\u00ed ne\u017e ty, kter\u00e9 m\u016f\u017eete vyhr\u00e1t v zemi sv\u00e9ho bydli\u0161t\u011b? Mo\u017en\u00e1 budete p\u0159\u00ed\u0161t\u00edm v\u00edt\u011bzem jackpotu Powerball pr\u00e1v\u011b vy!<\/p>\n<section class=\"layout\" style=\"border: solid 1px; width: 100%;\">\n<div class=\"img-div\" style=\"margin-top: 5px;\"><img decoding=\"async\" class=\"wp-image-17212 alignleft\" style=\"height: 45px; margin: 8px 8px 0px;\" src=\"https:\/\/jackpotlotteryonline.com\/wp-content\/uploads\/2022\/11\/read1.jpg\" alt=\"hr\u00e1t powerball mimo USA\" width=\"\" height=\"\" \/><\/div>\n<div style=\"padding-left: 5px;\">\n<div style=\"font-size: 1.1em;\">\n<p><strong>Je leg\u00e1ln\u00ed hr\u00e1t loterie z jin\u00fdch zem\u00ed online?<\/strong><\/p>\n<p style=\"font-size: 0.85em; margin-top: -1.5em;\">Je leg\u00e1ln\u00ed z\u00edskat los online a dostanu skute\u010dn\u011b v\u00fdplatu?\u00a0 <a href=\"https:\/\/jackpotlotteryonline.com\/cs\/je-legalni-hrat-loterie-z-jinych-zemi-online\">P\u0159e\u010dt\u011bte si v\u00edce<\/a><\/p>\n<\/div>\n<\/div>\n<\/section>\n<h2>Lotto USA Online p\u0159ehled<\/h2>\n<p>Ve Spojen\u00fdch st\u00e1tech americk\u00fdch je 43 st\u00e1t\u016f a tak\u00e9 District of Columbia, Americk\u00e9 Panensk\u00e9 ostrovy a Portoriko, kter\u00e9 provozuj\u00ed loterie. V ka\u017ed\u00e9 z t\u011bchto oblast\u00ed existuj\u00ed st\u00e1tn\u00ed loterie, kter\u00e9 spadaj\u00ed<strong> do kategorie Lotto USA<\/strong>. Mezi hlavn\u00ed loterie Lotto USA, kter\u00e9 se provozuj\u00ed, pat\u0159\u00ed Mega Millions a Powerball. Jedn\u00e1 se o masivn\u00ed loterie, kter\u00e9 jsou k dispozici obyvatel\u016fm z cel\u00fdch USA a nyn\u00ed se jich prost\u0159ednictv\u00edm t\u00e9to na\u0161\u00ed slu\u017eby mohou online \u00fa\u010dastnit i hr\u00e1\u010di ze zahrani\u010d\u00ed.<\/p>\n<h2>Powerball Lotto USA<\/h2>\n<p><img loading=\"lazy\" decoding=\"async\" class=\"alignright size-full wp-image-31721\" src=\"https:\/\/jackpotlotteryonline.com\/wp-content\/uploads\/2022\/11\/powerball_globe_logo.png\" alt=\"koupit los powerball online\" width=\"200\" height=\"212\" \/><\/p>\n<p>Nejobl\u00edben\u011bj\u0161\u00ed hrou Lotto USA je Powerball. Powerball se losuje v Universal Studios na Florid\u011b v USA, ale m\u00e1 podm\u00ednku nerezidentstv\u00ed, co\u017e znamen\u00e1, \u017ee se t\u00e9to hry Lotto USA mohou z\u00fa\u010dastnit obyvatel\u00e9 st\u00e1t\u016f, kter\u00e9 nejsou \u010dleny Powerball, a dokonce i hr\u00e1\u010di mimo USA.<\/p>\n<p>Aby byli hr\u00e1\u010di opr\u00e1vn\u011bni hr\u00e1t Powerball, mus\u00ed jim b\u00fdt alespo\u0148 18 let. Hr\u00e1\u010di mus\u00ed vybrat \u0161est \u010d\u00edsel &#8211; p\u011bt \u010d\u00edsel v rozmez\u00ed 1 a\u017e 59 a jedno \u010d\u00edslo PowerBall v rozmez\u00ed 1 a\u017e 39. Hr\u00e1\u010di mohou vyu\u017e\u00edt funkci Quick Pick, kter\u00e1 za v\u00e1s n\u00e1hodn\u011b vybere 6 \u010d\u00edsel.<\/p>\n<p>Jackpoty ve h\u0159e Powerball se obvykle pohybuj\u00ed v des\u00edtk\u00e1ch milion\u016f dolar\u016f, i kdy\u017e v minulosti pom\u011brn\u011b \u010dasto p\u0159esahovaly 200 milion\u016f dolar\u016f.<\/p>\n<h2>Mega Millions Lotto USA<\/h2>\n<p>Mega Millions je dal\u0161\u00ed <strong>loterie Lotto USA<\/strong>, kter\u00e1 se provozuje v USA a ve skute\u010dnosti se losuje v Atlant\u011b v Georgii. P\u0159esto Mega Millions nem\u00e1 podm\u00ednku trval\u00e9ho pobytu, co\u017e znamen\u00e1, \u017ee se loterie Mega Millions Lotto USA mohou z\u00fa\u010dastnit a vyhr\u00e1t v n\u00ed i obyvatel\u00e9 st\u00e1t\u016f, kter\u00e9 nejsou \u010dleny Mega Millions, a dokonce i ti, kte\u0159\u00ed nejsou obyvateli USA.<\/p>\n<p>Abyste mohli hr\u00e1t Mega Million Lotto USA, mus\u00edte b\u00fdt star\u0161\u00ed 18 let. Mus\u00edte si vybrat 6 \u010d\u00edsel &#8211; p\u011bt \u010d\u00edsel v rozmez\u00ed 1 a\u017e 56 a jedno \u010d\u00edslo Mega Ballu v rozmez\u00ed 1 a\u017e 46. M\u016f\u017eete vyu\u017e\u00edt mo\u017enosti Rychl\u00fd v\u00fdb\u011br, kter\u00e1 za v\u00e1s n\u00e1hodn\u011b vybere \u010d\u00edsla.<\/p>\n<p>Hra Mega Million Lotto USA nab\u00edz\u00ed pen\u011b\u017en\u00ed v\u00fdhry a tak\u00e9 jackpot. Je zn\u00e1mo, \u017ee jackpot, kter\u00fd zm\u011bn\u00ed \u017eivot, dosahuje stovek milion\u016f dolar\u016f, a proto je tato hra velmi obl\u00edben\u00e1.<\/p>\n<h2>NASPL &#8211; Asociace USA Lotto<\/h2>\n<p>Severoamerick\u00e1 asociace st\u00e1tn\u00edch a provin\u010dn\u00edch loteri\u00ed (NASPL) zastupuje v\u0161echny st\u00e1tn\u00ed loterie a provin\u010dn\u00ed loterie USA a kanadsk\u00e9 loterie. Lotto USA je efektivn\u011bji provozov\u00e1no prost\u0159ednictv\u00edm NASPL. Funguje jako rozhran\u00ed pro Lotto USA, poskytuje informace, prov\u00e1d\u00ed v\u00fdzkum a v\u00fdvoj, zaji\u0161\u0165uje bezpe\u010dnost a \u0161kol\u00ed zam\u011bstnance Lotto USA. V\u0161echny hlavn\u00ed loterie v USA jsou \u010dleny NASPL.<\/p>\n","protected":false},"excerpt":{"rendered":"<p>Jak z\u00edskat losy Powerball mimo USA T\u00e9m\u011b\u0159 v ka\u017ed\u00e9 zemi na sv\u011bt\u011b existuje loterie, ale ne v\u0161echny loterie jsou takov\u00e9 jako Powerball a Mega Millions, velk\u00e9 americk\u00e9 loterie. V\u00fdhry v loteri\u00edch v USA dos\u00e1hly \u010d\u00e1stky a\u017e 1,5 miliardy dolar\u016f (v roce 2016). Jackpoty v jin\u00fdch zem\u00edch takov\u00e9 \u010d\u00e1stky nikdy nedos\u00e1hly, tak\u017ee kdykoli si fanou\u0161ci loterie [&hellip;]<\/p>\n","protected":false},"author":1,"featured_media":0,"parent":35740,"menu_order":1,"comment_status":"closed","ping_status":"closed","template":"powerball-usa-info.php","meta":{"_et_pb_use_builder":"","_et_pb_old_content":"","_et_gb_content_width":"","exclude_from_search":false,"footnotes":""},"class_list":["post-36386","page","type-page","status-publish","hentry"],"yoast_head":"<!-- This site is optimized with the Yoast SEO plugin v23.3 - https:\/\/yoast.com\/wordpress\/plugins\/seo\/ -->\n<title>Koupit tikety Powerball online z jak\u00e9koli jin\u00e9 zem\u011b mimo USA<\/title>\n<meta name=\"description\" content=\"Zjist\u011bte, jak mohou obyvatel\u00e9 jin\u00fdch zem\u00ed hr\u00e1t o obrovsk\u00e9 v\u00fdhry v loterii Powerball online - m\u016f\u017eete b\u00fdt mimo USA a p\u0159esto hr\u00e1t\" \/>\n<meta name=\"robots\" content=\"index, follow, max-snippet:-1, max-image-preview:large, max-video-preview:-1\" \/>\n<link rel=\"canonical\" href=\"https:\/\/jackpotlotteryonline.com\/cs\/koupit-vstupenky\/powerball\/\" \/>\n<meta property=\"og:locale\" content=\"cs_CZ\" \/>\n<meta property=\"og:type\" content=\"article\" \/>\n<meta property=\"og:title\" content=\"Koupit tikety Powerball online z jak\u00e9koli jin\u00e9 zem\u011b mimo USA\" \/>\n<meta property=\"og:description\" content=\"Zjist\u011bte, jak mohou obyvatel\u00e9 jin\u00fdch zem\u00ed hr\u00e1t o obrovsk\u00e9 v\u00fdhry v loterii Powerball online - m\u016f\u017eete b\u00fdt mimo USA a p\u0159esto hr\u00e1t\" \/>\n<meta property=\"og:url\" content=\"https:\/\/jackpotlotteryonline.com\/cs\/koupit-vstupenky\/powerball\/\" \/>\n<meta property=\"og:site_name\" content=\"Lotto Online - Crack The International Lottery Jackpots\" \/>\n<meta property=\"article:modified_time\" content=\"2022-12-19T15:36:19+00:00\" \/>\n<meta property=\"og:image\" content=\"https:\/\/jackpotlotteryonline.com\/wp-content\/uploads\/2022\/11\/2_ticket_powerball3-1.jpg\" \/>\n<meta name=\"twitter:card\" content=\"summary_large_image\" \/>\n<meta name=\"twitter:label1\" content=\"Odhadovan\u00e1 doba \u010dten\u00ed\" \/>\n\t<meta name=\"twitter:data1\" content=\"5 minut\" \/>\n<!-- \/ Yoast SEO plugin. -->","yoast_head_json":{"title":"Koupit tikety Powerball online z jak\u00e9koli jin\u00e9 zem\u011b mimo USA","description":"Zjist\u011bte, jak mohou obyvatel\u00e9 jin\u00fdch zem\u00ed hr\u00e1t o obrovsk\u00e9 v\u00fdhry v loterii Powerball online - m\u016f\u017eete b\u00fdt mimo USA a p\u0159esto hr\u00e1t","robots":{"index":"index","follow":"follow","max-snippet":"max-snippet:-1","max-image-preview":"max-image-preview:large","max-video-preview":"max-video-preview:-1"},"canonical":"https:\/\/jackpotlotteryonline.com\/cs\/koupit-vstupenky\/powerball\/","og_locale":"cs_CZ","og_type":"article","og_title":"Koupit tikety Powerball online z jak\u00e9koli jin\u00e9 zem\u011b mimo USA","og_description":"Zjist\u011bte, jak mohou obyvatel\u00e9 jin\u00fdch zem\u00ed hr\u00e1t o obrovsk\u00e9 v\u00fdhry v loterii Powerball online - m\u016f\u017eete b\u00fdt mimo USA a p\u0159esto hr\u00e1t","og_url":"https:\/\/jackpotlotteryonline.com\/cs\/koupit-vstupenky\/powerball\/","og_site_name":"Lotto Online - Crack The International Lottery Jackpots","article_modified_time":"2022-12-19T15:36:19+00:00","og_image":[{"url":"https:\/\/jackpotlotteryonline.com\/wp-content\/uploads\/2022\/11\/2_ticket_powerball3-1.jpg"}],"twitter_card":"summary_large_image","twitter_misc":{"Odhadovan\u00e1 doba \u010dten\u00ed":"5 minut"},"schema":{"@context":"https:\/\/schema.org","@graph":[{"@type":"WebPage","@id":"https:\/\/jackpotlotteryonline.com\/cs\/koupit-vstupenky\/powerball\/","url":"https:\/\/jackpotlotteryonline.com\/cs\/koupit-vstupenky\/powerball\/","name":"Koupit tikety Powerball online z jak\u00e9koli jin\u00e9 zem\u011b mimo USA","isPartOf":{"@id":"https:\/\/jackpotlotteryonline.com\/#website"},"primaryImageOfPage":{"@id":"https:\/\/jackpotlotteryonline.com\/cs\/koupit-vstupenky\/powerball\/#primaryimage"},"image":{"@id":"https:\/\/jackpotlotteryonline.com\/cs\/koupit-vstupenky\/powerball\/#primaryimage"},"thumbnailUrl":"https:\/\/jackpotlotteryonline.com\/wp-content\/uploads\/2022\/11\/2_ticket_powerball3-1.jpg","datePublished":"2022-11-04T12:00:05+00:00","dateModified":"2022-12-19T15:36:19+00:00","description":"Zjist\u011bte, jak mohou obyvatel\u00e9 jin\u00fdch zem\u00ed hr\u00e1t o obrovsk\u00e9 v\u00fdhry v loterii Powerball online - m\u016f\u017eete b\u00fdt mimo USA a p\u0159esto hr\u00e1t","breadcrumb":{"@id":"https:\/\/jackpotlotteryonline.com\/cs\/koupit-vstupenky\/powerball\/#breadcrumb"},"inLanguage":"cs","potentialAction":[{"@type":"ReadAction","target":["https:\/\/jackpotlotteryonline.com\/cs\/koupit-vstupenky\/powerball\/"]}]},{"@type":"ImageObject","inLanguage":"cs","@id":"https:\/\/jackpotlotteryonline.com\/cs\/koupit-vstupenky\/powerball\/#primaryimage","url":"https:\/\/jackpotlotteryonline.com\/wp-content\/uploads\/2022\/11\/2_ticket_powerball3-1.jpg","contentUrl":"https:\/\/jackpotlotteryonline.com\/wp-content\/uploads\/2022\/11\/2_ticket_powerball3-1.jpg"},{"@type":"BreadcrumbList","@id":"https:\/\/jackpotlotteryonline.com\/cs\/koupit-vstupenky\/powerball\/#breadcrumb","itemListElement":[{"@type":"ListItem","position":1,"name":"Home","item":"https:\/\/jackpotlotteryonline.com\/cs\/"},{"@type":"ListItem","position":2,"name":"Jak koupit losy online","item":"https:\/\/jackpotlotteryonline.com\/buy-tickets\/"},{"@type":"ListItem","position":3,"name":"Americk\u00e1 loterie Powerball"}]},{"@type":"WebSite","@id":"https:\/\/jackpotlotteryonline.com\/#website","url":"https:\/\/jackpotlotteryonline.com\/","name":"Lotto Online - Crack The International Lottery Jackpots","description":"","potentialAction":[{"@type":"SearchAction","target":{"@type":"EntryPoint","urlTemplate":"https:\/\/jackpotlotteryonline.com\/?s={search_term_string}"},"query-input":"required name=search_term_string"}],"inLanguage":"cs"}]}},"_links":{"self":[{"href":"https:\/\/jackpotlotteryonline.com\/cs\/wp-json\/wp\/v2\/pages\/36386","targetHints":{"allow":["GET"]}}],"collection":[{"href":"https:\/\/jackpotlotteryonline.com\/cs\/wp-json\/wp\/v2\/pages"}],"about":[{"href":"https:\/\/jackpotlotteryonline.com\/cs\/wp-json\/wp\/v2\/types\/page"}],"author":[{"embeddable":true,"href":"https:\/\/jackpotlotteryonline.com\/cs\/wp-json\/wp\/v2\/users\/1"}],"replies":[{"embeddable":true,"href":"https:\/\/jackpotlotteryonline.com\/cs\/wp-json\/wp\/v2\/comments?post=36386"}],"version-history":[{"count":0,"href":"https:\/\/jackpotlotteryonline.com\/cs\/wp-json\/wp\/v2\/pages\/36386\/revisions"}],"up":[{"embeddable":true,"href":"https:\/\/jackpotlotteryonline.com\/cs\/wp-json\/wp\/v2\/pages\/35740"}],"wp:attachment":[{"href":"https:\/\/jackpotlotteryonline.com\/cs\/wp-json\/wp\/v2\/media?parent=36386"}],"curies":[{"name":"wp","href":"https:\/\/api.w.org\/{rel}","templated":true}]}}