{"id":36445,"date":"2022-11-07T08:04:23","date_gmt":"2022-11-07T08:04:23","guid":{"rendered":"https:\/\/jackpotlotteryonline.com\/?page_id=36445"},"modified":"2022-12-19T18:24:39","modified_gmt":"2022-12-19T18:24:39","slug":"euromillions","status":"publish","type":"page","link":"https:\/\/jackpotlotteryonline.com\/cs\/koupit-vstupenky\/euromillions\/","title":{"rendered":"Mohu z\u00edskat tiket do Euromilion\u016f ze zem\u00ed mimo Evropu?"},"content":{"rendered":"<h2>Nejv\u011bt\u0161\u00ed evropskou loteri\u00ed je Euromillions<\/h2>\n<p><img loading=\"lazy\" decoding=\"async\" class=\"alignright wp-image-17411 size-full\" src=\"http:\/\/jackpotlotteryonline.com\/wp-content\/uploads\/2022\/10\/euromillions.png\" alt=\"koupit euromillions online\" width=\"200\" height=\"212\" \/><\/p>\n<p><a href=\"https:\/\/jackpotlotteryonline.com\/cs\/jak-hrat\/euromillions\">Euromillions<\/a> je loterie nab\u00edzen\u00e1 v r\u016fzn\u00fdch evropsk\u00fdch zem\u00edch. Byla navr\u017eena tak, aby nab\u00edzela podstatn\u011b vy\u0161\u0161\u00ed jackpoty ne\u017e n\u00e1rodn\u00ed loterie t\u011bchto jednotliv\u00fdch zem\u00ed. Toho bylo dosa\u017eeno nastaven\u00edm struktury loterie s ni\u017e\u0161\u00ed pravd\u011bpodobnost\u00ed, co\u017e znamen\u00e1 v\u00edce mo\u017en\u00fdch kombinac\u00ed \u010d\u00edsel. Skute\u010dnost, \u017ee vylu\u0161t\u011bn\u00ed takov\u00fdch jackpot\u016f obvykle trv\u00e1 d\u00e9le, v kombinaci s vy\u0161\u0161\u00edm po\u010d\u00e1te\u010dn\u00edm jackpotem ve v\u00fd\u0161i 10 milion\u016f eur vedla k tomu, \u017ee jackpoty pravideln\u011b p\u0159esahuj\u00ed 100 milion\u016f eur.<\/p>\n<h2>Pro\u010d ke h\u0159e pot\u0159ebujete online tiketovou slu\u017ebu?<\/h2>\n<p>No, pokud \u017eijete v n\u011bkter\u00e9 ze z\u00fa\u010dastn\u011bn\u00fdch evropsk\u00fdch zem\u00ed, slu\u017ebu, jako je ta na\u0161e, byste nepot\u0159ebovali. Pokud tomu tak ale nen\u00ed, nebo pokud dokonce \u017eijete mimo Evropu, pak je pro v\u00e1s jedin\u00fdm zp\u016fsobem, jak z\u00edskat tiket do hry Euromillions, online. Sta\u010d\u00ed, kdy\u017e kliknete <strong>na banner Euromillions naho\u0159e <\/strong>a objedn\u00e1te si tikety, pak je va\u0161e \u00fa\u010dast zaji\u0161t\u011bna. Mimochodem, skute\u010dn\u00e9 losy Euromillions nakupujeme prost\u0159ednictv\u00edm ofici\u00e1ln\u00edho prodejce los\u016f se s\u00eddlem v Evrop\u011b.<\/p>\n<section class=\"layout\" style=\"border: solid 1px; width: 100%;\">\n<div class=\"img-div\" style=\"margin-top: 5px;\"><img decoding=\"async\" class=\"wp-image-17212 alignleft\" style=\"height: 45px; margin: 8px 8px 0px;\" src=\"http:\/\/jackpotlotteryonline.com\/wp-content\/uploads\/2022\/11\/read1.jpg\" alt=\"hr\u00e1t Euromiliony\" width=\"\" height=\"\" \/><\/div>\n<div style=\"padding-left: 5px;\">\n<div style=\"font-size: 1.1em;\">\n<p><strong>Loterie, kter\u00e9 maj\u00ed nejv\u011bt\u0161\u00ed \u0161anci na va\u0161i velkou v\u00fdhru<\/strong><\/p>\n<p style=\"font-size: 0.85em; margin-top: -1.5em;\">Kter\u00e1 loterie m\u00e1 nejlep\u0161\u00ed \u0161ance na v\u00fdhru?\u00a0<a href=\"https:\/\/jackpotlotteryonline.com\/cs\/ktera-loterie-ma-nejvetsi-sance-na-vyhru\"> P\u0159e\u010dt\u011bte si v\u00edce<\/a><\/p>\n<\/div>\n<\/div>\n<\/section>\n<h2>O Euromillions<\/h2>\n<p><a href=\"https:\/\/jackpotlotteryonline.com\/cs\/vyherni-cisla\/euromillions\">Tato loterie m\u00e1 dv\u011b t\u00fddenn\u00ed losov\u00e1n\u00ed<\/a> v \u00fater\u00fd a v p\u00e1tek. Jej\u00ed struktura je stejn\u00e1 jako u Eurojackpotu, s t\u00edm rozd\u00edlem, \u017ee jackpot nen\u00ed omezen a mus\u00edte si vybrat dv\u011b \u010d\u00edsla nav\u00edc mezi 1 a 12. M\u00e1 tak\u00e9 13 v\u00fdhern\u00edch \u00farovn\u00ed.<\/p>\n<h2>Slu\u017eba n\u00e1kupu los\u016f pro mezin\u00e1rodn\u00ed loterie<\/h2>\n<p><img loading=\"lazy\" decoding=\"async\" class=\"alignright size-full wp-image-33431\" src=\"http:\/\/jackpotlotteryonline.com\/wp-content\/uploads\/2022\/11\/2_ticket_euromillions-112x300-1.jpg\" alt=\"tiket euromillions\" width=\"112\" height=\"300\" \/><\/p>\n<p>Krom\u011b toho, \u017ee v\u00e1m poskytujeme online tikety na Euromiliony a Eurojackpot, m\u00e1me na v\u00fdb\u011br celkem z v\u00edce ne\u017e 20 loteri\u00ed. A\u010dkoli si mo\u017en\u00e1 budete cht\u00edt vybrat v\u017edy tu s nejv\u011bt\u0161\u00edmi jackpoty, stoj\u00ed za zv\u00e1\u017een\u00ed i n\u011bkter\u00e9 z &#8220;men\u0161\u00edch&#8221; loteri\u00ed. Mohou nab\u00edzet v\u00fdhodn\u011bj\u0161\u00ed \u0161ance na v\u00fdhru nebo ni\u017e\u0161\u00ed ceny los\u016f.<\/p>\n<p>Nemus\u00edte se ob\u00e1vat ani o bezpe\u010dnost plateb a dat. Pro zpracov\u00e1n\u00ed plateb pou\u017e\u00edv\u00e1me mimo\u0159\u00e1dn\u011b bezpe\u010dn\u00e9 protokoly. P\u0159ij\u00edm\u00e1me platby kreditn\u00edmi kartami, kryptom\u011bnami, bankovn\u00edm p\u0159evodem a \u0159adou dal\u0161\u00edch mo\u017enost\u00ed.<\/p>\n","protected":false},"excerpt":{"rendered":"<p>Nejv\u011bt\u0161\u00ed evropskou loteri\u00ed je Euromillions Euromillions je loterie nab\u00edzen\u00e1 v r\u016fzn\u00fdch evropsk\u00fdch zem\u00edch. Byla navr\u017eena tak, aby nab\u00edzela podstatn\u011b vy\u0161\u0161\u00ed jackpoty ne\u017e n\u00e1rodn\u00ed loterie t\u011bchto jednotliv\u00fdch zem\u00ed. Toho bylo dosa\u017eeno nastaven\u00edm struktury loterie s ni\u017e\u0161\u00ed pravd\u011bpodobnost\u00ed, co\u017e znamen\u00e1 v\u00edce mo\u017en\u00fdch kombinac\u00ed \u010d\u00edsel. Skute\u010dnost, \u017ee vylu\u0161t\u011bn\u00ed takov\u00fdch jackpot\u016f obvykle trv\u00e1 d\u00e9le, v kombinaci s vy\u0161\u0161\u00edm po\u010d\u00e1te\u010dn\u00edm [&hellip;]<\/p>\n","protected":false},"author":1,"featured_media":0,"parent":35740,"menu_order":3,"comment_status":"closed","ping_status":"closed","template":"euromillions-info.php","meta":{"_et_pb_use_builder":"","_et_pb_old_content":"","_et_gb_content_width":"","exclude_from_search":false,"footnotes":""},"class_list":["post-36445","page","type-page","status-publish","hentry"],"yoast_head":"<!-- This site is optimized with the Yoast SEO plugin v23.3 - https:\/\/yoast.com\/wordpress\/plugins\/seo\/ -->\n<title>Z\u00edskejte tiket do hry Eurojackpot ze zem\u00ed mimo Evropu<\/title>\n<meta name=\"description\" content=\"Jak se z\u00fa\u010dastnit online hry Euromillions z m\u00edsta mimo Evropu - jednodu\u0161e si kupte tiket online na na\u0161ich webov\u00fdch str\u00e1nk\u00e1ch.\" \/>\n<meta name=\"robots\" content=\"index, follow, max-snippet:-1, max-image-preview:large, max-video-preview:-1\" \/>\n<link rel=\"canonical\" href=\"https:\/\/jackpotlotteryonline.com\/buy-tickets\/euromillions\/\" \/>\n<meta property=\"og:locale\" content=\"cs_CZ\" \/>\n<meta property=\"og:type\" content=\"article\" \/>\n<meta property=\"og:title\" content=\"Z\u00edskejte tiket do hry Eurojackpot ze zem\u00ed mimo Evropu\" \/>\n<meta property=\"og:description\" content=\"Jak se z\u00fa\u010dastnit online hry Euromillions z m\u00edsta mimo Evropu - jednodu\u0161e si kupte tiket online na na\u0161ich webov\u00fdch str\u00e1nk\u00e1ch.\" \/>\n<meta property=\"og:url\" content=\"https:\/\/jackpotlotteryonline.com\/buy-tickets\/euromillions\/\" \/>\n<meta property=\"og:site_name\" content=\"Lotto Online - Crack The International Lottery Jackpots\" \/>\n<meta property=\"article:modified_time\" content=\"2022-12-19T18:24:39+00:00\" \/>\n<meta property=\"og:image\" content=\"http:\/\/jackpotlotteryonline.com\/wp-content\/uploads\/2022\/10\/euromillions.png\" \/>\n<meta name=\"twitter:card\" content=\"summary_large_image\" \/>\n<meta name=\"twitter:label1\" content=\"Odhadovan\u00e1 doba \u010dten\u00ed\" \/>\n\t<meta name=\"twitter:data1\" content=\"2 minuty\" \/>\n<!-- \/ Yoast SEO plugin. -->","yoast_head_json":{"title":"Z\u00edskejte tiket do hry Eurojackpot ze zem\u00ed mimo Evropu","description":"Jak se z\u00fa\u010dastnit online hry Euromillions z m\u00edsta mimo Evropu - jednodu\u0161e si kupte tiket online na na\u0161ich webov\u00fdch str\u00e1nk\u00e1ch.","robots":{"index":"index","follow":"follow","max-snippet":"max-snippet:-1","max-image-preview":"max-image-preview:large","max-video-preview":"max-video-preview:-1"},"canonical":"https:\/\/jackpotlotteryonline.com\/buy-tickets\/euromillions\/","og_locale":"cs_CZ","og_type":"article","og_title":"Z\u00edskejte tiket do hry Eurojackpot ze zem\u00ed mimo Evropu","og_description":"Jak se z\u00fa\u010dastnit online hry Euromillions z m\u00edsta mimo Evropu - jednodu\u0161e si kupte tiket online na na\u0161ich webov\u00fdch str\u00e1nk\u00e1ch.","og_url":"https:\/\/jackpotlotteryonline.com\/buy-tickets\/euromillions\/","og_site_name":"Lotto Online - Crack The International Lottery Jackpots","article_modified_time":"2022-12-19T18:24:39+00:00","og_image":[{"url":"http:\/\/jackpotlotteryonline.com\/wp-content\/uploads\/2022\/10\/euromillions.png"}],"twitter_card":"summary_large_image","twitter_misc":{"Odhadovan\u00e1 doba \u010dten\u00ed":"2 minuty"},"schema":{"@context":"https:\/\/schema.org","@graph":[{"@type":"WebPage","@id":"https:\/\/jackpotlotteryonline.com\/buy-tickets\/euromillions\/","url":"https:\/\/jackpotlotteryonline.com\/buy-tickets\/euromillions\/","name":"Z\u00edskejte tiket do hry Eurojackpot ze zem\u00ed mimo Evropu","isPartOf":{"@id":"https:\/\/jackpotlotteryonline.com\/#website"},"primaryImageOfPage":{"@id":"https:\/\/jackpotlotteryonline.com\/buy-tickets\/euromillions\/#primaryimage"},"image":{"@id":"https:\/\/jackpotlotteryonline.com\/buy-tickets\/euromillions\/#primaryimage"},"thumbnailUrl":"http:\/\/jackpotlotteryonline.com\/wp-content\/uploads\/2022\/10\/euromillions.png","datePublished":"2022-11-07T08:04:23+00:00","dateModified":"2022-12-19T18:24:39+00:00","description":"Jak se z\u00fa\u010dastnit online hry Euromillions z m\u00edsta mimo Evropu - jednodu\u0161e si kupte tiket online na na\u0161ich webov\u00fdch str\u00e1nk\u00e1ch.","breadcrumb":{"@id":"https:\/\/jackpotlotteryonline.com\/buy-tickets\/euromillions\/#breadcrumb"},"inLanguage":"cs","potentialAction":[{"@type":"ReadAction","target":["https:\/\/jackpotlotteryonline.com\/buy-tickets\/euromillions\/"]}]},{"@type":"ImageObject","inLanguage":"cs","@id":"https:\/\/jackpotlotteryonline.com\/buy-tickets\/euromillions\/#primaryimage","url":"http:\/\/jackpotlotteryonline.com\/wp-content\/uploads\/2022\/10\/euromillions.png","contentUrl":"http:\/\/jackpotlotteryonline.com\/wp-content\/uploads\/2022\/10\/euromillions.png"},{"@type":"BreadcrumbList","@id":"https:\/\/jackpotlotteryonline.com\/buy-tickets\/euromillions\/#breadcrumb","itemListElement":[{"@type":"ListItem","position":1,"name":"Home","item":"https:\/\/jackpotlotteryonline.com\/cs\/"},{"@type":"ListItem","position":2,"name":"Jak koupit losy online","item":"https:\/\/jackpotlotteryonline.com\/buy-tickets\/"},{"@type":"ListItem","position":3,"name":"Mohu z\u00edskat tiket do Euromilion\u016f ze zem\u00ed mimo Evropu?"}]},{"@type":"WebSite","@id":"https:\/\/jackpotlotteryonline.com\/#website","url":"https:\/\/jackpotlotteryonline.com\/","name":"Lotto Online - Crack The International Lottery Jackpots","description":"","potentialAction":[{"@type":"SearchAction","target":{"@type":"EntryPoint","urlTemplate":"https:\/\/jackpotlotteryonline.com\/?s={search_term_string}"},"query-input":"required name=search_term_string"}],"inLanguage":"cs"}]}},"_links":{"self":[{"href":"https:\/\/jackpotlotteryonline.com\/cs\/wp-json\/wp\/v2\/pages\/36445","targetHints":{"allow":["GET"]}}],"collection":[{"href":"https:\/\/jackpotlotteryonline.com\/cs\/wp-json\/wp\/v2\/pages"}],"about":[{"href":"https:\/\/jackpotlotteryonline.com\/cs\/wp-json\/wp\/v2\/types\/page"}],"author":[{"embeddable":true,"href":"https:\/\/jackpotlotteryonline.com\/cs\/wp-json\/wp\/v2\/users\/1"}],"replies":[{"embeddable":true,"href":"https:\/\/jackpotlotteryonline.com\/cs\/wp-json\/wp\/v2\/comments?post=36445"}],"version-history":[{"count":0,"href":"https:\/\/jackpotlotteryonline.com\/cs\/wp-json\/wp\/v2\/pages\/36445\/revisions"}],"up":[{"embeddable":true,"href":"https:\/\/jackpotlotteryonline.com\/cs\/wp-json\/wp\/v2\/pages\/35740"}],"wp:attachment":[{"href":"https:\/\/jackpotlotteryonline.com\/cs\/wp-json\/wp\/v2\/media?parent=36445"}],"curies":[{"name":"wp","href":"https:\/\/api.w.org\/{rel}","templated":true}]}}