{"id":36499,"date":"2022-11-07T09:25:20","date_gmt":"2022-11-07T09:25:20","guid":{"rendered":"https:\/\/jackpotlotteryonline.com\/?page_id=36499"},"modified":"2023-01-03T19:46:28","modified_gmt":"2023-01-03T19:46:28","slug":"eurojackpot","status":"publish","type":"page","link":"https:\/\/jackpotlotteryonline.com\/cs\/koupit-vstupenky\/eurojackpot\/","title":{"rendered":"N\u00e1kup vstupenek na Eurojackpot ze zem\u00ed mimo \u00fa\u010dastnick\u00e9 zem\u011b"},"content":{"rendered":"<h2>O Eurojackpotu<\/h2>\n<p><a href=\"https:\/\/jackpotlotteryonline.com\/cs\/jak-hrat\/eurojackpot\">Eurojackpot<\/a> m\u00e1 jednu zaj\u00edmavou vlastnost, kterou byste m\u011bli zn\u00e1t: V\u017edy, kdy\u017e jackpot dos\u00e1hne 90 milion\u016f, je stanoven limit, do kter\u00e9ho m\u016f\u017eete jackpot vyhr\u00e1t. To znamen\u00e1, \u017ee v\u0161echny prost\u0159edky z prodeje tiket\u016f p\u0159esahuj\u00edc\u00ed 90 milion\u016f eur budou p\u0159ipo\u010dteny k cen\u011b druh\u00e9 \u00farovn\u011b. Tato cena druh\u00e9 \u00farovn\u011b pak bude v\u00fdrazn\u011b vy\u0161\u0161\u00ed. Vzhledem k tomu, \u017ee pravd\u011bpodobnost v\u00fdhry t\u00e9to ceny je ve srovn\u00e1n\u00ed s jackpotem desetkr\u00e1t vy\u0161\u0161\u00ed, je v\u017edy dobrou strategi\u00ed zam\u011b\u0159it se na tuto loterii, kdy\u017e dos\u00e1hne hranice 90 milion\u016f eur.<\/p>\n<p><a href=\"https:\/\/jackpotlotteryonline.com\/cs\/vyherni-cisla\/eurojackpot\">Eurojackpot m\u00e1 pouze jeden t\u00fddenn\u00ed losovac\u00ed den<\/a>, kter\u00fdm je p\u00e1tek. Uhodn\u011bte 5 z 50 \u010d\u00edsel a dv\u011b dal\u0161\u00ed \u010d\u00edsla mezi 1 a 10 a jste na cest\u011b k v\u00fdh\u0159e z celkem 12 \u00farovn\u00ed.<\/p>\n<h2>Jak si koupit tikety Eurojackpotu<\/h2>\n<p><img loading=\"lazy\" decoding=\"async\" class=\"wp-image-26077 size-medium alignright\" src=\"http:\/\/jackpotlotteryonline.com\/wp-content\/uploads\/2022\/11\/1_buy_eurojackpot_ticket-300x99.jpg\" alt=\"koupit vstupenky eurojackpot online\" width=\"300\" height=\"99\" srcset=\"https:\/\/jackpotlotteryonline.com\/wp-content\/uploads\/2022\/11\/1_buy_eurojackpot_ticket-300x99.jpg 300w, https:\/\/jackpotlotteryonline.com\/wp-content\/uploads\/2022\/11\/1_buy_eurojackpot_ticket.jpg 350w\" sizes=\"auto, (max-width: 300px) 100vw, 300px\" \/><\/p>\n<p>Eurojackpot je evropsk\u00e1 loterie a vstupy se v\u011bt\u0161inou prod\u00e1vaj\u00ed v zem\u00edch, kde se Eurojackpot hraje. Loterie Eurojackpot se \u00fa\u010dastn\u00ed 18 zem\u00ed a do loterie se m\u016f\u017ee p\u0159ihl\u00e1sit ka\u017ed\u00fd, kdo v t\u011bchto zem\u00edch \u017eije. Zem\u011bmi Eurojackpotu jsou Chorvatsko, D\u00e1nsko, Estonsko, Finsko, N\u011bmecko, Island, It\u00e1lie, Loty\u0161sko, Litva, Nizozemsko, Norsko, Slovinsko, \u0160pan\u011blsko a \u0160v\u00e9dsko.<\/p>\n<p>A\u010dkoli Eurojackpot m\u00e1 18 zem\u00ed, kter\u00e9 jsou \u010dleny, loterijn\u00ed tikety se prod\u00e1vaj\u00ed i v n\u011bkter\u00fdch ne\u00fa\u010dastnick\u00fdch zem\u00edch v r\u00e1mci kontinentu. Hr\u00e1\u010di v kter\u00e9koli z t\u011bchto zem\u00ed mohou zaj\u00edt k jak\u00e9mukoli prodejci loterie a zakoupit si tikety. To v\u0161ak neplat\u00ed pro hr\u00e1\u010de mimo Evropu, kte\u0159\u00ed se cht\u011bj\u00ed do Eurojackpotu zapojit.<\/p>\n<h2>Co d\u011blat, pokud \u017eijete mimo Evropu<\/h2>\n<p>Pokud \u017eijete mimo evropsk\u00fd kontinent a chcete se z\u00fa\u010dastnit Eurojackpotu, nejlep\u0161\u00ed mo\u017enost\u00ed je j\u00edt na internet. M\u016f\u017eete tak u\u010dinit bu\u010f prost\u0159ednictv\u00edm webu, nebo mobiln\u00edho za\u0159\u00edzen\u00ed. Sta\u010d\u00ed naj\u00edt loterijn\u00ed str\u00e1nky, zakoupit si tiket a p\u0159ihl\u00e1sit se do slosov\u00e1n\u00ed. Pak u\u017e jen po\u010dkejte, zda jste vyhr\u00e1li. Je to jednoduch\u00fd proces, ale je t\u0159eba si d\u00e1t pozor na n\u011bkolik v\u011bc\u00ed.<\/p>\n<p>Vstupy do Eurojackpotu se prod\u00e1vaj\u00ed na n\u011bkolika str\u00e1nk\u00e1ch na internetu, ale je d\u016fle\u017eit\u00e9 hledat legitimn\u00edho online prodejce. Internet v\u00e1m poskytuje p\u0159\u00edstup k \u00fa\u017easn\u00fdm mezin\u00e1rodn\u00edm loteri\u00edm, nejen k samotn\u00e9mu Eurojackpotu. Mus\u00edte si v\u0161ak b\u00fdt jisti, \u017ee jste se do Eurojackpotu p\u0159ihl\u00e1sili, na rozd\u00edl od s\u00e1zen\u00ed proti v\u00fdsledku loterie. Ano, je v tom rozd\u00edl.<\/p>\n<section class=\"layout\" style=\"border: solid 1px; width: 100%;\">\n<div class=\"img-div\" style=\"margin-top: 5px;\"><img decoding=\"async\" class=\"wp-image-17212 alignleft\" style=\"height: 45px; margin: 8px 8px 0px;\" src=\"http:\/\/jackpotlotteryonline.com\/wp-content\/uploads\/2022\/11\/read1.jpg\" alt=\"P\u0159e\u010dt\u011bte si\" width=\"\" height=\"\" \/><\/div>\n<div style=\"padding-left: 5px;\">\n<div style=\"font-size: 1.1em;\">\n<p><strong>Kter\u00e1 mezin\u00e1rodn\u00ed loterie je nejlep\u0161\u00ed?<\/strong><\/p>\n<p style=\"font-size: 0.85em; margin-top: -1.5em;\">Kter\u00e9 z mezin\u00e1rodn\u00edch loteri\u00ed maj\u00ed nejlep\u0161\u00ed \u0161ance na v\u00fdhru\u00a0\u00a0<a href=\"https:\/\/jackpotlotteryonline.com\/cs\/ktera-mezinarodni-loterie-je-nejlepsi\"> P\u0159e\u010dt\u011bte si v\u00edce<\/a><\/p>\n<\/div>\n<\/div>\n<\/section>\n<h2>Kde z\u00edskat tikety Eurojackpotu<\/h2>\n<p>A\u017e budete na internetu hledat prodejce Eurojackpotu, nesp\u011bchejte s n\u00e1kupem vstupenky do Eurojackpotu, pokud nev\u00edte, \u017ee se jedn\u00e1 o podatelnu. Takov\u00e9 str\u00e1nky umo\u017e\u0148uj\u00ed hr\u00e1\u010d\u016fm p\u0159\u00edstup ke \u0161pi\u010dkov\u00fdm mezin\u00e1rodn\u00edm loteri\u00edm, jako je Eurojackpot, t\u00edm, \u017ee poskytuj\u00ed tikety.<\/p>\n<p>Je mo\u017en\u00e9 zakoupit tiket Eurojackpotu p\u0159es internet, a p\u0159esto neb\u00fdt do loterie za\u0159azen. Je to proto, \u017ee tyto str\u00e1nky umo\u017e\u0148uj\u00ed hr\u00e1\u010d\u016fm s\u00e1zet pouze na v\u00fdsledek loterie. Na jackpotlotteryonline.com zaji\u0161\u0165ujeme, \u017ee se do loterie Eurojackpot p\u0159ihl\u00e1s\u00edte, a\u0165 jste kdekoli.<\/p>\n<p>Kdy\u017e si u n\u00e1s zakoup\u00edte vstup, na\u0161i agenti na obsah vyraz\u00ed a koup\u00ed fyzick\u00fd tiket Eurojackpotu s p\u0159\u00edslu\u0161n\u00fdmi \u010d\u00edsly. T\u00edmto zp\u016fsobem, i kdy\u017e nejste fyzicky p\u0159\u00edtomni v zemi, jste st\u00e1le p\u0159ihl\u00e1\u0161eni do Eurojackpotu. Pokud se v\u00e1\u0161 tiket shoduje s vylosovan\u00fdmi \u010d\u00edsly, vyhrajete v\u00fdhru. Nemus\u00edte se tak\u00e9 starat o to, abyste si vyzvedli svou v\u00fdhru v Eurojackpotu, proto\u017ee to vy\u0159\u00edd\u00edme za v\u00e1s. Jedin\u00e9, co mus\u00edte ud\u011blat, je vybrat si v\u00fdhru z na\u0161\u00ed platformy na sv\u016fj online \u00fa\u010det.<\/p>\n<h2>V\u00fdhody registrace na jackpotlotteryonline.com<\/h2>\n<p><img loading=\"lazy\" decoding=\"async\" class=\"alignright size-medium wp-image-28886\" src=\"http:\/\/jackpotlotteryonline.com\/wp-content\/uploads\/2022\/11\/1_pick_for_eurojackpot-300x100.jpg\" alt=\"Eurojackpot ticket\" width=\"300\" height=\"100\" srcset=\"https:\/\/jackpotlotteryonline.com\/wp-content\/uploads\/2022\/11\/1_pick_for_eurojackpot-300x100.jpg 300w, https:\/\/jackpotlotteryonline.com\/wp-content\/uploads\/2022\/11\/1_pick_for_eurojackpot-600x200.jpg 600w, https:\/\/jackpotlotteryonline.com\/wp-content\/uploads\/2022\/11\/1_pick_for_eurojackpot.jpg 734w\" sizes=\"auto, (max-width: 300px) 100vw, 300px\" \/><\/p>\n<p>Jackpotlotteryonline.com je port\u00e1l concierge, a tak na\u0161im klient\u016fm umo\u017e\u0148ujeme vstup do loteri\u00ed z cel\u00e9ho sv\u011bta. V\u011b\u0159\u00edme, \u017ee Eurojackpot by m\u011bl b\u00fdt dostupn\u00fd ka\u017ed\u00e9mu, kdo je plnolet\u00fd a zp\u016fsobil\u00fd k pr\u00e1vn\u00edm \u00fakon\u016fm, a toto nad\u0161en\u00ed jsme p\u0159enesli i do poskytov\u00e1n\u00ed na\u0161ich slu\u017eeb. Kdy\u017e se u n\u00e1s zaregistrujete, z\u00edsk\u00e1te n\u00e1sleduj\u00edc\u00ed informace:<\/p>\n<ul>\n<li>p\u0159\u00edstup k v\u00edce ne\u017e dv\u011bma des\u00edtk\u00e1m mezin\u00e1rodn\u00edch loteri\u00ed v\u010detn\u011b Eurojackpotu.<\/li>\n<li>Bezprobl\u00e9mov\u00fd zp\u016fsob hran\u00ed loterie<\/li>\n<li>M\u016f\u017eete hr\u00e1t v\u00edce loteri\u00ed a p\u0159ihl\u00e1sit se do n\u011bkolika slosov\u00e1n\u00ed na jednom m\u00edst\u011b<\/li>\n<li>Nemus\u00edte sledovat v\u0161echny sv\u00e9 losy loterie Eurojackpot, to ud\u011bl\u00e1me za v\u00e1s.<\/li>\n<li>Sledujeme tak\u00e9 va\u0161e v\u00fdhry a upozor\u0148ujeme v\u00e1s, abyste neprop\u00e1sli mo\u017enost vyzvednout si v\u00fdhru.<\/li>\n<li>V\u00fdhry si z na\u0161\u00ed platformy snadno vyplat\u00edte na sv\u016fj online \u00fa\u010det<\/li>\n<\/ul>\n<p>Zam\u011b\u0159ujeme se na to, abyste si hran\u00ed loterie u\u017eili. Vylep\u0161ili jsme na\u0161e slu\u017eby a pokra\u010dujeme ve zdokonalov\u00e1n\u00ed procesu tak, aby byl pro na\u0161e hr\u00e1\u010de intuitivn\u011bj\u0161\u00ed.<\/p>\n<h2>Pro vstup do Eurojackpotu postupujte podle n\u00e1sleduj\u00edc\u00edch krok\u016f<\/h2>\n<p><strong>Krok 1<\/strong>: nav\u0161tivte str\u00e1nku jackpotlotteryonline.com a p\u0159ejd\u011bte na loterii, do kter\u00e9 se chcete p\u0159ihl\u00e1sit, v tomto p\u0159\u00edpad\u011b Eurojackpot. Klikn\u011bte na ni.<\/p>\n<p><strong>Krok 2<\/strong>: Vyberte si 5 hlavn\u00edch \u010d\u00edsel a 2 dopl\u0148kov\u00e1 \u010d\u00edsla. M\u016f\u017eete si zvolit n\u011bkolik vstupn\u00edch \u0159ad, abyste zv\u00fd\u0161ili sv\u00e9 \u0161ance na v\u00fdhru v loterii Eurojackpot. Pokud nem\u00e1te konkr\u00e9tn\u00ed \u010d\u00edslo, pou\u017eijte funkci &#8220;Rychl\u00fd v\u00fdb\u011br v\u0161ech&#8221;, kter\u00e1 proces v\u00fdb\u011bru urychl\u00ed.<\/p>\n<p><strong>Krok 3<\/strong>: Vyberte druh tiketu, kter\u00fd chcete zakoupit. M\u016f\u017eete si po\u0159\u00eddit bu\u010f jeden, nebo zakoupit v\u00edcetiskov\u00e9 losy, kter\u00e9 v\u00e1m umo\u017en\u00ed \u00fa\u010dastnit se v\u00edce slosov\u00e1n\u00ed. Vstup do v\u00edce slosov\u00e1n\u00ed v\u00e1m op\u011bt d\u00e1v\u00e1 vy\u0161\u0161\u00ed \u0161anci na v\u00fdhru v Eurojackpotu.<\/p>\n<p><strong>Krok 4<\/strong>: P\u0159ejd\u011bte na str\u00e1nku s platbou. Na platebn\u00ed str\u00e1nce budete vyzv\u00e1ni k registraci nebo p\u0159ihl\u00e1\u0161en\u00ed. D\u016fvod je troj\u00ed:<\/p>\n<ol>\n<li>Abyste m\u011bli v\u017edy p\u0159\u00edstup ke sv\u00e9mu tiketu Eurojackpotu, proto\u017ee jen tak si m\u016f\u017eete vyzvednout v\u00fdhru.<\/li>\n<li>Abychom v\u00e1s mohli upozornit, pokud vyhrajete Eurojackpot nebo n\u011bkterou z cen v dal\u0161\u00edch \u00farovn\u00edch. Ud\u011bl\u00e1me to prost\u0159ednictv\u00edm platformy a tak\u00e9 prost\u0159ednictv\u00edm va\u0161eho e-mailu<\/li>\n<li>Abychom v\u00e1m usnadnili uplatn\u011bn\u00ed n\u00e1roku na v\u00fdhru a jej\u00ed v\u00fdb\u011br<\/li>\n<\/ol>\n<p>To je v\u0161e. Zapojit se do Eurojackpotu, a\u0165 u\u017e jste kdekoli, je tak jednoduch\u00e9, jako prov\u00e9st tyto t\u0159i kroky. Nyn\u00ed si m\u016f\u017eete u\u017e\u00edvat bezpe\u010dn\u00e9 a bezprobl\u00e9mov\u00e9 s\u00e1zen\u00ed z pohodl\u00ed sv\u00e9ho po\u010d\u00edta\u010de nebo mobiln\u00edho za\u0159\u00edzen\u00ed.<\/p>\n<p>Pro\u010d se u n\u00e1s nezaregistrovat je\u0161t\u011b dnes a nekoupit si tikety Eurojackpotu i mimo Evropu? Hran\u00ed loterie je vzru\u0161uj\u00edc\u00ed a nikdy nev\u00edte, kdy budete m\u00edt \u0161t\u011bst\u00ed. Pokud chcete m\u00edt \u0161anci st\u00e1t se milion\u00e1\u0159em, p\u0159ejd\u011bte na internet a p\u0159ihlaste se do Eurojackpotu je\u0161t\u011b dnes.<\/p>\n","protected":false},"excerpt":{"rendered":"<p>O Eurojackpotu Eurojackpot m\u00e1 jednu zaj\u00edmavou vlastnost, kterou byste m\u011bli zn\u00e1t: V\u017edy, kdy\u017e jackpot dos\u00e1hne 90 milion\u016f, je stanoven limit, do kter\u00e9ho m\u016f\u017eete jackpot vyhr\u00e1t. To znamen\u00e1, \u017ee v\u0161echny prost\u0159edky z prodeje tiket\u016f p\u0159esahuj\u00edc\u00ed 90 milion\u016f eur budou p\u0159ipo\u010dteny k cen\u011b druh\u00e9 \u00farovn\u011b. Tato cena druh\u00e9 \u00farovn\u011b pak bude v\u00fdrazn\u011b vy\u0161\u0161\u00ed. Vzhledem k tomu, \u017ee [&hellip;]<\/p>\n","protected":false},"author":1,"featured_media":0,"parent":35740,"menu_order":4,"comment_status":"closed","ping_status":"closed","template":"eurojackpot-info.php","meta":{"_et_pb_use_builder":"","_et_pb_old_content":"","_et_gb_content_width":"","exclude_from_search":false,"footnotes":""},"class_list":["post-36499","page","type-page","status-publish","hentry"],"yoast_head":"<!-- This site is optimized with the Yoast SEO plugin v23.3 - https:\/\/yoast.com\/wordpress\/plugins\/seo\/ -->\n<title>Koupit vstupenky do Eurojackpotu mimo Evropu | Z\u00edskat vstupenky online<\/title>\n<meta name=\"description\" content=\"V n\u011bkter\u00fdch evropsk\u00fdch zem\u00edch si m\u016f\u017eete koupit vstupenky Eurojackpotu v obchod\u011b. Zde v\u0161ak m\u016f\u017eete z\u00edskat vstupenky i z m\u00edst mimo Evropu.\" \/>\n<meta name=\"robots\" content=\"index, follow, max-snippet:-1, max-image-preview:large, max-video-preview:-1\" \/>\n<link rel=\"canonical\" href=\"https:\/\/jackpotlotteryonline.com\/cs\/koupit-vstupenky\/eurojackpot\/\" \/>\n<meta property=\"og:locale\" content=\"cs_CZ\" \/>\n<meta property=\"og:type\" content=\"article\" \/>\n<meta property=\"og:title\" content=\"Koupit vstupenky do Eurojackpotu mimo Evropu | Z\u00edskat vstupenky online\" \/>\n<meta property=\"og:description\" content=\"V n\u011bkter\u00fdch evropsk\u00fdch zem\u00edch si m\u016f\u017eete koupit vstupenky Eurojackpotu v obchod\u011b. Zde v\u0161ak m\u016f\u017eete z\u00edskat vstupenky i z m\u00edst mimo Evropu.\" \/>\n<meta property=\"og:url\" content=\"https:\/\/jackpotlotteryonline.com\/cs\/koupit-vstupenky\/eurojackpot\/\" \/>\n<meta property=\"og:site_name\" content=\"Lotto Online - Crack The International Lottery Jackpots\" \/>\n<meta property=\"article:modified_time\" content=\"2023-01-03T19:46:28+00:00\" \/>\n<meta property=\"og:image\" content=\"http:\/\/jackpotlotteryonline.com\/wp-content\/uploads\/2022\/11\/1_buy_eurojackpot_ticket-300x99.jpg\" \/>\n<meta name=\"twitter:card\" content=\"summary_large_image\" \/>\n<meta name=\"twitter:label1\" content=\"Odhadovan\u00e1 doba \u010dten\u00ed\" \/>\n\t<meta name=\"twitter:data1\" content=\"5 minut\" \/>\n<!-- \/ Yoast SEO plugin. -->","yoast_head_json":{"title":"Koupit vstupenky do Eurojackpotu mimo Evropu | Z\u00edskat vstupenky online","description":"V n\u011bkter\u00fdch evropsk\u00fdch zem\u00edch si m\u016f\u017eete koupit vstupenky Eurojackpotu v obchod\u011b. Zde v\u0161ak m\u016f\u017eete z\u00edskat vstupenky i z m\u00edst mimo Evropu.","robots":{"index":"index","follow":"follow","max-snippet":"max-snippet:-1","max-image-preview":"max-image-preview:large","max-video-preview":"max-video-preview:-1"},"canonical":"https:\/\/jackpotlotteryonline.com\/cs\/koupit-vstupenky\/eurojackpot\/","og_locale":"cs_CZ","og_type":"article","og_title":"Koupit vstupenky do Eurojackpotu mimo Evropu | Z\u00edskat vstupenky online","og_description":"V n\u011bkter\u00fdch evropsk\u00fdch zem\u00edch si m\u016f\u017eete koupit vstupenky Eurojackpotu v obchod\u011b. Zde v\u0161ak m\u016f\u017eete z\u00edskat vstupenky i z m\u00edst mimo Evropu.","og_url":"https:\/\/jackpotlotteryonline.com\/cs\/koupit-vstupenky\/eurojackpot\/","og_site_name":"Lotto Online - Crack The International Lottery Jackpots","article_modified_time":"2023-01-03T19:46:28+00:00","og_image":[{"url":"http:\/\/jackpotlotteryonline.com\/wp-content\/uploads\/2022\/11\/1_buy_eurojackpot_ticket-300x99.jpg"}],"twitter_card":"summary_large_image","twitter_misc":{"Odhadovan\u00e1 doba \u010dten\u00ed":"5 minut"},"schema":{"@context":"https:\/\/schema.org","@graph":[{"@type":"WebPage","@id":"https:\/\/jackpotlotteryonline.com\/cs\/koupit-vstupenky\/eurojackpot\/","url":"https:\/\/jackpotlotteryonline.com\/cs\/koupit-vstupenky\/eurojackpot\/","name":"Koupit vstupenky do Eurojackpotu mimo Evropu | Z\u00edskat vstupenky online","isPartOf":{"@id":"https:\/\/jackpotlotteryonline.com\/#website"},"primaryImageOfPage":{"@id":"https:\/\/jackpotlotteryonline.com\/cs\/koupit-vstupenky\/eurojackpot\/#primaryimage"},"image":{"@id":"https:\/\/jackpotlotteryonline.com\/cs\/koupit-vstupenky\/eurojackpot\/#primaryimage"},"thumbnailUrl":"http:\/\/jackpotlotteryonline.com\/wp-content\/uploads\/2022\/11\/1_buy_eurojackpot_ticket-300x99.jpg","datePublished":"2022-11-07T09:25:20+00:00","dateModified":"2023-01-03T19:46:28+00:00","description":"V n\u011bkter\u00fdch evropsk\u00fdch zem\u00edch si m\u016f\u017eete koupit vstupenky Eurojackpotu v obchod\u011b. Zde v\u0161ak m\u016f\u017eete z\u00edskat vstupenky i z m\u00edst mimo Evropu.","breadcrumb":{"@id":"https:\/\/jackpotlotteryonline.com\/cs\/koupit-vstupenky\/eurojackpot\/#breadcrumb"},"inLanguage":"cs","potentialAction":[{"@type":"ReadAction","target":["https:\/\/jackpotlotteryonline.com\/cs\/koupit-vstupenky\/eurojackpot\/"]}]},{"@type":"ImageObject","inLanguage":"cs","@id":"https:\/\/jackpotlotteryonline.com\/cs\/koupit-vstupenky\/eurojackpot\/#primaryimage","url":"http:\/\/jackpotlotteryonline.com\/wp-content\/uploads\/2022\/11\/1_buy_eurojackpot_ticket-300x99.jpg","contentUrl":"http:\/\/jackpotlotteryonline.com\/wp-content\/uploads\/2022\/11\/1_buy_eurojackpot_ticket-300x99.jpg"},{"@type":"BreadcrumbList","@id":"https:\/\/jackpotlotteryonline.com\/cs\/koupit-vstupenky\/eurojackpot\/#breadcrumb","itemListElement":[{"@type":"ListItem","position":1,"name":"Home","item":"https:\/\/jackpotlotteryonline.com\/cs\/"},{"@type":"ListItem","position":2,"name":"Jak koupit losy online","item":"https:\/\/jackpotlotteryonline.com\/buy-tickets\/"},{"@type":"ListItem","position":3,"name":"N\u00e1kup vstupenek na Eurojackpot ze zem\u00ed mimo \u00fa\u010dastnick\u00e9 zem\u011b"}]},{"@type":"WebSite","@id":"https:\/\/jackpotlotteryonline.com\/#website","url":"https:\/\/jackpotlotteryonline.com\/","name":"Lotto Online - Crack The International Lottery Jackpots","description":"","potentialAction":[{"@type":"SearchAction","target":{"@type":"EntryPoint","urlTemplate":"https:\/\/jackpotlotteryonline.com\/?s={search_term_string}"},"query-input":"required name=search_term_string"}],"inLanguage":"cs"}]}},"_links":{"self":[{"href":"https:\/\/jackpotlotteryonline.com\/cs\/wp-json\/wp\/v2\/pages\/36499","targetHints":{"allow":["GET"]}}],"collection":[{"href":"https:\/\/jackpotlotteryonline.com\/cs\/wp-json\/wp\/v2\/pages"}],"about":[{"href":"https:\/\/jackpotlotteryonline.com\/cs\/wp-json\/wp\/v2\/types\/page"}],"author":[{"embeddable":true,"href":"https:\/\/jackpotlotteryonline.com\/cs\/wp-json\/wp\/v2\/users\/1"}],"replies":[{"embeddable":true,"href":"https:\/\/jackpotlotteryonline.com\/cs\/wp-json\/wp\/v2\/comments?post=36499"}],"version-history":[{"count":0,"href":"https:\/\/jackpotlotteryonline.com\/cs\/wp-json\/wp\/v2\/pages\/36499\/revisions"}],"up":[{"embeddable":true,"href":"https:\/\/jackpotlotteryonline.com\/cs\/wp-json\/wp\/v2\/pages\/35740"}],"wp:attachment":[{"href":"https:\/\/jackpotlotteryonline.com\/cs\/wp-json\/wp\/v2\/media?parent=36499"}],"curies":[{"name":"wp","href":"https:\/\/api.w.org\/{rel}","templated":true}]}}