{"id":36553,"date":"2022-11-07T12:42:39","date_gmt":"2022-11-07T12:42:39","guid":{"rendered":"https:\/\/jackpotlotteryonline.com\/?page_id=36553"},"modified":"2023-01-03T20:21:41","modified_gmt":"2023-01-03T20:21:41","slug":"superenalotto","status":"publish","type":"page","link":"https:\/\/jackpotlotteryonline.com\/cs\/koupit-vstupenky\/superenalotto\/","title":{"rendered":"Koupit vstupenky Superenalotto"},"content":{"rendered":"<h2>Pro\u010d Superenalotto?<\/h2>\n<p>Zaj\u00edmalo v\u00e1s, jak si m\u016f\u017eete koupit vstupenky na Superenalotto mimo It\u00e1lii? Superenalotto je jednou z nejobl\u00edben\u011bj\u0161\u00edch loteri\u00ed na evropsk\u00e9m kontinentu. Nen\u00ed proto divu, \u017ee na ni pravideln\u011b s\u00e1zej\u00ed hr\u00e1\u010di z cel\u00e9ho sv\u011bta.<\/p>\n<p>Na jackpotlotteryonline.com poskytujeme hr\u00e1\u010d\u016fm p\u0159\u00edstup ke \u0161pi\u010dkov\u00fdm mezin\u00e1rodn\u00edm loteri\u00edm, jako je Superenalotto. Umo\u017en\u00edme v\u00e1m zakoupit tikety, zkontrolovat v\u00fdsledky losov\u00e1n\u00ed a z\u00edskat p\u0159\u00edstup k v\u00fdhr\u00e1m.<\/p>\n<p>Pro\u010d by se hr\u00e1\u010d p\u0159i roz\u0161\u00ed\u0159en\u00ed sv\u011btov\u00fdch loteri\u00ed m\u011bl rozhodnout vsadit si na Superenalotto? Dotkneme se n\u011bkter\u00fdch d\u016fvod\u016f, pro\u010d se Superenalotto rychle st\u00e1v\u00e1 obl\u00edbenou loteri\u00ed mezi s\u00e1zej\u00edc\u00edmi. Pokud sp\u011bch\u00e1te s pod\u00e1n\u00edm s\u00e1zky, m\u016f\u017eete n\u00e1s nav\u0161t\u00edvit hned a z\u00edskat tak \u0161anci na velkou v\u00fdhru v Superenalotto.<\/p>\n<h2>Superenalotto m\u00e1 \u00fa\u017easn\u00e9 jackpoty<\/h2>\n<p>D\u016fvodem \u010d\u00edslo jedna, pro\u010d hr\u00e1\u010di miluj\u00ed italskou loterii Superenalotto, je pravd\u011bpodobn\u011b \u00fa\u017easn\u00e1 v\u00fdhra jackpotu. Zaj\u00edmav\u00e9 je, \u017ee jackpot za\u010d\u00edn\u00e1 na minim\u00e1ln\u00ed \u010d\u00e1stce 2 miliony eur. To se nezd\u00e1 jako impozantn\u00ed \u010d\u00e1stka, kdy\u017e uv\u00e1\u017e\u00edte, \u017ee tuto \u010d\u00e1stku nab\u00edz\u00ed spousta loteri\u00ed.<\/p>\n<p>Prodejn\u00ed v\u00fdhodou v\u0161ak je, \u017ee jackpot Superenalotto nen\u00ed omezen \u017e\u00e1dn\u00fdm stropem. Pokud po losov\u00e1n\u00ed nen\u00ed \u017e\u00e1dn\u00fd v\u00fdherce, p\u0159evr\u00e1t\u00ed se a p\u0159evrac\u00ed se po ka\u017ed\u00e9m losov\u00e1n\u00ed, dokud se neobjev\u00ed v\u00fdherce. Aby to bylo je\u0161t\u011b jasn\u011bj\u0161\u00ed, loterie Superenalotto m\u00e1<a href=\"https:\/\/jackpotlotteryonline.com\/cs\/vyherni-cisla\/superenalotto\"> t\u0159i losov\u00e1n\u00ed t\u00fddn\u011b<\/a>. Neexistuje t\u00e9m\u011b\u0159 \u017e\u00e1dn\u00fd limit, kolikr\u00e1t se jackpot m\u016f\u017ee p\u0159evr\u00e1tit.<\/p>\n<p>Ve skute\u010dnosti se jackpot p\u0159ed n\u011bkolika lety p\u0159evalil tolikr\u00e1t, \u017ee rekordn\u00ed v\u00fdhra v roce 2019 \u010dinila 209,1 milionu eur.<\/p>\n<h2>Zm\u00ednili jsme t\u0159i slosov\u00e1n\u00ed t\u00fddn\u011b?<\/h2>\n<p>Kdy\u017e hrajete Superenalotto, m\u00e1te ka\u017ed\u00fd t\u00fdden t\u0159i \u0161ance na velkou v\u00fdhru. To proto, \u017ee loterie Superenalotto po\u0159\u00e1d\u00e1 sv\u00e1 losov\u00e1n\u00ed t\u0159ikr\u00e1t t\u00fddn\u011b, a to v \u00fater\u00fd, \u010dtvrtek a sobotu.<\/p>\n<p>To znamen\u00e1, \u017ee pokud nen\u00ed \u017e\u00e1dn\u00fd v\u00fdherce, \u010d\u00e1stka jackpotu roste rychleji. Jackpot Superenalotto se tak mohl b\u011bhem jedin\u00e9ho kr\u00e1tk\u00e9ho t\u00fddne ztrojn\u00e1sobit. To je dost na to, aby si s\u00e1zej\u00edc\u00ed posp\u00ed\u0161ili s pod\u00e1n\u00edm s\u00e1zky.<\/p>\n<p>Nechcete p\u0159i p\u0159\u00ed\u0161t\u00edm losov\u00e1n\u00ed prohr\u00e1t? Pro\u010d se nevydat na jackpotlotteryonline.com a nevsadit si na Superenalotto hned? Nikdy nev\u00edte, kdy v\u00e1m bude \u0161t\u011bst\u00ed naklon\u011bno.<\/p>\n<h2>5 nejlep\u0161\u00edch v\u00edt\u011bz\u016f Superenalotto<\/h2>\n<p><img loading=\"lazy\" decoding=\"async\" class=\"alignright size-full wp-image-31316\" src=\"https:\/\/jackpotlotteryonline.com\/wp-content\/uploads\/2022\/11\/logo_superenalotto.png\" alt=\"Loterijn\u00ed m\u00ed\u010dek Superenalotto\" width=\"200\" height=\"212\" \/><\/p>\n<p>St\u00e1le si nejste jisti, zda si chcete vsadit na loterii Superenalotto? \u017d\u00e1dn\u00fd probl\u00e9m. Jakmile si p\u0159e\u010dtete o l\u00e1kav\u00fdch \u010d\u00e1stk\u00e1ch, kter\u00e9 si odnesli p\u0159edchoz\u00ed v\u00fdherci, z\u00edsk\u00e1te povzbuzen\u00ed.<\/p>\n<p>Nejvy\u0161\u0161\u00ed jackpot vyhr\u00e1l v roce 2019 loterijn\u00ed syndik\u00e1t a jeho v\u00fd\u0161e \u010dinila 209,1 milionu eur. O tom jsme se ji\u017e kr\u00e1tce zm\u00ednili, ale je tu je\u0161t\u011b n\u011bco, co jsme nezm\u00ednili. Tento jackpot vyhr\u00e1l jedin\u00fd majitel tiketu. Dok\u00e1\u017eete si p\u0159edstavit, \u017ee byste dom\u016f odch\u00e1zeli s v\u00edce ne\u017e dv\u011bma sty miliony eur?<\/p>\n<p>Druh\u00fd nejvy\u0161\u0161\u00ed jackpot vyhr\u00e1l loterijn\u00ed syndik\u00e1t v roce 2010 a jeho v\u00fd\u0161e \u010dinila 177,7 milionu eur. N\u00e1sleduje jackpot ve v\u00fd\u0161i 163,5 milionu eur, kter\u00fd vyhr\u00e1l jedin\u00fd los v roce 2016. Dal\u0161\u00ed nejv\u011bt\u0161\u00ed jackpot vyhr\u00e1l jin\u00fd dr\u017eitel jedin\u00e9ho losu v roce 2009 a jeho v\u00fd\u0161e \u010dinila 147,8 milionu eur. A kone\u010dn\u011b v roce 2010 se o jackpot ve v\u00fd\u0161i 139 milion\u016f eur pod\u011blily dva tikety.<\/p>\n<h2>Jak hr\u00e1t Superenalotto<\/h2>\n<p><a href=\"https:\/\/jackpotlotteryonline.com\/cs\/jak-hrat\/superenalotto\">Chcete-li hr\u00e1t Superenalotto<\/a>, vyberte si \u0161est hlavn\u00edch \u010d\u00edsel v rozmez\u00ed 1 a\u017e 90. M\u016f\u017eete si vybrat v\u00edce \u0159ad \u010d\u00edsel, abyste zv\u00fd\u0161ili sv\u00e9 \u0161ance na v\u00fdhru v loterii. D\u00e1le si zvolte po\u010det tah\u016f, do kter\u00fdch se chcete zapojit. Pokud chcete, m\u016f\u017eete se rozhodnout, \u017ee se budete \u00fa\u010dastnit ka\u017ed\u00e9ho losov\u00e1n\u00ed ka\u017ed\u00fd t\u00fdden po dobu n\u00e1sleduj\u00edc\u00edch 5 t\u00fddn\u016f. \u010c\u00edm v\u00edce slosov\u00e1n\u00ed se z\u00fa\u010dastn\u00edte, t\u00edm vy\u0161\u0161\u00ed je va\u0161e \u0161ance na v\u00fdhru.<\/p>\n<p>K dispozici je tak\u00e9 takzvan\u00e1 SuperStar, co\u017e je mo\u017enost, kter\u00e1 pom\u00e1h\u00e1 zv\u00fd\u0161it va\u0161e \u0161ance na v\u00fdhru. M\u016f\u017eete si tak\u00e9 zakoupit &#8220;Vesel\u00e9 \u010d\u00edslo&#8221;, kter\u00e9 se vyb\u00edr\u00e1 od 1 do 90. Vesel\u00e9 \u010d\u00edslo nem\u00e1 vliv na jackpot, ale pou\u017e\u00edv\u00e1 se p\u0159i rozhodov\u00e1n\u00ed o v\u00edt\u011bzi druh\u00e9 v\u00fdhern\u00ed kategorie.<\/p>\n<p>Jakmile si vyberete \u010d\u00edsla, zapla\u0165te za tiket a po\u010dkejte na slosov\u00e1n\u00ed. Kdy\u017e se u n\u00e1s zaregistrujete, cel\u00fd proces zautomatizujeme, abyste si ho u\u017eili bez probl\u00e9m\u016f. Zbavujeme v\u00e1s stresu z t\u00e9to operace, tak\u017ee si m\u016f\u017eete u\u017e\u00edvat z\u00e1bavu bez jak\u00fdchkoli pot\u00ed\u017e\u00ed.<\/p>\n<section class=\"layout\" style=\"border: solid 1px; width: 100%;\">\n<div class=\"img-div\" style=\"margin-top: 5px;\"><img decoding=\"async\" class=\"wp-image-17212 alignleft\" style=\"height: 45px; margin: 8px 8px 0px;\" src=\"https:\/\/jackpotlotteryonline.com\/wp-content\/uploads\/2022\/11\/read1.jpg\" alt=\"P\u0159e\u010dt\u011bte si\" width=\"\" height=\"\" \/><\/div>\n<div style=\"padding-left: 5px;\">\n<div style=\"font-size: 1.1em;\">\n<p><strong>V\u00fdhern\u00ed \u010d\u00edsla loterie m\u016f\u017eete vyb\u00edrat ru\u010dn\u011b nebo pomoc\u00ed RNG.<\/strong><\/p>\n<p style=\"font-size: 0.85em; margin-top: -1.5em;\">Jak vygenerovat v\u00fdhern\u00ed \u010d\u00edsla loterie?\u00a0<a href=\"https:\/\/jackpotlotteryonline.com\/cs\/jak-vygenerovat-vyherni-cisla-v-loterii\"> P\u0159e\u010dt\u011bte si v\u00edce<\/a><\/p>\n<\/div>\n<\/div>\n<\/section>\n<h2>Jak\u00e9 jsou \u0161ance na v\u00fdhru v Superenalottu?<\/h2>\n<p>Obecn\u011b je zn\u00e1mo, \u017ee loterie nem\u00e1 pro hr\u00e1\u010de velk\u00e9 \u0161ance. Pravdou je, \u017ee \u0161ance na v\u00fdhru nejsou p\u0159\u00edli\u0161 vysok\u00e9. Zaj\u00edmav\u00e9 je, \u017ee d\u00edky tomu je hran\u00ed loterie mnohem zaj\u00edmav\u011bj\u0161\u00ed. Proto\u017ee v\u00fdhra, kdy\u017e se zd\u00e1, \u017ee \u0161ance nejsou ve v\u00e1\u0161 prosp\u011bch, d\u00e1v\u00e1 hr\u00e1\u010d\u016fm vzru\u0161en\u00ed. Je to tak\u00e9 skv\u011bl\u00fd zp\u016fsob, jak poznat, \u017ee m\u00e1te \u0161t\u011bst\u00ed na sv\u00e9 stran\u011b.<\/p>\n<p>\u0160ance na v\u00fdhru jackpotu Superenalotto je 1 ku 622 614 630. K dispozici je v\u0161ak 6 v\u00fdhern\u00edch kategori\u00ed a kategorie okam\u017eit\u00fdch v\u00fdher v hodnot\u011b 25 \u20ac. Kdy\u017e je vezmete v \u00favahu, pak je \u0161ance na v\u00fdhru jak\u00e9koli ceny 1 ku 16.<\/p>\n<p>Ka\u017ed\u00fd s\u00e1zej\u00edc\u00ed bude souhlasit, \u017ee to jsou neuv\u011b\u0159iteln\u00e9 \u0161ance, kter\u00e9 zv\u00fdhod\u0148uj\u00ed hr\u00e1\u010de.<\/p>\n<h2>Kategorie cen Superenalotto<\/h2>\n<p><img loading=\"lazy\" decoding=\"async\" class=\"size-medium wp-image-35376 alignright\" src=\"https:\/\/jackpotlotteryonline.com\/wp-content\/uploads\/2022\/11\/2_ticket_superenalotto4-1-211x300.jpg\" alt=\"V\u00fdhern\u00ed los Superenalotto\" width=\"211\" height=\"300\" srcset=\"https:\/\/jackpotlotteryonline.com\/wp-content\/uploads\/2022\/11\/2_ticket_superenalotto4-1-211x300.jpg 211w, https:\/\/jackpotlotteryonline.com\/wp-content\/uploads\/2022\/11\/2_ticket_superenalotto4-1.jpg 300w\" sizes=\"auto, (max-width: 211px) 100vw, 211px\" \/><\/p>\n<p>B\u011bhem losov\u00e1n\u00ed se n\u00e1hodn\u011b vybere \u0161est \u010d\u00edsel z bubnu, ve kter\u00e9m jsou kuli\u010dky s \u010d\u00edsly 1 a\u017e 90. Ka\u017ed\u00fd tiket, kter\u00fd odpov\u00edd\u00e1 vylosovan\u00fdm \u010d\u00edsl\u016fm, vyhr\u00e1v\u00e1 jackpot.<\/p>\n<p>V\u00fdhra jackpotu Superenalotto za\u010d\u00edn\u00e1 na 2 milionech eur, ale obvykle kon\u010d\u00ed mnohem v\u00fd\u0161e, proto\u017ee se p\u0159et\u00e1\u010d\u00ed. Ostatn\u00ed v\u00fdhern\u00ed kategorie se ur\u010duj\u00ed podle procenta dostupn\u00fdch prost\u0159edk\u016f. Nen\u00ed tedy mo\u017en\u00e9 ur\u010dit, kolik by se p\u0159i ka\u017ed\u00e9m losov\u00e1n\u00ed rozd\u011blilo.<\/p>\n<p>6 \u010d\u00edsel &#8211; jackpot (17,4 % celkov\u00fdch prost\u0159edk\u016f)<br \/>\n5 + Vesel\u00e9 \u010d\u00edslo &#8211; 13 %<br \/>\n5 \u010d\u00edsel &#8211; 4,2 %<br \/>\n4 \u010d\u00edsla &#8211; 4,2 %<br \/>\n3 \u010d\u00edsla &#8211; 12,8 %<br \/>\n2 \u010d\u00edsla &#8211; 40 %<\/p>\n<p><strong>Pro lep\u0161\u00ed p\u0159edstavu uv\u00e1d\u00edme pr\u016fm\u011brnou \u010d\u00e1stku na jedno slosov\u00e1n\u00ed.<\/strong><\/p>\n<p>6 \u010d\u00edsel &#8211; 92 056 091,66 EUR<br \/>\n5 + \u010d\u00edslo Jolly &#8211; 594 951,95 EUR<br \/>\n5 \u010d\u00edsel &#8211; 49 736,38 \u20ac<br \/>\n4 \u010d\u00edsla &#8211; 354,83 \u20ac<br \/>\n3 \u010d\u00edsla &#8211; 27,15 EUR<br \/>\n2 \u010d\u00edsla &#8211; 5,48 EUR<\/p>\n<h2>Zahrajte si Superenalotto na internetu<\/h2>\n<p>Superenalotto je italsk\u00e1 loterie a vstupy se prod\u00e1vaj\u00ed pouze v It\u00e1lii. Pokud tedy \u017eijete mimo It\u00e1lii, jedin\u00fdm zp\u016fsobem, jak z\u00edskat p\u0159\u00edstup k Superenalotto, je koupit si vstup online. To m\u016f\u017eete ud\u011blat u internetov\u00e9ho prodejce loteri\u00ed, jako je jackpotlotteryonline.com.<\/p>\n<h2>V\u00fdhody n\u00e1kupu vstup\u016f do Superenalotto online<\/h2>\n<ul>\n<li>Z\u00edsk\u00e1te rychl\u00fd a okam\u017eit\u00fd p\u0159\u00edstup do loterie<\/li>\n<li>Je to velmi pohodln\u00e9, proto\u017ee nemus\u00edte opou\u0161t\u011bt pohodl\u00ed domova<\/li>\n<li>Je to tak\u00e9 bezpe\u010dn\u011bj\u0161\u00ed, proto\u017ee v\u00e1\u0161 tiket je ulo\u017een digit\u00e1ln\u011b. To je d\u016fle\u017eit\u00e9, proto\u017ee jen tak si m\u016f\u017eete vyzvednout v\u00fdhru.<\/li>\n<li>Nemus\u00edte p\u0159ij\u00edt o svou v\u00fdhru, proto\u017ee v\u00e1s okam\u017eit\u011b upozorn\u00edme, pokud vyhrajete n\u011bjakou cenu<\/li>\n<li>Jakoukoli v\u00fdhru si m\u016f\u017eete snadno vybrat online, ani\u017e byste museli kamkoli chodit<\/li>\n<\/ul>\n<h2>Zaregistrujte se u n\u00e1s a hrajte Superenalotto<\/h2>\n<p>Pokud \u017eijete mimo It\u00e1lii a chcete si koupit p\u0159\u00edstup do loterie Superenalotto, m\u016f\u017eete tak u\u010dinit tak, \u017ee se u n\u00e1s zaregistrujete. Poskytujeme slu\u017ebu concierge, d\u00edky kter\u00e9 z\u00edsk\u00e1te okam\u017eit\u00fd p\u0159\u00edstup ke \u0161pi\u010dkov\u00fdm mezin\u00e1rodn\u00edm loteri\u00edm v\u010detn\u011b Superenalotto.<\/p>\n<p>Na\u0161\u00edm c\u00edlem je zp\u0159\u00edjemnit na\u0161im z\u00e1kazn\u00edk\u016fm z\u00e1\u017eitek z loterie. Zbav\u00edme v\u00e1s stresu z jednoduch\u00fdch v\u011bc\u00ed a nech\u00e1me v\u00e1s, abyste si pod\u00e1v\u00e1n\u00ed s\u00e1zek u\u017eili. Kupte si u n\u00e1s losy a z\u00edskejte \u0161anci na velkou v\u00fdhru v Superenalotto.<\/p>\n","protected":false},"excerpt":{"rendered":"<p>Pro\u010d Superenalotto? Zaj\u00edmalo v\u00e1s, jak si m\u016f\u017eete koupit vstupenky na Superenalotto mimo It\u00e1lii? Superenalotto je jednou z nejobl\u00edben\u011bj\u0161\u00edch loteri\u00ed na evropsk\u00e9m kontinentu. Nen\u00ed proto divu, \u017ee na ni pravideln\u011b s\u00e1zej\u00ed hr\u00e1\u010di z cel\u00e9ho sv\u011bta. Na jackpotlotteryonline.com poskytujeme hr\u00e1\u010d\u016fm p\u0159\u00edstup ke \u0161pi\u010dkov\u00fdm mezin\u00e1rodn\u00edm loteri\u00edm, jako je Superenalotto. Umo\u017en\u00edme v\u00e1m zakoupit tikety, zkontrolovat v\u00fdsledky losov\u00e1n\u00ed a z\u00edskat [&hellip;]<\/p>\n","protected":false},"author":1,"featured_media":0,"parent":35740,"menu_order":5,"comment_status":"closed","ping_status":"closed","template":"superenalotto.php","meta":{"_et_pb_use_builder":"","_et_pb_old_content":"","_et_gb_content_width":"","exclude_from_search":false,"footnotes":""},"class_list":["post-36553","page","type-page","status-publish","hentry"],"yoast_head":"<!-- This site is optimized with the Yoast SEO plugin v23.3 - https:\/\/yoast.com\/wordpress\/plugins\/seo\/ -->\n<title>Koupit tikety Superenalotto z \u00fazem\u00ed mimo It\u00e1lii | Z\u00edskat tikety online<\/title>\n<meta name=\"description\" content=\"Ne\u017eijete v It\u00e1lii, ale chcete se z\u00fa\u010dastnit Superenalotto? Po\u0159i\u010fte si online vstupenku na Superenalotto p\u0159es n\u00e1s\" \/>\n<meta name=\"robots\" content=\"index, follow, max-snippet:-1, max-image-preview:large, max-video-preview:-1\" \/>\n<link rel=\"canonical\" href=\"https:\/\/jackpotlotteryonline.com\/buy-tickets\/superenalotto\/\" \/>\n<meta property=\"og:locale\" content=\"cs_CZ\" \/>\n<meta property=\"og:type\" content=\"article\" \/>\n<meta property=\"og:title\" content=\"Koupit tikety Superenalotto z \u00fazem\u00ed mimo It\u00e1lii | Z\u00edskat tikety online\" \/>\n<meta property=\"og:description\" content=\"Ne\u017eijete v It\u00e1lii, ale chcete se z\u00fa\u010dastnit Superenalotto? Po\u0159i\u010fte si online vstupenku na Superenalotto p\u0159es n\u00e1s\" \/>\n<meta property=\"og:url\" content=\"https:\/\/jackpotlotteryonline.com\/buy-tickets\/superenalotto\/\" \/>\n<meta property=\"og:site_name\" content=\"Lotto Online - Crack The International Lottery Jackpots\" \/>\n<meta property=\"article:modified_time\" content=\"2023-01-03T20:21:41+00:00\" \/>\n<meta property=\"og:image\" content=\"https:\/\/jackpotlotteryonline.com\/wp-content\/uploads\/2022\/11\/logo_superenalotto.png\" \/>\n<meta name=\"twitter:card\" content=\"summary_large_image\" \/>\n<meta name=\"twitter:label1\" content=\"Odhadovan\u00e1 doba \u010dten\u00ed\" \/>\n\t<meta name=\"twitter:data1\" content=\"6 minut\" \/>\n<!-- \/ Yoast SEO plugin. -->","yoast_head_json":{"title":"Koupit tikety Superenalotto z \u00fazem\u00ed mimo It\u00e1lii | Z\u00edskat tikety online","description":"Ne\u017eijete v It\u00e1lii, ale chcete se z\u00fa\u010dastnit Superenalotto? Po\u0159i\u010fte si online vstupenku na Superenalotto p\u0159es n\u00e1s","robots":{"index":"index","follow":"follow","max-snippet":"max-snippet:-1","max-image-preview":"max-image-preview:large","max-video-preview":"max-video-preview:-1"},"canonical":"https:\/\/jackpotlotteryonline.com\/buy-tickets\/superenalotto\/","og_locale":"cs_CZ","og_type":"article","og_title":"Koupit tikety Superenalotto z \u00fazem\u00ed mimo It\u00e1lii | Z\u00edskat tikety online","og_description":"Ne\u017eijete v It\u00e1lii, ale chcete se z\u00fa\u010dastnit Superenalotto? Po\u0159i\u010fte si online vstupenku na Superenalotto p\u0159es n\u00e1s","og_url":"https:\/\/jackpotlotteryonline.com\/buy-tickets\/superenalotto\/","og_site_name":"Lotto Online - Crack The International Lottery Jackpots","article_modified_time":"2023-01-03T20:21:41+00:00","og_image":[{"url":"https:\/\/jackpotlotteryonline.com\/wp-content\/uploads\/2022\/11\/logo_superenalotto.png"}],"twitter_card":"summary_large_image","twitter_misc":{"Odhadovan\u00e1 doba \u010dten\u00ed":"6 minut"},"schema":{"@context":"https:\/\/schema.org","@graph":[{"@type":"WebPage","@id":"https:\/\/jackpotlotteryonline.com\/buy-tickets\/superenalotto\/","url":"https:\/\/jackpotlotteryonline.com\/buy-tickets\/superenalotto\/","name":"Koupit tikety Superenalotto z \u00fazem\u00ed mimo It\u00e1lii | Z\u00edskat tikety online","isPartOf":{"@id":"https:\/\/jackpotlotteryonline.com\/#website"},"primaryImageOfPage":{"@id":"https:\/\/jackpotlotteryonline.com\/buy-tickets\/superenalotto\/#primaryimage"},"image":{"@id":"https:\/\/jackpotlotteryonline.com\/buy-tickets\/superenalotto\/#primaryimage"},"thumbnailUrl":"https:\/\/jackpotlotteryonline.com\/wp-content\/uploads\/2022\/11\/logo_superenalotto.png","datePublished":"2022-11-07T12:42:39+00:00","dateModified":"2023-01-03T20:21:41+00:00","description":"Ne\u017eijete v It\u00e1lii, ale chcete se z\u00fa\u010dastnit Superenalotto? Po\u0159i\u010fte si online vstupenku na Superenalotto p\u0159es n\u00e1s","breadcrumb":{"@id":"https:\/\/jackpotlotteryonline.com\/buy-tickets\/superenalotto\/#breadcrumb"},"inLanguage":"cs","potentialAction":[{"@type":"ReadAction","target":["https:\/\/jackpotlotteryonline.com\/buy-tickets\/superenalotto\/"]}]},{"@type":"ImageObject","inLanguage":"cs","@id":"https:\/\/jackpotlotteryonline.com\/buy-tickets\/superenalotto\/#primaryimage","url":"https:\/\/jackpotlotteryonline.com\/wp-content\/uploads\/2022\/11\/logo_superenalotto.png","contentUrl":"https:\/\/jackpotlotteryonline.com\/wp-content\/uploads\/2022\/11\/logo_superenalotto.png"},{"@type":"BreadcrumbList","@id":"https:\/\/jackpotlotteryonline.com\/buy-tickets\/superenalotto\/#breadcrumb","itemListElement":[{"@type":"ListItem","position":1,"name":"Home","item":"https:\/\/jackpotlotteryonline.com\/cs\/"},{"@type":"ListItem","position":2,"name":"Jak koupit losy online","item":"https:\/\/jackpotlotteryonline.com\/buy-tickets\/"},{"@type":"ListItem","position":3,"name":"Koupit vstupenky Superenalotto"}]},{"@type":"WebSite","@id":"https:\/\/jackpotlotteryonline.com\/#website","url":"https:\/\/jackpotlotteryonline.com\/","name":"Lotto Online - Crack The International Lottery Jackpots","description":"","potentialAction":[{"@type":"SearchAction","target":{"@type":"EntryPoint","urlTemplate":"https:\/\/jackpotlotteryonline.com\/?s={search_term_string}"},"query-input":"required name=search_term_string"}],"inLanguage":"cs"}]}},"_links":{"self":[{"href":"https:\/\/jackpotlotteryonline.com\/cs\/wp-json\/wp\/v2\/pages\/36553","targetHints":{"allow":["GET"]}}],"collection":[{"href":"https:\/\/jackpotlotteryonline.com\/cs\/wp-json\/wp\/v2\/pages"}],"about":[{"href":"https:\/\/jackpotlotteryonline.com\/cs\/wp-json\/wp\/v2\/types\/page"}],"author":[{"embeddable":true,"href":"https:\/\/jackpotlotteryonline.com\/cs\/wp-json\/wp\/v2\/users\/1"}],"replies":[{"embeddable":true,"href":"https:\/\/jackpotlotteryonline.com\/cs\/wp-json\/wp\/v2\/comments?post=36553"}],"version-history":[{"count":0,"href":"https:\/\/jackpotlotteryonline.com\/cs\/wp-json\/wp\/v2\/pages\/36553\/revisions"}],"up":[{"embeddable":true,"href":"https:\/\/jackpotlotteryonline.com\/cs\/wp-json\/wp\/v2\/pages\/35740"}],"wp:attachment":[{"href":"https:\/\/jackpotlotteryonline.com\/cs\/wp-json\/wp\/v2\/media?parent=36553"}],"curies":[{"name":"wp","href":"https:\/\/api.w.org\/{rel}","templated":true}]}}