{"id":36607,"date":"2022-11-08T07:28:19","date_gmt":"2022-11-08T07:28:19","guid":{"rendered":"https:\/\/jackpotlotteryonline.com\/?page_id=36607"},"modified":"2023-01-03T20:38:30","modified_gmt":"2023-01-03T20:38:30","slug":"el-gordo","status":"publish","type":"page","link":"https:\/\/jackpotlotteryonline.com\/cs\/koupit-vstupenky\/el-gordo\/","title":{"rendered":"Koupit vstupenky El Gordo"},"content":{"rendered":"<h2>\u00da\u017easn\u00e1 \u0161pan\u011blsk\u00e1 loterie<\/h2>\n<p>El Gordo je za rohem a ne ka\u017ed\u00fd m\u00e1 to \u0161t\u011bst\u00ed, \u017ee \u017eije ve \u0160pan\u011blsku nebo do n\u011bj cestuje. P\u0159esto se s\u00e1zej\u00edc\u00ed v\u0161ude t\u011b\u0161\u00ed na to, \u017ee se budou moci z\u00fa\u010dastnit z\u00e1bavy a slavnost\u00ed, kter\u00e9 tuto loterii prov\u00e1zej\u00ed. T\u00e9to loterie se mohou z\u00fa\u010dastnit i hr\u00e1\u010di, kte\u0159\u00ed \u017eij\u00ed mimo zemi, a my v\u00e1m uk\u00e1\u017eeme, jak na to.<\/p>\n<p>Pokud jste v <a href=\"https:\/\/jackpotlotteryonline.com\/cs\/jak-hrat\/el-gordo\">hran\u00ed loterie<\/a> nov\u00e1\u010dkem, pak by v\u00e1s mohlo zaj\u00edmat, \u017ee se jedn\u00e1 o \u0161pan\u011blskou loterii. Jmenuje se El Gordo, co\u017e znamen\u00e1 &#8220;Tlust\u00fd&#8221;, a to kv\u016fli velk\u00e9mu jackpotu. \u0158\u00edk\u00e1 se, \u017ee je to nejv\u011bt\u0161\u00ed jackpot na sv\u011bt\u011b.<\/p>\n<p>Jak tedy m\u016f\u017eete z\u00edskat pod\u00edl na t\u00e9to h\u0159e, i kdy\u017e ne\u017eijete ve \u0160pan\u011blsku? \u010ct\u011bte d\u00e1l a my v\u00e1m o tom pov\u00edme.<\/p>\n<h2>Jak si koupit tikety El Gordo mimo \u0160pan\u011blsko<\/h2>\n<p><img loading=\"lazy\" decoding=\"async\" class=\"size-full wp-image-17870 alignright\" src=\"https:\/\/jackpotlotteryonline.com\/wp-content\/uploads\/2022\/10\/lotto_euros.jpg\" alt=\"Koupit vstupenku na El Gordo online\" width=\"225\" height=\"134\" \/><\/p>\n<p>Nejjednodu\u0161\u0161\u00ed zp\u016fsob, jak si koupit losy do loterie El Gordo, je p\u0159es internet od online prodejce loteri\u00ed, jako je jackpotlotteryonline.com. Poskytujeme bezprobl\u00e9mov\u00e9 slu\u017eby, d\u00edky kter\u00fdm je hran\u00ed nejlep\u0161\u00edch mezin\u00e1rodn\u00edch loteri\u00ed bezprobl\u00e9mov\u00fdm z\u00e1\u017eitkem. Kdy\u017e se u n\u00e1s zaregistrujete, z\u00edsk\u00e1te platformu na m\u00edru, kter\u00e1 je p\u0159izp\u016fsobena va\u0161im pot\u0159eb\u00e1m.<\/p>\n<p>Chceme zajistit, aby na\u0161i z\u00e1kazn\u00edci za\u017eili pot\u011b\u0161en\u00ed, kter\u00e9 s sebou p\u0159in\u00e1\u0161\u00ed hran\u00ed loterie. Kdy\u017e se z\u00fa\u010dastn\u00edte hry El Gordo, stanete se sou\u010d\u00e1st\u00ed historie a tradice. Tato \u0161pan\u011blsk\u00e1 loterie je tak\u00e9 zn\u00e1m\u00e1 jako v\u00e1no\u010dn\u00ed loterie a sez\u00f3na bez n\u00ed nen\u00ed stejn\u00e1.<\/p>\n<p>\u00da\u010dast ve \u0161pan\u011blsk\u00e9 v\u00e1no\u010dn\u00ed loterii m\u016f\u017ee b\u00fdt trochu matouc\u00ed, pokud se j\u00ed \u00fa\u010dastn\u00edte poprv\u00e9. Na rozd\u00edl od jin\u00fdch loteri\u00ed si toti\u017e \u010d\u00edsla nevyb\u00edr\u00e1te sami. Na ka\u017ed\u00e9m tiketu jsou \u010d\u00edsla ji\u017e vyti\u0161t\u011bna. Aby toho zmatku nebylo m\u00e1lo, v loterii El Gordo je 100 000 \u010d\u00edsel. Na jackpotlotteryonline.com v\u00e1s provedeme ka\u017ed\u00fdm krokem.<\/p>\n<h2>Pro\u010d byste se m\u011bli z\u00fa\u010dastnit hry El Gordo<\/h2>\n<p>Existuje n\u011bkolik d\u016fvod\u016f, pro\u010d hr\u00e1\u010di po cel\u00e9m sv\u011bt\u011b miluj\u00ed El Gordo. Zm\u00ednili jsme skute\u010dnost, \u017ee je op\u0159edeno histori\u00ed a tradic\u00ed. Loterie se poprv\u00e9 losovala v roce 1812; to znamen\u00e1, \u017ee je star\u00e1 v\u00edce ne\u017e 200 let. El Gordo je druhou nejstar\u0161\u00ed provozovanou loteri\u00ed na sv\u011bt\u011b a stala se sou\u010d\u00e1st\u00ed \u0161pan\u011blsk\u00e9 kultury.<\/p>\n<p><a href=\"https:\/\/jackpotlotteryonline.com\/cs\/vyherni-cisla\/vysledky-losovani-el-gordo\">Losov\u00e1n\u00ed<\/a> se kon\u00e1 ka\u017edoro\u010dn\u011b 22. prosince, tak\u017ee je to skv\u011bl\u00fd zp\u016fsob, jak si zpest\u0159it sv\u00e1te\u010dn\u00ed obdob\u00ed. Samotn\u00e9 losov\u00e1n\u00ed je dal\u0161\u00ed velkolepou ud\u00e1lost\u00ed, proto\u017ee v\u00fdsledky losov\u00e1n\u00ed zp\u00edvaj\u00ed \u017e\u00e1ci \u0161koly San Ildefonso. Zm\u00ednili jsme se, \u017ee El Gordo m\u00e1 sv\u00e9 tradice? Ur\u010dit\u011b je to n\u011bco, na co se ka\u017edoro\u010dn\u011b t\u011b\u0161\u00ed sta\u0159\u00ed i nov\u00ed s\u00e1zka\u0159i.<\/p>\n<p>Krom\u011b toho je El Gordo loterie, kter\u00e1 podporuje a oslavuje komunitu. Losy jsou rozd\u011bleny do n\u011bkolika d\u00edl\u010d\u00edch diviz\u00ed a je zcela b\u011b\u017en\u00e9, \u017ee se do d\u00edl\u010d\u00ed divize p\u0159ihl\u00e1s\u00ed soused\u00e9. Pro\u010d tedy neud\u011blat n\u011bco v\u00fdjime\u010dn\u00e9ho pro svou rodinu a p\u0159\u00e1tele a nez\u00fa\u010dastnit se El Gordo spole\u010dn\u011b? Je to n\u00e1dhern\u00fd zp\u016fsob, jak oslavit V\u00e1noce.<\/p>\n<section class=\"layout\" style=\"border: solid 1px; width: 100%;\">\n<div class=\"img-div\" style=\"margin-top: 5px;\"><img decoding=\"async\" class=\"wp-image-17212 alignleft\" style=\"height: 45px; margin: 8px 8px 0px;\" src=\"https:\/\/jackpotlotteryonline.com\/wp-content\/uploads\/2022\/11\/read1.jpg\" alt=\"P\u0159e\u010dt\u011bte si\" width=\"\" height=\"\" \/><\/div>\n<div style=\"padding-left: 5px;\">\n<div style=\"font-size: 1.1em;\">\n<p><strong>Nenechte si uj\u00edt \u010dasy losov\u00e1n\u00ed nejv\u011bt\u0161\u00edch sv\u011btov\u00fdch loterijn\u00edch jackpot\u016f<\/strong><\/p>\n<p style=\"font-size: 0.85em; margin-top: -1.5em;\">Seznam \u010das\u016f losov\u00e1n\u00ed mezin\u00e1rodn\u00edch loteri\u00ed\u00a0\u00a0<a href=\"https:\/\/jackpotlotteryonline.com\/cs\/kdy-jsou-casy-losovani-mezinarodnich-loterii\"> P\u0159e\u010dt\u011bte si v\u00edce<\/a><\/p>\n<\/div>\n<\/div>\n<\/section>\n<h2>Jak hr\u00e1t El Gordo<\/h2>\n<p><img loading=\"lazy\" decoding=\"async\" class=\"alignright size-full wp-image-32459\" src=\"https:\/\/jackpotlotteryonline.com\/wp-content\/uploads\/2022\/11\/2_ticket_el_gordo-1.jpg\" alt=\"Los El Gordo\" width=\"213\" height=\"300\" \/><\/p>\n<p>Kdy\u017e se p\u0159ihl\u00e1s\u00edte do \u0161pan\u011blsk\u00e9 v\u00e1no\u010dn\u00ed loterie, v\u00e1\u0161 tiket m\u016f\u017ee m\u00edt \u010d\u00edsla od 00000 do 99999. Ka\u017ed\u00fd tiket je rozd\u011blen na deset \u010d\u00e1st\u00ed, kter\u00e9 se d\u00e1le d\u011bl\u00ed. Nez\u00e1le\u017e\u00ed tedy na tom, jak\u00fd m\u00e1te rozpo\u010det, m\u016f\u017eete si los dovolit koupit.<\/p>\n<p>Nem\u00e9n\u011b zaj\u00edmav\u00e9 je, \u017ee hr\u00e1\u010di El Gordo maj\u00ed velmi vysokou \u0161anci na v\u00fdhru. Celkov\u00fd jackpot \u010din\u00ed miliardy eur a \u0161ance jsou neuv\u011b\u0159iteln\u00e9. Hr\u00e1\u010di tak mohou odej\u00edt dom\u016f s tis\u00edci eur, i kdy\u017e nevyhraj\u00ed prvn\u00ed cenu.<\/p>\n<p>Po zakoupen\u00ed tiketu sta\u010d\u00ed jen po\u010dkat na slosov\u00e1n\u00ed, kter\u00e9 prob\u011bhne 22. prosince. Na na\u0161ich str\u00e1nk\u00e1ch \u017e\u00e1d\u00e1me z\u00e1kazn\u00edky, aby se zaregistrovali, abychom jim mohli d\u00e1t v\u011bd\u011bt, jakmile vyhraj\u00ed n\u011bjakou cenu. Tak\u00e9 vyplacen\u00ed v\u00fdhry je snadn\u00e9, proto\u017ee tak m\u016f\u017eete u\u010dinit z na\u0161\u00ed platformy.<\/p>\n<h2>Kroky ke h\u0159e El Gordo online<\/h2>\n<ol>\n<li>Te\u010f, kdy\u017e jste stejn\u011b jako my nad\u0161eni \u0161pan\u011blskou v\u00e1no\u010dn\u00ed loteri\u00ed, v\u00e1s sezn\u00e1m\u00edme s jednotliv\u00fdmi kroky.<\/li>\n<li>Kupte si tiket El Gordo na na\u0161ich str\u00e1nk\u00e1ch<\/li>\n<li>Zaregistrujte se, abychom v\u00e1s v p\u0159\u00edpad\u011b v\u00fdhry mohli kontaktovat<\/li>\n<li>Po\u010dkejte na losov\u00e1n\u00ed<\/li>\n<\/ol>\n<h2>V p\u0159\u00edpad\u011b v\u00fdhry si vyberte v\u00fdhru<\/h2>\n<p>Kdy\u017e se u n\u00e1s zaregistrujete, je to tak jednoduch\u00e9. Zbav\u00edme v\u00e1s komplikac\u00ed, tak\u017ee v\u00e1m z\u016fstane jen z\u00e1bava ze hry. Pokud hled\u00e1te loterijn\u00ed hru s dobr\u00fdmi kurzy, kterou si m\u016f\u017eete u\u017e\u00edt, pak u\u017e nehledejte.<\/p>\n<p>M\u011bli bychom zm\u00ednit, \u017ee i kdy\u017e m\u00e1 El Gordo velk\u00e9 \u0161ance, jedn\u00e1 se o hazardn\u00ed hru. Neexistuje zp\u016fsob, jak zaru\u010dit, \u017ee vyhrajete, a nic v\u00e1m tak\u00e9 nezaru\u010d\u00ed, \u017ee nevyhrajete. Jedin\u00fd zp\u016fsob, jak m\u016f\u017eete z\u00edskat \u0161anci na v\u00fdhru, je v\u0161ak ten, \u017ee se do loterie v\u016fbec p\u0159ihl\u00e1s\u00edte. Zaregistrujte se tedy u n\u00e1s a kupte si losy \u0161pan\u011blsk\u00e9 v\u00e1no\u010dn\u00ed loterie.<\/p>\n","protected":false},"excerpt":{"rendered":"<p>\u00da\u017easn\u00e1 \u0161pan\u011blsk\u00e1 loterie El Gordo je za rohem a ne ka\u017ed\u00fd m\u00e1 to \u0161t\u011bst\u00ed, \u017ee \u017eije ve \u0160pan\u011blsku nebo do n\u011bj cestuje. P\u0159esto se s\u00e1zej\u00edc\u00ed v\u0161ude t\u011b\u0161\u00ed na to, \u017ee se budou moci z\u00fa\u010dastnit z\u00e1bavy a slavnost\u00ed, kter\u00e9 tuto loterii prov\u00e1zej\u00ed. T\u00e9to loterie se mohou z\u00fa\u010dastnit i hr\u00e1\u010di, kte\u0159\u00ed \u017eij\u00ed mimo zemi, a my v\u00e1m [&hellip;]<\/p>\n","protected":false},"author":1,"featured_media":0,"parent":35740,"menu_order":6,"comment_status":"closed","ping_status":"closed","template":"el-gordo-info.php","meta":{"_et_pb_use_builder":"","_et_pb_old_content":"","_et_gb_content_width":"","exclude_from_search":false,"footnotes":""},"class_list":["post-36607","page","type-page","status-publish","hentry"],"yoast_head":"<!-- This site is optimized with the Yoast SEO plugin v23.3 - https:\/\/yoast.com\/wordpress\/plugins\/seo\/ -->\n<title>Koupit losy El Gordo z m\u00edsta mimo \u0160pan\u011blsko | Losy El Gordo online<\/title>\n<meta name=\"description\" content=\"Pokud \u017eijete mimo \u0160pan\u011blsko, m\u016f\u017eete si koupit vstupenky na El Gordo online - p\u0159\u00edmo zde prost\u0159ednictv\u00edm t\u00e9to online slu\u017eby.\" \/>\n<meta name=\"robots\" content=\"index, follow, max-snippet:-1, max-image-preview:large, max-video-preview:-1\" \/>\n<link rel=\"canonical\" href=\"https:\/\/jackpotlotteryonline.com\/buy-tickets\/el-gordo\/\" \/>\n<meta property=\"og:locale\" content=\"cs_CZ\" \/>\n<meta property=\"og:type\" content=\"article\" \/>\n<meta property=\"og:title\" content=\"Koupit losy El Gordo z m\u00edsta mimo \u0160pan\u011blsko | Losy El Gordo online\" \/>\n<meta property=\"og:description\" content=\"Pokud \u017eijete mimo \u0160pan\u011blsko, m\u016f\u017eete si koupit vstupenky na El Gordo online - p\u0159\u00edmo zde prost\u0159ednictv\u00edm t\u00e9to online slu\u017eby.\" \/>\n<meta property=\"og:url\" content=\"https:\/\/jackpotlotteryonline.com\/buy-tickets\/el-gordo\/\" \/>\n<meta property=\"og:site_name\" content=\"Lotto Online - Crack The International Lottery Jackpots\" \/>\n<meta property=\"article:modified_time\" content=\"2023-01-03T20:38:30+00:00\" \/>\n<meta property=\"og:image\" content=\"https:\/\/jackpotlotteryonline.com\/wp-content\/uploads\/2022\/10\/lotto_euros.jpg\" \/>\n<meta name=\"twitter:card\" content=\"summary_large_image\" \/>\n<meta name=\"twitter:label1\" content=\"Odhadovan\u00e1 doba \u010dten\u00ed\" \/>\n\t<meta name=\"twitter:data1\" content=\"4 minuty\" \/>\n<!-- \/ Yoast SEO plugin. -->","yoast_head_json":{"title":"Koupit losy El Gordo z m\u00edsta mimo \u0160pan\u011blsko | Losy El Gordo online","description":"Pokud \u017eijete mimo \u0160pan\u011blsko, m\u016f\u017eete si koupit vstupenky na El Gordo online - p\u0159\u00edmo zde prost\u0159ednictv\u00edm t\u00e9to online slu\u017eby.","robots":{"index":"index","follow":"follow","max-snippet":"max-snippet:-1","max-image-preview":"max-image-preview:large","max-video-preview":"max-video-preview:-1"},"canonical":"https:\/\/jackpotlotteryonline.com\/buy-tickets\/el-gordo\/","og_locale":"cs_CZ","og_type":"article","og_title":"Koupit losy El Gordo z m\u00edsta mimo \u0160pan\u011blsko | Losy El Gordo online","og_description":"Pokud \u017eijete mimo \u0160pan\u011blsko, m\u016f\u017eete si koupit vstupenky na El Gordo online - p\u0159\u00edmo zde prost\u0159ednictv\u00edm t\u00e9to online slu\u017eby.","og_url":"https:\/\/jackpotlotteryonline.com\/buy-tickets\/el-gordo\/","og_site_name":"Lotto Online - Crack The International Lottery Jackpots","article_modified_time":"2023-01-03T20:38:30+00:00","og_image":[{"url":"https:\/\/jackpotlotteryonline.com\/wp-content\/uploads\/2022\/10\/lotto_euros.jpg"}],"twitter_card":"summary_large_image","twitter_misc":{"Odhadovan\u00e1 doba \u010dten\u00ed":"4 minuty"},"schema":{"@context":"https:\/\/schema.org","@graph":[{"@type":"WebPage","@id":"https:\/\/jackpotlotteryonline.com\/buy-tickets\/el-gordo\/","url":"https:\/\/jackpotlotteryonline.com\/buy-tickets\/el-gordo\/","name":"Koupit losy El Gordo z m\u00edsta mimo \u0160pan\u011blsko | Losy El Gordo online","isPartOf":{"@id":"https:\/\/jackpotlotteryonline.com\/#website"},"primaryImageOfPage":{"@id":"https:\/\/jackpotlotteryonline.com\/buy-tickets\/el-gordo\/#primaryimage"},"image":{"@id":"https:\/\/jackpotlotteryonline.com\/buy-tickets\/el-gordo\/#primaryimage"},"thumbnailUrl":"https:\/\/jackpotlotteryonline.com\/wp-content\/uploads\/2022\/10\/lotto_euros.jpg","datePublished":"2022-11-08T07:28:19+00:00","dateModified":"2023-01-03T20:38:30+00:00","description":"Pokud \u017eijete mimo \u0160pan\u011blsko, m\u016f\u017eete si koupit vstupenky na El Gordo online - p\u0159\u00edmo zde prost\u0159ednictv\u00edm t\u00e9to online slu\u017eby.","breadcrumb":{"@id":"https:\/\/jackpotlotteryonline.com\/buy-tickets\/el-gordo\/#breadcrumb"},"inLanguage":"cs","potentialAction":[{"@type":"ReadAction","target":["https:\/\/jackpotlotteryonline.com\/buy-tickets\/el-gordo\/"]}]},{"@type":"ImageObject","inLanguage":"cs","@id":"https:\/\/jackpotlotteryonline.com\/buy-tickets\/el-gordo\/#primaryimage","url":"https:\/\/jackpotlotteryonline.com\/wp-content\/uploads\/2022\/10\/lotto_euros.jpg","contentUrl":"https:\/\/jackpotlotteryonline.com\/wp-content\/uploads\/2022\/10\/lotto_euros.jpg"},{"@type":"BreadcrumbList","@id":"https:\/\/jackpotlotteryonline.com\/buy-tickets\/el-gordo\/#breadcrumb","itemListElement":[{"@type":"ListItem","position":1,"name":"Home","item":"https:\/\/jackpotlotteryonline.com\/cs\/"},{"@type":"ListItem","position":2,"name":"Jak koupit losy online","item":"https:\/\/jackpotlotteryonline.com\/buy-tickets\/"},{"@type":"ListItem","position":3,"name":"Koupit vstupenky El Gordo"}]},{"@type":"WebSite","@id":"https:\/\/jackpotlotteryonline.com\/#website","url":"https:\/\/jackpotlotteryonline.com\/","name":"Lotto Online - Crack The International Lottery Jackpots","description":"","potentialAction":[{"@type":"SearchAction","target":{"@type":"EntryPoint","urlTemplate":"https:\/\/jackpotlotteryonline.com\/?s={search_term_string}"},"query-input":"required name=search_term_string"}],"inLanguage":"cs"}]}},"_links":{"self":[{"href":"https:\/\/jackpotlotteryonline.com\/cs\/wp-json\/wp\/v2\/pages\/36607","targetHints":{"allow":["GET"]}}],"collection":[{"href":"https:\/\/jackpotlotteryonline.com\/cs\/wp-json\/wp\/v2\/pages"}],"about":[{"href":"https:\/\/jackpotlotteryonline.com\/cs\/wp-json\/wp\/v2\/types\/page"}],"author":[{"embeddable":true,"href":"https:\/\/jackpotlotteryonline.com\/cs\/wp-json\/wp\/v2\/users\/1"}],"replies":[{"embeddable":true,"href":"https:\/\/jackpotlotteryonline.com\/cs\/wp-json\/wp\/v2\/comments?post=36607"}],"version-history":[{"count":0,"href":"https:\/\/jackpotlotteryonline.com\/cs\/wp-json\/wp\/v2\/pages\/36607\/revisions"}],"up":[{"embeddable":true,"href":"https:\/\/jackpotlotteryonline.com\/cs\/wp-json\/wp\/v2\/pages\/35740"}],"wp:attachment":[{"href":"https:\/\/jackpotlotteryonline.com\/cs\/wp-json\/wp\/v2\/media?parent=36607"}],"curies":[{"name":"wp","href":"https:\/\/api.w.org\/{rel}","templated":true}]}}