{"id":36659,"date":"2022-11-08T09:12:51","date_gmt":"2022-11-08T09:12:51","guid":{"rendered":"https:\/\/jackpotlotteryonline.com\/?page_id=36659"},"modified":"2023-01-03T20:54:25","modified_gmt":"2023-01-03T20:54:25","slug":"lotto-germany","status":"publish","type":"page","link":"https:\/\/jackpotlotteryonline.com\/cs\/koupit-vstupenky\/lotto-germany\/","title":{"rendered":"Koupit vstupenky na Lotto N\u011bmecko"},"content":{"rendered":"<p>Hr\u00e1\u010d\u016fm, kte\u0159\u00ed \u017eij\u00ed mimo N\u011bmecko, m\u016f\u017ee p\u0159ipadat n\u00e1kup los\u016f n\u011bmeck\u00e9ho lotta pon\u011bkud obt\u00ed\u017en\u00fd, ale nemus\u00ed tomu tak b\u00fdt. N\u011bmeck\u00e9 Lotto je zn\u00e1m\u00e9 tak\u00e9 pod n\u00e1zvem 6 aus 49 a je jednou z nejd\u00e9le provozovan\u00fdch loteri\u00ed v Evrop\u011b. Byla zalo\u017eena v roce 1955 a rychle se stala hlavn\u00ed loterijn\u00ed hrou v zemi.<\/p>\n<p>Vstupy do t\u00e9to loterie jsou k dispozici u akreditovan\u00fdch prodejc\u016f v N\u011bmecku. Pokud v\u0161ak \u017eijete v jin\u00e9 \u010d\u00e1sti sv\u011bta, museli byste se spolehnout na d\u016fv\u011bryhodnou online loterijn\u00ed str\u00e1nku, jako je jackpotlotteryoneline.com.<\/p>\n<p><a href=\"https:\/\/jackpotlotteryonline.com\/cs\/jak-hrat\/german-lotto\">Hran\u00ed loterie online<\/a> je jednoduch\u00e9, a kdy\u017e pou\u017eijete na\u0161e str\u00e1nky, stane se bezprobl\u00e9mov\u00fdm a p\u0159\u00edjemn\u00fdm z\u00e1\u017eitkem.<\/p>\n<h2>Jak hr\u00e1t n\u011bmeck\u00e9 Lotto na na\u0161ich str\u00e1nk\u00e1ch<\/h2>\n<p><img loading=\"lazy\" decoding=\"async\" class=\"alignright size-medium wp-image-33350\" src=\"https:\/\/jackpotlotteryonline.com\/wp-content\/uploads\/2022\/11\/2_ticket_euromillions3-1-111x300.jpg\" alt=\"L\u00edstek n\u011bmeck\u00e9ho lota\" width=\"111\" height=\"300\" srcset=\"https:\/\/jackpotlotteryonline.com\/wp-content\/uploads\/2022\/11\/2_ticket_euromillions3-1-111x300.jpg 111w, https:\/\/jackpotlotteryonline.com\/wp-content\/uploads\/2022\/11\/2_ticket_euromillions3-1.jpg 180w\" sizes=\"auto, (max-width: 111px) 100vw, 111px\" \/><\/p>\n<p>Doslovn\u00fd p\u0159eklad slova 6 aus 49 znamen\u00e1 \u0161est ze 49. Chcete-li hr\u00e1t n\u011bmeck\u00e9 loto, mus\u00edte vybrat \u0161est \u010d\u00edsel od 1 do 49 a bonusov\u00e9 \u010d\u00edslo od 0 do 9. To je stejn\u00e9, a\u0165 u\u017e hrajete offline nebo p\u0159es internet.<\/p>\n<p>Kdy\u017e si na na\u0161ich str\u00e1nk\u00e1ch zakoup\u00edte vstup do n\u011bmeck\u00e9 loterie, m\u016f\u017eete si vybrat 6 \u010d\u00edsel ze 49. M\u016f\u017eete si vybrat v\u00edce ne\u017e jednu \u0159adu \u010d\u00edsel, proto\u017ee ka\u017ed\u00e9 z nich se po\u010d\u00edt\u00e1 za vstup, co\u017e v\u00e1m d\u00e1v\u00e1 vy\u0161\u0161\u00ed \u0161ance. D\u00e1le si m\u016f\u017eete vybrat, zda se chcete p\u0159ihl\u00e1sit do jednoho nebo v\u00edce tah\u016f.<\/p>\n<p><a href=\"https:\/\/jackpotlotteryonline.com\/cs\/vyherni-cisla\/german-lotto\">N\u011bmeck\u00e1 loterie m\u00e1 dv\u011b losov\u00e1n\u00ed t\u00fddn\u011b<\/a>, ve st\u0159edu a v sobotu; m\u016f\u017eete se rozhodnout, zda se p\u0159ihl\u00e1s\u00edte do jednoho nebo v\u00edce losov\u00e1n\u00ed. Kdy\u017e jste se rozhodli, dal\u0161\u00edm krokem je zaplacen\u00ed n\u00e1kupu. V tomto okam\u017eiku v\u00e1s po\u017e\u00e1d\u00e1me, abyste se u n\u00e1s zaregistrovali. To je nutn\u00e9 z n\u011bkolika d\u016fvod\u016f:<\/p>\n<ul>\n<li>D\u00edky registraci m\u016f\u017eete m\u00edt sv\u00e9 vstupn\u00ed l\u00edstky v bezpe\u010d\u00ed, proto\u017ee je budete pot\u0159ebovat k uplatn\u011bn\u00ed p\u0159\u00edpadn\u00fdch v\u00fdher.<\/li>\n<li>M\u016f\u017eete snadno zkontrolovat v\u00fdsledky losov\u00e1n\u00ed, a\u010dkoli pokud vyhrajete n\u011bjakou cenu, d\u00e1me v\u00e1m v\u011bd\u011bt prost\u0159ednictv\u00edm va\u0161eho ovl\u00e1dac\u00edho panelu a e-mailem.<\/li>\n<li>P\u0159\u00edmo na na\u0161\u00ed platform\u011b si tak\u00e9 m\u016f\u017eete vyplatit v\u0161echny v\u00fdhry, kter\u00e9 jste z\u00edskali.<\/li>\n<\/ul>\n<h2>Jak vyhr\u00e1t v loterii<\/h2>\n<p>B\u011bhem losov\u00e1n\u00ed se losuje \u0161est \u010d\u00edsel od 1 do 49. Bonusov\u00e9 \u010d\u00edslo, kter\u00e9 je zn\u00e1m\u00e9 jako Superzahl, se losuje z jin\u00e9ho automatu. Pokud se va\u0161e \u010d\u00edsla shoduj\u00ed s vylosovan\u00fdmi \u010d\u00edsly, vyhr\u00e1v\u00e1te jackpot.<\/p>\n<p>Je d\u016fle\u017eit\u00e9 uv\u00e9st, \u017ee jackpot nen\u00ed jedinou v\u00fdhrou, kterou mohou hr\u00e1\u010di p\u0159i hran\u00ed n\u011bmeck\u00e9 loterie z\u00edskat. Tato evropsk\u00e1 loterie m\u00e1 10 r\u016fzn\u00fdch v\u00fdhern\u00edch kategori\u00ed a existuje i v\u00fdhra pouze za shodu dvou \u010d\u00edsel a bonusov\u00e9ho \u010d\u00edsla.<\/p>\n<p>Jak jsme ji\u017e zm\u00ednili, \u0161ance na v\u00fdhru v t\u00e9to loterii jsou pom\u011brn\u011b dobr\u00e9. \u0160ance na v\u00fdhru jackpotu je 1 ku 139 838 160 a celkov\u00e1 \u0161ance na v\u00fdhru ceny je 1 ku 31. Pokud jste je\u0161t\u011b nikdy nehr\u00e1li n\u011bmeckou loterii 6 aus 49, je pr\u00e1v\u011b te\u010f vhodn\u00e1 doba p\u0159em\u00fd\u0161let o pod\u00e1n\u00ed s\u00e1zky. M\u016f\u017eete tak u\u010dinit zakoupen\u00edm vstupu do loterie na str\u00e1nk\u00e1ch jackpotlotteryoneline.com.<\/p>\n<h2>Jak pozn\u00e1m, \u017ee m\u00e1m skute\u010dn\u00fd tiket?<\/h2>\n<p><img loading=\"lazy\" decoding=\"async\" class=\"alignleft size-medium wp-image-27698\" src=\"https:\/\/jackpotlotteryonline.com\/wp-content\/uploads\/2022\/11\/1_lottery_results-300x150.jpg\" alt=\"n\u011bmecko-loterijn\u00ed m\u00ed\u010dky\" width=\"300\" height=\"150\" srcset=\"https:\/\/jackpotlotteryonline.com\/wp-content\/uploads\/2022\/11\/1_lottery_results-300x150.jpg 300w, https:\/\/jackpotlotteryonline.com\/wp-content\/uploads\/2022\/11\/1_lottery_results.jpg 350w\" sizes=\"auto, (max-width: 300px) 100vw, 300px\" \/><\/p>\n<p>To je velmi d\u016fle\u017eit\u00e1 ot\u00e1zka, zejm\u00e9na kdy\u017e si kupujete tikety n\u011bmeck\u00e9 loterie online. Je mo\u017en\u00e9, \u017ee si zakoup\u00edte to, o \u010dem se domn\u00edv\u00e1te, \u017ee je vstupenkou do loterie, a p\u0159esto nebudete do loterie za\u0159azeni.<\/p>\n<p>Loterie m\u00e1 na ka\u017ed\u00e9m tiketu vyti\u0161t\u011bna s\u00e9riov\u00e1 \u010d\u00edsla, kter\u00e1 jsou d\u016fle\u017eit\u00e1 pro ur\u010den\u00ed, zda je tiket prav\u00fd. Na jackpotlotteryonline.com provozujeme pro na\u0161e z\u00e1kazn\u00edky slu\u017ebu concierge. T\u00edm m\u00e1me na mysli, \u017ee kdy\u017e si u n\u00e1s zakoup\u00edte tikety online loterie, budou va\u0161e tikety opat\u0159eny s\u00e9riov\u00fdmi \u010d\u00edsly, kter\u00e1 poch\u00e1zej\u00ed z n\u011bmeck\u00e9 loterie.<\/p>\n<p>Jin\u00fdmi slovy, s na\u0161\u00ed slu\u017ebou z\u00edsk\u00e1te p\u0159\u00edstup do loterie. Pokud se shodujete s vylosovan\u00fdmi \u010d\u00edsly, vyhrajete jackpot.<\/p>\n<h2>Jak si mohu vyzvednout v\u00fdhru?<\/h2>\n<p>V\u00fdhodou hran\u00ed loterie s n\u00e1mi je, \u017ee se nemus\u00edte starat o uplatn\u011bn\u00ed n\u00e1roku na v\u00fdhru. P\u0159edev\u0161\u00edm je v\u00e1\u0161 tiket v bezpe\u010d\u00ed na va\u0161em \u00fa\u010dtu a nemus\u00edte se b\u00e1t, \u017ee o n\u011bj p\u0159ijdete. Vzhledem k tomu, \u017ee tiket budete pot\u0159ebovat k vyzvednut\u00ed v\u00fdhry, je to dobr\u00e1 v\u011bc. V roce 2021 se v\u00fdhra ve v\u00fd\u0161i 11,3 milionu eur vr\u00e1tila zp\u011bt do fondu, proto\u017ee z\u016fstala 3 roky nevyzvednut\u00e1. Nechceme, aby se to stalo i v\u00e1m.<\/p>\n<p>Za druh\u00e9, pokud n\u011bco vyhrajete, d\u00e1me v\u00e1m to okam\u017eit\u011b v\u011bd\u011bt a p\u0159i p\u0159\u00ed\u0161t\u00edm p\u0159ihl\u00e1\u0161en\u00ed k \u00fa\u010dtu na v\u00e1s budou va\u0161e prost\u0159edky \u010dekat. Prost\u011b si je vyberete na sv\u016fj bankovn\u00ed \u00fa\u010det a m\u016f\u017eete se t\u011b\u0161it z v\u00fdhry.<\/p>\n<p>V\u00edme, \u017ee kdy\u017e hrajete loterii, z\u00e1le\u017e\u00ed v\u00e1m na tom, abyste se dob\u0159e bavili. M\u00e1 to b\u00fdt p\u0159ece z\u00e1bavn\u00e1 hra. Proto ne\u00fanavn\u011b pracujeme na tom, abychom cel\u00fd proces zkr\u00e1tili tak, aby byl bezprobl\u00e9mov\u00fd a bezprobl\u00e9mov\u00fd a vy jste si mohli hru u\u017e\u00edt.<\/p>\n<section class=\"layout\" style=\"border: solid 1px; width: 100%;\">\n<div class=\"img-div\" style=\"margin-top: 5px;\"><img decoding=\"async\" class=\"wp-image-17212 alignleft\" style=\"height: 45px; margin: 8px 8px 0px;\" src=\"https:\/\/jackpotlotteryonline.com\/wp-content\/uploads\/2022\/11\/read1.jpg\" alt=\"P\u0159e\u010dt\u011bte si\" width=\"\" height=\"\" \/><\/div>\n<div style=\"padding-left: 5px;\">\n<div style=\"font-size: 1.1em;\">\n<p><strong>Jak\u00e9 auto byste si koupili, kdybyste vyhr\u00e1li v loterii?<\/strong><\/p>\n<p style=\"font-size: 0.85em; margin-top: -1.5em;\">Vyhrajte v loterii a z\u00edskejte nov\u00e9 auto\u00a0\u00a0<a href=\"https:\/\/jackpotlotteryonline.com\/cs\/jake-auto-byste-si-koupili-kdybyste-vyhrali-v-loterii\"> P\u0159e\u010dt\u011bte si v\u00edce<\/a><\/p>\n<\/div>\n<\/div>\n<\/section>\n<h2>6 aus 49 v\u00fdhern\u00edch \u00farovn\u00ed<\/h2>\n<p>Chcete v\u011bd\u011bt, co m\u016f\u017eete vyhr\u00e1t, kdy\u017e hrajete n\u011bmeck\u00e9 lotto? Zde jsou uvedeny r\u016fzn\u00e9 v\u00fdhern\u00ed \u00farovn\u011b a procento v\u00fdhern\u00edho fondu p\u0159id\u011blen\u00e9 ka\u017ed\u00e9 \u00farovni.<\/p>\n<p>Shoda 6 + Superzahl &#8211; 12,80 % (jackpot)<br \/>\nPouze Shoda 6 &#8211; 10 %<br \/>\nShoda 5 + Superzahl &#8211; 5 %<br \/>\nPouze Shoda 5 &#8211; 15 %<br \/>\nZ\u00e1pas 4 + Superzahl &#8211; 5 %<br \/>\nPouze Shoda 4 &#8211; 10 %<br \/>\nShoda 3 + Superzahl &#8211; 10%<br \/>\nPouze shoda 3 &#8211; 45 %<br \/>\nShoda 2 + Superzahl &#8211; 6 EUR<\/p>\n<p>V\u0161imn\u011bte si, \u017ee ostatn\u00ed v\u00fdhry jsou ur\u010deny a\u017e pot\u00e9, co je jackpot vy\u010derp\u00e1n z v\u00fdhern\u00edho fondu.<\/p>\n<h2>Kolik \u010din\u00ed jackpot?<\/h2>\n<p>V\u00fdhra v n\u011bmeck\u00e9 loterii za\u010d\u00edn\u00e1 na 2 milionech eur a po ka\u017ed\u00e9m losov\u00e1n\u00ed se p\u0159eklop\u00ed, pokud nen\u00ed \u017e\u00e1dn\u00fd v\u00fdherce. Jackpot se tak zvy\u0161uje, a\u017e dos\u00e1hne l\u00e1kav\u00e9 \u010d\u00e1stky.<\/p>\n<p>Nap\u0159\u00edklad v \u0159\u00edjnu 2020 vyhr\u00e1l jeden dr\u017eitel losu jackpot ve v\u00fd\u0161i 42 583 626 eur. Tato v\u00fdhra byla nejv\u011bt\u0161\u00edm jackpotem v historii n\u011bmeck\u00e9ho lotta. V t\u011bsn\u00e9m z\u00e1v\u011bsu za n\u00edm byla jackpotov\u00e1 v\u00fdhra ve v\u00fd\u0161i 33 832 008 \u20ac, kterou rovn\u011b\u017e vyhr\u00e1l jeden hr\u00e1\u010d loterie.<\/p>\n<p>N\u011bkolik dal\u0161\u00edch dr\u017eitel\u016f n\u011bmeck\u00fdch los\u016f vyhr\u00e1lo jackpot v hodnot\u011b milion\u016f eur. Nen\u00ed proto divu, \u017ee s\u00e1zej\u00edc\u00ed po cel\u00e9m sv\u011bt\u011b sp\u011bchaj\u00ed do t\u00fddenn\u00edch losov\u00e1n\u00ed.<\/p>\n<h2>Zaregistrujte se u n\u00e1s a hrajte loterii online<\/h2>\n<p>Pro \u00fa\u010dast v n\u011bmeck\u00e9 loterii nemus\u00edte \u017e\u00edt v N\u011bmecku. Kdy\u017e se u n\u00e1s zaregistrujete, z\u00edsk\u00e1te p\u0159\u00edstup ke \u0161pi\u010dkov\u00fdm mezin\u00e1rodn\u00edm loteri\u00edm. Otev\u00edr\u00e1 se v\u00e1m tak skute\u010dn\u011b sv\u011bt mo\u017enost\u00ed. V\u0161imn\u011bte si tak\u00e9, \u017ee finan\u010dn\u00ed prost\u0159edky z loterie nepodl\u00e9haj\u00ed v N\u011bmecku zdan\u011bn\u00ed. Doporu\u010dujeme v\u0161ak, abyste si ov\u011b\u0159ili da\u0148ov\u00e9 z\u00e1kony v m\u00edst\u011b sv\u00e9ho bydli\u0161t\u011b.<\/p>\n<p>Tak na co je\u0161t\u011b \u010dek\u00e1te? Zaregistrujte se u n\u00e1s a kupte si n\u011bmeck\u00e9 losy online a vrhn\u011bte se do vzru\u0161uj\u00edc\u00edho sv\u011bta mezin\u00e1rodn\u00edch loterijn\u00edch her.<\/p>\n","protected":false},"excerpt":{"rendered":"<p>Hr\u00e1\u010d\u016fm, kte\u0159\u00ed \u017eij\u00ed mimo N\u011bmecko, m\u016f\u017ee p\u0159ipadat n\u00e1kup los\u016f n\u011bmeck\u00e9ho lotta pon\u011bkud obt\u00ed\u017en\u00fd, ale nemus\u00ed tomu tak b\u00fdt. N\u011bmeck\u00e9 Lotto je zn\u00e1m\u00e9 tak\u00e9 pod n\u00e1zvem 6 aus 49 a je jednou z nejd\u00e9le provozovan\u00fdch loteri\u00ed v Evrop\u011b. Byla zalo\u017eena v roce 1955 a rychle se stala hlavn\u00ed loterijn\u00ed hrou v zemi. Vstupy do t\u00e9to loterie [&hellip;]<\/p>\n","protected":false},"author":1,"featured_media":0,"parent":35740,"menu_order":8,"comment_status":"closed","ping_status":"closed","template":"lotto-german-info.php","meta":{"_et_pb_use_builder":"","_et_pb_old_content":"","_et_gb_content_width":"","exclude_from_search":false,"footnotes":""},"class_list":["post-36659","page","type-page","status-publish","hentry"],"yoast_head":"<!-- This site is optimized with the Yoast SEO plugin v23.3 - https:\/\/yoast.com\/wordpress\/plugins\/seo\/ -->\n<title>Koupit losy pro n\u011bmeck\u00e9 Lotto mimo N\u011bmecko | N\u011bmecko Lotto online<\/title>\n<meta name=\"description\" content=\"Zde jsou k dispozici tikety na n\u011bmeck\u00e9 Lotto 6\/49. Zde si je m\u016f\u017eete bezpe\u010dn\u011b zakoupit online, a to z \u00fazem\u00ed mimo N\u011bmecko.\" \/>\n<meta name=\"robots\" content=\"index, follow, max-snippet:-1, max-image-preview:large, max-video-preview:-1\" \/>\n<link rel=\"canonical\" href=\"https:\/\/jackpotlotteryonline.com\/buy-tickets\/lotto-germany\/\" \/>\n<meta property=\"og:locale\" content=\"cs_CZ\" \/>\n<meta property=\"og:type\" content=\"article\" \/>\n<meta property=\"og:title\" content=\"Koupit losy pro n\u011bmeck\u00e9 Lotto mimo N\u011bmecko | N\u011bmecko Lotto online\" \/>\n<meta property=\"og:description\" content=\"Zde jsou k dispozici tikety na n\u011bmeck\u00e9 Lotto 6\/49. Zde si je m\u016f\u017eete bezpe\u010dn\u011b zakoupit online, a to z \u00fazem\u00ed mimo N\u011bmecko.\" \/>\n<meta property=\"og:url\" content=\"https:\/\/jackpotlotteryonline.com\/buy-tickets\/lotto-germany\/\" \/>\n<meta property=\"og:site_name\" content=\"Lotto Online - Crack The International Lottery Jackpots\" \/>\n<meta property=\"article:modified_time\" content=\"2023-01-03T20:54:25+00:00\" \/>\n<meta property=\"og:image\" content=\"https:\/\/jackpotlotteryonline.com\/wp-content\/uploads\/2022\/11\/2_ticket_euromillions3-1-111x300.jpg\" \/>\n<meta name=\"twitter:card\" content=\"summary_large_image\" \/>\n<meta name=\"twitter:label1\" content=\"Odhadovan\u00e1 doba \u010dten\u00ed\" \/>\n\t<meta name=\"twitter:data1\" content=\"5 minut\" \/>\n<!-- \/ Yoast SEO plugin. -->","yoast_head_json":{"title":"Koupit losy pro n\u011bmeck\u00e9 Lotto mimo N\u011bmecko | N\u011bmecko Lotto online","description":"Zde jsou k dispozici tikety na n\u011bmeck\u00e9 Lotto 6\/49. Zde si je m\u016f\u017eete bezpe\u010dn\u011b zakoupit online, a to z \u00fazem\u00ed mimo N\u011bmecko.","robots":{"index":"index","follow":"follow","max-snippet":"max-snippet:-1","max-image-preview":"max-image-preview:large","max-video-preview":"max-video-preview:-1"},"canonical":"https:\/\/jackpotlotteryonline.com\/buy-tickets\/lotto-germany\/","og_locale":"cs_CZ","og_type":"article","og_title":"Koupit losy pro n\u011bmeck\u00e9 Lotto mimo N\u011bmecko | N\u011bmecko Lotto online","og_description":"Zde jsou k dispozici tikety na n\u011bmeck\u00e9 Lotto 6\/49. Zde si je m\u016f\u017eete bezpe\u010dn\u011b zakoupit online, a to z \u00fazem\u00ed mimo N\u011bmecko.","og_url":"https:\/\/jackpotlotteryonline.com\/buy-tickets\/lotto-germany\/","og_site_name":"Lotto Online - Crack The International Lottery Jackpots","article_modified_time":"2023-01-03T20:54:25+00:00","og_image":[{"url":"https:\/\/jackpotlotteryonline.com\/wp-content\/uploads\/2022\/11\/2_ticket_euromillions3-1-111x300.jpg"}],"twitter_card":"summary_large_image","twitter_misc":{"Odhadovan\u00e1 doba \u010dten\u00ed":"5 minut"},"schema":{"@context":"https:\/\/schema.org","@graph":[{"@type":"WebPage","@id":"https:\/\/jackpotlotteryonline.com\/buy-tickets\/lotto-germany\/","url":"https:\/\/jackpotlotteryonline.com\/buy-tickets\/lotto-germany\/","name":"Koupit losy pro n\u011bmeck\u00e9 Lotto mimo N\u011bmecko | N\u011bmecko Lotto online","isPartOf":{"@id":"https:\/\/jackpotlotteryonline.com\/#website"},"primaryImageOfPage":{"@id":"https:\/\/jackpotlotteryonline.com\/buy-tickets\/lotto-germany\/#primaryimage"},"image":{"@id":"https:\/\/jackpotlotteryonline.com\/buy-tickets\/lotto-germany\/#primaryimage"},"thumbnailUrl":"https:\/\/jackpotlotteryonline.com\/wp-content\/uploads\/2022\/11\/2_ticket_euromillions3-1-111x300.jpg","datePublished":"2022-11-08T09:12:51+00:00","dateModified":"2023-01-03T20:54:25+00:00","description":"Zde jsou k dispozici tikety na n\u011bmeck\u00e9 Lotto 6\/49. Zde si je m\u016f\u017eete bezpe\u010dn\u011b zakoupit online, a to z \u00fazem\u00ed mimo N\u011bmecko.","breadcrumb":{"@id":"https:\/\/jackpotlotteryonline.com\/buy-tickets\/lotto-germany\/#breadcrumb"},"inLanguage":"cs","potentialAction":[{"@type":"ReadAction","target":["https:\/\/jackpotlotteryonline.com\/buy-tickets\/lotto-germany\/"]}]},{"@type":"ImageObject","inLanguage":"cs","@id":"https:\/\/jackpotlotteryonline.com\/buy-tickets\/lotto-germany\/#primaryimage","url":"https:\/\/jackpotlotteryonline.com\/wp-content\/uploads\/2022\/11\/2_ticket_euromillions3-1-111x300.jpg","contentUrl":"https:\/\/jackpotlotteryonline.com\/wp-content\/uploads\/2022\/11\/2_ticket_euromillions3-1-111x300.jpg"},{"@type":"BreadcrumbList","@id":"https:\/\/jackpotlotteryonline.com\/buy-tickets\/lotto-germany\/#breadcrumb","itemListElement":[{"@type":"ListItem","position":1,"name":"Home","item":"https:\/\/jackpotlotteryonline.com\/cs\/"},{"@type":"ListItem","position":2,"name":"Jak koupit losy online","item":"https:\/\/jackpotlotteryonline.com\/buy-tickets\/"},{"@type":"ListItem","position":3,"name":"Koupit vstupenky na Lotto N\u011bmecko"}]},{"@type":"WebSite","@id":"https:\/\/jackpotlotteryonline.com\/#website","url":"https:\/\/jackpotlotteryonline.com\/","name":"Lotto Online - Crack The International Lottery Jackpots","description":"","potentialAction":[{"@type":"SearchAction","target":{"@type":"EntryPoint","urlTemplate":"https:\/\/jackpotlotteryonline.com\/?s={search_term_string}"},"query-input":"required name=search_term_string"}],"inLanguage":"cs"}]}},"_links":{"self":[{"href":"https:\/\/jackpotlotteryonline.com\/cs\/wp-json\/wp\/v2\/pages\/36659","targetHints":{"allow":["GET"]}}],"collection":[{"href":"https:\/\/jackpotlotteryonline.com\/cs\/wp-json\/wp\/v2\/pages"}],"about":[{"href":"https:\/\/jackpotlotteryonline.com\/cs\/wp-json\/wp\/v2\/types\/page"}],"author":[{"embeddable":true,"href":"https:\/\/jackpotlotteryonline.com\/cs\/wp-json\/wp\/v2\/users\/1"}],"replies":[{"embeddable":true,"href":"https:\/\/jackpotlotteryonline.com\/cs\/wp-json\/wp\/v2\/comments?post=36659"}],"version-history":[{"count":0,"href":"https:\/\/jackpotlotteryonline.com\/cs\/wp-json\/wp\/v2\/pages\/36659\/revisions"}],"up":[{"embeddable":true,"href":"https:\/\/jackpotlotteryonline.com\/cs\/wp-json\/wp\/v2\/pages\/35740"}],"wp:attachment":[{"href":"https:\/\/jackpotlotteryonline.com\/cs\/wp-json\/wp\/v2\/media?parent=36659"}],"curies":[{"name":"wp","href":"https:\/\/api.w.org\/{rel}","templated":true}]}}