{"id":36713,"date":"2022-11-08T11:17:13","date_gmt":"2022-11-08T11:17:13","guid":{"rendered":"https:\/\/jackpotlotteryonline.com\/?page_id=36713"},"modified":"2022-12-21T14:21:55","modified_gmt":"2022-12-21T14:21:55","slug":"koupit-vstupenky-la-primitiva","status":"publish","type":"page","link":"https:\/\/jackpotlotteryonline.com\/cs\/koupit-vstupenky\/koupit-vstupenky-la-primitiva\/","title":{"rendered":"Koupit vstupenky La Primitiva"},"content":{"rendered":"<h2>La Primitiva online<\/h2>\n<p>\u0160pan\u011blsk\u00e9 loterie v\u017edy p\u0159itahovaly p\u0159edstavivost mnoha lid\u00ed a La Primitiva nen\u00ed v\u00fdjimkou. A nyn\u00ed si m\u016f\u017eete <strong>koupit tiket La Primitiva online i mimo \u0160pan\u011blsko<\/strong>. D\u0159\u00edve byla La Primitiva omezena pouze na \u0161pan\u011blsk\u00e9 ob\u010dany, av\u0161ak s roz\u0161\u00ed\u0159en\u00edm komunikace p\u0159e\u0161la na dal\u0161\u00ed generaci a je nab\u00edzena v\u0161em star\u0161\u00edm 18 let.<\/p>\n<p>Prost\u0159ednictv\u00edm na\u0161ich webov\u00fdch str\u00e1nek je nyn\u00ed mo\u017en\u00e9 hr\u00e1t loterii La Primitiva online. Jedn\u00e1 se o jednu z hlavn\u00edch evropsk\u00fdch loteri\u00ed, kter\u00e1 p\u0159in\u00e1\u0161\u00ed obrovsk\u00e9 v\u00fdhry.<\/p>\n<p>Pokud si chcete koupit tiket loterie La Primitiva online a \u017eijete mimo \u0160pan\u011blsko, jedinou mo\u017enost\u00ed, kterou m\u00e1te, je koupit si ho u n\u00e1s. D\u00edky mnoha klient\u016fm z cel\u00e9ho sv\u011bta v\u00e1m poskytujeme ty nejlep\u0161\u00ed slu\u017eby, kter\u00e9 zahrnuj\u00ed n\u00e1kup tiketu La Primitiva va\u0161\u00edm jm\u00e9nem, pomoc s v\u00fdb\u011brem \u010d\u00edsel a zaji\u0161t\u011bn\u00ed bezpe\u010dn\u00e9ho doru\u010den\u00ed v\u00fdhry.<\/p>\n<section class=\"layout\" style=\"border: solid 1px; width: 100%;\">\n<div class=\"img-div\" style=\"margin-top: 5px;\"><img decoding=\"async\" class=\"wp-image-17212 alignleft\" style=\"height: 45px; margin: 8px 8px 0px;\" src=\"https:\/\/jackpotlotteryonline.com\/wp-content\/uploads\/2022\/11\/read1.jpg\" alt=\"P\u0159e\u010dt\u011bte si\" width=\"\" height=\"\" \/><\/div>\n<div style=\"padding-left: 5px;\">\n<div style=\"font-size: 1.1em;\">\n<p><strong>Jak\u00e9 je tajemstv\u00ed \u00fasp\u011bchu v loterii?<\/strong><\/p>\n<p style=\"font-size: 0.85em; margin-top: -1.5em;\">Jak \u00fasp\u011b\u0161n\u011b hr\u00e1t loterii\u00a0<a href=\"https:\/\/jackpotlotteryonline.com\/cs\/jake-je-tajemstvi-loterijniho-uspechu\"> P\u0159e\u010dt\u011bte si v\u00edce<\/a><\/p>\n<\/div>\n<\/div>\n<\/section>\n<h2>Pro\u010d hr\u00e1t La Primitiva online<\/h2>\n<p><a href=\"https:\/\/jackpotlotteryonline.com\/cs\/vyherni-cisla\/la-primitiva\">La Primitiva Online se losuje<\/a> t\u0159ikr\u00e1t t\u00fddn\u011b. To d\u00e1v\u00e1 \u010das na rychl\u00fd n\u00e1r\u016fst jackpot\u016f. Z\u00e1rove\u0148 jsou \u0161ance na v\u00fdhru pom\u011brn\u011b vysok\u00e9, a to i u nejvy\u0161\u0161\u00edch v\u00fdhern\u00edch \u00farovn\u00ed. Ka\u017ed\u00fd fanou\u0161ek loterie La Primitiva Online, kter\u00fd se \u00fa\u010dastn\u00ed losov\u00e1n\u00ed, m\u00e1 \u0161anci 1:6, \u017ee vyhraje pen\u011b\u017en\u00ed v\u00fdhru.<\/p>\n<h2>La Primitiva vs El Gordo vs \u0160pan\u011blsk\u00e1 v\u00e1no\u010dn\u00ed loterie<\/h2>\n<p>La Primitiva je zdaleka jednou z nejv\u011bt\u0161\u00edch loteri\u00ed, co se t\u00fd\u010de nab\u00edzen\u00fdch odm\u011bn, a pat\u0159\u00ed k nejvyhled\u00e1van\u011bj\u0161\u00edm z mnoha lotto jackpot\u016f, kter\u00e9 si m\u016f\u017eete <a href=\"https:\/\/jackpotlotteryonline.com\/cs\/jak-hrat\/la-primitiva\">zahr\u00e1t na na\u0161ich str\u00e1nk\u00e1ch<\/a>. Nen\u00ed d\u016fvod ztr\u00e1cet nad\u011bji nebo p\u0159\u00edle\u017eitost, i kdy\u017e ne\u017eijete ve \u0160pan\u011blsku. Pokud je v\u00e1m v\u00edce ne\u017e 18 let, m\u016f\u017eete hr\u00e1t odkudkoli na sv\u011bt\u011b.<\/p>\n<p>El Gordo je \u00fapln\u011b jin\u00e1 loterie, ale i tu si m\u016f\u017eete zahr\u00e1t na na\u0161ich str\u00e1nk\u00e1ch. El Gordo se losuje pouze jednou t\u00fddn\u011b, a to v ned\u011bli.<\/p>\n<p>Krom\u011b pravideln\u00fdch t\u00fddenn\u00edch slosov\u00e1n\u00ed La Primitiva a El Gordo existuje je\u0161t\u011b v\u00e1no\u010dn\u00ed vyd\u00e1n\u00ed El Gordo, kter\u00e9 se losuje pouze jednou ro\u010dn\u011b, a to 22. prosince.<\/p>\n","protected":false},"excerpt":{"rendered":"<p>La Primitiva online \u0160pan\u011blsk\u00e9 loterie v\u017edy p\u0159itahovaly p\u0159edstavivost mnoha lid\u00ed a La Primitiva nen\u00ed v\u00fdjimkou. A nyn\u00ed si m\u016f\u017eete koupit tiket La Primitiva online i mimo \u0160pan\u011blsko. D\u0159\u00edve byla La Primitiva omezena pouze na \u0161pan\u011blsk\u00e9 ob\u010dany, av\u0161ak s roz\u0161\u00ed\u0159en\u00edm komunikace p\u0159e\u0161la na dal\u0161\u00ed generaci a je nab\u00edzena v\u0161em star\u0161\u00edm 18 let. Prost\u0159ednictv\u00edm na\u0161ich webov\u00fdch str\u00e1nek [&hellip;]<\/p>\n","protected":false},"author":1,"featured_media":0,"parent":35740,"menu_order":7,"comment_status":"closed","ping_status":"closed","template":"la-primitiva-info.php","meta":{"_et_pb_use_builder":"","_et_pb_old_content":"","_et_gb_content_width":"","exclude_from_search":false,"footnotes":""},"class_list":["post-36713","page","type-page","status-publish","hentry"],"yoast_head":"<!-- This site is optimized with the Yoast SEO plugin v23.3 - https:\/\/yoast.com\/wordpress\/plugins\/seo\/ -->\n<title>Koupit tiket pro La Primitiva Lotto online i mimo \u0160pan\u011blsko<\/title>\n<meta name=\"description\" content=\"Kupte si tiket pro La Primitiva Lotto i mimo \u0160pan\u011blsko, dr\u017ete palce, \u010dekejte a vyhrajte!\" \/>\n<meta name=\"robots\" content=\"index, follow, max-snippet:-1, max-image-preview:large, max-video-preview:-1\" \/>\n<link rel=\"canonical\" href=\"https:\/\/jackpotlotteryonline.com\/cs\/koupit-vstupenky\/koupit-vstupenky-la-primitiva\/\" \/>\n<meta property=\"og:locale\" content=\"cs_CZ\" \/>\n<meta property=\"og:type\" content=\"article\" \/>\n<meta property=\"og:title\" content=\"Koupit tiket pro La Primitiva Lotto online i mimo \u0160pan\u011blsko\" \/>\n<meta property=\"og:description\" content=\"Kupte si tiket pro La Primitiva Lotto i mimo \u0160pan\u011blsko, dr\u017ete palce, \u010dekejte a vyhrajte!\" \/>\n<meta property=\"og:url\" content=\"https:\/\/jackpotlotteryonline.com\/cs\/koupit-vstupenky\/koupit-vstupenky-la-primitiva\/\" \/>\n<meta property=\"og:site_name\" content=\"Lotto Online - Crack The International Lottery Jackpots\" \/>\n<meta property=\"article:modified_time\" content=\"2022-12-21T14:21:55+00:00\" \/>\n<meta property=\"og:image\" content=\"https:\/\/jackpotlotteryonline.com\/wp-content\/uploads\/2022\/11\/read1.jpg\" \/>\n<meta name=\"twitter:card\" content=\"summary_large_image\" \/>\n<meta name=\"twitter:label1\" content=\"Odhadovan\u00e1 doba \u010dten\u00ed\" \/>\n\t<meta name=\"twitter:data1\" content=\"2 minuty\" \/>\n<!-- \/ Yoast SEO plugin. -->","yoast_head_json":{"title":"Koupit tiket pro La Primitiva Lotto online i mimo \u0160pan\u011blsko","description":"Kupte si tiket pro La Primitiva Lotto i mimo \u0160pan\u011blsko, dr\u017ete palce, \u010dekejte a vyhrajte!","robots":{"index":"index","follow":"follow","max-snippet":"max-snippet:-1","max-image-preview":"max-image-preview:large","max-video-preview":"max-video-preview:-1"},"canonical":"https:\/\/jackpotlotteryonline.com\/cs\/koupit-vstupenky\/koupit-vstupenky-la-primitiva\/","og_locale":"cs_CZ","og_type":"article","og_title":"Koupit tiket pro La Primitiva Lotto online i mimo \u0160pan\u011blsko","og_description":"Kupte si tiket pro La Primitiva Lotto i mimo \u0160pan\u011blsko, dr\u017ete palce, \u010dekejte a vyhrajte!","og_url":"https:\/\/jackpotlotteryonline.com\/cs\/koupit-vstupenky\/koupit-vstupenky-la-primitiva\/","og_site_name":"Lotto Online - Crack The International Lottery Jackpots","article_modified_time":"2022-12-21T14:21:55+00:00","og_image":[{"url":"https:\/\/jackpotlotteryonline.com\/wp-content\/uploads\/2022\/11\/read1.jpg"}],"twitter_card":"summary_large_image","twitter_misc":{"Odhadovan\u00e1 doba \u010dten\u00ed":"2 minuty"},"schema":{"@context":"https:\/\/schema.org","@graph":[{"@type":"WebPage","@id":"https:\/\/jackpotlotteryonline.com\/cs\/koupit-vstupenky\/koupit-vstupenky-la-primitiva\/","url":"https:\/\/jackpotlotteryonline.com\/cs\/koupit-vstupenky\/koupit-vstupenky-la-primitiva\/","name":"Koupit tiket pro La Primitiva Lotto online i mimo \u0160pan\u011blsko","isPartOf":{"@id":"https:\/\/jackpotlotteryonline.com\/#website"},"primaryImageOfPage":{"@id":"https:\/\/jackpotlotteryonline.com\/cs\/koupit-vstupenky\/koupit-vstupenky-la-primitiva\/#primaryimage"},"image":{"@id":"https:\/\/jackpotlotteryonline.com\/cs\/koupit-vstupenky\/koupit-vstupenky-la-primitiva\/#primaryimage"},"thumbnailUrl":"https:\/\/jackpotlotteryonline.com\/wp-content\/uploads\/2022\/11\/read1.jpg","datePublished":"2022-11-08T11:17:13+00:00","dateModified":"2022-12-21T14:21:55+00:00","description":"Kupte si tiket pro La Primitiva Lotto i mimo \u0160pan\u011blsko, dr\u017ete palce, \u010dekejte a vyhrajte!","breadcrumb":{"@id":"https:\/\/jackpotlotteryonline.com\/cs\/koupit-vstupenky\/koupit-vstupenky-la-primitiva\/#breadcrumb"},"inLanguage":"cs","potentialAction":[{"@type":"ReadAction","target":["https:\/\/jackpotlotteryonline.com\/cs\/koupit-vstupenky\/koupit-vstupenky-la-primitiva\/"]}]},{"@type":"ImageObject","inLanguage":"cs","@id":"https:\/\/jackpotlotteryonline.com\/cs\/koupit-vstupenky\/koupit-vstupenky-la-primitiva\/#primaryimage","url":"https:\/\/jackpotlotteryonline.com\/wp-content\/uploads\/2022\/11\/read1.jpg","contentUrl":"https:\/\/jackpotlotteryonline.com\/wp-content\/uploads\/2022\/11\/read1.jpg"},{"@type":"BreadcrumbList","@id":"https:\/\/jackpotlotteryonline.com\/cs\/koupit-vstupenky\/koupit-vstupenky-la-primitiva\/#breadcrumb","itemListElement":[{"@type":"ListItem","position":1,"name":"Home","item":"https:\/\/jackpotlotteryonline.com\/cs\/"},{"@type":"ListItem","position":2,"name":"Jak koupit losy online","item":"https:\/\/jackpotlotteryonline.com\/buy-tickets\/"},{"@type":"ListItem","position":3,"name":"Koupit vstupenky La Primitiva"}]},{"@type":"WebSite","@id":"https:\/\/jackpotlotteryonline.com\/#website","url":"https:\/\/jackpotlotteryonline.com\/","name":"Lotto Online - Crack The International Lottery Jackpots","description":"","potentialAction":[{"@type":"SearchAction","target":{"@type":"EntryPoint","urlTemplate":"https:\/\/jackpotlotteryonline.com\/?s={search_term_string}"},"query-input":"required name=search_term_string"}],"inLanguage":"cs"}]}},"_links":{"self":[{"href":"https:\/\/jackpotlotteryonline.com\/cs\/wp-json\/wp\/v2\/pages\/36713","targetHints":{"allow":["GET"]}}],"collection":[{"href":"https:\/\/jackpotlotteryonline.com\/cs\/wp-json\/wp\/v2\/pages"}],"about":[{"href":"https:\/\/jackpotlotteryonline.com\/cs\/wp-json\/wp\/v2\/types\/page"}],"author":[{"embeddable":true,"href":"https:\/\/jackpotlotteryonline.com\/cs\/wp-json\/wp\/v2\/users\/1"}],"replies":[{"embeddable":true,"href":"https:\/\/jackpotlotteryonline.com\/cs\/wp-json\/wp\/v2\/comments?post=36713"}],"version-history":[{"count":0,"href":"https:\/\/jackpotlotteryonline.com\/cs\/wp-json\/wp\/v2\/pages\/36713\/revisions"}],"up":[{"embeddable":true,"href":"https:\/\/jackpotlotteryonline.com\/cs\/wp-json\/wp\/v2\/pages\/35740"}],"wp:attachment":[{"href":"https:\/\/jackpotlotteryonline.com\/cs\/wp-json\/wp\/v2\/media?parent=36713"}],"curies":[{"name":"wp","href":"https:\/\/api.w.org\/{rel}","templated":true}]}}