{"id":36768,"date":"2022-11-09T06:11:39","date_gmt":"2022-11-09T06:11:39","guid":{"rendered":"https:\/\/jackpotlotteryonline.com\/?page_id=36768"},"modified":"2023-01-03T21:28:25","modified_gmt":"2023-01-03T21:28:25","slug":"lotto-france","status":"publish","type":"page","link":"https:\/\/jackpotlotteryonline.com\/cs\/koupit-vstupenky\/lotto-france\/","title":{"rendered":"Koupit Lotto France vstupenky"},"content":{"rendered":"<p>M\u016f\u017eete si koupit losy francouzsk\u00e9 loterie Lotto z jin\u00e9 evropsk\u00e9 zem\u011b? Mo\u017en\u00e1 jste zku\u0161en\u00fd s\u00e1zej\u00edc\u00ed nebo nov\u00e1\u010dek a p\u0159em\u00fd\u0161l\u00edte, pro\u010d byste se m\u011bli zaj\u00edmat pr\u00e1v\u011b o tuto loterii. Pod\u011bl\u00edme se s v\u00e1mi o n\u011bkolik d\u016fvod\u016f, pro\u010d se domn\u00edv\u00e1me, \u017ee francouzsk\u00e1 n\u00e1rodn\u00ed loterie je skv\u011blou hrou. Pokud jste hr\u00e1\u010dem z jin\u00e9 \u010d\u00e1sti sv\u011bta, dozv\u00edte se, jak si vstupy do t\u00e9to loterie tak\u00e9 zakoupit.<\/p>\n<p>Loterie je hazardn\u00ed hra a n\u011bkdy mo\u017en\u00e1 budete muset rozprost\u0159\u00edt s\u00edt\u011b, abyste ulovili v\u011bt\u0161\u00ed ryby. V podstat\u011b to znamen\u00e1 prozkoumat dal\u0161\u00ed loterie, abyste zv\u00fd\u0161ili sv\u00e9 \u0161ance na v\u00fdhru. Francouzskou loterii je dobr\u00e9 vyzkou\u0161et z mnoha d\u016fvod\u016f a t\u011bch se dotkneme v tomto \u010dl\u00e1nku.<\/p>\n<h2>\u00da\u017easn\u00e9 v\u00fd\u0161e jackpot\u016f<\/h2>\n<p>Francouzsk\u00e1 loterie, naz\u00fdvan\u00e1 tak\u00e9 France Lotto nebo zkr\u00e1cen\u011b jen Loto, m\u00e1 velmi atraktivn\u00ed jackpoty, kter\u00e9 l\u00e1kaj\u00ed hr\u00e1\u010de z cel\u00e9ho sv\u011bta. S po\u010d\u00e1te\u010dn\u00ed \u010d\u00e1stkou 2 miliony eur m\u00e1 jackpot potenci\u00e1l se po ka\u017ed\u00e9m losov\u00e1n\u00ed je\u0161t\u011b mnohem zv\u00fd\u0161it, pokud se ho nepoda\u0159\u00ed vyhr\u00e1t.<\/p>\n<p>Francouzsk\u00fd loterijn\u00ed jackpot se p\u0159evaluje, kdy\u017e nen\u00ed \u017e\u00e1dn\u00fd v\u00fdherce, a neust\u00e1le se zvy\u0161uje, dokud nedos\u00e1hne zna\u010dn\u00e9 \u010d\u00e1stky. Kdy\u017e hrajete tuto evropskou loterii, m\u016f\u017eete se st\u00e1t v\u00fdhercem jackpotu ve v\u00fd\u0161i 11 milion\u016f eur nebo v\u00edce.<\/p>\n<p>Pro p\u0159edstavu, jackpot se po ka\u017ed\u00e9m losov\u00e1n\u00ed zvy\u0161uje o 1 milion eur a m\u016f\u017ee se zv\u00fd\u0161it 34kr\u00e1t po sob\u011b, ne\u017e se p\u0159estane p\u0159evalovat. Zkuste si p\u0159edstavit, kolik to v\u0161echno m\u016f\u017ee d\u00e1t dohromady, a to pom\u011brn\u011b rychle.<\/p>\n<h2>N\u011bkolik tah\u016f t\u00fddn\u011b<\/h2>\n<p>D\u016fvodem, pro\u010d jackpotov\u00e1 v\u00fdhra roste tak rychle, je po\u010det slosov\u00e1n\u00ed. <a href=\"https:\/\/jackpotlotteryonline.com\/cs\/vyherni-cisla\/france-lotto-2\">Francouzsk\u00e1 loterie m\u00e1 t\u0159i slosov\u00e1n\u00ed za t\u00fdden<\/a>, co\u017e d\u00e1v\u00e1 hr\u00e1\u010d\u016fm n\u011bkolik \u0161anc\u00ed na vysokou v\u00fdhru. Tahy se konaj\u00ed v pond\u011bl\u00ed, ve st\u0159edu a v sobotu.<\/p>\n<p>Pokud se rozhodnete do t\u00e9to loterie p\u0159ihl\u00e1sit, doporu\u010dujeme z\u00fa\u010dastnit se v\u00edce tah\u016f, proto\u017ee to je skv\u011bl\u00fd zp\u016fsob, jak zv\u00fd\u0161it sv\u00e9 \u0161ance na v\u00fdhru.<\/p>\n<h2>10 r\u016fzn\u00fdch kategori\u00ed v\u00fdher<\/h2>\n<p><img loading=\"lazy\" decoding=\"async\" class=\"alignright size-full wp-image-30344\" src=\"https:\/\/jackpotlotteryonline.com\/wp-content\/uploads\/2022\/11\/1_winning_numbers_euromillions.jpg\" alt=\"Kategorie v\u00fdher v loterii Francie\" width=\"300\" height=\"300\" srcset=\"https:\/\/jackpotlotteryonline.com\/wp-content\/uploads\/2022\/11\/1_winning_numbers_euromillions.jpg 300w, https:\/\/jackpotlotteryonline.com\/wp-content\/uploads\/2022\/11\/1_winning_numbers_euromillions-100x100.jpg 100w, https:\/\/jackpotlotteryonline.com\/wp-content\/uploads\/2022\/11\/1_winning_numbers_euromillions-150x150.jpg 150w\" sizes=\"auto, (max-width: 300px) 100vw, 300px\" \/><\/p>\n<p>Hlavn\u00ed v\u00fdhra je atraktivn\u00ed, ale nen\u00ed to to jedin\u00e9, co m\u016f\u017eete p\u0159i <a href=\"https:\/\/jackpotlotteryonline.com\/cs\/jak-hrat\/france-lotto\">hran\u00ed francouzsk\u00e9ho lota<\/a> vyhr\u00e1t. Tato loterie, kter\u00e1 vznikla v roce 1978, m\u00e1 deset r\u016fzn\u00fdch v\u00fdhern\u00edch kategori\u00ed. Existuje dokonce i v\u00fdhra za uhodnut\u00ed n\u00e1hodn\u00e9ho \u010d\u00edsla.<\/p>\n<p>V\u00fdhern\u00ed kategorie jsou uvedeny n\u00ed\u017ee.<\/p>\n<p>Shoda 5 \u010d\u00edsel + \u010d\u00edslo \u0161ance &#8211; jackpot<br \/>\nUhodn\u011bte pouze 5 \u010d\u00edsel &#8211; 8,44 % v\u00fdhern\u00edho fondu<br \/>\nUhodnut\u00ed 4 \u010d\u00edsel + n\u00e1hodn\u00e9ho \u010d\u00edsla &#8211; 2,06 % v\u00fdhern\u00edho fondu<br \/>\nPouze shoda 4 \u010d\u00edsel &#8211; 7,43 % v\u00fdhern\u00edho fondu<br \/>\nShoda 3 \u010d\u00edsel + \u010d\u00edslo \u0160ance &#8211; 4,44 % v\u00fdhern\u00edho fondu<br \/>\nShoda pouze 3 \u010d\u00edsel &#8211; 15,98 % v\u00fdhern\u00edho fondu<br \/>\nShoda 2 \u010d\u00edsel + \u010d\u00edslo \u0160ance &#8211; 12,43 % v\u00fdhern\u00edho fondu<br \/>\nShoda pouze 2 \u010d\u00edsel &#8211; 49,22 % v\u00fdhern\u00edho fondu<br \/>\nShoda 1 \u010d\u00edsla + \u010d\u00edsla \u0160ance &#8211; 2,20 EUR<br \/>\nPouze \u010d\u00edslo \u0161ance &#8211; 2,20 EUR<\/p>\n<h2>Snadn\u00e9 hran\u00ed offline i online<\/h2>\n<p>Dal\u0161\u00edm d\u016fvodem, pro\u010d uva\u017eovat o hran\u00ed francouzsk\u00e9 loterie, je pom\u011brn\u011b snadn\u00fd vstup do loterie. Pokud \u017eijete ve Francii, vstup do loterie je tak jednoduch\u00fd, jako zaj\u00edt k registrovan\u00e9mu prodejci loterie a zakoupit si los. Na tiketu si vyberete 5 hlavn\u00edch \u010d\u00edsel a \u010d\u00edslo n\u00e1hody. M\u016f\u017eete si vybrat v\u00edce ne\u017e jednu \u0159adu \u010d\u00edsel, abyste zv\u00fd\u0161ili sv\u00e9 \u0161ance na v\u00fdhru v loterii.<\/p>\n<p>Pokud v\u0161ak \u017eijete mimo Francii, je \u00fa\u010dast v loterii m\u00e9n\u011b jednoduch\u00e1. Pro losy t\u00e9to loterie nem\u016f\u017eete zaj\u00edt do obchodu, tak\u017ee je mo\u017en\u00e9 si losy zakoupit online. Pokud se do loterie p\u0159ihla\u0161ujete p\u0159es internet, plat\u00ed stejn\u00fd princip. To znamen\u00e1, \u017ee si vyberete 5 hlavn\u00edch \u010d\u00edsel a \u010d\u00edslo n\u00e1hody.<\/p>\n<p>A\u0165 u\u017e hrajete loterii offline nebo online, mus\u00edte si zvolit po\u010det tah\u016f, kter\u00fdch se chcete z\u00fa\u010dastnit. Na konci tah\u016f vyhr\u00e1v\u00e1 los, kter\u00fd odpov\u00edd\u00e1 vylosovan\u00fdm \u010d\u00edsl\u016fm.<\/p>\n<section class=\"layout\" style=\"border: solid 1px; width: 100%;\">\n<div class=\"img-div\" style=\"margin-top: 5px;\"><img decoding=\"async\" class=\"wp-image-17212 alignleft\" style=\"height: 45px; margin: 8px 8px 0px;\" src=\"https:\/\/jackpotlotteryonline.com\/wp-content\/uploads\/2022\/11\/read1.jpg\" alt=\"P\u0159e\u010dt\u011bte si\" width=\"\" height=\"\" \/><\/div>\n<div style=\"padding-left: 5px;\">\n<div style=\"font-size: 1.1em;\">\n<p><strong>Sledujte, jak se losuj\u00ed \u010d\u00edsla loterie v p\u0159\u00edm\u00e9m p\u0159enosu<\/strong><\/p>\n<p style=\"font-size: 0.85em; margin-top: -1.5em;\">Jak sledovat \u017eiv\u00e9 losov\u00e1n\u00ed va\u0161ich obl\u00edben\u00fdch loteri\u00ed\u00a0<a href=\"https:\/\/jackpotlotteryonline.com\/cs\/sledovat-vylosovana-cisla-loterie-v-primem-prenosu\"> P\u0159e\u010dt\u011bte si v\u00edce<\/a><\/p>\n<\/div>\n<\/div>\n<\/section>\n<h2>Zahrajte si francouzsk\u00e9 Lotto s jackpotlotteryonline.com<\/h2>\n<p>Pokud jste v hran\u00ed loterie p\u0159es internet nov\u00e1\u010dkem, mohlo by v\u00e1s to velmi rychle zm\u00e1st. Jak se prot\u0159\u00eddit mezi v\u0161emi t\u011bmi r\u016fzn\u00fdmi str\u00e1nkami, kter\u00e9 tvrd\u00ed, \u017ee prod\u00e1vaj\u00ed losy autentick\u00fdm prodejc\u016fm? Je to jednoduch\u00e9. Vyhledejte str\u00e1nky, kter\u00e9 nab\u00edzej\u00ed slu\u017eby concierge.<\/p>\n<p>Na jackpotlotteryoneline.com nab\u00edz\u00edme na\u0161im z\u00e1kazn\u00edk\u016fm slu\u017eby concierge, abychom zajistili, \u017ee z\u00edskaj\u00ed p\u0159\u00edstup k loteri\u00edm podle sv\u00e9ho v\u00fdb\u011bru. Kdy\u017e si na na\u0161ich str\u00e1nk\u00e1ch zakoup\u00edte vstup, na\u0161i agenti ve Francii zakoup\u00ed fyzick\u00e9 tikety s v\u00e1mi vybran\u00fdm \u010d\u00edslem.<\/p>\n<p>D\u016fvodem je zaji\u0161t\u011bn\u00ed toho, \u017ee nes\u00e1z\u00edte pouze na v\u00fdsledek loterie, ale \u017ee se skute\u010dn\u011b \u00fa\u010dastn\u00edte losov\u00e1n\u00ed a m\u00e1te \u0161anci vyhr\u00e1t jackpot.<\/p>\n<h2>Tipy, jak zv\u00fd\u0161it sv\u00e9 \u0161ance na v\u00fdhru<\/h2>\n<p><img loading=\"lazy\" decoding=\"async\" class=\"alignright size-full wp-image-35051\" src=\"https:\/\/jackpotlotteryonline.com\/wp-content\/uploads\/2022\/11\/2_ticket_saturday_lotto_au-1-166x300-1.jpg\" alt=\"Los Francie loterie\" width=\"166\" height=\"300\" \/><\/p>\n<p>Loterie je hra s \u010d\u00edsly. \u010c\u00edm v\u00edce hrajete, t\u00edm v\u011bt\u0161\u00ed m\u00e1te \u0161anci na v\u00fdhru. Velk\u00e9 procento v\u00fdherc\u016f loterie prozradilo, \u017ee p\u0159ed v\u00fdhrou hr\u00e1li n\u011bkolik let. Zde je tedy n\u011bkolik zp\u016fsob\u016f, jak m\u016f\u017eete zv\u00fd\u0161it sv\u00e9 \u0161ance na v\u00fdhru v loterii.<\/p>\n<ul>\n<li>Zakupte si n\u011bkolik vstup\u016f do loterie. Zd\u00e1 se to tak samoz\u0159ejm\u00e9, ale jsou lid\u00e9, kte\u0159\u00ed si zakoup\u00ed jedin\u00fd vstup pro jedno losov\u00e1n\u00ed a pak se c\u00edt\u00ed zklaman\u00ed, proto\u017ee nevyhr\u00e1li. Pokud chcete zv\u00fd\u0161it sv\u00e9 \u0161ance na v\u00fdhru, mus\u00edte si zakoupit v\u00edce vstup\u016f.<\/li>\n<li>P\u0159ihlaste se tak\u00e9 do v\u00edce slosov\u00e1n\u00ed. Logika je stejn\u00e1 i u slosov\u00e1n\u00ed. \u010c\u00edm v\u00edce slosov\u00e1n\u00ed se z\u00fa\u010dastn\u00edte, t\u00edm v\u011bt\u0161\u00ed m\u00e1te \u0161anci na velkou v\u00fdhru.<\/li>\n<li>Zkuste se zapojit do loterijn\u00edho syndik\u00e1tu. Jedn\u00e1 se o skupinu lid\u00ed, kte\u0159\u00ed se sdru\u017euj\u00ed, aby spojili sv\u00e9 prost\u0159edky a mohli hr\u00e1t loterii. D\u00edky sdru\u017een\u00fdm prost\u0159edk\u016fm mohou zakoupit v\u00edce vstup\u016f a z\u00fa\u010dastnit se n\u011bkolika losov\u00e1n\u00ed. Zaj\u00edmav\u00e9 je, \u017ee mnoho loterijn\u00edch syndik\u00e1t\u016f v pr\u016fb\u011bhu let vyhr\u00e1lo neuv\u011b\u0159iteln\u00e9 jackpoty, tak\u017ee je dobr\u00e9 to vyzkou\u0161et.<\/li>\n<li>V\u011b\u0159te, \u017ee vyhrajete. Z\u00e1kon p\u0159ita\u017elivosti je v\u011bc a spousta loterijn\u00edch v\u00fdherc\u016f by v\u00e1m \u0159ekla, \u017ee v\u011b\u0159ili, \u017ee v loterii vyhraj\u00ed. Pokud se chyst\u00e1te str\u00e1vit n\u011bjak\u00fd \u010das hran\u00edm loterie, je dobr\u00e9 pevn\u011b v\u011b\u0159it, \u017ee vyhrajete.<\/li>\n<li>Nevzd\u00e1vejte se. Kdy\u017e hrajete n\u011bkolikr\u00e1t bez v\u00fdhry, je l\u00e1kav\u00e9 to vzd\u00e1t. Pokud v\u0161ak chcete opravdu vyhr\u00e1t velk\u00e9 \u010d\u00e1stky, mus\u00edte b\u00fdt d\u016fsledn\u00ed. S\u00e1zejte jen tolik, kolik si m\u016f\u017eete dovolit.<\/li>\n<li>Nezapome\u0148te se p\u0159i hran\u00ed loterie bavit. Nakonec je to st\u00e1le jen hra, a pokud v\u00e1s bav\u00ed, stoj\u00ed to za to.<\/li>\n<\/ul>\n<h2>Zakupte si francouzsk\u00e9 losy Lotto nyn\u00ed<\/h2>\n<p>Pokud v\u00e1s francouzsk\u00e1 loterie nadchla stejn\u011b jako n\u00e1s, pak je \u010das zakoupit si vstupenku do loterie. Na\u0161t\u011bst\u00ed u\u017e nez\u00e1le\u017e\u00ed na tom, kde \u017eijete, proto\u017ee tikety si m\u016f\u017eete koupit online.<\/p>\n<p>Kdy\u017e se u n\u00e1s zaregistrujete, nemus\u00edte se b\u00e1t, \u017ee byste sv\u00e9 losy ztratili nebo zapomn\u011bli zkontrolovat v\u00fdsledky. To v\u0161e vy\u0159\u00edd\u00edme za v\u00e1s a upozorn\u00edme v\u00e1s na p\u0159\u00edpadnou v\u00fdhru. Prost\u0159ednictv\u00edm na\u0161\u00ed platformy si m\u016f\u017eete sv\u00e9 v\u00fdhry tak\u00e9 snadno vybrat.<\/p>\n<p>Hran\u00ed loterie je bezprobl\u00e9mov\u00fd a bezstresov\u00fd z\u00e1\u017eitek, kdy\u017e hrajete na na\u0161ich str\u00e1nk\u00e1ch. Nikdy nev\u00edte, jestli pr\u00e1v\u011b v tento den nebude \u0161t\u011bst\u00ed na va\u0161\u00ed stran\u011b. Tak pro\u010d se u n\u00e1s nezaregistrovat je\u0161t\u011b dnes a nezakoupit si tikety do francouzsk\u00e9ho lotta?<\/p>\n","protected":false},"excerpt":{"rendered":"<p>M\u016f\u017eete si koupit losy francouzsk\u00e9 loterie Lotto z jin\u00e9 evropsk\u00e9 zem\u011b? Mo\u017en\u00e1 jste zku\u0161en\u00fd s\u00e1zej\u00edc\u00ed nebo nov\u00e1\u010dek a p\u0159em\u00fd\u0161l\u00edte, pro\u010d byste se m\u011bli zaj\u00edmat pr\u00e1v\u011b o tuto loterii. Pod\u011bl\u00edme se s v\u00e1mi o n\u011bkolik d\u016fvod\u016f, pro\u010d se domn\u00edv\u00e1me, \u017ee francouzsk\u00e1 n\u00e1rodn\u00ed loterie je skv\u011blou hrou. Pokud jste hr\u00e1\u010dem z jin\u00e9 \u010d\u00e1sti sv\u011bta, dozv\u00edte se, jak [&hellip;]<\/p>\n","protected":false},"author":1,"featured_media":0,"parent":35740,"menu_order":9,"comment_status":"closed","ping_status":"closed","template":"lotto-fr-info.php","meta":{"_et_pb_use_builder":"","_et_pb_old_content":"","_et_gb_content_width":"","exclude_from_search":false,"footnotes":""},"class_list":["post-36768","page","type-page","status-publish","hentry"],"yoast_head":"<!-- This site is optimized with the Yoast SEO plugin v23.3 - https:\/\/yoast.com\/wordpress\/plugins\/seo\/ -->\n<title>Koupit losy na francouzsk\u00e9 Lotto z \u00fazem\u00ed mimo Francii | Z\u00edskat losy na francouzsk\u00e9 Lotto online<\/title>\n<meta name=\"description\" content=\"Chcete-li si koupit losy na France Lotto, nemus\u00edte b\u00fdt ve Francii. Po\u0159i\u010fte si tikety do francouzsk\u00e9 loterie online zde!\" \/>\n<meta name=\"robots\" content=\"index, follow, max-snippet:-1, max-image-preview:large, max-video-preview:-1\" \/>\n<link rel=\"canonical\" href=\"https:\/\/jackpotlotteryonline.com\/cs\/koupit-vstupenky\/lotto-france\/\" \/>\n<meta property=\"og:locale\" content=\"cs_CZ\" \/>\n<meta property=\"og:type\" content=\"article\" \/>\n<meta property=\"og:title\" content=\"Koupit losy na francouzsk\u00e9 Lotto z \u00fazem\u00ed mimo Francii | Z\u00edskat losy na francouzsk\u00e9 Lotto online\" \/>\n<meta property=\"og:description\" content=\"Chcete-li si koupit losy na France Lotto, nemus\u00edte b\u00fdt ve Francii. Po\u0159i\u010fte si tikety do francouzsk\u00e9 loterie online zde!\" \/>\n<meta property=\"og:url\" content=\"https:\/\/jackpotlotteryonline.com\/cs\/koupit-vstupenky\/lotto-france\/\" \/>\n<meta property=\"og:site_name\" content=\"Lotto Online - Crack The International Lottery Jackpots\" \/>\n<meta property=\"article:modified_time\" content=\"2023-01-03T21:28:25+00:00\" \/>\n<meta property=\"og:image\" content=\"https:\/\/jackpotlotteryonline.com\/wp-content\/uploads\/2022\/11\/1_winning_numbers_euromillions.jpg\" \/>\n<meta name=\"twitter:card\" content=\"summary_large_image\" \/>\n<meta name=\"twitter:label1\" content=\"Odhadovan\u00e1 doba \u010dten\u00ed\" \/>\n\t<meta name=\"twitter:data1\" content=\"6 minut\" \/>\n<!-- \/ Yoast SEO plugin. -->","yoast_head_json":{"title":"Koupit losy na francouzsk\u00e9 Lotto z \u00fazem\u00ed mimo Francii | Z\u00edskat losy na francouzsk\u00e9 Lotto online","description":"Chcete-li si koupit losy na France Lotto, nemus\u00edte b\u00fdt ve Francii. Po\u0159i\u010fte si tikety do francouzsk\u00e9 loterie online zde!","robots":{"index":"index","follow":"follow","max-snippet":"max-snippet:-1","max-image-preview":"max-image-preview:large","max-video-preview":"max-video-preview:-1"},"canonical":"https:\/\/jackpotlotteryonline.com\/cs\/koupit-vstupenky\/lotto-france\/","og_locale":"cs_CZ","og_type":"article","og_title":"Koupit losy na francouzsk\u00e9 Lotto z \u00fazem\u00ed mimo Francii | Z\u00edskat losy na francouzsk\u00e9 Lotto online","og_description":"Chcete-li si koupit losy na France Lotto, nemus\u00edte b\u00fdt ve Francii. Po\u0159i\u010fte si tikety do francouzsk\u00e9 loterie online zde!","og_url":"https:\/\/jackpotlotteryonline.com\/cs\/koupit-vstupenky\/lotto-france\/","og_site_name":"Lotto Online - Crack The International Lottery Jackpots","article_modified_time":"2023-01-03T21:28:25+00:00","og_image":[{"url":"https:\/\/jackpotlotteryonline.com\/wp-content\/uploads\/2022\/11\/1_winning_numbers_euromillions.jpg"}],"twitter_card":"summary_large_image","twitter_misc":{"Odhadovan\u00e1 doba \u010dten\u00ed":"6 minut"},"schema":{"@context":"https:\/\/schema.org","@graph":[{"@type":"WebPage","@id":"https:\/\/jackpotlotteryonline.com\/cs\/koupit-vstupenky\/lotto-france\/","url":"https:\/\/jackpotlotteryonline.com\/cs\/koupit-vstupenky\/lotto-france\/","name":"Koupit losy na francouzsk\u00e9 Lotto z \u00fazem\u00ed mimo Francii | Z\u00edskat losy na francouzsk\u00e9 Lotto online","isPartOf":{"@id":"https:\/\/jackpotlotteryonline.com\/#website"},"primaryImageOfPage":{"@id":"https:\/\/jackpotlotteryonline.com\/cs\/koupit-vstupenky\/lotto-france\/#primaryimage"},"image":{"@id":"https:\/\/jackpotlotteryonline.com\/cs\/koupit-vstupenky\/lotto-france\/#primaryimage"},"thumbnailUrl":"https:\/\/jackpotlotteryonline.com\/wp-content\/uploads\/2022\/11\/1_winning_numbers_euromillions.jpg","datePublished":"2022-11-09T06:11:39+00:00","dateModified":"2023-01-03T21:28:25+00:00","description":"Chcete-li si koupit losy na France Lotto, nemus\u00edte b\u00fdt ve Francii. Po\u0159i\u010fte si tikety do francouzsk\u00e9 loterie online zde!","breadcrumb":{"@id":"https:\/\/jackpotlotteryonline.com\/cs\/koupit-vstupenky\/lotto-france\/#breadcrumb"},"inLanguage":"cs","potentialAction":[{"@type":"ReadAction","target":["https:\/\/jackpotlotteryonline.com\/cs\/koupit-vstupenky\/lotto-france\/"]}]},{"@type":"ImageObject","inLanguage":"cs","@id":"https:\/\/jackpotlotteryonline.com\/cs\/koupit-vstupenky\/lotto-france\/#primaryimage","url":"https:\/\/jackpotlotteryonline.com\/wp-content\/uploads\/2022\/11\/1_winning_numbers_euromillions.jpg","contentUrl":"https:\/\/jackpotlotteryonline.com\/wp-content\/uploads\/2022\/11\/1_winning_numbers_euromillions.jpg"},{"@type":"BreadcrumbList","@id":"https:\/\/jackpotlotteryonline.com\/cs\/koupit-vstupenky\/lotto-france\/#breadcrumb","itemListElement":[{"@type":"ListItem","position":1,"name":"Home","item":"https:\/\/jackpotlotteryonline.com\/cs\/"},{"@type":"ListItem","position":2,"name":"Jak koupit losy online","item":"https:\/\/jackpotlotteryonline.com\/buy-tickets\/"},{"@type":"ListItem","position":3,"name":"Koupit Lotto France vstupenky"}]},{"@type":"WebSite","@id":"https:\/\/jackpotlotteryonline.com\/#website","url":"https:\/\/jackpotlotteryonline.com\/","name":"Lotto Online - Crack The International Lottery Jackpots","description":"","potentialAction":[{"@type":"SearchAction","target":{"@type":"EntryPoint","urlTemplate":"https:\/\/jackpotlotteryonline.com\/?s={search_term_string}"},"query-input":"required name=search_term_string"}],"inLanguage":"cs"}]}},"_links":{"self":[{"href":"https:\/\/jackpotlotteryonline.com\/cs\/wp-json\/wp\/v2\/pages\/36768","targetHints":{"allow":["GET"]}}],"collection":[{"href":"https:\/\/jackpotlotteryonline.com\/cs\/wp-json\/wp\/v2\/pages"}],"about":[{"href":"https:\/\/jackpotlotteryonline.com\/cs\/wp-json\/wp\/v2\/types\/page"}],"author":[{"embeddable":true,"href":"https:\/\/jackpotlotteryonline.com\/cs\/wp-json\/wp\/v2\/users\/1"}],"replies":[{"embeddable":true,"href":"https:\/\/jackpotlotteryonline.com\/cs\/wp-json\/wp\/v2\/comments?post=36768"}],"version-history":[{"count":0,"href":"https:\/\/jackpotlotteryonline.com\/cs\/wp-json\/wp\/v2\/pages\/36768\/revisions"}],"up":[{"embeddable":true,"href":"https:\/\/jackpotlotteryonline.com\/cs\/wp-json\/wp\/v2\/pages\/35740"}],"wp:attachment":[{"href":"https:\/\/jackpotlotteryonline.com\/cs\/wp-json\/wp\/v2\/media?parent=36768"}],"curies":[{"name":"wp","href":"https:\/\/api.w.org\/{rel}","templated":true}]}}