{"id":36820,"date":"2022-11-09T08:09:56","date_gmt":"2022-11-09T08:09:56","guid":{"rendered":"https:\/\/jackpotlotteryonline.com\/?page_id=36820"},"modified":"2023-01-04T09:01:34","modified_gmt":"2023-01-04T09:01:34","slug":"lotto-america","status":"publish","type":"page","link":"https:\/\/jackpotlotteryonline.com\/cs\/koupit-vstupenky\/lotto-america\/","title":{"rendered":"Lotto America vstupenky online"},"content":{"rendered":"<p>V b\u0159eznu 2018 vyhr\u00e1la rodina jackpot lotto America ve v\u00fd\u0161i 23 milion\u016f dolar\u016f. To je nejvy\u0161\u0161\u00ed v\u00fdhra, kterou dosud n\u011bjak\u00fd hr\u00e1\u010d vyhr\u00e1l, nicm\u00e9n\u011b to p\u0159it\u00e1hlo pozornost k t\u00e9to loterii. Loterii zalo\u017eilo v roce 1988 sedm americk\u00fdch st\u00e1t\u016f, pozd\u011bji se k n\u00ed p\u0159ipojilo n\u011bkolik dal\u0161\u00edch st\u00e1t\u016f. V pr\u016fb\u011bhu let z n\u00ed vze\u0161lo n\u011bkolik milion\u00e1\u0159\u016f.<\/p>\n<p>Losy t\u00e9to loterie si m\u016f\u017eete zakoupit v kter\u00e9mkoli ze z\u00fa\u010dastn\u011bn\u00fdch st\u00e1t\u016f. Zaj\u00edmav\u00e9 je, \u017ee to nen\u00ed jedin\u00e1 loterie v USA, ale trvale p\u0159itahuje hr\u00e1\u010de ze v\u0161ech kout\u016f sv\u011bta. Pokud jste hr\u00e1\u010dem mimo Severn\u00ed Ameriku, mo\u017en\u00e1 v\u00e1s zaj\u00edm\u00e1, jak si koupit tikety t\u00e9to loterie.<\/p>\n<p>Provedeme v\u00e1s<a href=\"https:\/\/jackpotlotteryonline.com\/cs\/jak-hrat\/lotto-america-2\"> \u00fasp\u011b\u0161n\u00fdm hran\u00edm t\u00e9to loterie ze zem\u00ed mimo St\u00e1ty<\/a>. Budeme se tak\u00e9 sna\u017eit zodpov\u011bd\u011bt v\u0161echny va\u0161e dotazy t\u00fdkaj\u00edc\u00ed se loterie Lotto America a zp\u016fsobu p\u0159ihl\u00e1\u0161en\u00ed do t\u00e9to loterie.<\/p>\n<h2>Jak loterie funguje?<\/h2>\n<p><img loading=\"lazy\" decoding=\"async\" class=\"size-full wp-image-29993 alignright\" src=\"https:\/\/jackpotlotteryonline.com\/wp-content\/uploads\/2022\/11\/1_win_lottery_usa_online.jpg\" alt=\"Losy Lotto America online\" width=\"300\" height=\"200\" \/><\/p>\n<p>Stejn\u011b jako v\u011bt\u0161ina loterijn\u00edch her, i tato je hrou \u010d\u00edsel ve v\u00edce ohledech. Je to hra \u010d\u00edsel v tom smyslu, \u017ee hr\u00e1\u010di nemaj\u00ed vysokou \u0161anci na v\u00fdhru. Ale takov\u00e1 je loterie a nelze \u0159\u00edci, kdy bude \u0161t\u011bst\u00ed hr\u00e1\u010di naklon\u011bno. Je to tak\u00e9 hra \u010d\u00edsel ve zp\u016fsobu, jak\u00fdm se hraje.<\/p>\n<p>V t\u00e9to americk\u00e9 loterii si hr\u00e1\u010di mus\u00ed vybrat p\u011bt hlavn\u00edch \u010d\u00edsel v rozmez\u00ed od 1 do 52. D\u00e1le je t\u0159eba vybrat \u010d\u00edslo Star Ball v rozmez\u00ed 1 a\u017e 10. To je celkem 6 \u010d\u00edsel. Pokud si nejste jisti, jak\u00e1 \u010d\u00edsla vybrat, m\u016f\u017eete pou\u017e\u00edt automatick\u00fd tipova\u010d, kter\u00fd v\u00e1m to urychl\u00ed. Tak\u00e9 si m\u016f\u017eete vybrat v\u00edce \u0159ad \u010d\u00edsel, abyste zv\u00fd\u0161ili sv\u00e9 \u0161ance na v\u00fdhru.<\/p>\n<p>D\u00e1le si vyberete, kolika tah\u016f se chcete z\u00fa\u010dastnit. Tato americk\u00e1 loterie po\u0159\u00e1d\u00e1 t\u0159i losov\u00e1n\u00ed t\u00fddn\u011b, a to v pond\u011bl\u00ed, ve st\u0159edu a v sobotu. M\u016f\u017eete se p\u0159ihl\u00e1sit do v\u00edce slosov\u00e1n\u00ed.<\/p>\n<h2>Hra All Star Bonus<\/h2>\n<p>All Star Bonus je zp\u016fsob, jak zn\u00e1sobit sv\u00e9 v\u00fdhry. P\u0159i v\u00fdb\u011bru \u010d\u00edsel m\u016f\u017eete za p\u0159\u00edplatek zahrnout All Star bonus. To je u\u017eite\u010dn\u00e9 zejm\u00e9na pro ty, kte\u0159\u00ed vyhraj\u00ed ceny v ostatn\u00edch kategori\u00edch, proto\u017ee to m\u016f\u017ee v\u00fdrazn\u011b zv\u00fd\u0161it to, co si odnesou dom\u016f.<\/p>\n<p>All Star bonus je n\u00e1hodn\u011b vybr\u00e1n a ozn\u00e1men v<a href=\"https:\/\/jackpotlotteryonline.com\/cs\/vyherni-cisla\/lotto-america\"> den losov\u00e1n\u00ed.<\/a> Upozor\u0148ujeme, \u017ee jej nelze zahrnout pot\u00e9, co jste ji\u017e provedli n\u00e1kup. Mus\u00ed b\u00fdt zahrnut p\u0159i n\u00e1kupu tiketu.<\/p>\n<section class=\"layout\" style=\"border: solid 1px; width: 100%;\">\n<div class=\"img-div\" style=\"margin-top: 5px;\"><img decoding=\"async\" class=\"wp-image-17212 alignleft\" style=\"height: 45px; margin: 8px 8px 0px;\" src=\"https:\/\/jackpotlotteryonline.com\/wp-content\/uploads\/2022\/11\/read1.jpg\" alt=\"P\u0159e\u010dt\u011bte si\" width=\"\" height=\"\" \/><\/div>\n<div style=\"padding-left: 5px;\">\n<div style=\"font-size: 1.1em;\">\n<p><strong>N\u011bkte\u0159\u00ed v\u00edt\u011bzov\u00e9 loterie se vr\u00e1tili ke komunit\u011b<\/strong><\/p>\n<p style=\"font-size: 0.85em; margin-top: -1.5em;\">N\u011bkolik zaj\u00edmav\u00fdch a h\u0159ejiv\u00fdch p\u0159\u00edb\u011bh\u016f o tom, jak se v\u00fdherci loterie vracej\u00ed zp\u011bt\u00a0 <a href=\"https:\/\/jackpotlotteryonline.com\/cs\/pribehy-o-tom-jak-vyherci-loterie-vraceji-penize\">P\u0159e\u010dt\u011bte si v\u00edce<\/a><\/p>\n<\/div>\n<\/div>\n<\/section>\n<h2>V\u00fdhra v jackpotu<\/h2>\n<p>Jackpot za\u010d\u00edn\u00e1 na \u010d\u00e1stce 2 miliony dolar\u016f. Pokud po losov\u00e1n\u00ed nen\u00ed \u017e\u00e1dn\u00fd v\u00fdherce, p\u0159ech\u00e1z\u00ed do dal\u0161\u00edho losov\u00e1n\u00ed. Pokra\u010duje v p\u0159ehazov\u00e1n\u00ed, dokud nedos\u00e1hne 10 milion\u016f dolar\u016f. Jak jsme zm\u00ednili na za\u010d\u00e1tku, m\u016f\u017ee se dostat i p\u0159es 10 milion\u016f dolar\u016f.<\/p>\n<p>Je u\u017eite\u010dn\u00e9 poznamenat, \u017ee jackpot nen\u00ed jedinou v\u00fdhrou, kterou m\u016f\u017ee hr\u00e1\u010d p\u0159i hran\u00ed t\u00e9to americk\u00e9 loterie z\u00edskat. M\u00e1 osm dal\u0161\u00edch v\u00fdhern\u00edch \u00farovn\u00ed, v\u010detn\u011b v\u00fdhry za pouhou shodu s hv\u011bzdn\u00fdm m\u00ed\u010dkem. Ve spojen\u00ed s bonusem All Star m\u016f\u017ee hr\u00e1\u010d, kter\u00fd vyhraje vedlej\u0161\u00ed cenu, odej\u00edt dom\u016f mnohem bohat\u0161\u00ed.<\/p>\n<h2>Kdy\u017e vyhrajete<\/h2>\n<p>Podle webov\u00fdch str\u00e1nek Lotto America si m\u016f\u017eete vyzvednout v\u00fdhru pouze ve st\u00e1t\u011b, kde jste vyhr\u00e1li. Pokud jste si tedy tiket koupili nap\u0159\u00edklad ve st\u00e1t\u011b Maine, mus\u00edte se do tohoto st\u00e1tu vydat, abyste si v\u00fdhru vyzvedli. Pokud v\u0161ak \u017eijete mimo St\u00e1ty, je situace pon\u011bkud odli\u0161n\u00e1.<\/p>\n<h2>Jak si koupit losy lotto America mimo USA<\/h2>\n<p><img loading=\"lazy\" decoding=\"async\" class=\"alignright size-medium wp-image-34079\" src=\"https:\/\/jackpotlotteryonline.com\/wp-content\/uploads\/2022\/11\/2_ticket_mon_wed_lotto_au-176x300.jpg\" alt=\"Losy lotto America z \u00fazem\u00ed mimo USA\" width=\"176\" height=\"300\" srcset=\"https:\/\/jackpotlotteryonline.com\/wp-content\/uploads\/2022\/11\/2_ticket_mon_wed_lotto_au-176x300.jpg 176w, https:\/\/jackpotlotteryonline.com\/wp-content\/uploads\/2022\/11\/2_ticket_mon_wed_lotto_au.jpg 250w\" sizes=\"auto, (max-width: 176px) 100vw, 176px\" \/><\/p>\n<p>Existuj\u00ed pouze dva zp\u016fsoby, jak se t\u00e9to loterie z\u00fa\u010dastnit. Prvn\u00edm z nich je zakoupen\u00ed losu u prodejce v n\u011bkter\u00e9m ze st\u00e1t\u016f, kde se losy prod\u00e1vaj\u00ed. Zat\u00edmco druhou mo\u017enost\u00ed je z\u00edskat p\u0159\u00edstup k loterii prost\u0159ednictv\u00edm internetu. St\u00e1le v\u00edce s\u00e1zej\u00edc\u00edch se \u00fa\u010dastn\u00ed mezin\u00e1rodn\u00edch loteri\u00ed online.<\/p>\n<p>Existuj\u00ed loterijn\u00ed str\u00e1nky, kter\u00e9 hr\u00e1\u010d\u016fm umo\u017e\u0148uj\u00ed legitimn\u00ed p\u0159\u00edstup k loteri\u00edm po cel\u00e9m sv\u011bt\u011b. Ne\u017e se stanete patronem n\u011bkter\u00e9 z t\u011bchto str\u00e1nek, je d\u016fle\u017eit\u00e9 si nejprve zjistit, zda se nejedn\u00e1 o concierge str\u00e1nky. To proto, abyste nakonec nes\u00e1zeli na v\u00fdsledky loterie na rozd\u00edl od \u00fa\u010dasti v loterii.<\/p>\n<p>Kdy\u017e si u n\u00e1s koup\u00edte los, z\u00edsk\u00e1te p\u0159\u00edstup do loterie podle sv\u00e9ho v\u00fdb\u011bru. Provozujeme slu\u017ebu concierge s agenty po cel\u00e9m sv\u011bt\u011b. Jakmile si zakoup\u00edte tiket online, na\u0161i agenti v dan\u00e9 zemi obdr\u017e\u00ed tak\u00e9 fyzick\u00fd tiket s odpov\u00eddaj\u00edc\u00edmi \u010d\u00edsly. Bez ohledu na to, kde se nach\u00e1z\u00edte, si m\u016f\u017eete b\u00fdt jisti, \u017ee m\u00e1te \u0161anci na velkou v\u00fdhru.<\/p>\n","protected":false},"excerpt":{"rendered":"<p>V b\u0159eznu 2018 vyhr\u00e1la rodina jackpot lotto America ve v\u00fd\u0161i 23 milion\u016f dolar\u016f. To je nejvy\u0161\u0161\u00ed v\u00fdhra, kterou dosud n\u011bjak\u00fd hr\u00e1\u010d vyhr\u00e1l, nicm\u00e9n\u011b to p\u0159it\u00e1hlo pozornost k t\u00e9to loterii. Loterii zalo\u017eilo v roce 1988 sedm americk\u00fdch st\u00e1t\u016f, pozd\u011bji se k n\u00ed p\u0159ipojilo n\u011bkolik dal\u0161\u00edch st\u00e1t\u016f. V pr\u016fb\u011bhu let z n\u00ed vze\u0161lo n\u011bkolik milion\u00e1\u0159\u016f. Losy t\u00e9to [&hellip;]<\/p>\n","protected":false},"author":1,"featured_media":0,"parent":35740,"menu_order":13,"comment_status":"closed","ping_status":"closed","template":"lotto-america-info.php","meta":{"_et_pb_use_builder":"","_et_pb_old_content":"","_et_gb_content_width":"","exclude_from_search":false,"footnotes":""},"class_list":["post-36820","page","type-page","status-publish","hentry"],"yoast_head":"<!-- This site is optimized with the Yoast SEO plugin v23.3 - https:\/\/yoast.com\/wordpress\/plugins\/seo\/ -->\n<title>Koupit tikety Lotto America z \u00fazem\u00ed mimo USA | Lotto America online<\/title>\n<meta name=\"description\" content=\"Lotto America lze hr\u00e1t i mimo USA - sta\u010d\u00ed si koupit tiket Lotto America prost\u0159ednictv\u00edm na\u0161\u00ed online slu\u017eby.\" \/>\n<meta name=\"robots\" content=\"index, follow, max-snippet:-1, max-image-preview:large, max-video-preview:-1\" \/>\n<link rel=\"canonical\" href=\"https:\/\/jackpotlotteryonline.com\/cs\/koupit-vstupenky\/lotto-america\/\" \/>\n<meta property=\"og:locale\" content=\"cs_CZ\" \/>\n<meta property=\"og:type\" content=\"article\" \/>\n<meta property=\"og:title\" content=\"Koupit tikety Lotto America z \u00fazem\u00ed mimo USA | Lotto America online\" \/>\n<meta property=\"og:description\" content=\"Lotto America lze hr\u00e1t i mimo USA - sta\u010d\u00ed si koupit tiket Lotto America prost\u0159ednictv\u00edm na\u0161\u00ed online slu\u017eby.\" \/>\n<meta property=\"og:url\" content=\"https:\/\/jackpotlotteryonline.com\/cs\/koupit-vstupenky\/lotto-america\/\" \/>\n<meta property=\"og:site_name\" content=\"Lotto Online - Crack The International Lottery Jackpots\" \/>\n<meta property=\"article:modified_time\" content=\"2023-01-04T09:01:34+00:00\" \/>\n<meta property=\"og:image\" content=\"https:\/\/jackpotlotteryonline.com\/wp-content\/uploads\/2022\/11\/1_win_lottery_usa_online.jpg\" \/>\n<meta name=\"twitter:card\" content=\"summary_large_image\" \/>\n<meta name=\"twitter:label1\" content=\"Odhadovan\u00e1 doba \u010dten\u00ed\" \/>\n\t<meta name=\"twitter:data1\" content=\"4 minuty\" \/>\n<!-- \/ Yoast SEO plugin. -->","yoast_head_json":{"title":"Koupit tikety Lotto America z \u00fazem\u00ed mimo USA | Lotto America online","description":"Lotto America lze hr\u00e1t i mimo USA - sta\u010d\u00ed si koupit tiket Lotto America prost\u0159ednictv\u00edm na\u0161\u00ed online slu\u017eby.","robots":{"index":"index","follow":"follow","max-snippet":"max-snippet:-1","max-image-preview":"max-image-preview:large","max-video-preview":"max-video-preview:-1"},"canonical":"https:\/\/jackpotlotteryonline.com\/cs\/koupit-vstupenky\/lotto-america\/","og_locale":"cs_CZ","og_type":"article","og_title":"Koupit tikety Lotto America z \u00fazem\u00ed mimo USA | Lotto America online","og_description":"Lotto America lze hr\u00e1t i mimo USA - sta\u010d\u00ed si koupit tiket Lotto America prost\u0159ednictv\u00edm na\u0161\u00ed online slu\u017eby.","og_url":"https:\/\/jackpotlotteryonline.com\/cs\/koupit-vstupenky\/lotto-america\/","og_site_name":"Lotto Online - Crack The International Lottery Jackpots","article_modified_time":"2023-01-04T09:01:34+00:00","og_image":[{"url":"https:\/\/jackpotlotteryonline.com\/wp-content\/uploads\/2022\/11\/1_win_lottery_usa_online.jpg"}],"twitter_card":"summary_large_image","twitter_misc":{"Odhadovan\u00e1 doba \u010dten\u00ed":"4 minuty"},"schema":{"@context":"https:\/\/schema.org","@graph":[{"@type":"WebPage","@id":"https:\/\/jackpotlotteryonline.com\/cs\/koupit-vstupenky\/lotto-america\/","url":"https:\/\/jackpotlotteryonline.com\/cs\/koupit-vstupenky\/lotto-america\/","name":"Koupit tikety Lotto America z \u00fazem\u00ed mimo USA | Lotto America online","isPartOf":{"@id":"https:\/\/jackpotlotteryonline.com\/#website"},"primaryImageOfPage":{"@id":"https:\/\/jackpotlotteryonline.com\/cs\/koupit-vstupenky\/lotto-america\/#primaryimage"},"image":{"@id":"https:\/\/jackpotlotteryonline.com\/cs\/koupit-vstupenky\/lotto-america\/#primaryimage"},"thumbnailUrl":"https:\/\/jackpotlotteryonline.com\/wp-content\/uploads\/2022\/11\/1_win_lottery_usa_online.jpg","datePublished":"2022-11-09T08:09:56+00:00","dateModified":"2023-01-04T09:01:34+00:00","description":"Lotto America lze hr\u00e1t i mimo USA - sta\u010d\u00ed si koupit tiket Lotto America prost\u0159ednictv\u00edm na\u0161\u00ed online slu\u017eby.","breadcrumb":{"@id":"https:\/\/jackpotlotteryonline.com\/cs\/koupit-vstupenky\/lotto-america\/#breadcrumb"},"inLanguage":"cs","potentialAction":[{"@type":"ReadAction","target":["https:\/\/jackpotlotteryonline.com\/cs\/koupit-vstupenky\/lotto-america\/"]}]},{"@type":"ImageObject","inLanguage":"cs","@id":"https:\/\/jackpotlotteryonline.com\/cs\/koupit-vstupenky\/lotto-america\/#primaryimage","url":"https:\/\/jackpotlotteryonline.com\/wp-content\/uploads\/2022\/11\/1_win_lottery_usa_online.jpg","contentUrl":"https:\/\/jackpotlotteryonline.com\/wp-content\/uploads\/2022\/11\/1_win_lottery_usa_online.jpg"},{"@type":"BreadcrumbList","@id":"https:\/\/jackpotlotteryonline.com\/cs\/koupit-vstupenky\/lotto-america\/#breadcrumb","itemListElement":[{"@type":"ListItem","position":1,"name":"Home","item":"https:\/\/jackpotlotteryonline.com\/cs\/"},{"@type":"ListItem","position":2,"name":"Jak koupit losy online","item":"https:\/\/jackpotlotteryonline.com\/buy-tickets\/"},{"@type":"ListItem","position":3,"name":"Lotto America vstupenky online"}]},{"@type":"WebSite","@id":"https:\/\/jackpotlotteryonline.com\/#website","url":"https:\/\/jackpotlotteryonline.com\/","name":"Lotto Online - Crack The International Lottery Jackpots","description":"","potentialAction":[{"@type":"SearchAction","target":{"@type":"EntryPoint","urlTemplate":"https:\/\/jackpotlotteryonline.com\/?s={search_term_string}"},"query-input":"required name=search_term_string"}],"inLanguage":"cs"}]}},"_links":{"self":[{"href":"https:\/\/jackpotlotteryonline.com\/cs\/wp-json\/wp\/v2\/pages\/36820","targetHints":{"allow":["GET"]}}],"collection":[{"href":"https:\/\/jackpotlotteryonline.com\/cs\/wp-json\/wp\/v2\/pages"}],"about":[{"href":"https:\/\/jackpotlotteryonline.com\/cs\/wp-json\/wp\/v2\/types\/page"}],"author":[{"embeddable":true,"href":"https:\/\/jackpotlotteryonline.com\/cs\/wp-json\/wp\/v2\/users\/1"}],"replies":[{"embeddable":true,"href":"https:\/\/jackpotlotteryonline.com\/cs\/wp-json\/wp\/v2\/comments?post=36820"}],"version-history":[{"count":0,"href":"https:\/\/jackpotlotteryonline.com\/cs\/wp-json\/wp\/v2\/pages\/36820\/revisions"}],"up":[{"embeddable":true,"href":"https:\/\/jackpotlotteryonline.com\/cs\/wp-json\/wp\/v2\/pages\/35740"}],"wp:attachment":[{"href":"https:\/\/jackpotlotteryonline.com\/cs\/wp-json\/wp\/v2\/media?parent=36820"}],"curies":[{"name":"wp","href":"https:\/\/api.w.org\/{rel}","templated":true}]}}