{"id":36873,"date":"2022-11-09T09:37:42","date_gmt":"2022-11-09T09:37:42","guid":{"rendered":"https:\/\/jackpotlotteryonline.com\/?page_id=36873"},"modified":"2022-12-22T11:42:19","modified_gmt":"2022-12-22T11:42:19","slug":"uk-lottery","status":"publish","type":"page","link":"https:\/\/jackpotlotteryonline.com\/cs\/koupit-vstupenky\/uk-lottery\/","title":{"rendered":"Loterie ve Velk\u00e9 Brit\u00e1nii"},"content":{"rendered":"<h2>Loterie UK Online p\u0159ehled<\/h2>\n<p>Loterie UK je obl\u00edben\u00e1 hra pro svou schopnost ud\u011blat milion\u00e1\u0159e. Lze ji hr\u00e1t i online. <a href=\"https:\/\/jackpotlotteryonline.com\/cs\/vyherni-cisla\/uk-lottery\">Hra se losuje dvakr\u00e1t t\u00fddn\u011b<\/a> ve st\u0159edu a v sobotu.<\/p>\n<h2>Jak loterie UK funguje<\/h2>\n<p>Ka\u017ed\u00fd hr\u00e1\u010d mus\u00ed na sv\u00e9m tiketu vybrat 6 \u010d\u00edsel z nab\u00eddky \u010d\u00edsel 1-49. P\u0159i losov\u00e1n\u00ed se vybere \u0161est \u010d\u00edsel a jedno bonusov\u00e9 \u010d\u00edslo. Vzhledem k relativn\u011b mal\u00e9mu procentu\u00e1ln\u00edmu pod\u00edlu v\u00fdher tuto loterii nedoporu\u010dujeme. Na internetu je k dispozici spousta jin\u00fdch mezin\u00e1rodn\u00edch loterijn\u00edch her s lep\u0161\u00edmi v\u00fdhrami a vy\u0161\u0161\u00edmi jackpoty.<\/p>\n<section class=\"layout\" style=\"border: solid 1px; width: 100%;\">\n<div class=\"img-div\" style=\"margin-top: 5px;\"><img decoding=\"async\" class=\"wp-image-17212 alignleft\" style=\"height: 45px; margin: 8px 8px 0px;\" src=\"http:\/\/jackpotlotteryonline.com\/wp-content\/uploads\/2022\/11\/read1.jpg\" alt=\"P\u0159e\u010dt\u011bte si\" width=\"\" height=\"\" \/><\/div>\n<div style=\"padding-left: 5px;\">\n<div style=\"font-size: 1.1em;\">\n<p><strong>Evropsk\u00e9 loterie<\/strong><\/p>\n<p style=\"font-size: 0.85em; margin-top: -1.5em;\">Kter\u00e9 evropsk\u00e9 loterie jsou nejlep\u0161\u00ed?\u00a0 <a href=\"https:\/\/jackpotlotteryonline.com\/cs\/ktere-evropske-loterie-jsou-nejlepsi\"> P\u0159e\u010dt\u011bte si v\u00edce<\/a><\/p>\n<\/div>\n<\/div>\n<\/section>\n<h2>V\u00fdhra v loterii ve Spojen\u00e9m kr\u00e1lovstv\u00ed<\/h2>\n<p><img loading=\"lazy\" decoding=\"async\" class=\"alignright size-medium wp-image-19520\" src=\"http:\/\/jackpotlotteryonline.com\/wp-content\/uploads\/2022\/10\/2_ticket_uk_lottery-192x300.jpg\" alt=\"Koupit tiket britsk\u00e9 loterie\" width=\"192\" height=\"300\" srcset=\"https:\/\/jackpotlotteryonline.com\/wp-content\/uploads\/2022\/10\/2_ticket_uk_lottery-192x300.jpg 192w, https:\/\/jackpotlotteryonline.com\/wp-content\/uploads\/2022\/10\/2_ticket_uk_lottery.jpg 250w\" sizes=\"auto, (max-width: 192px) 100vw, 192px\" \/><\/p>\n<p>Abyste z\u00edskali v\u00fdhru, mus\u00edte k hlavn\u00edm vylosovan\u00fdm \u010d\u00edsl\u016fm p\u0159i\u0159adit minim\u00e1ln\u011b t\u0159i \u010d\u00edsla. Bonusov\u00e9 \u010d\u00edslo je relevantn\u00ed pouze v p\u0159\u00edpad\u011b, \u017ee se shodujete alespo\u0148 s p\u011bti hlavn\u00edmi \u010d\u00edsly v losov\u00e1n\u00ed.<\/p>\n<p>Vyzvednut\u00ed v\u00fdhry je jednoduch\u00e9. Pokud vyhrajete a\u017e 2500 \u20ac, bude v\u00e1m v\u00fdhra vyplacena p\u0159\u00edmo na v\u00e1\u0161 hr\u00e1\u010dsk\u00fd \u00fa\u010det loterie zde na na\u0161ich str\u00e1nk\u00e1ch. V p\u0159\u00edpad\u011b v\u00fdhry vy\u0161\u0161\u00ed ne\u017e 2500 \u20ac v\u00e1s bude kontaktovat na\u0161e odd\u011blen\u00ed z\u00e1kaznick\u00e9 podpory a zajist\u00ed v\u00fdplatu p\u0159\u00edmo od loterijn\u00ed spole\u010dnosti.<\/p>\n<p>P\u0159ibli\u017en\u011b 45 % v\u0161ech prost\u0159edk\u016f britsk\u00e9ho lotta jde na v\u00fdhry. Pokud uhodnete \u0161est hlavn\u00edch \u010d\u00edsel, bude v\u00e1m vyplaceno 52 % z fondu poolu; pokud uhodnete p\u011bt hlavn\u00edch \u010d\u00edsel plus bonusov\u00e9 \u010d\u00edslo, bude v\u00e1m vyplaceno 16 % ze zb\u00fdvaj\u00edc\u00edho fondu poolu; pokud uhodnete p\u011bt hlavn\u00edch \u010d\u00edsel, bude v\u00e1m vyplaceno 10 % ze zb\u00fdvaj\u00edc\u00edho fondu poolu; pokud uhodnete \u010dty\u0159i hlavn\u00ed \u010d\u00edsla, bude v\u00e1m vyplaceno 22 % ze zb\u00fdvaj\u00edc\u00edho fondu poolu a pokud uhodnete 3 hlavn\u00ed \u010d\u00edsla, bude v\u00e1m zpravidla vyplaceno 10 liber. UK Lotto nab\u00edz\u00ed tak\u00e9 online hry s okam\u017eitou v\u00fdhrou.<\/p>\n<h2>Hran\u00ed loterie ve Spojen\u00e9m kr\u00e1lovstv\u00ed online<\/h2>\n<p><a href=\"https:\/\/jackpotlotteryonline.com\/cs\/jak-hrat\/uk-lottery\">Britsk\u00e9 Lotto m\u016f\u017eete hr\u00e1t online<\/a>, co\u017e jej \u010din\u00ed dostupn\u011bj\u0161\u00edm a pohodln\u011bj\u0161\u00edm. U\u017e nemus\u00edte chodit ven, abyste si koupili tiket UK Lotto u prodejce; nyn\u00ed si m\u016f\u017eete koupit tikety z pohodl\u00ed domova a nen\u00ed to z\u00e1visl\u00e9 na tom, zda \u017eijete ve Spojen\u00e9m kr\u00e1lovstv\u00ed.<\/p>\n<p>Chcete-li hr\u00e1t britsk\u00e9 lotto online a z \u00fazem\u00ed mimo Spojen\u00e9 kr\u00e1lovstv\u00ed, mus\u00edte kliknout na v\u00fd\u0161e uveden\u00fd banner pro britskou loterii. Sta\u010d\u00ed se zaregistrovat a pot\u00e9 dokon\u010dit online platbu.<\/p>\n<h2>Pro\u010d je v\u011bt\u0161ina mezin\u00e1rodn\u00edch loterijn\u00edch jackpot\u016f atraktivn\u011bj\u0161\u00ed ne\u017e britsk\u00e1 loterie<\/h2>\n<ul>\n<li>U mezin\u00e1rodn\u00edch loteri\u00ed jsou jackpoty mnohem vy\u0161\u0161\u00ed (pod\u00edvejte se na \u010d\u00e1stky v banneru naho\u0159e).<\/li>\n<li>UK Lotto rozd\u00e1v\u00e1 jako v\u00fdhru pouze 45 % finan\u010dn\u00edch prost\u0159edk\u016f<\/li>\n<li>Na na\u0161ich webov\u00fdch str\u00e1nk\u00e1ch m\u00e1te na v\u00fdb\u011br z cel\u00e9 \u0159ady mega loteri\u00ed a obrovsk\u00fdch jackpot\u016f!<\/li>\n<\/ul>\n","protected":false},"excerpt":{"rendered":"<p>Loterie UK Online p\u0159ehled Loterie UK je obl\u00edben\u00e1 hra pro svou schopnost ud\u011blat milion\u00e1\u0159e. Lze ji hr\u00e1t i online. Hra se losuje dvakr\u00e1t t\u00fddn\u011b ve st\u0159edu a v sobotu. Jak loterie UK funguje Ka\u017ed\u00fd hr\u00e1\u010d mus\u00ed na sv\u00e9m tiketu vybrat 6 \u010d\u00edsel z nab\u00eddky \u010d\u00edsel 1-49. P\u0159i losov\u00e1n\u00ed se vybere \u0161est \u010d\u00edsel a jedno bonusov\u00e9 [&hellip;]<\/p>\n","protected":false},"author":1,"featured_media":0,"parent":35740,"menu_order":10,"comment_status":"closed","ping_status":"closed","template":"lotto-uk-info.php","meta":{"_et_pb_use_builder":"","_et_pb_old_content":"","_et_gb_content_width":"","exclude_from_search":false,"footnotes":""},"class_list":["post-36873","page","type-page","status-publish","hentry"],"yoast_head":"<!-- This site is optimized with the Yoast SEO plugin v23.3 - https:\/\/yoast.com\/wordpress\/plugins\/seo\/ -->\n<title>Koupit losy online pro britskou loterii z \u00fazem\u00ed mimo Spojen\u00e9 kr\u00e1lovstv\u00ed<\/title>\n<meta name=\"description\" content=\"Jak funguje britsk\u00e1 loterie a jak si koupit los a vyhr\u00e1t online z m\u00edsta mimo Spojen\u00e9 kr\u00e1lovstv\u00ed\" \/>\n<meta name=\"robots\" content=\"index, follow, max-snippet:-1, max-image-preview:large, max-video-preview:-1\" \/>\n<link rel=\"canonical\" href=\"https:\/\/jackpotlotteryonline.com\/buy-tickets\/uk-lottery\/\" \/>\n<meta property=\"og:locale\" content=\"cs_CZ\" \/>\n<meta property=\"og:type\" content=\"article\" \/>\n<meta property=\"og:title\" content=\"Koupit losy online pro britskou loterii z \u00fazem\u00ed mimo Spojen\u00e9 kr\u00e1lovstv\u00ed\" \/>\n<meta property=\"og:description\" content=\"Jak funguje britsk\u00e1 loterie a jak si koupit los a vyhr\u00e1t online z m\u00edsta mimo Spojen\u00e9 kr\u00e1lovstv\u00ed\" \/>\n<meta property=\"og:url\" content=\"https:\/\/jackpotlotteryonline.com\/buy-tickets\/uk-lottery\/\" \/>\n<meta property=\"og:site_name\" content=\"Lotto Online - Crack The International Lottery Jackpots\" \/>\n<meta property=\"article:modified_time\" content=\"2022-12-22T11:42:19+00:00\" \/>\n<meta property=\"og:image\" content=\"http:\/\/jackpotlotteryonline.com\/wp-content\/uploads\/2022\/11\/read1.jpg\" \/>\n<meta name=\"twitter:card\" content=\"summary_large_image\" \/>\n<meta name=\"twitter:label1\" content=\"Odhadovan\u00e1 doba \u010dten\u00ed\" \/>\n\t<meta name=\"twitter:data1\" content=\"3 minuty\" \/>\n<!-- \/ Yoast SEO plugin. -->","yoast_head_json":{"title":"Koupit losy online pro britskou loterii z \u00fazem\u00ed mimo Spojen\u00e9 kr\u00e1lovstv\u00ed","description":"Jak funguje britsk\u00e1 loterie a jak si koupit los a vyhr\u00e1t online z m\u00edsta mimo Spojen\u00e9 kr\u00e1lovstv\u00ed","robots":{"index":"index","follow":"follow","max-snippet":"max-snippet:-1","max-image-preview":"max-image-preview:large","max-video-preview":"max-video-preview:-1"},"canonical":"https:\/\/jackpotlotteryonline.com\/buy-tickets\/uk-lottery\/","og_locale":"cs_CZ","og_type":"article","og_title":"Koupit losy online pro britskou loterii z \u00fazem\u00ed mimo Spojen\u00e9 kr\u00e1lovstv\u00ed","og_description":"Jak funguje britsk\u00e1 loterie a jak si koupit los a vyhr\u00e1t online z m\u00edsta mimo Spojen\u00e9 kr\u00e1lovstv\u00ed","og_url":"https:\/\/jackpotlotteryonline.com\/buy-tickets\/uk-lottery\/","og_site_name":"Lotto Online - Crack The International Lottery Jackpots","article_modified_time":"2022-12-22T11:42:19+00:00","og_image":[{"url":"http:\/\/jackpotlotteryonline.com\/wp-content\/uploads\/2022\/11\/read1.jpg"}],"twitter_card":"summary_large_image","twitter_misc":{"Odhadovan\u00e1 doba \u010dten\u00ed":"3 minuty"},"schema":{"@context":"https:\/\/schema.org","@graph":[{"@type":"WebPage","@id":"https:\/\/jackpotlotteryonline.com\/buy-tickets\/uk-lottery\/","url":"https:\/\/jackpotlotteryonline.com\/buy-tickets\/uk-lottery\/","name":"Koupit losy online pro britskou loterii z \u00fazem\u00ed mimo Spojen\u00e9 kr\u00e1lovstv\u00ed","isPartOf":{"@id":"https:\/\/jackpotlotteryonline.com\/#website"},"primaryImageOfPage":{"@id":"https:\/\/jackpotlotteryonline.com\/buy-tickets\/uk-lottery\/#primaryimage"},"image":{"@id":"https:\/\/jackpotlotteryonline.com\/buy-tickets\/uk-lottery\/#primaryimage"},"thumbnailUrl":"http:\/\/jackpotlotteryonline.com\/wp-content\/uploads\/2022\/11\/read1.jpg","datePublished":"2022-11-09T09:37:42+00:00","dateModified":"2022-12-22T11:42:19+00:00","description":"Jak funguje britsk\u00e1 loterie a jak si koupit los a vyhr\u00e1t online z m\u00edsta mimo Spojen\u00e9 kr\u00e1lovstv\u00ed","breadcrumb":{"@id":"https:\/\/jackpotlotteryonline.com\/buy-tickets\/uk-lottery\/#breadcrumb"},"inLanguage":"cs","potentialAction":[{"@type":"ReadAction","target":["https:\/\/jackpotlotteryonline.com\/buy-tickets\/uk-lottery\/"]}]},{"@type":"ImageObject","inLanguage":"cs","@id":"https:\/\/jackpotlotteryonline.com\/buy-tickets\/uk-lottery\/#primaryimage","url":"http:\/\/jackpotlotteryonline.com\/wp-content\/uploads\/2022\/11\/read1.jpg","contentUrl":"http:\/\/jackpotlotteryonline.com\/wp-content\/uploads\/2022\/11\/read1.jpg"},{"@type":"BreadcrumbList","@id":"https:\/\/jackpotlotteryonline.com\/buy-tickets\/uk-lottery\/#breadcrumb","itemListElement":[{"@type":"ListItem","position":1,"name":"Home","item":"https:\/\/jackpotlotteryonline.com\/cs\/"},{"@type":"ListItem","position":2,"name":"Jak koupit losy online","item":"https:\/\/jackpotlotteryonline.com\/buy-tickets\/"},{"@type":"ListItem","position":3,"name":"Loterie ve Velk\u00e9 Brit\u00e1nii"}]},{"@type":"WebSite","@id":"https:\/\/jackpotlotteryonline.com\/#website","url":"https:\/\/jackpotlotteryonline.com\/","name":"Lotto Online - Crack The International Lottery Jackpots","description":"","potentialAction":[{"@type":"SearchAction","target":{"@type":"EntryPoint","urlTemplate":"https:\/\/jackpotlotteryonline.com\/?s={search_term_string}"},"query-input":"required name=search_term_string"}],"inLanguage":"cs"}]}},"_links":{"self":[{"href":"https:\/\/jackpotlotteryonline.com\/cs\/wp-json\/wp\/v2\/pages\/36873","targetHints":{"allow":["GET"]}}],"collection":[{"href":"https:\/\/jackpotlotteryonline.com\/cs\/wp-json\/wp\/v2\/pages"}],"about":[{"href":"https:\/\/jackpotlotteryonline.com\/cs\/wp-json\/wp\/v2\/types\/page"}],"author":[{"embeddable":true,"href":"https:\/\/jackpotlotteryonline.com\/cs\/wp-json\/wp\/v2\/users\/1"}],"replies":[{"embeddable":true,"href":"https:\/\/jackpotlotteryonline.com\/cs\/wp-json\/wp\/v2\/comments?post=36873"}],"version-history":[{"count":0,"href":"https:\/\/jackpotlotteryonline.com\/cs\/wp-json\/wp\/v2\/pages\/36873\/revisions"}],"up":[{"embeddable":true,"href":"https:\/\/jackpotlotteryonline.com\/cs\/wp-json\/wp\/v2\/pages\/35740"}],"wp:attachment":[{"href":"https:\/\/jackpotlotteryonline.com\/cs\/wp-json\/wp\/v2\/media?parent=36873"}],"curies":[{"name":"wp","href":"https:\/\/api.w.org\/{rel}","templated":true}]}}