{"id":36926,"date":"2022-11-09T10:45:51","date_gmt":"2022-11-09T10:45:51","guid":{"rendered":"https:\/\/jackpotlotteryonline.com\/?page_id=36926"},"modified":"2023-01-04T08:04:01","modified_gmt":"2023-01-04T08:04:01","slug":"set-for-life","status":"publish","type":"page","link":"https:\/\/jackpotlotteryonline.com\/cs\/koupit-vstupenky\/set-for-life\/","title":{"rendered":"Koupit vstupenky Set for Life"},"content":{"rendered":"<p>Jste p\u0159ipraveni na \u0161anci st\u00e1t se Set for life? Nen\u00ed lep\u0161\u00ed chv\u00edle, ne\u017e se pokusit vyhr\u00e1t 10 000 liber ka\u017ed\u00fd m\u011bs\u00edc po dobu p\u0159\u00ed\u0161t\u00edch 30 let, a v\u0161e za\u010d\u00edn\u00e1 hran\u00edm britsk\u00e9 loterie.<img loading=\"lazy\" decoding=\"async\" class=\"alignright size-medium wp-image-35457\" src=\"https:\/\/jackpotlotteryonline.com\/wp-content\/uploads\/2022\/11\/2_ticket_uk_lottery-192x300.jpg\" alt=\"Vstupenky Set for Life\" width=\"192\" height=\"300\" srcset=\"https:\/\/jackpotlotteryonline.com\/wp-content\/uploads\/2022\/11\/2_ticket_uk_lottery-192x300.jpg 192w, https:\/\/jackpotlotteryonline.com\/wp-content\/uploads\/2022\/11\/2_ticket_uk_lottery.jpg 250w\" sizes=\"auto, (max-width: 192px) 100vw, 192px\" \/><\/p>\n<p>Tuto loterii provozuje britsk\u00e1 N\u00e1rodn\u00ed loterie a jej\u00ed prvn\u00ed slosov\u00e1n\u00ed prob\u011bhlo v roce 1999. Od t\u00e9 doby je obl\u00edbenou loteri\u00ed britsk\u00fdch hr\u00e1\u010d\u016f, proto\u017ee tah\u00e1k 10 000 liber m\u011bs\u00ed\u010dn\u011b po dobu 30 let se zd\u00e1 b\u00fdt t\u00e9m\u011b\u0159 p\u0159\u00edli\u0161 t\u011b\u017ek\u00fd na to, aby mu odolali. Ani vy byste nem\u011bli, pokud na tom z\u00e1le\u017e\u00ed. Vyhr\u00e1t v t\u00e9to loterii je t\u00e9m\u011b\u0159 stejn\u00e9, jako kdyby k v\u00e1m dom\u016f ka\u017ed\u00fd m\u011bs\u00edc p\u0159i\u0161el Je\u017e\u00ed\u0161ek.<\/p>\n<p>Losy t\u00e9to britsk\u00e9 loterie se prod\u00e1vaj\u00ed v \u0161irok\u00e9 s\u00edti prodejc\u016f v zemi. Pokud v\u0161ak \u017eijete mimo Spojen\u00e9 kr\u00e1lovstv\u00ed, nen\u00ed d\u016fvod, pro\u010d byste si losy do t\u00e9to loterie nemohli koupit i vy. Jackpotlotteryonline.com poskytuje lotto nad\u0161enc\u016fm p\u0159\u00edstup k nejlep\u0161\u00edm mezin\u00e1rodn\u00edm loteri\u00edm z pohodl\u00ed jejich po\u010d\u00edta\u010d\u016f nebo mobiln\u00edch za\u0159\u00edzen\u00ed.<\/p>\n<p>Zaregistrujte se u n\u00e1s a za\u010dn\u011bte <a href=\"https:\/\/jackpotlotteryonline.com\/cs\/jak-hrat\/set-for-life\">hr\u00e1t loterie ve Spojen\u00e9m kr\u00e1lovstv\u00ed<\/a> i ve zbytku sv\u011bta.<\/p>\n<h2>Jak hr\u00e1t Set for Life online<\/h2>\n<p>Tato loterie se od ostatn\u00edch loteri\u00ed li\u0161\u00ed t\u00edm, \u017ee se jedn\u00e1 o rentovou loterii, tak\u017ee v\u00fdherci neodejdou dom\u016f s miliony eur nebo liber. Jedin\u00fd rozd\u00edl je v\u0161ak ve zp\u016fsobu p\u0159ed\u00e1n\u00ed v\u00fdhry. Stejn\u011b jako u jin\u00fdch loteri\u00ed mus\u00ed hr\u00e1\u010d vybrat hlavn\u00ed \u010d\u00edsla z ur\u010dit\u00e9ho rozsahu a speci\u00e1ln\u00ed \u010d\u00edslo.<\/p>\n<p>Chcete-li z\u00edskat tikety Set for Life online, nav\u0161tivte vybranou str\u00e1nku a vyberte si p\u011bt hlavn\u00edch \u010d\u00edsel v rozmez\u00ed 1 a\u017e 47. Zvolte si dal\u0161\u00ed bonusov\u00e9 \u010d\u00edslo zvan\u00e9 &#8220;\u010d\u00edslo m\u00ed\u010de \u017eivota&#8221; z rozsahu 1 a\u017e 10. M\u016f\u017eete pou\u017e\u00edt bu\u010f sv\u00e1 \u0161\u0165astn\u00e1 \u010d\u00edsla, nebo pomoc\u00ed n\u00e1stroje automatick\u00e9ho v\u00fdb\u011bru vybrat n\u00e1hodnou \u0159adu \u010d\u00edsel. M\u016f\u017eete si tak\u00e9 vybrat v\u00edce \u0159ad \u010d\u00edsel, abyste zv\u00fd\u0161ili sv\u00e9 \u0161ance na v\u00fdhru.<\/p>\n<p>K v\u00fdh\u0159e v loterii mus\u00edte m\u00edt shodn\u00fdch v\u0161ech 6 vylosovan\u00fdch \u010d\u00edsel. Pokud se u n\u00e1s zaregistrujete, m\u016f\u017eete<a href=\"https:\/\/jackpotlotteryonline.com\/cs\/vyherni-cisla\/set-for-life\"> se p\u0159ihl\u00e1sit do slosov\u00e1n\u00ed n\u011bkolik t\u00fddn\u016f p\u0159edem<\/a>.<\/p>\n<h2>V\u00fdhry<\/h2>\n<p><img loading=\"lazy\" decoding=\"async\" class=\"size-medium wp-image-30128 alignright\" src=\"https:\/\/jackpotlotteryonline.com\/wp-content\/uploads\/2022\/11\/1_win_online_lottery_jackpot-300x182.jpg\" alt=\"V\u00fdhra v britsk\u00e9 loterii\" width=\"300\" height=\"182\" srcset=\"https:\/\/jackpotlotteryonline.com\/wp-content\/uploads\/2022\/11\/1_win_online_lottery_jackpot-300x182.jpg 300w, https:\/\/jackpotlotteryonline.com\/wp-content\/uploads\/2022\/11\/1_win_online_lottery_jackpot.jpg 320w\" sizes=\"auto, (max-width: 300px) 100vw, 300px\" \/><\/p>\n<p>Mluvili jsme tedy o jackpotu, kter\u00fd \u010din\u00ed 10 000 liber ka\u017ed\u00fd m\u011bs\u00edc po dobu 30 let. To v\u0161ak nen\u00ed jedin\u00e1 v\u00fdhra pro hr\u00e1\u010de t\u00e9to loterie. Pokud nap\u0159\u00edklad uhodnete pouze 5 hlavn\u00edch \u010d\u00edsel, z\u00edsk\u00e1te ka\u017ed\u00fd m\u011bs\u00edc po dobu jednoho roku 10 000 liber. To nen\u00ed \u0161patn\u00e9, \u017ee?<\/p>\n<p>Pod\u00edvejme se na rozd\u011blen\u00ed v\u00fdher a na to, co hr\u00e1\u010di mohou o\u010dek\u00e1vat, kdy\u017e si zakoup\u00ed tikety t\u00e9to britsk\u00e9 loterie.<\/p>\n<p>Uhodn\u011bte 5 hlavn\u00edch \u010d\u00edsel + Life Ball &#8211; 10 000 liber ka\u017ed\u00fd m\u011bs\u00edc po dobu 30 let<br \/>\nShoda pouze s 5 hlavn\u00edmi \u010d\u00edsly &#8211; 10 000 liber ka\u017ed\u00fd m\u011bs\u00edc po dobu 1 roku<br \/>\nShoda 4 hlavn\u00edch \u010d\u00edsel + Life Ball &#8211; 250 liber<br \/>\nUhodn\u011bte pouze 4 hlavn\u00ed \u010d\u00edsla &#8211; 50 liber<br \/>\nShoda 3 hlavn\u00edch \u010d\u00edsel + Life Ball &#8211; 30 liber<br \/>\nShoda pouze 3 hlavn\u00edch \u010d\u00edsel &#8211; 20 GBP<br \/>\nShoda 2 hlavn\u00edch \u010d\u00edsel + Life Ball &#8211; 10 GBP<br \/>\nPouze 2 hlavn\u00ed \u010d\u00edsla &#8211; 5 GBP<\/p>\n<h2>Vyzvednut\u00ed v\u00fdhry<\/h2>\n<p>Na vyzvednut\u00ed v\u00fdhry m\u00e1te 180 dn\u00ed, jinak si ji ji\u017e nem\u016f\u017eete vyzvednout. Loterijn\u00ed v\u00fdhry ve Velk\u00e9 Brit\u00e1nii jsou osvobozeny od dan\u00ed, tak\u017ee si m\u016f\u017eete u\u017e\u00edvat v\u0161ech sv\u00fdch v\u00fdher podle libosti. Pro ty, kte\u0159\u00ed hraj\u00ed mimo zemi, je v\u0161ak dobr\u00e9 zjistit, jak\u00e9 jsou da\u0148ov\u00e9 z\u00e1kony v m\u00edst\u011b va\u0161eho bydli\u0161t\u011b.<\/p>\n<section class=\"layout\" style=\"border: solid 1px; width: 100%;\">\n<div class=\"img-div\" style=\"margin-top: 5px;\"><img decoding=\"async\" class=\"wp-image-17212 alignleft\" style=\"height: 45px; margin: 8px 8px 0px;\" src=\"https:\/\/jackpotlotteryonline.com\/wp-content\/uploads\/2022\/11\/read1.jpg\" alt=\"P\u0159e\u010dt\u011bte si\" width=\"\" height=\"\" \/><\/div>\n<div style=\"padding-left: 5px;\">\n<div style=\"font-size: 1.1em;\">\n<p><strong>Dan\u011b z loterijn\u00edch v\u00fdher<\/strong><\/p>\n<p style=\"font-size: 0.85em; margin-top: -1.5em;\">Mus\u00edm platit dan\u011b z v\u00fdhry v loterii?\u00a0 <a href=\"https:\/\/jackpotlotteryonline.com\/cs\/musite-platit-dane-z-vyher-v-loterii\"> P\u0159e\u010dt\u011bte si v\u00edce<\/a><\/p>\n<\/div>\n<\/div>\n<\/section>\n<h2>\u00da\u017easn\u00e1 \u017eivotn\u00ed p\u0159\u00edle\u017eitost<\/h2>\n<p>\u0160ance vyhr\u00e1t Set for Life je \u017eivotn\u00ed p\u0159\u00edle\u017eitost. Znamen\u00e1 to, \u017ee v p\u0159\u00edpad\u011b v\u00fdhry se u\u017e nikdy nebudete muset starat o sv\u00e9 finance. Existuj\u00ed p\u0159\u00edb\u011bhy v\u00fdherc\u016f loterie, kte\u0159\u00ed utratili cel\u00e9 sv\u00e9 jm\u011bn\u00ed a nyn\u00ed jsou na mizin\u011b. S touto loteri\u00ed se v\u00e1m to st\u00e1t nemus\u00ed. I kdy\u017e prvn\u00ed m\u011bs\u00edc utrat\u00edte v\u0161echno, v\u00edte, \u017ee dal\u0161\u00ed m\u011bs\u00edc to m\u016f\u017eete vyu\u017e\u00edt l\u00e9pe.<\/p>\n<p>P\u0159em\u00fd\u0161lejte o tom, co by znamenalo dost\u00e1vat takovou \u010d\u00e1stku ka\u017ed\u00fd m\u011bs\u00edc po dobu 30 let.<\/p>\n<h2>Zaregistrujte se u n\u00e1s a hrajte hru Set for Life<\/h2>\n<p>Z\u00edskat los do britsk\u00e9 anuitn\u00ed loterie odkudkoli nebylo nikdy jednodu\u0161\u0161\u00ed. Kdy\u017e se u n\u00e1s zaregistrujete, usnadn\u00edme v\u00e1m bezprobl\u00e9mov\u00e9 a bezstarostn\u00e9 hran\u00ed nejlep\u0161\u00edch loteri\u00ed po cel\u00e9m sv\u011bt\u011b. Na\u0161\u00edm c\u00edlem je vytv\u00e1\u0159et pro na\u0161e z\u00e1kazn\u00edky nezapomenuteln\u00e9 z\u00e1\u017eitky. Proto se u n\u00e1s zaregistrujte je\u0161t\u011b dnes a kupte si tikety Set for Life odkudkoli na sv\u011bt\u011b.<\/p>\n","protected":false},"excerpt":{"rendered":"<p>Jste p\u0159ipraveni na \u0161anci st\u00e1t se Set for life? Nen\u00ed lep\u0161\u00ed chv\u00edle, ne\u017e se pokusit vyhr\u00e1t 10 000 liber ka\u017ed\u00fd m\u011bs\u00edc po dobu p\u0159\u00ed\u0161t\u00edch 30 let, a v\u0161e za\u010d\u00edn\u00e1 hran\u00edm britsk\u00e9 loterie. Tuto loterii provozuje britsk\u00e1 N\u00e1rodn\u00ed loterie a jej\u00ed prvn\u00ed slosov\u00e1n\u00ed prob\u011bhlo v roce 1999. Od t\u00e9 doby je obl\u00edbenou loteri\u00ed britsk\u00fdch hr\u00e1\u010d\u016f, proto\u017ee [&hellip;]<\/p>\n","protected":false},"author":1,"featured_media":0,"parent":35740,"menu_order":11,"comment_status":"closed","ping_status":"closed","template":"set-for-life-info.php","meta":{"_et_pb_use_builder":"","_et_pb_old_content":"","_et_gb_content_width":"","exclude_from_search":false,"footnotes":""},"class_list":["post-36926","page","type-page","status-publish","hentry"],"yoast_head":"<!-- This site is optimized with the Yoast SEO plugin v23.3 - https:\/\/yoast.com\/wordpress\/plugins\/seo\/ -->\n<title>Koupit vstupenky na Set for life mimo Velkou Brit\u00e1nii | Z\u00edskat vstupenky na Set for Life online<\/title>\n<meta name=\"description\" content=\"Set pro \u017eivot je velmi speci\u00e1ln\u00ed loterie, ale abyste se j\u00ed mohli z\u00fa\u010dastnit z m\u00edst mimo Velkou Brit\u00e1nii, mus\u00edte si koupit vstupenku online zde\" \/>\n<meta name=\"robots\" content=\"index, follow, max-snippet:-1, max-image-preview:large, max-video-preview:-1\" \/>\n<link rel=\"canonical\" href=\"https:\/\/jackpotlotteryonline.com\/cs\/koupit-vstupenky\/set-for-life\/\" \/>\n<meta property=\"og:locale\" content=\"cs_CZ\" \/>\n<meta property=\"og:type\" content=\"article\" \/>\n<meta property=\"og:title\" content=\"Koupit vstupenky na Set for life mimo Velkou Brit\u00e1nii | Z\u00edskat vstupenky na Set for Life online\" \/>\n<meta property=\"og:description\" content=\"Set pro \u017eivot je velmi speci\u00e1ln\u00ed loterie, ale abyste se j\u00ed mohli z\u00fa\u010dastnit z m\u00edst mimo Velkou Brit\u00e1nii, mus\u00edte si koupit vstupenku online zde\" \/>\n<meta property=\"og:url\" content=\"https:\/\/jackpotlotteryonline.com\/cs\/koupit-vstupenky\/set-for-life\/\" \/>\n<meta property=\"og:site_name\" content=\"Lotto Online - Crack The International Lottery Jackpots\" \/>\n<meta property=\"article:modified_time\" content=\"2023-01-04T08:04:01+00:00\" \/>\n<meta property=\"og:image\" content=\"https:\/\/jackpotlotteryonline.com\/wp-content\/uploads\/2022\/11\/2_ticket_uk_lottery-192x300.jpg\" \/>\n<meta name=\"twitter:card\" content=\"summary_large_image\" \/>\n<meta name=\"twitter:label1\" content=\"Odhadovan\u00e1 doba \u010dten\u00ed\" \/>\n\t<meta name=\"twitter:data1\" content=\"4 minuty\" \/>\n<!-- \/ Yoast SEO plugin. -->","yoast_head_json":{"title":"Koupit vstupenky na Set for life mimo Velkou Brit\u00e1nii | Z\u00edskat vstupenky na Set for Life online","description":"Set pro \u017eivot je velmi speci\u00e1ln\u00ed loterie, ale abyste se j\u00ed mohli z\u00fa\u010dastnit z m\u00edst mimo Velkou Brit\u00e1nii, mus\u00edte si koupit vstupenku online zde","robots":{"index":"index","follow":"follow","max-snippet":"max-snippet:-1","max-image-preview":"max-image-preview:large","max-video-preview":"max-video-preview:-1"},"canonical":"https:\/\/jackpotlotteryonline.com\/cs\/koupit-vstupenky\/set-for-life\/","og_locale":"cs_CZ","og_type":"article","og_title":"Koupit vstupenky na Set for life mimo Velkou Brit\u00e1nii | Z\u00edskat vstupenky na Set for Life online","og_description":"Set pro \u017eivot je velmi speci\u00e1ln\u00ed loterie, ale abyste se j\u00ed mohli z\u00fa\u010dastnit z m\u00edst mimo Velkou Brit\u00e1nii, mus\u00edte si koupit vstupenku online zde","og_url":"https:\/\/jackpotlotteryonline.com\/cs\/koupit-vstupenky\/set-for-life\/","og_site_name":"Lotto Online - Crack The International Lottery Jackpots","article_modified_time":"2023-01-04T08:04:01+00:00","og_image":[{"url":"https:\/\/jackpotlotteryonline.com\/wp-content\/uploads\/2022\/11\/2_ticket_uk_lottery-192x300.jpg"}],"twitter_card":"summary_large_image","twitter_misc":{"Odhadovan\u00e1 doba \u010dten\u00ed":"4 minuty"},"schema":{"@context":"https:\/\/schema.org","@graph":[{"@type":"WebPage","@id":"https:\/\/jackpotlotteryonline.com\/cs\/koupit-vstupenky\/set-for-life\/","url":"https:\/\/jackpotlotteryonline.com\/cs\/koupit-vstupenky\/set-for-life\/","name":"Koupit vstupenky na Set for life mimo Velkou Brit\u00e1nii | Z\u00edskat vstupenky na Set for Life online","isPartOf":{"@id":"https:\/\/jackpotlotteryonline.com\/#website"},"primaryImageOfPage":{"@id":"https:\/\/jackpotlotteryonline.com\/cs\/koupit-vstupenky\/set-for-life\/#primaryimage"},"image":{"@id":"https:\/\/jackpotlotteryonline.com\/cs\/koupit-vstupenky\/set-for-life\/#primaryimage"},"thumbnailUrl":"https:\/\/jackpotlotteryonline.com\/wp-content\/uploads\/2022\/11\/2_ticket_uk_lottery-192x300.jpg","datePublished":"2022-11-09T10:45:51+00:00","dateModified":"2023-01-04T08:04:01+00:00","description":"Set pro \u017eivot je velmi speci\u00e1ln\u00ed loterie, ale abyste se j\u00ed mohli z\u00fa\u010dastnit z m\u00edst mimo Velkou Brit\u00e1nii, mus\u00edte si koupit vstupenku online zde","breadcrumb":{"@id":"https:\/\/jackpotlotteryonline.com\/cs\/koupit-vstupenky\/set-for-life\/#breadcrumb"},"inLanguage":"cs","potentialAction":[{"@type":"ReadAction","target":["https:\/\/jackpotlotteryonline.com\/cs\/koupit-vstupenky\/set-for-life\/"]}]},{"@type":"ImageObject","inLanguage":"cs","@id":"https:\/\/jackpotlotteryonline.com\/cs\/koupit-vstupenky\/set-for-life\/#primaryimage","url":"https:\/\/jackpotlotteryonline.com\/wp-content\/uploads\/2022\/11\/2_ticket_uk_lottery-192x300.jpg","contentUrl":"https:\/\/jackpotlotteryonline.com\/wp-content\/uploads\/2022\/11\/2_ticket_uk_lottery-192x300.jpg"},{"@type":"BreadcrumbList","@id":"https:\/\/jackpotlotteryonline.com\/cs\/koupit-vstupenky\/set-for-life\/#breadcrumb","itemListElement":[{"@type":"ListItem","position":1,"name":"Home","item":"https:\/\/jackpotlotteryonline.com\/cs\/"},{"@type":"ListItem","position":2,"name":"Jak koupit losy online","item":"https:\/\/jackpotlotteryonline.com\/buy-tickets\/"},{"@type":"ListItem","position":3,"name":"Koupit vstupenky Set for Life"}]},{"@type":"WebSite","@id":"https:\/\/jackpotlotteryonline.com\/#website","url":"https:\/\/jackpotlotteryonline.com\/","name":"Lotto Online - Crack The International Lottery Jackpots","description":"","potentialAction":[{"@type":"SearchAction","target":{"@type":"EntryPoint","urlTemplate":"https:\/\/jackpotlotteryonline.com\/?s={search_term_string}"},"query-input":"required name=search_term_string"}],"inLanguage":"cs"}]}},"_links":{"self":[{"href":"https:\/\/jackpotlotteryonline.com\/cs\/wp-json\/wp\/v2\/pages\/36926","targetHints":{"allow":["GET"]}}],"collection":[{"href":"https:\/\/jackpotlotteryonline.com\/cs\/wp-json\/wp\/v2\/pages"}],"about":[{"href":"https:\/\/jackpotlotteryonline.com\/cs\/wp-json\/wp\/v2\/types\/page"}],"author":[{"embeddable":true,"href":"https:\/\/jackpotlotteryonline.com\/cs\/wp-json\/wp\/v2\/users\/1"}],"replies":[{"embeddable":true,"href":"https:\/\/jackpotlotteryonline.com\/cs\/wp-json\/wp\/v2\/comments?post=36926"}],"version-history":[{"count":0,"href":"https:\/\/jackpotlotteryonline.com\/cs\/wp-json\/wp\/v2\/pages\/36926\/revisions"}],"up":[{"embeddable":true,"href":"https:\/\/jackpotlotteryonline.com\/cs\/wp-json\/wp\/v2\/pages\/35740"}],"wp:attachment":[{"href":"https:\/\/jackpotlotteryonline.com\/cs\/wp-json\/wp\/v2\/media?parent=36926"}],"curies":[{"name":"wp","href":"https:\/\/api.w.org\/{rel}","templated":true}]}}