{"id":36979,"date":"2022-11-09T12:24:57","date_gmt":"2022-11-09T12:24:57","guid":{"rendered":"https:\/\/jackpotlotteryonline.com\/?page_id=36979"},"modified":"2022-12-24T08:09:06","modified_gmt":"2022-12-24T08:09:06","slug":"mega-sena","status":"publish","type":"page","link":"https:\/\/jackpotlotteryonline.com\/cs\/koupit-vstupenky\/mega-sena\/","title":{"rendered":"Koupit vstupenky Mega Sena"},"content":{"rendered":"<p>Mega Sena je nejv\u011bt\u0161\u00ed loterie v Braz\u00edlii s jedn\u00edm z nejv\u011bt\u0161\u00edch jackpot\u016f na sv\u011bt\u011b. Nen\u00ed divu, \u017ee s\u00e1zej\u00edc\u00ed v\u0161ude tou\u017e\u00ed po \u0161anci vyhr\u00e1t tento jackpot. Zaj\u00edmav\u00e9 je, \u017ee Mega Sena je tak\u00e9 snadn\u00e1 loterie, snadn\u011bj\u0161\u00ed ne\u017e spousta jin\u00fdch mezin\u00e1rodn\u00edch loteri\u00ed. Snadn\u00e9 hran\u00ed loterie, vysok\u00fd jackpot a p\u0159\u00edzniv\u00e9 kurzy &#8211; to v\u0161e dohromady \u010din\u00ed tuto loterii nesm\u00edrn\u011b atraktivn\u00ed pro hr\u00e1\u010de po cel\u00e9m sv\u011bt\u011b.<\/p>\n<p><a href=\"https:\/\/jackpotlotteryonline.com\/cs\/jak-hrat\/mega-sena-2\">Hr\u00e1t loterii Mega Sena<\/a> je tak jednoduch\u00e9, jako uhodnout \u0161est vylosovan\u00fdch \u010d\u00edsel. P\u0159i hran\u00ed t\u00e9to loterie nejsou k dispozici \u017e\u00e1dn\u00e1 speci\u00e1ln\u00ed nebo bonusov\u00e1 \u010d\u00edsla. Sta\u010d\u00ed si vybrat 6 \u010d\u00edsel od 1 do 60 a<a href=\"https:\/\/jackpotlotteryonline.com\/cs\/vyherni-cisla\/mega-sena\"> p\u0159ihl\u00e1sit se do slosov\u00e1n\u00ed.<\/a><\/p>\n<p>P\u0159esto\u017ee pro vstup do slosov\u00e1n\u00ed mus\u00edte vybrat \u0161est \u010d\u00edsel, po\u010det \u0159ad, kter\u00e9 si m\u016f\u017eete zvolit, nen\u00ed nijak omezen. M\u016f\u017eete si tedy vybrat deset \u0159ad po \u0161esti \u010d\u00edslech a zv\u00fd\u0161it tak sv\u00e9 \u0161ance na v\u00fdhru v loterii.<\/p>\n<h2>Kde koupit tikety Mega Sena<\/h2>\n<p><img loading=\"lazy\" decoding=\"async\" class=\"alignright size-full wp-image-28778\" src=\"http:\/\/jackpotlotteryonline.com\/wp-content\/uploads\/2022\/11\/1_online_ticket_eurojackpot2.jpg\" alt=\"koupit vstupenky na Mega Sena\" width=\"300\" height=\"200\" \/><\/p>\n<p>Pokud \u017eijete v Braz\u00edlii, pak je \u00fa\u010dast v t\u00e9to loterii tak jednoduch\u00e1, jako si zaj\u00edt k prodejci loterie a koupit si tikety. Pro hr\u00e1\u010de, kte\u0159\u00ed \u017eij\u00ed mimo tuto zemi, to v\u0161ak m\u016f\u017ee p\u0159edstavovat trochu probl\u00e9m. Pokud \u017eijete mimo tuto jurisdikci, nab\u00edz\u00ed se v\u00e1m jedna mo\u017enost. Museli byste si zakoupit tikety online.<\/p>\n<h2>N\u00e1kup tiket\u016f Mega Sena online<\/h2>\n<p>Hran\u00ed loterie online je pom\u011brn\u011b jednoduch\u00e9 a d\u00e1v\u00e1 hr\u00e1\u010d\u016fm mo\u017enost p\u0159ihl\u00e1sit se do loteri\u00ed z cel\u00e9ho sv\u011bta. B\u011b\u017en\u011b by hr\u00e1\u010di, kte\u0159\u00ed ne\u017eij\u00ed v ur\u010dit\u00e9 zemi, nemohli hr\u00e1t loterii z t\u00e9to zem\u011b. Internet demokratizoval \u00fa\u010dast v loteri\u00edch t\u00edm, \u017ee poskytl mo\u017enost hr\u00e1\u010d\u016fm, kte\u0159\u00ed byli d\u0159\u00edve zbaveni pr\u00e1v kv\u016fli zem\u011bpisn\u00fdm hranic\u00edm.<\/p>\n<p>Nyn\u00ed je hran\u00ed loterie Mega Sena stejn\u011b jednoduch\u00e9 jako n\u00e1v\u0161t\u011bva online loterijn\u00ed str\u00e1nky, jako je jackpotlotteryonline.com. Tam si m\u016f\u017eete zakoupit tiket v\u00fdb\u011brem \u010d\u00edsel a pot\u00e9 se rozhodnout, kolika tah\u016f se chcete z\u00fa\u010dastnit. Jakmile tak u\u010din\u00edte, sta\u010d\u00ed jen po\u010dkat na v\u00fdsledky losov\u00e1n\u00ed.<\/p>\n<h2>Jak\u00fd je jackpot t\u00e9to loterie?<\/h2>\n<p>Zm\u00ednili jsme se, \u017ee Mega Sena je jednou z nejv\u011bt\u0161\u00edch loteri\u00ed na sv\u011bt\u011b? Tomu se m\u016f\u017ee zd\u00e1t t\u011b\u017eko uv\u011b\u0159iteln\u00e9, kdy\u017e uv\u00e1\u017e\u00edte po\u010d\u00e1te\u010dn\u00ed jackpot 450 000 dolar\u016f, zvl\u00e1\u0161t\u011b kdy\u017e ho postav\u00edte vedle n\u011bkter\u00fdch jin\u00fdch loteri\u00ed s vy\u0161\u0161\u00edmi po\u010d\u00e1te\u010dn\u00edmi jackpoty.<\/p>\n<p>Kr\u00e1sa Mega Seny v\u0161ak spo\u010d\u00edv\u00e1 v tom, \u017ee jackpoty se mohou p\u0159eklopit do neuv\u011b\u0159iteln\u011b vysok\u00fdch \u010d\u00e1stek. N\u011bkter\u00e9 z nejv\u011bt\u0161\u00edch jackpot\u016f, kter\u00e9 hr\u00e1\u010di Mega Seny vyhr\u00e1li, dosahovaly milion\u016f americk\u00fdch dolar\u016f. Nejv\u011bt\u0161\u00ed jackpot o n\u011bco m\u00e1lo p\u0159es\u00e1hl 73 milion\u016f dolar\u016f.<\/p>\n<p>Kdy\u017e to zv\u00e1\u017e\u00edte, pak je jasn\u00e9, \u017ee hran\u00ed loterie Mega Sena m\u016f\u017ee b\u00fdt velmi dobrou volbou, kdy\u017e hled\u00e1te loterie, do kter\u00fdch se p\u0159ihl\u00e1sit.<\/p>\n<section class=\"layout\" style=\"border: solid 1px; width: 100%;\">\n<div class=\"img-div\" style=\"margin-top: 5px;\"><img decoding=\"async\" class=\"wp-image-17212 alignleft\" style=\"height: 45px; margin: 8px 8px 0px;\" src=\"http:\/\/jackpotlotteryonline.com\/wp-content\/uploads\/2022\/11\/read1.jpg\" alt=\"P\u0159e\u010dt\u011bte si\" width=\"\" height=\"\" \/><\/div>\n<div style=\"padding-left: 5px;\">\n<div style=\"font-size: 1.1em;\">\n<p><strong>N\u011bkolik trik\u016f a tip\u016f pro v\u00fdb\u011br \u010d\u00edsel<\/strong><\/p>\n<p style=\"font-size: 0.85em; margin-top: -1.5em;\">Zvy\u0161te sv\u00e9 \u0161ance na v\u00fdhru &#8211; pou\u017eijte ur\u010ditou strategii pro v\u00fdb\u011br \u010d\u00edsel \u00a0<a href=\"https:\/\/jackpotlotteryonline.com\/cs\/a-nekolik-triku-a-tipu-na-vyber-losovacich-cisel\">P\u0159e\u010dt\u011bte si v\u00edce<\/a><\/p>\n<\/div>\n<\/div>\n<\/section>\n<h2>Co se stane, kdy\u017e v loterii vyhrajete?<\/h2>\n<p>S touto ot\u00e1zkou se setk\u00e1v\u00e1me \u010dasto, zejm\u00e9na od t\u011bch, kte\u0159\u00ed si kupuj\u00ed losy loterie Mega Sena mimo tuto jihoamerickou zemi. Mo\u017en\u00e1 v\u00e1s zaj\u00edm\u00e1, zda mus\u00edte let\u011bt a\u017e do t\u00e9to jihoamerick\u00e9 zem\u011b, abyste si mohli vyzvednout v\u00fdhru. To v\u0161ak nen\u00ed v\u016fbec nutn\u00e9, i kdy\u017e pokud m\u00e1te chu\u0165 nav\u0161t\u00edvit a pokochat se pam\u00e1tkami, pak si letenku rozhodn\u011b rezervujte.<\/p>\n<p>Pokud v\u0161ak hled\u00e1te bezprobl\u00e9mov\u00fd zp\u016fsob, jak hr\u00e1t loterii a vyzvednout si v\u00fdhru bez v\u0161eho stresu, pak je hran\u00ed online skv\u011bl\u00fdm zp\u016fsobem, jak toho dos\u00e1hnout.<\/p>\n<p>Kdy\u017e se u n\u00e1s zaregistrujete, posuneme v\u00e1s je\u0161t\u011b o krok d\u00e1l a zajist\u00edme, abyste se mohli z\u00fa\u010dastnit mezin\u00e1rodn\u00edch loteri\u00ed podle sv\u00e9ho v\u00fdb\u011bru, v\u010detn\u011b loterie Mega Sena. Nejen to, ale tak\u00e9 si m\u016f\u017eete snadno vybrat sv\u00e9 v\u00fdhry z na\u0161ich str\u00e1nek na sv\u016fj \u00fa\u010det. Hran\u00ed loterie nebylo nikdy jednodu\u0161\u0161\u00ed.<\/p>\n<h2>A jak je to s Mega da Virada?<\/h2>\n<p><img loading=\"lazy\" decoding=\"async\" class=\"alignright size-full wp-image-35593\" src=\"http:\/\/jackpotlotteryonline.com\/wp-content\/uploads\/2022\/11\/2_ticket_uk_lottery2-1-190x300-1.jpg\" alt=\"Loterijn\u00ed tiket Mega Sena\" width=\"190\" height=\"300\" \/><\/p>\n<p>Jsme obzvl\u00e1\u0161\u0165 r\u00e1di, \u017ee se na ni pt\u00e1te, proto\u017ee jde o jeden z nejv\u011bt\u0161\u00edch jackpot\u016f. Ve skute\u010dnosti je to nejv\u011bt\u0161\u00ed jackpot roku v Braz\u00edlii a jeho v\u00fd\u0161e se m\u016f\u017ee vy\u0161plhat a\u017e na 60 milion\u016f dolar\u016f.<\/p>\n<p>Mega da Virada je speci\u00e1ln\u00ed jackpot loterie Mega Sena, kter\u00e1 se kon\u00e1 jednou ro\u010dn\u011b. Losov\u00e1n\u00ed Mega Virada se kon\u00e1 ka\u017ed\u00fd rok 31. \u0159\u00edjna a d\u00e1v\u00e1 hr\u00e1\u010d\u016fm p\u0159\u00edle\u017eitost k velk\u00e9 v\u00fdh\u0159e.<\/p>\n<p>V\u00fdhra Mega da Virada se tak\u00e9 nep\u0159ev\u00e1d\u00ed, tak\u017ee je nutn\u00e9 ji vyhr\u00e1t, jinak propad\u00e1 na cel\u00fd rok.<\/p>\n<h2>Pravideln\u00e9 dny losov\u00e1n\u00ed Mega Sena<\/h2>\n<p>Kdy\u017e si koup\u00edte tikety Mega Sena, m\u00e1te mo\u017enost z\u00fa\u010dastnit se losov\u00e1n\u00ed ve st\u0159edu nebo v sobotu. Samoz\u0159ejm\u011b se m\u016f\u017eete z\u00fa\u010dastnit obou, co\u017e doporu\u010dujeme, proto\u017ee to zvy\u0161uje va\u0161e \u0161ance na v\u00fdhru.<\/p>\n<p>Pokud opravdu tou\u017e\u00edte zv\u00fd\u0161it sv\u00e9 \u0161ance na v\u00fdhru jackpotu, m\u011bli byste zv\u00e1\u017eit vstup do loterijn\u00edho syndik\u00e1tu. V\u00fdhodou je, \u017ee byste m\u011bli p\u0159\u00edstup ke spole\u010dn\u00e9mu fondu, co\u017e by v\u00e1m umo\u017enilo \u00fa\u010dastnit se v\u00edce slosov\u00e1n\u00ed, ani\u017e byste museli utratit v\u0161echny sv\u00e9 prost\u0159edky.<\/p>\n<h2>\u00darovn\u011b cen<\/h2>\n<p>Loterie Mega Sena m\u00e1 t\u0159i v\u00fdhern\u00ed \u00farovn\u011b, kter\u00e9 zahrnuj\u00ed jackpot. To znamen\u00e1, \u017ee krom\u011b jackpotu maj\u00ed hr\u00e1\u010di mo\u017enost vyhr\u00e1t ceny v dal\u0161\u00edch dvou kategori\u00edch. N\u00ed\u017ee je uvedeme a uk\u00e1\u017eeme, jak m\u016f\u017eete v t\u011bchto \u00farovn\u00edch vyhr\u00e1t.<\/p>\n<p>Shoda 6 \u010d\u00edsel &#8211; jackpot &#8211; 35 % z v\u00fdhern\u00edho fondu<br \/>\nShoda 5 \u010d\u00edsel &#8211; \u00farove\u0148 2 &#8211; 19 % z v\u00fdhern\u00edho fondu<br \/>\nShoda 4 \u010d\u00edsel &#8211; \u00farove\u0148 3 &#8211; 19 % z v\u00fdhern\u00edho fondu<\/p>\n<p><strong>Zaj\u00edmavost: \u0161ance na v\u00fdhru p\u0159i h\u0159e s jedn\u00edm tipem o 6 \u010d\u00edslech je 1 ku 2298.<\/strong><\/p>\n<h2>Zaregistrujte se u n\u00e1s pro vstup do loterie Mega Sena<\/h2>\n<p>Nenechte se odradit od \u00fa\u010dasti v loterii Mega Sena t\u00edm, \u017ee ne\u017eijete v Ji\u017en\u00ed Americe. \u0160ance na v\u00fdhru jsou velk\u00e9 a ceny l\u00e1kav\u00e9. Pokud tedy \u017eijete mimo Braz\u00edlii, m\u016f\u017eete si losy Mega Sena koupit na na\u0161ich str\u00e1nk\u00e1ch tak, \u017ee se u n\u00e1s zaregistrujete.<\/p>\n<p>Nab\u00edz\u00edme komplexn\u00ed \u0159e\u0161en\u00ed, kter\u00e9 zjednodu\u0161uje cel\u00fd proces hran\u00ed loterie. Nyn\u00ed se m\u016f\u017eete uvolnit a s klidem vsadit, proto\u017ee tu stresuj\u00edc\u00ed \u010d\u00e1st vy\u0159e\u0161\u00edme za v\u00e1s. Pro\u010d si nekoupit tikety Mega Sena pr\u00e1v\u011b te\u010f a z\u00edskat tak \u0161anci na velkou v\u00fdhru?<\/p>\n","protected":false},"excerpt":{"rendered":"<p>Mega Sena je nejv\u011bt\u0161\u00ed loterie v Braz\u00edlii s jedn\u00edm z nejv\u011bt\u0161\u00edch jackpot\u016f na sv\u011bt\u011b. Nen\u00ed divu, \u017ee s\u00e1zej\u00edc\u00ed v\u0161ude tou\u017e\u00ed po \u0161anci vyhr\u00e1t tento jackpot. Zaj\u00edmav\u00e9 je, \u017ee Mega Sena je tak\u00e9 snadn\u00e1 loterie, snadn\u011bj\u0161\u00ed ne\u017e spousta jin\u00fdch mezin\u00e1rodn\u00edch loteri\u00ed. Snadn\u00e9 hran\u00ed loterie, vysok\u00fd jackpot a p\u0159\u00edzniv\u00e9 kurzy &#8211; to v\u0161e dohromady \u010din\u00ed tuto loterii [&hellip;]<\/p>\n","protected":false},"author":1,"featured_media":0,"parent":35740,"menu_order":15,"comment_status":"closed","ping_status":"closed","template":"megasena-info.php","meta":{"_et_pb_use_builder":"","_et_pb_old_content":"","_et_gb_content_width":"","exclude_from_search":false,"footnotes":""},"class_list":["post-36979","page","type-page","status-publish","hentry"],"yoast_head":"<!-- This site is optimized with the Yoast SEO plugin v23.3 - https:\/\/yoast.com\/wordpress\/plugins\/seo\/ -->\n<title>Koupit vstupenky Mega Sena z m\u00edsta mimo Braz\u00edlii | Z\u00edskat vstupenky Mega Sena online<\/title>\n<meta name=\"description\" content=\"Nemus\u00edte b\u00fdt v Braz\u00edlii, abyste se mohli z\u00fa\u010dastnit Mega Sena, kupte si vstupenku na Mega Sena online na na\u0161ich webov\u00fdch str\u00e1nk\u00e1ch.\" \/>\n<meta name=\"robots\" content=\"index, follow, max-snippet:-1, max-image-preview:large, max-video-preview:-1\" \/>\n<link rel=\"canonical\" href=\"https:\/\/jackpotlotteryonline.com\/cs\/koupit-vstupenky\/mega-sena\/\" \/>\n<meta property=\"og:locale\" content=\"cs_CZ\" \/>\n<meta property=\"og:type\" content=\"article\" \/>\n<meta property=\"og:title\" content=\"Koupit vstupenky Mega Sena z m\u00edsta mimo Braz\u00edlii | Z\u00edskat vstupenky Mega Sena online\" \/>\n<meta property=\"og:description\" content=\"Nemus\u00edte b\u00fdt v Braz\u00edlii, abyste se mohli z\u00fa\u010dastnit Mega Sena, kupte si vstupenku na Mega Sena online na na\u0161ich webov\u00fdch str\u00e1nk\u00e1ch.\" \/>\n<meta property=\"og:url\" content=\"https:\/\/jackpotlotteryonline.com\/cs\/koupit-vstupenky\/mega-sena\/\" \/>\n<meta property=\"og:site_name\" content=\"Lotto Online - Crack The International Lottery Jackpots\" \/>\n<meta property=\"article:modified_time\" content=\"2022-12-24T08:09:06+00:00\" \/>\n<meta property=\"og:image\" content=\"http:\/\/jackpotlotteryonline.com\/wp-content\/uploads\/2022\/11\/1_online_ticket_eurojackpot2.jpg\" \/>\n<meta name=\"twitter:card\" content=\"summary_large_image\" \/>\n<meta name=\"twitter:label1\" content=\"Odhadovan\u00e1 doba \u010dten\u00ed\" \/>\n\t<meta name=\"twitter:data1\" content=\"5 minut\" \/>\n<!-- \/ Yoast SEO plugin. -->","yoast_head_json":{"title":"Koupit vstupenky Mega Sena z m\u00edsta mimo Braz\u00edlii | Z\u00edskat vstupenky Mega Sena online","description":"Nemus\u00edte b\u00fdt v Braz\u00edlii, abyste se mohli z\u00fa\u010dastnit Mega Sena, kupte si vstupenku na Mega Sena online na na\u0161ich webov\u00fdch str\u00e1nk\u00e1ch.","robots":{"index":"index","follow":"follow","max-snippet":"max-snippet:-1","max-image-preview":"max-image-preview:large","max-video-preview":"max-video-preview:-1"},"canonical":"https:\/\/jackpotlotteryonline.com\/cs\/koupit-vstupenky\/mega-sena\/","og_locale":"cs_CZ","og_type":"article","og_title":"Koupit vstupenky Mega Sena z m\u00edsta mimo Braz\u00edlii | Z\u00edskat vstupenky Mega Sena online","og_description":"Nemus\u00edte b\u00fdt v Braz\u00edlii, abyste se mohli z\u00fa\u010dastnit Mega Sena, kupte si vstupenku na Mega Sena online na na\u0161ich webov\u00fdch str\u00e1nk\u00e1ch.","og_url":"https:\/\/jackpotlotteryonline.com\/cs\/koupit-vstupenky\/mega-sena\/","og_site_name":"Lotto Online - Crack The International Lottery Jackpots","article_modified_time":"2022-12-24T08:09:06+00:00","og_image":[{"url":"http:\/\/jackpotlotteryonline.com\/wp-content\/uploads\/2022\/11\/1_online_ticket_eurojackpot2.jpg"}],"twitter_card":"summary_large_image","twitter_misc":{"Odhadovan\u00e1 doba \u010dten\u00ed":"5 minut"},"schema":{"@context":"https:\/\/schema.org","@graph":[{"@type":"WebPage","@id":"https:\/\/jackpotlotteryonline.com\/cs\/koupit-vstupenky\/mega-sena\/","url":"https:\/\/jackpotlotteryonline.com\/cs\/koupit-vstupenky\/mega-sena\/","name":"Koupit vstupenky Mega Sena z m\u00edsta mimo Braz\u00edlii | Z\u00edskat vstupenky Mega Sena online","isPartOf":{"@id":"https:\/\/jackpotlotteryonline.com\/#website"},"primaryImageOfPage":{"@id":"https:\/\/jackpotlotteryonline.com\/cs\/koupit-vstupenky\/mega-sena\/#primaryimage"},"image":{"@id":"https:\/\/jackpotlotteryonline.com\/cs\/koupit-vstupenky\/mega-sena\/#primaryimage"},"thumbnailUrl":"http:\/\/jackpotlotteryonline.com\/wp-content\/uploads\/2022\/11\/1_online_ticket_eurojackpot2.jpg","datePublished":"2022-11-09T12:24:57+00:00","dateModified":"2022-12-24T08:09:06+00:00","description":"Nemus\u00edte b\u00fdt v Braz\u00edlii, abyste se mohli z\u00fa\u010dastnit Mega Sena, kupte si vstupenku na Mega Sena online na na\u0161ich webov\u00fdch str\u00e1nk\u00e1ch.","breadcrumb":{"@id":"https:\/\/jackpotlotteryonline.com\/cs\/koupit-vstupenky\/mega-sena\/#breadcrumb"},"inLanguage":"cs","potentialAction":[{"@type":"ReadAction","target":["https:\/\/jackpotlotteryonline.com\/cs\/koupit-vstupenky\/mega-sena\/"]}]},{"@type":"ImageObject","inLanguage":"cs","@id":"https:\/\/jackpotlotteryonline.com\/cs\/koupit-vstupenky\/mega-sena\/#primaryimage","url":"http:\/\/jackpotlotteryonline.com\/wp-content\/uploads\/2022\/11\/1_online_ticket_eurojackpot2.jpg","contentUrl":"http:\/\/jackpotlotteryonline.com\/wp-content\/uploads\/2022\/11\/1_online_ticket_eurojackpot2.jpg"},{"@type":"BreadcrumbList","@id":"https:\/\/jackpotlotteryonline.com\/cs\/koupit-vstupenky\/mega-sena\/#breadcrumb","itemListElement":[{"@type":"ListItem","position":1,"name":"Home","item":"https:\/\/jackpotlotteryonline.com\/cs\/"},{"@type":"ListItem","position":2,"name":"Jak koupit losy online","item":"https:\/\/jackpotlotteryonline.com\/buy-tickets\/"},{"@type":"ListItem","position":3,"name":"Koupit vstupenky Mega Sena"}]},{"@type":"WebSite","@id":"https:\/\/jackpotlotteryonline.com\/#website","url":"https:\/\/jackpotlotteryonline.com\/","name":"Lotto Online - Crack The International Lottery Jackpots","description":"","potentialAction":[{"@type":"SearchAction","target":{"@type":"EntryPoint","urlTemplate":"https:\/\/jackpotlotteryonline.com\/?s={search_term_string}"},"query-input":"required name=search_term_string"}],"inLanguage":"cs"}]}},"_links":{"self":[{"href":"https:\/\/jackpotlotteryonline.com\/cs\/wp-json\/wp\/v2\/pages\/36979","targetHints":{"allow":["GET"]}}],"collection":[{"href":"https:\/\/jackpotlotteryonline.com\/cs\/wp-json\/wp\/v2\/pages"}],"about":[{"href":"https:\/\/jackpotlotteryonline.com\/cs\/wp-json\/wp\/v2\/types\/page"}],"author":[{"embeddable":true,"href":"https:\/\/jackpotlotteryonline.com\/cs\/wp-json\/wp\/v2\/users\/1"}],"replies":[{"embeddable":true,"href":"https:\/\/jackpotlotteryonline.com\/cs\/wp-json\/wp\/v2\/comments?post=36979"}],"version-history":[{"count":0,"href":"https:\/\/jackpotlotteryonline.com\/cs\/wp-json\/wp\/v2\/pages\/36979\/revisions"}],"up":[{"embeddable":true,"href":"https:\/\/jackpotlotteryonline.com\/cs\/wp-json\/wp\/v2\/pages\/35740"}],"wp:attachment":[{"href":"https:\/\/jackpotlotteryonline.com\/cs\/wp-json\/wp\/v2\/media?parent=36979"}],"curies":[{"name":"wp","href":"https:\/\/api.w.org\/{rel}","templated":true}]}}