{"id":37033,"date":"2022-11-10T06:19:22","date_gmt":"2022-11-10T06:19:22","guid":{"rendered":"https:\/\/jackpotlotteryonline.com\/?page_id=37033"},"modified":"2023-01-06T09:32:59","modified_gmt":"2023-01-06T09:32:59","slug":"new-york-lottery","status":"publish","type":"page","link":"https:\/\/jackpotlotteryonline.com\/cs\/koupit-vstupenky\/new-york-lottery\/","title":{"rendered":"Vstupenky na New York loterie"},"content":{"rendered":"<p>Pokud hled\u00e1te loterii s pestrou histori\u00ed, pak je pro v\u00e1s nejlep\u0161\u00ed volbou loterie New York Lotto. Je to loterie op\u0159eden\u00e1 histori\u00ed a skand\u00e1ly a z\u00e1rove\u0148 je to loterie, kter\u00e1 byla zalo\u017eena pro dobrou v\u011bc. <a href=\"https:\/\/jackpotlotteryonline.com\/cs\/jak-hrat\/new-york-lottery-2\">Hran\u00ed loterie<\/a> je dobr\u00fd zp\u016fsob, jak se pobavit, a nav\u00edc se m\u00e1te na co t\u011b\u0161it.<\/p>\n<p>Hr\u00e1\u010di mimo USA, kte\u0159\u00ed si cht\u011bj\u00ed koupit tikety t\u00e9to loterie, tak mohou u\u010dinit na str\u00e1nk\u00e1ch jackpotlotteryonline.com. Poskytujeme hr\u00e1\u010d\u016fm p\u0159\u00edstup ke \u0161pi\u010dkov\u00fdm mezin\u00e1rodn\u00edm loteri\u00edm bez ohledu na to, kde se na sv\u011bt\u011b nach\u00e1zej\u00ed.<\/p>\n<h2>Stru\u010dn\u00e1 historie loterie New York Lotto<\/h2>\n<p>Jedn\u00e1 se o loterii, kterou provozuje vl\u00e1da st\u00e1tu New York v USA. Byla zalo\u017eena v roce 1967 jako zp\u016fsob, jak pomoci financovat vzd\u011bl\u00e1v\u00e1n\u00ed ve st\u00e1t\u011b. Ob\u010dan\u00e9 st\u00e1tu si v referendu odhlasovali zm\u011bnu \u00fastavy, kter\u00e1 umo\u017enila z\u0159\u00edzen\u00ed st\u00e1tn\u00ed loterie. Zaj\u00edmav\u00e9 je, \u017ee prvn\u00ed slogan loterie zn\u011bl &#8220;Va\u0161e \u017eivotn\u00ed \u0161ance pomoci vzd\u011bl\u00e1v\u00e1n\u00ed&#8221;.<\/p>\n<p>Pokud tedy pot\u0159ebujete m\u00edt dobr\u00fd pocit z hran\u00ed loterie, pak je pro v\u00e1s tato loterie dobrou p\u0159\u00edle\u017eitost\u00ed. Nejen\u017ee byste m\u011bli \u0161anci na vysokou v\u00fdhru, ale v\u011bd\u011bli byste, \u017ee p\u0159itom kon\u00e1te dobro.<\/p>\n<p>Dal\u0161\u00ed zaj\u00edmavou skute\u010dnost\u00ed je, \u017ee na za\u010d\u00e1tku t\u00e9to loterie do\u0161lo ke skand\u00e1lu, a to ne jednou, ale hned dvakr\u00e1t. V letech 1975-6 byl prodej pozastaven, proto\u017ee se zjistilo, \u017ee neprodan\u00e9 losy byly prohl\u00e1\u0161eny za v\u00fdhern\u00ed. V 80. letech pak st\u00e1tn\u00ed zam\u011bstnanci manipulovali s v\u00fdsledky ve prosp\u011bch rodiny a p\u0159\u00e1tel. Tyto \u010dasy jsou ji\u017e d\u00e1vno pry\u010d a loterie se stala jednou z nejspolehliv\u011bj\u0161\u00edch v zemi.<\/p>\n<h2>Jak si koupit losy Lotto mimo USA<\/h2>\n<p><img loading=\"lazy\" decoding=\"async\" class=\"alignright size-full wp-image-26402\" src=\"http:\/\/jackpotlotteryonline.com\/wp-content\/uploads\/2022\/11\/1_buy_online_ticket_powerball.jpg\" alt=\"Cena loterie New York\" width=\"300\" height=\"194\" \/><\/p>\n<p>Pokud \u017eijete mimo Spojen\u00e9 st\u00e1ty, existuje pouze jeden legitimn\u00ed zp\u016fsob, jak si koupit losy. T\u00edm je jejich n\u00e1kup p\u0159es internet od online prodejce loteri\u00ed, jako je jackpotlotteryonline.com.<\/p>\n<p>Pro zakoupen\u00ed los\u016f sta\u010d\u00ed nav\u0161t\u00edvit str\u00e1nky a kliknout na po\u017eadovanou loterii. Pot\u00e9 vyberte \u0161est \u010d\u00edsel v rozmez\u00ed od 1 do 59. Nev\u00e1hejte si zakoupit v\u00edce vstupn\u00edch \u0159ad, abyste zv\u00fd\u0161ili sv\u00e9 \u0161ance na v\u00fdhru. Po v\u00fdb\u011bru \u010d\u00edsel vstupte do vybran\u00e9ho slosov\u00e1n\u00ed a prove\u010fte platbu.<\/p>\n<p>Hran\u00ed loterie mimo Spojen\u00e9 st\u00e1ty prost\u0159ednictv\u00edm internetu je leg\u00e1ln\u00ed a legitimn\u00ed. Hr\u00e1\u010d\u016fm po cel\u00e9m sv\u011bt\u011b se t\u00edm tak\u00e9 otev\u00edr\u00e1 sv\u011bt mo\u017enost\u00ed. U\u017e se nemus\u00edte omezovat zem\u011bpisn\u011b, proto\u017ee m\u016f\u017eete snadno s\u00e1zet bez hranic.<\/p>\n<h2>Bonusov\u00e9 \u010d\u00edslo<\/h2>\n<p>Ano, existuje bonusov\u00e9 \u010d\u00edslo a je to sedm\u00e9 \u010d\u00edslo, kter\u00e9 se losuje. Bonusov\u00e9 \u010d\u00edslo se v\u0161ak nepou\u017e\u00edv\u00e1 k ur\u010den\u00ed jackpotov\u00e9 v\u00fdhry, ale slou\u017e\u00ed k ur\u010den\u00ed druh\u00e9 v\u00fdhry. Aby hr\u00e1\u010d vyhr\u00e1l druhou cenovou kategorii, mus\u00ed se shodovat se \u0161esti vylosovan\u00fdmi \u010d\u00edsly a bonusov\u00fdm \u010d\u00edslem.<\/p>\n<section class=\"layout\" style=\"border: solid 1px; width: 100%;\">\n<div class=\"img-div\" style=\"margin-top: 5px;\"><img decoding=\"async\" class=\"wp-image-17212 alignleft\" style=\"height: 45px; margin: 8px 8px 0px;\" src=\"http:\/\/jackpotlotteryonline.com\/wp-content\/uploads\/2022\/11\/read1.jpg\" alt=\"P\u0159e\u010dt\u011bte si\" width=\"\" height=\"\" \/><\/div>\n<div style=\"padding-left: 5px;\">\n<div style=\"font-size: 1.1em;\">\n<p><strong>Loterijn\u00ed tipy<\/strong><\/p>\n<p style=\"font-size: 0.85em; margin-top: -1.5em;\">Tipy, kter\u00e9 v\u00e1m pomohou vyhr\u00e1t v loterii\u00a0 <a href=\"https:\/\/jackpotlotteryonline.com\/cs\/tipy-ktere-vam-pomohou-vyhrat-v-loterii\">P\u0159e\u010dt\u011bte si v\u00edce<\/a><\/p>\n<\/div>\n<\/div>\n<\/section>\n<h2>V\u00fdhern\u00ed kategorie<\/h2>\n<p>\u0160ance na celkovou v\u00fdhru je 1 ku 92,05. Rozd\u011blen\u00ed v\u00fdher z\u00e1vis\u00ed na celkov\u00e9m prodeji. Pro ka\u017ed\u00e9 loto je tedy 40 % tr\u017eeb p\u0159id\u011bleno jako v\u00fdhra. Jackpot je procentn\u00ed pod\u00edl z t\u00e9to \u010d\u00e1stky a nejedn\u00e1 se o pevn\u011b stanovenou \u010d\u00e1stku. V\u00fdhern\u00ed kategorie jsou uvedeny n\u00ed\u017ee:<\/p>\n<p>Kategorie 1: 6 \u010d\u00edsel &#8211; jackpot (30 %)<br \/>\nKategorie 2: 5 + bonusov\u00e9 \u010d\u00edslo &#8211; 2,9 % z prodeje.<br \/>\nKategorie 3: 5 \u010d\u00edsel &#8211; 2,2 % z tr\u017eeb.<br \/>\nKategorie 4: 4 \u010d\u00edsla &#8211; 2,5 % z prodeje.<br \/>\nKategorie 5: 3 \u010d\u00edsla &#8211; 2,4 % z prodeje<\/p>\n<h2>New York Lotto \u010derpat dny<\/h2>\n<p><a href=\"https:\/\/jackpotlotteryonline.com\/cs\/vyherni-cisla\/new-york-lottery\">Newyorsk\u00e1 loterie (jak se n\u011bkdy naz\u00fdv\u00e1) m\u00e1 ka\u017ed\u00fd t\u00fdden dva losovac\u00ed dny<\/a>. Jsou to st\u0159edy a soboty. M\u016f\u017eete se tedy p\u0159ihl\u00e1sit na v\u00edce slosovac\u00edch dn\u016f n\u011bkolik t\u00fddn\u016f p\u0159edem.<\/p>\n<p>Chcete-li zjistit, zda jste vyhr\u00e1li, m\u016f\u017eete sledovat losov\u00e1n\u00ed v televizi nebo se pod\u00edvat do zpr\u00e1v na v\u00fdsledky losov\u00e1n\u00ed. To se v\u0161ak m\u016f\u017ee snadno st\u00e1t \u00fanavn\u00fdm, zejm\u00e9na pokud jste v t\u00e9 dob\u011b zanepr\u00e1zdn\u011bni. Jednodu\u0161\u0161\u00ed alternativou je zaregistrovat se u n\u00e1s a my v\u00e1s v p\u0159\u00edpad\u011b v\u00fdhry okam\u017eit\u011b upozorn\u00edme.<\/p>\n<h2>Pro\u010d byste m\u011bli hr\u00e1t loterii New York?<\/h2>\n<p>Kdy\u017e se zamysl\u00edte nad t\u00edm, \u017ee o v\u00fd\u0161i v\u00fdhry rozhoduj\u00ed tr\u017eby, mohlo by v\u00e1s to odradit. Co se stane, kdy\u017e prodeje nebudou dobr\u00e9? Znamen\u00e1 to, \u017ee v\u00fdhra m\u016f\u017ee b\u00fdt v\u00fdrazn\u011b sn\u00ed\u017eena. To je skute\u010dn\u00fd strach, kter\u00e9mu s\u00e1zej\u00edc\u00ed p\u0159i hran\u00ed t\u00e9to loterie \u010del\u00ed.<\/p>\n<p>Existuje v\u0161ak n\u011bkolik v\u011bc\u00ed, kter\u00e9 hovo\u0159\u00ed ve prosp\u011bch loterie provozovan\u00e9 vl\u00e1dou st\u00e1tu New York. Prvn\u00ed z nich je, \u017ee o tuto loterii je velk\u00fd z\u00e1jem, tak\u017ee prodeje jsou st\u00e1le docela dobr\u00e9. Jackpot nen\u00ed tak vysok\u00fd jako v n\u011bkter\u00fdch jin\u00fdch mezin\u00e1rodn\u00edch loteri\u00edch, ale hr\u00e1\u010di mohou vyhr\u00e1t a\u017e 10 milion\u016f dolar\u016f.<\/p>\n<p>Tak\u00e9 \u0161ance na v\u00fdhru jsou mnohem vy\u0161\u0161\u00ed ne\u017e u jin\u00fdch loteri\u00ed s vy\u0161\u0161\u00edmi jackpoty. N\u011bkte\u0159\u00ed s\u00e1zej\u00edc\u00ed sice tuto s\u00e1zku nepova\u017euj\u00ed za s\u00e1zku s vysok\u00fdmi s\u00e1zkami, ale p\u0159\u00edzniv\u00e9 kurzy ji rozhodn\u011b oslazuj\u00ed. Nav\u00edc v\u00fdhra v jackpotu nen\u00ed v\u016fbec \u0161patn\u00e1 a z v\u00fdherc\u016f m\u016f\u017ee je\u0161t\u011b ud\u011blat milion\u00e1\u0159e.<\/p>\n<h2>Zaregistrujte se u n\u00e1s a za\u017eijte z\u00e1\u017eitek bez stresu<\/h2>\n<p><img loading=\"lazy\" decoding=\"async\" class=\"size-full wp-image-35321 alignright\" src=\"http:\/\/jackpotlotteryonline.com\/wp-content\/uploads\/2022\/11\/2_ticket_superenalotto-1.jpg\" alt=\"Los New York Lotto\" width=\"228\" height=\"300\" \/><\/p>\n<p>Hran\u00ed loterie New York Lotto je snadn\u00e9 a bezprobl\u00e9mov\u00e9, kdy\u017e se u n\u00e1s zaregistrujete. Kdy\u017e nav\u0161t\u00edv\u00edte na\u0161e str\u00e1nky, najdete zde velk\u00e9 mno\u017estv\u00ed mezin\u00e1rodn\u00edch loteri\u00ed, do kter\u00fdch se m\u016f\u017eete p\u0159ihl\u00e1sit. Po\u0159i\u010fte si tiket a vsa\u010fte si na loterii podle vlastn\u00edho v\u00fdb\u011bru, a pokud chcete, vyberte si v\u00edce vstup\u016f. Pokud si nejste jisti, jak\u00e1 \u010d\u00edsla vybrat, pom\u016f\u017ee v\u00e1m s t\u00edm n\u00e1\u0161 n\u00e1stroj pro automatick\u00fd v\u00fdb\u011br.<\/p>\n<p>Jakmile si vyberete \u010d\u00edsla, vstupte do slosov\u00e1n\u00ed a p\u0159ejd\u011bte do oblasti pro platby. V tomto okam\u017eiku v\u00e1s po\u017e\u00e1d\u00e1me o registraci. Je to z n\u00e1sleduj\u00edc\u00edch d\u016fvod\u016f:<\/p>\n<ul>\n<li>Kdy\u017e se zaregistrujete, zajist\u00edte, \u017ee va\u0161e tikety budou v bezpe\u010d\u00ed, abyste si mohli snadno vyzvednout p\u0159\u00edpadn\u00e9 v\u00fdhry.<\/li>\n<li>Pokud vyhrajete n\u011bjakou cenu, obdr\u017e\u00edte upozorn\u011bn\u00ed na sv\u00e9m ovl\u00e1dac\u00edm panelu a prost\u0159ednictv\u00edm e-mailu.<\/li>\n<li>V\u00fdb\u011br v\u00fdhry nebyl nikdy jednodu\u0161\u0161\u00ed, proto\u017ee jej m\u016f\u017eete prov\u00e9st p\u0159\u00edmo na na\u0161\u00ed platform\u011b.<\/li>\n<\/ul>\n<h2>Jak pozn\u00e1te, \u017ee se \u00fa\u010dastn\u00edte loterie?<\/h2>\n<p>To je legitimn\u00ed ot\u00e1zka, proto\u017ee existuje n\u011bkolik slu\u017eeb, kter\u00e9 prod\u00e1vaj\u00ed losy, ale neumo\u017e\u0148uj\u00ed v\u00e1m p\u0159\u00edstup do loterie. D\u011blaj\u00ed to, \u017ee v\u00e1m d\u00e1vaj\u00ed mo\u017enost vsadit si proti jackpotu. Tak\u017ee i kdy\u017e vyhrajete, m\u016f\u017eete z\u00edskat jen zlomek jackpotu. To my ned\u011bl\u00e1me.<\/p>\n<p>Provozujeme slu\u017ebu concierge, kter\u00e1 na\u0161im z\u00e1kazn\u00edk\u016fm zaji\u0161\u0165uje p\u0159\u00edstup k vybran\u00fdm loteri\u00edm v re\u00e1ln\u00e9m \u010dase. P\u0159i n\u00e1kupu vstupenky v\u00e1m na\u0161i agenti v New Yorku zakoup\u00ed tak\u00e9 fyzick\u00fd tiket s v\u00e1mi preferovan\u00fdmi \u010d\u00edsly. To znamen\u00e1, \u017ee pokud se va\u0161e \u010d\u00edsla shoduj\u00ed s vylosovan\u00fdmi \u010d\u00edsly, vyhr\u00e1li jste jackpot.<\/p>\n<p>Zd\u00e1 se, \u017ee je vhodn\u00e1 chv\u00edle zm\u00ednit, \u017ee loterie je hazardn\u00ed hra. Proto nelze nijak ur\u010dit, kdo vyhraje. V\u00edme v\u0161ak, \u017ee jedin\u00fdm zp\u016fsobem, jak m\u00edt \u0161anci na v\u00fdhru, je uzav\u0159\u00edt s\u00e1zku. Proto d\u011bl\u00e1me v\u0161e pro to, aby na\u0161i z\u00e1kazn\u00edci tuto mo\u017enost m\u011bli.<\/p>\n<h2>Zahrajte si New York Lotto online je\u0161t\u011b dnes<\/h2>\n<p>Je na \u010dase p\u0159estat p\u0159em\u00fd\u0161let o tom, \u017ee si po\u0159\u00edd\u00edte los, a po\u0159\u00eddit si ho. M\u016f\u017ee to b\u00fdt za\u010d\u00e1tek \u017eivotn\u00edho dobrodru\u017estv\u00ed. Tak pro\u010d n\u00e1s nenav\u0161t\u00edvit je\u0161t\u011b dnes na jackpotlotteryonline.com a nevsadit si odkudkoli na sv\u011bt\u011b? Nikdy nev\u00edte, kdy v loterii vyhrajete.<\/p>\n","protected":false},"excerpt":{"rendered":"<p>Pokud hled\u00e1te loterii s pestrou histori\u00ed, pak je pro v\u00e1s nejlep\u0161\u00ed volbou loterie New York Lotto. Je to loterie op\u0159eden\u00e1 histori\u00ed a skand\u00e1ly a z\u00e1rove\u0148 je to loterie, kter\u00e1 byla zalo\u017eena pro dobrou v\u011bc. Hran\u00ed loterie je dobr\u00fd zp\u016fsob, jak se pobavit, a nav\u00edc se m\u00e1te na co t\u011b\u0161it. Hr\u00e1\u010di mimo USA, kte\u0159\u00ed si cht\u011bj\u00ed [&hellip;]<\/p>\n","protected":false},"author":1,"featured_media":0,"parent":35740,"menu_order":14,"comment_status":"closed","ping_status":"closed","template":"newyork-info.php","meta":{"_et_pb_use_builder":"","_et_pb_old_content":"","_et_gb_content_width":"","exclude_from_search":false,"footnotes":""},"class_list":["post-37033","page","type-page","status-publish","hentry"],"yoast_head":"<!-- This site is optimized with the Yoast SEO plugin v23.3 - https:\/\/yoast.com\/wordpress\/plugins\/seo\/ -->\n<title>Koupit losy pro New York Lottery z \u00fazem\u00ed mimo USA | Z\u00edskat losy New York Lotery online<\/title>\n<meta name=\"description\" content=\"Chcete si koupit tiket do loterie New York Lottery, ale \u017eijete mimo USA? Z\u00edskejte losy loterie online zde\" \/>\n<meta name=\"robots\" content=\"index, follow, max-snippet:-1, max-image-preview:large, max-video-preview:-1\" \/>\n<link rel=\"canonical\" href=\"https:\/\/jackpotlotteryonline.com\/cs\/koupit-vstupenky\/new-york-lottery\/\" \/>\n<meta property=\"og:locale\" content=\"cs_CZ\" \/>\n<meta property=\"og:type\" content=\"article\" \/>\n<meta property=\"og:title\" content=\"Koupit losy pro New York Lottery z \u00fazem\u00ed mimo USA | Z\u00edskat losy New York Lotery online\" \/>\n<meta property=\"og:description\" content=\"Chcete si koupit tiket do loterie New York Lottery, ale \u017eijete mimo USA? Z\u00edskejte losy loterie online zde\" \/>\n<meta property=\"og:url\" content=\"https:\/\/jackpotlotteryonline.com\/cs\/koupit-vstupenky\/new-york-lottery\/\" \/>\n<meta property=\"og:site_name\" content=\"Lotto Online - Crack The International Lottery Jackpots\" \/>\n<meta property=\"article:modified_time\" content=\"2023-01-06T09:32:59+00:00\" \/>\n<meta property=\"og:image\" content=\"http:\/\/jackpotlotteryonline.com\/wp-content\/uploads\/2022\/11\/1_buy_online_ticket_powerball.jpg\" \/>\n<meta name=\"twitter:card\" content=\"summary_large_image\" \/>\n<meta name=\"twitter:label1\" content=\"Odhadovan\u00e1 doba \u010dten\u00ed\" \/>\n\t<meta name=\"twitter:data1\" content=\"6 minut\" \/>\n<!-- \/ Yoast SEO plugin. -->","yoast_head_json":{"title":"Koupit losy pro New York Lottery z \u00fazem\u00ed mimo USA | Z\u00edskat losy New York Lotery online","description":"Chcete si koupit tiket do loterie New York Lottery, ale \u017eijete mimo USA? Z\u00edskejte losy loterie online zde","robots":{"index":"index","follow":"follow","max-snippet":"max-snippet:-1","max-image-preview":"max-image-preview:large","max-video-preview":"max-video-preview:-1"},"canonical":"https:\/\/jackpotlotteryonline.com\/cs\/koupit-vstupenky\/new-york-lottery\/","og_locale":"cs_CZ","og_type":"article","og_title":"Koupit losy pro New York Lottery z \u00fazem\u00ed mimo USA | Z\u00edskat losy New York Lotery online","og_description":"Chcete si koupit tiket do loterie New York Lottery, ale \u017eijete mimo USA? Z\u00edskejte losy loterie online zde","og_url":"https:\/\/jackpotlotteryonline.com\/cs\/koupit-vstupenky\/new-york-lottery\/","og_site_name":"Lotto Online - Crack The International Lottery Jackpots","article_modified_time":"2023-01-06T09:32:59+00:00","og_image":[{"url":"http:\/\/jackpotlotteryonline.com\/wp-content\/uploads\/2022\/11\/1_buy_online_ticket_powerball.jpg"}],"twitter_card":"summary_large_image","twitter_misc":{"Odhadovan\u00e1 doba \u010dten\u00ed":"6 minut"},"schema":{"@context":"https:\/\/schema.org","@graph":[{"@type":"WebPage","@id":"https:\/\/jackpotlotteryonline.com\/cs\/koupit-vstupenky\/new-york-lottery\/","url":"https:\/\/jackpotlotteryonline.com\/cs\/koupit-vstupenky\/new-york-lottery\/","name":"Koupit losy pro New York Lottery z \u00fazem\u00ed mimo USA | Z\u00edskat losy New York Lotery online","isPartOf":{"@id":"https:\/\/jackpotlotteryonline.com\/#website"},"primaryImageOfPage":{"@id":"https:\/\/jackpotlotteryonline.com\/cs\/koupit-vstupenky\/new-york-lottery\/#primaryimage"},"image":{"@id":"https:\/\/jackpotlotteryonline.com\/cs\/koupit-vstupenky\/new-york-lottery\/#primaryimage"},"thumbnailUrl":"http:\/\/jackpotlotteryonline.com\/wp-content\/uploads\/2022\/11\/1_buy_online_ticket_powerball.jpg","datePublished":"2022-11-10T06:19:22+00:00","dateModified":"2023-01-06T09:32:59+00:00","description":"Chcete si koupit tiket do loterie New York Lottery, ale \u017eijete mimo USA? Z\u00edskejte losy loterie online zde","breadcrumb":{"@id":"https:\/\/jackpotlotteryonline.com\/cs\/koupit-vstupenky\/new-york-lottery\/#breadcrumb"},"inLanguage":"cs","potentialAction":[{"@type":"ReadAction","target":["https:\/\/jackpotlotteryonline.com\/cs\/koupit-vstupenky\/new-york-lottery\/"]}]},{"@type":"ImageObject","inLanguage":"cs","@id":"https:\/\/jackpotlotteryonline.com\/cs\/koupit-vstupenky\/new-york-lottery\/#primaryimage","url":"http:\/\/jackpotlotteryonline.com\/wp-content\/uploads\/2022\/11\/1_buy_online_ticket_powerball.jpg","contentUrl":"http:\/\/jackpotlotteryonline.com\/wp-content\/uploads\/2022\/11\/1_buy_online_ticket_powerball.jpg"},{"@type":"BreadcrumbList","@id":"https:\/\/jackpotlotteryonline.com\/cs\/koupit-vstupenky\/new-york-lottery\/#breadcrumb","itemListElement":[{"@type":"ListItem","position":1,"name":"Home","item":"https:\/\/jackpotlotteryonline.com\/cs\/"},{"@type":"ListItem","position":2,"name":"Jak koupit losy online","item":"https:\/\/jackpotlotteryonline.com\/buy-tickets\/"},{"@type":"ListItem","position":3,"name":"Vstupenky na New York loterie"}]},{"@type":"WebSite","@id":"https:\/\/jackpotlotteryonline.com\/#website","url":"https:\/\/jackpotlotteryonline.com\/","name":"Lotto Online - Crack The International Lottery Jackpots","description":"","potentialAction":[{"@type":"SearchAction","target":{"@type":"EntryPoint","urlTemplate":"https:\/\/jackpotlotteryonline.com\/?s={search_term_string}"},"query-input":"required name=search_term_string"}],"inLanguage":"cs"}]}},"_links":{"self":[{"href":"https:\/\/jackpotlotteryonline.com\/cs\/wp-json\/wp\/v2\/pages\/37033","targetHints":{"allow":["GET"]}}],"collection":[{"href":"https:\/\/jackpotlotteryonline.com\/cs\/wp-json\/wp\/v2\/pages"}],"about":[{"href":"https:\/\/jackpotlotteryonline.com\/cs\/wp-json\/wp\/v2\/types\/page"}],"author":[{"embeddable":true,"href":"https:\/\/jackpotlotteryonline.com\/cs\/wp-json\/wp\/v2\/users\/1"}],"replies":[{"embeddable":true,"href":"https:\/\/jackpotlotteryonline.com\/cs\/wp-json\/wp\/v2\/comments?post=37033"}],"version-history":[{"count":0,"href":"https:\/\/jackpotlotteryonline.com\/cs\/wp-json\/wp\/v2\/pages\/37033\/revisions"}],"up":[{"embeddable":true,"href":"https:\/\/jackpotlotteryonline.com\/cs\/wp-json\/wp\/v2\/pages\/35740"}],"wp:attachment":[{"href":"https:\/\/jackpotlotteryonline.com\/cs\/wp-json\/wp\/v2\/media?parent=37033"}],"curies":[{"name":"wp","href":"https:\/\/api.w.org\/{rel}","templated":true}]}}