{"id":37085,"date":"2022-11-10T08:16:50","date_gmt":"2022-11-10T08:16:50","guid":{"rendered":"https:\/\/jackpotlotteryonline.com\/?page_id=37085"},"modified":"2023-01-04T08:31:25","modified_gmt":"2023-01-04T08:31:25","slug":"thunderball","status":"publish","type":"page","link":"https:\/\/jackpotlotteryonline.com\/cs\/koupit-vstupenky\/thunderball\/","title":{"rendered":"Koupit vstupenky na Thunderball"},"content":{"rendered":"<p>V r\u00e1mci Velk\u00e9 Brit\u00e1nie nen\u00ed o loterie, kter\u00e9 mohou hr\u00e1\u010di hr\u00e1t, nouze. Od lotto her a\u017e po anuitn\u00ed hry, pro ka\u017ed\u00e9ho se n\u011bco najde a nav\u00edc t\u00e9m\u011b\u0159 ka\u017ed\u00fd den. Jednou z obl\u00edben\u00fdch her pro s\u00e1zej\u00edc\u00ed je v\u0161ak Thunderball. Je zaj\u00edmav\u00e1 t\u00edm, \u017ee se jedn\u00e1 o loterii, kter\u00e1 nenab\u00edz\u00ed jackpot v hodnot\u011b milion\u016f liber. Ve skute\u010dnosti v\u00e1m m\u016f\u017eeme zaru\u010dit, \u017ee i kdy\u017e jackpot vyhrajete, milion\u00e1\u0159em se nestanete. Pro\u010d se tedy zd\u00e1, \u017ee hr\u00e1\u010di tuto loterii miluj\u00ed?<\/p>\n<p>D\u016fvod je jednoduch\u00fd: \u0161ance jsou mnohem vy\u0161\u0161\u00ed ne\u017e v jin\u00fdch hr\u00e1ch s vy\u0161\u0161\u00edmi jackpoty. D\u00edky \u010dty\u0159em t\u00fddenn\u00edm losov\u00e1n\u00edm a po\u0159\u00e1dn\u00e9 sum\u011b jackpotu nen\u00ed divu, \u017ee se do t\u00e9to loterie ka\u017ed\u00fd t\u00fdden hrnou nad\u0161enci.<\/p>\n<p>Pokud \u017eijete mimo Velkou Brit\u00e1nii, m\u016f\u017eete se tak\u00e9 z\u00fa\u010dastnit kter\u00e9hokoli z losov\u00e1n\u00ed. Nav\u0161tivte web jackpotlotteryonline.com, kde si m\u016f\u017eete efektivn\u011b a bez stresu koupit losy, a\u0165 jste kdekoli.<\/p>\n<h2>Jak Thunderball funguje?<\/h2>\n<p><img loading=\"lazy\" decoding=\"async\" class=\"alignright size-medium wp-image-30425\" src=\"http:\/\/jackpotlotteryonline.com\/wp-content\/uploads\/2022\/11\/1_you_win_jackpot-300x300.jpg\" alt=\"Jak hr\u00e1t Thunderball\" width=\"300\" height=\"300\" srcset=\"https:\/\/jackpotlotteryonline.com\/wp-content\/uploads\/2022\/11\/1_you_win_jackpot-300x300.jpg 300w, https:\/\/jackpotlotteryonline.com\/wp-content\/uploads\/2022\/11\/1_you_win_jackpot-100x100.jpg 100w, https:\/\/jackpotlotteryonline.com\/wp-content\/uploads\/2022\/11\/1_you_win_jackpot-150x150.jpg 150w, https:\/\/jackpotlotteryonline.com\/wp-content\/uploads\/2022\/11\/1_you_win_jackpot.jpg 320w\" sizes=\"auto, (max-width: 300px) 100vw, 300px\" \/><\/p>\n<p>Tato britsk\u00e1 loterie je jednoduch\u00e1 a snadno hrateln\u00e1 a zku\u0161en\u00ed hr\u00e1\u010di loterie by s n\u00ed nem\u011bli m\u00edt \u017e\u00e1dn\u00fd probl\u00e9m.<\/p>\n<p>Pro <a href=\"https:\/\/jackpotlotteryonline.com\/cs\/jak-hrat\/thunderball\">hran\u00ed t\u00e9to britsk\u00e9 loterie<\/a> si hr\u00e1\u010di mus\u00ed vybrat p\u011bt hlavn\u00edch \u010d\u00edsel od 1 do 39 a jedno speci\u00e1ln\u00ed \u010d\u00edslo od 1 do 14. V p\u0159\u00edpad\u011b, \u017ee se jedn\u00e1 o loterii, je t\u0159eba, aby si hr\u00e1\u010di vybrali p\u011bt hlavn\u00edch \u010d\u00edsel od 1 do 39 a jedno speci\u00e1ln\u00ed \u010d\u00edslo. Speci\u00e1ln\u00ed \u010d\u00edslo se naz\u00fdv\u00e1 Thunderball.<\/p>\n<p>Po v\u00fdb\u011bru \u010d\u00edsel je dal\u0161\u00edm krokem<a href=\"https:\/\/jackpotlotteryonline.com\/cs\/vyherni-cisla\/thunderball\"> p\u0159ihl\u00e1\u0161en\u00ed do slosov\u00e1n\u00ed<\/a> a \u010dek\u00e1n\u00ed na v\u00fdsledky. Ji\u017e jsme zm\u00ednili, \u017ee nab\u00edz\u00ed \u010dty\u0159i t\u00fddenn\u00ed slosov\u00e1n\u00ed. To jsou \u010dty\u0159i p\u0159\u00edle\u017eitosti vyhr\u00e1t jackpot! Slosov\u00e1n\u00ed se konaj\u00ed v \u00fater\u00fd, ve st\u0159edu, ve \u010dtvrtek a v sobotu.<\/p>\n<h2>Je leg\u00e1ln\u00ed koupit si britsk\u00fd loterijn\u00ed tiket online?<\/h2>\n<p>Ot\u00e1zka, zda se m\u016f\u017eete z\u00fa\u010dastnit loterie prost\u0159ednictv\u00edm internetu, je opr\u00e1vn\u011bnou obavou. Je pravda, \u017ee existuj\u00ed podvodn\u00edci, a bylo by hloup\u00e9 to ignorovat. Existuj\u00ed v\u0161ak legitimn\u00ed loterijn\u00ed str\u00e1nky, kter\u00e9 prod\u00e1vaj\u00ed losy do loteri\u00ed po cel\u00e9m sv\u011bt\u011b, a to je zcela leg\u00e1ln\u00ed.<\/p>\n<p>P\u0159edev\u0161\u00edm tato britsk\u00e1 loterie nen\u00ed omezena na ob\u010dany Spojen\u00e9ho kr\u00e1lovstv\u00ed. Jedin\u00e9 omezen\u00ed je geografick\u00e9 v tom smyslu, \u017ee fyzick\u00e9 tikety prod\u00e1vaj\u00ed prodejci v zemi. N\u00e1kup tiket\u016f online je jedin\u00fdm zp\u016fsobem, jak hr\u00e1t tuto loterii z m\u00edsta mimo zemi.<\/p>\n<p>P\u0159ed zakoupen\u00edm tiketu se ujist\u011bte, \u017ee vyu\u017e\u00edv\u00e1te slu\u017eeb legitimn\u00edho prodejce loterie, zejm\u00e9na takov\u00e9ho, kter\u00fd m\u00e1 dobrou pov\u011bst. Dobr\u00fdm zp\u016fsobem, jak si to ov\u011b\u0159it, je zjistit, zda m\u00e1 za sebou historii vypl\u00e1cen\u00ed v\u00fdher, abyste o v\u00fdhru nep\u0159i\u0161li.<\/p>\n<section class=\"layout\" style=\"border: solid 1px; width: 100%;\">\n<div class=\"img-div\" style=\"margin-top: 5px;\"><img decoding=\"async\" class=\"wp-image-17212 alignleft\" style=\"height: 45px; margin: 8px 8px 0px;\" src=\"http:\/\/jackpotlotteryonline.com\/wp-content\/uploads\/2022\/11\/read1.jpg\" alt=\"P\u0159e\u010dt\u011bte si\" width=\"\" height=\"\" \/><\/div>\n<div style=\"padding-left: 5px;\">\n<div style=\"font-size: 1.1em;\">\n<p><strong>Va\u0161e n\u00e1rodn\u00ed loterie v mezin\u00e1rodn\u00edm srovn\u00e1n\u00ed<\/strong><\/p>\n<p style=\"font-size: 0.85em; margin-top: -1.5em;\">Va\u0161e m\u00edstn\u00ed loterie m\u016f\u017ee b\u00fdt nejhor\u0161\u00ed volbou &#8211; pro\u010d m\u00e1 smysl platit v\u00edce, ale j\u00edt po v\u011bt\u0161\u00edch v\u00fdhr\u00e1ch?\u00a0 <a href=\"https:\/\/jackpotlotteryonline.com\/cs\/vase-narodni-loterie-v-mezinarodnim-srovnani\"> P\u0159e\u010dt\u011bte si v\u00edce<\/a><\/p>\n<\/div>\n<\/div>\n<\/section>\n<h2>Jackpot a ceny<\/h2>\n<p>Jak\u00fd je tedy p\u0159esn\u011b jackpot t\u00e9to britsk\u00e9 loterie? Hlavn\u00ed v\u00fdhra \u010din\u00ed p\u011bt set tis\u00edc liber a je zaru\u010dena pro ka\u017ed\u00e9 slosov\u00e1n\u00ed. Jackpot vyhr\u00e1v\u00e1 ka\u017ed\u00fd tiket, kter\u00fd odpov\u00edd\u00e1 p\u011bti vylosovan\u00fdm \u010d\u00edsl\u016fm a speci\u00e1ln\u00edmu \u010d\u00edslu.<\/p>\n<p>Jackpot nen\u00ed jedinou v\u00fdhrou, kterou mohou hr\u00e1\u010di v t\u00e9to loterii vyhr\u00e1t, proto\u017ee existuj\u00ed i dal\u0161\u00ed v\u00fdhern\u00ed \u00farovn\u011b. V\u00fdhrou druh\u00e9 \u00farovn\u011b je tak\u00e9 pevn\u00e1 \u010d\u00e1stka p\u011bt tis\u00edc liber, kter\u00e1 je opravdu skv\u011bl\u00e1. Celkov\u011b je zde dev\u011bt v\u00fdhern\u00edch \u00farovn\u00ed a existuje i v\u00fdhra pouze za uhodnut\u00ed speci\u00e1ln\u00edho \u010d\u00edsla.<\/p>\n<p>\u0160ance t\u00e9to loterie jsou op\u011bt neuv\u011b\u0159iteln\u00e9, a proto od prvn\u00edho slosov\u00e1n\u00ed v roce 1999 p\u0159inesla tolik v\u00fdherc\u016f. Kv\u016fli velk\u00e9mu z\u00e1jmu o tuto loterii se z jednoho t\u00fddenn\u00edho losov\u00e1n\u00ed stala loterie se \u010dty\u0159mi t\u00fddenn\u00edmi losov\u00e1n\u00edmi. Pokud si tedy zahrajete tuto britskou loterii, pravd\u011bpodobnost v\u00fdhry jackpotu je 1 ku 8 060 598, zat\u00edmco pravd\u011bpodobnost v\u00fdhry jak\u00e9koli ceny je 1 ku 13.<br \/>\n<img loading=\"lazy\" decoding=\"async\" class=\"alignright size-medium wp-image-35457\" src=\"http:\/\/jackpotlotteryonline.com\/wp-content\/uploads\/2022\/11\/2_ticket_uk_lottery-192x300.jpg\" alt=\"Vstupenka na thunderball\" width=\"192\" height=\"300\" srcset=\"https:\/\/jackpotlotteryonline.com\/wp-content\/uploads\/2022\/11\/2_ticket_uk_lottery-192x300.jpg 192w, https:\/\/jackpotlotteryonline.com\/wp-content\/uploads\/2022\/11\/2_ticket_uk_lottery.jpg 250w\" sizes=\"auto, (max-width: 192px) 100vw, 192px\" \/><\/p>\n<p><strong>Kdy\u017e hrajete tuto loterii, zde je, co m\u016f\u017eete o\u010dek\u00e1vat, \u017ee vyhrajete:<\/strong><\/p>\n<p>Uhodn\u011bte 5 \u010d\u00edsel + speci\u00e1ln\u00ed \u010d\u00edslo &#8211; 500 000 liber (jackpot).<br \/>\nUhodn\u011bte pouze 5 \u010d\u00edsel &#8211; 5000 liber<br \/>\nUhodn\u011bte 4 \u010d\u00edsla + speci\u00e1ln\u00ed \u010d\u00edslo &#8211; 250 liber<br \/>\nUhodn\u011bte pouze 4 \u010d\u00edsla &#8211; 100 liber<br \/>\nShoda 3 \u010d\u00edsel + speci\u00e1ln\u00ed \u010d\u00edslo &#8211; 20 liber<br \/>\nPouze 3 \u010d\u00edsla &#8211; 10 liber<br \/>\nShoda 2 \u010d\u00edsel + speci\u00e1ln\u00ed \u010d\u00edslo &#8211; \u00a310<br \/>\nShoda 1 \u010d\u00edsla a speci\u00e1ln\u00edho \u010d\u00edsla &#8211; 5 liber<br \/>\nShoda 0 \u010d\u00edsel + speci\u00e1ln\u00ed \u010d\u00edslo &#8211; 3 GBP<\/p>\n<h2>Jak si vyzvednout v\u00fdhru<\/h2>\n<p>Zp\u016fsob uplatn\u011bn\u00ed n\u00e1roku na v\u00fdhru z\u00e1vis\u00ed na zp\u016fsobu zakoupen\u00ed losu. Pokud jste se do loterie p\u0159ihl\u00e1sili prost\u0159ednictv\u00edm na\u0161ich str\u00e1nek, m\u016f\u017eete si o v\u00fdhru po\u017e\u00e1dat p\u0159ihl\u00e1\u0161en\u00edm do sv\u00e9ho \u00fa\u010dtu a v\u00fdb\u011brem v\u00fdhry z na\u0161\u00ed platformy.<\/p>\n<p>Ne\u017e si vyzvednete svou v\u00fdhru, je d\u016fle\u017eit\u00e9 v\u011bd\u011bt n\u011bkolik v\u011bc\u00ed o hran\u00ed loterie ve Spojen\u00e9m kr\u00e1lovstv\u00ed. Ji\u017e v\u00edme, \u017ee loterie je otev\u0159ena v\u0161em bez ohledu na st\u00e1tn\u00ed p\u0159\u00edslu\u0161nost, nicm\u00e9n\u011b zde je n\u011bkolik v\u011bc\u00ed, kter\u00e9 je t\u0159eba vz\u00edt na v\u011bdom\u00ed:<\/p>\n<ul>\n<li>Loterie se mohou z\u00fa\u010dastnit hr\u00e1\u010di star\u0161\u00ed 16 let.<\/li>\n<li>V\u00fdhry se vypl\u00e1cej\u00ed jednor\u00e1zov\u011b<\/li>\n<li>V\u00fdhry v loterii nepodl\u00e9haj\u00ed v zemi zdan\u011bn\u00ed. Pokud v\u0161ak hrajete ze zahrani\u010d\u00ed, m\u011bli byste si ov\u011b\u0159it da\u0148ov\u00e9 z\u00e1kony sv\u00e9 zem\u011b.<\/li>\n<li>Na vyzvednut\u00ed v\u00fdhry m\u00e1te 180 dn\u00ed, ne\u017e se vr\u00e1t\u00ed zp\u011bt do fondu.<\/li>\n<li>Pokud jste se do loterie p\u0159ihl\u00e1sili prost\u0159ednictv\u00edm fyzick\u00e9ho prodejce, mo\u017en\u00e1 budete muset kontaktovat organiz\u00e1tory loterie, abyste si v\u00fdhru vyzvedli.<\/li>\n<\/ul>\n<h2>Pro\u010d byste m\u011bli hr\u00e1t loterii s n\u00e1mi<\/h2>\n<p>Jsme slu\u017eba concierge na m\u00edru, kter\u00e1 hr\u00e1\u010d\u016fm z cel\u00e9ho sv\u011bta poskytuje p\u0159\u00edstup ke \u0161pi\u010dkov\u00fdm mezin\u00e1rodn\u00edm loteri\u00edm. L\u00e9ta jsme zdokonalovali proces, abychom na\u0161im z\u00e1kazn\u00edk\u016fm zajistili vzru\u0161uj\u00edc\u00ed z\u00e1\u017eitek, kter\u00fd je p\u0159\u00edjemn\u00fd a bez stresu.<\/p>\n<p>Kdy\u017e se u n\u00e1s zaregistrujete, m\u016f\u017eete se pohodln\u011b p\u0159ihl\u00e1sit do n\u011bkolika loteri\u00ed z jedin\u00e9 online platformy. Poskytujeme nav\u00edc jistotu, \u017ee v\u00e1\u0161 vstupn\u00ed tiket je v bezpe\u010d\u00ed, tak\u017ee se nemus\u00edte ob\u00e1vat jeho ztr\u00e1ty. M\u016f\u017eete si tak\u00e9 oddechnout, proto\u017ee v\u00edte, \u017ee v\u00e1m \u017e\u00e1dn\u00e1 v\u00fdhra neunikne, proto\u017ee v\u00e1m d\u00e1me v\u011bd\u011bt, jakmile vyhrajete.<\/p>\n<p>V podstat\u011b v\u00e1s zbav\u00edme v\u0161ech \u0161roub\u016f a sk\u0159\u00edp\u00e1n\u00ed, kter\u00e9 jsou s hran\u00edm loterie spojeny, a nech\u00e1me v\u00e1s voln\u011b d\u011blat to, co v\u00e1s bav\u00ed nejv\u00edc: bavit se. Nez\u00e1le\u017e\u00ed na tom, kde na sv\u011bt\u011b se nach\u00e1z\u00edte, jakmile m\u00e1te p\u0159ipojen\u00ed k internetu, m\u016f\u017eete se z\u00fa\u010dastnit nejlep\u0161\u00edch mezin\u00e1rodn\u00edch loteri\u00ed.<\/p>\n<p>S jackpotlotteryonline.com z\u00edsk\u00e1te n\u011bkolik mo\u017enost\u00ed. M\u016f\u017eete hr\u00e1t jednu nebo v\u00edce loteri\u00ed, p\u0159ihl\u00e1sit se do jednoho nebo v\u00edce losov\u00e1n\u00ed a dokonce si nastavit p\u0159edplatn\u00e9, aby va\u0161e p\u0159ihl\u00e1\u0161ky prob\u00edhaly na autopilota. Pro\u010d n\u00e1s nenav\u0161t\u00edvit je\u0161t\u011b dnes a nekoupit si losy Thunderball ze zem\u00ed mimo Velkou Brit\u00e1nii?<\/p>\n","protected":false},"excerpt":{"rendered":"<p>V r\u00e1mci Velk\u00e9 Brit\u00e1nie nen\u00ed o loterie, kter\u00e9 mohou hr\u00e1\u010di hr\u00e1t, nouze. Od lotto her a\u017e po anuitn\u00ed hry, pro ka\u017ed\u00e9ho se n\u011bco najde a nav\u00edc t\u00e9m\u011b\u0159 ka\u017ed\u00fd den. Jednou z obl\u00edben\u00fdch her pro s\u00e1zej\u00edc\u00ed je v\u0161ak Thunderball. Je zaj\u00edmav\u00e1 t\u00edm, \u017ee se jedn\u00e1 o loterii, kter\u00e1 nenab\u00edz\u00ed jackpot v hodnot\u011b milion\u016f liber. Ve skute\u010dnosti [&hellip;]<\/p>\n","protected":false},"author":1,"featured_media":0,"parent":35740,"menu_order":12,"comment_status":"closed","ping_status":"closed","template":"thunderball-info.php","meta":{"_et_pb_use_builder":"","_et_pb_old_content":"","_et_gb_content_width":"","exclude_from_search":false,"footnotes":""},"class_list":["post-37085","page","type-page","status-publish","hentry"],"yoast_head":"<!-- This site is optimized with the Yoast SEO plugin v23.3 - https:\/\/yoast.com\/wordpress\/plugins\/seo\/ -->\n<title>Koupit tikety Thunderball z \u00fazem\u00ed mimo Spojen\u00e9 kr\u00e1lovstv\u00ed | Loterie Thunderball online<\/title>\n<meta name=\"description\" content=\"Po\u0159i\u010fte si los Thunderball z \u00fazem\u00ed mimo Velkou Brit\u00e1nii, a to n\u00e1kupem online zde! Z\u00edskejte naskenovan\u00fd tiket Thunderball prost\u0159ednictv\u00edm na\u0161\u00ed leg\u00e1ln\u00ed slu\u017eby.\" \/>\n<meta name=\"robots\" content=\"index, follow, max-snippet:-1, max-image-preview:large, max-video-preview:-1\" \/>\n<link rel=\"canonical\" href=\"https:\/\/jackpotlotteryonline.com\/cs\/koupit-vstupenky\/thunderball\/\" \/>\n<meta property=\"og:locale\" content=\"cs_CZ\" \/>\n<meta property=\"og:type\" content=\"article\" \/>\n<meta property=\"og:title\" content=\"Koupit tikety Thunderball z \u00fazem\u00ed mimo Spojen\u00e9 kr\u00e1lovstv\u00ed | Loterie Thunderball online\" \/>\n<meta property=\"og:description\" content=\"Po\u0159i\u010fte si los Thunderball z \u00fazem\u00ed mimo Velkou Brit\u00e1nii, a to n\u00e1kupem online zde! Z\u00edskejte naskenovan\u00fd tiket Thunderball prost\u0159ednictv\u00edm na\u0161\u00ed leg\u00e1ln\u00ed slu\u017eby.\" \/>\n<meta property=\"og:url\" content=\"https:\/\/jackpotlotteryonline.com\/cs\/koupit-vstupenky\/thunderball\/\" \/>\n<meta property=\"og:site_name\" content=\"Lotto Online - Crack The International Lottery Jackpots\" \/>\n<meta property=\"article:modified_time\" content=\"2023-01-04T08:31:25+00:00\" \/>\n<meta property=\"og:image\" content=\"http:\/\/jackpotlotteryonline.com\/wp-content\/uploads\/2022\/11\/1_you_win_jackpot-300x300.jpg\" \/>\n<meta name=\"twitter:card\" content=\"summary_large_image\" \/>\n<meta name=\"twitter:label1\" content=\"Odhadovan\u00e1 doba \u010dten\u00ed\" \/>\n\t<meta name=\"twitter:data1\" content=\"5 minut\" \/>\n<!-- \/ Yoast SEO plugin. -->","yoast_head_json":{"title":"Koupit tikety Thunderball z \u00fazem\u00ed mimo Spojen\u00e9 kr\u00e1lovstv\u00ed | Loterie Thunderball online","description":"Po\u0159i\u010fte si los Thunderball z \u00fazem\u00ed mimo Velkou Brit\u00e1nii, a to n\u00e1kupem online zde! Z\u00edskejte naskenovan\u00fd tiket Thunderball prost\u0159ednictv\u00edm na\u0161\u00ed leg\u00e1ln\u00ed slu\u017eby.","robots":{"index":"index","follow":"follow","max-snippet":"max-snippet:-1","max-image-preview":"max-image-preview:large","max-video-preview":"max-video-preview:-1"},"canonical":"https:\/\/jackpotlotteryonline.com\/cs\/koupit-vstupenky\/thunderball\/","og_locale":"cs_CZ","og_type":"article","og_title":"Koupit tikety Thunderball z \u00fazem\u00ed mimo Spojen\u00e9 kr\u00e1lovstv\u00ed | Loterie Thunderball online","og_description":"Po\u0159i\u010fte si los Thunderball z \u00fazem\u00ed mimo Velkou Brit\u00e1nii, a to n\u00e1kupem online zde! Z\u00edskejte naskenovan\u00fd tiket Thunderball prost\u0159ednictv\u00edm na\u0161\u00ed leg\u00e1ln\u00ed slu\u017eby.","og_url":"https:\/\/jackpotlotteryonline.com\/cs\/koupit-vstupenky\/thunderball\/","og_site_name":"Lotto Online - Crack The International Lottery Jackpots","article_modified_time":"2023-01-04T08:31:25+00:00","og_image":[{"url":"http:\/\/jackpotlotteryonline.com\/wp-content\/uploads\/2022\/11\/1_you_win_jackpot-300x300.jpg"}],"twitter_card":"summary_large_image","twitter_misc":{"Odhadovan\u00e1 doba \u010dten\u00ed":"5 minut"},"schema":{"@context":"https:\/\/schema.org","@graph":[{"@type":"WebPage","@id":"https:\/\/jackpotlotteryonline.com\/cs\/koupit-vstupenky\/thunderball\/","url":"https:\/\/jackpotlotteryonline.com\/cs\/koupit-vstupenky\/thunderball\/","name":"Koupit tikety Thunderball z \u00fazem\u00ed mimo Spojen\u00e9 kr\u00e1lovstv\u00ed | Loterie Thunderball online","isPartOf":{"@id":"https:\/\/jackpotlotteryonline.com\/#website"},"primaryImageOfPage":{"@id":"https:\/\/jackpotlotteryonline.com\/cs\/koupit-vstupenky\/thunderball\/#primaryimage"},"image":{"@id":"https:\/\/jackpotlotteryonline.com\/cs\/koupit-vstupenky\/thunderball\/#primaryimage"},"thumbnailUrl":"http:\/\/jackpotlotteryonline.com\/wp-content\/uploads\/2022\/11\/1_you_win_jackpot-300x300.jpg","datePublished":"2022-11-10T08:16:50+00:00","dateModified":"2023-01-04T08:31:25+00:00","description":"Po\u0159i\u010fte si los Thunderball z \u00fazem\u00ed mimo Velkou Brit\u00e1nii, a to n\u00e1kupem online zde! Z\u00edskejte naskenovan\u00fd tiket Thunderball prost\u0159ednictv\u00edm na\u0161\u00ed leg\u00e1ln\u00ed slu\u017eby.","breadcrumb":{"@id":"https:\/\/jackpotlotteryonline.com\/cs\/koupit-vstupenky\/thunderball\/#breadcrumb"},"inLanguage":"cs","potentialAction":[{"@type":"ReadAction","target":["https:\/\/jackpotlotteryonline.com\/cs\/koupit-vstupenky\/thunderball\/"]}]},{"@type":"ImageObject","inLanguage":"cs","@id":"https:\/\/jackpotlotteryonline.com\/cs\/koupit-vstupenky\/thunderball\/#primaryimage","url":"http:\/\/jackpotlotteryonline.com\/wp-content\/uploads\/2022\/11\/1_you_win_jackpot-300x300.jpg","contentUrl":"http:\/\/jackpotlotteryonline.com\/wp-content\/uploads\/2022\/11\/1_you_win_jackpot-300x300.jpg"},{"@type":"BreadcrumbList","@id":"https:\/\/jackpotlotteryonline.com\/cs\/koupit-vstupenky\/thunderball\/#breadcrumb","itemListElement":[{"@type":"ListItem","position":1,"name":"Home","item":"https:\/\/jackpotlotteryonline.com\/cs\/"},{"@type":"ListItem","position":2,"name":"Jak koupit losy online","item":"https:\/\/jackpotlotteryonline.com\/buy-tickets\/"},{"@type":"ListItem","position":3,"name":"Koupit vstupenky na Thunderball"}]},{"@type":"WebSite","@id":"https:\/\/jackpotlotteryonline.com\/#website","url":"https:\/\/jackpotlotteryonline.com\/","name":"Lotto Online - Crack The International Lottery Jackpots","description":"","potentialAction":[{"@type":"SearchAction","target":{"@type":"EntryPoint","urlTemplate":"https:\/\/jackpotlotteryonline.com\/?s={search_term_string}"},"query-input":"required name=search_term_string"}],"inLanguage":"cs"}]}},"_links":{"self":[{"href":"https:\/\/jackpotlotteryonline.com\/cs\/wp-json\/wp\/v2\/pages\/37085","targetHints":{"allow":["GET"]}}],"collection":[{"href":"https:\/\/jackpotlotteryonline.com\/cs\/wp-json\/wp\/v2\/pages"}],"about":[{"href":"https:\/\/jackpotlotteryonline.com\/cs\/wp-json\/wp\/v2\/types\/page"}],"author":[{"embeddable":true,"href":"https:\/\/jackpotlotteryonline.com\/cs\/wp-json\/wp\/v2\/users\/1"}],"replies":[{"embeddable":true,"href":"https:\/\/jackpotlotteryonline.com\/cs\/wp-json\/wp\/v2\/comments?post=37085"}],"version-history":[{"count":0,"href":"https:\/\/jackpotlotteryonline.com\/cs\/wp-json\/wp\/v2\/pages\/37085\/revisions"}],"up":[{"embeddable":true,"href":"https:\/\/jackpotlotteryonline.com\/cs\/wp-json\/wp\/v2\/pages\/35740"}],"wp:attachment":[{"href":"https:\/\/jackpotlotteryonline.com\/cs\/wp-json\/wp\/v2\/media?parent=37085"}],"curies":[{"name":"wp","href":"https:\/\/api.w.org\/{rel}","templated":true}]}}