{"id":37138,"date":"2022-11-10T11:13:28","date_gmt":"2022-11-10T11:13:28","guid":{"rendered":"https:\/\/jackpotlotteryonline.com\/?page_id=37138"},"modified":"2022-12-24T11:57:31","modified_gmt":"2022-12-24T11:57:31","slug":"powerball-australia","status":"publish","type":"page","link":"https:\/\/jackpotlotteryonline.com\/cs\/koupit-vstupenky\/powerball-australia\/","title":{"rendered":"Koupit vstupenky Powerball Australia"},"content":{"rendered":"<p>P\u0159i pomy\u0161len\u00ed na tuto loterii se v\u00e1m jako prvn\u00ed vybav\u00ed americk\u00e1 loterie, nikoliv jej\u00ed australsk\u00e1 verze. Tuto \u00fa\u017easnou loterii miluj\u00ed austral\u0161t\u00ed loterijn\u00ed nad\u0161enci. Powerball Australia se rychle st\u00e1v\u00e1 jednou z obl\u00edben\u00fdch mezin\u00e1rodn\u00edch loteri\u00ed, proto\u017ee s\u00e1zej\u00edc\u00ed po cel\u00e9m sv\u011bt\u011b si uv\u011bdomuj\u00ed jej\u00ed potenci\u00e1l.<\/p>\n<p>S garantovan\u00fdm minim\u00e1ln\u00edm jackpotem ve v\u00fd\u0161i 3 milion\u016f dolar\u016f se \u010d\u00e1stka p\u0159ev\u00e1d\u00ed, pokud po losov\u00e1n\u00ed nen\u00ed \u017e\u00e1dn\u00fd v\u00fdherce. M\u016f\u017ee se p\u0159eklopit n\u011bkolikr\u00e1t, dokud nen\u00ed pom\u011brn\u011b vysok\u00e1. Rekordn\u00ed jackpot ve v\u00fd\u0161i 160 milion\u016f dolar\u016f vyhr\u00e1l v \u0159\u00edjnu 2022 jedin\u00fd tiket.<\/p>\n<p>Pokud chcete roz\u0161\u00ed\u0159it sv\u016fj dosah jako hr\u00e1\u010d loterie, m\u011bli byste zv\u00e1\u017eit Powerball Australia. Je z\u00e1bavn\u00e1, pln\u00e1 ducha a d\u00e1v\u00e1 hr\u00e1\u010d\u016fm p\u0159\u00edle\u017eitost vyhr\u00e1t velk\u00e9 \u010d\u00e1stky bez \u0161\u00edlen\u00fdch \u0161anc\u00ed jako americk\u00e1 verze. Nav\u00edc nez\u00e1le\u017e\u00ed na tom, kde \u017eijete, proto\u017ee m\u016f\u017eete <a href=\"https:\/\/jackpotlotteryonline.com\/cs\/jak-hrat\/powerball-australia\">hr\u00e1t online na jackpotlotteryonline.com.<\/a><\/p>\n<h2>Jak Powerball Australia funguje?<\/h2>\n<p><img loading=\"lazy\" decoding=\"async\" class=\"size-full wp-image-31181 alignright\" src=\"https:\/\/jackpotlotteryonline.com\/wp-content\/uploads\/2022\/11\/logo_powerball-300x50-1.jpg\" alt=\"Powerball Australia\" width=\"300\" height=\"50\" \/><\/p>\n<p>Tato loterie m\u00e1 m\u00ed\u010dky se dv\u011bma sadami \u010d\u00edsel ve dvou r\u016fzn\u00fdch sudech. M\u00ed\u010dky se n\u00e1hodn\u011b losuj\u00ed z ka\u017ed\u00e9ho sudu a vyhr\u00e1v\u00e1 ka\u017ed\u00fd z\u00e1znam, kter\u00fd odpov\u00edd\u00e1 vylosovan\u00fdm \u010d\u00edsl\u016fm. V prvn\u00edm sudu je 35 m\u00ed\u010dk\u016f a hr\u00e1\u010di si mus\u00ed vybrat 7 \u010d\u00edsel z t\u00e9to \u0159ady. Ve druh\u00e9m sudu je 20 \u010d\u00edsel a hr\u00e1\u010di si vyberou JEDNO \u010d\u00edslo v tomto rozmez\u00ed.<\/p>\n<p>\u0158ada vstup\u016f m\u00e1 8 \u010d\u00edsel a tiket m\u016f\u017ee m\u00edt v\u00edce ne\u017e jednu \u0159adu vstup\u016f. Ve skute\u010dnosti se doporu\u010duje zadat v\u00edce \u0159\u00e1dk\u016f, aby se zv\u00fd\u0161ila \u0161ance na v\u00fdhru. \u0160ance na v\u00fdhru jackpotu je 1:134 490 400.<\/p>\n<p>Ano, pravd\u011bpodobnost je pom\u011brn\u011b vysok\u00e1, ale tak u\u017e to v loterii chod\u00ed. Je to hra \u010d\u00edsel a hodn\u011b v n\u00ed z\u00e1le\u017e\u00ed na \u0161t\u011bst\u00ed. Nelze \u0159\u00edci, kdy se \u0161t\u011bst\u00ed rozhodne hr\u00e1\u010de zv\u00fdhodnit. Nav\u00edc je to z\u00e1bavn\u00fd kon\u00ed\u010dek, pokud se dr\u017e\u00edte toho, co si m\u016f\u017eete dovolit.<\/p>\n<h2>M\u016f\u017eete zv\u00fd\u0161it sv\u00e9 \u0161ance na v\u00fdhru?<\/h2>\n<p>Zaj\u00edmav\u00e9 je, \u017ee sv\u00e9 \u0161ance na v\u00fdhru jackpotu m\u016f\u017eete zv\u00fd\u0161it. Neexistuje \u017e\u00e1dn\u00e1 zaru\u010den\u00e1 metoda, i kdy\u017e v\u011bt\u0161ina v\u00fdherc\u016f p\u0159izn\u00e1v\u00e1, \u017ee hr\u00e1li v\u00edcekr\u00e1t, ne\u017e n\u011bco vyhr\u00e1li. Pr\u00e1v\u011b v tom spo\u010d\u00edv\u00e1 tajemstv\u00ed.<\/p>\n<p>Pokud je n\u00e1m zn\u00e1mo, zp\u016fsob, jak naklonit \u0161ance na v\u00fdhru ve sv\u016fj prosp\u011bch, je koupit si v\u00edce vstup\u016f. To znamen\u00e1 v\u00edce vstupn\u00edch \u0159ad a v\u00edce tah\u016f. Loterie losuje jednou t\u00fddn\u011b ve \u010dtvrtek. Pokud si tikety po\u0159\u00edd\u00edte na na\u0161ich str\u00e1nk\u00e1ch, m\u016f\u017eete se do slosov\u00e1n\u00ed p\u0159ihl\u00e1sit s n\u011bkolikat\u00fddenn\u00edm p\u0159edstihem.<\/p>\n<p>Dal\u0161\u00ed mo\u017enost\u00ed je zapojit se do loterijn\u00edho syndik\u00e1tu. V\u00fdhodou vstupu do syndik\u00e1tu je, \u017ee va\u0161e pen\u00edze se dostanou mnohem d\u00e1l, ne\u017e kdybyste hr\u00e1li sami. Pokud tiket vyhraje, ka\u017ed\u00fd \u010dlen syndik\u00e1tu si samoz\u0159ejm\u011b v\u00fdhru rozd\u011bl\u00ed.<\/p>\n<section class=\"layout\" style=\"border: solid 1px; width: 100%;\">\n<div class=\"img-div\" style=\"margin-top: 5px;\"><img decoding=\"async\" class=\"wp-image-17212 alignleft\" style=\"height: 45px; margin: 8px 8px 0px;\" src=\"https:\/\/jackpotlotteryonline.com\/wp-content\/uploads\/2022\/11\/read1.jpg\" alt=\"P\u0159e\u010dt\u011bte si\" width=\"\" height=\"\" \/><\/div>\n<div style=\"padding-left: 5px;\">\n<div style=\"font-size: 1.1em;\">\n<p><strong>V\u00fdhern\u00ed \u010d\u00edsla loterie m\u016f\u017eete vyb\u00edrat ru\u010dn\u011b nebo pomoc\u00ed RNG.<\/strong><\/p>\n<p style=\"font-size: 0.85em; margin-top: -1.5em;\">Jak vygenerovat v\u00fdhern\u00ed \u010d\u00edsla loterie?\u00a0\u00a0<a href=\"https:\/\/jackpotlotteryonline.com\/cs\/jak-vygenerovat-vyherni-cisla-v-loterii\"> P\u0159e\u010dt\u011bte si v\u00edce<\/a><\/p>\n<\/div>\n<\/div>\n<\/section>\n<h2>Jak hr\u00e1t loterii Aussie online<img loading=\"lazy\" decoding=\"async\" class=\"alignright size-medium wp-image-34538\" src=\"https:\/\/jackpotlotteryonline.com\/wp-content\/uploads\/2022\/11\/2_ticket_powerball_au-157x300.jpg\" alt=\"Australsk\u00fd loterijn\u00ed tiket\" width=\"157\" height=\"300\" srcset=\"https:\/\/jackpotlotteryonline.com\/wp-content\/uploads\/2022\/11\/2_ticket_powerball_au-157x300.jpg 157w, https:\/\/jackpotlotteryonline.com\/wp-content\/uploads\/2022\/11\/2_ticket_powerball_au.jpg 250w\" sizes=\"auto, (max-width: 157px) 100vw, 157px\" \/><\/h2>\n<p>Hran\u00ed loterie online je jednoduch\u00e9 a m\u016f\u017eete tak u\u010dinit, a\u0165 jste kdekoli. Kdy\u017e n\u00e1s nav\u0161t\u00edv\u00edte na jackpotlotteryonline.com, m\u016f\u017eete si snadno koupit vstupy do nejlep\u0161\u00edch mezin\u00e1rodn\u00edch loteri\u00ed v\u010detn\u011b loterie Aussie. Chcete-li si koupit vstupy, jednodu\u0161e si vyberte \u010d\u00edsla a p\u0159ihlaste se do losov\u00e1n\u00ed. Nejste si jisti, jak\u00e1 \u010d\u00edsla pou\u017e\u00edt, pou\u017eijte n\u00e1\u0161 n\u00e1stroj pro rychl\u00fd v\u00fdb\u011br a vygenerujte n\u00e1hodn\u00e1 \u010d\u00edsla.<\/p>\n<p>Kdy\u017e se dostanete na str\u00e1nku s platbou, po\u017e\u00e1d\u00e1me v\u00e1s o registraci. To proto, aby v\u00e1\u0161 tiket z\u016fstal v bezpe\u010d\u00ed na va\u0161em \u00fa\u010dtu. Loterijn\u00ed hry si tak\u00e9 m\u016f\u017eete nastavit na autopilota, abyste byli automaticky za\u0159azeni do losov\u00e1n\u00ed podle sv\u00e9ho v\u00fdb\u011bru. Pokud vyhrajete, budeme v\u00e1s o tom neprodlen\u011b informovat a pot\u00e9 si m\u016f\u017eete v\u00fdhru vybrat z na\u0161\u00ed platformy.<\/p>\n<p>Usilovn\u011b pracujeme na tom, abychom v\u00e1m zjednodu\u0161ili z\u00e1\u017eitek z loterie, tak\u017ee se m\u016f\u017eete uvolnit a soust\u0159edit se na dobrou z\u00e1bavu.<\/p>\n<h2>Rozd\u011blen\u00ed v\u00fdher<\/h2>\n<p>Tato loterie Aussie m\u00e1 9 v\u00fdhern\u00edch diviz\u00ed a hr\u00e1\u010di nemus\u00ed m\u00edt shodn\u00fdch v\u0161ech 8 vylosovan\u00fdch \u010d\u00edsel, aby vyhr\u00e1li cenu. A\u010dkoli jackpotov\u00e1 v\u00fdhra za\u010d\u00edn\u00e1 na 3 milionech dolar\u016f, m\u016f\u017ee se n\u011bkolikr\u00e1t p\u0159eklopit, dokud nebude mnohem vy\u0161\u0161\u00ed.<\/p>\n<p>V\u0161imn\u011bte si, \u017ee velikost jackpotu nen\u00ed omezena, m\u016f\u017ee se v\u0161ak p\u0159evr\u00e1tit pouze 25kr\u00e1t, ne\u017e se vr\u00e1t\u00ed na 3 miliony dolar\u016f.<\/p>\n<p>V\u00fdhry v ni\u017e\u0161\u00edch diviz\u00edch p\u0159edstavuj\u00ed procento z v\u00fdhern\u00edho fondu. Pro va\u0161i p\u0159edstavu se s v\u00e1mi pod\u011bl\u00edme o pr\u016fm\u011brnou v\u00fdplatu. Nejedn\u00e1 se o zaru\u010denou v\u00fdplatu pro ka\u017ed\u00e9 slosov\u00e1n\u00ed, proto\u017ee \u010d\u00e1stky se mohou li\u0161it.<\/p>\n<p>Shoda 7 hlavn\u00edch \u010d\u00edsel + speci\u00e1ln\u00ed \u010d\u00edslo &#8211; 23 043 155,47 USD (pr\u016fm\u011brn\u00e1 v\u00fdhra)<br \/>\nPouze shoda 7 \u010d\u00edsel &#8211; 126 484,05 USD<br \/>\nShoda 6 \u010d\u00edsel + speci\u00e1ln\u00ed \u010d\u00edslo &#8211; 5 326,97 USD.<br \/>\nPouze shoda 6 \u010d\u00edsel &#8211; 454,35 USD<br \/>\nShoda 5 \u010d\u00edsel + speci\u00e1ln\u00ed \u010d\u00edslo &#8211; 158,34 USD<br \/>\nShoda 4 \u010d\u00edsel + speci\u00e1ln\u00ed \u010d\u00edslo &#8211; 70,85 USD<br \/>\nPouze shoda 5 \u010d\u00edsel &#8211; 42,23 USD<br \/>\nShoda 3 \u010d\u00edsel + speci\u00e1ln\u00ed \u010d\u00edslo &#8211; 17,57 USD<br \/>\nShoda 2 \u010d\u00edsel + speci\u00e1ln\u00ed \u010d\u00edslo &#8211; 10,71 USD<\/p>\n<h2>Jak zkontrolovat v\u00fdsledky<\/h2>\n<p>V\u00fdsledky jsou zve\u0159ejn\u011bny na na\u0161ich str\u00e1nk\u00e1ch po ka\u017ed\u00e9m losov\u00e1n\u00ed. Losov\u00e1n\u00ed prob\u00edh\u00e1 ka\u017ed\u00fd \u010dtvrtek v 19:25 na\u0161eho \u010dasu.<\/p>\n<p>Ch\u00e1peme, \u017ee n\u011bkdy se stane, \u017ee \u017eivot je takov\u00fd, \u017ee si <a href=\"https:\/\/jackpotlotteryonline.com\/cs\/vyherni-cisla\/powerball-australia\">v\u00fdsledky losov\u00e1n\u00ed nem\u016f\u017eete zkontrolovat okam\u017eit\u011b<\/a>. Pokud tedy vyhrajete n\u011bjakou cenu, upozorn\u00edme v\u00e1s nejen prost\u0159ednictv\u00edm va\u0161eho \u00fa\u010dtu, ale po\u0161leme v\u00e1m tak\u00e9 e-mail. D\u00edky tomu se v\u00e1m nestane, \u017ee byste o svou v\u00fdhru p\u0159i\u0161li.<\/p>\n<h2>Zaregistrujte se u n\u00e1s a kupte si vstupenky Powerball Australia online<\/h2>\n<p>T\u011b\u0161\u00edte se na mo\u017enost hr\u00e1t tuto loterii? My tak\u00e9 a r\u00e1di v\u00e1m ji p\u0159ineseme na mobiln\u00ed za\u0159\u00edzen\u00ed ve va\u0161\u00ed bl\u00edzkosti. Jakmile budete m\u00edt p\u0159ipojen\u00ed k internetu, m\u016f\u017eete si zakoupit vstup do australsk\u00e9 loterie.<\/p>\n<p>Loterie je z\u00e1bavn\u00e1 hra a v\u0161ude se vypr\u00e1v\u011bj\u00ed p\u0159\u00edb\u011bhy loterijn\u00edch v\u00fdherc\u016f. M\u016f\u017eete b\u00fdt dal\u0161\u00edm v\u00fdhercem, ale nedozv\u00edte se to, pokud se nez\u00fa\u010dastn\u00edte losov\u00e1n\u00ed. Zjednodu\u0161ili jsme cel\u00fd proces, aby pro v\u00e1s byl bez stresu. Nemus\u00edte opou\u0161t\u011bt na\u0161i str\u00e1nku, abyste mohli prov\u00e9st jak\u00fdkoli \u00fakol souvisej\u00edc\u00ed s loteri\u00ed. Je to tak jednoduch\u00e9.<\/p>\n<p>Bez ohledu na to, kde na sv\u011bt\u011b se nach\u00e1z\u00edte, m\u016f\u017eete si vstup do nejv\u011bt\u0161\u00ed australsk\u00e9 loterie koupit p\u0159\u00edmo zde na na\u0161ich str\u00e1nk\u00e1ch. Zaregistrujte se u n\u00e1s je\u0161t\u011b dnes.<\/p>\n","protected":false},"excerpt":{"rendered":"<p>P\u0159i pomy\u0161len\u00ed na tuto loterii se v\u00e1m jako prvn\u00ed vybav\u00ed americk\u00e1 loterie, nikoliv jej\u00ed australsk\u00e1 verze. Tuto \u00fa\u017easnou loterii miluj\u00ed austral\u0161t\u00ed loterijn\u00ed nad\u0161enci. Powerball Australia se rychle st\u00e1v\u00e1 jednou z obl\u00edben\u00fdch mezin\u00e1rodn\u00edch loteri\u00ed, proto\u017ee s\u00e1zej\u00edc\u00ed po cel\u00e9m sv\u011bt\u011b si uv\u011bdomuj\u00ed jej\u00ed potenci\u00e1l. S garantovan\u00fdm minim\u00e1ln\u00edm jackpotem ve v\u00fd\u0161i 3 milion\u016f dolar\u016f se \u010d\u00e1stka p\u0159ev\u00e1d\u00ed, pokud [&hellip;]<\/p>\n","protected":false},"author":1,"featured_media":0,"parent":35740,"menu_order":17,"comment_status":"closed","ping_status":"closed","template":"powerball-au-info.php","meta":{"_et_pb_use_builder":"","_et_pb_old_content":"","_et_gb_content_width":"","exclude_from_search":false,"footnotes":""},"class_list":["post-37138","page","type-page","status-publish","hentry"],"yoast_head":"<!-- This site is optimized with the Yoast SEO plugin v23.3 - https:\/\/yoast.com\/wordpress\/plugins\/seo\/ -->\n<title>Koupit losy Powerball Australia z m\u00edsta mimo Austr\u00e1lii<\/title>\n<meta name=\"description\" content=\"Australsk\u00e1 verze loterie Powerball - m\u016f\u017eete se j\u00ed z\u00fa\u010dastnit, pokud si jednodu\u0161e koup\u00edte tiket online p\u0159\u00edmo zde na na\u0161ich webov\u00fdch str\u00e1nk\u00e1ch.\" \/>\n<meta name=\"robots\" content=\"index, follow, max-snippet:-1, max-image-preview:large, max-video-preview:-1\" \/>\n<link rel=\"canonical\" href=\"https:\/\/jackpotlotteryonline.com\/cs\/koupit-vstupenky\/powerball-australia\/\" \/>\n<meta property=\"og:locale\" content=\"cs_CZ\" \/>\n<meta property=\"og:type\" content=\"article\" \/>\n<meta property=\"og:title\" content=\"Koupit losy Powerball Australia z m\u00edsta mimo Austr\u00e1lii\" \/>\n<meta property=\"og:description\" content=\"Australsk\u00e1 verze loterie Powerball - m\u016f\u017eete se j\u00ed z\u00fa\u010dastnit, pokud si jednodu\u0161e koup\u00edte tiket online p\u0159\u00edmo zde na na\u0161ich webov\u00fdch str\u00e1nk\u00e1ch.\" \/>\n<meta property=\"og:url\" content=\"https:\/\/jackpotlotteryonline.com\/cs\/koupit-vstupenky\/powerball-australia\/\" \/>\n<meta property=\"og:site_name\" content=\"Lotto Online - Crack The International Lottery Jackpots\" \/>\n<meta property=\"article:modified_time\" content=\"2022-12-24T11:57:31+00:00\" \/>\n<meta property=\"og:image\" content=\"https:\/\/jackpotlotteryonline.com\/wp-content\/uploads\/2022\/11\/logo_powerball-300x50-1.jpg\" \/>\n<meta name=\"twitter:card\" content=\"summary_large_image\" \/>\n<meta name=\"twitter:label1\" content=\"Odhadovan\u00e1 doba \u010dten\u00ed\" \/>\n\t<meta name=\"twitter:data1\" content=\"5 minut\" \/>\n<!-- \/ Yoast SEO plugin. -->","yoast_head_json":{"title":"Koupit losy Powerball Australia z m\u00edsta mimo Austr\u00e1lii","description":"Australsk\u00e1 verze loterie Powerball - m\u016f\u017eete se j\u00ed z\u00fa\u010dastnit, pokud si jednodu\u0161e koup\u00edte tiket online p\u0159\u00edmo zde na na\u0161ich webov\u00fdch str\u00e1nk\u00e1ch.","robots":{"index":"index","follow":"follow","max-snippet":"max-snippet:-1","max-image-preview":"max-image-preview:large","max-video-preview":"max-video-preview:-1"},"canonical":"https:\/\/jackpotlotteryonline.com\/cs\/koupit-vstupenky\/powerball-australia\/","og_locale":"cs_CZ","og_type":"article","og_title":"Koupit losy Powerball Australia z m\u00edsta mimo Austr\u00e1lii","og_description":"Australsk\u00e1 verze loterie Powerball - m\u016f\u017eete se j\u00ed z\u00fa\u010dastnit, pokud si jednodu\u0161e koup\u00edte tiket online p\u0159\u00edmo zde na na\u0161ich webov\u00fdch str\u00e1nk\u00e1ch.","og_url":"https:\/\/jackpotlotteryonline.com\/cs\/koupit-vstupenky\/powerball-australia\/","og_site_name":"Lotto Online - Crack The International Lottery Jackpots","article_modified_time":"2022-12-24T11:57:31+00:00","og_image":[{"url":"https:\/\/jackpotlotteryonline.com\/wp-content\/uploads\/2022\/11\/logo_powerball-300x50-1.jpg"}],"twitter_card":"summary_large_image","twitter_misc":{"Odhadovan\u00e1 doba \u010dten\u00ed":"5 minut"},"schema":{"@context":"https:\/\/schema.org","@graph":[{"@type":"WebPage","@id":"https:\/\/jackpotlotteryonline.com\/cs\/koupit-vstupenky\/powerball-australia\/","url":"https:\/\/jackpotlotteryonline.com\/cs\/koupit-vstupenky\/powerball-australia\/","name":"Koupit losy Powerball Australia z m\u00edsta mimo Austr\u00e1lii","isPartOf":{"@id":"https:\/\/jackpotlotteryonline.com\/#website"},"primaryImageOfPage":{"@id":"https:\/\/jackpotlotteryonline.com\/cs\/koupit-vstupenky\/powerball-australia\/#primaryimage"},"image":{"@id":"https:\/\/jackpotlotteryonline.com\/cs\/koupit-vstupenky\/powerball-australia\/#primaryimage"},"thumbnailUrl":"https:\/\/jackpotlotteryonline.com\/wp-content\/uploads\/2022\/11\/logo_powerball-300x50-1.jpg","datePublished":"2022-11-10T11:13:28+00:00","dateModified":"2022-12-24T11:57:31+00:00","description":"Australsk\u00e1 verze loterie Powerball - m\u016f\u017eete se j\u00ed z\u00fa\u010dastnit, pokud si jednodu\u0161e koup\u00edte tiket online p\u0159\u00edmo zde na na\u0161ich webov\u00fdch str\u00e1nk\u00e1ch.","breadcrumb":{"@id":"https:\/\/jackpotlotteryonline.com\/cs\/koupit-vstupenky\/powerball-australia\/#breadcrumb"},"inLanguage":"cs","potentialAction":[{"@type":"ReadAction","target":["https:\/\/jackpotlotteryonline.com\/cs\/koupit-vstupenky\/powerball-australia\/"]}]},{"@type":"ImageObject","inLanguage":"cs","@id":"https:\/\/jackpotlotteryonline.com\/cs\/koupit-vstupenky\/powerball-australia\/#primaryimage","url":"https:\/\/jackpotlotteryonline.com\/wp-content\/uploads\/2022\/11\/logo_powerball-300x50-1.jpg","contentUrl":"https:\/\/jackpotlotteryonline.com\/wp-content\/uploads\/2022\/11\/logo_powerball-300x50-1.jpg"},{"@type":"BreadcrumbList","@id":"https:\/\/jackpotlotteryonline.com\/cs\/koupit-vstupenky\/powerball-australia\/#breadcrumb","itemListElement":[{"@type":"ListItem","position":1,"name":"Home","item":"https:\/\/jackpotlotteryonline.com\/cs\/"},{"@type":"ListItem","position":2,"name":"Jak koupit losy online","item":"https:\/\/jackpotlotteryonline.com\/buy-tickets\/"},{"@type":"ListItem","position":3,"name":"Koupit vstupenky Powerball Australia"}]},{"@type":"WebSite","@id":"https:\/\/jackpotlotteryonline.com\/#website","url":"https:\/\/jackpotlotteryonline.com\/","name":"Lotto Online - Crack The International Lottery Jackpots","description":"","potentialAction":[{"@type":"SearchAction","target":{"@type":"EntryPoint","urlTemplate":"https:\/\/jackpotlotteryonline.com\/?s={search_term_string}"},"query-input":"required name=search_term_string"}],"inLanguage":"cs"}]}},"_links":{"self":[{"href":"https:\/\/jackpotlotteryonline.com\/cs\/wp-json\/wp\/v2\/pages\/37138","targetHints":{"allow":["GET"]}}],"collection":[{"href":"https:\/\/jackpotlotteryonline.com\/cs\/wp-json\/wp\/v2\/pages"}],"about":[{"href":"https:\/\/jackpotlotteryonline.com\/cs\/wp-json\/wp\/v2\/types\/page"}],"author":[{"embeddable":true,"href":"https:\/\/jackpotlotteryonline.com\/cs\/wp-json\/wp\/v2\/users\/1"}],"replies":[{"embeddable":true,"href":"https:\/\/jackpotlotteryonline.com\/cs\/wp-json\/wp\/v2\/comments?post=37138"}],"version-history":[{"count":0,"href":"https:\/\/jackpotlotteryonline.com\/cs\/wp-json\/wp\/v2\/pages\/37138\/revisions"}],"up":[{"embeddable":true,"href":"https:\/\/jackpotlotteryonline.com\/cs\/wp-json\/wp\/v2\/pages\/35740"}],"wp:attachment":[{"href":"https:\/\/jackpotlotteryonline.com\/cs\/wp-json\/wp\/v2\/media?parent=37138"}],"curies":[{"name":"wp","href":"https:\/\/api.w.org\/{rel}","templated":true}]}}