{"id":37192,"date":"2022-11-10T13:35:41","date_gmt":"2022-11-10T13:35:41","guid":{"rendered":"https:\/\/jackpotlotteryonline.com\/?page_id=37192"},"modified":"2022-12-24T09:59:42","modified_gmt":"2022-12-24T09:59:42","slug":"oz-lotto","status":"publish","type":"page","link":"https:\/\/jackpotlotteryonline.com\/cs\/koupit-vstupenky\/oz-lotto\/","title":{"rendered":"Koupit vstupenky Oz Lotto"},"content":{"rendered":"<p>Oz Lotto je prvn\u00ed australsk\u00e1 n\u00e1rodn\u00ed loterie. Za\u010dala se hr\u00e1t v roce 1994 a d\u00edky \u0161t\u011bdr\u00e9 hlavn\u00ed v\u00fdh\u0159e se stala obl\u00edbenou mezi s\u00e1zej\u00edc\u00edmi po cel\u00e9m sv\u011bt\u011b. Hr\u00e1\u010de v\u0161ak oslovuje v\u00edce ne\u017e jen vysok\u00e1 v\u00fdhra.<\/p>\n<p>R\u016fzn\u00e9 loterie maj\u00ed sv\u00e1 pravidla a metody, ale jedno maj\u00ed spole\u010dn\u00e9: \u0161ance nejsou v\u017edy p\u0159\u00edzniv\u00e9. To v\u0161ak nen\u00ed p\u0159\u00edpad t\u00e9to australsk\u00e9 loterie. Pokud hled\u00e1te loterii, kter\u00e1 m\u00e1 neuv\u011b\u0159iteln\u00e9 \u0161ance, pak si zahrajte tuto loterii Oz.<\/p>\n<p>Obecn\u011b plat\u00ed, \u017ee loterie jsou p\u0159\u00edstupn\u00e9 pro obyvatele zem\u00ed, ve kter\u00fdch se loterie kon\u00e1. Tato loterie je tedy p\u0159\u00edstupn\u00e1 t\u011bm, kte\u0159\u00ed \u017eij\u00ed v Austr\u00e1lii. Pro \u00fa\u010dast v loterii nemus\u00edte b\u00fdt jej\u00edm ob\u010danem. Pokud v\u0161ak \u017eijete mimo tuto zemi, budete si muset koupit losy online.<\/p>\n<h2>Jak si koupit losy Oz Lotto po cel\u00e9m sv\u011bt\u011b<\/h2>\n<p><img loading=\"lazy\" decoding=\"async\" class=\"alignright size-full wp-image-31532\" src=\"http:\/\/jackpotlotteryonline.com\/wp-content\/uploads\/2022\/11\/lottoballs.jpg\" alt=\"Oz loterie\" width=\"245\" height=\"123\" \/><\/p>\n<p>Nejpohodln\u011bj\u0161\u00edm a nejjednodu\u0161\u0161\u00edm zp\u016fsobem, jak z\u00edskat p\u0159\u00edstup k loterii Oz Lottery ze zem\u00ed mimo Austr\u00e1lii, je internet. Existuj\u00ed online prodejci loteri\u00ed, kte\u0159\u00ed hr\u00e1\u010d\u016fm umo\u017e\u0148uj\u00ed p\u0159\u00edstup ke \u0161pi\u010dkov\u00fdm mezin\u00e1rodn\u00edm loteri\u00edm. Tyto str\u00e1nky poskytuj\u00ed leg\u00e1ln\u00ed zp\u016fsob, jak si hr\u00e1\u010di z cel\u00e9ho sv\u011bta mohou vyzkou\u0161et vyhr\u00e1t miliony.<\/p>\n<p>Internet poskytuje sv\u011bt t\u00e9m\u011b\u0159 nekone\u010dn\u00fdch mo\u017enost\u00ed a ne v\u0161echny jsou pozitivn\u00ed. Hled\u00e1n\u00ed libovoln\u00e9 n\u00e1hodn\u00e9 loterijn\u00ed str\u00e1nky m\u016f\u017ee v\u00e9st k nep\u0159\u00edjemn\u00fdm zku\u0161enostem. Proto je v\u017edy dobr\u00e9 hledat d\u016fv\u011bryhodn\u00e9 str\u00e1nky, kter\u00e9 maj\u00ed se s\u00e1zej\u00edc\u00edmi zku\u0161enosti. N\u00ed\u017ee se s v\u00e1mi pod\u011bl\u00edme o tipy, kter\u00e9 v\u00e1m pomohou vybrat spr\u00e1vn\u00e9ho prodejce loteri\u00ed na internetu.<\/p>\n<h2>Tipy pro pou\u017eit\u00ed spr\u00e1vn\u00e9 loterijn\u00ed str\u00e1nky<\/h2>\n<p>Pou\u017e\u00edvejte pouze prodejce, kte\u0159\u00ed jsou registrovan\u00ed podle z\u00e1kona. Leg\u00e1ln\u00ed prodejce loterie by m\u011bl m\u00edt provozn\u00ed licenci a s\u00eddlo. Tyto \u00fadaje by m\u011bly b\u00fdt uvedeny na webov\u00fdch str\u00e1nk\u00e1ch, aby byla zaji\u0161t\u011bna jejich pravost.<\/p>\n<p>Ujist\u011bte se, \u017ee maj\u00ed \u0161irokou nab\u00eddku mezin\u00e1rodn\u00edch loteri\u00ed. Nem\u00e1 smysl registrovat se na webu, kter\u00fd zobrazuje jen n\u011bkolik loteri\u00ed. Hlavn\u00ed podstatou <a href=\"https:\/\/jackpotlotteryonline.com\/cs\/jak-hrat\/oz-lotto\">hran\u00ed loterie na internetu<\/a> je dostupnost a pohodl\u00ed. Co je pohodln\u011bj\u0161\u00edho ne\u017e mo\u017enost p\u0159ihl\u00e1sit se do v\u00edce mezin\u00e1rodn\u00edch loteri\u00ed, a to v\u0161e z jednoho m\u00edsta na internetu?<\/p>\n<p>Pokud se chcete do loterie p\u0159ihl\u00e1sit, pou\u017eijte web s vr\u00e1tnic\u00ed. Tento posledn\u00ed tip je velmi d\u016fle\u017eit\u00fd, proto\u017ee se m\u016f\u017eete rozlou\u010dit se sv\u00fdmi pen\u011bzi, ani\u017e byste se do loterie skute\u010dn\u011b p\u0159ihl\u00e1sili. N\u011bkter\u00e9 loterijn\u00ed str\u00e1nky toti\u017e umo\u017e\u0148uj\u00ed hr\u00e1\u010d\u016fm s\u00e1zet na v\u00fdsledek. Tak\u017ee i kdy\u017e se va\u0161e \u010d\u00edsla shoduj\u00ed, budete m\u00edt n\u00e1rok pouze na zlomek jackpotu, proto\u017ee jste se loterie nez\u00fa\u010dastnili.<\/p>\n<section class=\"layout\" style=\"border: solid 1px; width: 100%;\">\n<div class=\"img-div\" style=\"margin-top: 5px;\"><img decoding=\"async\" class=\"wp-image-17212 alignleft\" style=\"height: 45px; margin: 8px 8px 0px;\" src=\"http:\/\/jackpotlotteryonline.com\/wp-content\/uploads\/2022\/11\/read1.jpg\" alt=\"P\u0159e\u010dt\u011bte si\" width=\"\" height=\"\" \/><\/div>\n<div style=\"padding-left: 5px;\">\n<div style=\"font-size: 1.1em;\">\n<p><strong>Loterijn\u00ed podvody, o kter\u00fdch byste m\u011bli v\u011bd\u011bt<\/strong><\/p>\n<p style=\"font-size: 0.85em; margin-top: -1.5em;\">Nenechte se chytit do loterijn\u00edch past\u00ed\u00a0 <a href=\"https:\/\/jackpotlotteryonline.com\/cs\/pozor-na-online-loterijni-podvody\"> P\u0159e\u010dt\u011bte si v\u00edce<\/a><\/p>\n<\/div>\n<\/div>\n<\/section>\n<h2>Zaregistrujte se u n\u00e1s a vstupte do loterie online<\/h2>\n<p><img loading=\"lazy\" decoding=\"async\" class=\"size-medium wp-image-34403 alignright\" src=\"http:\/\/jackpotlotteryonline.com\/wp-content\/uploads\/2022\/11\/2_ticket_oz_lotto2-179x300.jpg\" alt=\"Losy Oz Lotto\" width=\"179\" height=\"300\" srcset=\"https:\/\/jackpotlotteryonline.com\/wp-content\/uploads\/2022\/11\/2_ticket_oz_lotto2-179x300.jpg 179w, https:\/\/jackpotlotteryonline.com\/wp-content\/uploads\/2022\/11\/2_ticket_oz_lotto2.jpg 250w\" sizes=\"auto, (max-width: 179px) 100vw, 179px\" \/><\/p>\n<p>N\u00e1kup los\u016f p\u0159es internet nebo prost\u0159ednictv\u00edm mobiln\u00ed aplikace je jednoduch\u00fd a bezprobl\u00e9mov\u00fd. Jakmile si ur\u010d\u00edte prodejce, kter\u00e9ho chcete vyu\u017e\u00edt, nav\u0161tivte jeho str\u00e1nky a vyberte si vybranou loterii. Dal\u0161\u00edm krokem je v\u00fdb\u011br \u010d\u00edsel. V p\u0159\u00edpad\u011b programu Oz Lotto je t\u0159eba vybrat deset \u010d\u00edsel od 1 do 47.<\/p>\n<p><a href=\"https:\/\/jackpotlotteryonline.com\/cs\/vyherni-cisla\/oz-lotto\">Vstupte do slosov\u00e1n\u00ed a prove\u010fte platbu<\/a>. Losov\u00e1n\u00ed prob\u00edh\u00e1 jednou t\u00fddn\u011b v \u00fater\u00fd. Zaj\u00edmav\u00e9 na hran\u00ed online je, \u017ee si m\u016f\u017eete zakoupit v\u00edce tiket\u016f a p\u0159ihl\u00e1sit se do n\u011bkolika losov\u00e1n\u00ed p\u0159edem. Tak\u00e9 pokud si nejste jisti, jak\u00e9 \u010d\u00edslo vybrat, m\u016f\u017eete snadno pou\u017e\u00edt automatick\u00fd v\u00fdb\u011br \u010d\u00edsla.<\/p>\n<p>Jak jsme ji\u017e \u0159ekli, hran\u00ed loterie p\u0159es internet je pohodln\u00fd a bezstresov\u00fd zp\u016fsob, jak z\u00edskat p\u0159\u00edjemn\u00fd z\u00e1\u017eitek. A\u0165 u\u017e jste zku\u0161en\u00fd s\u00e1zej\u00edc\u00ed, nebo jste nov\u00e1\u010dek, pr\u00e1v\u011b zde m\u016f\u017eete pro\u017e\u00edt b\u00e1je\u010dnou cestu. Na\u0161e slu\u017eby concierge poskytuj\u00ed hr\u00e1\u010d\u016fm leg\u00e1ln\u00ed zp\u016fsob, jak se do loterie p\u0159ihl\u00e1sit. Kdy\u017e si u n\u00e1s zakoup\u00edte los Oz lotto, z\u00edsk\u00e1te skute\u010dnou nab\u00eddku.<\/p>\n","protected":false},"excerpt":{"rendered":"<p>Oz Lotto je prvn\u00ed australsk\u00e1 n\u00e1rodn\u00ed loterie. Za\u010dala se hr\u00e1t v roce 1994 a d\u00edky \u0161t\u011bdr\u00e9 hlavn\u00ed v\u00fdh\u0159e se stala obl\u00edbenou mezi s\u00e1zej\u00edc\u00edmi po cel\u00e9m sv\u011bt\u011b. Hr\u00e1\u010de v\u0161ak oslovuje v\u00edce ne\u017e jen vysok\u00e1 v\u00fdhra. R\u016fzn\u00e9 loterie maj\u00ed sv\u00e1 pravidla a metody, ale jedno maj\u00ed spole\u010dn\u00e9: \u0161ance nejsou v\u017edy p\u0159\u00edzniv\u00e9. To v\u0161ak nen\u00ed p\u0159\u00edpad t\u00e9to australsk\u00e9 [&hellip;]<\/p>\n","protected":false},"author":1,"featured_media":0,"parent":35740,"menu_order":16,"comment_status":"closed","ping_status":"closed","template":"","meta":{"_et_pb_use_builder":"","_et_pb_old_content":"","_et_gb_content_width":"","exclude_from_search":false,"footnotes":""},"class_list":["post-37192","page","type-page","status-publish","hentry"],"yoast_head":"<!-- This site is optimized with the Yoast SEO plugin v23.3 - https:\/\/yoast.com\/wordpress\/plugins\/seo\/ -->\n<title>Koupit losy Oz Lotto z \u00fazem\u00ed mimo Austr\u00e1lii | Losy Oz Lotto online<\/title>\n<meta name=\"description\" content=\"OZ Lotto je pro v\u00e1s hrateln\u00e9, pokud ne\u017eijete v Austr\u00e1lii, m\u016f\u017eeme v\u00e1m sehnat leg\u00e1ln\u00ed tiket t\u00e9to australsk\u00e9 loterie online.\" \/>\n<meta name=\"robots\" content=\"index, follow, max-snippet:-1, max-image-preview:large, max-video-preview:-1\" \/>\n<link rel=\"canonical\" href=\"https:\/\/jackpotlotteryonline.com\/cs\/koupit-vstupenky\/oz-lotto\/\" \/>\n<meta property=\"og:locale\" content=\"cs_CZ\" \/>\n<meta property=\"og:type\" content=\"article\" \/>\n<meta property=\"og:title\" content=\"Koupit losy Oz Lotto z \u00fazem\u00ed mimo Austr\u00e1lii | Losy Oz Lotto online\" \/>\n<meta property=\"og:description\" content=\"OZ Lotto je pro v\u00e1s hrateln\u00e9, pokud ne\u017eijete v Austr\u00e1lii, m\u016f\u017eeme v\u00e1m sehnat leg\u00e1ln\u00ed tiket t\u00e9to australsk\u00e9 loterie online.\" \/>\n<meta property=\"og:url\" content=\"https:\/\/jackpotlotteryonline.com\/cs\/koupit-vstupenky\/oz-lotto\/\" \/>\n<meta property=\"og:site_name\" content=\"Lotto Online - Crack The International Lottery Jackpots\" \/>\n<meta property=\"article:modified_time\" content=\"2022-12-24T09:59:42+00:00\" \/>\n<meta property=\"og:image\" content=\"http:\/\/jackpotlotteryonline.com\/wp-content\/uploads\/2022\/11\/lottoballs.jpg\" \/>\n<meta name=\"twitter:card\" content=\"summary_large_image\" \/>\n<meta name=\"twitter:label1\" content=\"Odhadovan\u00e1 doba \u010dten\u00ed\" \/>\n\t<meta name=\"twitter:data1\" content=\"3 minuty\" \/>\n<!-- \/ Yoast SEO plugin. -->","yoast_head_json":{"title":"Koupit losy Oz Lotto z \u00fazem\u00ed mimo Austr\u00e1lii | Losy Oz Lotto online","description":"OZ Lotto je pro v\u00e1s hrateln\u00e9, pokud ne\u017eijete v Austr\u00e1lii, m\u016f\u017eeme v\u00e1m sehnat leg\u00e1ln\u00ed tiket t\u00e9to australsk\u00e9 loterie online.","robots":{"index":"index","follow":"follow","max-snippet":"max-snippet:-1","max-image-preview":"max-image-preview:large","max-video-preview":"max-video-preview:-1"},"canonical":"https:\/\/jackpotlotteryonline.com\/cs\/koupit-vstupenky\/oz-lotto\/","og_locale":"cs_CZ","og_type":"article","og_title":"Koupit losy Oz Lotto z \u00fazem\u00ed mimo Austr\u00e1lii | Losy Oz Lotto online","og_description":"OZ Lotto je pro v\u00e1s hrateln\u00e9, pokud ne\u017eijete v Austr\u00e1lii, m\u016f\u017eeme v\u00e1m sehnat leg\u00e1ln\u00ed tiket t\u00e9to australsk\u00e9 loterie online.","og_url":"https:\/\/jackpotlotteryonline.com\/cs\/koupit-vstupenky\/oz-lotto\/","og_site_name":"Lotto Online - Crack The International Lottery Jackpots","article_modified_time":"2022-12-24T09:59:42+00:00","og_image":[{"url":"http:\/\/jackpotlotteryonline.com\/wp-content\/uploads\/2022\/11\/lottoballs.jpg"}],"twitter_card":"summary_large_image","twitter_misc":{"Odhadovan\u00e1 doba \u010dten\u00ed":"3 minuty"},"schema":{"@context":"https:\/\/schema.org","@graph":[{"@type":"WebPage","@id":"https:\/\/jackpotlotteryonline.com\/cs\/koupit-vstupenky\/oz-lotto\/","url":"https:\/\/jackpotlotteryonline.com\/cs\/koupit-vstupenky\/oz-lotto\/","name":"Koupit losy Oz Lotto z \u00fazem\u00ed mimo Austr\u00e1lii | Losy Oz Lotto online","isPartOf":{"@id":"https:\/\/jackpotlotteryonline.com\/#website"},"primaryImageOfPage":{"@id":"https:\/\/jackpotlotteryonline.com\/cs\/koupit-vstupenky\/oz-lotto\/#primaryimage"},"image":{"@id":"https:\/\/jackpotlotteryonline.com\/cs\/koupit-vstupenky\/oz-lotto\/#primaryimage"},"thumbnailUrl":"http:\/\/jackpotlotteryonline.com\/wp-content\/uploads\/2022\/11\/lottoballs.jpg","datePublished":"2022-11-10T13:35:41+00:00","dateModified":"2022-12-24T09:59:42+00:00","description":"OZ Lotto je pro v\u00e1s hrateln\u00e9, pokud ne\u017eijete v Austr\u00e1lii, m\u016f\u017eeme v\u00e1m sehnat leg\u00e1ln\u00ed tiket t\u00e9to australsk\u00e9 loterie online.","breadcrumb":{"@id":"https:\/\/jackpotlotteryonline.com\/cs\/koupit-vstupenky\/oz-lotto\/#breadcrumb"},"inLanguage":"cs","potentialAction":[{"@type":"ReadAction","target":["https:\/\/jackpotlotteryonline.com\/cs\/koupit-vstupenky\/oz-lotto\/"]}]},{"@type":"ImageObject","inLanguage":"cs","@id":"https:\/\/jackpotlotteryonline.com\/cs\/koupit-vstupenky\/oz-lotto\/#primaryimage","url":"http:\/\/jackpotlotteryonline.com\/wp-content\/uploads\/2022\/11\/lottoballs.jpg","contentUrl":"http:\/\/jackpotlotteryonline.com\/wp-content\/uploads\/2022\/11\/lottoballs.jpg"},{"@type":"BreadcrumbList","@id":"https:\/\/jackpotlotteryonline.com\/cs\/koupit-vstupenky\/oz-lotto\/#breadcrumb","itemListElement":[{"@type":"ListItem","position":1,"name":"Home","item":"https:\/\/jackpotlotteryonline.com\/cs\/"},{"@type":"ListItem","position":2,"name":"Jak koupit losy online","item":"https:\/\/jackpotlotteryonline.com\/buy-tickets\/"},{"@type":"ListItem","position":3,"name":"Koupit vstupenky Oz Lotto"}]},{"@type":"WebSite","@id":"https:\/\/jackpotlotteryonline.com\/#website","url":"https:\/\/jackpotlotteryonline.com\/","name":"Lotto Online - Crack The International Lottery Jackpots","description":"","potentialAction":[{"@type":"SearchAction","target":{"@type":"EntryPoint","urlTemplate":"https:\/\/jackpotlotteryonline.com\/?s={search_term_string}"},"query-input":"required name=search_term_string"}],"inLanguage":"cs"}]}},"_links":{"self":[{"href":"https:\/\/jackpotlotteryonline.com\/cs\/wp-json\/wp\/v2\/pages\/37192","targetHints":{"allow":["GET"]}}],"collection":[{"href":"https:\/\/jackpotlotteryonline.com\/cs\/wp-json\/wp\/v2\/pages"}],"about":[{"href":"https:\/\/jackpotlotteryonline.com\/cs\/wp-json\/wp\/v2\/types\/page"}],"author":[{"embeddable":true,"href":"https:\/\/jackpotlotteryonline.com\/cs\/wp-json\/wp\/v2\/users\/1"}],"replies":[{"embeddable":true,"href":"https:\/\/jackpotlotteryonline.com\/cs\/wp-json\/wp\/v2\/comments?post=37192"}],"version-history":[{"count":0,"href":"https:\/\/jackpotlotteryonline.com\/cs\/wp-json\/wp\/v2\/pages\/37192\/revisions"}],"up":[{"embeddable":true,"href":"https:\/\/jackpotlotteryonline.com\/cs\/wp-json\/wp\/v2\/pages\/35740"}],"wp:attachment":[{"href":"https:\/\/jackpotlotteryonline.com\/cs\/wp-json\/wp\/v2\/media?parent=37192"}],"curies":[{"name":"wp","href":"https:\/\/api.w.org\/{rel}","templated":true}]}}