{"id":37249,"date":"2022-11-11T07:42:32","date_gmt":"2022-11-11T07:42:32","guid":{"rendered":"https:\/\/jackpotlotteryonline.com\/?page_id=37249"},"modified":"2022-12-24T19:36:44","modified_gmt":"2022-12-24T19:36:44","slug":"saturday-lotto","status":"publish","type":"page","link":"https:\/\/jackpotlotteryonline.com\/cs\/koupit-vstupenky\/saturday-lotto\/","title":{"rendered":"Koupit vstupenky na sobotu Lotto Austr\u00e1lie"},"content":{"rendered":"<p>Austr\u00e1lie m\u00e1 mnoho loteri\u00ed, nap\u0159\u00edklad Wednesday Lotto, Powerball a Saturday Lotto Australia. Sobotn\u00ed loterie je mezi hr\u00e1\u010di obl\u00edben\u00e1 a d\u00e1v\u00e1 lidem n\u011bco, na co se mohou ka\u017ed\u00fd t\u00fdden t\u011b\u0161it. Kdy\u017e tato loterie za\u010dala, mohli se j\u00ed z\u00fa\u010dastnit pouze hr\u00e1\u010di v Oz. Na\u0161t\u011bst\u00ed se nyn\u00ed mohou sobotn\u00ed loterie \u00fa\u010dastnit s\u00e1zej\u00edc\u00ed z cel\u00e9ho sv\u011bta.<\/p>\n<p>Jak si tedy m\u016f\u017eete koupit tikety Saturday Lotto mimo zemi? Pro\u010d nepokra\u010dovat ve \u010dten\u00ed a nezjistit to? Provedeme v\u00e1s cel\u00fdm procesem a odpov\u00edme na v\u0161echny va\u0161e ot\u00e1zky. T\u011bm, kte\u0159\u00ed tuto loterii neznaj\u00ed, v\u011bnujeme tak\u00e9 trochu \u010dasu, abychom si o n\u00ed pov\u011bd\u011bli. Doufejme, \u017ee a\u017e do\u010dtete, budete m\u00edt chu\u0165 si losy t\u00e9to loterie koupit.<\/p>\n<h2>Co je Saturday Lotto Australia<\/h2>\n<p>Jedn\u00e1 se o loterii, kter\u00e1 byla v zemi zavedena v roce 1972 a nyn\u00ed se stala jednou z nejobl\u00edben\u011bj\u0161\u00edch loteri\u00ed pro s\u00e1zej\u00edc\u00ed. V n\u011bkter\u00fdch \u010d\u00e1stech zem\u011b je zn\u00e1m\u00e1 jako Tatts lotto, X lotto a Gold lotto a provozuje ji loterijn\u00ed skupina Tatts.<\/p>\n<p>Tato loterie m\u00e1 \u0161est v\u00fdhern\u00edch diviz\u00ed, o kter\u00fdch si pov\u00edme za chv\u00edli. Sobotn\u00ed loterie m\u00e1 po\u010d\u00e1te\u010dn\u00ed jackpot 5 milion\u016f australsk\u00fdch dolar\u016f. \u00da\u017easn\u00e9 je, \u017ee \u0161ance na v\u00fdhru jackpotu jsou opravdu vysok\u00e9. Na rozd\u00edl od jin\u00fdch loteri\u00ed sta\u010d\u00ed, aby hr\u00e1\u010d k v\u00fdh\u0159e jackpotu trefil hlavn\u00ed \u010d\u00edsla.<\/p>\n<p>Existuj\u00ed sice dopl\u0148kov\u00e1 \u010d\u00edsla, ale ta se pou\u017e\u00edvaj\u00ed k ur\u010den\u00ed v\u00fdherc\u016f dal\u0161\u00edch v\u00fdhern\u00edch diviz\u00ed. O mnoh\u00e9m vypov\u00edd\u00e1, \u017ee i kdy\u017e je loterie t\u00e9m\u011b\u0159 na ka\u017ed\u00fd den v t\u00fddnu, Australany l\u00e1k\u00e1 pr\u00e1v\u011b tato. N\u00ed\u017ee si pov\u00edme o tom, jak tuto loterii hr\u00e1t a o jednotliv\u00fdch v\u00fdhern\u00edch diviz\u00edch.<\/p>\n<h2>Jak hr\u00e1t sobotn\u00ed loterii<\/h2>\n<p><img loading=\"lazy\" decoding=\"async\" class=\"alignright size-full wp-image-35132\" src=\"http:\/\/jackpotlotteryonline.com\/wp-content\/uploads\/2022\/11\/2_ticket_saturday_lotto_au2-1-180x300-1.jpg\" alt=\"Los sobotn\u00ed loterie\" width=\"180\" height=\"300\" \/><\/p>\n<p>Pro <a href=\"https:\/\/jackpotlotteryonline.com\/cs\/jak-hrat\/saturday-lotto\">hran\u00ed t\u00e9to loterie<\/a> mus\u00ed hr\u00e1\u010d vybrat 6 hlavn\u00edch \u010d\u00edsel v rozmez\u00ed 1 a\u017e 45. D\u00e1le 2 dopl\u0148kov\u00e1 \u010d\u00edsla od 1 do 6. Dopl\u0148kov\u00e1 \u010d\u00edsla se p\u0159i ur\u010dov\u00e1n\u00ed jackpotu nepou\u017e\u00edvaj\u00ed. Hr\u00e1\u010di sta\u010d\u00ed, aby se shodoval s osmi vylosovan\u00fdmi \u010d\u00edsly a vyhr\u00e1l jackpot.<\/p>\n<p>B\u011bhem losov\u00e1n\u00ed se n\u00e1hodn\u011b vybere \u0161est m\u00ed\u010dk\u016f ze sudu, ve kter\u00e9m je 45 m\u00ed\u010dk\u016f. \u010c\u00edsla na t\u011bchto m\u00ed\u010dc\u00edch jsou v\u00fdhern\u00ed \u010d\u00edsla a ka\u017ed\u00fd tiket, kter\u00fd se s nimi shoduje, je v\u00fdhern\u00ed. Pot\u00e9 se z dal\u0161\u00edho sudu se \u0161esti m\u00ed\u010dky vyberou dal\u0161\u00ed dva m\u00ed\u010dky. To jsou dopl\u0148kov\u00e1 \u010d\u00edsla, kter\u00e1 se pou\u017e\u00edvaj\u00ed p\u0159i ur\u010dov\u00e1n\u00ed dal\u0161\u00edch v\u00fdhern\u00edch kategori\u00ed.<\/p>\n<p>Jak n\u00e1zev napov\u00edd\u00e1, losov\u00e1n\u00ed prob\u00edh\u00e1 ka\u017ed\u00fd t\u00fdden v sobotu. Losov\u00e1n\u00ed kon\u010d\u00ed v sobotu v 19:25 hodin st\u0159edoevropsk\u00e9ho \u010dasu. Hr\u00e1\u010di, kte\u0159\u00ed cht\u011bj\u00ed b\u00fdt za\u0159azeni do slosov\u00e1n\u00ed v dan\u00e9m t\u00fddnu, si mus\u00ed zakoupit tikety p\u0159ed uz\u00e1v\u011brkou.<\/p>\n<h2>Rozd\u011blen\u00ed cen<\/h2>\n<p>Tatts lotto m\u00e1 osm v\u00fdhern\u00edch diviz\u00ed. Kdy\u017e si koup\u00edte tiket do t\u00e9to loterie, m\u00e1te \u0161anci na n\u011bkterou z t\u011bchto v\u00fdhern\u00edch kategori\u00ed. V\u00fdhern\u00ed kombinace pro ka\u017edou divizi je uvedena n\u00ed\u017ee.<\/p>\n<p>Divize 1 (Jackpot) &#8211; Shoda 6 hlavn\u00edch \u010d\u00edsel<br \/>\nDivize 2 &#8211; Uhodn\u011bte 5 hlavn\u00edch \u010d\u00edsel + 1 dopl\u0148kov\u00e9 \u010d\u00edslo.<br \/>\nDivize 3 &#8211; Pochodujte s 5 libovoln\u00fdmi hlavn\u00edmi \u010d\u00edsly<br \/>\nDivize 4 &#8211; Uhodn\u011bte libovoln\u00e1 4 hlavn\u00ed \u010d\u00edsla<br \/>\nDivize 5 &#8211; Uhodn\u011bte libovoln\u00e1 3 hlavn\u00ed \u010d\u00edsla + 1 dopl\u0148kov\u00e9 \u010d\u00edslo.<br \/>\nDivize 6 &#8211; Shodn\u011bte se s libovoln\u00fdmi 3 hlavn\u00edmi \u010d\u00edsly<\/p>\n<p>Po\u0159adatel\u00e9 umo\u017enili hr\u00e1\u010d\u016fm vyhr\u00e1t v t\u00e9to loterii. \u0160ance jsou velk\u00e9 a s jackpotem ve v\u00fd\u0161i 5 milion\u016f AUD se lze divit, \u017ee hr\u00e1\u010di sobotn\u00ed loterii miluj\u00ed? Pokud jste tak je\u0161t\u011b neu\u010dinili, je vhodn\u00e1 doba p\u0159em\u00fd\u0161let o koupi tiketu.<\/p>\n<h2>P\u0159edchoz\u00ed v\u00edt\u011bzov\u00e9<\/h2>\n<p>Ne\u017e se s v\u00e1mi pod\u011bl\u00edme o to, jak si koupit tikety t\u00e9to loterie mimo Oz, bylo by dobr\u00e9 si pov\u011bd\u011bt n\u011bco o p\u0159edchoz\u00edch v\u00fdherc\u00edch. V pr\u016fb\u011bhu let bylo v\u00fdherc\u016f hodn\u011b, tak\u017ee vybereme jen n\u011bkter\u00e9 ned\u00e1vn\u00e9 v\u00fdherce a douf\u00e1me, \u017ee se jimi nech\u00e1te inspirovat.<\/p>\n<p>Prvn\u00ed na na\u0161em seznamu je australsk\u00e1 maminka, kter\u00e1 se rozhodla z\u016fstat v anonymit\u011b. Spolu s dal\u0161\u00edm v\u00fdhercem vyhr\u00e1la sobotn\u00ed jackpot. Podle zpr\u00e1v j\u00ed trvalo dva t\u00fddny, ne\u017e si uv\u011bdomila, \u017ee jackpot vyhr\u00e1la. Kdyby \u010dekala d\u00e9le, nemohla by si v\u00fdhru vyzvednout. Na\u0161t\u011bst\u00ed se vr\u00e1tila zkontrolovat a zjistila, \u017ee vyhr\u00e1la.<\/p>\n<p>Dal\u0161\u00edm v\u00fdhercem je mu\u017e, kter\u00fd hr\u00e1l sobotn\u00ed loterii n\u011bkolik let se stejn\u00fdmi \u010d\u00edsly. Jeho vytrvalost se vyplatila a vyhr\u00e1l jackpot. Mnoz\u00ed v\u00fdherci loterie \u0159\u00edkaj\u00ed, \u017ee ji hr\u00e1li n\u011bkolik let, ne\u017e vyhr\u00e1li. N\u011bkdy je pot\u0159eba v\u00edra a d\u016fslednost, abyste dos\u00e1hli k\u00fd\u017een\u00fdch v\u00fdsledk\u016f.<\/p>\n<section class=\"layout\" style=\"border: solid 1px; width: 100%;\">\n<div class=\"img-div\" style=\"margin-top: 5px;\"><img decoding=\"async\" class=\"wp-image-17212 alignleft\" style=\"height: 45px; margin: 8px 8px 0px;\" src=\"http:\/\/jackpotlotteryonline.com\/wp-content\/uploads\/2022\/11\/read1.jpg\" alt=\"P\u0159e\u010dt\u011bte si\" width=\"\" height=\"\" \/><\/div>\n<div style=\"padding-left: 5px;\">\n<div style=\"font-size: 1.1em;\">\n<p><strong>N\u011bkte\u0159\u00ed v\u00edt\u011bzov\u00e9 loterie se vr\u00e1tili ke komunit\u011b<\/strong><\/p>\n<p style=\"font-size: 0.85em; margin-top: -1.5em;\">N\u011bkolik zaj\u00edmav\u00fdch a h\u0159ejiv\u00fdch p\u0159\u00edb\u011bh\u016f o tom, jak se v\u00fdherci loterie vracej\u00ed zp\u011bt \u00a0<a href=\"https:\/\/jackpotlotteryonline.com\/cs\/pribehy-o-tom-jak-vyherci-loterie-vraceji-penize\">P\u0159e\u010dt\u011bte si v\u00edce<\/a><\/p>\n<\/div>\n<\/div>\n<\/section>\n<h2>N\u00e1kup vstupenek mimo Austr\u00e1lii<\/h2>\n<p>Pokud ne\u017eijete v kr\u00e1sn\u00e9 zemi Oz, jak si m\u016f\u017eete koupit losy na Saturday Lotto? P\u0159ed p\u0159\u00edchodem internetu by to bylo nemo\u017en\u00e9 nebo p\u0159inejmen\u0161\u00edm velmi obt\u00ed\u017en\u00e9. Ale d\u00edky internetu si m\u016f\u017eete losy loterie Tatts koupit online.<\/p>\n<p>Existuj\u00ed online prodejci loteri\u00ed, kte\u0159\u00ed umo\u017e\u0148uj\u00ed hr\u00e1\u010d\u016fm koupit losy do nejlep\u0161\u00edch mezin\u00e1rodn\u00edch loteri\u00ed. Tito prodejci provozuj\u00ed takzvanou slu\u017ebu concierge, kter\u00e1 pom\u00e1h\u00e1 hr\u00e1\u010d\u016fm koupit losy v jak\u00e9koli zemi. Kdy\u017e se na t\u011bchto str\u00e1nk\u00e1ch zaregistrujete, m\u016f\u017eete se snadno p\u0159ihl\u00e1sit do sobotn\u00ed loterie a vyzvednout si p\u0159\u00edpadnou v\u00fdhru.<\/p>\n<p>Na jackpotlotteryonline.com provozujeme slu\u017ebu concierge, kter\u00e1 na\u0161im u\u017eivatel\u016fm poskytuje bezprobl\u00e9mov\u00fd z\u00e1\u017eitek. Kdy\u017e se u n\u00e1s zaregistrujete, m\u016f\u017eete si snadno koupit tiket do sobotn\u00ed loterie a mnoha dal\u0161\u00edch mezin\u00e1rodn\u00edch loteri\u00ed. M\u00e1te obavy, jak si vyzvednout v\u00fdhru, pokud vyhrajete? V\u00fdhru si jednodu\u0161e vyplat\u00edte na na\u0161\u00ed platform\u011b bez jak\u00fdchkoli pot\u00ed\u017e\u00ed.<\/p>\n<h2>\u010casto kladen\u00e9 ot\u00e1zky<\/h2>\n<p><img loading=\"lazy\" decoding=\"async\" class=\"wp-image-29264 alignright\" src=\"http:\/\/jackpotlotteryonline.com\/wp-content\/uploads\/2022\/11\/1_play_online_lotto-300x300.jpg\" alt=\"Online sobotn\u00ed loto Austr\u00e1lie\" width=\"235\" height=\"235\" srcset=\"https:\/\/jackpotlotteryonline.com\/wp-content\/uploads\/2022\/11\/1_play_online_lotto-300x300.jpg 300w, https:\/\/jackpotlotteryonline.com\/wp-content\/uploads\/2022\/11\/1_play_online_lotto-100x100.jpg 100w, https:\/\/jackpotlotteryonline.com\/wp-content\/uploads\/2022\/11\/1_play_online_lotto-150x150.jpg 150w, https:\/\/jackpotlotteryonline.com\/wp-content\/uploads\/2022\/11\/1_play_online_lotto.jpg 480w\" sizes=\"auto, (max-width: 235px) 100vw, 235px\" \/><\/p>\n<p>V\u00edme, \u017ee se v\u00e1m pravd\u011bpodobn\u011b hon\u00ed hlavou n\u011bkolik ot\u00e1zek. To nevad\u00ed, jsme tu, abychom v\u00e1m na n\u011b odpov\u011bd\u011bli. Pokus\u00edme se zde pokr\u00fdt v\u0161e, ale pokud m\u00e1te p\u0159esto n\u011bjak\u00e9 obavy, nev\u00e1hejte se na n\u00e1s obr\u00e1tit. V\u017edy se r\u00e1di ozveme. Ud\u011bl\u00e1me v\u0161e, co bude v na\u0161ich sil\u00e1ch, abychom v\u00e1m pomohli na va\u0161\u00ed cest\u011b st\u00e1t se v\u00edt\u011bzem loterie.<\/p>\n<h2>Mohu si koupit losy online?<\/h2>\n<p>Ano, losy si m\u016f\u017eete koupit online a je to zcela leg\u00e1ln\u00ed. Ujist\u011bte se, \u017ee pou\u017e\u00edv\u00e1te d\u016fv\u011bryhodn\u00e9ho prodejce loteri\u00ed, abyste m\u011bli jistotu, \u017ee vstupujete do loterie. Mnoho loterijn\u00edch skupin m\u00e1 webov\u00e9 str\u00e1nky. Pokud v\u0161ak chcete hr\u00e1t v\u00edce ne\u017e jednu loterii, bude lep\u0161\u00ed, kdy\u017e se zaregistrujete u prodejce loterie. Konkr\u00e9tn\u011b u takov\u00e9ho, kter\u00fd poskytuje p\u0159\u00edstup k n\u011bkolika dal\u0161\u00edm loteri\u00edm.<\/p>\n<h2>Jak si mohu koupit los?<\/h2>\n<p>N\u00e1kup losu je snadn\u00fd, pokud jste u n\u00e1s zaregistrov\u00e1ni. Sta\u010d\u00ed si vybrat \u010d\u00edsla a p\u0159ihl\u00e1sit se do slosov\u00e1n\u00ed. M\u016f\u017eete si koupit v\u00edce vstup\u016f, abyste zv\u00fd\u0161ili sv\u00e9 \u0161ance na v\u00fdhru. V\u0161e z\u00e1le\u017e\u00ed jen na v\u00e1s. Pokud si nejste jisti, jak\u00e9 \u010d\u00edslo vybrat, automatick\u00fd tipova\u010d to ud\u011bl\u00e1 za v\u00e1s. Usilovn\u011b pracujeme na tom, aby byl proces pro hr\u00e1\u010de snadn\u00fd a intuitivn\u00ed.<\/p>\n<h2>Co p\u0159esn\u011b je slu\u017eba concierge?<\/h2>\n<p>Jsme r\u00e1di, \u017ee se pt\u00e1te. Kdy\u017e \u0159\u00edk\u00e1me, \u017ee provozujeme slu\u017ebu concierge, znamen\u00e1 to, \u017ee m\u00e1me agenty v r\u016fzn\u00fdch zem\u00edch, v\u010detn\u011b Austr\u00e1lie. Kdy\u017e si u n\u00e1s koup\u00edte los, na\u0161i agenti vyraz\u00ed a koup\u00ed fyzick\u00fd los s odpov\u00eddaj\u00edc\u00edmi \u010d\u00edsly. To znamen\u00e1, \u017ee a\u0165 jste kdekoli, jste za\u0159azeni do loterie.<\/p>\n<h2>Jak mohu vyhr\u00e1t?<\/h2>\n<p>Chcete-li vyhr\u00e1t v t\u00e9to australsk\u00e9 loterii, sta\u010d\u00ed, kdy\u017e se shodujete se \u0161esti hlavn\u00edmi vylosovan\u00fdmi \u010d\u00edsly, a stanete se v\u00fdhercem jackpotu. Dopl\u0148kov\u00e1 \u010d\u00edsla se shodovat nemus\u00ed, proto\u017ee ta se pou\u017e\u00edvaj\u00ed k ur\u010den\u00ed v\u00fdher v diviz\u00edch 2 a 5.<\/p>\n<h2>Jak si mohu zkontrolovat v\u00fdsledky?<\/h2>\n<p>Po ka\u017ed\u00e9m losov\u00e1n\u00ed zve\u0159ejn\u00edme v\u00fdsledky p\u0159\u00edmo zde na jackpotlotteryonline.com. Pokud jde o sobotn\u00ed loterii, sta\u010d\u00ed po <a href=\"https:\/\/jackpotlotteryonline.com\/cs\/vyherni-cisla\/saturday-lotto\">sobotn\u00edm losov\u00e1n\u00ed nav\u0161t\u00edvit str\u00e1nku sobotn\u00edho<\/a> losov\u00e1n\u00ed, kde najdete v\u00fdsledky.<\/p>\n<h2>Co kdy\u017e zapomenu zkontrolovat v\u00fdsledky?<\/h2>\n<p>To je ta nejlep\u0161\u00ed \u010d\u00e1st. P\u0159i n\u00e1kupu u n\u00e1s nevad\u00ed, kdy\u017e zapomenete zkontrolovat v\u00fdsledky loterie, proto\u017ee v\u00e1m kryjeme z\u00e1da. Pokud vyhrajete, po\u0161leme v\u00e1m zpr\u00e1vu na palubn\u00ed desku a tak\u00e9 e-mail, kter\u00fd v\u00e1s na to upozorn\u00ed. Kdy\u017e si od n\u00e1s koup\u00edte los, v\u00edte, \u017ee jste kryti.<\/p>\n<h2>Vyhr\u00e1l jsem, co te\u010f?<\/h2>\n<p>No, pokud jste vyhr\u00e1li v loterii, v prvn\u00ed \u0159ad\u011b v\u00e1m gratulujeme! M\u00e1me z v\u00e1s velkou radost. Pokud jste se u n\u00e1s zaregistrovali, pak je dal\u0161\u00ed krok jednoduch\u00fd. P\u0159ejd\u011bte na sv\u016fj ovl\u00e1dac\u00ed panel a vyberte si sv\u00e9 prost\u0159edky prost\u0159ednictv\u00edm dostupn\u00fdch metod. Je to tak snadn\u00e9.<\/p>\n<h2>Zaregistrujte se u n\u00e1s je\u0161t\u011b dnes!<\/h2>\n<p>Hran\u00ed loterie je z\u00e1bavn\u00e9 a nav\u00edc d\u00e1v\u00e1 hr\u00e1\u010d\u016fm n\u011bco, na co se mohou ka\u017ed\u00fd t\u00fdden t\u011b\u0161it. Sobotn\u00ed loterie m\u00e1 p\u011bknou hlavn\u00ed v\u00fdhru a p\u0159\u00edzniv\u00e9 kurzy, tak\u017ee je ide\u00e1ln\u00ed pro nov\u00e9 i star\u00e9 s\u00e1zka\u0159e. Nyn\u00ed u\u017e se neomezuje pouze na Australany, proto\u017ee vstupy do loterie si nyn\u00ed mohou koupit lid\u00e9 z cel\u00e9ho sv\u011bta.<\/p>\n<p>Pokud hled\u00e1te zaj\u00edmavou hru, kterou byste si mohli zahr\u00e1t, pro\u010d nezkusit loterii Tatts? A\u0165 u\u017e jste kdekoli, m\u016f\u017eete si u n\u00e1s zakoupit tiket do t\u00e9to loterie. koupit si v\u00edce vstup\u016f a snadno se p\u0159ihl\u00e1sit do n\u011bkolika slosov\u00e1n\u00ed p\u0159edem. Na\u0161\u00edm \u00fakolem je umo\u017enit v\u00e1m hr\u00e1t loterie podle va\u0161eho v\u00fdb\u011bru s minim\u00e1ln\u00edm stresem.<\/p>\n<p>Uvoln\u011bte se a bavte se p\u0159i h\u0159e, nikdy nev\u00edte, zda to nebude pr\u00e1v\u011b ten den, kdy vyhrajete velkou \u010d\u00e1stku. Pro\u010d si nezakoupit p\u0159\u00edstup do loterie t\u00edm, \u017ee se u n\u00e1s zaregistrujete je\u0161t\u011b dnes?<\/p>\n","protected":false},"excerpt":{"rendered":"<p>Austr\u00e1lie m\u00e1 mnoho loteri\u00ed, nap\u0159\u00edklad Wednesday Lotto, Powerball a Saturday Lotto Australia. Sobotn\u00ed loterie je mezi hr\u00e1\u010di obl\u00edben\u00e1 a d\u00e1v\u00e1 lidem n\u011bco, na co se mohou ka\u017ed\u00fd t\u00fdden t\u011b\u0161it. Kdy\u017e tato loterie za\u010dala, mohli se j\u00ed z\u00fa\u010dastnit pouze hr\u00e1\u010di v Oz. Na\u0161t\u011bst\u00ed se nyn\u00ed mohou sobotn\u00ed loterie \u00fa\u010dastnit s\u00e1zej\u00edc\u00ed z cel\u00e9ho sv\u011bta. Jak si tedy [&hellip;]<\/p>\n","protected":false},"author":1,"featured_media":0,"parent":35740,"menu_order":18,"comment_status":"closed","ping_status":"closed","template":"saturday-lotto-info.php","meta":{"_et_pb_use_builder":"","_et_pb_old_content":"","_et_gb_content_width":"","exclude_from_search":false,"footnotes":""},"class_list":["post-37249","page","type-page","status-publish","hentry"],"yoast_head":"<!-- This site is optimized with the Yoast SEO plugin v23.3 - https:\/\/yoast.com\/wordpress\/plugins\/seo\/ -->\n<title>Koupit losy pro Saturday Lotto Australia z \u00fazem\u00ed mimo Austr\u00e1lii<\/title>\n<meta name=\"description\" content=\"Obl\u00edben\u00e9 australsk\u00e9 sobotn\u00ed lotto m\u00e1 skv\u011bl\u00e9 jackpoty. Hr\u00e1\u010di odkudkoli si nyn\u00ed mohou koupit tiket pro Saturday lotto online.\" \/>\n<meta name=\"robots\" content=\"index, follow, max-snippet:-1, max-image-preview:large, max-video-preview:-1\" \/>\n<link rel=\"canonical\" href=\"https:\/\/jackpotlotteryonline.com\/cs\/koupit-vstupenky\/saturday-lotto\/\" \/>\n<meta property=\"og:locale\" content=\"cs_CZ\" \/>\n<meta property=\"og:type\" content=\"article\" \/>\n<meta property=\"og:title\" content=\"Koupit losy pro Saturday Lotto Australia z \u00fazem\u00ed mimo Austr\u00e1lii\" \/>\n<meta property=\"og:description\" content=\"Obl\u00edben\u00e9 australsk\u00e9 sobotn\u00ed lotto m\u00e1 skv\u011bl\u00e9 jackpoty. Hr\u00e1\u010di odkudkoli si nyn\u00ed mohou koupit tiket pro Saturday lotto online.\" \/>\n<meta property=\"og:url\" content=\"https:\/\/jackpotlotteryonline.com\/cs\/koupit-vstupenky\/saturday-lotto\/\" \/>\n<meta property=\"og:site_name\" content=\"Lotto Online - Crack The International Lottery Jackpots\" \/>\n<meta property=\"article:modified_time\" content=\"2022-12-24T19:36:44+00:00\" \/>\n<meta property=\"og:image\" content=\"http:\/\/jackpotlotteryonline.com\/wp-content\/uploads\/2022\/11\/2_ticket_saturday_lotto_au2-1-180x300-1.jpg\" \/>\n<meta name=\"twitter:card\" content=\"summary_large_image\" \/>\n<meta name=\"twitter:label1\" content=\"Odhadovan\u00e1 doba \u010dten\u00ed\" \/>\n\t<meta name=\"twitter:data1\" content=\"7 minut\" \/>\n<!-- \/ Yoast SEO plugin. -->","yoast_head_json":{"title":"Koupit losy pro Saturday Lotto Australia z \u00fazem\u00ed mimo Austr\u00e1lii","description":"Obl\u00edben\u00e9 australsk\u00e9 sobotn\u00ed lotto m\u00e1 skv\u011bl\u00e9 jackpoty. Hr\u00e1\u010di odkudkoli si nyn\u00ed mohou koupit tiket pro Saturday lotto online.","robots":{"index":"index","follow":"follow","max-snippet":"max-snippet:-1","max-image-preview":"max-image-preview:large","max-video-preview":"max-video-preview:-1"},"canonical":"https:\/\/jackpotlotteryonline.com\/cs\/koupit-vstupenky\/saturday-lotto\/","og_locale":"cs_CZ","og_type":"article","og_title":"Koupit losy pro Saturday Lotto Australia z \u00fazem\u00ed mimo Austr\u00e1lii","og_description":"Obl\u00edben\u00e9 australsk\u00e9 sobotn\u00ed lotto m\u00e1 skv\u011bl\u00e9 jackpoty. Hr\u00e1\u010di odkudkoli si nyn\u00ed mohou koupit tiket pro Saturday lotto online.","og_url":"https:\/\/jackpotlotteryonline.com\/cs\/koupit-vstupenky\/saturday-lotto\/","og_site_name":"Lotto Online - Crack The International Lottery Jackpots","article_modified_time":"2022-12-24T19:36:44+00:00","og_image":[{"url":"http:\/\/jackpotlotteryonline.com\/wp-content\/uploads\/2022\/11\/2_ticket_saturday_lotto_au2-1-180x300-1.jpg"}],"twitter_card":"summary_large_image","twitter_misc":{"Odhadovan\u00e1 doba \u010dten\u00ed":"7 minut"},"schema":{"@context":"https:\/\/schema.org","@graph":[{"@type":"WebPage","@id":"https:\/\/jackpotlotteryonline.com\/cs\/koupit-vstupenky\/saturday-lotto\/","url":"https:\/\/jackpotlotteryonline.com\/cs\/koupit-vstupenky\/saturday-lotto\/","name":"Koupit losy pro Saturday Lotto Australia z \u00fazem\u00ed mimo Austr\u00e1lii","isPartOf":{"@id":"https:\/\/jackpotlotteryonline.com\/#website"},"primaryImageOfPage":{"@id":"https:\/\/jackpotlotteryonline.com\/cs\/koupit-vstupenky\/saturday-lotto\/#primaryimage"},"image":{"@id":"https:\/\/jackpotlotteryonline.com\/cs\/koupit-vstupenky\/saturday-lotto\/#primaryimage"},"thumbnailUrl":"http:\/\/jackpotlotteryonline.com\/wp-content\/uploads\/2022\/11\/2_ticket_saturday_lotto_au2-1-180x300-1.jpg","datePublished":"2022-11-11T07:42:32+00:00","dateModified":"2022-12-24T19:36:44+00:00","description":"Obl\u00edben\u00e9 australsk\u00e9 sobotn\u00ed lotto m\u00e1 skv\u011bl\u00e9 jackpoty. Hr\u00e1\u010di odkudkoli si nyn\u00ed mohou koupit tiket pro Saturday lotto online.","breadcrumb":{"@id":"https:\/\/jackpotlotteryonline.com\/cs\/koupit-vstupenky\/saturday-lotto\/#breadcrumb"},"inLanguage":"cs","potentialAction":[{"@type":"ReadAction","target":["https:\/\/jackpotlotteryonline.com\/cs\/koupit-vstupenky\/saturday-lotto\/"]}]},{"@type":"ImageObject","inLanguage":"cs","@id":"https:\/\/jackpotlotteryonline.com\/cs\/koupit-vstupenky\/saturday-lotto\/#primaryimage","url":"http:\/\/jackpotlotteryonline.com\/wp-content\/uploads\/2022\/11\/2_ticket_saturday_lotto_au2-1-180x300-1.jpg","contentUrl":"http:\/\/jackpotlotteryonline.com\/wp-content\/uploads\/2022\/11\/2_ticket_saturday_lotto_au2-1-180x300-1.jpg"},{"@type":"BreadcrumbList","@id":"https:\/\/jackpotlotteryonline.com\/cs\/koupit-vstupenky\/saturday-lotto\/#breadcrumb","itemListElement":[{"@type":"ListItem","position":1,"name":"Home","item":"https:\/\/jackpotlotteryonline.com\/cs\/"},{"@type":"ListItem","position":2,"name":"Jak koupit losy online","item":"https:\/\/jackpotlotteryonline.com\/buy-tickets\/"},{"@type":"ListItem","position":3,"name":"Koupit vstupenky na sobotu Lotto Austr\u00e1lie"}]},{"@type":"WebSite","@id":"https:\/\/jackpotlotteryonline.com\/#website","url":"https:\/\/jackpotlotteryonline.com\/","name":"Lotto Online - Crack The International Lottery Jackpots","description":"","potentialAction":[{"@type":"SearchAction","target":{"@type":"EntryPoint","urlTemplate":"https:\/\/jackpotlotteryonline.com\/?s={search_term_string}"},"query-input":"required name=search_term_string"}],"inLanguage":"cs"}]}},"_links":{"self":[{"href":"https:\/\/jackpotlotteryonline.com\/cs\/wp-json\/wp\/v2\/pages\/37249","targetHints":{"allow":["GET"]}}],"collection":[{"href":"https:\/\/jackpotlotteryonline.com\/cs\/wp-json\/wp\/v2\/pages"}],"about":[{"href":"https:\/\/jackpotlotteryonline.com\/cs\/wp-json\/wp\/v2\/types\/page"}],"author":[{"embeddable":true,"href":"https:\/\/jackpotlotteryonline.com\/cs\/wp-json\/wp\/v2\/users\/1"}],"replies":[{"embeddable":true,"href":"https:\/\/jackpotlotteryonline.com\/cs\/wp-json\/wp\/v2\/comments?post=37249"}],"version-history":[{"count":0,"href":"https:\/\/jackpotlotteryonline.com\/cs\/wp-json\/wp\/v2\/pages\/37249\/revisions"}],"up":[{"embeddable":true,"href":"https:\/\/jackpotlotteryonline.com\/cs\/wp-json\/wp\/v2\/pages\/35740"}],"wp:attachment":[{"href":"https:\/\/jackpotlotteryonline.com\/cs\/wp-json\/wp\/v2\/media?parent=37249"}],"curies":[{"name":"wp","href":"https:\/\/api.w.org\/{rel}","templated":true}]}}