{"id":37744,"date":"2022-11-15T08:01:14","date_gmt":"2022-11-15T08:01:14","guid":{"rendered":"https:\/\/jackpotlotteryonline.com\/?page_id=37744"},"modified":"2022-11-15T08:01:14","modified_gmt":"2022-11-15T08:01:14","slug":"faq","status":"publish","type":"page","link":"https:\/\/jackpotlotteryonline.com\/cs\/faq\/","title":{"rendered":"\u010cASTO KLADEN\u00c9 OT\u00c1ZKY"},"content":{"rendered":"<h2>Nej\u010dast\u011bj\u0161\u00ed dotazy k online loterii<\/h2>\n<p>Zde v\u00e1m poskytneme odpov\u011bdi na nej\u010dast\u011bji kladen\u00e9 ot\u00e1zky t\u00fdkaj\u00edc\u00ed se online loterie a jackpot\u016f v online lotto. Hran\u00ed loteri\u00ed online je nejpohodln\u011bj\u0161\u00ed a nejjednodu\u0161\u0161\u00ed zp\u016fsob, jak si s\u00e1hnout na velk\u00e9 mezin\u00e1rodn\u00ed jackpoty Lotto.<\/p>\n<h2>Jak to funguje?<\/h2>\n<p>Fungujeme jako posel mezi v\u00e1mi a r\u016fzn\u00fdmi loteriemi. Koup\u00edme tiket va\u0161\u00edm jm\u00e9nem a na v\u00e1\u0161 \u00fa\u010det, pot\u00e9 naskenujeme v\u00e1\u0161 nov\u00fd tiket a nahrajeme sken do va\u0161eho z\u00e1kaznick\u00e9ho \u00fa\u010dtu, po\u0161leme v\u00e1m zpr\u00e1vu, kdy\u017e vyhrajete, a pom\u016f\u017eeme v\u00e1m tak\u00e9 z\u00edskat pen\u00edze, kdy\u017e vyhrajete.<\/p>\n<h2>Jak\u00e9 jsou v\u00fdhody hran\u00ed p\u0159es n\u00e1s?<\/h2>\n<ul>\n<li>Nen\u00ed t\u0159eba chodit do loterijn\u00ed prodejny. M\u016f\u017eete snadno hr\u00e1t z domova nebo z kancel\u00e1\u0159e<\/li>\n<li>m\u016f\u017eete platit online, nap\u0159\u00edklad kreditn\u00ed kartou nebo jin\u00fdm zp\u016fsobem<\/li>\n<li>va\u0161e lotto v\u00fdhry a\u017e do v\u00fd\u0161e 2500 \u20ac budou p\u0159ips\u00e1ny na v\u00e1\u0161 \u00fa\u010det<\/li>\n<li>pokud vyhrajete v\u00edce ne\u017e 2500 \u20ac, pom\u016f\u017eeme v\u00e1m s vyplacen\u00edm pen\u011bz, a to zdarma.<\/li>\n<li>pokud vyhrajete pen\u00edze, nevznikaj\u00ed v\u00e1m \u017e\u00e1dn\u00e9 dal\u0161\u00ed n\u00e1klady.<\/li>\n<\/ul>\n<p><strong>Kdo m\u016f\u017ee hr\u00e1t loterie?<\/strong><\/p>\n<p>Loterii m\u016f\u017ee hr\u00e1t kdokoli star\u0161\u00ed 18 let.<\/p>\n<p><strong>Mohu hr\u00e1t loterii z ciz\u00ed zem\u011b?<\/strong><\/p>\n<p>Ano, m\u016f\u017eete. Nez\u00e1le\u017e\u00ed na tom, ve kter\u00e9 zemi bydl\u00edte, m\u016f\u017eete hr\u00e1t jakoukoli loterii a jackpot loterie v jak\u00e9koli zemi podle sv\u00e9ho v\u00fdb\u011bru.<\/p>\n<p><strong>Mohu si vybrat vlastn\u00ed \u010d\u00edsla loterie?<\/strong><\/p>\n<p>Ano, m\u016f\u017eete si vybrat \u010d\u00edsla, kter\u00e1 chcete, nebo m\u016f\u017eete pohodln\u011b nechat po\u010d\u00edta\u010d, aby v\u00e1m \u010d\u00edsla vybral n\u00e1hodn\u011b.<\/p>\n<p><strong>Jak z\u00edsk\u00e1m sv\u016fj los?<\/strong><\/p>\n<p>Jakmile bude va\u0161e platba zpracov\u00e1na, za\u0161leme v\u00e1m e-mailem potvrzen\u00ed o n\u00e1kupu. V\u00e1mi vybran\u00e1 \u010d\u00edsla uvid\u00edte ve sv\u00e9m \u00fa\u010dtu. Kr\u00e1tce pot\u00e9 uvid\u00edte ve sv\u00e9m \u00fa\u010dtu tak\u00e9 naskenovan\u00fd los.<\/p>\n<p><strong>Jak mohu zaplatit za sv\u016fj los nebo tiket?<\/strong><\/p>\n<p>K dispozici m\u00e1te \u0159adu platebn\u00edch mo\u017enost\u00ed, mezi nimi\u017e nechyb\u00ed platba kreditn\u00ed kartou, bankovn\u00edm p\u0159evodem, r\u016fzn\u00fdmi kryptom\u011bnami a dal\u0161\u00ed.<\/p>\n<p><strong>Berete si pod\u00edl z m\u00e9 v\u00fdhry?<\/strong><\/p>\n<p>Ne. v\u0161echny v\u00fdhry v loterii v\u00e1m budou vyplaceny v pln\u00e9 v\u00fd\u0161i, bez ode\u010dten\u00ed jak\u00fdchkoli poplatk\u016f.<\/p>\n<p><strong>Kdy si mohu objednat los?<\/strong><\/p>\n<p>Chcete-li se z\u00fa\u010dastnit loterie, m\u011bli byste si los objednat alespo\u0148 2 hodiny p\u0159ed losov\u00e1n\u00edm. To n\u00e1m umo\u017en\u00ed zpracovat va\u0161i objedn\u00e1vku losu.<\/p>\n<p><strong>Jak zjist\u00edm, zda jsem vyhr\u00e1l?<\/strong><\/p>\n<p>Pokud vyhrajete, za\u0161leme v\u00e1m e-mail s upozorn\u011bn\u00edm na va\u0161i v\u00fdhru. Tak\u00e9 v\u00fdhern\u00ed \u010d\u00edsla v\u0161ech loteri\u00ed budou zve\u0159ejn\u011bna na na\u0161ich webov\u00fdch str\u00e1nk\u00e1ch.<\/p>\n<p><strong>Jak dostanu sv\u00e9 pen\u00edze, pokud vyhraji?<\/strong><\/p>\n<p>Pokud vyhrajete \u010d\u00e1stku ni\u017e\u0161\u00ed ne\u017e 2500 \u20ac, budou v\u00e1m pen\u00edze p\u0159ips\u00e1ny na v\u00e1\u0161 hr\u00e1\u010dsk\u00fd \u00fa\u010det. V p\u0159\u00edpad\u011b v\u00fdhry \u010d\u00e1stky vy\u0161\u0161\u00ed ne\u017e 2500 \u20ac v\u00e1m za\u0161leme formul\u00e1\u0159 \u017e\u00e1dosti, kter\u00fd mus\u00edte vyplnit. Budete se muset identifikovat a pot\u00e9 zpracujeme v\u00e1\u0161 n\u00e1rok na loterijn\u00ed spole\u010dnost. Loterijn\u00ed spole\u010dnost v\u00e1m pak vystav\u00ed \u0161ek. Upozor\u0148ujeme, \u017ee n\u011bkter\u00e9 loterijn\u00ed spole\u010dnosti vy\u017eaduj\u00ed, abyste si v p\u0159\u00edpad\u011b v\u00fdhry jackpotu vyzvedli v\u00fdhru osobn\u011b.<\/p>\n<p><strong>Jedn\u00e1 se o leg\u00e1ln\u00ed slu\u017ebu?<\/strong><\/p>\n<p>Ano, je. Vzhledem k tomu, \u017ee na\u0161e slu\u017eba je pouze slu\u017ebou zas\u00edl\u00e1n\u00ed zpr\u00e1v, je zcela leg\u00e1ln\u00ed.<\/p>\n<p><strong>Jak pozn\u00e1m, \u017ee je los zakoupen m\u00fdm jm\u00e9nem?<\/strong><\/p>\n<p>Po zaplacen\u00ed losu obdr\u017e\u00edte potvrzen\u00ed o platb\u011b. Dokud je v\u00e1\u0161 los aktivn\u00ed, dostanete e-mailov\u00e9 upozorn\u011bn\u00ed a po p\u0159ihl\u00e1\u0161en\u00ed uvid\u00edte sv\u00e9 losy ve sv\u00e9 z\u00e1kaznick\u00e9 z\u00f3n\u011b na na\u0161ich webov\u00fdch str\u00e1nk\u00e1ch.<\/p>\n","protected":false},"excerpt":{"rendered":"<p>Nej\u010dast\u011bj\u0161\u00ed dotazy k online loterii Zde v\u00e1m poskytneme odpov\u011bdi na nej\u010dast\u011bji kladen\u00e9 ot\u00e1zky t\u00fdkaj\u00edc\u00ed se online loterie a jackpot\u016f v online lotto. Hran\u00ed loteri\u00ed online je nejpohodln\u011bj\u0161\u00ed a nejjednodu\u0161\u0161\u00ed zp\u016fsob, jak si s\u00e1hnout na velk\u00e9 mezin\u00e1rodn\u00ed jackpoty Lotto. Jak to funguje? Fungujeme jako posel mezi v\u00e1mi a r\u016fzn\u00fdmi loteriemi. Koup\u00edme tiket va\u0161\u00edm jm\u00e9nem a na [&hellip;]<\/p>\n","protected":false},"author":1,"featured_media":0,"parent":0,"menu_order":6,"comment_status":"closed","ping_status":"closed","template":"","meta":{"_et_pb_use_builder":"","_et_pb_old_content":"","_et_gb_content_width":"","exclude_from_search":false,"footnotes":""},"class_list":["post-37744","page","type-page","status-publish","hentry"],"yoast_head":"<!-- This site is optimized with the Yoast SEO plugin v23.3 - https:\/\/yoast.com\/wordpress\/plugins\/seo\/ -->\n<title>Nej\u010dast\u011bj\u0161\u00ed dotazy k loterii | \u010cast\u00e9 dotazy k loterii Lotto online<\/title>\n<meta name=\"description\" content=\"Zde naleznete odpov\u011bdi na nej\u010dast\u011bj\u0161\u00ed ot\u00e1zky t\u00fdkaj\u00edc\u00ed se loterie online a tak\u00e9 nejlep\u0161\u00ed slu\u017eby.\" \/>\n<meta name=\"robots\" content=\"index, follow, max-snippet:-1, max-image-preview:large, max-video-preview:-1\" \/>\n<link rel=\"canonical\" href=\"https:\/\/jackpotlotteryonline.com\/cs\/faq\/\" \/>\n<meta property=\"og:locale\" content=\"cs_CZ\" \/>\n<meta property=\"og:type\" content=\"article\" \/>\n<meta property=\"og:title\" content=\"Nej\u010dast\u011bj\u0161\u00ed dotazy k loterii | \u010cast\u00e9 dotazy k loterii Lotto online\" \/>\n<meta property=\"og:description\" content=\"Zde naleznete odpov\u011bdi na nej\u010dast\u011bj\u0161\u00ed ot\u00e1zky t\u00fdkaj\u00edc\u00ed se loterie online a tak\u00e9 nejlep\u0161\u00ed slu\u017eby.\" \/>\n<meta property=\"og:url\" content=\"https:\/\/jackpotlotteryonline.com\/cs\/faq\/\" \/>\n<meta property=\"og:site_name\" content=\"Lotto Online - Crack The International Lottery Jackpots\" \/>\n<meta name=\"twitter:card\" content=\"summary_large_image\" \/>\n<meta name=\"twitter:label1\" content=\"Odhadovan\u00e1 doba \u010dten\u00ed\" \/>\n\t<meta name=\"twitter:data1\" content=\"3 minuty\" \/>\n<!-- \/ Yoast SEO plugin. -->","yoast_head_json":{"title":"Nej\u010dast\u011bj\u0161\u00ed dotazy k loterii | \u010cast\u00e9 dotazy k loterii Lotto online","description":"Zde naleznete odpov\u011bdi na nej\u010dast\u011bj\u0161\u00ed ot\u00e1zky t\u00fdkaj\u00edc\u00ed se loterie online a tak\u00e9 nejlep\u0161\u00ed slu\u017eby.","robots":{"index":"index","follow":"follow","max-snippet":"max-snippet:-1","max-image-preview":"max-image-preview:large","max-video-preview":"max-video-preview:-1"},"canonical":"https:\/\/jackpotlotteryonline.com\/cs\/faq\/","og_locale":"cs_CZ","og_type":"article","og_title":"Nej\u010dast\u011bj\u0161\u00ed dotazy k loterii | \u010cast\u00e9 dotazy k loterii Lotto online","og_description":"Zde naleznete odpov\u011bdi na nej\u010dast\u011bj\u0161\u00ed ot\u00e1zky t\u00fdkaj\u00edc\u00ed se loterie online a tak\u00e9 nejlep\u0161\u00ed slu\u017eby.","og_url":"https:\/\/jackpotlotteryonline.com\/cs\/faq\/","og_site_name":"Lotto Online - Crack The International Lottery Jackpots","twitter_card":"summary_large_image","twitter_misc":{"Odhadovan\u00e1 doba \u010dten\u00ed":"3 minuty"},"schema":{"@context":"https:\/\/schema.org","@graph":[{"@type":"WebPage","@id":"https:\/\/jackpotlotteryonline.com\/cs\/faq\/","url":"https:\/\/jackpotlotteryonline.com\/cs\/faq\/","name":"Nej\u010dast\u011bj\u0161\u00ed dotazy k loterii | \u010cast\u00e9 dotazy k loterii Lotto online","isPartOf":{"@id":"https:\/\/jackpotlotteryonline.com\/#website"},"datePublished":"2022-11-15T08:01:14+00:00","dateModified":"2022-11-15T08:01:14+00:00","description":"Zde naleznete odpov\u011bdi na nej\u010dast\u011bj\u0161\u00ed ot\u00e1zky t\u00fdkaj\u00edc\u00ed se loterie online a tak\u00e9 nejlep\u0161\u00ed slu\u017eby.","breadcrumb":{"@id":"https:\/\/jackpotlotteryonline.com\/cs\/faq\/#breadcrumb"},"inLanguage":"cs","potentialAction":[{"@type":"ReadAction","target":["https:\/\/jackpotlotteryonline.com\/cs\/faq\/"]}]},{"@type":"BreadcrumbList","@id":"https:\/\/jackpotlotteryonline.com\/cs\/faq\/#breadcrumb","itemListElement":[{"@type":"ListItem","position":1,"name":"Home","item":"https:\/\/jackpotlotteryonline.com\/cs\/"},{"@type":"ListItem","position":2,"name":"\u010cASTO KLADEN\u00c9 OT\u00c1ZKY"}]},{"@type":"WebSite","@id":"https:\/\/jackpotlotteryonline.com\/#website","url":"https:\/\/jackpotlotteryonline.com\/","name":"Lotto Online - Crack The International Lottery Jackpots","description":"","potentialAction":[{"@type":"SearchAction","target":{"@type":"EntryPoint","urlTemplate":"https:\/\/jackpotlotteryonline.com\/?s={search_term_string}"},"query-input":"required name=search_term_string"}],"inLanguage":"cs"}]}},"_links":{"self":[{"href":"https:\/\/jackpotlotteryonline.com\/cs\/wp-json\/wp\/v2\/pages\/37744","targetHints":{"allow":["GET"]}}],"collection":[{"href":"https:\/\/jackpotlotteryonline.com\/cs\/wp-json\/wp\/v2\/pages"}],"about":[{"href":"https:\/\/jackpotlotteryonline.com\/cs\/wp-json\/wp\/v2\/types\/page"}],"author":[{"embeddable":true,"href":"https:\/\/jackpotlotteryonline.com\/cs\/wp-json\/wp\/v2\/users\/1"}],"replies":[{"embeddable":true,"href":"https:\/\/jackpotlotteryonline.com\/cs\/wp-json\/wp\/v2\/comments?post=37744"}],"version-history":[{"count":0,"href":"https:\/\/jackpotlotteryonline.com\/cs\/wp-json\/wp\/v2\/pages\/37744\/revisions"}],"wp:attachment":[{"href":"https:\/\/jackpotlotteryonline.com\/cs\/wp-json\/wp\/v2\/media?parent=37744"}],"curies":[{"name":"wp","href":"https:\/\/api.w.org\/{rel}","templated":true}]}}