{"id":39182,"date":"2022-11-22T07:18:12","date_gmt":"2022-11-22T07:18:12","guid":{"rendered":"https:\/\/jackpotlotteryonline.com\/?page_id=39182"},"modified":"2023-01-03T08:47:53","modified_gmt":"2023-01-03T08:47:53","slug":"la-primitiva","status":"publish","type":"page","link":"https:\/\/jackpotlotteryonline.com\/cs\/jak-hrat\/la-primitiva\/","title":{"rendered":"hr\u00e1t La Primitiva online"},"content":{"rendered":"<p>\u0160pan\u011blsk\u00e1 loterie je jednou z nejobl\u00edben\u011bj\u0161\u00edch evropsk\u00fdch loteri\u00ed a p\u0159itahuje fanou\u0161ky loterie po cel\u00e9 zemi. La Primitiva je tak\u00e9 jednou z nejstar\u0161\u00edch loteri\u00ed na sv\u011bt\u011b. Byla zalo\u017eena v roce 1763 a fanou\u0161k\u016fm loterie v zemi d\u011bl\u00e1 radost u\u017e t\u00e9m\u011b\u0159 260 let. D\u0159\u00edve byla omezena pouze na s\u00e1zej\u00edc\u00ed, kte\u0159\u00ed \u017eili v dan\u00e9 zem\u011bpisn\u00e9 oblasti, ale d\u00edky internetu se nyn\u00ed mohou do t\u00e9to loterie zapojit s\u00e1zej\u00edc\u00ed z cel\u00e9ho sv\u011bta. Loterijn\u00ed hry jsou hodn\u011b z\u00e1visl\u00e9 na \u0161t\u011bst\u00ed a tato nen\u00ed v\u00fdjimkou. Proto se p\u0159i ka\u017ed\u00e9m losov\u00e1n\u00ed objevuje tolik p\u0159ihl\u00e1\u0161ek, \u017ee se s\u00e1zej\u00edc\u00ed sna\u017e\u00ed z\u00edskat \u0161anci na velkou v\u00fdhru.<\/p>\n<p>Pokud chcete z\u00edskat<a href=\"https:\/\/jackpotlotteryonline.com\/cs\/koupit-vstupenky\/koupit-vstupenky-la-primitiva\"> tikety pro nejlep\u0161\u00ed mezin\u00e1rodn\u00ed loterie<\/a>, v\u010detn\u011b La Primitiva, nav\u0161tivte jackptlotteryonline.com a za\u010dn\u011bte.<\/p>\n<h2>Jak hr\u00e1t La Primitiva<\/h2>\n<p><img loading=\"lazy\" decoding=\"async\" class=\"alignright size-medium wp-image-28103\" src=\"https:\/\/jackpotlotteryonline.com\/wp-content\/uploads\/2022\/11\/1_lotto_jackpot_online-257x300.jpg\" alt=\"Zahrajte si La Primitiva\" width=\"257\" height=\"300\" srcset=\"https:\/\/jackpotlotteryonline.com\/wp-content\/uploads\/2022\/11\/1_lotto_jackpot_online-257x300.jpg 257w, https:\/\/jackpotlotteryonline.com\/wp-content\/uploads\/2022\/11\/1_lotto_jackpot_online.jpg 321w\" sizes=\"auto, (max-width: 257px) 100vw, 257px\" \/><\/p>\n<p>Jakkoli je hran\u00ed \u0161pan\u011blsk\u00e9 loterie z\u00e1bavn\u00e9, m\u016f\u017ee b\u00fdt pro ty, kte\u0159\u00ed jsou v loterii nov\u00e1\u010dky, trochu matouc\u00ed. Zd\u00e1 se, \u017ee je zde o n\u011bco v\u00edce \u010d\u00edsel, ne\u017e na kolik mohou b\u00fdt n\u011bkte\u0159\u00ed s\u00e1zej\u00edc\u00ed zvykl\u00ed, a existuj\u00ed i dal\u0161\u00ed pojmy, kter\u00e9 mohou b\u00fdt t\u011b\u017eko pochopiteln\u00e9. Ale jakmile pochop\u00edte, jak se hraje La Primitiva, bude to opravdu jednoduch\u00e9.<\/p>\n<p>Prvn\u00ed v\u011bc, kterou je t\u0159eba p\u0159i hran\u00ed t\u00e9to loterie pochopit, je <strong>Reintegro<\/strong> a <strong>Complementario<\/strong>. Reintegro a Complementarior jsou z\u00e1sadn\u00ed pro ur\u010den\u00ed v\u00fdherce jackpotu. Pokud m\u00e1te v pl\u00e1nu vyhr\u00e1t jackpot, je nezbytn\u00e9 v\u011bd\u011bt, o co se jedn\u00e1 a jak funguj\u00ed.<\/p>\n<p>Reintegro (v p\u0159ekladu n\u00e1hrada v angli\u010dtin\u011b) je v podstat\u011b jedno z bonusov\u00fdch \u010d\u00edsel pou\u017e\u00edvan\u00fdch p\u0159i v\u00fdb\u011bru v\u00fdherc\u016f. Complementario (v p\u0159ekladu z angli\u010dtiny Dopl\u0148kov\u00e9) je druh\u00e9 bonusov\u00e9 \u010d\u00edslo.<\/p>\n<p><strong>P\u0159i h\u0159e La Primitiva by si hr\u00e1\u010d m\u011bl vybrat p\u011bt hlavn\u00edch \u010d\u00edsel od 1 do 49 a Reintegro od 0 do 9<\/strong>. V p\u0159\u00edpad\u011b, \u017ee by si cht\u011bl zahr\u00e1t La Primitiva, musel by si vybrat p\u011bt hlavn\u00edch \u010d\u00edsel od 1 do 49 a Reintegro. Jackpot vyhr\u00e1v\u00e1 ka\u017ed\u00fd, jeho\u017e tiket odpov\u00edd\u00e1 vylosovan\u00fdm \u010d\u00edsl\u016fm.<\/p>\n<h2>Reintegro v\u0161ak obsahuje i n\u011bco v\u00edc.<\/h2>\n<p>Reintegro slou\u017e\u00ed k v\u00fdb\u011bru v\u00fdherce jackpotu. Abyste vyhr\u00e1li jackpot, mus\u00edte m\u00edt shodn\u00fdch p\u011bt hlavn\u00edch \u010d\u00edsel a \u010d\u00edslo Reintegro.<\/p>\n<p>Reintegro se tak\u00e9 pou\u017e\u00edv\u00e1 k ur\u010den\u00ed dal\u0161\u00ed v\u00fdhern\u00ed kategorie. S\u00e1zej\u00edc\u00ed, kte\u0159\u00ed tref\u00ed pouze \u010d\u00edslo Reintegro, z\u00edsk\u00e1vaj\u00ed zp\u011bt cenu sv\u00e9ho tiketu. Proto se j\u00ed \u0159\u00edk\u00e1 &#8220;vr\u00e1cen\u00ed pen\u011bz&#8221;.<\/p>\n<section class=\"layout\" style=\"border: solid 1px; width: 100%;\">\n<div class=\"img-div\" style=\"margin-top: 5px;\"><img decoding=\"async\" class=\"wp-image-17212 alignleft\" style=\"height: 45px; margin: 8px 8px 0px;\" src=\"https:\/\/jackpotlotteryonline.com\/wp-content\/uploads\/2022\/11\/read1.jpg\" alt=\"P\u0159e\u010dt\u011bte si\" width=\"\" height=\"\" \/><\/div>\n<div style=\"padding-left: 5px;\">\n<div style=\"font-size: 1.1em;\">\n<p><strong>Jak\u00e9 je tajemstv\u00ed \u00fasp\u011bchu v loterii?<\/strong><\/p>\n<p style=\"font-size: 0.85em; margin-top: -1.5em;\">Jak \u00fasp\u011b\u0161n\u011b hr\u00e1t loterii\u00a0<a href=\"https:\/\/jackpotlotteryonline.com\/cs\/jake-je-tajemstvi-loterijniho-uspechu\"> P\u0159e\u010dt\u011bte si v\u00edce<\/a><\/p>\n<\/div>\n<\/div>\n<\/section>\n<h2>A co Complementario?<\/h2>\n<p>Druh\u00e9 bonusov\u00e9 \u010d\u00edslo nen\u00ed pro v\u00fdhru jackpotu relevantn\u00ed, ale pou\u017e\u00edv\u00e1 se p\u0159i ur\u010dov\u00e1n\u00ed v\u00fdhern\u00ed kategorie Divize 2. S\u00e1zej\u00edc\u00ed, kter\u00fd uhodne p\u011bt hlavn\u00edch \u010d\u00edsel a \u010d\u00edslo Complementario, tedy z\u00edsk\u00e1 v\u00fdhru.<\/p>\n<h2>Jak funguje \u017eol\u00edk<\/h2>\n<p>\u017dol\u00edk je dal\u0161\u00ed z\u00e1hadou, pokud kupujete tikety La Primitiva poprv\u00e9, proto\u017ee se zd\u00e1, \u017ee vytv\u00e1\u0159\u00ed zcela jinou kategorii v\u00fdher. Ve skute\u010dnosti vytv\u00e1\u0159\u00ed jinou kategorii v\u00fdher. Je v\u0161ak voliteln\u00fd a p\u0159i n\u00e1kupu losu si m\u016f\u017eete za p\u0159\u00edplatek vybrat, zda chcete Jokera zahrnout.<\/p>\n<p>Kde \u017eol\u00edk p\u0159ipom\u00edn\u00e1 sp\u00ed\u0161e tombolu ne\u017e loterii, proto\u017ee s\u00e1zej\u00edc\u00ed si nemohou vyb\u00edrat \u010d\u00edsla. Pokud se rozhodnete pro \u017dol\u00edka, bude k va\u0161emu tiketu p\u0159ipojeno sedm n\u00e1hodn\u00fdch \u010d\u00edsel. To v\u00e1\u0161 los neznehodnot\u00ed, je to jen dopln\u011bk. \u017dol\u00edk d\u00e1v\u00e1 s\u00e1zej\u00edc\u00edm \u0161anci vyhr\u00e1t a\u017e 1 milion eur. M\u00e1 sedm v\u00fdhern\u00edch kategori\u00ed. Najdete je n\u00ed\u017ee:<\/p>\n<p>1. cena &#8211; 1 000 000 \u20ac<\/p>\n<p>2. cena &#8211; 10 000 \u20ac<\/p>\n<p>3. cena &#8211; 1 000 \u20ac<\/p>\n<p>4. cena &#8211; 300 \u20ac<\/p>\n<p>5. cena &#8211; 50 \u20ac<\/p>\n<p>6. cena &#8211; 5 \u20ac<\/p>\n<p>7. cena &#8211; 5 \u20ac<\/p>\n<h2>V\u00fdhra \u017eol\u00edka<\/h2>\n<p>Pokud vyhrajete v loterii i v \u017dol\u00edkovi, budete si muset vybrat jednu z nich, proto\u017ee s\u00e1zej\u00edc\u00ed nemohou v jednom losov\u00e1n\u00ed z\u00edskat ob\u011b ceny za jeden tiket. Bude v\u00e1m v\u0161ak vyplacena vy\u0161\u0161\u00ed odm\u011bna.<\/p>\n<h2>Kroky pro hran\u00ed loterie online<\/h2>\n<p><img loading=\"lazy\" decoding=\"async\" class=\"alignright size-medium wp-image-33512\" src=\"https:\/\/jackpotlotteryonline.com\/wp-content\/uploads\/2022\/11\/2_ticket_la_primitiva2-210x300.jpg\" alt=\"Los La Primitiva online\" width=\"210\" height=\"300\" srcset=\"https:\/\/jackpotlotteryonline.com\/wp-content\/uploads\/2022\/11\/2_ticket_la_primitiva2-210x300.jpg 210w, https:\/\/jackpotlotteryonline.com\/wp-content\/uploads\/2022\/11\/2_ticket_la_primitiva2.jpg 250w\" sizes=\"auto, (max-width: 210px) 100vw, 210px\" \/><\/p>\n<p>Z\u00edsk\u00e1n\u00ed los\u016f do loterie online je jedn\u00edm z jednoduch\u00fdch \u017eivotn\u00edch pot\u011b\u0161en\u00ed hlavn\u011b proto, jak je v\u0161e pohodln\u00e9 a praktick\u00e9. Tiket z\u00edsk\u00e1te pouh\u00fdmi n\u011bkolika tahy nebo klepnut\u00edmi. Zde je pr\u016fvodce krok za krokem, jak to ud\u011blat na t\u00e9to str\u00e1nce.<\/p>\n<p><strong>Krok 1:<\/strong> Nav\u0161tivte vybranou str\u00e1nku a vyhledejte loterii, kterou chcete hr\u00e1t. Fanou\u0161k\u016fm loterie poskytujeme p\u0159\u00edstup k velk\u00e9mu mno\u017estv\u00ed mezin\u00e1rodn\u00edch loteri\u00ed, v\u010detn\u011b La Primitiva.<\/p>\n<p><strong>Krok 2:<\/strong> Vyberte si p\u011bt hlavn\u00edch \u010d\u00edsel a dv\u011b bonusov\u00e1 \u010d\u00edsla. Pokud si nejste jisti, jak\u00e1 \u010d\u00edsla chcete pou\u017e\u00edt, m\u016f\u017eete pou\u017e\u00edt gener\u00e1tor n\u00e1hodn\u00fdch \u010d\u00edsel na webu. Tak\u00e9 si m\u016f\u017eete vybrat v\u00edce ne\u017e jednu \u0159adu \u010d\u00edsel, abyste zv\u00fd\u0161ili sv\u00e9 \u0161ance na v\u00fdhru.<\/p>\n<p><strong>Krok 3:<\/strong> <a href=\"https:\/\/jackpotlotteryonline.com\/cs\/vyherni-cisla\/la-primitiva\">Zadejte slosov\u00e1n\u00ed<\/a>. V\u0161imn\u011bte si, \u017ee pokud zad\u00e1v\u00e1te jedno slosov\u00e1n\u00ed, m\u016f\u017eete tak u\u010dinit pouze v pond\u011bl\u00ed. Ostatn\u00ed slosov\u00e1n\u00ed jsou t\u00fddenn\u00ed a pokud chcete, m\u016f\u017eete se z\u00fa\u010dastnit v\u0161ech.<\/p>\n<p><strong>Krok 4:<\/strong> Zaregistrujte se a zapla\u0165te. Kdy\u017e se dostanete na str\u00e1nku s platbou, budete vyzv\u00e1ni k registraci. To proto, abyste m\u011bli snadn\u00fd p\u0159\u00edstup ke sv\u00e9mu tiketu ze sv\u00e9ho \u00fa\u010dtu a tak\u00e9 proto, abychom v\u00e1s mohli upozornit, pokud vyhrajete n\u011bjakou cenu. Zaregistrovat se budete muset pouze jednou a p\u0159i dal\u0161\u00edch pokusech se sta\u010d\u00ed p\u0159ihl\u00e1sit ke sv\u00e9mu \u00fa\u010dtu.<\/p>\n<p>To je v\u0161e, co pot\u0159ebujete k z\u00edsk\u00e1n\u00ed p\u0159\u00edstupu k nejlep\u0161\u00edm mezin\u00e1rodn\u00edm loteri\u00edm z pohodl\u00ed va\u0161eho po\u010d\u00edta\u010de, nebo mobiln\u00edho za\u0159\u00edzen\u00ed!<\/p>\n<h2>V\u00fdsledky losov\u00e1n\u00ed La Primitiva<\/h2>\n<p>Dny losov\u00e1n\u00ed jsou pln\u00e9 vzru\u0161en\u00ed a mnoho s\u00e1zej\u00edc\u00edch se na n\u011b t\u011b\u0161\u00ed. Tehdy se ti, kte\u0159\u00ed se z\u00fa\u010dastnili losov\u00e1n\u00ed, dozv\u011bd\u00ed, zda vyhr\u00e1li jackpot. Existuj\u00ed i dal\u0161\u00ed ceny, kter\u00e9 s\u00e1zej\u00edc\u00ed<\/p>\n<h2>V\u00fdhern\u00ed \u00farovn\u011b<\/h2>\n<p>Jackpot &#8211; shoda 6 hlavn\u00edch \u010d\u00edsel + Reintegro<\/p>\n<p>Divize 1 &#8211; Shoda 6 hlavn\u00edch \u010d\u00edsel<\/p>\n<p>Divize 2 &#8211; Shoda 5 hlavn\u00edch \u010d\u00edsel + bezplatn\u00e9 \u010d\u00edslo<\/p>\n<p>Divize 3 &#8211; Shoda 5 hlavn\u00edch \u010d\u00edsel<\/p>\n<p>Divize 4 &#8211; Shoda 4 hlavn\u00edch \u010d\u00edsel<\/p>\n<p>Divize 5 &#8211; Shoda 3 hlavn\u00edch \u010d\u00edsel<\/p>\n<p>Reintegro &#8211; Shoda pouze s \u010d\u00edslem Reintegro<\/p>\n<h2>Jak vybrat v\u00fdhru<\/h2>\n<p>S\u00e1zej\u00edc\u00ed se \u010dasto ptaj\u00ed, jak se mohou dostat ke sv\u00fdm v\u00fdhr\u00e1m, pokud hraj\u00ed na internetu. Odpov\u011b\u010f na tuto ot\u00e1zku skute\u010dn\u011b z\u00e1vis\u00ed na loterijn\u00ed str\u00e1nce, kterou pou\u017e\u00edv\u00e1te. N\u011bkter\u00e9 loterijn\u00ed str\u00e1nky nejsou p\u0159\u00edli\u0161 dobr\u00e9 ve vypl\u00e1cen\u00ed v\u00fdher, ale zjist\u00edte, \u017ee je to sp\u00ed\u0161e v\u00fdjimka ne\u017e pravidlo. P\u0159esto je v\u017edy dobr\u00e9 z\u016fstat v bezpe\u010d\u00ed a z\u016fstat u d\u016fv\u011bryhodn\u00e9ho prodejce loteri\u00ed.<\/p>\n<p>Pokud hrajete loterii u n\u00e1s, pak si m\u016f\u017eete snadno vybrat sv\u00e9 v\u00fdhry. N\u00e1\u0161 syst\u00e9m jsme navrhli tak, aby poskytoval maxim\u00e1ln\u011b snadn\u00e9 pou\u017eit\u00ed a nulov\u00fd stres. D\u00edky n\u011bkolika mo\u017enostem v\u00fdb\u011bru v\u00e1m poskytujeme bezpe\u010dn\u00fd zp\u016fsob, jak se dostat ke sv\u00fdm v\u00fdhr\u00e1m.<\/p>\n<p>Pokud je va\u0161e v\u00fdhra vy\u0161\u0161\u00ed ne\u017e ur\u010dit\u00e1 \u010d\u00e1stka (nap\u0159\u00edklad pokud vyhrajete jackpot), mus\u00edte se loterijn\u00ed spole\u010dnosti prok\u00e1zat. Nem\u011bjte v\u0161ak obavy, poskytneme v\u00e1m formul\u00e1\u0159, kter\u00fd vypln\u00edte, a jakmile tak u\u010din\u00edte, zpracujeme n\u00e1roky za v\u00e1s.<\/p>\n<h2>Hrajte s n\u00e1mi a z\u00edskejte \u0161anci na velkou v\u00fdhru<\/h2>\n<p>Hodn\u011b z\u00e1le\u017e\u00ed na tom, kde si tikety zakoup\u00edte, a na na\u0161ich str\u00e1nk\u00e1ch jsme ud\u011blali v\u0161e pro to, abychom vytvo\u0159ili bezpe\u010dn\u00e9 m\u00edsto pro s\u00e1zej\u00edc\u00ed z cel\u00e9ho sv\u011bta. D\u00edky \u0161irok\u00e9 nab\u00eddce mezin\u00e1rodn\u00edch loteri\u00ed si m\u016f\u017eete vybrat jakoukoli hru, v\u010detn\u011b La Primitiva. V\u00fdhry jackpot\u016f jsou vysok\u00e9, ale nezapome\u0148te, \u017ee v\u011bt\u0161ina loterijn\u00edch her m\u00e1 n\u011bkolik v\u00fdhern\u00edch \u00farovn\u00ed, p\u0159i\u010dem\u017e n\u011bkter\u00e9 z nich jsou velmi \u0161t\u011bdr\u00e9.<\/p>\n<p>Pokud jste p\u0159ipraveni na \u0161anci vyhr\u00e1t velk\u00e9 \u010d\u00e1stky s La Primitiva, nav\u0161tivte n\u00e1s nyn\u00ed a po\u0159i\u010fte si tikety. D\u00edky t\u0159em t\u00fddenn\u00edm losov\u00e1n\u00edm d\u00e1v\u00e1 \u0161pan\u011blsk\u00e1 loterie s\u00e1zej\u00edc\u00edm n\u011bkolik \u0161anc\u00ed vyhr\u00e1t jackpot ka\u017ed\u00fd t\u00fdden. Na jackpotlotteryonline.com je v\u017edy k dispozici losov\u00e1n\u00ed, kter\u00e9ho se m\u016f\u017eete z\u00fa\u010dastnit, a nikdy nev\u00edte, zda pr\u00e1v\u011b dnes nen\u00ed den, kdy vyhrajete velkou \u010d\u00e1stku.<\/p>\n","protected":false},"excerpt":{"rendered":"<p>\u0160pan\u011blsk\u00e1 loterie je jednou z nejobl\u00edben\u011bj\u0161\u00edch evropsk\u00fdch loteri\u00ed a p\u0159itahuje fanou\u0161ky loterie po cel\u00e9 zemi. La Primitiva je tak\u00e9 jednou z nejstar\u0161\u00edch loteri\u00ed na sv\u011bt\u011b. Byla zalo\u017eena v roce 1763 a fanou\u0161k\u016fm loterie v zemi d\u011bl\u00e1 radost u\u017e t\u00e9m\u011b\u0159 260 let. D\u0159\u00edve byla omezena pouze na s\u00e1zej\u00edc\u00ed, kte\u0159\u00ed \u017eili v dan\u00e9 zem\u011bpisn\u00e9 oblasti, ale d\u00edky [&hellip;]<\/p>\n","protected":false},"author":1,"featured_media":0,"parent":35538,"menu_order":7,"comment_status":"closed","ping_status":"closed","template":"la-primitiva.php","meta":{"_et_pb_use_builder":"","_et_pb_old_content":"","_et_gb_content_width":"","exclude_from_search":false,"footnotes":""},"class_list":["post-39182","page","type-page","status-publish","hentry"],"yoast_head":"<!-- This site is optimized with the Yoast SEO plugin v23.3 - https:\/\/yoast.com\/wordpress\/plugins\/seo\/ -->\n<title>Hrajte \u0161pan\u011blskou loterii La Primitiva online z jak\u00e9koli zem\u011b<\/title>\n<meta name=\"description\" content=\"Jak hr\u00e1t La Primitiva a vyhr\u00e1t velk\u00e9 \u010d\u00e1stky z kter\u00e9koli \u010d\u00e1sti sv\u011bta. P\u0159e\u010dt\u011bte si, jak postupovat p\u0159i hran\u00ed loterie online a jak\u00e9 ceny m\u016f\u017eete vyhr\u00e1t.\" \/>\n<meta name=\"robots\" content=\"index, follow, max-snippet:-1, max-image-preview:large, max-video-preview:-1\" \/>\n<link rel=\"canonical\" href=\"https:\/\/jackpotlotteryonline.com\/cs\/jak-hrat\/la-primitiva\/\" \/>\n<meta property=\"og:locale\" content=\"cs_CZ\" \/>\n<meta property=\"og:type\" content=\"article\" \/>\n<meta property=\"og:title\" content=\"Hrajte \u0161pan\u011blskou loterii La Primitiva online z jak\u00e9koli zem\u011b\" \/>\n<meta property=\"og:description\" content=\"Jak hr\u00e1t La Primitiva a vyhr\u00e1t velk\u00e9 \u010d\u00e1stky z kter\u00e9koli \u010d\u00e1sti sv\u011bta. P\u0159e\u010dt\u011bte si, jak postupovat p\u0159i hran\u00ed loterie online a jak\u00e9 ceny m\u016f\u017eete vyhr\u00e1t.\" \/>\n<meta property=\"og:url\" content=\"https:\/\/jackpotlotteryonline.com\/cs\/jak-hrat\/la-primitiva\/\" \/>\n<meta property=\"og:site_name\" content=\"Lotto Online - Crack The International Lottery Jackpots\" \/>\n<meta property=\"article:modified_time\" content=\"2023-01-03T08:47:53+00:00\" \/>\n<meta property=\"og:image\" content=\"https:\/\/jackpotlotteryonline.com\/wp-content\/uploads\/2022\/11\/1_lotto_jackpot_online-257x300.jpg\" \/>\n<meta name=\"twitter:card\" content=\"summary_large_image\" \/>\n<meta name=\"twitter:label1\" content=\"Odhadovan\u00e1 doba \u010dten\u00ed\" \/>\n\t<meta name=\"twitter:data1\" content=\"6 minut\" \/>\n<!-- \/ Yoast SEO plugin. -->","yoast_head_json":{"title":"Hrajte \u0161pan\u011blskou loterii La Primitiva online z jak\u00e9koli zem\u011b","description":"Jak hr\u00e1t La Primitiva a vyhr\u00e1t velk\u00e9 \u010d\u00e1stky z kter\u00e9koli \u010d\u00e1sti sv\u011bta. P\u0159e\u010dt\u011bte si, jak postupovat p\u0159i hran\u00ed loterie online a jak\u00e9 ceny m\u016f\u017eete vyhr\u00e1t.","robots":{"index":"index","follow":"follow","max-snippet":"max-snippet:-1","max-image-preview":"max-image-preview:large","max-video-preview":"max-video-preview:-1"},"canonical":"https:\/\/jackpotlotteryonline.com\/cs\/jak-hrat\/la-primitiva\/","og_locale":"cs_CZ","og_type":"article","og_title":"Hrajte \u0161pan\u011blskou loterii La Primitiva online z jak\u00e9koli zem\u011b","og_description":"Jak hr\u00e1t La Primitiva a vyhr\u00e1t velk\u00e9 \u010d\u00e1stky z kter\u00e9koli \u010d\u00e1sti sv\u011bta. P\u0159e\u010dt\u011bte si, jak postupovat p\u0159i hran\u00ed loterie online a jak\u00e9 ceny m\u016f\u017eete vyhr\u00e1t.","og_url":"https:\/\/jackpotlotteryonline.com\/cs\/jak-hrat\/la-primitiva\/","og_site_name":"Lotto Online - Crack The International Lottery Jackpots","article_modified_time":"2023-01-03T08:47:53+00:00","og_image":[{"url":"https:\/\/jackpotlotteryonline.com\/wp-content\/uploads\/2022\/11\/1_lotto_jackpot_online-257x300.jpg"}],"twitter_card":"summary_large_image","twitter_misc":{"Odhadovan\u00e1 doba \u010dten\u00ed":"6 minut"},"schema":{"@context":"https:\/\/schema.org","@graph":[{"@type":"WebPage","@id":"https:\/\/jackpotlotteryonline.com\/cs\/jak-hrat\/la-primitiva\/","url":"https:\/\/jackpotlotteryonline.com\/cs\/jak-hrat\/la-primitiva\/","name":"Hrajte \u0161pan\u011blskou loterii La Primitiva online z jak\u00e9koli zem\u011b","isPartOf":{"@id":"https:\/\/jackpotlotteryonline.com\/#website"},"primaryImageOfPage":{"@id":"https:\/\/jackpotlotteryonline.com\/cs\/jak-hrat\/la-primitiva\/#primaryimage"},"image":{"@id":"https:\/\/jackpotlotteryonline.com\/cs\/jak-hrat\/la-primitiva\/#primaryimage"},"thumbnailUrl":"https:\/\/jackpotlotteryonline.com\/wp-content\/uploads\/2022\/11\/1_lotto_jackpot_online-257x300.jpg","datePublished":"2022-11-22T07:18:12+00:00","dateModified":"2023-01-03T08:47:53+00:00","description":"Jak hr\u00e1t La Primitiva a vyhr\u00e1t velk\u00e9 \u010d\u00e1stky z kter\u00e9koli \u010d\u00e1sti sv\u011bta. P\u0159e\u010dt\u011bte si, jak postupovat p\u0159i hran\u00ed loterie online a jak\u00e9 ceny m\u016f\u017eete vyhr\u00e1t.","breadcrumb":{"@id":"https:\/\/jackpotlotteryonline.com\/cs\/jak-hrat\/la-primitiva\/#breadcrumb"},"inLanguage":"cs","potentialAction":[{"@type":"ReadAction","target":["https:\/\/jackpotlotteryonline.com\/cs\/jak-hrat\/la-primitiva\/"]}]},{"@type":"ImageObject","inLanguage":"cs","@id":"https:\/\/jackpotlotteryonline.com\/cs\/jak-hrat\/la-primitiva\/#primaryimage","url":"https:\/\/jackpotlotteryonline.com\/wp-content\/uploads\/2022\/11\/1_lotto_jackpot_online-257x300.jpg","contentUrl":"https:\/\/jackpotlotteryonline.com\/wp-content\/uploads\/2022\/11\/1_lotto_jackpot_online-257x300.jpg"},{"@type":"BreadcrumbList","@id":"https:\/\/jackpotlotteryonline.com\/cs\/jak-hrat\/la-primitiva\/#breadcrumb","itemListElement":[{"@type":"ListItem","position":1,"name":"Home","item":"https:\/\/jackpotlotteryonline.com\/cs\/"},{"@type":"ListItem","position":2,"name":"Jak hr\u00e1t","item":"https:\/\/jackpotlotteryonline.com\/play-online\/"},{"@type":"ListItem","position":3,"name":"hr\u00e1t La Primitiva online"}]},{"@type":"WebSite","@id":"https:\/\/jackpotlotteryonline.com\/#website","url":"https:\/\/jackpotlotteryonline.com\/","name":"Lotto Online - Crack The International Lottery Jackpots","description":"","potentialAction":[{"@type":"SearchAction","target":{"@type":"EntryPoint","urlTemplate":"https:\/\/jackpotlotteryonline.com\/?s={search_term_string}"},"query-input":"required name=search_term_string"}],"inLanguage":"cs"}]}},"_links":{"self":[{"href":"https:\/\/jackpotlotteryonline.com\/cs\/wp-json\/wp\/v2\/pages\/39182","targetHints":{"allow":["GET"]}}],"collection":[{"href":"https:\/\/jackpotlotteryonline.com\/cs\/wp-json\/wp\/v2\/pages"}],"about":[{"href":"https:\/\/jackpotlotteryonline.com\/cs\/wp-json\/wp\/v2\/types\/page"}],"author":[{"embeddable":true,"href":"https:\/\/jackpotlotteryonline.com\/cs\/wp-json\/wp\/v2\/users\/1"}],"replies":[{"embeddable":true,"href":"https:\/\/jackpotlotteryonline.com\/cs\/wp-json\/wp\/v2\/comments?post=39182"}],"version-history":[{"count":0,"href":"https:\/\/jackpotlotteryonline.com\/cs\/wp-json\/wp\/v2\/pages\/39182\/revisions"}],"up":[{"embeddable":true,"href":"https:\/\/jackpotlotteryonline.com\/cs\/wp-json\/wp\/v2\/pages\/35538"}],"wp:attachment":[{"href":"https:\/\/jackpotlotteryonline.com\/cs\/wp-json\/wp\/v2\/media?parent=39182"}],"curies":[{"name":"wp","href":"https:\/\/api.w.org\/{rel}","templated":true}]}}