{"id":39266,"date":"2022-11-23T07:19:51","date_gmt":"2022-11-23T07:19:51","guid":{"rendered":"https:\/\/jackpotlotteryonline.com\/?page_id=39266"},"modified":"2023-01-03T09:42:31","modified_gmt":"2023-01-03T09:42:31","slug":"lotto-america-2","status":"publish","type":"page","link":"https:\/\/jackpotlotteryonline.com\/cs\/jak-hrat\/lotto-america-2\/","title":{"rendered":"Hr\u00e1t Lotto America online"},"content":{"rendered":"<p>Chcete se nau\u010dit s\u00e1zet na Lotto America odkudkoli na sv\u011bt\u011b? Spojen\u00e9 st\u00e1ty maj\u00ed jedny z nejv\u011bt\u0161\u00edch loteri\u00ed na sv\u011bt\u011b, jako je Lotto America. Zaj\u00edmav\u00e9 je, \u017ee jde tak\u00e9 o lotto, kter\u00e9 je \u010dasto p\u0159ehl\u00ed\u017eeno ve prosp\u011bch sv\u00fdch mnohem v\u011bt\u0161\u00edch bratranc\u016f, Powerball a Mega Millions. Existuj\u00ed v\u0161ak zku\u0161en\u00ed s\u00e1zka\u0159i, kte\u0159\u00ed v\u011bd\u00ed, jak neuv\u011b\u0159iteln\u00fd jackpot to je, a nav\u00edc je pravd\u011bpodobnost v\u00fdhry mnohem ni\u017e\u0161\u00ed ne\u017e nap\u0159\u00edklad u americk\u00e9ho Powerballu. Pokud tedy hled\u00e1te americk\u00e9 lotto, kter\u00e9 v\u00e1m d\u00e1v\u00e1 vy\u0161\u0161\u00ed \u0161anci na v\u00fdhru jackpotu ne\u017e ostatn\u00ed loterie, m\u011bli byste se pod\u00edvat na Lotto America.<\/p>\n<p>Je pravda, \u017ee Lotto America je loterie z USA, a proto se losy prod\u00e1vaj\u00ed v USA. S\u00e1zej\u00edc\u00ed si v\u0161ak mohou sv\u00e9 tikety na tuto loterii zakoupit pomoc\u00ed str\u00e1nek, jako je jackpotlotteryonline.com. Pod\u011bl\u00edme se s v\u00e1mi o n\u011bkter\u00e9 podrobnosti a tak\u00e9 se budeme sna\u017eit odpov\u011bd\u011bt na \u010dast\u00e9 ot\u00e1zky, kter\u00e9 byly o Lotto America polo\u017eeny.<\/p>\n<p>\u010ct\u011bte d\u00e1l a dozv\u00edte se o loterii Lotto America a o tom, jak se orientovat v procesu n\u00e1kupu tiket\u016f a vyzved\u00e1v\u00e1n\u00ed v\u00fdher.<\/p>\n<section class=\"layout\" style=\"border: solid 1px; width: 100%;\">\n<div class=\"img-div\" style=\"margin-top: 5px;\"><img decoding=\"async\" class=\"wp-image-17212 alignleft\" style=\"height: 45px; margin: 8px 8px 0px;\" src=\"https:\/\/jackpotlotteryonline.com\/wp-content\/uploads\/2022\/11\/read1.jpg\" alt=\"P\u0159e\u010dt\u011bte si \" width=\"\" height=\"\" \/><\/div>\n<div style=\"padding-left: 5px;\">\n<div style=\"font-size: 1.1em;\">\n<p><strong>V\u00fdhern\u00ed \u010d\u00edsla loterie m\u016f\u017eete vyb\u00edrat ru\u010dn\u011b nebo pomoc\u00ed RNG.<\/strong><\/p>\n<p style=\"font-size: 0.85em; margin-top: -1.5em;\">Jak vygenerovat v\u00fdhern\u00ed \u010d\u00edsla loterie?\u00a0 <a href=\"https:\/\/jackpotlotteryonline.com\/cs\/jak-vygenerovat-vyherni-cisla-v-loterii\"> P\u0159e\u010dt\u011bte si v\u00edce<\/a><\/p>\n<\/div>\n<\/div>\n<\/section>\n<h2>N\u011bco m\u00e1lo o Lotto America<\/h2>\n<p><img loading=\"lazy\" decoding=\"async\" class=\"alignright size-full wp-image-29534\" src=\"https:\/\/jackpotlotteryonline.com\/wp-content\/uploads\/2022\/11\/1_results_lottery_online5.jpg\" alt=\"Zahrajte si lotto America online\" width=\"300\" height=\"200\" \/><\/p>\n<p>V porovn\u00e1n\u00ed s ostatn\u00edmi loteriemi po cel\u00e9m sv\u011bt\u011b je Lotto America relativn\u011b nov\u00e1. Byla zalo\u017eena v roce 2017, funguje teprve 5 let a vznikla jako n\u00e1hrada za Hot Lotto, kter\u00e9 bylo op\u0159edeno mnoha skand\u00e1ly. Nebudeme v\u00e1s unavovat podrobnostmi, sta\u010d\u00ed v\u011bd\u011bt, \u017ee za 5 let sv\u00e9ho fungov\u00e1n\u00ed bylo Lotto America bez skand\u00e1l\u016f.<\/p>\n<p>Lotto America je loterie pro v\u00edce st\u00e1t\u016f, co\u017e znamen\u00e1, \u017ee ji nab\u00edz\u00ed n\u011bkolik americk\u00fdch st\u00e1t\u016f. Obyvatel\u00e9 t\u011bchto st\u00e1t\u016f si mohou snadno zakoupit losy Lotto America tak, \u017ee zajdou k jak\u00e9mukoli prodejci loteri\u00ed po cel\u00e9m st\u00e1t\u011b. Co se v\u0161ak stane, kdy\u017e \u017eijete mimo USA?<\/p>\n<p>Pro s\u00e1zej\u00edc\u00ed, kte\u0159\u00ed \u017eij\u00ed mimo USA a cht\u011bj\u00ed se z\u00fa\u010dastnit loterie Lotto America, existuje jednoduch\u00e9 \u0159e\u0161en\u00ed. Internet umo\u017enil hr\u00e1\u010d\u016fm z cel\u00e9ho sv\u011bta \u00fa\u010dastnit se \u0161pi\u010dkov\u00fdch mezin\u00e1rodn\u00edch loteri\u00ed t\u00edm, \u017ee si vsad\u00ed prost\u0159ednictv\u00edm online prodejce loteri\u00ed. N\u00ed\u017ee se s v\u00e1mi pod\u011bl\u00edme o tipy, jak hr\u00e1t Lotto America online.<\/p>\n<h2>Hran\u00ed Lotto America online<\/h2>\n<p>Prvn\u00edm krokem k hran\u00ed Lotto America online je identifikace webov\u00e9 str\u00e1nky, kter\u00e1 v\u00e1m umo\u017en\u00ed <a href=\"https:\/\/jackpotlotteryonline.com\/cs\/koupit-vstupenky\/lotto-america\">zakoupit tikety<\/a>. To se zd\u00e1 b\u00fdt trochu samoz\u0159ejm\u00e9, ale za chv\u00edli uvid\u00edte, \u017ee to nen\u00ed tak jednoduch\u00e9, jak se zd\u00e1.<\/p>\n<p>Pravdou je, \u017ee existuje n\u011bkolik str\u00e1nek, kter\u00e9 tvrd\u00ed, \u017ee nab\u00edzej\u00ed hr\u00e1\u010d\u016fm mo\u017enost vstoupit do Lotto America. Nab\u00edzej\u00ed v\u0161ak pouze mo\u017enosti vsadit si na v\u00fdsledek loterie. Pokud si na t\u011bchto str\u00e1nk\u00e1ch zakoup\u00edte tikety, do Lotto America jste ve skute\u010dnosti nevstoupili, a i kdy\u017e v\u00e1m padnou v\u0161echna vylosovan\u00e1 \u010d\u00edsla, jackpot nevyhrajete. V\u00fdb\u011br str\u00e1nky, kterou pou\u017e\u00edv\u00e1te, je tedy velmi d\u016fle\u017eit\u00fd.<\/p>\n<p><strong>Jakmile se pro web rozhodnete, postupujte podle n\u00ed\u017ee uveden\u00fdch krok\u016f:<\/strong><\/p>\n<ol>\n<li>Nav\u0161tivte str\u00e1nku, kterou chcete pou\u017e\u00edt, a klikn\u011bte na Lotto America.<\/li>\n<li>Vyberte 5 \u010d\u00edsel z rozsahu 1 a\u017e 52 (pokud si nejste jisti, jak\u00e1 \u010d\u00edsla pou\u017e\u00edt, zkuste automatick\u00fd gener\u00e1tor \u010d\u00edsel).<\/li>\n<li>D\u00e1le vyberte bonusov\u00e9 \u010d\u00edslo (Star Ball) od 1 do 10.<\/li>\n<li>Pro vy\u0161\u0161\u00ed \u0161anci na v\u00fdhru si kupte dal\u0161\u00ed \u0159ady \u010d\u00edsel.<\/li>\n<li><a href=\"https:\/\/jackpotlotteryonline.com\/cs\/vyherni-cisla\/lotto-america\">P\u0159ihlaste se do slosov\u00e1n\u00ed<\/a> (m\u016f\u017eete se z\u00fa\u010dastnit v\u00edce ne\u017e jednoho slosov\u00e1n\u00ed).<\/li>\n<li>Zaregistrujte se a zapla\u0165te za sv\u00e9 p\u0159\u00edsp\u011bvky.<\/li>\n<\/ol>\n<h2>O \u010dem je slu\u017eba p\u0159edplatn\u00e9ho?<\/h2>\n<p>Pokud pou\u017e\u00edv\u00e1te str\u00e1nky, jako je ta na\u0161e, existuje takzvan\u00e1 p\u0159edplatitelsk\u00e1 slu\u017eba, kter\u00e1 umo\u017e\u0148uje bezprobl\u00e9mov\u00e9 s\u00e1zen\u00ed bez stresu. I kdy\u017e je naprosto v po\u0159\u00e1dku b\u00fdt jednor\u00e1zov\u00fdm hr\u00e1\u010dem (pokud to preferujete), v\u011bt\u0161ina s\u00e1zej\u00edc\u00edch hraje \u010dasto. Nejlep\u0161\u00ed zp\u016fsob, jak vyhr\u00e1t Lotto America, je s\u00e1zet pravideln\u011b, a pr\u00e1v\u011b o tom je tato slu\u017eba.<\/p>\n<p>M\u016f\u017eete si ji nastavit tak, abyste byli automaticky za\u0159azeni do budouc\u00edch losov\u00e1n\u00ed. Lotto America m\u00e1 ka\u017ed\u00fd t\u00fdden 3 slosovac\u00ed dny: Pond\u011blky, st\u0159edy a soboty. Bu\u010fme up\u0159\u00edmn\u00ed, sna\u017eit se pamatovat na n\u00e1kup tiket\u016f pro ka\u017ed\u00e9 losov\u00e1n\u00ed m\u016f\u017ee b\u00fdt trochu \u00fanavn\u00e9, ale pr\u00e1v\u011b proto jsme tu my.<\/p>\n<p>Jakmile si nastav\u00edte slu\u017ebu p\u0159edplatn\u00e9ho, m\u016f\u017eete si oddechnout a v\u011bd\u011bt, \u017ee v\u00e1m neunikne \u017e\u00e1dn\u00e9 losov\u00e1n\u00ed Lotto America.<\/p>\n<h2>O na\u0161ich slu\u017eb\u00e1ch concierge<\/h2>\n<p>Zm\u00ednili jsme se o nebezpe\u010d\u00ed, kter\u00e9 hroz\u00ed, kdy\u017e ke h\u0159e Lotto America pou\u017eijete jen tak n\u011bjakou str\u00e1nku na internetu. Jak ale pozn\u00e1te, \u017ee vstupujete do Lotto America, kdy\u017e hrajete na na\u0161ich str\u00e1nk\u00e1ch? No, je to jednoduch\u00e9. Nab\u00edz\u00edme slu\u017ebu, kter\u00e1 v\u00e1m pom\u016f\u017ee koupit si tiket v zemi, kde se loterie hraje. Rovn\u011b\u017e v\u00e1m usnadn\u00edme uplatn\u011bn\u00ed n\u00e1rok\u016f, kdy\u017e vyhrajete. V podstat\u011b si n\u00e1s m\u016f\u017eete p\u0159edstavit jako slu\u017ebu concierge pro hr\u00e1\u010de loterie.<\/p>\n<p>Kdy\u017e hrajete Lotto America na na\u0161ich str\u00e1nk\u00e1ch, stane se toto. Jakmile si vyberete sv\u00e1 \u010d\u00edsla a provedete platbu, n\u00e1\u0161 agent v USA koup\u00ed fyzick\u00fd tiket s va\u0161imi \u010d\u00edsly. Ten bude samoz\u0159ejm\u011b ur\u010den pro v\u00e1mi vybran\u00e9 losov\u00e1n\u00ed. Tento tiket je pot\u00e9 naskenov\u00e1n a nahr\u00e1n na v\u00e1\u0161 \u00fa\u010det.<\/p>\n<p>Jedn\u00e1 se o zcela leg\u00e1ln\u00ed zp\u016fsob, jak hr\u00e1t Lotto America z kter\u00e9koli \u010d\u00e1sti sv\u011bta. Nav\u00edc je tak zaji\u0161t\u011bno, \u017ee se skute\u010dn\u011b z\u00fa\u010dastn\u00edte loterie, kterou jste si vybrali.<\/p>\n<h2>Kontrola v\u00fdkres\u016f<\/h2>\n<p><img loading=\"lazy\" decoding=\"async\" class=\"alignright size-full wp-image-30506\" src=\"https:\/\/jackpotlotteryonline.com\/wp-content\/uploads\/2022\/11\/3_screen_buy_lotto_tickets_online.jpg\" alt=\"Losov\u00e1n\u00ed Lotto America\" width=\"300\" height=\"217\" \/><\/p>\n<p>Lotto America m\u00e1 t\u0159i losovac\u00ed dny v t\u00fddnu, pond\u011bl\u00ed, st\u0159edu a sobotu. B\u011bhem losov\u00e1n\u00ed je vyhl\u00e1\u0161en v\u00fdhern\u00ed tiket. Chcete-li vyhr\u00e1t jackpot, mus\u00ed se v\u00e1\u0161 tiket shodovat se \u0161esti vylosovan\u00fdmi \u010d\u00edsly. V\u00fdhry jackpotu Lotto America za\u010d\u00ednaj\u00ed na 2 milionech dolar\u016f a mohou se p\u0159eklopit, pokud po losov\u00e1n\u00ed nen\u00ed \u017e\u00e1dn\u00fd v\u00fdherce.<\/p>\n<p>Proto\u017ee se po ka\u017ed\u00e9m losov\u00e1n\u00ed (pokud nen\u00ed \u017e\u00e1dn\u00fd v\u00fdherce) p\u0159eklop\u00ed, m\u016f\u017ee dos\u00e1hnout a\u017e 18 milion\u016f dolar\u016f. To je slu\u0161n\u00e1 \u010d\u00e1stka, kterou m\u016f\u017eete vyhr\u00e1t, \u017ee?<\/p>\n<p>Po ka\u017ed\u00e9m losov\u00e1n\u00ed se m\u016f\u017eete na na\u0161ich str\u00e1nk\u00e1ch pod\u00edvat, zda jste vyhr\u00e1li. Lotto America m\u00e1 9 r\u016fzn\u00fdch v\u00fdhern\u00edch kategori\u00ed a pokud n\u011bkterou z nich vyhrajete, po\u0161leme v\u00e1m upozorn\u011bn\u00ed e-mailem.<\/p>\n<h2>Jak se p\u0159ihl\u00e1sit o v\u00fdhru<\/h2>\n<p>Jednou z ot\u00e1zek, kterou \u010dasto sl\u00fdch\u00e1me od s\u00e1zej\u00edc\u00edch, je, jak se dostat ke sv\u00fdm v\u00fdhr\u00e1m, kdy\u017e vstoup\u00ed do Lotto America online. Pokud si koup\u00edte tikety Lotto America prost\u0159ednictv\u00edm na\u0161ich str\u00e1nek, nab\u00edz\u00edme jednoduch\u00fd a bezprobl\u00e9mov\u00fd zp\u016fsob, jak si vyzvednout sv\u00e9 v\u00fdhry. V\u00fdhry v hodnot\u011b 2500 \u20ac budou p\u0159ips\u00e1ny na v\u00e1\u0161 \u00fa\u010det a pot\u00e9 si je m\u016f\u017eete bez dal\u0161\u00edch n\u00e1klad\u016f vybrat.<\/p>\n<p>Pokud vyhrajete v\u00fdznamn\u011bj\u0161\u00ed \u010d\u00e1stku, je postup pon\u011bkud odli\u0161n\u00fd. Poskytneme v\u00e1m formul\u00e1\u0159 pro uplatn\u011bn\u00ed n\u00e1roku, kter\u00fd vypln\u00edte, a jakmile tak u\u010din\u00edte, n\u00e1rok za v\u00e1s zpracujeme. D\u016fvodem je to, \u017ee se budete muset identifikovat. Tak\u00e9 n\u011bkter\u00e9 loterijn\u00ed spole\u010dnosti mohou vy\u017eadovat, abyste se pro vy\u0161\u0161\u00ed \u010d\u00e1stky dostavili osobn\u011b. Pokud se tak stane, d\u00e1me v\u00e1m ihned v\u011bd\u011bt.<\/p>\n<h2>Nakupujte s n\u00e1mi losy na Lotto America<\/h2>\n<p>Str\u00e1vili jsme roky vyu\u017e\u00edv\u00e1n\u00edm modern\u00edch technologi\u00ed a dolov\u00e1n\u00edm rozs\u00e1hl\u00fdch zku\u0161enost\u00ed, abychom mohli poskytnout m\u00edsto, kde si s\u00e1zej\u00edc\u00ed mohou bezpe\u010dn\u011b koupit tikety. Na na\u0161ich str\u00e1nk\u00e1ch si m\u016f\u017eete snadno koupit tikety na Lotto America nebo na kteroukoli jinou mezin\u00e1rodn\u00ed loterii, kterou m\u00e1me k dispozici.<\/p>\n<p>Pro\u010d si u n\u00e1s nekoupit tiket je\u0161t\u011b dnes zad\u00e1n\u00edm Lotto America? Postar\u00e1me se o detaily, abyste se mohli v\u011bnovat tomu, co m\u00e1te nejrad\u011bji. Pro v\u00edce informac\u00ed nav\u0161tivte jackpotlotteryonline.com.<\/p>\n","protected":false},"excerpt":{"rendered":"<p>Chcete se nau\u010dit s\u00e1zet na Lotto America odkudkoli na sv\u011bt\u011b? Spojen\u00e9 st\u00e1ty maj\u00ed jedny z nejv\u011bt\u0161\u00edch loteri\u00ed na sv\u011bt\u011b, jako je Lotto America. Zaj\u00edmav\u00e9 je, \u017ee jde tak\u00e9 o lotto, kter\u00e9 je \u010dasto p\u0159ehl\u00ed\u017eeno ve prosp\u011bch sv\u00fdch mnohem v\u011bt\u0161\u00edch bratranc\u016f, Powerball a Mega Millions. Existuj\u00ed v\u0161ak zku\u0161en\u00ed s\u00e1zka\u0159i, kte\u0159\u00ed v\u011bd\u00ed, jak neuv\u011b\u0159iteln\u00fd jackpot to je, [&hellip;]<\/p>\n","protected":false},"author":1,"featured_media":0,"parent":35538,"menu_order":13,"comment_status":"closed","ping_status":"closed","template":"lotto-america.php","meta":{"_et_pb_use_builder":"","_et_pb_old_content":"","_et_gb_content_width":"","exclude_from_search":false,"footnotes":""},"class_list":["post-39266","page","type-page","status-publish","hentry"],"yoast_head":"<!-- This site is optimized with the Yoast SEO plugin v23.3 - https:\/\/yoast.com\/wordpress\/plugins\/seo\/ -->\n<title>Kupte si losy Lotto America z m\u00edsta mimo Ameriku | Z\u00edskejte losy online<\/title>\n<meta name=\"description\" content=\"Poznejte, jak neuv\u011b\u0159iteln\u00e1 je loterie Lotto America a pro\u010d jsou jej\u00ed v\u00fdhern\u00ed \u0161ance p\u0159\u00edzniv\u00e9 ve srovn\u00e1n\u00ed s jin\u00fdmi loteriemi.\" \/>\n<meta name=\"robots\" content=\"index, follow, max-snippet:-1, max-image-preview:large, max-video-preview:-1\" \/>\n<link rel=\"canonical\" href=\"https:\/\/jackpotlotteryonline.com\/cs\/jak-hrat\/lotto-america-2\/\" \/>\n<meta property=\"og:locale\" content=\"cs_CZ\" \/>\n<meta property=\"og:type\" content=\"article\" \/>\n<meta property=\"og:title\" content=\"Kupte si losy Lotto America z m\u00edsta mimo Ameriku | Z\u00edskejte losy online\" \/>\n<meta property=\"og:description\" content=\"Poznejte, jak neuv\u011b\u0159iteln\u00e1 je loterie Lotto America a pro\u010d jsou jej\u00ed v\u00fdhern\u00ed \u0161ance p\u0159\u00edzniv\u00e9 ve srovn\u00e1n\u00ed s jin\u00fdmi loteriemi.\" \/>\n<meta property=\"og:url\" content=\"https:\/\/jackpotlotteryonline.com\/cs\/jak-hrat\/lotto-america-2\/\" \/>\n<meta property=\"og:site_name\" content=\"Lotto Online - Crack The International Lottery Jackpots\" \/>\n<meta property=\"article:modified_time\" content=\"2023-01-03T09:42:31+00:00\" \/>\n<meta property=\"og:image\" content=\"https:\/\/jackpotlotteryonline.com\/wp-content\/uploads\/2022\/11\/read1.jpg\" \/>\n<meta name=\"twitter:card\" content=\"summary_large_image\" \/>\n<meta name=\"twitter:label1\" content=\"Odhadovan\u00e1 doba \u010dten\u00ed\" \/>\n\t<meta name=\"twitter:data1\" content=\"6 minut\" \/>\n<!-- \/ Yoast SEO plugin. -->","yoast_head_json":{"title":"Kupte si losy Lotto America z m\u00edsta mimo Ameriku | Z\u00edskejte losy online","description":"Poznejte, jak neuv\u011b\u0159iteln\u00e1 je loterie Lotto America a pro\u010d jsou jej\u00ed v\u00fdhern\u00ed \u0161ance p\u0159\u00edzniv\u00e9 ve srovn\u00e1n\u00ed s jin\u00fdmi loteriemi.","robots":{"index":"index","follow":"follow","max-snippet":"max-snippet:-1","max-image-preview":"max-image-preview:large","max-video-preview":"max-video-preview:-1"},"canonical":"https:\/\/jackpotlotteryonline.com\/cs\/jak-hrat\/lotto-america-2\/","og_locale":"cs_CZ","og_type":"article","og_title":"Kupte si losy Lotto America z m\u00edsta mimo Ameriku | Z\u00edskejte losy online","og_description":"Poznejte, jak neuv\u011b\u0159iteln\u00e1 je loterie Lotto America a pro\u010d jsou jej\u00ed v\u00fdhern\u00ed \u0161ance p\u0159\u00edzniv\u00e9 ve srovn\u00e1n\u00ed s jin\u00fdmi loteriemi.","og_url":"https:\/\/jackpotlotteryonline.com\/cs\/jak-hrat\/lotto-america-2\/","og_site_name":"Lotto Online - Crack The International Lottery Jackpots","article_modified_time":"2023-01-03T09:42:31+00:00","og_image":[{"url":"https:\/\/jackpotlotteryonline.com\/wp-content\/uploads\/2022\/11\/read1.jpg"}],"twitter_card":"summary_large_image","twitter_misc":{"Odhadovan\u00e1 doba \u010dten\u00ed":"6 minut"},"schema":{"@context":"https:\/\/schema.org","@graph":[{"@type":"WebPage","@id":"https:\/\/jackpotlotteryonline.com\/cs\/jak-hrat\/lotto-america-2\/","url":"https:\/\/jackpotlotteryonline.com\/cs\/jak-hrat\/lotto-america-2\/","name":"Kupte si losy Lotto America z m\u00edsta mimo Ameriku | Z\u00edskejte losy online","isPartOf":{"@id":"https:\/\/jackpotlotteryonline.com\/#website"},"primaryImageOfPage":{"@id":"https:\/\/jackpotlotteryonline.com\/cs\/jak-hrat\/lotto-america-2\/#primaryimage"},"image":{"@id":"https:\/\/jackpotlotteryonline.com\/cs\/jak-hrat\/lotto-america-2\/#primaryimage"},"thumbnailUrl":"https:\/\/jackpotlotteryonline.com\/wp-content\/uploads\/2022\/11\/read1.jpg","datePublished":"2022-11-23T07:19:51+00:00","dateModified":"2023-01-03T09:42:31+00:00","description":"Poznejte, jak neuv\u011b\u0159iteln\u00e1 je loterie Lotto America a pro\u010d jsou jej\u00ed v\u00fdhern\u00ed \u0161ance p\u0159\u00edzniv\u00e9 ve srovn\u00e1n\u00ed s jin\u00fdmi loteriemi.","breadcrumb":{"@id":"https:\/\/jackpotlotteryonline.com\/cs\/jak-hrat\/lotto-america-2\/#breadcrumb"},"inLanguage":"cs","potentialAction":[{"@type":"ReadAction","target":["https:\/\/jackpotlotteryonline.com\/cs\/jak-hrat\/lotto-america-2\/"]}]},{"@type":"ImageObject","inLanguage":"cs","@id":"https:\/\/jackpotlotteryonline.com\/cs\/jak-hrat\/lotto-america-2\/#primaryimage","url":"https:\/\/jackpotlotteryonline.com\/wp-content\/uploads\/2022\/11\/read1.jpg","contentUrl":"https:\/\/jackpotlotteryonline.com\/wp-content\/uploads\/2022\/11\/read1.jpg"},{"@type":"BreadcrumbList","@id":"https:\/\/jackpotlotteryonline.com\/cs\/jak-hrat\/lotto-america-2\/#breadcrumb","itemListElement":[{"@type":"ListItem","position":1,"name":"Home","item":"https:\/\/jackpotlotteryonline.com\/cs\/"},{"@type":"ListItem","position":2,"name":"Jak hr\u00e1t","item":"https:\/\/jackpotlotteryonline.com\/play-online\/"},{"@type":"ListItem","position":3,"name":"Hr\u00e1t Lotto America online"}]},{"@type":"WebSite","@id":"https:\/\/jackpotlotteryonline.com\/#website","url":"https:\/\/jackpotlotteryonline.com\/","name":"Lotto Online - Crack The International Lottery Jackpots","description":"","potentialAction":[{"@type":"SearchAction","target":{"@type":"EntryPoint","urlTemplate":"https:\/\/jackpotlotteryonline.com\/?s={search_term_string}"},"query-input":"required name=search_term_string"}],"inLanguage":"cs"}]}},"_links":{"self":[{"href":"https:\/\/jackpotlotteryonline.com\/cs\/wp-json\/wp\/v2\/pages\/39266","targetHints":{"allow":["GET"]}}],"collection":[{"href":"https:\/\/jackpotlotteryonline.com\/cs\/wp-json\/wp\/v2\/pages"}],"about":[{"href":"https:\/\/jackpotlotteryonline.com\/cs\/wp-json\/wp\/v2\/types\/page"}],"author":[{"embeddable":true,"href":"https:\/\/jackpotlotteryonline.com\/cs\/wp-json\/wp\/v2\/users\/1"}],"replies":[{"embeddable":true,"href":"https:\/\/jackpotlotteryonline.com\/cs\/wp-json\/wp\/v2\/comments?post=39266"}],"version-history":[{"count":0,"href":"https:\/\/jackpotlotteryonline.com\/cs\/wp-json\/wp\/v2\/pages\/39266\/revisions"}],"up":[{"embeddable":true,"href":"https:\/\/jackpotlotteryonline.com\/cs\/wp-json\/wp\/v2\/pages\/35538"}],"wp:attachment":[{"href":"https:\/\/jackpotlotteryonline.com\/cs\/wp-json\/wp\/v2\/media?parent=39266"}],"curies":[{"name":"wp","href":"https:\/\/api.w.org\/{rel}","templated":true}]}}