{"id":39465,"date":"2022-11-24T10:52:43","date_gmt":"2022-11-24T10:52:43","guid":{"rendered":"https:\/\/jackpotlotteryonline.com\/?page_id=39465"},"modified":"2023-01-03T17:24:04","modified_gmt":"2023-01-03T17:24:04","slug":"mega-sena-2","status":"publish","type":"page","link":"https:\/\/jackpotlotteryonline.com\/cs\/jak-hrat\/mega-sena-2\/","title":{"rendered":"Zahrajte si online loterii Mega-Sena"},"content":{"rendered":"<p>Chcete si koupit losy do loterie Mega-Sena odkudkoli na sv\u011bt\u011b? Mega-Sena je nejv\u011bt\u0161\u00ed brazilsk\u00e1 loterie, kter\u00e1 se provozuje od roku 1996. Miliony fanou\u0161k\u016f loterie v Braz\u00edlii si p\u0159ed ka\u017ed\u00fdm losov\u00e1n\u00edm sp\u011bchaj\u00ed koupit losy Mega-Sena a nyn\u00ed se mohou \u0161ance vyhr\u00e1t miliony re\u00e1l\u016f z\u00fa\u010dastnit i hr\u00e1\u010di po cel\u00e9m sv\u011bt\u011b.<\/p>\n<p>Jedn\u00edm z d\u016fvod\u016f, pro\u010d je Mega-Sena tak popul\u00e1rn\u00ed, je mo\u017en\u00e1 to, \u017ee ji provozuje banka, kter\u00e1 je nejv\u011bt\u0161\u00ed st\u00e1tn\u00ed bankou v Braz\u00edlii. Na n\u00e1kupu los\u016f do loterie, kterou vlastn\u00ed banka, mus\u00ed b\u00fdt n\u011bco uklid\u0148uj\u00edc\u00edho a spolehliv\u00e9ho.<\/p>\n<p>Pro ty, kte\u0159\u00ed \u017eij\u00ed mimo Braz\u00edlii, u\u017e nen\u00ed \u00fa\u010dast v loterii Mega-Sena nedosa\u017eiteln\u00fdm p\u0159\u00e1n\u00edm. Bez ohledu na to, kde \u017eijete, m\u016f\u017eete z\u00edskat p\u0159\u00edstup k Mega-Sen\u011b, samoz\u0159ejm\u011b pokud jste star\u0161\u00ed ne\u017e z\u00e1konem stanoven\u00fd v\u011bk. Pokud chcete v\u011bd\u011bt, jak m\u016f\u017eete z\u00edskat p\u0159\u00edstup k brazilsk\u00fdm los\u016fm loterie, \u010dt\u011bte d\u00e1l.<\/p>\n<p>Mega-Sena nen\u00ed jedin\u00e9 lotto, kter\u00e9 m\u016f\u017eete hr\u00e1t odkudkoli. Nav\u0161tivte n\u00e1s na jackpotlotteryonline.com a zjist\u011bte v\u00edce o nejlep\u0161\u00edch mezin\u00e1rodn\u00edch loteri\u00edch, ke kter\u00fdm m\u016f\u017eete z\u00edskat p\u0159\u00edstup.<\/p>\n<h2>Jak hr\u00e1t Mega-Sena online<\/h2>\n<p>A\u0165 u\u017e se nach\u00e1z\u00edte v Braz\u00edlii nebo na vzd\u00e1len\u00e9m kontinentu, m\u016f\u017eete si zahr\u00e1t Mega-Senu. Zp\u016fsob, jak to ud\u011blat, je <a href=\"https:\/\/jackpotlotteryonline.com\/cs\/koupit-vstupenky\/mega-sena\">koupit si tikety online<\/a> p\u0159es n\u00e1s. U\u017eivatel\u016fm poskytujeme p\u0159\u00edstup k loteri\u00edm z cel\u00e9ho sv\u011bta, v\u010detn\u011b Mega-Seny. Pokud pou\u017e\u00edv\u00e1te na\u0161e str\u00e1nky ke h\u0159e Mega-Sena, poskytujeme p\u0159\u00edmo\u010dar\u00fd postup pro bezprobl\u00e9mov\u00fd z\u00e1\u017eitek.<\/p>\n<p>Prvn\u00edm krokem je nav\u0161t\u00edvit na\u0161e webov\u00e9 str\u00e1nky a pot\u00e9 kliknout na odkaz na loterii Mega-Sena. Pot\u00e9 si mus\u00edte vybrat 6 \u010d\u00edsel z rozmez\u00ed 1 a\u017e 60. Pro ka\u017ed\u00e9 slosov\u00e1n\u00ed si m\u016f\u017eete vybrat a\u017e 6 sad \u010d\u00edsel, abyste zv\u00fd\u0161ili sv\u00e9 \u0161ance na v\u00fdhru jackpotu. Po v\u00fdb\u011bru \u010d\u00edsel zvolte dny losov\u00e1n\u00ed a dokon\u010dete proces.<\/p>\n<p>P\u0159i hran\u00ed online je nezbytn\u00e9 pou\u017e\u00edvat slu\u017ebu, kter\u00e1 v\u00e1m umo\u017en\u00ed p\u0159\u00edstup k Mega-Sen\u011b. Pod\u00edvejte se, spousta str\u00e1nek to slibuje, ale kdy\u017e si p\u0159e\u010dtete drobn\u00e9 p\u00edsmo, zjist\u00edte, \u017ee v\u00e1m umo\u017en\u00ed s\u00e1zet pouze na v\u00fdsledek loterie. Pokud si tikety Mega-Sena koup\u00edte na na\u0161ich str\u00e1nk\u00e1ch, zajist\u00edme, \u017ee budete za\u0159azeni do Mega-Seny, a pokud v\u00e1\u0161 tiket odpov\u00edd\u00e1 vylosovan\u00fdm \u010d\u00edsl\u016fm, vyhrajete.<\/p>\n<h2>Jak vyhr\u00e1t Mega-Senu<\/h2>\n<p><img loading=\"lazy\" decoding=\"async\" class=\"size-medium wp-image-28319 alignright\" src=\"https:\/\/jackpotlotteryonline.com\/wp-content\/uploads\/2022\/11\/1_mega_lottery_jackpot-300x207.jpg\" alt=\"Vyhrajte loterii Mega-Sena \" width=\"300\" height=\"207\" srcset=\"https:\/\/jackpotlotteryonline.com\/wp-content\/uploads\/2022\/11\/1_mega_lottery_jackpot-300x207.jpg 300w, https:\/\/jackpotlotteryonline.com\/wp-content\/uploads\/2022\/11\/1_mega_lottery_jackpot.jpg 320w\" sizes=\"auto, (max-width: 300px) 100vw, 300px\" \/><\/p>\n<p>Padaj\u00edc\u00ed pen\u00edze. L\u00e9taj\u00edc\u00ed zelen\u00e9 bankovky izolovan\u00e9 na b\u00edl\u00e9 ploch\u00e9 pen\u011b\u017en\u00ed konfety, koncept v\u00fdhry v loterii. Vektorov\u00e1 ilustrace banneru vyd\u011bl\u00e1vaj\u00edc\u00edho pen\u00edze na pozad\u00ed<\/p>\n<p><a href=\"https:\/\/jackpotlotteryonline.com\/cs\/vyherni-cisla\/mega-sena\">Vyhr\u00e1t Mega-Senu<\/a> znamen\u00e1, \u017ee se shodujete s vylosovan\u00fdmi \u010d\u00edsly. V podstat\u011b jde o 6 \u010d\u00edsel, kter\u00e1 se losuj\u00ed n\u00e1hodn\u011b z mo\u017en\u00fdch 60 \u010d\u00edsel. Jackpot vyhr\u00e1v\u00e1 ka\u017ed\u00fd tiket, kter\u00fd odpov\u00edd\u00e1 6 vylosovan\u00fdm \u010d\u00edsl\u016fm.<\/p>\n<p>Losov\u00e1n\u00ed Mega-Sena se kon\u00e1 dvakr\u00e1t t\u00fddn\u011b, v\u017edy ve st\u0159edu a v sobotu. P\u0159i n\u00e1kupu tiket\u016f Mega-Sena si m\u016f\u017eete vybrat, kter\u00e9ho losov\u00e1n\u00ed se z\u00fa\u010dastn\u00edte. M\u016f\u017eete se tak\u00e9 z\u00fa\u010dastnit v\u00edce slosov\u00e1n\u00ed. To d\u011blaj\u00ed nejlep\u0161\u00ed hr\u00e1\u010di, aby si zajistili co nejv\u00edce \u0161anc\u00ed na v\u00fdhru jackpotu.<\/p>\n<p>Dal\u0161\u00ed v\u00fdhodou pou\u017e\u00edv\u00e1n\u00ed na\u0161ich str\u00e1nek je, \u017ee si m\u016f\u017eete snadno nastavit automatick\u00e9 p\u0159edplatn\u00e9 na n\u00e1kup tiket\u016f Mega-Sena. To znamen\u00e1, \u017ee nemus\u00edte ru\u010dn\u011b zad\u00e1vat ka\u017ed\u00e9 slosov\u00e1n\u00ed. Je snadn\u00e9 na takov\u00e9 v\u011bci zapomenout a p\u0159em\u00fd\u0161let o tom, jak hrozn\u011b byste se c\u00edtili, kdyby losov\u00e1n\u00ed, do kter\u00e9ho jste se nezapojili, bylo pr\u00e1v\u011b to, kter\u00e9 jste mohli vyhr\u00e1t. Nastavte si to tak, abyste byli automaticky zad\u00e1v\u00e1ni do ka\u017ed\u00e9ho losov\u00e1n\u00ed.<\/p>\n<h2>Jackpot Mega-Sena<\/h2>\n<p>V\u00fdhra za\u010d\u00edn\u00e1 na 3 milionech rupi\u00ed, a pokud po losov\u00e1n\u00ed nen\u00ed \u017e\u00e1dn\u00fd v\u00fdherce, zvy\u0161uje se. A m\u016f\u017ee nar\u016fst docela vysoko. \u0160ance na v\u00fdhru jackpotu je 1 ku 50 milion\u016fm, co\u017e je ve srovn\u00e1n\u00ed s ostatn\u00edmi \u0161pi\u010dkov\u00fdmi mezin\u00e1rodn\u00edmi loteriemi opravdu dobr\u00e1 hodnota.<\/p>\n<p>Nejv\u011bt\u0161\u00ed jackpot, kter\u00fd n\u011bkdo vyhr\u00e1l v Mega-Sen\u011b, byl p\u0159ibli\u017en\u011b 53 milion\u016f eur. To je podle v\u0161ech m\u011b\u0159\u00edtek \u010d\u00e1stka, kter\u00e1 zm\u011bn\u00ed \u017eivot. A v\u016fbec nejvy\u0161\u0161\u00ed jackpot v loterii Mega-Sena byl neuv\u011b\u0159iteln\u00fdch 73 milion\u016f eur.<\/p>\n<p>I kdy\u017e jackpot Mega-Seny nedosahuje miliard dolar\u016f, nen\u00ed pochyb o tom, \u017ee hr\u00e1\u010d m\u016f\u017ee v t\u00e9to loterii vyhr\u00e1t velk\u00e9 \u010d\u00e1stky. Pokud jste o t\u00e9to loterii dosud vy\u010dk\u00e1vali, nyn\u00ed je ten spr\u00e1vn\u00fd \u010das sko\u010dit dol\u016f a koupit si tiket.<\/p>\n<h2>Ceny, kter\u00e9 m\u016f\u017eete vyhr\u00e1t<\/h2>\n<p>Ob\u0161\u00edrn\u011b jsme hovo\u0159ili o jackpotu Mega-Sena, co\u017e je nejvy\u0161\u0161\u00ed cena, kterou m\u016f\u017ee ka\u017ed\u00fd hr\u00e1\u010d p\u0159i \u00fa\u010dasti v t\u00e9to loterii vyhr\u00e1t. Jackpot v\u0161ak nen\u00ed jedinou v\u00fdhrou, kterou mohou fanou\u0161ci Mega-Seny vyhr\u00e1t.<\/p>\n<p>Mega-Sena m\u00e1 celkem 3 v\u00fdhern\u00ed \u00farovn\u011b, v\u010detn\u011b jackpotu. Je v\u0161ak trochu obt\u00ed\u017en\u00e9 \u0159\u00edci, kolik p\u0159esn\u011b budou v\u00fdhry \u010dinit, proto\u017ee ka\u017ed\u00e9 \u00farovni je p\u0159id\u011bleno ur\u010dit\u00e9 procento z v\u00fdhern\u00edho fondu. Informace o v\u00fdhern\u00edch \u00farovn\u00edch najdete d\u00e1le.<\/p>\n<p>Jackpot &#8211; Sena: Sada: Shoda 6 \u010d\u00edsel &#8211; 35 % v\u00fdhern\u00edho fondu.<\/p>\n<p>\u00darove\u0148 2 &#8211; Quina: 2. v\u00fdhra: Quina &#8211; 5 \u010d\u00edsel &#8211; 19 % z v\u00fdhern\u00edho fondu<\/p>\n<p>\u00darove\u0148 3 &#8211; Quadra: Uhodn\u011bte 4 \u010d\u00edsla &#8211; 19 % v\u00fdhern\u00edho fondu.<\/p>\n<h2>Mega da virada<\/h2>\n<p>Co je mega da virada? Pokud jste se n\u011bkdy zaj\u00edmali o hru Mega-Sena, ur\u010dit\u011b jste narazili na mega da virada. Jedn\u00e1 se o dal\u0161\u00ed hru nebo o kategorii v\u00fdher? No, nen\u00ed to ani jedno, ani druh\u00e9. M\u00edsto toho je sou\u010d\u00e1st\u00ed loterie Mega-Sena, ale jedn\u00e1 se o speci\u00e1ln\u00ed losov\u00e1n\u00ed, kter\u00e9 se kon\u00e1 ka\u017ed\u00fd rok na Silvestra.<\/p>\n<p>Mega da virada je hra, kter\u00e1 p\u0159itahuje zku\u0161en\u00e9 s\u00e1zka\u0159e po cel\u00e9m sv\u011bt\u011b, proto\u017ee jackpot b\u00fdv\u00e1 vysok\u00fd. Jackpot pro rok 2022 \u010din\u00ed neuv\u011b\u0159iteln\u00fdch 450 milion\u016f r\u00fdnsk\u00fdch dolar\u016f a \u00fadajn\u011b jde o nejv\u011bt\u0161\u00ed v\u00fdhru v historii Mega-Seny! Nen\u00ed divu, \u017ee se lotto nad\u0161enci p\u0159edh\u00e1n\u011bj\u00ed v n\u00e1kupu vstupenek do tohoto slosov\u00e1n\u00ed.<\/p>\n<p>Do mega da virady se m\u016f\u017eete p\u0159ihl\u00e1sit p\u0159\u00edmo zde na na\u0161ich str\u00e1nk\u00e1ch. Nemus\u00edte proch\u00e1zet obru\u010demi a smy\u010dkami, jen abyste se mohli do mega da virada p\u0159ihl\u00e1sit. Prozrad\u00edme v\u00e1m tajemstv\u00ed: mega da virada je vlastn\u011b Mega-Sena, ale je to posledn\u00ed slosov\u00e1n\u00ed v tomto roce. To je v\u0161e. Z\u00fa\u010dastn\u011bte se tedy losov\u00e1n\u00ed Mega-Sena 31. prosince a z\u00edskejte \u0161anci na velkou v\u00fdhru.<\/p>\n<h2>Pravda o hran\u00ed loterie Mega-Sena online<\/h2>\n<p><img loading=\"lazy\" decoding=\"async\" class=\"alignright size-medium wp-image-32000\" src=\"https:\/\/jackpotlotteryonline.com\/wp-content\/uploads\/2022\/11\/1_mega_lotto_ticket-213x300.jpg\" alt=\"Los do loterie Mega-Sena online\" width=\"213\" height=\"300\" srcset=\"https:\/\/jackpotlotteryonline.com\/wp-content\/uploads\/2022\/11\/1_mega_lotto_ticket-213x300.jpg 213w, https:\/\/jackpotlotteryonline.com\/wp-content\/uploads\/2022\/11\/1_mega_lotto_ticket.jpg 320w\" sizes=\"auto, (max-width: 213px) 100vw, 213px\" \/><\/p>\n<p>Dobr\u00e1, r\u00e1di bychom v\u00e1m v\u011bnovali n\u011bkolik minut a poskytli v\u00e1m n\u011bkolik rad o hran\u00ed Mega-Seny na internetu. Ne\u017e si koup\u00edte tiket do loterie Mega-Sena, mus\u00edte si b\u00fdt jisti, \u017ee se do loterie p\u0159ihla\u0161ujete. Nejlep\u0161\u00edm zp\u016fsobem je zjistit, zda str\u00e1nka funguje jako zprost\u0159edkovatel. Co\u017e znamen\u00e1, \u017ee maj\u00ed v Braz\u00edlii agenty, kte\u0159\u00ed budou nakupovat fyzick\u00e9 tikety Mega-Sena.<\/p>\n<p>Dal\u0161\u00ed v\u011bc, kterou je t\u0159eba si o t\u00e9to h\u0159e uv\u011bdomit, je, \u017ee se jedn\u00e1 o hru s \u010d\u00edsly. V podstat\u011b v\u0161e souvis\u00ed s t\u00edm, jak\u00e9 m\u00e1te \u0161t\u011bst\u00ed. Existuje v\u0161ak n\u011bkolik zp\u016fsob\u016f, jak m\u016f\u017eete \u0161t\u011bst\u00ed pomoci a zv\u00fd\u0161it sv\u00e9 \u0161ance na v\u00fdhru. Jedn\u00edm ze zp\u016fsob\u016f je zakoupen\u00ed v\u00edce vstup\u016f.<\/p>\n<p>Mega-Sena m\u00e1 pro s\u00e1zej\u00edc\u00ed opravdu dobr\u00e9 kurzy, tak\u017ee \u010d\u00edm v\u00edce tiket\u016f si koup\u00edte, t\u00edm v\u011bt\u0161\u00ed m\u00e1te \u0161anci na v\u00fdhru v loterii. Tot\u00e9\u017e plat\u00ed pro \u00fa\u010dast ve v\u00edce taz\u00edch. V\u017edy je dobr\u00fdm hern\u00edm pl\u00e1nem p\u0159ihl\u00e1sit se do v\u00edce slosov\u00e1n\u00ed.<\/p>\n<h2>Pro\u010d byste m\u011bli hr\u00e1t loterii s n\u00e1mi<\/h2>\n<p>Existuje n\u011bkolik loterijn\u00edch str\u00e1nek, kter\u00e9 v\u00e1m nab\u00edzej\u00ed mo\u017enost zahr\u00e1t si loterii Mega-Sena. Pro\u010d byste si m\u011bli vybrat rad\u011bji n\u00e1s?<\/p>\n<ul>\n<li>Jsme port\u00e1l s loterijn\u00edmi agenty po cel\u00e9m sv\u011bt\u011b. Kdy\u017e si u n\u00e1s koup\u00edte tiket Mega-Sena, na\u0161i agenti v Braz\u00edlii v\u00e1m koup\u00ed tiket s \u010d\u00edsly, kter\u00e1 si vyberete. T\u00edm je zaji\u0161t\u011bno, \u017ee budete za\u0159azeni do slosov\u00e1n\u00ed Mega-Sena.<\/li>\n<li>Sv\u00e9 v\u00fdhry (a\u017e do ur\u010dit\u00e9 v\u00fd\u0161e) si m\u016f\u017eete vybrat na na\u0161ich str\u00e1nk\u00e1ch. Bez ohledu na to, kolik vyhrajete, si ne\u00fa\u010dtujeme \u017e\u00e1dnou provizi.<\/li>\n<li>P\u0159i n\u00e1kupu tiket\u016f na na\u0161ich str\u00e1nk\u00e1ch se nemus\u00edte ob\u00e1vat, \u017ee byste losov\u00e1n\u00ed prome\u0161kali. V\u00fdsledky losov\u00e1n\u00ed zve\u0159ej\u0148ujeme na na\u0161ich str\u00e1nk\u00e1ch, a pokud vyhrajete n\u011bjakou cenu, po\u0161leme v\u00e1m e-mail.<\/li>\n<li>U n\u00e1s jste v bezpe\u010d\u00ed. D\u011bl\u00e1me v\u0161e pro to, abychom v\u00e1\u0161 tiket ochr\u00e1nili, tak\u017ee se nikdy nemus\u00edte b\u00e1t, \u017ee o tiket p\u0159ijdete.<\/li>\n<\/ul>\n<p>N\u00e1kup los\u016f u n\u00e1s v podstat\u011b znamen\u00e1, \u017ee si zaji\u0161\u0165ujete sv\u016fj klid. Nechceme, abyste si d\u011blali starosti s detaily, tak\u017ee to nechte na n\u00e1s, zat\u00edmco vy se budete soust\u0159edit na to, co je d\u016fle\u017eit\u00e9.<\/p>\n<section class=\"layout\" style=\"border: solid 1px; width: 100%;\">\n<div class=\"img-div\" style=\"margin-top: 5px;\"><img decoding=\"async\" class=\"wp-image-17212 alignleft\" style=\"height: 45px; margin: 8px 8px 0px;\" src=\"https:\/\/jackpotlotteryonline.com\/wp-content\/uploads\/2022\/11\/read1.jpg\" alt=\"P\u0159e\u010dt\u011bte si \" width=\"\" height=\"\" \/><\/div>\n<div style=\"padding-left: 5px;\">\n<div style=\"font-size: 1.1em;\">\n<p><strong>Dan\u011b z loterijn\u00edch v\u00fdher<\/strong><\/p>\n<p style=\"font-size: 0.85em; margin-top: -1.5em;\">Mus\u00edm platit dan\u011b z v\u00fdhry v loterii?\u00a0<a href=\"https:\/\/jackpotlotteryonline.com\/cs\/musite-platit-dane-z-vyher-v-loterii\"> P\u0159e\u010dt\u011bte si v\u00edce<\/a><\/p>\n<\/div>\n<\/div>\n<\/section>\n<h2>Zaregistrujte se u n\u00e1s a hrajte Mega-Sena online<\/h2>\n<p>Jste p\u0159ipraveni vstoupit do loterie Mega-Sena? U\u017e nemus\u00edte hledat d\u00e1l, sta\u010d\u00ed se u n\u00e1s zaregistrovat a m\u016f\u017eete za\u010d\u00edt. Jakmile se zaregistrujete, z\u00edsk\u00e1te p\u0159\u00edstup ke \u0161pi\u010dkov\u00fdm mezin\u00e1rodn\u00edm loteri\u00edm v\u010detn\u011b Mega-Sena. Nejlep\u0161\u00ed na tom je, \u017ee va\u0161e v\u00fdhry jsou p\u0159i h\u0159e s n\u00e1mi v bezpe\u010d\u00ed; to, co vyhrajete, si m\u016f\u017eete vybrat.<\/p>\n<p>Na\u0161im z\u00e1kazn\u00edk\u016fm r\u00e1di poskytneme n\u011bkolik mo\u017enost\u00ed. Pro\u010d se omezovat pouze na jednu loterii, kdy\u017e m\u016f\u017eete hr\u00e1t v\u00edce ne\u017e dv\u011b des\u00edtky r\u016fzn\u00fdch her? Na na\u0161ich str\u00e1nk\u00e1ch najdete \u0161pi\u010dkov\u00e9 hry jako US Powerball, La Primitiva a Eurojackpot. Vstup do ka\u017ed\u00e9 hry na na\u0161ich str\u00e1nk\u00e1ch je snadn\u00fd.<\/p>\n<p>Je \u010das p\u0159estat vysed\u00e1vat na plot\u011b. Pokud to s velk\u00fdmi v\u00fdhrami mysl\u00edte v\u00e1\u017en\u011b, zaregistrujte se do Mega-Seny je\u0161t\u011b dnes. P\u0159\u00ed\u0161t\u00ed losov\u00e1n\u00ed m\u016f\u017ee b\u00fdt t\u00edm \u0161\u0165astn\u00fdm, na kter\u00e9 jste \u010dekali. P\u0159ejd\u011bte nyn\u00ed na na\u0161e str\u00e1nky a vyberte si z velk\u00e9 nab\u00eddky loteri\u00ed. Nezapome\u0148te si dop\u0159edu napl\u00e1novat mega da vira.<\/p>\n","protected":false},"excerpt":{"rendered":"<p>Chcete si koupit losy do loterie Mega-Sena odkudkoli na sv\u011bt\u011b? Mega-Sena je nejv\u011bt\u0161\u00ed brazilsk\u00e1 loterie, kter\u00e1 se provozuje od roku 1996. Miliony fanou\u0161k\u016f loterie v Braz\u00edlii si p\u0159ed ka\u017ed\u00fdm losov\u00e1n\u00edm sp\u011bchaj\u00ed koupit losy Mega-Sena a nyn\u00ed se mohou \u0161ance vyhr\u00e1t miliony re\u00e1l\u016f z\u00fa\u010dastnit i hr\u00e1\u010di po cel\u00e9m sv\u011bt\u011b. Jedn\u00edm z d\u016fvod\u016f, pro\u010d je Mega-Sena tak [&hellip;]<\/p>\n","protected":false},"author":1,"featured_media":0,"parent":35538,"menu_order":15,"comment_status":"closed","ping_status":"closed","template":"megasena.php","meta":{"_et_pb_use_builder":"","_et_pb_old_content":"","_et_gb_content_width":"","exclude_from_search":false,"footnotes":""},"class_list":["post-39465","page","type-page","status-publish","hentry"],"yoast_head":"<!-- This site is optimized with the Yoast SEO plugin v23.3 - https:\/\/yoast.com\/wordpress\/plugins\/seo\/ -->\n<title>Koupit vstupenky na Mega-Sena online<\/title>\n<meta name=\"description\" content=\"L\u00edstky do loterie Mega-Sena si m\u016f\u017eete koupit online. Seznamte se s t\u00edm, jak hr\u00e1t a vyplatit v\u00fdhry, p\u0159\u00edmo zde.\" \/>\n<meta name=\"robots\" content=\"index, follow, max-snippet:-1, max-image-preview:large, max-video-preview:-1\" \/>\n<link rel=\"canonical\" href=\"https:\/\/jackpotlotteryonline.com\/cs\/jak-hrat\/mega-sena-2\/\" \/>\n<meta property=\"og:locale\" content=\"cs_CZ\" \/>\n<meta property=\"og:type\" content=\"article\" \/>\n<meta property=\"og:title\" content=\"Koupit vstupenky na Mega-Sena online\" \/>\n<meta property=\"og:description\" content=\"L\u00edstky do loterie Mega-Sena si m\u016f\u017eete koupit online. Seznamte se s t\u00edm, jak hr\u00e1t a vyplatit v\u00fdhry, p\u0159\u00edmo zde.\" \/>\n<meta property=\"og:url\" content=\"https:\/\/jackpotlotteryonline.com\/cs\/jak-hrat\/mega-sena-2\/\" \/>\n<meta property=\"og:site_name\" content=\"Lotto Online - Crack The International Lottery Jackpots\" \/>\n<meta property=\"article:modified_time\" content=\"2023-01-03T17:24:04+00:00\" \/>\n<meta property=\"og:image\" content=\"https:\/\/jackpotlotteryonline.com\/wp-content\/uploads\/2022\/11\/1_mega_lottery_jackpot-300x207.jpg\" \/>\n<meta name=\"twitter:card\" content=\"summary_large_image\" \/>\n<meta name=\"twitter:label1\" content=\"Odhadovan\u00e1 doba \u010dten\u00ed\" \/>\n\t<meta name=\"twitter:data1\" content=\"7 minut\" \/>\n<!-- \/ Yoast SEO plugin. -->","yoast_head_json":{"title":"Koupit vstupenky na Mega-Sena online","description":"L\u00edstky do loterie Mega-Sena si m\u016f\u017eete koupit online. Seznamte se s t\u00edm, jak hr\u00e1t a vyplatit v\u00fdhry, p\u0159\u00edmo zde.","robots":{"index":"index","follow":"follow","max-snippet":"max-snippet:-1","max-image-preview":"max-image-preview:large","max-video-preview":"max-video-preview:-1"},"canonical":"https:\/\/jackpotlotteryonline.com\/cs\/jak-hrat\/mega-sena-2\/","og_locale":"cs_CZ","og_type":"article","og_title":"Koupit vstupenky na Mega-Sena online","og_description":"L\u00edstky do loterie Mega-Sena si m\u016f\u017eete koupit online. Seznamte se s t\u00edm, jak hr\u00e1t a vyplatit v\u00fdhry, p\u0159\u00edmo zde.","og_url":"https:\/\/jackpotlotteryonline.com\/cs\/jak-hrat\/mega-sena-2\/","og_site_name":"Lotto Online - Crack The International Lottery Jackpots","article_modified_time":"2023-01-03T17:24:04+00:00","og_image":[{"url":"https:\/\/jackpotlotteryonline.com\/wp-content\/uploads\/2022\/11\/1_mega_lottery_jackpot-300x207.jpg"}],"twitter_card":"summary_large_image","twitter_misc":{"Odhadovan\u00e1 doba \u010dten\u00ed":"7 minut"},"schema":{"@context":"https:\/\/schema.org","@graph":[{"@type":"WebPage","@id":"https:\/\/jackpotlotteryonline.com\/cs\/jak-hrat\/mega-sena-2\/","url":"https:\/\/jackpotlotteryonline.com\/cs\/jak-hrat\/mega-sena-2\/","name":"Koupit vstupenky na Mega-Sena online","isPartOf":{"@id":"https:\/\/jackpotlotteryonline.com\/#website"},"primaryImageOfPage":{"@id":"https:\/\/jackpotlotteryonline.com\/cs\/jak-hrat\/mega-sena-2\/#primaryimage"},"image":{"@id":"https:\/\/jackpotlotteryonline.com\/cs\/jak-hrat\/mega-sena-2\/#primaryimage"},"thumbnailUrl":"https:\/\/jackpotlotteryonline.com\/wp-content\/uploads\/2022\/11\/1_mega_lottery_jackpot-300x207.jpg","datePublished":"2022-11-24T10:52:43+00:00","dateModified":"2023-01-03T17:24:04+00:00","description":"L\u00edstky do loterie Mega-Sena si m\u016f\u017eete koupit online. Seznamte se s t\u00edm, jak hr\u00e1t a vyplatit v\u00fdhry, p\u0159\u00edmo zde.","breadcrumb":{"@id":"https:\/\/jackpotlotteryonline.com\/cs\/jak-hrat\/mega-sena-2\/#breadcrumb"},"inLanguage":"cs","potentialAction":[{"@type":"ReadAction","target":["https:\/\/jackpotlotteryonline.com\/cs\/jak-hrat\/mega-sena-2\/"]}]},{"@type":"ImageObject","inLanguage":"cs","@id":"https:\/\/jackpotlotteryonline.com\/cs\/jak-hrat\/mega-sena-2\/#primaryimage","url":"https:\/\/jackpotlotteryonline.com\/wp-content\/uploads\/2022\/11\/1_mega_lottery_jackpot-300x207.jpg","contentUrl":"https:\/\/jackpotlotteryonline.com\/wp-content\/uploads\/2022\/11\/1_mega_lottery_jackpot-300x207.jpg"},{"@type":"BreadcrumbList","@id":"https:\/\/jackpotlotteryonline.com\/cs\/jak-hrat\/mega-sena-2\/#breadcrumb","itemListElement":[{"@type":"ListItem","position":1,"name":"Home","item":"https:\/\/jackpotlotteryonline.com\/cs\/"},{"@type":"ListItem","position":2,"name":"Jak hr\u00e1t","item":"https:\/\/jackpotlotteryonline.com\/play-online\/"},{"@type":"ListItem","position":3,"name":"Zahrajte si online loterii Mega-Sena"}]},{"@type":"WebSite","@id":"https:\/\/jackpotlotteryonline.com\/#website","url":"https:\/\/jackpotlotteryonline.com\/","name":"Lotto Online - Crack The International Lottery Jackpots","description":"","potentialAction":[{"@type":"SearchAction","target":{"@type":"EntryPoint","urlTemplate":"https:\/\/jackpotlotteryonline.com\/?s={search_term_string}"},"query-input":"required name=search_term_string"}],"inLanguage":"cs"}]}},"_links":{"self":[{"href":"https:\/\/jackpotlotteryonline.com\/cs\/wp-json\/wp\/v2\/pages\/39465","targetHints":{"allow":["GET"]}}],"collection":[{"href":"https:\/\/jackpotlotteryonline.com\/cs\/wp-json\/wp\/v2\/pages"}],"about":[{"href":"https:\/\/jackpotlotteryonline.com\/cs\/wp-json\/wp\/v2\/types\/page"}],"author":[{"embeddable":true,"href":"https:\/\/jackpotlotteryonline.com\/cs\/wp-json\/wp\/v2\/users\/1"}],"replies":[{"embeddable":true,"href":"https:\/\/jackpotlotteryonline.com\/cs\/wp-json\/wp\/v2\/comments?post=39465"}],"version-history":[{"count":0,"href":"https:\/\/jackpotlotteryonline.com\/cs\/wp-json\/wp\/v2\/pages\/39465\/revisions"}],"up":[{"embeddable":true,"href":"https:\/\/jackpotlotteryonline.com\/cs\/wp-json\/wp\/v2\/pages\/35538"}],"wp:attachment":[{"href":"https:\/\/jackpotlotteryonline.com\/cs\/wp-json\/wp\/v2\/media?parent=39465"}],"curies":[{"name":"wp","href":"https:\/\/api.w.org\/{rel}","templated":true}]}}