{"id":39525,"date":"2022-11-28T06:52:24","date_gmt":"2022-11-28T06:52:24","guid":{"rendered":"https:\/\/jackpotlotteryonline.com\/?page_id=39525"},"modified":"2023-01-03T17:51:41","modified_gmt":"2023-01-03T17:51:41","slug":"powerball-australia","status":"publish","type":"page","link":"https:\/\/jackpotlotteryonline.com\/cs\/jak-hrat\/powerball-australia\/","title":{"rendered":"hr\u00e1t Powerball Austr\u00e1lie online"},"content":{"rendered":"<p>Existuje d\u016fvod, pro\u010d se loterijn\u00ed nad\u0161enci po cel\u00e9m sv\u011bt\u011b hrnou do hry Australian Powerball. Rok 2022 byl rokem mega jackpot\u016f a byli jsme sv\u011bdky toho, \u017ee n\u011bkolik hr\u00e1\u010d\u016f vyhr\u00e1lo miliony dolar\u016f z mezin\u00e1rodn\u00edch loteri\u00ed. Powerball AU p\u0159itom nebyl v\u00fdjimkou, proto\u017ee v \u0159\u00edjnu 2022 padl v\u016fbec nejvy\u0161\u0161\u00ed jackpot ve v\u00fd\u0161i 160 milion\u016f australsk\u00fdch dolar\u016f. Vzhledem k n\u011bkolika velk\u00fdm jackpot\u016fm, kter\u00e9 vyhr\u00e1li dr\u017eitel\u00e9 jednotliv\u00fdch tiket\u016f, byste m\u011bli zv\u00e1\u017eit hran\u00ed t\u00e9to loterie Powerball.<\/p>\n<p>Zaj\u00edmav\u00e9 je, \u017ee tento Powerball je na trhu u\u017e n\u011bjakou dobu. Prvn\u00ed losov\u00e1n\u00ed se uskute\u010dnilo 23. kv\u011btna 1996, tak\u017ee je star\u00fd 25 let. Je pravda, \u017ee ve srovn\u00e1n\u00ed s loteriemi, jako je \u0161pan\u011blsk\u00e1 La Primitiva, je Oz Powerball prakticky miminko. (La Primitiva byla zalo\u017eena v roce 1763 a do t\u00e9to loterie se m\u016f\u017eete p\u0159ihl\u00e1sit na jackpotlotteryonline.com).<\/p>\n<p>Ji\u017e 25 let si Oz Powerball udr\u017euje pov\u011bst loterie se \u0161t\u011bdr\u00fdmi v\u00fdhrami a nad\u0161en\u00fdmi fanou\u0161ky. D\u0159\u00edve se do n\u00ed mohli zapojit pouze hr\u00e1\u010di, kte\u0159\u00ed \u017eili na kontinentu. Nyn\u00ed mohou s\u00e1zej\u00edc\u00ed po cel\u00e9m sv\u011bt\u011b hr\u00e1t Powerball AU online z pohodl\u00ed sv\u00fdch po\u010d\u00edta\u010d\u016f nebo mobiln\u00edch za\u0159\u00edzen\u00ed. \u010ct\u011bte d\u00e1le a zjist\u011bte, jak si m\u016f\u017eete tuto loterii zahr\u00e1t online.<\/p>\n<h2>Jak hr\u00e1t Powerball Australia<\/h2>\n<p><img loading=\"lazy\" decoding=\"async\" class=\"alignright size-full wp-image-26402\" src=\"http:\/\/jackpotlotteryonline.com\/wp-content\/uploads\/2022\/11\/1_buy_online_ticket_powerball.jpg\" alt=\"Hr\u00e1t Powerball Australia online \" width=\"300\" height=\"194\" \/>Jednou z \u00fa\u017easn\u00fdch v\u011bc\u00ed na t\u00e9to loterii je to, \u017ee m\u00e1 skv\u011bl\u00e9 kurzy. \u0160ance na v\u00fdhru jackpotu je 1 ku p\u0159ibli\u017en\u011b 76 milion\u016fm. Existuje v\u0161ak n\u011bkolik dal\u0161\u00edch diviz\u00ed a ty maj\u00ed fantastick\u00e9 \u0161ance.<\/p>\n<p>Chcete-li si zahr\u00e1t tuto loterii Powerball, museli byste si vybrat 7 \u010d\u00edsel od 1 do 35 a \u010d\u00edslo Powerball od 1 do 20. V p\u0159\u00edpad\u011b, \u017ee si chcete zahr\u00e1t tuto loterii, mus\u00edte si vybrat \u010d\u00edslo Powerball. To je celkem 8 \u010d\u00edsel pro ka\u017edou \u0159adu. V\u0161imn\u011bte si, \u017ee m\u016f\u017eete zadat i v\u00edce \u0159\u00e1dk\u016f, abyste zv\u00fd\u0161ili sv\u00e9 \u0161ance na v\u00fdhru v loterii. \u010c\u00edm v\u00edce \u0159\u00e1dk\u016f zad\u00e1te, t\u00edm vy\u0161\u0161\u00ed je va\u0161e \u0161ance na v\u00fdhru.<\/p>\n<p>Jakmile si vyberete \u010d\u00edsla, dal\u0161\u00edm krokem je zad\u00e1n\u00ed slosov\u00e1n\u00ed. Tato loterie m\u00e1 pouze jeden den losov\u00e1n\u00ed, a to ka\u017ed\u00fd \u010dtvrtek ve\u010der. Jak si dok\u00e1\u017eete p\u0159edstavit, \u010dtvrte\u010dn\u00ed ve\u010dery jsou pro s\u00e1zej\u00edc\u00ed v r\u00e1mci kontinentu pln\u00e9 vzru\u0161en\u00ed. K tomuto vzru\u0161en\u00ed se m\u016f\u017eete p\u0159ipojit tak\u00e9 hran\u00edm Powerballu.<\/p>\n<h2>Pro\u010d pr\u00e1v\u011b Powerball Australia?<\/h2>\n<p>To je opravdu dobr\u00e1 ot\u00e1zka. D\u00edky internetu maj\u00ed loterijn\u00ed nad\u0161enci po cel\u00e9m sv\u011bt\u011b k dispozici velk\u00e9 mno\u017estv\u00ed loteri\u00ed, kter\u00fdch se mohou z\u00fa\u010dastnit. Pro\u010d byste m\u011bli uva\u017eovat o hran\u00ed loterie Powerball v Oz? V podstat\u011b d\u00edky t\u00e9to loterii m\u00e1te \u0161anci vyhr\u00e1t miliony, ani\u017e byste museli \u010delit neuv\u011b\u0159iteln\u011b vysok\u00fdm \u0161anc\u00edm.<\/p>\n<p>Probl\u00e9mem mnoha jin\u00fdch popul\u00e1rn\u011bj\u0161\u00edch loteri\u00ed v jin\u00fdch \u010d\u00e1stech sv\u011bta je vysok\u00e1 pravd\u011bpodobnost. Vezm\u011bme si nap\u0159\u00edklad americkou loterii Powerball, kde je \u0161ance na v\u00fdhru 1 ku v\u00edce ne\u017e 200 milion\u016fm. V porovn\u00e1n\u00ed s pravd\u011bpodobnost\u00ed 1:76 milion\u016fm u Oz Powerball je jasn\u00e9, pro\u010d se spousta s\u00e1zej\u00edc\u00edch p\u0159ikl\u00e1n\u00ed k t\u00e9to loterii.<\/p>\n<section class=\"layout\" style=\"border: solid 1px; width: 100%;\">\n<div class=\"img-div\" style=\"margin-top: 5px;\"><img decoding=\"async\" class=\"wp-image-17212 alignleft\" style=\"height: 45px; margin: 8px 8px 0px;\" src=\"http:\/\/jackpotlotteryonline.com\/wp-content\/uploads\/2022\/11\/read1.jpg\" alt=\"P\u0159e\u010dt\u011bte si \" width=\"\" height=\"\" \/><\/div>\n<div style=\"padding-left: 5px;\">\n<div style=\"font-size: 1.1em;\">\n<p><strong>Loterijn\u00ed podvody, o kter\u00fdch byste m\u011bli v\u011bd\u011bt<\/strong><\/p>\n<p style=\"font-size: 0.85em; margin-top: -1.5em;\">Nenechte se chytit do loterijn\u00edch past\u00ed\u00a0<a href=\"https:\/\/jackpotlotteryonline.com\/cs\/pozor-na-online-loterijni-podvody\"> P\u0159e\u010dt\u011bte si v\u00edce<\/a><\/p>\n<\/div>\n<\/div>\n<\/section>\n<h2>Powerball Austr\u00e1lie vs. Powerball USA: v \u010dem se li\u0161\u00ed?<\/h2>\n<p>Je v\u0161ak mezi Oz a US Powerball n\u011bjak\u00fd rozd\u00edl? Prvn\u00edm a nejz\u0159eteln\u011bj\u0161\u00edm rozd\u00edlem je velikost jackpot\u016f. Na sv\u011bt\u011b je jen velmi m\u00e1lo jackpot\u016f, kter\u00e9 se svou velikost\u00ed vyrovnaj\u00ed americk\u00e9mu Powerballu. Ned\u00e1vno dos\u00e1hl hranice 2 miliard USD. Pokud si zahrajete Oz Powerball, nez\u00edsk\u00e1te ani zdaleka tolik.<\/p>\n<p>Op\u011bt plat\u00ed, \u017ee americk\u00e1 verze se pohybuje v rozmez\u00ed od 1 do 69. To znamen\u00e1, \u017ee ze sudu se 69 m\u00ed\u010dky se losuje 5 m\u00ed\u010dk\u016f. Ve verzi OZ se losuje 7 \u010d\u00edsel ze sudu s pouh\u00fdmi 35 m\u00ed\u010dky. Tak\u00e9 Powerball v USA se losuje ze sudu s 26 m\u00ed\u010dky, zat\u00edmco v Austr\u00e1lii je to 20 m\u00ed\u010dk\u016f.<\/p>\n<p>Pokud chcete loterii, ve kter\u00e9 m\u016f\u017eete p\u0159\u00edpadn\u011b vyhr\u00e1t miliony, ani\u017e byste se museli pot\u00fdkat s vysok\u00fdmi kurzy, pak byste m\u011bli hr\u00e1t australsk\u00fd Powerball.<\/p>\n<h2>Hrajete online<\/h2>\n<p>Te\u010f, kdy\u017e u\u017e v\u00edte, \u017ee si Oz Powerball m\u016f\u017eete zahr\u00e1t odkudkoli, v\u00e1m p\u0159in\u00e1\u0161\u00edme n\u00e1vod, jak na to.<\/p>\n<ul>\n<li>Prvn\u00edm krokem je nav\u0161t\u00edvit prodejce loteri\u00ed, jako je jackpotlotteryonline.com, a p\u0159ej\u00edt na str\u00e1nku Australian Powerball.<\/li>\n<li>Pot\u00e9 si vyberte \u010d\u00edsla (m\u016f\u017eete pou\u017e\u00edt automatick\u00fd gener\u00e1tor \u010d\u00edsel pro n\u00e1hodn\u00fd v\u00fdb\u011br \u010d\u00edsel).<\/li>\n<li><a href=\"https:\/\/jackpotlotteryonline.com\/cs\/vyherni-cisla\/powerball-australia\">Vstupte do slosov\u00e1n\u00ed<\/a> a dokon\u010dete proces<\/li>\n<li>V\u00fdhra jackpotu<\/li>\n<\/ul>\n<p>Losov\u00e1n\u00ed prob\u00edh\u00e1 jednou t\u00fddn\u011b ve \u010dtvrtek. Po zad\u00e1n\u00ed losov\u00e1n\u00ed tedy v dal\u0161\u00edm kroku po\u010dkejte na v\u00fdsledky. Jackpot vyhr\u00e1v\u00e1 ka\u017ed\u00fd tiket, kter\u00fd odpov\u00edd\u00e1 8 vylosovan\u00fdm \u010d\u00edsl\u016fm.<\/p>\n<p>Dal\u0161\u00ed v\u00fdhry jsou za shodn\u00e1 \u010d\u00edsla, v\u010detn\u011b v\u00fdhry za shodn\u00e1 pouze 2 \u010d\u00edsla a bonusov\u00e9 \u010d\u00edslo.<\/p>\n<h2>Ceny, kter\u00e9 m\u016f\u017eete vyhr\u00e1t<\/h2>\n<p><img loading=\"lazy\" decoding=\"async\" class=\"alignright size-medium wp-image-19277\" src=\"http:\/\/jackpotlotteryonline.com\/wp-content\/uploads\/2022\/10\/2_ticket_powerball_au2-163x300.jpg\" alt=\"Skenov\u00e1n\u00ed los\u016f loterie\" width=\"163\" height=\"300\" srcset=\"https:\/\/jackpotlotteryonline.com\/wp-content\/uploads\/2022\/10\/2_ticket_powerball_au2-163x300.jpg 163w, https:\/\/jackpotlotteryonline.com\/wp-content\/uploads\/2022\/10\/2_ticket_powerball_au2.jpg 250w\" sizes=\"auto, (max-width: 163px) 100vw, 163px\" \/><\/p>\n<p>Kdy\u017e hrajete loterii, existuje celkem 9 v\u00fdhern\u00edch diviz\u00ed.<\/p>\n<p>Divize 1: 7 \u010d\u00edsel + bonusov\u00e9 \u010d\u00edslo &#8211; jackpot (pr\u016fm\u011brn\u011b 8 milion\u016f AU$)<\/p>\n<p>Divize 2: pouze 7 \u010d\u00edsel<\/p>\n<p>Divize 3: 6 \u010d\u00edsel + bonusov\u00e9 \u010d\u00edslo<\/p>\n<p>Divize 4: pouze 6 \u010d\u00edsel<\/p>\n<p>Divize 5: 5 \u010d\u00edsel + bonusov\u00e9 \u010d\u00edslo<\/p>\n<p>Divize 6: pouze 5 \u010d\u00edsel<\/p>\n<p>Divize 7: 4 \u010d\u00edsla + bonusov\u00e9 \u010d\u00edslo<\/p>\n<p>Divize 8: 3 \u010d\u00edsla + bonusov\u00e9 \u010d\u00edslo<\/p>\n<p>Divize 9: 2 \u010d\u00edsla + bonusov\u00e9 \u010d\u00edslo<\/p>\n<p>Ceny p\u0159id\u011blen\u00e9 jednotliv\u00fdm diviz\u00edm p\u0159edstavuj\u00ed procento z v\u00fdhern\u00edho fondu. \u010c\u00edm vy\u0161\u0161\u00ed je tedy v\u00fdhern\u00ed fond, t\u00edm v\u00edce pen\u011bz p\u0159ipad\u00e1 na ka\u017edou divizi. Ceny v divizi 2 dosahuj\u00ed a\u017e 800 000 australsk\u00fdch dolar\u016f.<\/p>\n<h2>Kupte si losy online<\/h2>\n<p>Pokud jste fanou\u0161ky loterie, m\u016f\u017eete nyn\u00ed hr\u00e1t loterii online prost\u0159ednictv\u00edm na\u0161ich str\u00e1nek. Na\u0161im z\u00e1kazn\u00edk\u016fm tento proces usnad\u0148ujeme t\u00edm, \u017ee v\u0161e pot\u0159ebn\u00e9 poskytujeme na jednom m\u00edst\u011b. M\u016f\u017eete si tedy koupit tikety, zkontrolovat v\u00fdsledky a v p\u0159\u00edpad\u011b v\u00fdhry si nechat vyplatit v\u00fdhru p\u0159\u00edmo na na\u0161ich str\u00e1nk\u00e1ch.<\/p>\n<p>M\u00e1me n\u011bkolik mo\u017enost\u00ed, kter\u00e9 m\u016f\u017eete vyu\u017e\u00edt k <a href=\"https:\/\/jackpotlotteryonline.com\/cs\/koupit-vstupenky\/powerball-australia\">zaplacen\u00ed sv\u00fdch los\u016f<\/a>. M\u016f\u017eete si tak\u00e9 nastavit sv\u016fj \u00fa\u010det tak, abyste byli automaticky p\u0159ihl\u00e1\u0161eni do n\u011bkolika losov\u00e1n\u00ed p\u0159edem. Na\u0161i z\u00e1kazn\u00edci si mohou u\u017e\u00edvat luxusu, \u017ee nemus\u00ed kontrolovat v\u00fdsledky losov\u00e1n\u00ed, proto\u017ee v\u00e1m d\u00e1me v\u011bd\u011bt, pokud n\u011bco vyhrajete.<\/p>\n<p>A kone\u010dn\u011b, kdy\u017e si u n\u00e1s koup\u00edte los, m\u00e1te jistotu, \u017ee hrajete loterii podle sv\u00e9ho v\u00fdb\u011bru. To proto, \u017ee m\u00e1me v r\u016fzn\u00fdch zem\u00edch agenty, kte\u0159\u00ed v\u00e1m koup\u00ed fyzick\u00fd los s odpov\u00eddaj\u00edc\u00edmi \u010d\u00edsly. D\u00edky tomu nemus\u00edte b\u00fdt fyzicky v dan\u00e9 zemi, abyste mohli hr\u00e1t loterii. Pus\u0165te se do hran\u00ed Powerball Australia hned te\u010f.<\/p>\n","protected":false},"excerpt":{"rendered":"<p>Existuje d\u016fvod, pro\u010d se loterijn\u00ed nad\u0161enci po cel\u00e9m sv\u011bt\u011b hrnou do hry Australian Powerball. Rok 2022 byl rokem mega jackpot\u016f a byli jsme sv\u011bdky toho, \u017ee n\u011bkolik hr\u00e1\u010d\u016f vyhr\u00e1lo miliony dolar\u016f z mezin\u00e1rodn\u00edch loteri\u00ed. Powerball AU p\u0159itom nebyl v\u00fdjimkou, proto\u017ee v \u0159\u00edjnu 2022 padl v\u016fbec nejvy\u0161\u0161\u00ed jackpot ve v\u00fd\u0161i 160 milion\u016f australsk\u00fdch dolar\u016f. Vzhledem k [&hellip;]<\/p>\n","protected":false},"author":1,"featured_media":0,"parent":35538,"menu_order":17,"comment_status":"closed","ping_status":"closed","template":"powerball-au.php","meta":{"_et_pb_use_builder":"","_et_pb_old_content":"","_et_gb_content_width":"","exclude_from_search":false,"footnotes":""},"class_list":["post-39525","page","type-page","status-publish","hentry"],"yoast_head":"<!-- This site is optimized with the Yoast SEO plugin v23.3 - https:\/\/yoast.com\/wordpress\/plugins\/seo\/ -->\n<title>Zahrajte si Powerball Australia z m\u00edsta mimo Austr\u00e1lii<\/title>\n<meta name=\"description\" content=\"Nemus\u00edte \u017e\u00edt v Austr\u00e1lii, abyste mohli hr\u00e1t Powerball Australia. Zjist\u011bte, jak hr\u00e1t online.\" \/>\n<meta name=\"robots\" content=\"index, follow, max-snippet:-1, max-image-preview:large, max-video-preview:-1\" \/>\n<link rel=\"canonical\" href=\"https:\/\/jackpotlotteryonline.com\/cs\/jak-hrat\/powerball-australia\/\" \/>\n<meta property=\"og:locale\" content=\"cs_CZ\" \/>\n<meta property=\"og:type\" content=\"article\" \/>\n<meta property=\"og:title\" content=\"Zahrajte si Powerball Australia z m\u00edsta mimo Austr\u00e1lii\" \/>\n<meta property=\"og:description\" content=\"Nemus\u00edte \u017e\u00edt v Austr\u00e1lii, abyste mohli hr\u00e1t Powerball Australia. Zjist\u011bte, jak hr\u00e1t online.\" \/>\n<meta property=\"og:url\" content=\"https:\/\/jackpotlotteryonline.com\/cs\/jak-hrat\/powerball-australia\/\" \/>\n<meta property=\"og:site_name\" content=\"Lotto Online - Crack The International Lottery Jackpots\" \/>\n<meta property=\"article:modified_time\" content=\"2023-01-03T17:51:41+00:00\" \/>\n<meta property=\"og:image\" content=\"http:\/\/jackpotlotteryonline.com\/wp-content\/uploads\/2022\/11\/1_buy_online_ticket_powerball.jpg\" \/>\n<meta name=\"twitter:card\" content=\"summary_large_image\" \/>\n<meta name=\"twitter:label1\" content=\"Odhadovan\u00e1 doba \u010dten\u00ed\" \/>\n\t<meta name=\"twitter:data1\" content=\"5 minut\" \/>\n<!-- \/ Yoast SEO plugin. -->","yoast_head_json":{"title":"Zahrajte si Powerball Australia z m\u00edsta mimo Austr\u00e1lii","description":"Nemus\u00edte \u017e\u00edt v Austr\u00e1lii, abyste mohli hr\u00e1t Powerball Australia. Zjist\u011bte, jak hr\u00e1t online.","robots":{"index":"index","follow":"follow","max-snippet":"max-snippet:-1","max-image-preview":"max-image-preview:large","max-video-preview":"max-video-preview:-1"},"canonical":"https:\/\/jackpotlotteryonline.com\/cs\/jak-hrat\/powerball-australia\/","og_locale":"cs_CZ","og_type":"article","og_title":"Zahrajte si Powerball Australia z m\u00edsta mimo Austr\u00e1lii","og_description":"Nemus\u00edte \u017e\u00edt v Austr\u00e1lii, abyste mohli hr\u00e1t Powerball Australia. Zjist\u011bte, jak hr\u00e1t online.","og_url":"https:\/\/jackpotlotteryonline.com\/cs\/jak-hrat\/powerball-australia\/","og_site_name":"Lotto Online - Crack The International Lottery Jackpots","article_modified_time":"2023-01-03T17:51:41+00:00","og_image":[{"url":"http:\/\/jackpotlotteryonline.com\/wp-content\/uploads\/2022\/11\/1_buy_online_ticket_powerball.jpg"}],"twitter_card":"summary_large_image","twitter_misc":{"Odhadovan\u00e1 doba \u010dten\u00ed":"5 minut"},"schema":{"@context":"https:\/\/schema.org","@graph":[{"@type":"WebPage","@id":"https:\/\/jackpotlotteryonline.com\/cs\/jak-hrat\/powerball-australia\/","url":"https:\/\/jackpotlotteryonline.com\/cs\/jak-hrat\/powerball-australia\/","name":"Zahrajte si Powerball Australia z m\u00edsta mimo Austr\u00e1lii","isPartOf":{"@id":"https:\/\/jackpotlotteryonline.com\/#website"},"primaryImageOfPage":{"@id":"https:\/\/jackpotlotteryonline.com\/cs\/jak-hrat\/powerball-australia\/#primaryimage"},"image":{"@id":"https:\/\/jackpotlotteryonline.com\/cs\/jak-hrat\/powerball-australia\/#primaryimage"},"thumbnailUrl":"http:\/\/jackpotlotteryonline.com\/wp-content\/uploads\/2022\/11\/1_buy_online_ticket_powerball.jpg","datePublished":"2022-11-28T06:52:24+00:00","dateModified":"2023-01-03T17:51:41+00:00","description":"Nemus\u00edte \u017e\u00edt v Austr\u00e1lii, abyste mohli hr\u00e1t Powerball Australia. Zjist\u011bte, jak hr\u00e1t online.","breadcrumb":{"@id":"https:\/\/jackpotlotteryonline.com\/cs\/jak-hrat\/powerball-australia\/#breadcrumb"},"inLanguage":"cs","potentialAction":[{"@type":"ReadAction","target":["https:\/\/jackpotlotteryonline.com\/cs\/jak-hrat\/powerball-australia\/"]}]},{"@type":"ImageObject","inLanguage":"cs","@id":"https:\/\/jackpotlotteryonline.com\/cs\/jak-hrat\/powerball-australia\/#primaryimage","url":"http:\/\/jackpotlotteryonline.com\/wp-content\/uploads\/2022\/11\/1_buy_online_ticket_powerball.jpg","contentUrl":"http:\/\/jackpotlotteryonline.com\/wp-content\/uploads\/2022\/11\/1_buy_online_ticket_powerball.jpg"},{"@type":"BreadcrumbList","@id":"https:\/\/jackpotlotteryonline.com\/cs\/jak-hrat\/powerball-australia\/#breadcrumb","itemListElement":[{"@type":"ListItem","position":1,"name":"Home","item":"https:\/\/jackpotlotteryonline.com\/cs\/"},{"@type":"ListItem","position":2,"name":"Jak hr\u00e1t","item":"https:\/\/jackpotlotteryonline.com\/play-online\/"},{"@type":"ListItem","position":3,"name":"hr\u00e1t Powerball Austr\u00e1lie online"}]},{"@type":"WebSite","@id":"https:\/\/jackpotlotteryonline.com\/#website","url":"https:\/\/jackpotlotteryonline.com\/","name":"Lotto Online - Crack The International Lottery Jackpots","description":"","potentialAction":[{"@type":"SearchAction","target":{"@type":"EntryPoint","urlTemplate":"https:\/\/jackpotlotteryonline.com\/?s={search_term_string}"},"query-input":"required name=search_term_string"}],"inLanguage":"cs"}]}},"_links":{"self":[{"href":"https:\/\/jackpotlotteryonline.com\/cs\/wp-json\/wp\/v2\/pages\/39525","targetHints":{"allow":["GET"]}}],"collection":[{"href":"https:\/\/jackpotlotteryonline.com\/cs\/wp-json\/wp\/v2\/pages"}],"about":[{"href":"https:\/\/jackpotlotteryonline.com\/cs\/wp-json\/wp\/v2\/types\/page"}],"author":[{"embeddable":true,"href":"https:\/\/jackpotlotteryonline.com\/cs\/wp-json\/wp\/v2\/users\/1"}],"replies":[{"embeddable":true,"href":"https:\/\/jackpotlotteryonline.com\/cs\/wp-json\/wp\/v2\/comments?post=39525"}],"version-history":[{"count":0,"href":"https:\/\/jackpotlotteryonline.com\/cs\/wp-json\/wp\/v2\/pages\/39525\/revisions"}],"up":[{"embeddable":true,"href":"https:\/\/jackpotlotteryonline.com\/cs\/wp-json\/wp\/v2\/pages\/35538"}],"wp:attachment":[{"href":"https:\/\/jackpotlotteryonline.com\/cs\/wp-json\/wp\/v2\/media?parent=39525"}],"curies":[{"name":"wp","href":"https:\/\/api.w.org\/{rel}","templated":true}]}}