{"id":39577,"date":"2022-11-28T08:15:45","date_gmt":"2022-11-28T08:15:45","guid":{"rendered":"https:\/\/jackpotlotteryonline.com\/?page_id=39577"},"modified":"2023-01-03T18:17:40","modified_gmt":"2023-01-03T18:17:40","slug":"saturday-lotto","status":"publish","type":"page","link":"https:\/\/jackpotlotteryonline.com\/cs\/jak-hrat\/saturday-lotto\/","title":{"rendered":"hr\u00e1t Saturday Lotto online"},"content":{"rendered":"<p>Saturday Lotto je jednou z nejobl\u00edben\u011bj\u0161\u00edch australsk\u00fdch loteri\u00ed a hr\u00e1\u010di po cel\u00e9 zemi se na ni t\u011b\u0161\u00ed. Jedn\u00edm z d\u016fvod\u016f je, \u017ee se z n\u00ed v minulosti vyklubalo mnoho milion\u00e1\u0159\u016f. Jackpot m\u016f\u017ee dos\u00e1hnout a\u017e 10 milion\u016f australsk\u00fdch dolar\u016f, co\u017e je neuv\u011b\u0159iteln\u00e1 v\u00fdhra, kdy\u017e se nad t\u00edm zamysl\u00edte. D\u0159\u00edve jste museli b\u00fdt obyvateli Austr\u00e1lie, abyste si mohli tuto loterii zahr\u00e1t, a to z prost\u00e9ho d\u016fvodu, \u017ee tikety byly k dispozici pouze v t\u00e9to zemi. D\u00edky internetu se to zm\u011bnilo, proto\u017ee hr\u00e1\u010di z cel\u00e9ho sv\u011bta si nyn\u00ed mohou zahr\u00e1t tuto loterii odkudkoli.<\/p>\n<p>Pokud tedy chcete hr\u00e1t sobotn\u00ed lotto, sta\u010d\u00ed nav\u0161t\u00edvit web jackpotlotteryonline.com a<a href=\"https:\/\/jackpotlotteryonline.com\/cs\/koupit-vstupenky\/saturday-lotto\"> koupit si los<\/a>. Zaj\u00edmav\u00e9 je, \u017ee zde m\u016f\u017eete z\u00edskat tak\u00e9 losy do v\u0161ech nejlep\u0161\u00edch mezin\u00e1rodn\u00edch loteri\u00ed.<\/p>\n<h2>P\u016fvod Saturday Lotto<\/h2>\n<p><img loading=\"lazy\" decoding=\"async\" class=\"alignright size-medium wp-image-28103\" src=\"https:\/\/jackpotlotteryonline.com\/wp-content\/uploads\/2022\/11\/1_lotto_jackpot_online-257x300.jpg\" alt=\"Jackpot sobotn\u00edho lota\" width=\"257\" height=\"300\" srcset=\"https:\/\/jackpotlotteryonline.com\/wp-content\/uploads\/2022\/11\/1_lotto_jackpot_online-257x300.jpg 257w, https:\/\/jackpotlotteryonline.com\/wp-content\/uploads\/2022\/11\/1_lotto_jackpot_online.jpg 321w\" sizes=\"auto, (max-width: 257px) 100vw, 257px\" \/><\/p>\n<p>Prvn\u00ed losov\u00e1n\u00ed se uskute\u010dnilo 24. \u010dervna 1972 a bylo to prvn\u00ed lotto tohoto typu v Austr\u00e1lii. Jedn\u00e1 se tak\u00e9 o nejd\u00e9le provozovan\u00e9 lotto v Austr\u00e1lii. Pro hr\u00e1\u010de v r\u016fzn\u00fdch \u010d\u00e1stech Austr\u00e1lie je zn\u00e1m\u00e1 pod r\u016fzn\u00fdmi n\u00e1zvy: V Austr\u00e1lii se pou\u017e\u00edvaj\u00ed r\u016fzn\u00e9 n\u00e1zvy: Tattslotto, Gold lotto, X lotto nebo jednodu\u0161e lotto.<\/p>\n<p>Minim\u00e1ln\u00ed garantovan\u00e1 v\u00fd\u0161e jackpotu p\u0159i h\u0159e je 5 milion\u016f australsk\u00fdch dolar\u016f a v p\u0159\u00edpad\u011b, \u017ee nen\u00ed \u017e\u00e1dn\u00fd v\u00fdherce, p\u0159ech\u00e1z\u00ed do dal\u0161\u00edho t\u00fddne. Neuv\u011b\u0159iteln\u00e9 na tomto lotu je, \u017ee hr\u00e1\u010di maj\u00ed opravdu velkou pravd\u011bpodobnost v\u00fdhry jackpotu. Pravd\u011bpodobnost je tak n\u00edzk\u00e1, \u017ee se jackpotov\u00e1 v\u00fdhra m\u00e1lokdy p\u0159eklop\u00ed, proto\u017ee se obvykle v\u017edy najde v\u00fdherce.<\/p>\n<p>Sobotn\u00ed lotto tak\u00e9 jednou ro\u010dn\u011b po\u0159\u00e1d\u00e1 mega losov\u00e1n\u00ed, kter\u00e9 se kon\u00e1 po V\u00e1noc\u00edch. Jackpot pro mega losov\u00e1n\u00ed je pom\u011brn\u011b vysok\u00fd a byl zv\u00fd\u0161en na 30 milion\u016f australsk\u00fdch dolar\u016f. Z mega losov\u00e1n\u00ed obvykle vzejde v\u00edce v\u00fdherc\u016f.<\/p>\n<h2>Jak hr\u00e1t Saturday Lotto online<\/h2>\n<p>Chcete-li hr\u00e1t Saturday Lotto, jednodu\u0161e nav\u0161tivte jackpotlotteryonline.com a p\u0159ejd\u011bte na str\u00e1nku Lotto. Vyberte si \u0161est \u010d\u00edsel v rozmez\u00ed od 1 do 45. \u010c\u00edsla m\u016f\u017eete v\u017edy zvolit ru\u010dn\u011b nebo pou\u017e\u00edt n\u00e1\u0161 automatick\u00fd syst\u00e9m pro generov\u00e1n\u00ed n\u00e1hodn\u00fdch \u010d\u00edsel.<\/p>\n<p><a href=\"https:\/\/jackpotlotteryonline.com\/cs\/vyherni-cisla\/saturday-lotto\">Pot\u00e9 zadejte losov\u00e1n\u00ed<\/a>. Ve skute\u010dnosti se losuje pouze jednou t\u00fddn\u011b, a to v sobotu. Odtud n\u00e1zev: Saturday Lotto. M\u016f\u017eete se v\u0161ak rozhodnout zadat a\u017e 10 po sob\u011b jdouc\u00edch tah\u016f. Pokud zvol\u00edte tuto mo\u017enost, budete automaticky za\u0159azeni do ka\u017ed\u00e9ho losov\u00e1n\u00ed po dobu n\u00e1sleduj\u00edc\u00edch 10 t\u00fddn\u016f.<\/p>\n<p>Jakmile v\u0161e provedete, dal\u0161\u00edm krokem je zpracov\u00e1n\u00ed va\u0161\u00ed platby. Po\u017e\u00e1d\u00e1me v\u00e1s, abyste se u n\u00e1s zaregistrovali, abychom mohli v\u00e1\u0161 tiket p\u0159i h\u0159e uchovat v bezpe\u010d\u00ed. Budeme v\u00e1s tak\u00e9 informovat, pokud n\u011bco vyhrajete, a pot\u00e9 si m\u016f\u017eete v\u00fdhru vyplatit z na\u0161\u00ed platformy.<\/p>\n<section class=\"layout\" style=\"border: solid 1px; width: 100%;\">\n<div class=\"img-div\" style=\"margin-top: 5px;\"><img decoding=\"async\" class=\"wp-image-17212 alignleft\" style=\"height: 45px; margin: 8px 8px 0px;\" src=\"https:\/\/jackpotlotteryonline.com\/wp-content\/uploads\/2022\/11\/read1.jpg\" alt=\"P\u0159e\u010dt\u011bte si \" width=\"\" height=\"\" \/><\/div>\n<div style=\"padding-left: 5px;\">\n<div style=\"font-size: 1.1em;\">\n<p><strong>N\u011bkolik trik\u016f a tip\u016f pro v\u00fdb\u011br \u010d\u00edsel<\/strong><\/p>\n<p style=\"font-size: 0.85em; margin-top: -1.5em;\">Zvy\u0161te sv\u00e9 \u0161ance na v\u00fdhru &#8211; pou\u017eijte ur\u010ditou strategii pro v\u00fdb\u011br \u010d\u00edsel<a href=\"https:\/\/jackpotlotteryonline.com\/cs\/a-nekolik-triku-a-tipu-na-vyber-losovacich-cisel\">\u00a0P\u0159e\u010dt\u011bte si v\u00edce<\/a><\/p>\n<\/div>\n<\/div>\n<\/section>\n<h2>V\u00fdhody<\/h2>\n<p>Pro ty, kte\u0159\u00ed jsou zvykl\u00ed na n\u00e1kup fyzick\u00fdch los\u016f a fanf\u00e1ry, kter\u00e9 s sebou p\u0159in\u00e1\u0161\u00ed v\u00fdhra, m\u016f\u017ee b\u00fdt t\u011b\u017ek\u00e9 vid\u011bt v\u00fdhody hran\u00ed na internetu. O n\u011bkter\u00e9 se s v\u00e1mi ale pod\u011bl\u00edme.<\/p>\n<p>Hran\u00ed Saturday Lotto online je pohodln\u00e9. Nemus\u00edte opou\u0161t\u011bt m\u00edsto, kde se nach\u00e1z\u00edte, a nikam chodit, proto\u017ee m\u016f\u017eete snadno hr\u00e1t na sv\u00e9m po\u010d\u00edta\u010di nebo mobiln\u00edm za\u0159\u00edzen\u00ed. Tak\u00e9 to znamen\u00e1, \u017ee nyn\u00ed m\u00e1te p\u0159\u00edstup k v\u011bt\u0161\u00edmu mno\u017estv\u00ed loteri\u00ed z cel\u00e9ho sv\u011bta.<\/p>\n<p>N\u00e1kup los\u016f nen\u00ed jedinou v\u00fdhodou p\u0159i hran\u00ed loterie. Asi hlavn\u00ed v\u00fdhodou je, \u017ee si m\u016f\u017eete snadno vybrat sv\u00e9 v\u00fdhry. Je to jednoduch\u00e9 a \u010dasto nemus\u00edte podstupovat \u017e\u00e1dnou slo\u017eitou proceduru, abyste z\u00edskali svou v\u00fdhru.<\/p>\n<h2>V\u00fdhra v sobotn\u00edm lottu<\/h2>\n<p>Chcete-li vyhr\u00e1t v lottu, mus\u00edte m\u00edt shodn\u00fdch v\u0161ech \u0161est vylosovan\u00fdch \u010d\u00edsel. Jackpot vyhr\u00e1v\u00e1 ka\u017ed\u00fd tiket, kter\u00fd odpov\u00edd\u00e1 v\u0161em \u0161esti vylosovan\u00fdm \u010d\u00edsl\u016fm. Existuj\u00ed i dal\u0161\u00ed ceny, kter\u00e9 m\u016f\u017eete vyhr\u00e1t, a o t\u011bch se zm\u00edn\u00edme pozd\u011bji. V\u0161imn\u011bte si v\u0161ak, \u017ee v\u00fdhru m\u016f\u017eete z\u00edskat, pokud padnou 3 vylosovan\u00e1 \u010d\u00edsla.<\/p>\n<p>Pokud v loterii vyhrajete, m\u016f\u017eete si v\u00fdhru vybrat z na\u0161\u00ed platformy p\u0159\u00edmo na sv\u016fj \u00fa\u010det.<\/p>\n<p>Vezm\u011bte pros\u00edm na v\u011bdom\u00ed, \u017ee pokud je va\u0161e v\u00fdhra vy\u0161\u0161\u00ed ne\u017e #2500, museli byste se o v\u00fdhru p\u0159ihl\u00e1sit p\u0159\u00edmo u loterijn\u00ed spole\u010dnosti. Ale nebojte se, pom\u016f\u017eeme v\u00e1m s t\u00edm t\u00edm, \u017ee v\u00e1m poskytneme formul\u00e1\u0159 pro uplatn\u011bn\u00ed n\u00e1roku, kter\u00fd vypln\u00edte.<\/p>\n<h2>Dopl\u0148kov\u00e1 \u010d\u00edsla<\/h2>\n<p><img loading=\"lazy\" decoding=\"async\" class=\"alignright size-medium wp-image-29183\" src=\"https:\/\/jackpotlotteryonline.com\/wp-content\/uploads\/2022\/11\/1_play_lotto-online-300x199.jpg\" alt=\"Hrajte sobotn\u00ed lotto online\" width=\"300\" height=\"199\" srcset=\"https:\/\/jackpotlotteryonline.com\/wp-content\/uploads\/2022\/11\/1_play_lotto-online-300x199.jpg 300w, https:\/\/jackpotlotteryonline.com\/wp-content\/uploads\/2022\/11\/1_play_lotto-online.jpg 350w\" sizes=\"auto, (max-width: 300px) 100vw, 300px\" \/><\/p>\n<p>Pokud se pod\u00edv\u00e1te na rozd\u011blen\u00ed v\u00fdher, mo\u017en\u00e1 si v\u0161imnete, \u017ee n\u011bkter\u00e1 rozd\u011blen\u00ed vyu\u017e\u00edvaj\u00ed dopl\u0148kov\u00e1 \u010d\u00edsla. Nejsou to \u010d\u00edsla, kter\u00e1 si vyb\u00edr\u00e1te a nemaj\u00ed nic spole\u010dn\u00e9ho s v\u00fdhrou jackpotu. Jsou to jednodu\u0161e n\u00e1hodn\u011b vygenerovan\u00e1 \u010d\u00edsla, kter\u00e1 se vyb\u00edraj\u00ed b\u011bhem ka\u017ed\u00e9ho losov\u00e1n\u00ed a pou\u017e\u00edvaj\u00ed se k ur\u010den\u00ed diviz\u00ed 2 a 5.<\/p>\n<h2>Ceny<\/h2>\n<p>Toto Lotto m\u00e1 \u0161est r\u016fzn\u00fdch v\u00fdhern\u00edch diviz\u00ed a sta\u010d\u00ed, kdy\u017e padnou 3 hlavn\u00ed \u010d\u00edsla, a m\u016f\u017eete vyhr\u00e1t cenu. Samoz\u0159ejm\u011b \u010d\u00edm v\u00edce \u010d\u00edsel se v\u00e1m poda\u0159\u00ed shodnout, t\u00edm vy\u0161\u0161\u00ed je v\u00fdhra. V\u00fdhra v divizi 1 je jackpot a pro z\u00edsk\u00e1n\u00ed t\u00e9to v\u00fdhry je t\u0159eba, abyste trefili v\u0161ech 6 \u010d\u00edsel.<\/p>\n<p>Hr\u00e1\u010di se \u010dasto soust\u0159ed\u00ed na v\u00fdhru v divizi 1, tedy na jackpot, s vylou\u010den\u00edm ostatn\u00edch v\u00fdhern\u00edch diviz\u00ed. Je v\u0161ak mo\u017en\u00e9 vyhr\u00e1t slu\u0161nou \u010d\u00e1stku i v t\u011bchto ostatn\u00edch diviz\u00edch. N\u00ed\u017ee se s v\u00e1mi pod\u011bl\u00edme o v\u00fdhern\u00ed divize hry Saturday Lotto a o \u0161ance na v\u00fdhru v jednotliv\u00fdch diviz\u00edch.<\/p>\n<p>Divize 1: 6 hlavn\u00edch \u010d\u00edsel &#8211; jackpot (1 ku 8 145 060)<\/p>\n<p>Divize 2: 5 hlavn\u00edch \u010d\u00edsel + 1 nebo 2 dopl\u0148kov\u00e1 \u010d\u00edsla (1 ku 678 755).<\/p>\n<p>Divize 3: 5 hlavn\u00edch \u010d\u00edsel (1 ku 36 689).<\/p>\n<p>Divize 4: 4 hlavn\u00ed \u010d\u00edsla (1 ze 733)<\/p>\n<p>Divize 5: 3 hlavn\u00ed \u010d\u00edsla + 1 nebo 2 dopl\u0148kov\u00e1 \u010d\u00edsla (1 z 297).<\/p>\n<p>Divize 6: 3 hlavn\u00ed \u010d\u00edsla (1 z 53)<\/p>\n<h2>Zaregistrujte se nyn\u00ed hr\u00e1t sobotn\u00ed lotto<\/h2>\n<p>Pokud jste p\u0159ipraveni hr\u00e1t lotto, m\u016f\u017eete si zakoupit losy p\u0159\u00edmo zde na na\u0161ich str\u00e1nk\u00e1ch. Jakmile se p\u0159ihl\u00e1s\u00edte do slosov\u00e1n\u00ed, z\u00edsk\u00e1te \u0161anci vyhr\u00e1t miliony.<\/p>\n<p>Kdy\u017e u\u017e jste tady, m\u016f\u017eete se pod\u00edvat i na dal\u0161\u00ed loterie. M\u00e1me \u0161irokou sb\u00edrku nejlep\u0161\u00edch mezin\u00e1rodn\u00edch loteri\u00ed a na\u0161im z\u00e1kazn\u00edk\u016fm umo\u017e\u0148ujeme p\u0159\u00edstup k t\u011bmto loteri\u00edm. M\u016f\u017eete si koupit tikety do loteri\u00ed z USA, Evropy a Austr\u00e1lie, a\u0165 u\u017e \u017eijete kdekoli.<\/p>\n<p>Jako jedni\u010dka mezi loterijn\u00edmi port\u00e1ly jsme cel\u00fd proces zjednodu\u0161ili, abychom na\u0161im z\u00e1kazn\u00edk\u016fm poskytli neuv\u011b\u0159iteln\u00fd z\u00e1\u017eitek. Zaregistrujte se u n\u00e1s je\u0161t\u011b dnes a za\u010dn\u011bte hr\u00e1t lotto.<\/p>\n","protected":false},"excerpt":{"rendered":"<p>Saturday Lotto je jednou z nejobl\u00edben\u011bj\u0161\u00edch australsk\u00fdch loteri\u00ed a hr\u00e1\u010di po cel\u00e9 zemi se na ni t\u011b\u0161\u00ed. Jedn\u00edm z d\u016fvod\u016f je, \u017ee se z n\u00ed v minulosti vyklubalo mnoho milion\u00e1\u0159\u016f. Jackpot m\u016f\u017ee dos\u00e1hnout a\u017e 10 milion\u016f australsk\u00fdch dolar\u016f, co\u017e je neuv\u011b\u0159iteln\u00e1 v\u00fdhra, kdy\u017e se nad t\u00edm zamysl\u00edte. D\u0159\u00edve jste museli b\u00fdt obyvateli Austr\u00e1lie, abyste si [&hellip;]<\/p>\n","protected":false},"author":1,"featured_media":0,"parent":35538,"menu_order":18,"comment_status":"closed","ping_status":"closed","template":"saturday-lotto.php","meta":{"_et_pb_use_builder":"","_et_pb_old_content":"","_et_gb_content_width":"","exclude_from_search":false,"footnotes":""},"class_list":["post-39577","page","type-page","status-publish","hentry"],"yoast_head":"<!-- This site is optimized with the Yoast SEO plugin v23.3 - https:\/\/yoast.com\/wordpress\/plugins\/seo\/ -->\n<title>Hrajte sobotn\u00ed loto online<\/title>\n<meta name=\"description\" content=\"U\u017eijte si \u0161anci na velkou v\u00fdhru s hrou Saturday Lotto hran\u00edm online odkudkoli. Zjist\u011bte, jak na to.\" \/>\n<meta name=\"robots\" content=\"index, follow, max-snippet:-1, max-image-preview:large, max-video-preview:-1\" \/>\n<link rel=\"canonical\" href=\"https:\/\/jackpotlotteryonline.com\/cs\/jak-hrat\/saturday-lotto\/\" \/>\n<meta property=\"og:locale\" content=\"cs_CZ\" \/>\n<meta property=\"og:type\" content=\"article\" \/>\n<meta property=\"og:title\" content=\"Hrajte sobotn\u00ed loto online\" \/>\n<meta property=\"og:description\" content=\"U\u017eijte si \u0161anci na velkou v\u00fdhru s hrou Saturday Lotto hran\u00edm online odkudkoli. Zjist\u011bte, jak na to.\" \/>\n<meta property=\"og:url\" content=\"https:\/\/jackpotlotteryonline.com\/cs\/jak-hrat\/saturday-lotto\/\" \/>\n<meta property=\"og:site_name\" content=\"Lotto Online - Crack The International Lottery Jackpots\" \/>\n<meta property=\"article:modified_time\" content=\"2023-01-03T18:17:40+00:00\" \/>\n<meta property=\"og:image\" content=\"https:\/\/jackpotlotteryonline.com\/wp-content\/uploads\/2022\/11\/1_lotto_jackpot_online-257x300.jpg\" \/>\n<meta name=\"twitter:card\" content=\"summary_large_image\" \/>\n<meta name=\"twitter:label1\" content=\"Odhadovan\u00e1 doba \u010dten\u00ed\" \/>\n\t<meta name=\"twitter:data1\" content=\"5 minut\" \/>\n<!-- \/ Yoast SEO plugin. -->","yoast_head_json":{"title":"Hrajte sobotn\u00ed loto online","description":"U\u017eijte si \u0161anci na velkou v\u00fdhru s hrou Saturday Lotto hran\u00edm online odkudkoli. Zjist\u011bte, jak na to.","robots":{"index":"index","follow":"follow","max-snippet":"max-snippet:-1","max-image-preview":"max-image-preview:large","max-video-preview":"max-video-preview:-1"},"canonical":"https:\/\/jackpotlotteryonline.com\/cs\/jak-hrat\/saturday-lotto\/","og_locale":"cs_CZ","og_type":"article","og_title":"Hrajte sobotn\u00ed loto online","og_description":"U\u017eijte si \u0161anci na velkou v\u00fdhru s hrou Saturday Lotto hran\u00edm online odkudkoli. Zjist\u011bte, jak na to.","og_url":"https:\/\/jackpotlotteryonline.com\/cs\/jak-hrat\/saturday-lotto\/","og_site_name":"Lotto Online - Crack The International Lottery Jackpots","article_modified_time":"2023-01-03T18:17:40+00:00","og_image":[{"url":"https:\/\/jackpotlotteryonline.com\/wp-content\/uploads\/2022\/11\/1_lotto_jackpot_online-257x300.jpg"}],"twitter_card":"summary_large_image","twitter_misc":{"Odhadovan\u00e1 doba \u010dten\u00ed":"5 minut"},"schema":{"@context":"https:\/\/schema.org","@graph":[{"@type":"WebPage","@id":"https:\/\/jackpotlotteryonline.com\/cs\/jak-hrat\/saturday-lotto\/","url":"https:\/\/jackpotlotteryonline.com\/cs\/jak-hrat\/saturday-lotto\/","name":"Hrajte sobotn\u00ed loto online","isPartOf":{"@id":"https:\/\/jackpotlotteryonline.com\/#website"},"primaryImageOfPage":{"@id":"https:\/\/jackpotlotteryonline.com\/cs\/jak-hrat\/saturday-lotto\/#primaryimage"},"image":{"@id":"https:\/\/jackpotlotteryonline.com\/cs\/jak-hrat\/saturday-lotto\/#primaryimage"},"thumbnailUrl":"https:\/\/jackpotlotteryonline.com\/wp-content\/uploads\/2022\/11\/1_lotto_jackpot_online-257x300.jpg","datePublished":"2022-11-28T08:15:45+00:00","dateModified":"2023-01-03T18:17:40+00:00","description":"U\u017eijte si \u0161anci na velkou v\u00fdhru s hrou Saturday Lotto hran\u00edm online odkudkoli. Zjist\u011bte, jak na to.","breadcrumb":{"@id":"https:\/\/jackpotlotteryonline.com\/cs\/jak-hrat\/saturday-lotto\/#breadcrumb"},"inLanguage":"cs","potentialAction":[{"@type":"ReadAction","target":["https:\/\/jackpotlotteryonline.com\/cs\/jak-hrat\/saturday-lotto\/"]}]},{"@type":"ImageObject","inLanguage":"cs","@id":"https:\/\/jackpotlotteryonline.com\/cs\/jak-hrat\/saturday-lotto\/#primaryimage","url":"https:\/\/jackpotlotteryonline.com\/wp-content\/uploads\/2022\/11\/1_lotto_jackpot_online-257x300.jpg","contentUrl":"https:\/\/jackpotlotteryonline.com\/wp-content\/uploads\/2022\/11\/1_lotto_jackpot_online-257x300.jpg"},{"@type":"BreadcrumbList","@id":"https:\/\/jackpotlotteryonline.com\/cs\/jak-hrat\/saturday-lotto\/#breadcrumb","itemListElement":[{"@type":"ListItem","position":1,"name":"Home","item":"https:\/\/jackpotlotteryonline.com\/cs\/"},{"@type":"ListItem","position":2,"name":"Jak hr\u00e1t","item":"https:\/\/jackpotlotteryonline.com\/play-online\/"},{"@type":"ListItem","position":3,"name":"hr\u00e1t Saturday Lotto online"}]},{"@type":"WebSite","@id":"https:\/\/jackpotlotteryonline.com\/#website","url":"https:\/\/jackpotlotteryonline.com\/","name":"Lotto Online - Crack The International Lottery Jackpots","description":"","potentialAction":[{"@type":"SearchAction","target":{"@type":"EntryPoint","urlTemplate":"https:\/\/jackpotlotteryonline.com\/?s={search_term_string}"},"query-input":"required name=search_term_string"}],"inLanguage":"cs"}]}},"_links":{"self":[{"href":"https:\/\/jackpotlotteryonline.com\/cs\/wp-json\/wp\/v2\/pages\/39577","targetHints":{"allow":["GET"]}}],"collection":[{"href":"https:\/\/jackpotlotteryonline.com\/cs\/wp-json\/wp\/v2\/pages"}],"about":[{"href":"https:\/\/jackpotlotteryonline.com\/cs\/wp-json\/wp\/v2\/types\/page"}],"author":[{"embeddable":true,"href":"https:\/\/jackpotlotteryonline.com\/cs\/wp-json\/wp\/v2\/users\/1"}],"replies":[{"embeddable":true,"href":"https:\/\/jackpotlotteryonline.com\/cs\/wp-json\/wp\/v2\/comments?post=39577"}],"version-history":[{"count":0,"href":"https:\/\/jackpotlotteryonline.com\/cs\/wp-json\/wp\/v2\/pages\/39577\/revisions"}],"up":[{"embeddable":true,"href":"https:\/\/jackpotlotteryonline.com\/cs\/wp-json\/wp\/v2\/pages\/35538"}],"wp:attachment":[{"href":"https:\/\/jackpotlotteryonline.com\/cs\/wp-json\/wp\/v2\/media?parent=39577"}],"curies":[{"name":"wp","href":"https:\/\/api.w.org\/{rel}","templated":true}]}}