{"id":39632,"date":"2022-11-28T11:19:05","date_gmt":"2022-11-28T11:19:05","guid":{"rendered":"https:\/\/jackpotlotteryonline.com\/?page_id=39632"},"modified":"2022-12-31T12:44:27","modified_gmt":"2022-12-31T12:44:27","slug":"set-for-life","status":"publish","type":"page","link":"https:\/\/jackpotlotteryonline.com\/cs\/jak-hrat\/set-for-life\/","title":{"rendered":"hr\u00e1t Set For Life online"},"content":{"rendered":"<p>Mnohem v\u00edce s\u00e1zej\u00edc\u00edch po cel\u00e9m sv\u011bt\u011b si za\u010d\u00edn\u00e1 uv\u011bdomovat kr\u00e1su toho, \u017ee jsou sety na cel\u00fd \u017eivot. A pr\u00e1v\u011b to nab\u00edz\u00ed hr\u00e1\u010d\u016fm britsk\u00e1 loterie Set for Life: mo\u017enost vyhr\u00e1t ka\u017ed\u00fd m\u011bs\u00edc 10 000 liber po dobu 30 let. Loterii se \u0159\u00edk\u00e1 anuitn\u00ed, proto\u017ee v\u00fdherce neobdr\u017e\u00ed jednor\u00e1zovou \u010d\u00e1stku. Na prvn\u00ed pohled to mo\u017en\u00e1 nevypad\u00e1 tak l\u00e1kav\u011b jako v\u00fdhra miliard eur. Existuj\u00ed v\u0161ak hr\u00e1\u010di, kter\u00fdm nen\u00ed zcela p\u0159\u00edjemn\u00e9 nakl\u00e1dat s tolika pen\u011bzi najednou. Krom\u011b toho jsme \u010detli o v\u00fdherc\u00edch loterie, kte\u0159\u00ed se po n\u011bkolika letech ocitli na mizin\u011b. U t\u00e9to britsk\u00e9 loterie se to nestane, proto\u017ee v\u00fdherce dostane ka\u017ed\u00fd m\u011bs\u00edc bezpodm\u00edne\u010dn\u011b 10 000 liber.<\/p>\n<p>Pokud v\u00e1s zaj\u00edm\u00e1, jak m\u016f\u017eete hr\u00e1t tuto britskou rentu z m\u00edsta mimo Spojen\u00e9 kr\u00e1lovstv\u00ed, m\u00e1te \u0161t\u011bst\u00ed. Zde se s v\u00e1mi pod\u011bl\u00edme o n\u00e1vod, jak tuto loterii hr\u00e1t, a o tipy pro hran\u00ed z \u00fazem\u00ed mimo Velkou Brit\u00e1nii.<\/p>\n<h2>M\u016f\u017eete hr\u00e1t Set For Life ze zem\u00ed mimo Spojen\u00e9 kr\u00e1lovstv\u00ed?<\/h2>\n<p><img loading=\"lazy\" decoding=\"async\" class=\"alignright size-medium wp-image-27941\" src=\"http:\/\/jackpotlotteryonline.com\/wp-content\/uploads\/2022\/11\/1_lottery_winner_ticket-200x300.jpg\" alt=\"Vyhrajte velkou \u010d\u00e1stku se slu\u017ebou Set for life\" width=\"200\" height=\"300\" srcset=\"https:\/\/jackpotlotteryonline.com\/wp-content\/uploads\/2022\/11\/1_lottery_winner_ticket-200x300.jpg 200w, https:\/\/jackpotlotteryonline.com\/wp-content\/uploads\/2022\/11\/1_lottery_winner_ticket.jpg 320w\" sizes=\"auto, (max-width: 200px) 100vw, 200px\" \/><\/p>\n<p>Set For Life je sice v podstat\u011b britsk\u00e1 loterie, ale touhu vyhr\u00e1t ka\u017ed\u00fd m\u011bs\u00edc velk\u00e9 \u010d\u00e1stky sd\u00edlej\u00ed s\u00e1zej\u00edc\u00ed po cel\u00e9m sv\u011bt\u011b. Bu\u010fme up\u0159\u00edmn\u00ed, komu by se nel\u00edbila p\u0159edstava, \u017ee ka\u017ed\u00fd m\u011bs\u00edc po dobu 30 let vyhr\u00e1v\u00e1 10 000 liber? Hra Set For Life se obvykle hraje pouze ve Velk\u00e9 Brit\u00e1nii, proto\u017ee pr\u00e1v\u011b tam se prod\u00e1vaj\u00ed losy. Hr\u00e1\u010di si v\u0161ak nyn\u00ed mohou koupit tikety odkudkoli.<\/p>\n<p>Internet umo\u017enil spoustu v\u011bc\u00ed, zejm\u00e9na p\u0159\u00edstup k informac\u00edm. Nyn\u00ed si mohou s\u00e1zej\u00edc\u00ed po cel\u00e9m sv\u011bt\u011b koupit tikety do nejlep\u0161\u00edch mezin\u00e1rodn\u00edch loteri\u00ed, v\u010detn\u011b Set For Life. Pokud jste tedy hr\u00e1\u010dem mimo Velkou Brit\u00e1nii, <a href=\"https:\/\/jackpotlotteryonline.com\/cs\/koupit-vstupenky\/set-for-life\">m\u016f\u017eete si snadno zakoupit losy na britskou rentovou<\/a> loterii na webu jackpotlotteryonline.com.<\/p>\n<p>Pokud se v\u00e1m l\u00edb\u00ed my\u0161lenka, \u017ee budete m\u00edt set do konce \u017eivota, pak si posp\u011b\u0161te a po\u0159i\u010fte si tiket je\u0161t\u011b p\u0159ed dal\u0161\u00edm losov\u00e1n\u00edm.<\/p>\n<h2>Jak hr\u00e1t<\/h2>\n<p>Chcete-li hr\u00e1t britskou loterii, hr\u00e1\u010di mus\u00ed vybrat 5 \u010d\u00edsel z rozmez\u00ed 1 a\u017e 47 a 1 \u010d\u00edslo Life Ball z 1 a\u017e 10. D\u00e1le si<a href=\"https:\/\/jackpotlotteryonline.com\/cs\/vyherni-cisla\/set-for-life\"> vyberete dny losov\u00e1n\u00ed<\/a>, do kter\u00fdch se chcete zapojit, a po\u010det t\u00fddn\u016f, po kter\u00e9 chcete hr\u00e1t.<\/p>\n<p>P\u0159i pou\u017eit\u00ed na\u0161ich str\u00e1nek m\u016f\u017eete pou\u017e\u00edt gener\u00e1tor \u010d\u00edsel, kter\u00fd n\u00e1hodn\u011b vybere va\u0161e \u010d\u00edsla. Tak\u00e9 si m\u016f\u017eete nastavit, abyste byli automaticky za\u0159azeni do ka\u017ed\u00e9ho losov\u00e1n\u00ed n\u011bkolik t\u00fddn\u016f p\u0159edem. T\u00edmto zp\u016fsobem se nemus\u00edte ob\u00e1vat, \u017ee byste losov\u00e1n\u00ed prome\u0161kali. P\u0159\u00edmo na na\u0161ich str\u00e1nk\u00e1ch tak\u00e9 zve\u0159ej\u0148ujeme nezpracovan\u00e9 v\u00fdsledky.<\/p>\n<p>Slosov\u00e1n\u00ed Sady pro \u017eivot prob\u00edhaj\u00ed ka\u017ed\u00e9 pond\u011bl\u00ed a \u010dtvrtek ve\u010der. Hrajete-li s n\u00e1mi, nemus\u00edte zme\u0161kat losov\u00e1n\u00ed jen proto, \u017ee jste si nestihli koupit tiket p\u0159ed jeho uzav\u0159en\u00edm.<\/p>\n<h2>Tipy pro hran\u00ed online<\/h2>\n<p>Ne\u017e si koup\u00edte los na internetu, je d\u016fle\u017eit\u00e9 v\u011bd\u011bt n\u011bkolik v\u011bc\u00ed. Toto je n\u011bkolik tip\u016f, kter\u00e9 v\u00e1m pomohou k p\u0159\u00edjemn\u011bj\u0161\u00edmu z\u00e1\u017eitku z hran\u00ed.<\/p>\n<ul>\n<li>K n\u00e1kupu los\u016f v\u017edy pou\u017e\u00edvejte port\u00e1l concierge.<\/li>\n<li>Ujist\u011bte se, \u017ee si z webu m\u016f\u017eete bez pot\u00ed\u017e\u00ed vybrat v\u00fdhru<\/li>\n<li>Zakupte si v\u00edce tiket\u016f a z\u00fa\u010dastn\u011bte se v\u00edce losov\u00e1n\u00ed, abyste zv\u00fd\u0161ili sv\u00e9 \u0161ance na v\u00fdhru<\/li>\n<li>Pou\u017e\u00edvejte str\u00e1nky, kter\u00e9 v\u00e1m daj\u00ed v\u011bd\u011bt (prost\u0159ednictv\u00edm e-mailu), jakmile vyhrajete cenu.<\/li>\n<\/ul>\n<h2>V\u00fdhern\u00ed kategorie programu Set For Life<\/h2>\n<div id=\"attachment_27779\" style=\"width: 222px\" class=\"wp-caption alignright\"><img loading=\"lazy\" decoding=\"async\" aria-describedby=\"caption-attachment-27779\" class=\"size-full wp-image-27779\" src=\"http:\/\/jackpotlotteryonline.com\/wp-content\/uploads\/2022\/11\/1_lottery_ticket.jpg\" alt=\"jak hr\u00e1t hru Set for life\" width=\"212\" height=\"142\" \/><p id=\"caption-attachment-27779\" class=\"wp-caption-text\">Vypl\u0148ov\u00e1n\u00ed losu tu\u017ekou na d\u0159ev\u011bn\u00e9m stole, detailn\u00ed z\u00e1b\u011br. M\u00edsto pro text<\/p><\/div>\n<p>Hlavn\u00ed cenou t\u00e9to britsk\u00e9 loterie je \u00fa\u017easn\u00fdch 10 000 liber ka\u017ed\u00fd m\u011bs\u00edc po dobu n\u00e1sleduj\u00edc\u00edch 30 let. To je, jako kdybyste dost\u00e1vali 10 tis\u00edc m\u011bs\u00ed\u010dn\u011b za 30letou dovolenou. Tato v\u00fdhra je jednou z t\u011bch, kter\u00e9 nadchnou mnoho hr\u00e1\u010d\u016f. Je\u0161t\u011b v\u00edce vzru\u0161uj\u00edc\u00ed je v\u0161ak skute\u010dnost, \u017ee tato loterie m\u00e1 i dal\u0161\u00ed zaj\u00edmav\u00e9 v\u00fdhern\u00ed \u00farovn\u011b. Zde jsou v\u00fdhern\u00ed kategorie.<\/p>\n<p>Kategorie 1: Uhodn\u011bte 5 \u010d\u00edsel + m\u00ed\u010dek \u017eivota &#8211; 10 000 liber ka\u017ed\u00fd m\u011bs\u00edc po dobu 30 let.<\/p>\n<p>Kategorie 2: Uhodn\u011bte pouze 5 \u010d\u00edsel &#8211; 10 000 liber ka\u017ed\u00fd m\u011bs\u00edc po dobu 1 roku.<\/p>\n<p>Kategorie 3: Uhodn\u011bte 4 \u010d\u00edsla + LIfe Ball &#8211; 250 liber.<\/p>\n<p>Kategorie 4: Uhodn\u011bte pouze 4 \u010d\u00edsla &#8211; 50 liber<\/p>\n<p>Kategorie 5: Uhodn\u011bte 3 \u010d\u00edsla + m\u00ed\u010dek Life Ball &#8211; 30 GBP<\/p>\n<p>Kategorie 6: Uhodn\u011bte pouze 3 \u010d\u00edsla &#8211; 20 liber<\/p>\n<p>Kategorie 7: Uhodn\u011bte 2 \u010d\u00edsla + m\u00ed\u010d \u017eivota &#8211; 10 GBP<\/p>\n<p>Kategorie 8: pouze 2 \u010d\u00edsla &#8211; 5 liber<\/p>\n<section class=\"layout\" style=\"border: solid 1px; width: 100%;\">\n<div class=\"img-div\" style=\"margin-top: 5px;\"><img decoding=\"async\" class=\"wp-image-17212 alignleft\" style=\"height: 45px; margin: 8px 8px 0px;\" src=\"http:\/\/jackpotlotteryonline.com\/wp-content\/uploads\/2022\/11\/read1.jpg\" alt=\"P\u0159e\u010dt\u011bte si\" width=\"\" height=\"\" \/><\/div>\n<div style=\"padding-left: 5px;\">\n<div style=\"font-size: 1.1em;\">\n<p><strong>N\u011bkte\u0159\u00ed v\u00edt\u011bzov\u00e9 loterie se vr\u00e1tili ke komunit\u011b<\/strong><\/p>\n<p style=\"font-size: 0.85em; margin-top: -1.5em;\">N\u011bkolik zaj\u00edmav\u00fdch a h\u0159ejiv\u00fdch p\u0159\u00edb\u011bh\u016f o tom, jak se v\u00fdherci loterie vracej\u00ed zp\u011bt.\u00a0<a href=\"https:\/\/jackpotlotteryonline.com\/cs\/pribehy-o-tom-jak-vyherci-loterie-vraceji-penize\">P\u0159e\u010dt\u011bte si v\u00edce<\/a><\/p>\n<\/div>\n<\/div>\n<\/section>\n<h2>Zahrajte si britskou anuitn\u00ed loterii je\u0161t\u011b dnes<\/h2>\n<p>Jsme concierge loterijn\u00ed str\u00e1nky, kter\u00e9 umo\u017e\u0148uj\u00ed hr\u00e1\u010d\u016fm z cel\u00e9ho sv\u011bta z\u00edskat p\u0159\u00edstup ke \u0161pi\u010dkov\u00fdm mezin\u00e1rodn\u00edm loteri\u00edm. Kdy\u017e si u n\u00e1s koup\u00edte losy, u\u017eijete si pot\u011b\u0161en\u00ed z hran\u00ed loterie bez jak\u00fdchkoli pot\u00ed\u017e\u00ed.<\/p>\n<p>Pokud vyhrajete jakoukoli cenu, m\u016f\u017eete si svou v\u00fdhru snadno vybrat p\u0159\u00edmo zde na na\u0161ich str\u00e1nk\u00e1ch. U n\u00e1s je to tak jednoduch\u00e9. A pokud je va\u0161e v\u00fdhra vy\u0161\u0161\u00ed ne\u017e ur\u010dit\u00e1 \u010d\u00e1stka, pom\u016f\u017eeme v\u00e1m s formul\u00e1\u0159em \u017e\u00e1dosti, abyste si mohli v\u00fdhru vyzvednout.<\/p>\n<p>V\u0161e, co d\u011bl\u00e1me, je zam\u011b\u0159eno na to, abychom na\u0161im z\u00e1kazn\u00edk\u016fm poskytli bezprobl\u00e9mov\u00fd z\u00e1\u017eitek z loterie. Tak se do toho pus\u0165te a p\u0159ihlaste se do britsk\u00e9 loterie Set for Life je\u0161t\u011b dnes.<\/p>\n","protected":false},"excerpt":{"rendered":"<p>Mnohem v\u00edce s\u00e1zej\u00edc\u00edch po cel\u00e9m sv\u011bt\u011b si za\u010d\u00edn\u00e1 uv\u011bdomovat kr\u00e1su toho, \u017ee jsou sety na cel\u00fd \u017eivot. A pr\u00e1v\u011b to nab\u00edz\u00ed hr\u00e1\u010d\u016fm britsk\u00e1 loterie Set for Life: mo\u017enost vyhr\u00e1t ka\u017ed\u00fd m\u011bs\u00edc 10 000 liber po dobu 30 let. Loterii se \u0159\u00edk\u00e1 anuitn\u00ed, proto\u017ee v\u00fdherce neobdr\u017e\u00ed jednor\u00e1zovou \u010d\u00e1stku. Na prvn\u00ed pohled to mo\u017en\u00e1 nevypad\u00e1 tak l\u00e1kav\u011b [&hellip;]<\/p>\n","protected":false},"author":1,"featured_media":0,"parent":35538,"menu_order":11,"comment_status":"closed","ping_status":"closed","template":"set-for-life.php","meta":{"_et_pb_use_builder":"","_et_pb_old_content":"","_et_gb_content_width":"","exclude_from_search":false,"footnotes":""},"class_list":["post-39632","page","type-page","status-publish","hentry"],"yoast_head":"<!-- This site is optimized with the Yoast SEO plugin v23.3 - https:\/\/yoast.com\/wordpress\/plugins\/seo\/ -->\n<title>Zahrajte si Set for Life ze zem\u00ed mimo Velkou Brit\u00e1nii<\/title>\n<meta name=\"description\" content=\"Zahrajte si anuitn\u00ed loterii ve Velk\u00e9 Brit\u00e1nii online a vyhrajte mo\u017enost b\u00fdt nastaven do konce \u017eivota.\" \/>\n<meta name=\"robots\" content=\"index, follow, max-snippet:-1, max-image-preview:large, max-video-preview:-1\" \/>\n<link rel=\"canonical\" href=\"https:\/\/jackpotlotteryonline.com\/cs\/jak-hrat\/set-for-life\/\" \/>\n<meta property=\"og:locale\" content=\"cs_CZ\" \/>\n<meta property=\"og:type\" content=\"article\" \/>\n<meta property=\"og:title\" content=\"Zahrajte si Set for Life ze zem\u00ed mimo Velkou Brit\u00e1nii\" \/>\n<meta property=\"og:description\" content=\"Zahrajte si anuitn\u00ed loterii ve Velk\u00e9 Brit\u00e1nii online a vyhrajte mo\u017enost b\u00fdt nastaven do konce \u017eivota.\" \/>\n<meta property=\"og:url\" content=\"https:\/\/jackpotlotteryonline.com\/cs\/jak-hrat\/set-for-life\/\" \/>\n<meta property=\"og:site_name\" content=\"Lotto Online - Crack The International Lottery Jackpots\" \/>\n<meta property=\"article:modified_time\" content=\"2022-12-31T12:44:27+00:00\" \/>\n<meta property=\"og:image\" content=\"http:\/\/jackpotlotteryonline.com\/wp-content\/uploads\/2022\/11\/1_lottery_winner_ticket-200x300.jpg\" \/>\n<meta name=\"twitter:card\" content=\"summary_large_image\" \/>\n<meta name=\"twitter:label1\" content=\"Odhadovan\u00e1 doba \u010dten\u00ed\" \/>\n\t<meta name=\"twitter:data1\" content=\"4 minuty\" \/>\n<!-- \/ Yoast SEO plugin. -->","yoast_head_json":{"title":"Zahrajte si Set for Life ze zem\u00ed mimo Velkou Brit\u00e1nii","description":"Zahrajte si anuitn\u00ed loterii ve Velk\u00e9 Brit\u00e1nii online a vyhrajte mo\u017enost b\u00fdt nastaven do konce \u017eivota.","robots":{"index":"index","follow":"follow","max-snippet":"max-snippet:-1","max-image-preview":"max-image-preview:large","max-video-preview":"max-video-preview:-1"},"canonical":"https:\/\/jackpotlotteryonline.com\/cs\/jak-hrat\/set-for-life\/","og_locale":"cs_CZ","og_type":"article","og_title":"Zahrajte si Set for Life ze zem\u00ed mimo Velkou Brit\u00e1nii","og_description":"Zahrajte si anuitn\u00ed loterii ve Velk\u00e9 Brit\u00e1nii online a vyhrajte mo\u017enost b\u00fdt nastaven do konce \u017eivota.","og_url":"https:\/\/jackpotlotteryonline.com\/cs\/jak-hrat\/set-for-life\/","og_site_name":"Lotto Online - Crack The International Lottery Jackpots","article_modified_time":"2022-12-31T12:44:27+00:00","og_image":[{"url":"http:\/\/jackpotlotteryonline.com\/wp-content\/uploads\/2022\/11\/1_lottery_winner_ticket-200x300.jpg"}],"twitter_card":"summary_large_image","twitter_misc":{"Odhadovan\u00e1 doba \u010dten\u00ed":"4 minuty"},"schema":{"@context":"https:\/\/schema.org","@graph":[{"@type":"WebPage","@id":"https:\/\/jackpotlotteryonline.com\/cs\/jak-hrat\/set-for-life\/","url":"https:\/\/jackpotlotteryonline.com\/cs\/jak-hrat\/set-for-life\/","name":"Zahrajte si Set for Life ze zem\u00ed mimo Velkou Brit\u00e1nii","isPartOf":{"@id":"https:\/\/jackpotlotteryonline.com\/#website"},"primaryImageOfPage":{"@id":"https:\/\/jackpotlotteryonline.com\/cs\/jak-hrat\/set-for-life\/#primaryimage"},"image":{"@id":"https:\/\/jackpotlotteryonline.com\/cs\/jak-hrat\/set-for-life\/#primaryimage"},"thumbnailUrl":"http:\/\/jackpotlotteryonline.com\/wp-content\/uploads\/2022\/11\/1_lottery_winner_ticket-200x300.jpg","datePublished":"2022-11-28T11:19:05+00:00","dateModified":"2022-12-31T12:44:27+00:00","description":"Zahrajte si anuitn\u00ed loterii ve Velk\u00e9 Brit\u00e1nii online a vyhrajte mo\u017enost b\u00fdt nastaven do konce \u017eivota.","breadcrumb":{"@id":"https:\/\/jackpotlotteryonline.com\/cs\/jak-hrat\/set-for-life\/#breadcrumb"},"inLanguage":"cs","potentialAction":[{"@type":"ReadAction","target":["https:\/\/jackpotlotteryonline.com\/cs\/jak-hrat\/set-for-life\/"]}]},{"@type":"ImageObject","inLanguage":"cs","@id":"https:\/\/jackpotlotteryonline.com\/cs\/jak-hrat\/set-for-life\/#primaryimage","url":"http:\/\/jackpotlotteryonline.com\/wp-content\/uploads\/2022\/11\/1_lottery_winner_ticket-200x300.jpg","contentUrl":"http:\/\/jackpotlotteryonline.com\/wp-content\/uploads\/2022\/11\/1_lottery_winner_ticket-200x300.jpg"},{"@type":"BreadcrumbList","@id":"https:\/\/jackpotlotteryonline.com\/cs\/jak-hrat\/set-for-life\/#breadcrumb","itemListElement":[{"@type":"ListItem","position":1,"name":"Home","item":"https:\/\/jackpotlotteryonline.com\/cs\/"},{"@type":"ListItem","position":2,"name":"Jak hr\u00e1t","item":"https:\/\/jackpotlotteryonline.com\/play-online\/"},{"@type":"ListItem","position":3,"name":"hr\u00e1t Set For Life online"}]},{"@type":"WebSite","@id":"https:\/\/jackpotlotteryonline.com\/#website","url":"https:\/\/jackpotlotteryonline.com\/","name":"Lotto Online - Crack The International Lottery Jackpots","description":"","potentialAction":[{"@type":"SearchAction","target":{"@type":"EntryPoint","urlTemplate":"https:\/\/jackpotlotteryonline.com\/?s={search_term_string}"},"query-input":"required name=search_term_string"}],"inLanguage":"cs"}]}},"_links":{"self":[{"href":"https:\/\/jackpotlotteryonline.com\/cs\/wp-json\/wp\/v2\/pages\/39632","targetHints":{"allow":["GET"]}}],"collection":[{"href":"https:\/\/jackpotlotteryonline.com\/cs\/wp-json\/wp\/v2\/pages"}],"about":[{"href":"https:\/\/jackpotlotteryonline.com\/cs\/wp-json\/wp\/v2\/types\/page"}],"author":[{"embeddable":true,"href":"https:\/\/jackpotlotteryonline.com\/cs\/wp-json\/wp\/v2\/users\/1"}],"replies":[{"embeddable":true,"href":"https:\/\/jackpotlotteryonline.com\/cs\/wp-json\/wp\/v2\/comments?post=39632"}],"version-history":[{"count":0,"href":"https:\/\/jackpotlotteryonline.com\/cs\/wp-json\/wp\/v2\/pages\/39632\/revisions"}],"up":[{"embeddable":true,"href":"https:\/\/jackpotlotteryonline.com\/cs\/wp-json\/wp\/v2\/pages\/35538"}],"wp:attachment":[{"href":"https:\/\/jackpotlotteryonline.com\/cs\/wp-json\/wp\/v2\/media?parent=39632"}],"curies":[{"name":"wp","href":"https:\/\/api.w.org\/{rel}","templated":true}]}}