{"id":39690,"date":"2022-11-29T07:03:47","date_gmt":"2022-11-29T07:03:47","guid":{"rendered":"https:\/\/jackpotlotteryonline.com\/?page_id=39690"},"modified":"2023-01-03T10:11:15","modified_gmt":"2023-01-03T10:11:15","slug":"new-york-lottery-2","status":"publish","type":"page","link":"https:\/\/jackpotlotteryonline.com\/cs\/jak-hrat\/new-york-lottery-2\/","title":{"rendered":"Hr\u00e1t New York lotto online"},"content":{"rendered":"<p>Historie newyorsk\u00e9ho lota je prosycena dobr\u00fdmi skutky a celkov\u011b pozitivn\u00edm p\u0159\u00edstupem. Jako loterie, kter\u00e1 vznikla jako zp\u016fsob, jak pomoci vzd\u011bl\u00e1v\u00e1n\u00ed ve st\u00e1t\u011b, je dobrou volbou pro s\u00e1zej\u00edc\u00ed, kte\u0159\u00ed maj\u00ed r\u00e1di trochu altruismu spolu se z\u00e1bavou. V podstat\u011b, pokud chcete loterii, kter\u00e1 v\u00e1m umo\u017en\u00ed m\u00edt pocit, \u017ee p\u0159isp\u00edv\u00e1te sv\u011btu n\u011b\u010d\u00edm dobr\u00fdm, pak byste m\u011bli zv\u00e1\u017eit lotto New York.<\/p>\n<p>Ot\u00e1zkou pro v\u011bt\u0161inu hr\u00e1\u010d\u016f v\u0161ak je, jak se t\u00e9to loterie z\u00fa\u010dastnit z jin\u00e9 \u010d\u00e1sti sv\u011bta. Jak jste pravd\u011bpodobn\u011b uhodli z n\u00e1zvu, New York lotto je st\u00e1tn\u00ed loterie st\u00e1tu New York v USA. Mohou se j\u00ed tedy z\u00fa\u010dastnit milovn\u00edci loterie, kte\u0159\u00ed v tomto st\u00e1t\u011b \u017eij\u00ed, a losy lze snadno z\u00edskat u prodejc\u016f v tomto st\u00e1t\u011b. Pokud \u017eijete mimo st\u00e1t &#8211; nebo dokonce na \u00fapln\u011b jin\u00e9m kontinentu &#8211; je to \u00fapln\u011b jin\u00fd p\u0159\u00edb\u011bh.<\/p>\n<p>Ale nebojte se, uk\u00e1\u017eeme v\u00e1m nejlep\u0161\u00ed zp\u016fsob, jak si koupit losy odkudkoli na sv\u011bt\u011b. Pokud sp\u011bch\u00e1te na \u00fa\u010dast v p\u0159\u00ed\u0161t\u00edm losov\u00e1n\u00ed, pro\u010d nenav\u0161t\u00edvit jackpotlotteryonline.com a neza\u010d\u00edt?<\/p>\n<h2>Tipy pro hran\u00ed loterie New York<\/h2>\n<p>Nyn\u00ed p\u0159ejd\u011bme k tomu, pro\u010d jsme tady; jak hr\u00e1t lotto New York odkudkoli. Ne\u017e se pust\u00edme do podrobnost\u00ed, bude asi dobr\u00e9 pod\u011blit se o n\u011bkolik tip\u016f pro hran\u00ed lotta. A\u010dkoli zde mluv\u00edme o konkr\u00e9tn\u00edm lotu, tyto tipy plat\u00ed i pro ostatn\u00ed \u0161pi\u010dkov\u00e9 mezin\u00e1rodn\u00ed loterie, do kter\u00fdch se zde mimochodem m\u016f\u017eete tak\u00e9 p\u0159ihl\u00e1sit.<\/p>\n<p><strong>Jak ji\u017e bylo \u0159e\u010deno, zde jsou na\u0161e tipy pro hran\u00ed loterie New York:<\/strong><\/p>\n<ul>\n<li>Vyberte si pe\u010dliv\u011b sv\u00e1 \u010d\u00edsla. Je pravda, \u017ee neexistuje \u017e\u00e1dn\u00fd skute\u010dn\u00fd zp\u016fsob, jak p\u0159edpov\u011bd\u011bt, jak\u00e1 \u010d\u00edsla v lottu vyhraj\u00ed, nicm\u00e9n\u011b je t\u0159eba si vybrat \u010d\u00edsla, kter\u00e1 pro v\u00e1s n\u011bco znamenaj\u00ed.<\/li>\n<li>D\u00e1vejte si pozor na bonusov\u00e1 \u010d\u00edsla. A to je n\u011bco, na co spousta hr\u00e1\u010d\u016f opravdu nep\u0159ijde; skute\u010dnost, \u017ee jackpot nen\u00ed v\u0161e, co m\u016f\u017eete vyhr\u00e1t. Pr\u00e1v\u011b bonusov\u00e9 \u010d\u00edslo rozhoduje o v\u00fdh\u0159e druh\u00e9 \u00farovn\u011b, kter\u00e1 je tak\u00e9 slu\u0161nou sumou, s n\u00ed\u017e m\u016f\u017eete odej\u00edt dom\u016f.<\/li>\n<li>Nenechte si uj\u00edt slosov\u00e1n\u00ed. Pokud jste v t\u00e9to h\u0159e proto, abyste vyhr\u00e1li, pak byste se m\u011bli soust\u0159edit na \u00fa\u010dast ve slosov\u00e1n\u00edch. New York lotto m\u00e1 dv\u011b losov\u00e1n\u00ed t\u00fddn\u011b, ve st\u0159edu a v sobotu. Sna\u017ete se p\u0159ihl\u00e1sit do obou slosov\u00e1n\u00ed. Do slosov\u00e1n\u00ed se m\u016f\u017eete p\u0159ihl\u00e1sit i n\u011bkolik t\u00fddn\u016f p\u0159edem (pozd\u011bji v\u00e1m uk\u00e1\u017eeme, jak na to).<\/li>\n<\/ul>\n<h2>Offline vs. online<\/h2>\n<p><img loading=\"lazy\" decoding=\"async\" class=\"alignright size-full wp-image-31505\" src=\"https:\/\/jackpotlotteryonline.com\/wp-content\/uploads\/2022\/11\/lotto2-300x84-1.png\" alt=\"Hr\u00e1t New York lotto online\" width=\"300\" height=\"84\" \/><\/p>\n<p>Jak\u00fd je rozd\u00edl mezi hran\u00edm loterie online a offline a existuj\u00ed n\u011bjak\u00e9 v\u00fdhody? Ano, tyto ot\u00e1zky sl\u00fdch\u00e1me \u010dasto a jsou to ot\u00e1zky opr\u00e1vn\u011bn\u00e9. Pokud \u017eijete nap\u0159\u00edklad v New Yorku, je p\u0159irozen\u00e9, \u017ee v\u00e1s zaj\u00edm\u00e1, jestli je n\u011bjak\u00e1 v\u00fdhoda p\u0159ihl\u00e1sit se do loterie online. No, jednu v\u00e1m m\u016f\u017eeme d\u00e1t: pohodl\u00ed.<\/p>\n<p>Snaha zjistit, kter\u00fd prodejce prod\u00e1v\u00e1 jak\u00fd los, m\u016f\u017ee b\u00fdt stresuj\u00edc\u00ed, zejm\u00e9na kdy\u017e m\u00e1te jen p\u00e1r minut \u010dasu, ne\u017e se prodej los\u016f uzav\u0159e. Nav\u00edc se mo\u017en\u00e1 budete cht\u00edt p\u0159ihl\u00e1sit do v\u00edce loteri\u00ed a to se stane nep\u0159ehledn\u00fdm, pokud budete muset p\u0159ech\u00e1zet od jednoho prodejce k druh\u00e9mu.<\/p>\n<p>Hran\u00ed loterie online poskytuje s\u00e1zej\u00edc\u00edm pohodl\u00ed, o kter\u00e9m se jim dosud ani nesnilo. P\u0159\u00edmo z pohodl\u00ed po\u010d\u00edta\u010de nebo mobiln\u00edho za\u0159\u00edzen\u00ed si m\u016f\u017eete koupit losy, zkontrolovat v\u00fdsledky losov\u00e1n\u00ed a vyplatit p\u0159\u00edpadn\u00e9 v\u00fdhry. Jakmile jednou vyzkou\u0161\u00edte hran\u00ed loterie online, u\u017e nebude cesty zp\u011bt, to v\u00e1m m\u016f\u017eeme zaru\u010dit.<\/p>\n<h2>Jak hr\u00e1t online<\/h2>\n<p>A\u0165 u\u017e jste zku\u0161en\u00fd s\u00e1zej\u00edc\u00ed, nebo nov\u00e1\u010dek, vstup do loterie online je rychl\u00fd, jednoduch\u00fd a zcela p\u0159\u00edmo\u010dar\u00fd. Pokud hrajete New York lotto, zde jsou n\u00ed\u017ee uveden\u00e9 kroky:<\/p>\n<p>Klikn\u011bte na loterii, kterou chcete hr\u00e1t.<\/p>\n<ul>\n<li>Vyberte si 6 \u010d\u00edsel z rozsahu 1 a\u017e 59. Existuje i sedm\u00e9 \u010d\u00edslo, ale to je n\u00e1hodn\u011b vylosov\u00e1no loterijn\u00ed spole\u010dnost\u00ed a nen\u00ed sou\u010d\u00e1st\u00ed va\u0161eho tiketu.<\/li>\n<li><a href=\"https:\/\/jackpotlotteryonline.com\/cs\/vyherni-cisla\/new-york-lottery\">Zadejte losov\u00e1n\u00ed<\/a>, kter\u00e1 se konaj\u00ed ka\u017ed\u00fd t\u00fdden ve st\u0159edu a v sobotu. M\u016f\u017eete se z\u00fa\u010dastnit jen jednoho losov\u00e1n\u00ed nebo obou.<\/li>\n<li>Dokon\u010dete svou platbu. V\u011bt\u0161ina loterijn\u00edch str\u00e1nek po v\u00e1s bude cht\u00edt, abyste se zaregistrovali, abyste mohli dokon\u010dit platbu. Je to proto, abyste po zakoupen\u00ed tiketu m\u011bli k n\u011bmu snadn\u00fd p\u0159\u00edstup.<\/li>\n<li>Hran\u00ed loterie online je opravdu tak jednoduch\u00e9. Vzhledem k tomu, \u017ee neexistuje \u017e\u00e1dn\u00fd jin\u00fd zp\u016fsob, jak z\u00edskat losy do loterie New York mimo st\u00e1t New York v USA, je to fantastick\u00e1 metoda i v p\u0159\u00edpad\u011b, \u017ee \u017eijete v jin\u00e9 \u010d\u00e1sti sv\u011bta.<\/li>\n<\/ul>\n<section class=\"layout\" style=\"border: solid 1px; width: 100%;\">\n<div class=\"img-div\" style=\"margin-top: 5px;\"><img decoding=\"async\" class=\"wp-image-17212 alignleft\" style=\"height: 45px; margin: 8px 8px 0px;\" src=\"https:\/\/jackpotlotteryonline.com\/wp-content\/uploads\/2022\/11\/read1.jpg\" alt=\"P\u0159e\u010dt\u011bte si \" width=\"\" height=\"\" \/><\/div>\n<div style=\"padding-left: 5px;\">\n<div style=\"font-size: 1.1em;\">\n<p><strong>Jak dostanu v\u00fdplatu, kdy\u017e vyhraji v loterii online?<\/strong><\/p>\n<p style=\"font-size: 0.85em; margin-top: -1.5em;\">Takto z\u00edsk\u00e1te sv\u00e9 pen\u00edze, pokud vyhrajete v loterii online\u00a0<a href=\"https:\/\/jackpotlotteryonline.com\/cs\/jak-ziskam-placeno-pokud-vyhraji-loterii-online\"> P\u0159e\u010dt\u011bte si v\u00edce<\/a><\/p>\n<\/div>\n<\/div>\n<\/section>\n<h2>Jak vybrat vylosovan\u00e1 \u010d\u00edsla<\/h2>\n<p>T\u00e9ma v\u00fdb\u011bru v\u00fdhern\u00edch \u010d\u00edsel je slo\u017eit\u00e9, i kdy\u017e p\u0159i bli\u017e\u0161\u00edm pohledu by tomu tak b\u00fdt nem\u011blo. P\u0159\u00edli\u0161 ho komplikuj\u00ed ti, kte\u0159\u00ed v\u00e1m cht\u011bj\u00ed poskytnout takzvan\u00e9 matematick\u00e9 vzorce pro v\u00fdhru v loterii. V\u00e1\u017en\u011b nev\u011b\u0159te \u017e\u00e1dn\u00e9 takzvan\u00e9 v\u011bdeck\u00e9 metod\u011b.<\/p>\n<p>Loterie je hra n\u00e1hody a newyorsk\u00e9 lotto nen\u00ed v\u00fdjimkou. \u010c\u00edsla jsou generov\u00e1na n\u00e1hodn\u011b a s t\u00edm, kdo v loterii vyhraje, m\u00e1 hodn\u011b spole\u010dn\u00e9ho \u0161t\u011bst\u00ed.<\/p>\n<p>S ohledem na to je v\u017edy dobr\u00e9 faktor \u0161t\u011bst\u00ed trochu vyu\u017e\u00edt a vybrat si \u0161\u0165astn\u00e1 \u010d\u00edsla. M\u016f\u017eete si tedy vybrat narozeniny, v\u00fdro\u010d\u00ed, \u010d\u00edsla, kter\u00e1 v\u00e1m p\u0159in\u00e1\u0161ela \u0161t\u011bst\u00ed cel\u00fd \u017eivot, atd. Nebo m\u016f\u017eete jednodu\u0161e pou\u017e\u00edt n\u00e1stroj automatick\u00e9ho gener\u00e1toru na na\u0161ich str\u00e1nk\u00e1ch a n\u00e1hodn\u011b vybrat \u010d\u00edsla. Nakonec je to v\u0161echno o \u0161t\u011bst\u00ed.<\/p>\n<h2>Kde koupit vstupenky na New York lotto<\/h2>\n<p><img loading=\"lazy\" decoding=\"async\" class=\"alignright size-medium wp-image-28913\" src=\"https:\/\/jackpotlotteryonline.com\/wp-content\/uploads\/2022\/11\/1_pick_lottery_numbers-300x200.jpg\" alt=\"koupit losy New York lotto\" width=\"300\" height=\"200\" srcset=\"https:\/\/jackpotlotteryonline.com\/wp-content\/uploads\/2022\/11\/1_pick_lottery_numbers-300x200.jpg 300w, https:\/\/jackpotlotteryonline.com\/wp-content\/uploads\/2022\/11\/1_pick_lottery_numbers.jpg 320w\" sizes=\"auto, (max-width: 300px) 100vw, 300px\" \/><\/p>\n<p>Pokud jste p\u0159ipraveni vstoupit do loterie New York, dal\u0161\u00edm krokem je <a href=\"https:\/\/jackpotlotteryonline.com\/cs\/koupit-vstupenky\/new-york-lottery\">n\u00e1kup los\u016f<\/a>. To m\u016f\u017eete ud\u011blat online na str\u00e1nk\u00e1ch prodejce loterie, jako je jackpotlotteryonline.com. Je d\u016fle\u017eit\u00e9 d\u00e1t si pozor na loterijn\u00ed str\u00e1nky, kter\u00e9 v\u00e1m ne\u0159eknou, jak p\u0159esn\u011b va\u0161e losy z\u00edskaj\u00ed. Takov\u00e9 str\u00e1nky v\u00e1m mohou pouze umo\u017enit vsadit si na v\u00fdsledek loterie, ani\u017e byste se j\u00ed skute\u010dn\u011b z\u00fa\u010dastnili.<\/p>\n<p>Kdy\u017e si koup\u00edte losy od n\u00e1s, na\u0161i agenti v New Yorku v\u00e1m koup\u00ed losy s odpov\u00eddaj\u00edc\u00edmi \u010d\u00edsly. Je to t\u00e9m\u011b\u0159 jako m\u00edt sv\u00e9ho osobn\u00edho loterijn\u00edho agenta v r\u016fzn\u00fdch \u010d\u00e1stech sv\u011bta.<\/p>\n<h2>V\u00fdhern\u00ed \u00farovn\u011b pro loterie New York<\/h2>\n<p>New York lotto m\u00e1 n\u011bkolik \u00farovn\u00ed v\u00fdher. A\u010dkoli v\u011bt\u0161ina s\u00e1zej\u00edc\u00edch usiluje o jackpot a vy byste m\u011bli tak\u00e9, je faktem, \u017ee ne ka\u017ed\u00fd m\u016f\u017ee jackpot vyhr\u00e1t. Nicm\u00e9n\u011b existuje n\u011bkolik dal\u0161\u00edch v\u00fdhern\u00edch kategori\u00ed, kter\u00e9 mohou s\u00e1zej\u00edc\u00ed vyhr\u00e1t.<\/p>\n<p>V\u00fdhra jackpotu tedy za\u010d\u00edn\u00e1 na 2 milionech dolar\u016f, ale nenechte se touto \u010d\u00e1stkou zm\u00e1st. Kdy\u017e po losov\u00e1n\u00ed nen\u00ed \u017e\u00e1dn\u00fd v\u00fdherce, v\u00fdhra se p\u0159eklop\u00ed a za\u010dne jen r\u016fst a r\u016fst. Nejv\u011bt\u0161\u00ed jackpot, kter\u00fd kdy tato loterie z\u00edskala, \u010dinil \u00fa\u017easn\u00fdch 176 milion\u016f dolar\u016f. Ano, naprosto m\u011bn\u00edc\u00ed \u017eivot.<\/p>\n<p>\u00darove\u0148 1 (jackpot) &#8211; padne v\u0161ech 6 vylosovan\u00fdch \u010d\u00edsel<\/p>\n<p>\u00darove\u0148 2 &#8211; padne 5 \u010d\u00edsel + bonusov\u00e9 \u010d\u00edslo<\/p>\n<p>\u00darove\u0148 3 &#8211; padne 5 \u010d\u00edsel<\/p>\n<p>\u00darove\u0148 4 &#8211; shoda se 4 \u010d\u00edsly<\/p>\n<p>Stupe\u0148 5 &#8211; padnou 3 \u010d\u00edsla<\/p>\n<h2>V\u00fdhra a vyplacen\u00ed pen\u011bz<\/h2>\n<p>Vyhr\u00e1t New York lotto znamen\u00e1 m\u00edt tiket, kter\u00fd odpov\u00edd\u00e1 vylosovan\u00fdm \u010d\u00edsl\u016fm. Ten, kdo se shoduje s vylosovan\u00fdmi \u010d\u00edsly, vyhr\u00e1v\u00e1 loterii. Chcete-li zjistit, zda jste vyhr\u00e1li v loterii, mus\u00edte zkontrolovat v\u00fdsledky losov\u00e1n\u00ed. Pokud jste u n\u00e1s zaregistrov\u00e1ni, za\u0161leme v\u00e1m e-mail, pokud vyhrajete.<\/p>\n<p>Pokud si u n\u00e1s zakoup\u00edte losy, m\u016f\u017eete si v\u00fdhru snadno vybrat z na\u0161\u00ed platformy na sv\u016fj \u00fa\u010det. Pokud vyhrajete 2500 eur nebo m\u00e9n\u011b, m\u016f\u017eete si pen\u00edze vybrat jednoduch\u00fdm kliknut\u00edm. Pokud je to v\u00edce, za\u0161leme v\u00e1m formul\u00e1\u0159 pro uplatn\u011bn\u00ed n\u00e1roku, kter\u00fd vypln\u00edte, a pot\u00e9 v\u00e1m pom\u016f\u017eeme s vy\u0159\u00edzen\u00edm va\u0161\u00ed v\u00fdhry.<\/p>\n<p>Projd\u011bte si tikety do loterie New York nyn\u00ed na jackpotlotteryonline.com.<\/p>\n","protected":false},"excerpt":{"rendered":"<p>Historie newyorsk\u00e9ho lota je prosycena dobr\u00fdmi skutky a celkov\u011b pozitivn\u00edm p\u0159\u00edstupem. Jako loterie, kter\u00e1 vznikla jako zp\u016fsob, jak pomoci vzd\u011bl\u00e1v\u00e1n\u00ed ve st\u00e1t\u011b, je dobrou volbou pro s\u00e1zej\u00edc\u00ed, kte\u0159\u00ed maj\u00ed r\u00e1di trochu altruismu spolu se z\u00e1bavou. V podstat\u011b, pokud chcete loterii, kter\u00e1 v\u00e1m umo\u017en\u00ed m\u00edt pocit, \u017ee p\u0159isp\u00edv\u00e1te sv\u011btu n\u011b\u010d\u00edm dobr\u00fdm, pak byste m\u011bli zv\u00e1\u017eit lotto [&hellip;]<\/p>\n","protected":false},"author":1,"featured_media":0,"parent":35538,"menu_order":14,"comment_status":"closed","ping_status":"closed","template":"newyork.php","meta":{"_et_pb_use_builder":"","_et_pb_old_content":"","_et_gb_content_width":"","exclude_from_search":false,"footnotes":""},"class_list":["post-39690","page","type-page","status-publish","hentry"],"yoast_head":"<!-- This site is optimized with the Yoast SEO plugin v23.3 - https:\/\/yoast.com\/wordpress\/plugins\/seo\/ -->\n<title>Jak hr\u00e1t lotto New York odkudkoli<\/title>\n<meta name=\"description\" content=\"Bez ohledu na to, kde se nach\u00e1z\u00edte, m\u016f\u017eete se do loterie New York lotto p\u0159ihl\u00e1sit online. V\u00edce informac\u00ed o tom, jak hr\u00e1t a vyhr\u00e1t, najdete zde.\" \/>\n<meta name=\"robots\" content=\"index, follow, max-snippet:-1, max-image-preview:large, max-video-preview:-1\" \/>\n<link rel=\"canonical\" href=\"https:\/\/jackpotlotteryonline.com\/cs\/jak-hrat\/new-york-lottery-2\/\" \/>\n<meta property=\"og:locale\" content=\"cs_CZ\" \/>\n<meta property=\"og:type\" content=\"article\" \/>\n<meta property=\"og:title\" content=\"Jak hr\u00e1t lotto New York odkudkoli\" \/>\n<meta property=\"og:description\" content=\"Bez ohledu na to, kde se nach\u00e1z\u00edte, m\u016f\u017eete se do loterie New York lotto p\u0159ihl\u00e1sit online. V\u00edce informac\u00ed o tom, jak hr\u00e1t a vyhr\u00e1t, najdete zde.\" \/>\n<meta property=\"og:url\" content=\"https:\/\/jackpotlotteryonline.com\/cs\/jak-hrat\/new-york-lottery-2\/\" \/>\n<meta property=\"og:site_name\" content=\"Lotto Online - Crack The International Lottery Jackpots\" \/>\n<meta property=\"article:modified_time\" content=\"2023-01-03T10:11:15+00:00\" \/>\n<meta property=\"og:image\" content=\"https:\/\/jackpotlotteryonline.com\/wp-content\/uploads\/2022\/11\/lotto2-300x84-1.png\" \/>\n<meta name=\"twitter:card\" content=\"summary_large_image\" \/>\n<meta name=\"twitter:label1\" content=\"Odhadovan\u00e1 doba \u010dten\u00ed\" \/>\n\t<meta name=\"twitter:data1\" content=\"6 minut\" \/>\n<!-- \/ Yoast SEO plugin. -->","yoast_head_json":{"title":"Jak hr\u00e1t lotto New York odkudkoli","description":"Bez ohledu na to, kde se nach\u00e1z\u00edte, m\u016f\u017eete se do loterie New York lotto p\u0159ihl\u00e1sit online. V\u00edce informac\u00ed o tom, jak hr\u00e1t a vyhr\u00e1t, najdete zde.","robots":{"index":"index","follow":"follow","max-snippet":"max-snippet:-1","max-image-preview":"max-image-preview:large","max-video-preview":"max-video-preview:-1"},"canonical":"https:\/\/jackpotlotteryonline.com\/cs\/jak-hrat\/new-york-lottery-2\/","og_locale":"cs_CZ","og_type":"article","og_title":"Jak hr\u00e1t lotto New York odkudkoli","og_description":"Bez ohledu na to, kde se nach\u00e1z\u00edte, m\u016f\u017eete se do loterie New York lotto p\u0159ihl\u00e1sit online. V\u00edce informac\u00ed o tom, jak hr\u00e1t a vyhr\u00e1t, najdete zde.","og_url":"https:\/\/jackpotlotteryonline.com\/cs\/jak-hrat\/new-york-lottery-2\/","og_site_name":"Lotto Online - Crack The International Lottery Jackpots","article_modified_time":"2023-01-03T10:11:15+00:00","og_image":[{"url":"https:\/\/jackpotlotteryonline.com\/wp-content\/uploads\/2022\/11\/lotto2-300x84-1.png"}],"twitter_card":"summary_large_image","twitter_misc":{"Odhadovan\u00e1 doba \u010dten\u00ed":"6 minut"},"schema":{"@context":"https:\/\/schema.org","@graph":[{"@type":"WebPage","@id":"https:\/\/jackpotlotteryonline.com\/cs\/jak-hrat\/new-york-lottery-2\/","url":"https:\/\/jackpotlotteryonline.com\/cs\/jak-hrat\/new-york-lottery-2\/","name":"Jak hr\u00e1t lotto New York odkudkoli","isPartOf":{"@id":"https:\/\/jackpotlotteryonline.com\/#website"},"primaryImageOfPage":{"@id":"https:\/\/jackpotlotteryonline.com\/cs\/jak-hrat\/new-york-lottery-2\/#primaryimage"},"image":{"@id":"https:\/\/jackpotlotteryonline.com\/cs\/jak-hrat\/new-york-lottery-2\/#primaryimage"},"thumbnailUrl":"https:\/\/jackpotlotteryonline.com\/wp-content\/uploads\/2022\/11\/lotto2-300x84-1.png","datePublished":"2022-11-29T07:03:47+00:00","dateModified":"2023-01-03T10:11:15+00:00","description":"Bez ohledu na to, kde se nach\u00e1z\u00edte, m\u016f\u017eete se do loterie New York lotto p\u0159ihl\u00e1sit online. V\u00edce informac\u00ed o tom, jak hr\u00e1t a vyhr\u00e1t, najdete zde.","breadcrumb":{"@id":"https:\/\/jackpotlotteryonline.com\/cs\/jak-hrat\/new-york-lottery-2\/#breadcrumb"},"inLanguage":"cs","potentialAction":[{"@type":"ReadAction","target":["https:\/\/jackpotlotteryonline.com\/cs\/jak-hrat\/new-york-lottery-2\/"]}]},{"@type":"ImageObject","inLanguage":"cs","@id":"https:\/\/jackpotlotteryonline.com\/cs\/jak-hrat\/new-york-lottery-2\/#primaryimage","url":"https:\/\/jackpotlotteryonline.com\/wp-content\/uploads\/2022\/11\/lotto2-300x84-1.png","contentUrl":"https:\/\/jackpotlotteryonline.com\/wp-content\/uploads\/2022\/11\/lotto2-300x84-1.png"},{"@type":"BreadcrumbList","@id":"https:\/\/jackpotlotteryonline.com\/cs\/jak-hrat\/new-york-lottery-2\/#breadcrumb","itemListElement":[{"@type":"ListItem","position":1,"name":"Home","item":"https:\/\/jackpotlotteryonline.com\/cs\/"},{"@type":"ListItem","position":2,"name":"Jak hr\u00e1t","item":"https:\/\/jackpotlotteryonline.com\/play-online\/"},{"@type":"ListItem","position":3,"name":"Hr\u00e1t New York lotto online"}]},{"@type":"WebSite","@id":"https:\/\/jackpotlotteryonline.com\/#website","url":"https:\/\/jackpotlotteryonline.com\/","name":"Lotto Online - Crack The International Lottery Jackpots","description":"","potentialAction":[{"@type":"SearchAction","target":{"@type":"EntryPoint","urlTemplate":"https:\/\/jackpotlotteryonline.com\/?s={search_term_string}"},"query-input":"required name=search_term_string"}],"inLanguage":"cs"}]}},"_links":{"self":[{"href":"https:\/\/jackpotlotteryonline.com\/cs\/wp-json\/wp\/v2\/pages\/39690","targetHints":{"allow":["GET"]}}],"collection":[{"href":"https:\/\/jackpotlotteryonline.com\/cs\/wp-json\/wp\/v2\/pages"}],"about":[{"href":"https:\/\/jackpotlotteryonline.com\/cs\/wp-json\/wp\/v2\/types\/page"}],"author":[{"embeddable":true,"href":"https:\/\/jackpotlotteryonline.com\/cs\/wp-json\/wp\/v2\/users\/1"}],"replies":[{"embeddable":true,"href":"https:\/\/jackpotlotteryonline.com\/cs\/wp-json\/wp\/v2\/comments?post=39690"}],"version-history":[{"count":0,"href":"https:\/\/jackpotlotteryonline.com\/cs\/wp-json\/wp\/v2\/pages\/39690\/revisions"}],"up":[{"embeddable":true,"href":"https:\/\/jackpotlotteryonline.com\/cs\/wp-json\/wp\/v2\/pages\/35538"}],"wp:attachment":[{"href":"https:\/\/jackpotlotteryonline.com\/cs\/wp-json\/wp\/v2\/media?parent=39690"}],"curies":[{"name":"wp","href":"https:\/\/api.w.org\/{rel}","templated":true}]}}