{"id":40293,"date":"2022-12-02T09:38:30","date_gmt":"2022-12-02T09:38:30","guid":{"rendered":"https:\/\/jackpotlotteryonline.com\/?page_id=40293"},"modified":"2022-12-19T14:43:43","modified_gmt":"2022-12-19T14:43:43","slug":"mega-millions","status":"publish","type":"page","link":"https:\/\/jackpotlotteryonline.com\/cs\/koupit-vstupenky\/mega-millions\/","title":{"rendered":"Losy Mega Millions"},"content":{"rendered":"<h2>Jak si m\u016f\u017eete koupit tiket Mega Millions online?<\/h2>\n<p>Pokud \u010dtete tento \u010dl\u00e1nek, pravd\u011bpodobn\u011b m\u00e1te z\u00e1jem o koupi tiketu Mega Millions. Mega Millions je jednou z mnoha loteri\u00ed, kter\u00e9 sv\u00fdm v\u00fdherc\u016fm nab\u00edzej\u00ed vysok\u00e9 v\u00fdhry. Mo\u017en\u00e1 se nyn\u00ed pt\u00e1te: &#8220;Jak si mohu koupit tiket Mega Millions online?&#8221;.<\/p>\n<p>Dob\u0159e, m\u00e1me pro v\u00e1s \u0159e\u0161en\u00ed. Zde je pr\u016fvodce, kter\u00fd v\u00e1m pom\u016f\u017ee koupit tiket Mega Millions online.<\/p>\n<h2>Pro\u010d kupovat tikety Mega Millions online?<\/h2>\n<p><img loading=\"lazy\" decoding=\"async\" class=\"alignright size-full wp-image-31073\" src=\"http:\/\/jackpotlotteryonline.com\/wp-content\/uploads\/2022\/11\/logo_Mega_Millions_233x110.png\" alt=\"koupit tiket mega miliony online\" width=\"232\" height=\"110\" \/>Mega Million je americk\u00e1 loterie s velk\u00fdmi, \u017eivot m\u011bn\u00edc\u00edmi jackpoty, kter\u00e9 \u010dasto dosahuj\u00ed stovek milion\u016f liber. V\u00fdhra v tomto jackpotu v\u00e1m m\u016f\u017ee p\u0159es noc zm\u011bnit \u017eivot, ale pouze v p\u0159\u00edpad\u011b, \u017ee budete m\u00edt \u0161t\u011bst\u00ed a v\u0161echna v\u00fdhern\u00ed \u010d\u00edsla padnou spr\u00e1vn\u011b.<\/p>\n<p>Pokud pl\u00e1nujete <a href=\"https:\/\/jackpotlotteryonline.com\/cs\/jak-hrat\/mega-millions\">hr\u00e1t tuto loterii online<\/a>, znamen\u00e1 to, \u017ee tikety budeme kupovat va\u0161\u00edm jm\u00e9nem prost\u0159ednictv\u00edm na\u0161ich m\u00edstn\u00edch obchodn\u00edch z\u00e1stupc\u016f. Jsme d\u016fv\u011bryhodn\u00fd poskytovatel slu\u017eeb concierge, kter\u00fd tyto slu\u017eby poskytuje sv\u00fdm z\u00e1kazn\u00edk\u016fm po cel\u00e9m sv\u011bt\u011b. Zaji\u0161\u0165ujeme, aby na\u0161i z\u00e1kazn\u00edci dostali ty nejlep\u0161\u00ed slu\u017eby, tak pro\u010d nenakoupit u n\u00e1s?<\/p>\n<p>Vzhledem k tomu, \u017ee Mega Millions je obrovsk\u00fd jackpot a \u00fa\u010dastn\u00ed se ho mnoho lid\u00ed, jsou \u0161ance na v\u00fdhru pom\u011brn\u011b vysok\u00e9 a v\u011bt\u0161ina lid\u00ed hled\u00e1 metody, kter\u00e9 mohou pou\u017e\u00edt, aby zv\u00fd\u0161ili sv\u00e9 \u0161ance na v\u00fdhru v tomto jackpotu.<\/p>\n<p>Jedn\u00edm ze zp\u016fsob\u016f, jak zv\u00fd\u0161it sv\u00e9 \u0161ance, je koupit si tiket Mega Millions online. M\u016f\u017eete to ud\u011blat na na\u0161ich webov\u00fdch str\u00e1nk\u00e1ch tak, \u017ee si jednodu\u0161e objedn\u00e1te tiket odkudkoli na sv\u011bt\u011b a na va\u0161em \u00fa\u010dtu bude k dispozici sken tiketu Mega Millions. P\u0159i n\u00e1kupu tiketu Mega Millions online se nemus\u00edte ob\u00e1vat ztr\u00e1ty nebo kr\u00e1de\u017ee tiketu, proto\u017ee \u00fadaje o va\u0161em tiketu budou bezpe\u010dn\u011b ulo\u017eeny.<\/p>\n<p>N\u00e1kup tiketu Mega Millions online je tak\u00e9 pohodln\u011bj\u0161\u00ed ne\u017e n\u00e1v\u0161t\u011bva kamenn\u00e9ho obchodu, proto\u017ee objedn\u00e1vku m\u016f\u017eete prov\u00e9st z pohodl\u00ed domova odkudkoli na sv\u011bt\u011b. P\u0159i \u010dek\u00e1n\u00ed na losov\u00e1n\u00ed se t\u00e9to loterie Mega Millions z\u00fa\u010dastn\u00edte stejn\u011b jako obyvatel\u00e9 USA.<\/p>\n<h2>Postup n\u00e1kupu tiket\u016f Mega Millions online<\/h2>\n<p>Ne\u017e si u n\u00e1s koup\u00edte tiket Mega Millions, m\u011bli byste v\u011bd\u011bt, \u017ee budeme fungovat jako prost\u0159edn\u00edk mezi v\u00e1mi a loteri\u00ed, co\u017e v\u00e1m umo\u017en\u00ed hr\u00e1t a kupovat tikety online, ani\u017e byste museli nav\u0161t\u00edvit fyzickou prodejnu loterie.<\/p>\n<p>Jste nyn\u00ed p\u0159ipraveni koupit si tiket Mega Millions online? Pokud ano, n\u00ed\u017ee uv\u00e1d\u00edme n\u011bkolik krok\u016f, kter\u00e9 je t\u0159eba dodr\u017eet, aby byl v\u00e1\u0161 n\u00e1kup tiketu \u00fasp\u011b\u0161n\u00fd.<\/p>\n<p><strong>1. Vytvo\u0159te si \u00fa\u010det.<\/strong><br \/>\n<img loading=\"lazy\" decoding=\"async\" class=\"alignright size-full wp-image-34025\" src=\"http:\/\/jackpotlotteryonline.com\/wp-content\/uploads\/2022\/11\/2_ticket_mega_millions3-1.jpg\" alt=\"koupit tiket mega miliony online\" width=\"180\" height=\"193\" \/>Pokud jste nov\u00e1\u010dkem, budete p\u0159esm\u011brov\u00e1ni na registra\u010dn\u00ed str\u00e1nku, kde uvedete po\u017eadovan\u00e9 \u00fadaje. Po \u00fasp\u011b\u0161n\u00e9m vytvo\u0159en\u00ed hr\u00e1\u010dsk\u00e9ho \u00fa\u010dtu p\u0159ejd\u011bte na str\u00e1nku loterie Mega Millions a prove\u010fte n\u00e1sleduj\u00edc\u00ed kroky:<\/p>\n<p>Vyberte \u010d\u00edsla, se kter\u00fdmi chcete hr\u00e1t. M\u016f\u017eete to ud\u011blat bu\u010f ru\u010dn\u011b, nebo pou\u017e\u00edt n\u00e1\u0161 gener\u00e1tor n\u00e1hodn\u00fdch \u010d\u00edsel, kter\u00fd \u010d\u00edsla vybere n\u00e1hodn\u011b.<\/p>\n<p>Pot\u00e9 vyberte po\u010det losov\u00e1n\u00ed, kter\u00fdch se chcete z\u00fa\u010dastnit. M\u016f\u017eete si vybrat bu\u010f jedno losov\u00e1n\u00ed, nebo si zakoupit tikety pro v\u00edce losov\u00e1n\u00ed. \u00da\u010dast ve v\u00edce taz\u00edch zvy\u0161uje va\u0161e \u0161ance na v\u00fdhru jackpotu Mega Millions.<\/p>\n<p><strong>2. Klikn\u011bte na tla\u010d\u00edtko &#8220;Pokra\u010dovat&#8221; a p\u0159ejd\u011bte na pokladn\u00ed str\u00e1nku.<\/strong><\/p>\n<p><strong>3. Zp\u016fsoby platby<\/strong><\/p>\n<p>P\u0159ejd\u011bte na platebn\u00ed str\u00e1nku a zapla\u0165te za tikety. Po n\u011bjak\u00e9 dob\u011b se na v\u00e1\u0161 \u00fa\u010det nahraje sken va\u0161eho tiketu Mega Millions.<\/p>\n<p><strong>4. Nyn\u00ed u\u017e jen sta\u010d\u00ed po\u010dkat na losov\u00e1n\u00ed, kter\u00e1 se konaj\u00ed ka\u017ed\u00e9 \u00fater\u00fd a p\u00e1tek ve 23:00.<\/strong> \u010casov\u00e1 p\u00e1sma se mohou li\u0161it, proto doporu\u010dujeme, abyste si p\u0159i \u010dek\u00e1n\u00ed na<a href=\"https:\/\/jackpotlotteryonline.com\/cs\/vyherni-cisla\/mega-millions\"> losov\u00e1n\u00ed<\/a> potvrdili \u010dasov\u00e9 p\u00e1smo.<\/p>\n<h2>Co se stane po v\u00fdh\u0159e jackpotu Mega Millions?<\/h2>\n<p>Pokud jste spr\u00e1vn\u011b vylosovali v\u0161echna \u010d\u00edsla, mo\u017en\u00e1 v\u00e1s zaj\u00edm\u00e1, co m\u00e1te d\u011blat d\u00e1l nebo jak obdr\u017e\u00edte svou v\u00fdhru. Obdr\u017e\u00edte celou v\u00fdhru a nebudete muset cestovat do USA, abyste si vyzvedli svou odm\u011bnu Mega Millions. V\u011bzte jen, \u017ee sken tiketu bude slou\u017eit jako doklad o \u00fa\u010dasti, tak\u017ee si ho uschovejte; budete ho pot\u0159ebovat.<\/p>\n<section class=\"layout\" style=\"border: solid 1px; width: 100%;\">\n<div class=\"img-div\" style=\"margin-top: 5px;\"><img decoding=\"async\" class=\"wp-image-17212 alignleft\" style=\"height: 45px; margin: 8px 8px 0px;\" src=\"http:\/\/jackpotlotteryonline.com\/wp-content\/uploads\/2022\/11\/read1.jpg\" alt=\"odm\u011b\u0148ov\u00e1n\u00ed v\u00edt\u011bze\" width=\"\" height=\"\" \/><\/div>\n<div style=\"padding-left: 5px;\">\n<div style=\"font-size: 1.1em;\">\n<p><strong>Jak dostanu v\u00fdplatu, kdy\u017e vyhraji v loterii online?<\/strong><\/p>\n<p style=\"font-size: 0.85em; margin-top: -1.5em;\">Takto z\u00edsk\u00e1te sv\u00e9 pen\u00edze, pokud vyhrajete v loterii online \u00a0<a href=\"https:\/\/jackpotlotteryonline.com\/cs\/jak-ziskam-placeno-pokud-vyhraji-loterii-online\">P\u0159e\u010dt\u011bte si v\u00edce<\/a><\/p>\n<\/div>\n<\/div>\n<\/section>\n<h2>Tipy, kter\u00e9 v\u00e1m pomohou odej\u00edt s jackpotem Mega Millions<\/h2>\n<p><img loading=\"lazy\" decoding=\"async\" class=\"size-medium wp-image-29858 alignright\" src=\"http:\/\/jackpotlotteryonline.com\/wp-content\/uploads\/2022\/11\/1_win_euromillions_lottery-300x164.jpg\" alt=\"koupit tiket mega miliony online\" width=\"300\" height=\"164\" srcset=\"https:\/\/jackpotlotteryonline.com\/wp-content\/uploads\/2022\/11\/1_win_euromillions_lottery-300x164.jpg 300w, https:\/\/jackpotlotteryonline.com\/wp-content\/uploads\/2022\/11\/1_win_euromillions_lottery.jpg 350w\" sizes=\"auto, (max-width: 300px) 100vw, 300px\" \/>Pokud se chyst\u00e1te hr\u00e1t loterii Mega Millions a vyhr\u00e1t jackpot, m\u011bli byste zv\u00e1\u017eit n\u011bkolik v\u011bc\u00ed, kter\u00e9 zv\u00fd\u0161\u00ed va\u0161e \u0161ance na v\u00fdhru.<\/p>\n<p>Za prv\u00e9, pro za\u010d\u00e1tek si pe\u010dliv\u011b vyb\u00edrejte \u010d\u00edsla. Nevyb\u00edrejte si \u010d\u00edsla, kter\u00e1 jsou p\u0159\u00edli\u0161 \u010dast\u00e1; m\u00edsto toho zva\u017ete pou\u017eit\u00ed bu\u010f sv\u00fdch \u0161\u0165astn\u00fdch \u010d\u00edsel, nebo n\u00e1hodn\u00fd v\u00fdb\u011br \u010d\u00edsel. Ujist\u011bte se, \u017ee jsou rovnom\u011brn\u011b rozlo\u017eena, abyste se vyhnuli v\u00fdb\u011bru stejn\u00fdch \u010d\u00edsel jako ostatn\u00ed hr\u00e1\u010di.<\/p>\n<p>Zadruh\u00e9 porovnejte posledn\u00ed v\u00fdhern\u00ed \u010d\u00edsla a prostudujte \u010d\u00edseln\u00e9 vzorce. Z v\u00e1mi vybran\u00fdch \u010d\u00edsel vylu\u010dte ta, kter\u00e1 byla vylosov\u00e1na ned\u00e1vno.<\/p>\n<p>Tak\u00e9 prostudujte vzorec nej\u010dast\u011bj\u0161\u00edch v\u00fdhern\u00edch \u010d\u00edsel a ozna\u010dte je jako \u010d\u00edsla s nejvy\u0161\u0161\u00ed \u010detnost\u00ed v\u00fdher. Po jejich pozorov\u00e1n\u00ed rozd\u011blte n\u011bkter\u00e1 z nich podle v\u00e1mi vybran\u00fdch \u010d\u00edsel.<\/p>\n<p>V neposledn\u00ed \u0159ad\u011b m\u00e1te mo\u017enost hr\u00e1t loterii Mega Millions v syndik\u00e1tu. To znamen\u00e1, \u017ee si tikety zakoup\u00edte jako skupina a v\u0161echny v\u00fdhry se rozd\u011bl\u00ed rovn\u00fdm d\u00edlem mezi v\u0161echny z\u00fa\u010dastn\u011bn\u00e9 hr\u00e1\u010de. Je to skv\u011bl\u00e1 metoda, jak zv\u00fd\u0161it sv\u00e9 \u0161ance na v\u00fdhru jackpotu.<\/p>\n<p>Pokud budete hr\u00e1t Mega Millions a z\u00e1rove\u0148 zohledn\u00edte v\u00fd\u0161e uveden\u00e9 tipy, kdo v\u00ed? Mo\u017en\u00e1 budete dal\u0161\u00edm v\u00fdhercem, kter\u00fd jackpot z\u00edsk\u00e1. Zkuste sv\u00e9 \u0161t\u011bst\u00ed je\u0161t\u011b dnes!<\/p>\n<h2>Z\u00e1v\u011br<\/h2>\n<p>Pokud nejste obyvateli USA a douf\u00e1te, \u017ee jackpot Mega Millions z\u00edsk\u00e1te, pak je pro v\u00e1s nejlep\u0161\u00ed mo\u017enost\u00ed koupit si tiket Mega Millions online. T\u00e9to loterie se m\u016f\u017eete z\u00fa\u010dastnit z kter\u00e9koli zem\u011b sv\u011bta. Tak na co je\u0161t\u011b \u010dek\u00e1te? Zakupte si tikety je\u0161t\u011b dnes a z\u00edskejte \u0161anci st\u00e1t se \u0161\u0165astn\u00fdm v\u00fdhercem jackpotu.<\/p>\n<p>Dal\u0161\u00ed informace o t\u00e9to loterii naleznete na na\u0161\u00ed str\u00e1nce s nej\u010dast\u011bj\u0161\u00edmi dotazy nebo n\u00e1m za\u0161lete sv\u016fj dotaz a n\u00e1\u0161 t\u00fdm z\u00e1kaznick\u00e9 podpory v\u00e1m odpov\u00ed p\u0159\u00edslu\u0161n\u00fdmi informacemi. Mezit\u00edm m\u016f\u017eete b\u00fdt tak\u00e9 zkoumat dal\u0161\u00ed loterie dostupn\u00e9 na na\u0161ich webov\u00fdch str\u00e1nk\u00e1ch, a pokud m\u00e1te z\u00e1jem, sta\u010d\u00ed stisknout tla\u010d\u00edtko Play a vyhr\u00e1t i v jin\u00fdch loteri\u00edch.<\/p>\n","protected":false},"excerpt":{"rendered":"<p>Jak si m\u016f\u017eete koupit tiket Mega Millions online? Pokud \u010dtete tento \u010dl\u00e1nek, pravd\u011bpodobn\u011b m\u00e1te z\u00e1jem o koupi tiketu Mega Millions. Mega Millions je jednou z mnoha loteri\u00ed, kter\u00e9 sv\u00fdm v\u00fdherc\u016fm nab\u00edzej\u00ed vysok\u00e9 v\u00fdhry. Mo\u017en\u00e1 se nyn\u00ed pt\u00e1te: &#8220;Jak si mohu koupit tiket Mega Millions online?&#8221;. Dob\u0159e, m\u00e1me pro v\u00e1s \u0159e\u0161en\u00ed. Zde je pr\u016fvodce, kter\u00fd v\u00e1m [&hellip;]<\/p>\n","protected":false},"author":1,"featured_media":0,"parent":35740,"menu_order":1,"comment_status":"closed","ping_status":"closed","template":"megamillion.php","meta":{"_et_pb_use_builder":"","_et_pb_old_content":"","_et_gb_content_width":"","exclude_from_search":false,"footnotes":""},"class_list":["post-40293","page","type-page","status-publish","hentry"],"yoast_head":"<!-- This site is optimized with the Yoast SEO plugin v23.3 - https:\/\/yoast.com\/wordpress\/plugins\/seo\/ -->\n<title>Koupit losy Mega Millions online | Losy Mega Millions z m\u00edst mimo USA<\/title>\n<meta name=\"description\" content=\"Pokud \u017eijete mimo USA, m\u016f\u017eete si l\u00edstky na Mega Millions st\u00e1le koupit online, a to p\u0159\u00edmo zde. Nakupujeme pro v\u00e1s skute\u010dn\u00e9 losy Mega Millions a skenujeme je.\" \/>\n<meta name=\"robots\" content=\"index, follow, max-snippet:-1, max-image-preview:large, max-video-preview:-1\" \/>\n<link rel=\"canonical\" href=\"https:\/\/jackpotlotteryonline.com\/cs\/koupit-vstupenky\/mega-millions\/\" \/>\n<meta property=\"og:locale\" content=\"cs_CZ\" \/>\n<meta property=\"og:type\" content=\"article\" \/>\n<meta property=\"og:title\" content=\"Koupit losy Mega Millions online | Losy Mega Millions z m\u00edst mimo USA\" \/>\n<meta property=\"og:description\" content=\"Pokud \u017eijete mimo USA, m\u016f\u017eete si l\u00edstky na Mega Millions st\u00e1le koupit online, a to p\u0159\u00edmo zde. Nakupujeme pro v\u00e1s skute\u010dn\u00e9 losy Mega Millions a skenujeme je.\" \/>\n<meta property=\"og:url\" content=\"https:\/\/jackpotlotteryonline.com\/cs\/koupit-vstupenky\/mega-millions\/\" \/>\n<meta property=\"og:site_name\" content=\"Lotto Online - Crack The International Lottery Jackpots\" \/>\n<meta property=\"article:modified_time\" content=\"2022-12-19T14:43:43+00:00\" \/>\n<meta property=\"og:image\" content=\"http:\/\/jackpotlotteryonline.com\/wp-content\/uploads\/2022\/11\/logo_Mega_Millions_233x110.png\" \/>\n<meta name=\"twitter:card\" content=\"summary_large_image\" \/>\n<meta name=\"twitter:label1\" content=\"Odhadovan\u00e1 doba \u010dten\u00ed\" \/>\n\t<meta name=\"twitter:data1\" content=\"5 minut\" \/>\n<!-- \/ Yoast SEO plugin. -->","yoast_head_json":{"title":"Koupit losy Mega Millions online | Losy Mega Millions z m\u00edst mimo USA","description":"Pokud \u017eijete mimo USA, m\u016f\u017eete si l\u00edstky na Mega Millions st\u00e1le koupit online, a to p\u0159\u00edmo zde. Nakupujeme pro v\u00e1s skute\u010dn\u00e9 losy Mega Millions a skenujeme je.","robots":{"index":"index","follow":"follow","max-snippet":"max-snippet:-1","max-image-preview":"max-image-preview:large","max-video-preview":"max-video-preview:-1"},"canonical":"https:\/\/jackpotlotteryonline.com\/cs\/koupit-vstupenky\/mega-millions\/","og_locale":"cs_CZ","og_type":"article","og_title":"Koupit losy Mega Millions online | Losy Mega Millions z m\u00edst mimo USA","og_description":"Pokud \u017eijete mimo USA, m\u016f\u017eete si l\u00edstky na Mega Millions st\u00e1le koupit online, a to p\u0159\u00edmo zde. Nakupujeme pro v\u00e1s skute\u010dn\u00e9 losy Mega Millions a skenujeme je.","og_url":"https:\/\/jackpotlotteryonline.com\/cs\/koupit-vstupenky\/mega-millions\/","og_site_name":"Lotto Online - Crack The International Lottery Jackpots","article_modified_time":"2022-12-19T14:43:43+00:00","og_image":[{"url":"http:\/\/jackpotlotteryonline.com\/wp-content\/uploads\/2022\/11\/logo_Mega_Millions_233x110.png"}],"twitter_card":"summary_large_image","twitter_misc":{"Odhadovan\u00e1 doba \u010dten\u00ed":"5 minut"},"schema":{"@context":"https:\/\/schema.org","@graph":[{"@type":"WebPage","@id":"https:\/\/jackpotlotteryonline.com\/cs\/koupit-vstupenky\/mega-millions\/","url":"https:\/\/jackpotlotteryonline.com\/cs\/koupit-vstupenky\/mega-millions\/","name":"Koupit losy Mega Millions online | Losy Mega Millions z m\u00edst mimo USA","isPartOf":{"@id":"https:\/\/jackpotlotteryonline.com\/#website"},"primaryImageOfPage":{"@id":"https:\/\/jackpotlotteryonline.com\/cs\/koupit-vstupenky\/mega-millions\/#primaryimage"},"image":{"@id":"https:\/\/jackpotlotteryonline.com\/cs\/koupit-vstupenky\/mega-millions\/#primaryimage"},"thumbnailUrl":"http:\/\/jackpotlotteryonline.com\/wp-content\/uploads\/2022\/11\/logo_Mega_Millions_233x110.png","datePublished":"2022-12-02T09:38:30+00:00","dateModified":"2022-12-19T14:43:43+00:00","description":"Pokud \u017eijete mimo USA, m\u016f\u017eete si l\u00edstky na Mega Millions st\u00e1le koupit online, a to p\u0159\u00edmo zde. Nakupujeme pro v\u00e1s skute\u010dn\u00e9 losy Mega Millions a skenujeme je.","breadcrumb":{"@id":"https:\/\/jackpotlotteryonline.com\/cs\/koupit-vstupenky\/mega-millions\/#breadcrumb"},"inLanguage":"cs","potentialAction":[{"@type":"ReadAction","target":["https:\/\/jackpotlotteryonline.com\/cs\/koupit-vstupenky\/mega-millions\/"]}]},{"@type":"ImageObject","inLanguage":"cs","@id":"https:\/\/jackpotlotteryonline.com\/cs\/koupit-vstupenky\/mega-millions\/#primaryimage","url":"http:\/\/jackpotlotteryonline.com\/wp-content\/uploads\/2022\/11\/logo_Mega_Millions_233x110.png","contentUrl":"http:\/\/jackpotlotteryonline.com\/wp-content\/uploads\/2022\/11\/logo_Mega_Millions_233x110.png"},{"@type":"BreadcrumbList","@id":"https:\/\/jackpotlotteryonline.com\/cs\/koupit-vstupenky\/mega-millions\/#breadcrumb","itemListElement":[{"@type":"ListItem","position":1,"name":"Home","item":"https:\/\/jackpotlotteryonline.com\/cs\/"},{"@type":"ListItem","position":2,"name":"Jak koupit losy online","item":"https:\/\/jackpotlotteryonline.com\/buy-tickets\/"},{"@type":"ListItem","position":3,"name":"Losy Mega Millions"}]},{"@type":"WebSite","@id":"https:\/\/jackpotlotteryonline.com\/#website","url":"https:\/\/jackpotlotteryonline.com\/","name":"Lotto Online - Crack The International Lottery Jackpots","description":"","potentialAction":[{"@type":"SearchAction","target":{"@type":"EntryPoint","urlTemplate":"https:\/\/jackpotlotteryonline.com\/?s={search_term_string}"},"query-input":"required name=search_term_string"}],"inLanguage":"cs"}]}},"_links":{"self":[{"href":"https:\/\/jackpotlotteryonline.com\/cs\/wp-json\/wp\/v2\/pages\/40293","targetHints":{"allow":["GET"]}}],"collection":[{"href":"https:\/\/jackpotlotteryonline.com\/cs\/wp-json\/wp\/v2\/pages"}],"about":[{"href":"https:\/\/jackpotlotteryonline.com\/cs\/wp-json\/wp\/v2\/types\/page"}],"author":[{"embeddable":true,"href":"https:\/\/jackpotlotteryonline.com\/cs\/wp-json\/wp\/v2\/users\/1"}],"replies":[{"embeddable":true,"href":"https:\/\/jackpotlotteryonline.com\/cs\/wp-json\/wp\/v2\/comments?post=40293"}],"version-history":[{"count":0,"href":"https:\/\/jackpotlotteryonline.com\/cs\/wp-json\/wp\/v2\/pages\/40293\/revisions"}],"up":[{"embeddable":true,"href":"https:\/\/jackpotlotteryonline.com\/cs\/wp-json\/wp\/v2\/pages\/35740"}],"wp:attachment":[{"href":"https:\/\/jackpotlotteryonline.com\/cs\/wp-json\/wp\/v2\/media?parent=40293"}],"curies":[{"name":"wp","href":"https:\/\/api.w.org\/{rel}","templated":true}]}}