{"id":40346,"date":"2022-12-02T13:35:12","date_gmt":"2022-12-02T13:35:12","guid":{"rendered":"https:\/\/jackpotlotteryonline.com\/?page_id=40346"},"modified":"2023-01-01T13:52:20","modified_gmt":"2023-01-01T13:52:20","slug":"oz-lotto","status":"publish","type":"page","link":"https:\/\/jackpotlotteryonline.com\/cs\/jak-hrat\/oz-lotto\/","title":{"rendered":"Hr\u00e1t Oz Lotto online"},"content":{"rendered":"<h2>O programu Oz Lotto<\/h2>\n<p>Oz Lottery je australsk\u00e1 loterie, kter\u00e1 byla zavedena v roce 1994 a kterou spravuje skupina Tatts group. Popularita Oz Lotto vzrostla jak v Austr\u00e1lii, tak na Nov\u00e9m Z\u00e9landu, co\u017e z n\u00ed \u010din\u00ed nejv\u011bt\u0161\u00ed australskou loterijn\u00ed hru. <a href=\"https:\/\/jackpotlotteryonline.com\/cs\/vyherni-cisla\/oz-lotto\">Losov\u00e1n\u00ed Oz Lotto se kon\u00e1<\/a> ka\u017edou st\u0159edu a p\u00e1tek.<\/p>\n<p>N\u00ed\u017ee najdete pr\u016fvodce, kter\u00fd v\u00e1m pom\u016f\u017ee hr\u00e1t Oz Lotto online odkudkoli na sv\u011bt\u011b.<\/p>\n<h2>Jak hr\u00e1t Oz Lotto online<\/h2>\n<p><img loading=\"lazy\" decoding=\"async\" class=\"alignright size-full wp-image-29777\" src=\"http:\/\/jackpotlotteryonline.com\/wp-content\/uploads\/2022\/11\/1_ticket_online_buying.jpg\" alt=\"Hr\u00e1t oz lotto online\" width=\"300\" height=\"203\" \/>Pokud hled\u00e1te vzru\u0161uj\u00edc\u00ed a nap\u00ednavou loterii, kter\u00e9 byste se mohli z\u00fa\u010dastnit, mus\u00edte vyzkou\u0161et australskou hru Oz Lotto. Nab\u00edz\u00edme hr\u00e1\u010d\u016fm mo\u017enost hr\u00e1t mezin\u00e1rodn\u00ed loterie online t\u00edm, \u017ee nab\u00edz\u00edme slu\u017eby concierge. V\u0161e, co pot\u0159ebujete ke hran\u00ed Oz Lotto online, je po\u010d\u00edta\u010d a p\u0159ipojen\u00ed k internetu.<\/p>\n<p>Chcete-li hr\u00e1t Oz Lotto online, jednodu\u0161e si vyberete sedm hlavn\u00edch \u010d\u00edsel z rozsahu 1 a\u017e 47. Dal\u0161\u00ed t\u0159i \u010d\u00edsla, tzv. dopl\u0148kov\u00e1 \u010d\u00edsla, se vyb\u00edraj\u00ed b\u011bhem losov\u00e1n\u00ed. \u010c\u00edsla si m\u016f\u017eete vybrat pomoc\u00ed na\u0161eho gener\u00e1toru n\u00e1hodn\u00fdch \u010d\u00edsel nebo je vybrat ru\u010dn\u011b. Pot\u00e9 si vyberte po\u010det tah\u016f, kter\u00fdch se chcete z\u00fa\u010dastnit. P\u0159ejd\u011bte k pokladn\u011b, <a href=\"https:\/\/jackpotlotteryonline.com\/cs\/koupit-vstupenky\/oz-lotto\">zapla\u0165te za tikety<\/a> a po\u010dkejte na slosov\u00e1n\u00ed.<\/p>\n<h2>Co jsou dopl\u0148kov\u00e1 \u010d\u00edsla a jak se pou\u017e\u00edvaj\u00ed?<\/h2>\n<p>Dopl\u0148kov\u00e1 \u010d\u00edsla jsou b\u011bhem losov\u00e1n\u00ed programu Oz Lotto pova\u017eov\u00e1na za &#8220;bonusov\u00e9 m\u00ed\u010dky&#8221;. B\u011bhem losov\u00e1n\u00ed je n\u00e1hodn\u011b vybr\u00e1no deset v\u00fdhern\u00edch \u010d\u00edsel a prvn\u00edch sedm je ozna\u010deno jako hlavn\u00ed \u010d\u00edsla pro v\u00fdherce jackpotu. \u00darovn\u011b 2, 4 a 7 jsou ur\u010deny zb\u00fdvaj\u00edc\u00edmi t\u0159emi &#8220;dopl\u0148kov\u00fdmi \u010d\u00edsly&#8221;.<\/p>\n<p>\u00darovn\u011b v\u00fdhry v programu Oz Lotto<\/p>\n<p>Australsk\u00e1 hra Oz Lotto m\u00e1 celkem sedm v\u00fdhern\u00edch \u00farovn\u00ed. Jsou n\u00e1sleduj\u00edc\u00ed:<\/p>\n<ul>\n<li>\u00darove\u0148 1: Jackpot: sedm padl\u00fdch \u010d\u00edsel<\/li>\n<li>\u00darove\u0148 2: padlo \u0161est \u010d\u00edsel + dopl\u0148kov\u00e9 \u010d\u00edslo<\/li>\n<li>\u00darove\u0148 3: \u0161est padl\u00fdch \u010d\u00edsel<\/li>\n<li>\u00darove\u0148 4: padlo p\u011bt \u010d\u00edsel + dopl\u0148kov\u00e9 \u010d\u00edslo<\/li>\n<li>\u00darove\u0148 5: shodn\u00fdch p\u011bt \u010d\u00edsel<\/li>\n<li>\u00darove\u0148 6: \u010dty\u0159i padl\u00e1 \u010d\u00edsla<\/li>\n<li>\u00darove\u0148 7: Shodn\u00e1 t\u0159i \u010d\u00edsla + dopl\u0148kov\u00e9 \u010d\u00edslo<\/li>\n<\/ul>\n<h2>Mus\u00edm b\u00fdt v Austr\u00e1lii, abych mohl hr\u00e1t Oz Lotto?<\/h2>\n<p>Ne, pro \u00fa\u010dast v t\u00e9to loterii nemus\u00edte b\u00fdt australsk\u00fdm rezidentem. Jedin\u00e9, co mus\u00edte ud\u011blat, je nav\u0161t\u00edvit jackpotlotteryonline.com a splnit si sv\u016fj sen o hran\u00ed mezin\u00e1rodn\u00edch loteri\u00ed. Na\u0161im z\u00e1kazn\u00edk\u016fm poskytujeme loterijn\u00ed slu\u017eby, jako je n\u00e1kup fyzick\u00fdch los\u016f prost\u0159ednictv\u00edm na\u0161ich d\u016fv\u011bryhodn\u00fdch loterijn\u00edch agent\u016f. Fyzick\u00fd los bude bezpe\u010dn\u011b ulo\u017een, zat\u00edmco jeho sken bude nahr\u00e1n na hr\u00e1\u010dsk\u00fd \u00fa\u010det. To v\u0161e ud\u011bl\u00e1me za v\u00e1s, a co zb\u00fdv\u00e1, je \u010dekat na den losov\u00e1n\u00ed.<\/p>\n<p>Nemus\u00edte se tedy ob\u00e1vat, \u017ee byste se nemohli z\u00fa\u010dastnit hry Oz Lotto. Tuto loterii budete hr\u00e1t stejn\u011b jako obyvatel Austr\u00e1lie. Hr\u00e1t Oz Lotto je tak jednoduch\u00e9. Zkuste sv\u00e9 \u0161t\u011bst\u00ed je\u0161t\u011b dnes!<\/p>\n<h2>V\u00fdhra v Oz Lotto<\/h2>\n<p>Aby hr\u00e1\u010d vyhr\u00e1l jackpotovou cenu Oz Lotto, mus\u00ed mu padnout sedm \u010d\u00edsel z celkov\u00e9ho po\u010dtu 47. Tento jackpot za\u010d\u00edn\u00e1 na 10 milionech dolar\u016f a \u010dasto roste, dokud ho nevyhrajete. Krom\u011b hlavn\u00ed v\u00fdhry jackpotu vyhr\u00e1vaj\u00ed hr\u00e1\u010di, kte\u0159\u00ed v dan\u00e9m tahu spr\u00e1vn\u011b tref\u00ed \u010dty\u0159i nebo p\u011bt \u010d\u00edsel, osm men\u0161\u00edch d\u011blen\u00ed v\u00fdher.<\/p>\n<section class=\"layout\" style=\"border: solid 1px; width: 100%;\">\n<div class=\"img-div\" style=\"margin-top: 5px;\"><img decoding=\"async\" class=\"wp-image-17212 alignleft\" style=\"height: 45px; margin: 8px 8px 0px;\" src=\"http:\/\/jackpotlotteryonline.com\/wp-content\/uploads\/2022\/11\/read1.jpg\" alt=\"P\u0159e\u010dt\u011bte si \" width=\"\" height=\"\" \/><\/div>\n<div style=\"padding-left: 5px;\">\n<div style=\"font-size: 1.1em;\">\n<p><strong>Historick\u00e9, rekordn\u00ed loterijn\u00ed jackpoty<\/strong><\/p>\n<p style=\"font-size: 0.85em; margin-top: -1.5em;\">Nejv\u011bt\u0161\u00ed jackpoty loterie v historii v\u00e1m zamotaj\u00ed hlavu \u00a0<a href=\"https:\/\/jackpotlotteryonline.com\/cs\/nejvetsi-lotto-jackpoty-v-historii\">P\u0159e\u010dt\u011bte si v\u00edce<\/a><\/p>\n<\/div>\n<\/div>\n<\/section>\n<h2>Jak\u00e9 jsou \u0161ance na v\u00fdhru v australsk\u00e9 loterii Oz Lotto?<\/h2>\n<p><img loading=\"lazy\" decoding=\"async\" class=\"alignright wp-image-28697 size-medium\" src=\"http:\/\/jackpotlotteryonline.com\/wp-content\/uploads\/2022\/11\/1_online_lotto_winners-300x200.jpg\" alt=\"hr\u00e1t\" width=\"300\" height=\"200\" srcset=\"https:\/\/jackpotlotteryonline.com\/wp-content\/uploads\/2022\/11\/1_online_lotto_winners-300x200.jpg 300w, https:\/\/jackpotlotteryonline.com\/wp-content\/uploads\/2022\/11\/1_online_lotto_winners.jpg 320w\" sizes=\"auto, (max-width: 300px) 100vw, 300px\" \/>Sout\u011b\u017e Oz Lotto si z\u00edskala popularitu a u\u010dinila z mnoha hr\u00e1\u010d\u016f v\u00fdherce, co\u017e z\u00e1rove\u0148 zp\u016fsobilo, \u017ee \u0161ance na v\u00fdhru v n\u011bkter\u00e9 z v\u00fdhern\u00edch \u00farovn\u00ed je pom\u011brn\u011b vysok\u00e1.<\/p>\n<p>Pravd\u011bpodobnost, \u017ee padne sedm \u010d\u00edsel a vyhrajete jackpot, je 1 ku 62 891 499, co\u017e je t\u00e9m\u011b\u0159 nemo\u017en\u00e9. Na loteri\u00edch je v\u0161ak dobr\u00e9 to, \u017ee hra je p\u0159edev\u0161\u00edm o \u0161t\u011bst\u00ed, nikdy nev\u00edte, zda se stanete v\u00fdhercem, a pr\u00e1v\u011b to \u010din\u00ed \u00fa\u010dast v loteri\u00edch nap\u00ednavou.<\/p>\n<p>Celkov\u00e1 \u0161ance na v\u00fdhru n\u011bkter\u00e9 ze sedmi cen je 1 ku 51.<\/p>\n<p>Dal\u0161\u00ed informace o loterii Oz Lotto naleznete na str\u00e1nce s nej\u010dast\u011bj\u0161\u00edmi dotazy nebo na ofici\u00e1ln\u00edch str\u00e1nk\u00e1ch loterie.<\/p>\n<p>Zaregistrujte si \u00fa\u010det je\u0161t\u011b dnes a z\u00edskejte mo\u017enost \u00fa\u010dastnit se t\u00e9to loterie odkudkoli na sv\u011bt\u011b.<\/p>\n","protected":false},"excerpt":{"rendered":"<p>O programu Oz Lotto Oz Lottery je australsk\u00e1 loterie, kter\u00e1 byla zavedena v roce 1994 a kterou spravuje skupina Tatts group. Popularita Oz Lotto vzrostla jak v Austr\u00e1lii, tak na Nov\u00e9m Z\u00e9landu, co\u017e z n\u00ed \u010din\u00ed nejv\u011bt\u0161\u00ed australskou loterijn\u00ed hru. Losov\u00e1n\u00ed Oz Lotto se kon\u00e1 ka\u017edou st\u0159edu a p\u00e1tek. N\u00ed\u017ee najdete pr\u016fvodce, kter\u00fd v\u00e1m pom\u016f\u017ee [&hellip;]<\/p>\n","protected":false},"author":1,"featured_media":0,"parent":35538,"menu_order":16,"comment_status":"closed","ping_status":"closed","template":"","meta":{"_et_pb_use_builder":"","_et_pb_old_content":"","_et_gb_content_width":"","exclude_from_search":false,"footnotes":""},"class_list":["post-40346","page","type-page","status-publish","hentry"],"yoast_head":"<!-- This site is optimized with the Yoast SEO plugin v23.3 - https:\/\/yoast.com\/wordpress\/plugins\/seo\/ -->\n<title>Zahrajte si Oz Lotto online ze zem\u00ed mimo Austr\u00e1lii<\/title>\n<meta name=\"description\" content=\"Nyn\u00ed m\u016f\u017eete hr\u00e1t Oz Lotto online, a to nejen pokud jste v Austr\u00e1lii - loterii Oz m\u016f\u017eete hr\u00e1t odkudkoli na sv\u011bt\u011b.\" \/>\n<meta name=\"robots\" content=\"index, follow, max-snippet:-1, max-image-preview:large, max-video-preview:-1\" \/>\n<link rel=\"canonical\" href=\"https:\/\/jackpotlotteryonline.com\/cs\/jak-hrat\/oz-lotto\/\" \/>\n<meta property=\"og:locale\" content=\"cs_CZ\" \/>\n<meta property=\"og:type\" content=\"article\" \/>\n<meta property=\"og:title\" content=\"Zahrajte si Oz Lotto online ze zem\u00ed mimo Austr\u00e1lii\" \/>\n<meta property=\"og:description\" content=\"Nyn\u00ed m\u016f\u017eete hr\u00e1t Oz Lotto online, a to nejen pokud jste v Austr\u00e1lii - loterii Oz m\u016f\u017eete hr\u00e1t odkudkoli na sv\u011bt\u011b.\" \/>\n<meta property=\"og:url\" content=\"https:\/\/jackpotlotteryonline.com\/cs\/jak-hrat\/oz-lotto\/\" \/>\n<meta property=\"og:site_name\" content=\"Lotto Online - Crack The International Lottery Jackpots\" \/>\n<meta property=\"article:modified_time\" content=\"2023-01-01T13:52:20+00:00\" \/>\n<meta property=\"og:image\" content=\"http:\/\/jackpotlotteryonline.com\/wp-content\/uploads\/2022\/11\/1_ticket_online_buying.jpg\" \/>\n<meta name=\"twitter:card\" content=\"summary_large_image\" \/>\n<meta name=\"twitter:label1\" content=\"Odhadovan\u00e1 doba \u010dten\u00ed\" \/>\n\t<meta name=\"twitter:data1\" content=\"3 minuty\" \/>\n<!-- \/ Yoast SEO plugin. -->","yoast_head_json":{"title":"Zahrajte si Oz Lotto online ze zem\u00ed mimo Austr\u00e1lii","description":"Nyn\u00ed m\u016f\u017eete hr\u00e1t Oz Lotto online, a to nejen pokud jste v Austr\u00e1lii - loterii Oz m\u016f\u017eete hr\u00e1t odkudkoli na sv\u011bt\u011b.","robots":{"index":"index","follow":"follow","max-snippet":"max-snippet:-1","max-image-preview":"max-image-preview:large","max-video-preview":"max-video-preview:-1"},"canonical":"https:\/\/jackpotlotteryonline.com\/cs\/jak-hrat\/oz-lotto\/","og_locale":"cs_CZ","og_type":"article","og_title":"Zahrajte si Oz Lotto online ze zem\u00ed mimo Austr\u00e1lii","og_description":"Nyn\u00ed m\u016f\u017eete hr\u00e1t Oz Lotto online, a to nejen pokud jste v Austr\u00e1lii - loterii Oz m\u016f\u017eete hr\u00e1t odkudkoli na sv\u011bt\u011b.","og_url":"https:\/\/jackpotlotteryonline.com\/cs\/jak-hrat\/oz-lotto\/","og_site_name":"Lotto Online - Crack The International Lottery Jackpots","article_modified_time":"2023-01-01T13:52:20+00:00","og_image":[{"url":"http:\/\/jackpotlotteryonline.com\/wp-content\/uploads\/2022\/11\/1_ticket_online_buying.jpg"}],"twitter_card":"summary_large_image","twitter_misc":{"Odhadovan\u00e1 doba \u010dten\u00ed":"3 minuty"},"schema":{"@context":"https:\/\/schema.org","@graph":[{"@type":"WebPage","@id":"https:\/\/jackpotlotteryonline.com\/cs\/jak-hrat\/oz-lotto\/","url":"https:\/\/jackpotlotteryonline.com\/cs\/jak-hrat\/oz-lotto\/","name":"Zahrajte si Oz Lotto online ze zem\u00ed mimo Austr\u00e1lii","isPartOf":{"@id":"https:\/\/jackpotlotteryonline.com\/#website"},"primaryImageOfPage":{"@id":"https:\/\/jackpotlotteryonline.com\/cs\/jak-hrat\/oz-lotto\/#primaryimage"},"image":{"@id":"https:\/\/jackpotlotteryonline.com\/cs\/jak-hrat\/oz-lotto\/#primaryimage"},"thumbnailUrl":"http:\/\/jackpotlotteryonline.com\/wp-content\/uploads\/2022\/11\/1_ticket_online_buying.jpg","datePublished":"2022-12-02T13:35:12+00:00","dateModified":"2023-01-01T13:52:20+00:00","description":"Nyn\u00ed m\u016f\u017eete hr\u00e1t Oz Lotto online, a to nejen pokud jste v Austr\u00e1lii - loterii Oz m\u016f\u017eete hr\u00e1t odkudkoli na sv\u011bt\u011b.","breadcrumb":{"@id":"https:\/\/jackpotlotteryonline.com\/cs\/jak-hrat\/oz-lotto\/#breadcrumb"},"inLanguage":"cs","potentialAction":[{"@type":"ReadAction","target":["https:\/\/jackpotlotteryonline.com\/cs\/jak-hrat\/oz-lotto\/"]}]},{"@type":"ImageObject","inLanguage":"cs","@id":"https:\/\/jackpotlotteryonline.com\/cs\/jak-hrat\/oz-lotto\/#primaryimage","url":"http:\/\/jackpotlotteryonline.com\/wp-content\/uploads\/2022\/11\/1_ticket_online_buying.jpg","contentUrl":"http:\/\/jackpotlotteryonline.com\/wp-content\/uploads\/2022\/11\/1_ticket_online_buying.jpg"},{"@type":"BreadcrumbList","@id":"https:\/\/jackpotlotteryonline.com\/cs\/jak-hrat\/oz-lotto\/#breadcrumb","itemListElement":[{"@type":"ListItem","position":1,"name":"Home","item":"https:\/\/jackpotlotteryonline.com\/cs\/"},{"@type":"ListItem","position":2,"name":"Jak hr\u00e1t","item":"https:\/\/jackpotlotteryonline.com\/play-online\/"},{"@type":"ListItem","position":3,"name":"Hr\u00e1t Oz Lotto online"}]},{"@type":"WebSite","@id":"https:\/\/jackpotlotteryonline.com\/#website","url":"https:\/\/jackpotlotteryonline.com\/","name":"Lotto Online - Crack The International Lottery Jackpots","description":"","potentialAction":[{"@type":"SearchAction","target":{"@type":"EntryPoint","urlTemplate":"https:\/\/jackpotlotteryonline.com\/?s={search_term_string}"},"query-input":"required name=search_term_string"}],"inLanguage":"cs"}]}},"_links":{"self":[{"href":"https:\/\/jackpotlotteryonline.com\/cs\/wp-json\/wp\/v2\/pages\/40346","targetHints":{"allow":["GET"]}}],"collection":[{"href":"https:\/\/jackpotlotteryonline.com\/cs\/wp-json\/wp\/v2\/pages"}],"about":[{"href":"https:\/\/jackpotlotteryonline.com\/cs\/wp-json\/wp\/v2\/types\/page"}],"author":[{"embeddable":true,"href":"https:\/\/jackpotlotteryonline.com\/cs\/wp-json\/wp\/v2\/users\/1"}],"replies":[{"embeddable":true,"href":"https:\/\/jackpotlotteryonline.com\/cs\/wp-json\/wp\/v2\/comments?post=40346"}],"version-history":[{"count":0,"href":"https:\/\/jackpotlotteryonline.com\/cs\/wp-json\/wp\/v2\/pages\/40346\/revisions"}],"up":[{"embeddable":true,"href":"https:\/\/jackpotlotteryonline.com\/cs\/wp-json\/wp\/v2\/pages\/35538"}],"wp:attachment":[{"href":"https:\/\/jackpotlotteryonline.com\/cs\/wp-json\/wp\/v2\/media?parent=40346"}],"curies":[{"name":"wp","href":"https:\/\/api.w.org\/{rel}","templated":true}]}}