{"id":40469,"date":"2022-12-05T08:00:08","date_gmt":"2022-12-05T08:00:08","guid":{"rendered":"https:\/\/jackpotlotteryonline.com\/?page_id=40469"},"modified":"2022-12-26T13:28:46","modified_gmt":"2022-12-26T13:28:46","slug":"powerball","status":"publish","type":"page","link":"https:\/\/jackpotlotteryonline.com\/cs\/vyherni-cisla\/powerball\/","title":{"rendered":"V\u00fdsledky losov\u00e1n\u00ed Powerball"},"content":{"rendered":"<p>Powerball je americk\u00e1 loterie, kter\u00e1 m\u00e1 jeden z nejv\u011bt\u0161\u00edch jackpot\u016f v\u0161ech dob. V\u00fdhra v americk\u00e9 loterii Powerball je nejv\u011bt\u0161\u00edm snem t\u00e9m\u011b\u0159 ka\u017ed\u00e9ho s\u00e1zej\u00edc\u00edho. Kv\u016fli neuv\u011b\u0159iteln\u011b vysok\u00fdm jackpot\u016fm, kter\u00e9 n\u011bkdy dosahuj\u00ed a\u017e 1 miliardy dolar\u016f, si hr\u00e1\u010di po cel\u00e9m sv\u011bt\u011b kupuj\u00ed tikety Powerball online. Ka\u017ed\u00fd hr\u00e1\u010d pevn\u011b douf\u00e1, \u017ee v loterii vyhraje. Koupit si los je v\u0161ak jedna v\u011bc a zkontrolovat vylosovan\u00e1 \u010d\u00edsla druh\u00e1. Chcete-li zjistit, zda dr\u017e\u00edte v\u00fdhern\u00ed tiket loterie Powerball, je nezbytn\u00e9 zkontrolovat v\u00fdsledky losov\u00e1n\u00ed.<\/p>\n<p>Na t\u00e9to str\u00e1nce se s v\u00e1mi pod\u011bl\u00edme o n\u00e1vod, jak zkontrolovat v\u00fdhern\u00ed v\u00fdsledky online. Tak\u00e9 v\u00e1m uk\u00e1\u017eeme, jak z\u00edskat p\u0159\u00edstup k v\u00fdh\u0159e, i kdy\u017e jste online hr\u00e1\u010d.<\/p>\n<p>Nezapome\u0148te, \u017ee si m\u016f\u017eete<a href=\"https:\/\/jackpotlotteryonline.com\/cs\/koupit-vstupenky\/powerball\"> koupit v\u00fdhern\u00ed tikety do Powerball<\/a> na jackpotlotteryonline.com a z\u00e1rove\u0148 si tam zkontrolovat v\u00fdhern\u00ed \u010d\u00edsla.<\/p>\n<h2>Pro\u010d je Powerball tak popul\u00e1rn\u00ed<\/h2>\n<p><img loading=\"lazy\" decoding=\"async\" class=\"alignright size-full wp-image-29588\" src=\"https:\/\/jackpotlotteryonline.com\/wp-content\/uploads\/2022\/11\/1_results_powerball.jpg\" alt=\"Snadn\u00fd n\u00e1kup los\u016f Powerball\" width=\"300\" height=\"224\" \/>Existuje n\u011bkolik d\u016fvod\u016f, pro\u010d se hr\u00e1\u010di na Powerball hrnou. Jedn\u00e1 se o americkou loterii s v\u00edce st\u00e1ty, co\u017e znamen\u00e1, \u017ee tikety se prod\u00e1vaj\u00ed v n\u011bkolika st\u00e1tech USA. Tak\u017ee ti, kdo v t\u011bchto st\u00e1tech \u017eij\u00ed, si mohou losy Powerball snadno koupit. Nejsou to v\u0161ak jen ameri\u010dt\u00ed loterijn\u00ed nad\u0161enci, kte\u0159\u00ed si kupuj\u00ed vstupy s nad\u011bj\u00ed na v\u00fdhru v t\u00e9to loterii. S\u00e1zej\u00edc\u00ed po cel\u00e9m sv\u011bt\u011b se tak\u00e9 dychtiv\u011b sna\u017e\u00ed koupit v\u00fdhern\u00ed losy Powerball.<\/p>\n<p>V \u0159\u00edjnu 2022 dos\u00e1hl jackpot loterie Powerball rekordn\u00ed v\u00fd\u0161e 1 miliardy dolar\u016f, kterou vyhr\u00e1l jedin\u00fd majitel tiketu. U\u017e jen pomy\u0161len\u00ed na v\u00fdhru miliardy dolar\u016f sta\u010d\u00ed k tomu, aby hr\u00e1\u010de po cel\u00e9m sv\u011bt\u011b vzru\u0161ilo. Tak\u00e9 p\u0159esto, \u017ee \u0161ance na v\u00fdhru v Powerballu jsou pom\u011brn\u011b vysok\u00e9, hr\u00e1\u010di jackpot \u010dasto vyhr\u00e1vaj\u00ed.<\/p>\n<p>Powerball m\u00e1 op\u011bt n\u011bkolik kategori\u00ed se \u0161\u0165avnat\u00fdmi v\u00fdhrami. Tak\u017ee i kdy\u017e se netref\u00edte do prvn\u00ed ceny, m\u016f\u017eete dom\u016f odej\u00edt s velkou v\u00fdhrou.<\/p>\n<h2>Hran\u00ed a vyhr\u00e1v\u00e1n\u00ed Powerball online<\/h2>\n<p>Z\u00e1bavn\u00e9 na<a href=\"https:\/\/jackpotlotteryonline.com\/cs\/jak-hrat\/powerball\"> hran\u00ed Powerball online<\/a> je, \u017ee k t\u00e9to americk\u00e9 loterii m\u00e1te rychl\u00fd p\u0159\u00edstup odkudkoli. Pokud si koup\u00edte v\u00fdhern\u00ed tiket na jackpotlotteryonline.com, m\u016f\u017eete si snadno vybrat v\u00fdhern\u00ed \u010d\u00edsla. Sta\u010d\u00ed vybrat 5 \u010d\u00edsel od 1 do 69 a 1 dal\u0161\u00ed \u010d\u00edslo od 1 do 26.<\/p>\n<p>Jakmile si vyberete v\u00fdhern\u00ed \u010d\u00edsla, dal\u0161\u00edm krokem je p\u0159ihl\u00e1\u0161en\u00ed do slosov\u00e1n\u00ed. Powerball m\u00e1 t\u0159i t\u00fddenn\u00ed slosov\u00e1n\u00ed, a to v \u00fater\u00fd, ve \u010dtvrtek a v ned\u011bli. Umo\u017e\u0148ujeme v\u00e1m snadno se p\u0159ihl\u00e1sit do jednoho losov\u00e1n\u00ed nebo do v\u00edce losov\u00e1n\u00ed, podle va\u0161ich preferenc\u00ed. Do slosov\u00e1n\u00ed se tak\u00e9 m\u016f\u017eete p\u0159ihl\u00e1sit n\u011bkolik t\u00fddn\u016f p\u0159edem.<\/p>\n<p>Po zpracov\u00e1n\u00ed va\u0161\u00ed platby je dal\u0161\u00edm krokem \u010dek\u00e1n\u00ed na slosov\u00e1n\u00ed. Tehdy budou vyhl\u00e1\u0161ena v\u00fdhern\u00ed \u010d\u00edsla a vy se dozv\u00edte, zda jste v loterii vyhr\u00e1li.<\/p>\n<section class=\"layout\" style=\"border: solid 1px; width: 100%;\">\n<div class=\"img-div\" style=\"margin-top: 5px;\"><img decoding=\"async\" class=\"wp-image-17212 alignleft\" style=\"height: 45px; margin: 8px 8px 0px;\" src=\"https:\/\/jackpotlotteryonline.com\/wp-content\/uploads\/2022\/11\/read1.jpg\" alt=\"P\u0159e\u010dt\u011bte si\" width=\"\" height=\"\" \/><\/div>\n<div style=\"padding-left: 5px;\">\n<div style=\"font-size: 1.1em;\">\n<p><strong>Historick\u00e9, rekordn\u00ed loterijn\u00ed jackpoty<\/strong><\/p>\n<p style=\"font-size: 0.85em; margin-top: -1.5em;\">Nejv\u011bt\u0161\u00ed jackpoty loterie v historii v\u00e1m zamotaj\u00ed hlavu. <a href=\"https:\/\/jackpotlotteryonline.com\/cs\/nejvetsi-lotto-jackpoty-v-historii\">P\u0159e\u010dt\u011bte si v\u00edce<\/a><\/p>\n<\/div>\n<\/div>\n<\/section>\n<h2>Kontrola v\u00fdhern\u00edch \u010d\u00edsel<\/h2>\n<p><img loading=\"lazy\" decoding=\"async\" class=\"alignright size-full wp-image-30371\" src=\"https:\/\/jackpotlotteryonline.com\/wp-content\/uploads\/2022\/11\/1_winning_numbers_powerball.jpg\" alt=\"hran\u00ed hry Powerball online\" width=\"300\" height=\"129\" \/>Proto\u017ee hrajete Powerball online, nem\u016f\u017eete zaj\u00edt k prodejci loterie a zkontrolovat, zda m\u00e1te v\u00fdhern\u00ed tiket. Nejlep\u0161\u00edm zp\u016fsobem, jak to ud\u011blat, je tedy kontrola online. Pokud hrajete s n\u00e1mi, m\u016f\u017eete se po ka\u017ed\u00e9m losov\u00e1n\u00ed vr\u00e1tit na tuto str\u00e1nku a pod\u00edvat se na vylosovan\u00e1 \u010d\u00edsla.<\/p>\n<p>Ale i kdy\u017e se zp\u011btn\u011b nepod\u00edv\u00e1te, m\u016f\u017eete se dozv\u011bd\u011bt, zda jste vyhr\u00e1li n\u011bjakou cenu. Je to proto, \u017ee pro n\u00e1kup tiketu Powerball mus\u00edte b\u00fdt u n\u00e1s zaregistrov\u00e1ni. Je to proto, abychom v\u00e1s mohli informovat, jakmile budete m\u00edt v\u00fdhern\u00ed tiket. Pokud m\u00e1te v\u00fdhern\u00ed tiket, po\u0161leme v\u00e1m e-mail, abychom v\u00e1s o tom informovali. Je to opravdu tak jednoduch\u00e9.<\/p>\n<h2>V\u00fdplata v\u00fdhry<\/h2>\n<p>Proplacen\u00ed v\u00fdhry je dal\u0161\u00edm aspektem, kter\u00fd by mohl online hr\u00e1\u010de znepokojovat. Pokud toti\u017e hrajete Powerball online, chcete m\u00edt jistotu, \u017ee se ke sv\u00e9 v\u00fdh\u0159e dostanete. Pokud hrajete Powerball u n\u00e1s, je vyplacen\u00ed v\u00fdhry jednoduchou z\u00e1le\u017eitost\u00ed. N\u00e1\u0161 syst\u00e9m jsme navrhli tak, abyste si mohli v\u00fdhru vybrat na sv\u016fj \u00fa\u010det.<\/p>\n<p>To je mo\u017en\u00e9 u v\u00fdher, kter\u00e9 jsou ni\u017e\u0161\u00ed ne\u017e 2 500 eur. Pokud vyhrajete v\u00edce ne\u017e tuto \u010d\u00e1stku, pom\u016f\u017eeme v\u00e1m vyplnit formul\u00e1\u0159 pro uplatn\u011bn\u00ed n\u00e1roku. Ten budete muset vyplnit, abyste si mohli vyzvednout v\u00fdhru p\u0159\u00edmo u loterijn\u00ed spole\u010dnosti.<\/p>\n<h2>V\u00fdhra v loterii Powerball<\/h2>\n<p>V\u00fdhra v loterii Powerball znamen\u00e1, \u017ee m\u00e1te tiket, kter\u00fd odpov\u00edd\u00e1 vylosovan\u00fdm v\u00fdsledk\u016fm. Abychom v\u00e1m uk\u00e1zali, jak \u00fa\u017easn\u00e1 je loterie Powerball, uk\u00e1\u017eeme v\u00e1m, co m\u016f\u017eete vyhr\u00e1t v ostatn\u00edch v\u00fdhr\u00e1ch.<\/p>\n<p>Divize 1: Shoda 5 + Powerball &#8211; Jackpot<\/p>\n<p>Divize 2: Samotn\u00fd Match 5 &#8211; 1 milion dolar\u016f<\/p>\n<p>Divize 3: Shoda 4 + Powerball &#8211; 50 000 dolar\u016f<\/p>\n<p>Divize 4: Samotn\u00fd Match 4 &#8211; 100 dolar\u016f<\/p>\n<p>Divize 5: Shoda 3 + Powerball &#8211; 100 dolar\u016f<\/p>\n<p>Divize 6: Samotn\u00fd z\u00e1pas 3 &#8211; 7 dolar\u016f<\/p>\n<p>Divize 7: Shoda 2 + Powerball &#8211; 7 dolar\u016f<\/p>\n<p>Divize 8: Shoda 1 + Powerball &#8211; 4 USD<\/p>\n<p>Divize 9: Samotn\u00fd z\u00e1pas Powerball &#8211; 4 USD<\/p>\n<p>S 9 divizemi je v\u00fdhra v loterii pro hr\u00e1\u010de vzru\u0161uj\u00edc\u00ed mo\u017enost\u00ed. Znamen\u00e1 to tak\u00e9, \u017ee \u0161ance na v\u00fdhru jsou pom\u011brn\u011b vysok\u00e9. Krom\u011b toho, i kdy\u017e vyhrajete druhou divizi, m\u00e1te velkou \u0161anci, \u017ee se dom\u016f vr\u00e1t\u00edte s vysokou v\u00fdhrou.<\/p>\n<h2>Zde si m\u016f\u017eete prohl\u00e9dnout v\u00edt\u011bzn\u00e9 v\u00fdsledky<\/h2>\n<p>A\u017e si p\u0159\u00ed\u0161t\u011b budete cht\u00edt zahr\u00e1t loterii, ne\u0159e\u0161te, kde si ov\u011b\u0159it v\u00fdhern\u00ed v\u00fdsledky. Na jackpotlotteryonline.com v\u00e1m usnadn\u00edme v\u00fdb\u011br v\u00fdhern\u00edch \u010d\u00edsel a tak\u00e9 kontrolu v\u00fdhern\u00edch v\u00fdsledk\u016f. Kupte si u n\u00e1s tiket a my v\u00e1s upozorn\u00edme, jakmile budete m\u00edt v\u00fdhern\u00ed tiket.<\/p>\n<p>Nezapome\u0148te, \u017ee v\u00fdhru si m\u016f\u017eete z na\u0161ich str\u00e1nek tak\u00e9 vybrat p\u0159\u00edmo na sv\u016fj \u00fa\u010det. To v\u00e1m v\u00fdrazn\u011b uleh\u010d\u00ed stres, kter\u00fd byste s hran\u00edm loterie m\u011bli. Ve skute\u010dnosti je na\u0161\u00edm \u00fakolem poskytnout na\u0161im z\u00e1kazn\u00edk\u016fm bezprobl\u00e9mov\u00fd a bezprobl\u00e9mov\u00fd z\u00e1\u017eitek. D\u00edky tomu se m\u016f\u017eete bezstarostn\u011b soust\u0159edit na v\u00fdhru v loterii.<\/p>\n","protected":false},"excerpt":{"rendered":"<p>Powerball je americk\u00e1 loterie, kter\u00e1 m\u00e1 jeden z nejv\u011bt\u0161\u00edch jackpot\u016f v\u0161ech dob. V\u00fdhra v americk\u00e9 loterii Powerball je nejv\u011bt\u0161\u00edm snem t\u00e9m\u011b\u0159 ka\u017ed\u00e9ho s\u00e1zej\u00edc\u00edho. Kv\u016fli neuv\u011b\u0159iteln\u011b vysok\u00fdm jackpot\u016fm, kter\u00e9 n\u011bkdy dosahuj\u00ed a\u017e 1 miliardy dolar\u016f, si hr\u00e1\u010di po cel\u00e9m sv\u011bt\u011b kupuj\u00ed tikety Powerball online. Ka\u017ed\u00fd hr\u00e1\u010d pevn\u011b douf\u00e1, \u017ee v loterii vyhraje. Koupit si los je [&hellip;]<\/p>\n","protected":false},"author":1,"featured_media":0,"parent":35816,"menu_order":1,"comment_status":"closed","ping_status":"closed","template":"powerball-usa-results.php","meta":{"_et_pb_use_builder":"","_et_pb_old_content":"","_et_gb_content_width":"","exclude_from_search":false,"footnotes":""},"class_list":["post-40469","page","type-page","status-publish","hentry"],"yoast_head":"<!-- This site is optimized with the Yoast SEO plugin v23.3 - https:\/\/yoast.com\/wordpress\/plugins\/seo\/ -->\n<title>V\u00edt\u011bzn\u00e1 \u010d\u00edsla a v\u00fdsledky losov\u00e1n\u00ed Powerball<\/title>\n<meta name=\"description\" content=\"V\u0161echny nejnov\u011bj\u0161\u00ed v\u00fdsledky losov\u00e1n\u00ed a vylosovan\u00e1 \u010d\u00edsla pro Powerball USA a archiv v\u00fdsledk\u016f, v\u0161e na jedn\u00e9 webov\u00e9 str\u00e1nce.\" \/>\n<meta name=\"robots\" content=\"index, follow, max-snippet:-1, max-image-preview:large, max-video-preview:-1\" \/>\n<link rel=\"canonical\" href=\"https:\/\/jackpotlotteryonline.com\/cs\/vyherni-cisla\/powerball\/\" \/>\n<meta property=\"og:locale\" content=\"cs_CZ\" \/>\n<meta property=\"og:type\" content=\"article\" \/>\n<meta property=\"og:title\" content=\"V\u00edt\u011bzn\u00e1 \u010d\u00edsla a v\u00fdsledky losov\u00e1n\u00ed Powerball\" \/>\n<meta property=\"og:description\" content=\"V\u0161echny nejnov\u011bj\u0161\u00ed v\u00fdsledky losov\u00e1n\u00ed a vylosovan\u00e1 \u010d\u00edsla pro Powerball USA a archiv v\u00fdsledk\u016f, v\u0161e na jedn\u00e9 webov\u00e9 str\u00e1nce.\" \/>\n<meta property=\"og:url\" content=\"https:\/\/jackpotlotteryonline.com\/cs\/vyherni-cisla\/powerball\/\" \/>\n<meta property=\"og:site_name\" content=\"Lotto Online - Crack The International Lottery Jackpots\" \/>\n<meta property=\"article:modified_time\" content=\"2022-12-26T13:28:46+00:00\" \/>\n<meta property=\"og:image\" content=\"https:\/\/jackpotlotteryonline.com\/wp-content\/uploads\/2022\/11\/1_results_powerball.jpg\" \/>\n<meta name=\"twitter:card\" content=\"summary_large_image\" \/>\n<meta name=\"twitter:label1\" content=\"Odhadovan\u00e1 doba \u010dten\u00ed\" \/>\n\t<meta name=\"twitter:data1\" content=\"5 minut\" \/>\n<!-- \/ Yoast SEO plugin. -->","yoast_head_json":{"title":"V\u00edt\u011bzn\u00e1 \u010d\u00edsla a v\u00fdsledky losov\u00e1n\u00ed Powerball","description":"V\u0161echny nejnov\u011bj\u0161\u00ed v\u00fdsledky losov\u00e1n\u00ed a vylosovan\u00e1 \u010d\u00edsla pro Powerball USA a archiv v\u00fdsledk\u016f, v\u0161e na jedn\u00e9 webov\u00e9 str\u00e1nce.","robots":{"index":"index","follow":"follow","max-snippet":"max-snippet:-1","max-image-preview":"max-image-preview:large","max-video-preview":"max-video-preview:-1"},"canonical":"https:\/\/jackpotlotteryonline.com\/cs\/vyherni-cisla\/powerball\/","og_locale":"cs_CZ","og_type":"article","og_title":"V\u00edt\u011bzn\u00e1 \u010d\u00edsla a v\u00fdsledky losov\u00e1n\u00ed Powerball","og_description":"V\u0161echny nejnov\u011bj\u0161\u00ed v\u00fdsledky losov\u00e1n\u00ed a vylosovan\u00e1 \u010d\u00edsla pro Powerball USA a archiv v\u00fdsledk\u016f, v\u0161e na jedn\u00e9 webov\u00e9 str\u00e1nce.","og_url":"https:\/\/jackpotlotteryonline.com\/cs\/vyherni-cisla\/powerball\/","og_site_name":"Lotto Online - Crack The International Lottery Jackpots","article_modified_time":"2022-12-26T13:28:46+00:00","og_image":[{"url":"https:\/\/jackpotlotteryonline.com\/wp-content\/uploads\/2022\/11\/1_results_powerball.jpg"}],"twitter_card":"summary_large_image","twitter_misc":{"Odhadovan\u00e1 doba \u010dten\u00ed":"5 minut"},"schema":{"@context":"https:\/\/schema.org","@graph":[{"@type":"WebPage","@id":"https:\/\/jackpotlotteryonline.com\/cs\/vyherni-cisla\/powerball\/","url":"https:\/\/jackpotlotteryonline.com\/cs\/vyherni-cisla\/powerball\/","name":"V\u00edt\u011bzn\u00e1 \u010d\u00edsla a v\u00fdsledky losov\u00e1n\u00ed Powerball","isPartOf":{"@id":"https:\/\/jackpotlotteryonline.com\/#website"},"primaryImageOfPage":{"@id":"https:\/\/jackpotlotteryonline.com\/cs\/vyherni-cisla\/powerball\/#primaryimage"},"image":{"@id":"https:\/\/jackpotlotteryonline.com\/cs\/vyherni-cisla\/powerball\/#primaryimage"},"thumbnailUrl":"https:\/\/jackpotlotteryonline.com\/wp-content\/uploads\/2022\/11\/1_results_powerball.jpg","datePublished":"2022-12-05T08:00:08+00:00","dateModified":"2022-12-26T13:28:46+00:00","description":"V\u0161echny nejnov\u011bj\u0161\u00ed v\u00fdsledky losov\u00e1n\u00ed a vylosovan\u00e1 \u010d\u00edsla pro Powerball USA a archiv v\u00fdsledk\u016f, v\u0161e na jedn\u00e9 webov\u00e9 str\u00e1nce.","breadcrumb":{"@id":"https:\/\/jackpotlotteryonline.com\/cs\/vyherni-cisla\/powerball\/#breadcrumb"},"inLanguage":"cs","potentialAction":[{"@type":"ReadAction","target":["https:\/\/jackpotlotteryonline.com\/cs\/vyherni-cisla\/powerball\/"]}]},{"@type":"ImageObject","inLanguage":"cs","@id":"https:\/\/jackpotlotteryonline.com\/cs\/vyherni-cisla\/powerball\/#primaryimage","url":"https:\/\/jackpotlotteryonline.com\/wp-content\/uploads\/2022\/11\/1_results_powerball.jpg","contentUrl":"https:\/\/jackpotlotteryonline.com\/wp-content\/uploads\/2022\/11\/1_results_powerball.jpg"},{"@type":"BreadcrumbList","@id":"https:\/\/jackpotlotteryonline.com\/cs\/vyherni-cisla\/powerball\/#breadcrumb","itemListElement":[{"@type":"ListItem","position":1,"name":"Home","item":"https:\/\/jackpotlotteryonline.com\/cs\/"},{"@type":"ListItem","position":2,"name":"V\u00fdsledky loterie","item":"https:\/\/jackpotlotteryonline.com\/cs\/vyherni-cisla\/"},{"@type":"ListItem","position":3,"name":"V\u00fdsledky losov\u00e1n\u00ed Powerball"}]},{"@type":"WebSite","@id":"https:\/\/jackpotlotteryonline.com\/#website","url":"https:\/\/jackpotlotteryonline.com\/","name":"Lotto Online - Crack The International Lottery Jackpots","description":"","potentialAction":[{"@type":"SearchAction","target":{"@type":"EntryPoint","urlTemplate":"https:\/\/jackpotlotteryonline.com\/?s={search_term_string}"},"query-input":"required name=search_term_string"}],"inLanguage":"cs"}]}},"_links":{"self":[{"href":"https:\/\/jackpotlotteryonline.com\/cs\/wp-json\/wp\/v2\/pages\/40469","targetHints":{"allow":["GET"]}}],"collection":[{"href":"https:\/\/jackpotlotteryonline.com\/cs\/wp-json\/wp\/v2\/pages"}],"about":[{"href":"https:\/\/jackpotlotteryonline.com\/cs\/wp-json\/wp\/v2\/types\/page"}],"author":[{"embeddable":true,"href":"https:\/\/jackpotlotteryonline.com\/cs\/wp-json\/wp\/v2\/users\/1"}],"replies":[{"embeddable":true,"href":"https:\/\/jackpotlotteryonline.com\/cs\/wp-json\/wp\/v2\/comments?post=40469"}],"version-history":[{"count":0,"href":"https:\/\/jackpotlotteryonline.com\/cs\/wp-json\/wp\/v2\/pages\/40469\/revisions"}],"up":[{"embeddable":true,"href":"https:\/\/jackpotlotteryonline.com\/cs\/wp-json\/wp\/v2\/pages\/35816"}],"wp:attachment":[{"href":"https:\/\/jackpotlotteryonline.com\/cs\/wp-json\/wp\/v2\/media?parent=40469"}],"curies":[{"name":"wp","href":"https:\/\/api.w.org\/{rel}","templated":true}]}}