{"id":40522,"date":"2022-12-05T09:29:59","date_gmt":"2022-12-05T09:29:59","guid":{"rendered":"https:\/\/jackpotlotteryonline.com\/?page_id=40522"},"modified":"2022-12-26T19:31:37","modified_gmt":"2022-12-26T19:31:37","slug":"mega-millions","status":"publish","type":"page","link":"https:\/\/jackpotlotteryonline.com\/cs\/vyherni-cisla\/mega-millions\/","title":{"rendered":"V\u00fdsledky losov\u00e1n\u00ed Mega Millions"},"content":{"rendered":"<p>Mega Millions je zn\u00e1m\u00e1 sv\u00fdmi mega jackpoty a s\u00e1zej\u00edc\u00ed po cel\u00e9m sv\u011bt\u011b prost\u011b miluj\u00ed my\u0161lenku na v\u00fdhru v t\u00e9to loterii. V\u00fdhra v loterii Mega Millions je americk\u00fdm snem a usiluj\u00ed o ni miliony hr\u00e1\u010d\u016f. Na\u0161t\u011bst\u00ed maj\u00ed nyn\u00ed hr\u00e1\u010di z cel\u00e9ho sv\u011bta \u0161anci na v\u00fdhru v loterii Mega Millions, a to zakoupen\u00edm tiket\u016f online. Pokud v\u00e1s zaj\u00edmalo, jak to ud\u011blat, pak pro v\u00e1s m\u00e1me lah\u016fdku.<\/p>\n<p>Pokud hrajete poprv\u00e9 (nebo pravideln\u011b), m\u016f\u017eete si tikety do<a href=\"https:\/\/jackpotlotteryonline.com\/cs\/koupit-vstupenky\/mega-millions\"> Mega Million koupit p\u0159\u00edmo zde na na\u0161ich str\u00e1nk\u00e1ch<\/a>. A nejen to, tady na jackpotlotteryonline.com v\u00e1m tak\u00e9 d\u00e1v\u00e1me \u0161anci na v\u00fdhru v n\u011bkolika \u0161pi\u010dkov\u00fdch mezin\u00e1rodn\u00edch loteri\u00edch. Pokud tedy chcete zkusit vyhr\u00e1t v loteri\u00edch z Austr\u00e1lie, Evropy nebo Ameriky, z\u016fsta\u0148te s n\u00e1mi.<\/p>\n<section class=\"layout\" style=\"border: solid 1px; width: 100%;\">\n<div class=\"img-div\" style=\"margin-top: 5px;\"><img decoding=\"async\" class=\"wp-image-17212 alignleft\" style=\"height: 45px; margin: 8px 8px 0px;\" src=\"https:\/\/jackpotlotteryonline.com\/wp-content\/uploads\/2022\/11\/read1.jpg\" alt=\"P\u0159e\u010dt\u011bte si\" width=\"\" height=\"\" \/><\/div>\n<div style=\"padding-left: 5px;\">\n<div style=\"font-size: 1.1em;\">\n<p><strong>Evropsk\u00e9 loterie<\/strong><\/p>\n<p style=\"font-size: 0.85em; margin-top: -1.5em;\">Kter\u00e9 evropsk\u00e9 loterie jsou nejlep\u0161\u00ed?\u00a0<a href=\"https:\/\/jackpotlotteryonline.com\/cs\/ktere-evropske-loterie-jsou-nejlepsi\"> P\u0159e\u010dt\u011bte si v\u00edce<\/a><\/p>\n<\/div>\n<\/div>\n<\/section>\n<p>Jo, a \u0159ekneme v\u00e1m, jak se m\u016f\u017eete dostat i k v\u00fdhr\u00e1m v Mega Milionech. Nem\u00e1 smysl <a href=\"https:\/\/jackpotlotteryonline.com\/cs\/jak-hrat\/mega-millions\">hr\u00e1t Mega Millions<\/a>, vyhr\u00e1t a nem\u00edt p\u0159\u00edstup ke sv\u00e9 v\u00fdh\u0159e. Tak\u017ee se uvoln\u011bte a \u010dt\u011bte d\u00e1l, abyste zjistili v\u0161e, co pot\u0159ebujete v\u011bd\u011bt o v\u00fdhern\u00edch \u010d\u00edslech Mega Millions.<\/p>\n<h2>Jak vybrat v\u00fdhern\u00ed \u010d\u00edsla Mega Millions<\/h2>\n<p><img loading=\"lazy\" decoding=\"async\" class=\"alignright size-full wp-image-31073\" src=\"https:\/\/jackpotlotteryonline.com\/wp-content\/uploads\/2022\/11\/logo_Mega_Millions_233x110.png\" alt=\"koupit tiket mega miliony online\" width=\"232\" height=\"110\" \/>Ka\u017ed\u00fd, kdo si koup\u00ed los, douf\u00e1, \u017ee n\u011bjak\u00fdm zp\u016fsobem z\u00edsk\u00e1 v\u00fdhern\u00ed tiket. Je to p\u0159irozen\u00fd lidsk\u00fd instinkt. V\u00edme, \u017ee pravd\u011bpodobnost m\u016f\u017ee b\u00fdt vysok\u00e1, ale n\u011bkdo p\u0159ece mus\u00ed z\u00edskat v\u00fdhern\u00ed tiket. A klidn\u011b to m\u016f\u017eete b\u00fdt vy, \u017ee? Ale jak to ud\u011blat? No, existuje n\u011bkolik trik\u016f, kter\u00e9 hr\u00e1\u010di pou\u017e\u00edvaj\u00ed k v\u00fdb\u011bru v\u00fdhern\u00edch \u010d\u00edsel.<\/p>\n<p>Budeme up\u0159\u00edmn\u00ed a \u0159ekneme v\u00e1m, \u017ee neexistuje \u017e\u00e1dn\u00fd zaru\u010den\u00fd zp\u016fsob, jak z\u00edskat v\u00fdhern\u00ed tiket. Je to hra n\u00e1hody a ka\u017ed\u00fd hr\u00e1\u010d prost\u011b mus\u00ed zkusit sv\u00e9 \u0161t\u011bst\u00ed. P\u0159esto existuj\u00ed zp\u016fsoby, jak si m\u016f\u017eete pomoci k pocitu \u0161t\u011bst\u00ed. K tomu jsou velmi d\u016fle\u017eit\u00e1 v\u00fdhern\u00ed \u010d\u00edsla, kter\u00e1 si vyberete.<\/p>\n<p>V podstat\u011b si m\u016f\u017eete vybrat v\u00fdhern\u00ed \u010d\u00edsla tak, \u017ee si vyberete \u0161\u0165astn\u00e1 data. N\u011bkte\u0159\u00ed lid\u00e9 pova\u017euj\u00ed za \u0161\u0165astn\u00e1 data sv\u00e9ho narozen\u00ed. \u0158\u00edk\u00e1 se, \u017ee n\u011bkte\u0159\u00ed lid\u00e9 se narodili pod \u0161\u0165astnou hv\u011bzdou. Pokud se c\u00edt\u00edte b\u00fdt jedn\u00edm z nich, pak byste mohli pro sv\u016fj los pou\u017e\u00edt cel\u00e9 datum narozen\u00ed nebo jeho \u010d\u00e1st. Pokud se nec\u00edt\u00edte tak \u0161\u0165astn\u00ed, pou\u017eijte automatick\u00fd gener\u00e1tor, kter\u00fd vybere n\u00e1hodn\u00e1 v\u00fdhern\u00ed \u010d\u00edsla.<\/p>\n<h2>V\u00fdhra v loterii Mega Millions online<\/h2>\n<p>Pravidla hry jsou stejn\u00e1, a\u0165 u\u017e hrajete online nebo offline. Provedeme v\u00e1s procesem v\u00fdb\u011bru v\u00fdhern\u00edch \u010d\u00edsel online. Jakmile si je osvoj\u00edte, nebudete cht\u00edt hr\u00e1t loterii jin\u00fdm zp\u016fsobem. Na tom, \u017ee nemus\u00edte nikam chodit, abyste si koupili los, je n\u011bco neuv\u011b\u0159iteln\u00e9ho. Sta\u010d\u00ed pou\u017e\u00edt po\u010d\u00edta\u010d nebo mobiln\u00ed za\u0159\u00edzen\u00ed.<\/p>\n<p>Nejprve k pravidl\u016fm. Pro Mega Millions mus\u00edte vybrat 5 \u010d\u00edsel v rozmez\u00ed 1 a\u017e 70 a Mega Ball od 1 do 25. V p\u0159\u00edpad\u011b, \u017ee jste se rozhodli pro Mega Millions, mus\u00edte si vybrat 5 \u010d\u00edsel. Jakmile si vyberete v\u00fdhern\u00ed kombinaci, m\u016f\u017eete se z\u00fa\u010dastnit slosov\u00e1n\u00ed. Slosovac\u00edmi dny jsou ka\u017ed\u00fd t\u00fdden \u00fater\u00fd a p\u00e1tek. M\u00e1te mo\u017enost z\u00fa\u010dastnit se jednoho losov\u00e1n\u00ed nebo obou.<\/p>\n<p>Do slosov\u00e1n\u00ed se m\u016f\u017eete p\u0159ihl\u00e1sit i n\u011bkolik t\u00fddn\u016f p\u0159edem. Pokud se shodujete s v\u00fdhern\u00ed kombinac\u00ed, vyhr\u00e1v\u00e1te velk\u00e9 \u010d\u00e1stky. P\u0159ed zaplacen\u00edm vstup\u016f v\u00e1s po\u017e\u00e1d\u00e1me o registraci. To proto, abychom v\u00e1m usnadnili p\u0159\u00edstup k v\u00fdhr\u00e1m a jejich vyzvednut\u00ed. Ale to v\u00e1m vysv\u011btl\u00edme pozd\u011bji, jen pokra\u010dujte ve \u010dten\u00ed.<\/p>\n<h2>Kontrola v\u00fdhern\u00edch \u010d\u00edsel<\/h2>\n<p>Jackpot Mega Millions za\u010d\u00edn\u00e1 na 40 milionech dolar\u016f. To je garantovan\u00e9 minimum a v\u00fdhra neklesne pod tuto \u010d\u00e1stku. Pokud se po losov\u00e1n\u00ed neobjev\u00ed \u017e\u00e1dn\u00e9 v\u00fdhern\u00ed \u010d\u00edslo, jackpot se p\u0159ev\u00e1d\u00ed do dal\u0161\u00edho losov\u00e1n\u00ed. P\u0159ekl\u00e1p\u00ed se tak dlouho, dokud se nenajde v\u00fdhern\u00ed tiket.<\/p>\n<p>Chcete-li zkontrolovat v\u00fdhern\u00ed v\u00fdsledky loterie Mega Millions, sta\u010d\u00ed se po ka\u017ed\u00e9m losov\u00e1n\u00ed vr\u00e1tit na tuto str\u00e1nku. Je to tak jednoduch\u00e9. Na t\u00e9to str\u00e1nce zve\u0159ej\u0148ujeme v\u00fdhern\u00ed v\u00fdsledky ka\u017ed\u00e9ho losov\u00e1n\u00ed, a to i v ostatn\u00edch v\u00fdhern\u00edch kategori\u00edch. Ano, v\u00fdhra v jackpotu nen\u00ed v\u0161e, co m\u016f\u017eete p\u0159i h\u0159e Mega Millions vyhr\u00e1t.<\/p>\n<p>Pokud vyhrajete jakoukoli cenu, budeme v\u00e1s o tom okam\u017eit\u011b informovat e-mailem, abyste si mohli vyzvednout svou v\u00fdhru.<\/p>\n<h2>V\u00fdhern\u00ed kategorie Mega Millions<\/h2>\n<p>Dob\u0159e, v\u00edme, \u017ee jste pravd\u011bpodobn\u011b zv\u011bdav\u00ed na v\u00fdhry dal\u0161\u00edch cen, kdy\u017e hrajete tuto loterii. V\u0161ichni douf\u00e1me, \u017ee vyhrajeme v loterii, ale kdy\u017e m\u00ed\u0159\u00edte ke hv\u011bzd\u00e1m, n\u011bkdy zas\u00e1hnete nebe. A tyto v\u00fdhry jsou opravdu \u00fa\u017easn\u00e9. Zde je tedy rozd\u011blen\u00ed v\u00fdher.<\/p>\n<p>Divize 1: 5 + Mega Ball &#8211; Jackpot<\/p>\n<p>Divize 2: 5 &#8211; 1 000 000 dolar\u016f<\/p>\n<p>Divize 3: 4 + Mega Ball &#8211; 10 000 dolar\u016f<\/p>\n<p>Divize 4: 4 &#8211; 500 dolar\u016f<\/p>\n<p>Divize 5: 3 + Mega Ball &#8211; 200 dolar\u016f<\/p>\n<p>Divize 6: 3 &#8211; 10 dolar\u016f<\/p>\n<p>Divize 7: 2 + Mega Ball &#8211; 10 USD<\/p>\n<p>Divize 8: 1 + Mega Ball &#8211; 4 USD<\/p>\n<p>Divize 8: pouze Mega Ball &#8211; 2 USD<\/p>\n<p>Vyhr\u00e1t cenu druh\u00e9 \u00farovn\u011b by bylo tak\u00e9 docela pozoruhodn\u00e9, \u017ee? My si to mysl\u00edme tak\u00e9.<\/p>\n<h2>Jak si vyzvednout v\u00fdhru<\/h2>\n<p><img loading=\"lazy\" decoding=\"async\" class=\"alignright size-full wp-image-19115\" src=\"https:\/\/jackpotlotteryonline.com\/wp-content\/uploads\/2022\/10\/2_ticket_mega_millions3.jpg\" alt=\"Skenov\u00e1n\u00ed tiketu mega miliony\" width=\"180\" height=\"193\" \/>Hr\u00e1t online loterii je sice hezk\u00e9, ale jak si vyzvednout v\u00fdhru? I na to jsme se zam\u011b\u0159ili. Pokud jste si koupili los na jackpotlotteryonline.com, m\u016f\u017eete se ke sv\u00e9 v\u00fdh\u0159e snadno dostat. Jakmile se p\u0159ihl\u00e1s\u00edte ke sv\u00e9mu \u00fa\u010dtu, jednodu\u0161e vyplat\u00edte pen\u00edze z na\u0161\u00ed platformy do sv\u00e9 banky.<\/p>\n<p>Tento bezprobl\u00e9mov\u00fd proces je hlavn\u00edm d\u016fvodem, pro\u010d na\u0161e z\u00e1kazn\u00edky \u017e\u00e1d\u00e1me o registraci. V\u00fdb\u011br v\u00fdhry je tak mnohem snaz\u0161\u00ed, a\u0165 u\u017e \u017eijete kdekoli.<\/p>\n<p>V\u0161imn\u011bte si, \u017ee se to obvykle t\u00fdk\u00e1 v\u00fdher, kter\u00e9 jsou ni\u017e\u0161\u00ed ne\u017e 2 500 \u20ac. Pokud je va\u0161e v\u00fdhra vy\u0161\u0161\u00ed ne\u017e 2 500 \u20ac, mo\u017en\u00e1 budete muset kontaktovat p\u0159\u00edmo loterijn\u00ed spole\u010dnost, abyste si v\u00fdhru vyzvedli. To v\u0161ak nen\u00ed probl\u00e9m, proto\u017ee v\u00e1m pom\u016f\u017eeme s vypln\u011bn\u00edm formul\u00e1\u0159e pro uplatn\u011bn\u00ed n\u00e1roku.<\/p>\n<h2>Pro\u010d byste m\u011bli hr\u00e1t loterii na jackpotlotteryonline.com<\/h2>\n<p>V\u0161e, co d\u011bl\u00e1me na jackpotlotteryonline.com, je zam\u011b\u0159eno na to, abyste m\u011bli p\u0159i hran\u00ed Mega Millions fantastick\u00fd z\u00e1\u017eitek. V \u017eivot\u011b je tolik v\u011bc\u00ed, kter\u00e9 jsou t\u011b\u017ek\u00e9, ale v\u00fdhra v loterii by mezi n\u011b pat\u0159it nem\u011bla. Proto se postar\u00e1me o v\u0161echny ty otravn\u00e9 mali\u010dkosti, abyste se mohli soust\u0159edit na z\u00e1bavu, kterou chcete za\u017e\u00edt.<\/p>\n<p>A co v\u00edc, jsme webem, kter\u00fd v\u00e1m porad\u00ed. Co\u017e znamen\u00e1, \u017ee na\u0161im z\u00e1kazn\u00edk\u016fm d\u00e1v\u00e1me \u0161anci na v\u00fdhru v loterii. Nes\u00e1z\u00edte na v\u00fdsledek Mega Millions, jako je tomu u mnoha loterijn\u00edch str\u00e1nek. Ve skute\u010dnosti poskytujeme na\u0161im z\u00e1kazn\u00edk\u016fm p\u0159\u00edstup k v\u00fdhern\u00edm mezin\u00e1rodn\u00edm loteri\u00edm, jako je Mega Millions. Kdy\u017e si na na\u0161ich str\u00e1nk\u00e1ch koup\u00edte tikety, Pokud m\u00e1te v\u00fdhern\u00ed tiket, vyhr\u00e1v\u00e1te v loterii.<\/p>\n<p>Na\u0161im z\u00e1kazn\u00edk\u016fm usnad\u0148ujeme kontrolu v\u00fdhern\u00edch \u010d\u00edsel Mega Millions i historii losov\u00e1n\u00ed. Kontrola historie losov\u00e1n\u00ed pom\u00e1h\u00e1 hr\u00e1\u010d\u016fm vytvo\u0159it si v\u00fdhern\u00ed hern\u00ed strategii. A kone\u010dn\u011b, z\u00edskat p\u0159\u00edstup ke sv\u00e9 v\u00fdh\u0159e je tak jednoduch\u00e9, jako jedno kliknut\u00ed. U\u017eijte si loterii Mega Millions je\u0161t\u011b dnes t\u00edm, \u017ee se u n\u00e1s zaregistrujete.<\/p>\n","protected":false},"excerpt":{"rendered":"<p>Mega Millions je zn\u00e1m\u00e1 sv\u00fdmi mega jackpoty a s\u00e1zej\u00edc\u00ed po cel\u00e9m sv\u011bt\u011b prost\u011b miluj\u00ed my\u0161lenku na v\u00fdhru v t\u00e9to loterii. V\u00fdhra v loterii Mega Millions je americk\u00fdm snem a usiluj\u00ed o ni miliony hr\u00e1\u010d\u016f. Na\u0161t\u011bst\u00ed maj\u00ed nyn\u00ed hr\u00e1\u010di z cel\u00e9ho sv\u011bta \u0161anci na v\u00fdhru v loterii Mega Millions, a to zakoupen\u00edm tiket\u016f online. Pokud v\u00e1s [&hellip;]<\/p>\n","protected":false},"author":1,"featured_media":0,"parent":35816,"menu_order":2,"comment_status":"closed","ping_status":"closed","template":"megamillion-results.php","meta":{"_et_pb_use_builder":"","_et_pb_old_content":"","_et_gb_content_width":"","exclude_from_search":false,"footnotes":""},"class_list":["post-40522","page","type-page","status-publish","hentry"],"yoast_head":"<!-- This site is optimized with the Yoast SEO plugin v23.3 - https:\/\/yoast.com\/wordpress\/plugins\/seo\/ -->\n<title>V\u00edt\u011bzn\u00e1 \u010d\u00edsla a v\u00fdsledky losov\u00e1n\u00ed Mega Millions<\/title>\n<meta name=\"description\" content=\"V\u00fdsledky losov\u00e1n\u00ed Mega Millions z tohoto t\u00fddne a star\u0161\u00ed losov\u00e1n\u00ed a vylosovan\u00e1 \u010d\u00edsla najdete zde na na\u0161ich str\u00e1nk\u00e1ch.\" \/>\n<meta name=\"robots\" content=\"index, follow, max-snippet:-1, max-image-preview:large, max-video-preview:-1\" \/>\n<link rel=\"canonical\" href=\"https:\/\/jackpotlotteryonline.com\/cs\/vyherni-cisla\/mega-millions\/\" \/>\n<meta property=\"og:locale\" content=\"cs_CZ\" \/>\n<meta property=\"og:type\" content=\"article\" \/>\n<meta property=\"og:title\" content=\"V\u00edt\u011bzn\u00e1 \u010d\u00edsla a v\u00fdsledky losov\u00e1n\u00ed Mega Millions\" \/>\n<meta property=\"og:description\" content=\"V\u00fdsledky losov\u00e1n\u00ed Mega Millions z tohoto t\u00fddne a star\u0161\u00ed losov\u00e1n\u00ed a vylosovan\u00e1 \u010d\u00edsla najdete zde na na\u0161ich str\u00e1nk\u00e1ch.\" \/>\n<meta property=\"og:url\" content=\"https:\/\/jackpotlotteryonline.com\/cs\/vyherni-cisla\/mega-millions\/\" \/>\n<meta property=\"og:site_name\" content=\"Lotto Online - Crack The International Lottery Jackpots\" \/>\n<meta property=\"article:modified_time\" content=\"2022-12-26T19:31:37+00:00\" \/>\n<meta property=\"og:image\" content=\"https:\/\/jackpotlotteryonline.com\/wp-content\/uploads\/2022\/11\/read1.jpg\" \/>\n<meta name=\"twitter:card\" content=\"summary_large_image\" \/>\n<meta name=\"twitter:label1\" content=\"Odhadovan\u00e1 doba \u010dten\u00ed\" \/>\n\t<meta name=\"twitter:data1\" content=\"5 minut\" \/>\n<!-- \/ Yoast SEO plugin. -->","yoast_head_json":{"title":"V\u00edt\u011bzn\u00e1 \u010d\u00edsla a v\u00fdsledky losov\u00e1n\u00ed Mega Millions","description":"V\u00fdsledky losov\u00e1n\u00ed Mega Millions z tohoto t\u00fddne a star\u0161\u00ed losov\u00e1n\u00ed a vylosovan\u00e1 \u010d\u00edsla najdete zde na na\u0161ich str\u00e1nk\u00e1ch.","robots":{"index":"index","follow":"follow","max-snippet":"max-snippet:-1","max-image-preview":"max-image-preview:large","max-video-preview":"max-video-preview:-1"},"canonical":"https:\/\/jackpotlotteryonline.com\/cs\/vyherni-cisla\/mega-millions\/","og_locale":"cs_CZ","og_type":"article","og_title":"V\u00edt\u011bzn\u00e1 \u010d\u00edsla a v\u00fdsledky losov\u00e1n\u00ed Mega Millions","og_description":"V\u00fdsledky losov\u00e1n\u00ed Mega Millions z tohoto t\u00fddne a star\u0161\u00ed losov\u00e1n\u00ed a vylosovan\u00e1 \u010d\u00edsla najdete zde na na\u0161ich str\u00e1nk\u00e1ch.","og_url":"https:\/\/jackpotlotteryonline.com\/cs\/vyherni-cisla\/mega-millions\/","og_site_name":"Lotto Online - Crack The International Lottery Jackpots","article_modified_time":"2022-12-26T19:31:37+00:00","og_image":[{"url":"https:\/\/jackpotlotteryonline.com\/wp-content\/uploads\/2022\/11\/read1.jpg"}],"twitter_card":"summary_large_image","twitter_misc":{"Odhadovan\u00e1 doba \u010dten\u00ed":"5 minut"},"schema":{"@context":"https:\/\/schema.org","@graph":[{"@type":"WebPage","@id":"https:\/\/jackpotlotteryonline.com\/cs\/vyherni-cisla\/mega-millions\/","url":"https:\/\/jackpotlotteryonline.com\/cs\/vyherni-cisla\/mega-millions\/","name":"V\u00edt\u011bzn\u00e1 \u010d\u00edsla a v\u00fdsledky losov\u00e1n\u00ed Mega Millions","isPartOf":{"@id":"https:\/\/jackpotlotteryonline.com\/#website"},"primaryImageOfPage":{"@id":"https:\/\/jackpotlotteryonline.com\/cs\/vyherni-cisla\/mega-millions\/#primaryimage"},"image":{"@id":"https:\/\/jackpotlotteryonline.com\/cs\/vyherni-cisla\/mega-millions\/#primaryimage"},"thumbnailUrl":"https:\/\/jackpotlotteryonline.com\/wp-content\/uploads\/2022\/11\/read1.jpg","datePublished":"2022-12-05T09:29:59+00:00","dateModified":"2022-12-26T19:31:37+00:00","description":"V\u00fdsledky losov\u00e1n\u00ed Mega Millions z tohoto t\u00fddne a star\u0161\u00ed losov\u00e1n\u00ed a vylosovan\u00e1 \u010d\u00edsla najdete zde na na\u0161ich str\u00e1nk\u00e1ch.","breadcrumb":{"@id":"https:\/\/jackpotlotteryonline.com\/cs\/vyherni-cisla\/mega-millions\/#breadcrumb"},"inLanguage":"cs","potentialAction":[{"@type":"ReadAction","target":["https:\/\/jackpotlotteryonline.com\/cs\/vyherni-cisla\/mega-millions\/"]}]},{"@type":"ImageObject","inLanguage":"cs","@id":"https:\/\/jackpotlotteryonline.com\/cs\/vyherni-cisla\/mega-millions\/#primaryimage","url":"https:\/\/jackpotlotteryonline.com\/wp-content\/uploads\/2022\/11\/read1.jpg","contentUrl":"https:\/\/jackpotlotteryonline.com\/wp-content\/uploads\/2022\/11\/read1.jpg"},{"@type":"BreadcrumbList","@id":"https:\/\/jackpotlotteryonline.com\/cs\/vyherni-cisla\/mega-millions\/#breadcrumb","itemListElement":[{"@type":"ListItem","position":1,"name":"Home","item":"https:\/\/jackpotlotteryonline.com\/cs\/"},{"@type":"ListItem","position":2,"name":"V\u00fdsledky loterie","item":"https:\/\/jackpotlotteryonline.com\/cs\/vyherni-cisla\/"},{"@type":"ListItem","position":3,"name":"V\u00fdsledky losov\u00e1n\u00ed Mega Millions"}]},{"@type":"WebSite","@id":"https:\/\/jackpotlotteryonline.com\/#website","url":"https:\/\/jackpotlotteryonline.com\/","name":"Lotto Online - Crack The International Lottery Jackpots","description":"","potentialAction":[{"@type":"SearchAction","target":{"@type":"EntryPoint","urlTemplate":"https:\/\/jackpotlotteryonline.com\/?s={search_term_string}"},"query-input":"required name=search_term_string"}],"inLanguage":"cs"}]}},"_links":{"self":[{"href":"https:\/\/jackpotlotteryonline.com\/cs\/wp-json\/wp\/v2\/pages\/40522","targetHints":{"allow":["GET"]}}],"collection":[{"href":"https:\/\/jackpotlotteryonline.com\/cs\/wp-json\/wp\/v2\/pages"}],"about":[{"href":"https:\/\/jackpotlotteryonline.com\/cs\/wp-json\/wp\/v2\/types\/page"}],"author":[{"embeddable":true,"href":"https:\/\/jackpotlotteryonline.com\/cs\/wp-json\/wp\/v2\/users\/1"}],"replies":[{"embeddable":true,"href":"https:\/\/jackpotlotteryonline.com\/cs\/wp-json\/wp\/v2\/comments?post=40522"}],"version-history":[{"count":0,"href":"https:\/\/jackpotlotteryonline.com\/cs\/wp-json\/wp\/v2\/pages\/40522\/revisions"}],"up":[{"embeddable":true,"href":"https:\/\/jackpotlotteryonline.com\/cs\/wp-json\/wp\/v2\/pages\/35816"}],"wp:attachment":[{"href":"https:\/\/jackpotlotteryonline.com\/cs\/wp-json\/wp\/v2\/media?parent=40522"}],"curies":[{"name":"wp","href":"https:\/\/api.w.org\/{rel}","templated":true}]}}