{"id":40576,"date":"2022-12-05T12:36:43","date_gmt":"2022-12-05T12:36:43","guid":{"rendered":"https:\/\/jackpotlotteryonline.com\/?page_id=40576"},"modified":"2022-12-27T07:50:34","modified_gmt":"2022-12-27T07:50:34","slug":"euromillions","status":"publish","type":"page","link":"https:\/\/jackpotlotteryonline.com\/cs\/vyherni-cisla\/euromillions\/","title":{"rendered":"V\u00fdsledky losov\u00e1n\u00ed Euromilion\u016f"},"content":{"rendered":"<p>Hr\u00e1\u010di, kte\u0159\u00ed si kupuj\u00ed losy, se \u010dasto ob\u00e1vaj\u00ed, \u017ee jim unikne v\u00fdhra v loterii. Je to proto, \u017ee lid\u00e9 b\u00fdvaj\u00ed neopatrn\u00ed a losy se ztr\u00e1cej\u00ed; bez losu se o v\u00fdhru nem\u016f\u017eete p\u0159ihl\u00e1sit. Kdy\u017e v\u0161ak hrajete loterii online, nemus\u00edte se nikdy ob\u00e1vat chyb\u011bj\u00edc\u00edch los\u016f, proto\u017ee v\u0161e je digit\u00e1ln\u00ed. Kontrola v\u00fdhern\u00edch \u010d\u00edsel v\u0161ak m\u016f\u017ee b\u00fdt st\u00e1le probl\u00e9m, pokud nev\u00edte, co d\u011blat. A pr\u00e1v\u011b proto jsme tu my.<\/p>\n<p>Na jackpotlotteryonline.com poskytujeme hr\u00e1\u010d\u016fm p\u0159\u00edstup ke \u0161pi\u010dkov\u00fdm mezin\u00e1rodn\u00edm loteri\u00edm online. Tak\u00e9 v\u00e1m usnadn\u00edme n\u00e1kup los\u016f a kontrolu v\u00fdhern\u00edch \u010d\u00edsel loterie Euromillions, a\u0165 jste kdekoli.<\/p>\n<h2>Jak vyhr\u00e1t jackpot?<\/h2>\n<p><img loading=\"lazy\" decoding=\"async\" class=\"alignright size-full wp-image-31019\" src=\"http:\/\/jackpotlotteryonline.com\/wp-content\/uploads\/2022\/11\/euromillions.png\" alt=\"V\u00fdhra v Euromillions\" width=\"200\" height=\"212\" \/>To je z\u00e1sadn\u00ed ot\u00e1zka, proto\u017ee ka\u017ed\u00fd, kdo hraje loterii, by r\u00e1d v\u011bd\u011bl, co je t\u0159eba k v\u00fdh\u0159e. Jednoduch\u00e1 odpov\u011b\u010f zn\u00ed, \u017ee k v\u00fdh\u0159e v loterii sta\u010d\u00ed, aby hr\u00e1\u010d trefil vylosovan\u00e1 \u010d\u00edsla. V\u0161ichni samoz\u0159ejm\u011b v\u00edme, \u017ee tak jednoduch\u00e9 to nen\u00ed. V loterii hodn\u011b z\u00e1le\u017e\u00ed na \u0161t\u011bst\u00ed.<\/p>\n<p>V p\u0159\u00edpad\u011b Euromilion\u016f mus\u00ed hr\u00e1\u010d vybrat 5 \u010d\u00edslic od 1 do 70 a 2 \u0161\u0165astn\u00e9 hv\u011bzdy. Kdo se shoduje se v\u0161emi 7 vylosovan\u00fdmi \u010d\u00edslicemi, vyhr\u00e1v\u00e1 v loterii.<\/p>\n<p>Zde se m\u016f\u017eete pod\u00edvat na minul\u00e9 kombinace a zjistit, jak\u00e9 \u010d\u00edslice se vyskytuj\u00ed nej\u010dast\u011bji nebo nejm\u00e9n\u011b. To by v\u00e1m mohlo pomoci napl\u00e1novat si v\u00edt\u011bznou strategii pro evropskou loterii.<\/p>\n<h2>Jak zkontrolovat v\u00fdherce<\/h2>\n<p>Existuje n\u011bkolik zp\u016fsob\u016f, jak zkontrolovat v\u00edt\u011bze loterie online. Probl\u00e9mem kontroly na libovoln\u00e9 n\u00e1hodn\u00e9 str\u00e1nce v\u0161ak je, \u017ee nemus\u00edte z\u00edskat p\u0159esn\u00e9 informace. Tak\u00e9 pokud kontrolujete zpravodajsk\u00e9 weby, m\u016f\u017eete se dozv\u011bd\u011bt pouze kombinaci, kter\u00e1 vyhr\u00e1la jackpot.<\/p>\n<p>Evropsk\u00e1 loterie m\u00e1 n\u011bkolik v\u00fdhern\u00edch kategori\u00ed, a i kdy\u017e jste nevyhr\u00e1li hlavn\u00ed cenu, m\u016f\u017eete se dom\u016f vr\u00e1tit s p\u011bknou \u010d\u00e1stkou. Proto je d\u016fle\u017eit\u00e9 zkontrolovat sv\u016fj tiket s ostatn\u00edmi v\u00fdhern\u00edmi divizemi.<\/p>\n<p>Pokud <a href=\"https:\/\/jackpotlotteryonline.com\/cs\/koupit-vstupenky\/euromillions\">si koup\u00edte los<\/a> na jackpotlotteryonline.com, po\u0161leme v\u00e1m e-mail, jakmile vyhrajete cenu. Nemus\u00edte se tedy ob\u00e1vat, \u017ee byste o v\u00fdhru p\u0159i\u0161li.<\/p>\n<h2>P\u0159\u00edstup k va\u0161\u00ed v\u00fdh\u0159e<\/h2>\n<p>Proto\u017ee <a href=\"https:\/\/jackpotlotteryonline.com\/cs\/jak-hrat\/euromillions\">hrajete loterii online<\/a>, je p\u0159irozen\u00e9, \u017ee v\u00e1s zaj\u00edm\u00e1, co se stane, kdy\u017e vyhrajete cenu. Pokud hrajete s n\u00e1mi, pak je p\u0159\u00edstup k va\u0161\u00ed v\u00fdh\u0159e stejn\u011b jednoduch\u00fd jako zakoupen\u00ed tiketu. T\u00edm m\u00e1me na mysli, \u017ee si sv\u00e9 v\u00fdhry m\u016f\u017eete na na\u0161ich str\u00e1nk\u00e1ch snadno vybrat. \u017d\u00e1dn\u00e9 pot\u00ed\u017ee a komplikace.<\/p>\n<p>Pokud vyhrajete jackpot nebo \u010d\u00e1stku, kter\u00e1 je vy\u0161\u0161\u00ed ne\u017e 2500 \u20ac, pak mo\u017en\u00e1 budete muset vyplnit reklama\u010dn\u00ed formul\u00e1\u0159. Ale nebojte se, nen\u00ed to slo\u017eit\u00fd proces a my v\u00e1s j\u00edm provedeme.<\/p>\n<section class=\"layout\" style=\"border: solid 1px; width: 100%;\">\n<div class=\"img-div\" style=\"margin-top: 5px;\"><img decoding=\"async\" class=\"wp-image-17212 alignleft\" style=\"height: 45px; margin: 8px 8px 0px;\" src=\"http:\/\/jackpotlotteryonline.com\/wp-content\/uploads\/2022\/11\/read1.jpg\" alt=\"P\u0159e\u010dt\u011bte si\" width=\"\" height=\"\" \/><\/div>\n<div style=\"padding-left: 5px;\">\n<div style=\"font-size: 1.1em;\">\n<p><strong>Jak dostanu v\u00fdplatu, kdy\u017e vyhraji v loterii online?<\/strong><\/p>\n<p style=\"font-size: 0.85em; margin-top: -1.5em;\">Takto z\u00edsk\u00e1te sv\u00e9 pen\u00edze, pokud vyhrajete v loterii online\u00a0 <a href=\"https:\/\/jackpotlotteryonline.com\/cs\/jak-ziskam-placeno-pokud-vyhraji-loterii-online\">P\u0159e\u010dt\u011bte si v\u00edce<\/a><\/p>\n<\/div>\n<\/div>\n<\/section>\n<h2>Zkontrolujte si sv\u00e1 v\u00fdhern\u00ed \u010d\u00edsla v sout\u011b\u017ei Euromiliony je\u0161t\u011b dnes<\/h2>\n<p>Usilovn\u011b jsme pracovali na vytvo\u0159en\u00ed bezpe\u010dn\u00e9ho online prost\u0159ed\u00ed pro na\u0161e hr\u00e1\u010de. Poskytujeme v\u0161e, co pot\u0159ebujete k pohodln\u00e9mu hran\u00ed loterie. S n\u00e1mi z\u00edsk\u00e1te p\u0159\u00edstup ke \u0161pi\u010dkov\u00fdm mezin\u00e1rodn\u00edm loteri\u00edm a m\u016f\u017eete se p\u0159ihl\u00e1sit do v\u00edce losov\u00e1n\u00ed p\u0159edem. Krom\u011b toho m\u016f\u017eete p\u0159\u00edmo zde snadno kontrolovat losov\u00e1n\u00ed a vyb\u00edrat sv\u00e9 v\u00fdhry.<\/p>\n","protected":false},"excerpt":{"rendered":"<p>Hr\u00e1\u010di, kte\u0159\u00ed si kupuj\u00ed losy, se \u010dasto ob\u00e1vaj\u00ed, \u017ee jim unikne v\u00fdhra v loterii. Je to proto, \u017ee lid\u00e9 b\u00fdvaj\u00ed neopatrn\u00ed a losy se ztr\u00e1cej\u00ed; bez losu se o v\u00fdhru nem\u016f\u017eete p\u0159ihl\u00e1sit. Kdy\u017e v\u0161ak hrajete loterii online, nemus\u00edte se nikdy ob\u00e1vat chyb\u011bj\u00edc\u00edch los\u016f, proto\u017ee v\u0161e je digit\u00e1ln\u00ed. Kontrola v\u00fdhern\u00edch \u010d\u00edsel v\u0161ak m\u016f\u017ee b\u00fdt st\u00e1le probl\u00e9m, [&hellip;]<\/p>\n","protected":false},"author":1,"featured_media":0,"parent":35816,"menu_order":3,"comment_status":"closed","ping_status":"closed","template":"euromillions-results.php","meta":{"_et_pb_use_builder":"","_et_pb_old_content":"","_et_gb_content_width":"","exclude_from_search":false,"footnotes":""},"class_list":["post-40576","page","type-page","status-publish","hentry"],"yoast_head":"<!-- This site is optimized with the Yoast SEO plugin v23.3 - https:\/\/yoast.com\/wordpress\/plugins\/seo\/ -->\n<title>Vylosovan\u00e1 \u010d\u00edsla a v\u00fdsledky losov\u00e1n\u00ed v Euromillions<\/title>\n<meta name=\"description\" content=\"V\u00fdsledky losov\u00e1n\u00ed Euromilion\u016f - vylosovan\u00e1 \u010d\u00edsla pro posledn\u00ed losov\u00e1n\u00ed a tak\u00e9 archiv minul\u00fdch v\u00fdsledk\u016f.\" \/>\n<meta name=\"robots\" content=\"index, follow, max-snippet:-1, max-image-preview:large, max-video-preview:-1\" \/>\n<link rel=\"canonical\" href=\"https:\/\/jackpotlotteryonline.com\/cs\/vyherni-cisla\/euromillions\/\" \/>\n<meta property=\"og:locale\" content=\"cs_CZ\" \/>\n<meta property=\"og:type\" content=\"article\" \/>\n<meta property=\"og:title\" content=\"Vylosovan\u00e1 \u010d\u00edsla a v\u00fdsledky losov\u00e1n\u00ed v Euromillions\" \/>\n<meta property=\"og:description\" content=\"V\u00fdsledky losov\u00e1n\u00ed Euromilion\u016f - vylosovan\u00e1 \u010d\u00edsla pro posledn\u00ed losov\u00e1n\u00ed a tak\u00e9 archiv minul\u00fdch v\u00fdsledk\u016f.\" \/>\n<meta property=\"og:url\" content=\"https:\/\/jackpotlotteryonline.com\/cs\/vyherni-cisla\/euromillions\/\" \/>\n<meta property=\"og:site_name\" content=\"Lotto Online - Crack The International Lottery Jackpots\" \/>\n<meta property=\"article:modified_time\" content=\"2022-12-27T07:50:34+00:00\" \/>\n<meta property=\"og:image\" content=\"http:\/\/jackpotlotteryonline.com\/wp-content\/uploads\/2022\/11\/euromillions.png\" \/>\n<meta name=\"twitter:card\" content=\"summary_large_image\" \/>\n<meta name=\"twitter:label1\" content=\"Odhadovan\u00e1 doba \u010dten\u00ed\" \/>\n\t<meta name=\"twitter:data1\" content=\"3 minuty\" \/>\n<!-- \/ Yoast SEO plugin. -->","yoast_head_json":{"title":"Vylosovan\u00e1 \u010d\u00edsla a v\u00fdsledky losov\u00e1n\u00ed v Euromillions","description":"V\u00fdsledky losov\u00e1n\u00ed Euromilion\u016f - vylosovan\u00e1 \u010d\u00edsla pro posledn\u00ed losov\u00e1n\u00ed a tak\u00e9 archiv minul\u00fdch v\u00fdsledk\u016f.","robots":{"index":"index","follow":"follow","max-snippet":"max-snippet:-1","max-image-preview":"max-image-preview:large","max-video-preview":"max-video-preview:-1"},"canonical":"https:\/\/jackpotlotteryonline.com\/cs\/vyherni-cisla\/euromillions\/","og_locale":"cs_CZ","og_type":"article","og_title":"Vylosovan\u00e1 \u010d\u00edsla a v\u00fdsledky losov\u00e1n\u00ed v Euromillions","og_description":"V\u00fdsledky losov\u00e1n\u00ed Euromilion\u016f - vylosovan\u00e1 \u010d\u00edsla pro posledn\u00ed losov\u00e1n\u00ed a tak\u00e9 archiv minul\u00fdch v\u00fdsledk\u016f.","og_url":"https:\/\/jackpotlotteryonline.com\/cs\/vyherni-cisla\/euromillions\/","og_site_name":"Lotto Online - Crack The International Lottery Jackpots","article_modified_time":"2022-12-27T07:50:34+00:00","og_image":[{"url":"http:\/\/jackpotlotteryonline.com\/wp-content\/uploads\/2022\/11\/euromillions.png"}],"twitter_card":"summary_large_image","twitter_misc":{"Odhadovan\u00e1 doba \u010dten\u00ed":"3 minuty"},"schema":{"@context":"https:\/\/schema.org","@graph":[{"@type":"WebPage","@id":"https:\/\/jackpotlotteryonline.com\/cs\/vyherni-cisla\/euromillions\/","url":"https:\/\/jackpotlotteryonline.com\/cs\/vyherni-cisla\/euromillions\/","name":"Vylosovan\u00e1 \u010d\u00edsla a v\u00fdsledky losov\u00e1n\u00ed v Euromillions","isPartOf":{"@id":"https:\/\/jackpotlotteryonline.com\/#website"},"primaryImageOfPage":{"@id":"https:\/\/jackpotlotteryonline.com\/cs\/vyherni-cisla\/euromillions\/#primaryimage"},"image":{"@id":"https:\/\/jackpotlotteryonline.com\/cs\/vyherni-cisla\/euromillions\/#primaryimage"},"thumbnailUrl":"http:\/\/jackpotlotteryonline.com\/wp-content\/uploads\/2022\/11\/euromillions.png","datePublished":"2022-12-05T12:36:43+00:00","dateModified":"2022-12-27T07:50:34+00:00","description":"V\u00fdsledky losov\u00e1n\u00ed Euromilion\u016f - vylosovan\u00e1 \u010d\u00edsla pro posledn\u00ed losov\u00e1n\u00ed a tak\u00e9 archiv minul\u00fdch v\u00fdsledk\u016f.","breadcrumb":{"@id":"https:\/\/jackpotlotteryonline.com\/cs\/vyherni-cisla\/euromillions\/#breadcrumb"},"inLanguage":"cs","potentialAction":[{"@type":"ReadAction","target":["https:\/\/jackpotlotteryonline.com\/cs\/vyherni-cisla\/euromillions\/"]}]},{"@type":"ImageObject","inLanguage":"cs","@id":"https:\/\/jackpotlotteryonline.com\/cs\/vyherni-cisla\/euromillions\/#primaryimage","url":"http:\/\/jackpotlotteryonline.com\/wp-content\/uploads\/2022\/11\/euromillions.png","contentUrl":"http:\/\/jackpotlotteryonline.com\/wp-content\/uploads\/2022\/11\/euromillions.png"},{"@type":"BreadcrumbList","@id":"https:\/\/jackpotlotteryonline.com\/cs\/vyherni-cisla\/euromillions\/#breadcrumb","itemListElement":[{"@type":"ListItem","position":1,"name":"Home","item":"https:\/\/jackpotlotteryonline.com\/cs\/"},{"@type":"ListItem","position":2,"name":"V\u00fdsledky loterie","item":"https:\/\/jackpotlotteryonline.com\/cs\/vyherni-cisla\/"},{"@type":"ListItem","position":3,"name":"V\u00fdsledky losov\u00e1n\u00ed Euromilion\u016f"}]},{"@type":"WebSite","@id":"https:\/\/jackpotlotteryonline.com\/#website","url":"https:\/\/jackpotlotteryonline.com\/","name":"Lotto Online - Crack The International Lottery Jackpots","description":"","potentialAction":[{"@type":"SearchAction","target":{"@type":"EntryPoint","urlTemplate":"https:\/\/jackpotlotteryonline.com\/?s={search_term_string}"},"query-input":"required name=search_term_string"}],"inLanguage":"cs"}]}},"_links":{"self":[{"href":"https:\/\/jackpotlotteryonline.com\/cs\/wp-json\/wp\/v2\/pages\/40576","targetHints":{"allow":["GET"]}}],"collection":[{"href":"https:\/\/jackpotlotteryonline.com\/cs\/wp-json\/wp\/v2\/pages"}],"about":[{"href":"https:\/\/jackpotlotteryonline.com\/cs\/wp-json\/wp\/v2\/types\/page"}],"author":[{"embeddable":true,"href":"https:\/\/jackpotlotteryonline.com\/cs\/wp-json\/wp\/v2\/users\/1"}],"replies":[{"embeddable":true,"href":"https:\/\/jackpotlotteryonline.com\/cs\/wp-json\/wp\/v2\/comments?post=40576"}],"version-history":[{"count":0,"href":"https:\/\/jackpotlotteryonline.com\/cs\/wp-json\/wp\/v2\/pages\/40576\/revisions"}],"up":[{"embeddable":true,"href":"https:\/\/jackpotlotteryonline.com\/cs\/wp-json\/wp\/v2\/pages\/35816"}],"wp:attachment":[{"href":"https:\/\/jackpotlotteryonline.com\/cs\/wp-json\/wp\/v2\/media?parent=40576"}],"curies":[{"name":"wp","href":"https:\/\/api.w.org\/{rel}","templated":true}]}}