{"id":40631,"date":"2022-12-06T06:05:35","date_gmt":"2022-12-06T06:05:35","guid":{"rendered":"https:\/\/jackpotlotteryonline.com\/?page_id=40631"},"modified":"2022-12-28T07:44:52","modified_gmt":"2022-12-28T07:44:52","slug":"eurojackpot","status":"publish","type":"page","link":"https:\/\/jackpotlotteryonline.com\/cs\/vyherni-cisla\/eurojackpot\/","title":{"rendered":"V\u00fdsledky losov\u00e1n\u00ed Eurojackpotu"},"content":{"rendered":"<p>Jak zjist\u00edte v\u00fdhern\u00ed \u010d\u00edsla loterie Eurojackpot? Eurojackpot je jednou z nejobl\u00edben\u011bj\u0161\u00edch loteri\u00ed v Evrop\u011b, a proto se s\u00e1zej\u00edc\u00ed v\u0161ude t\u011b\u0161\u00ed na p\u0159\u00edle\u017eitost k velk\u00e9 v\u00fdh\u0159e. Pokud \u017eijete mimo Evropu, m\u016f\u017eete si losy do loterie Eurojackpot zakoupit i vy a v\u00fdsledky losov\u00e1n\u00ed si ov\u011b\u0159it online.<\/p>\n<p>Kdy\u017e nav\u0161t\u00edv\u00edte jackpotlotteryonline.com, z\u00edsk\u00e1te p\u0159\u00edstup k nejlep\u0161\u00edm mezin\u00e1rodn\u00edm loteri\u00edm po cel\u00e9m sv\u011bt\u011b. Poskytujeme jednoduch\u00fd a pohodln\u00fd zp\u016fsob, jak hr\u00e1t loterii a kontrolovat losov\u00e1n\u00ed na jednom m\u00edst\u011b.<\/p>\n<h2>Jak\u00e1 je v\u00fdhern\u00ed kombinace?<\/h2>\n<p><img loading=\"lazy\" decoding=\"async\" class=\"size-full wp-image-28751 alignright\" src=\"http:\/\/jackpotlotteryonline.com\/wp-content\/uploads\/2022\/11\/1_online_ticket_eurojackpot.jpg\" alt=\"V\u00fdhern\u00ed kombinace Eurojackpotu\" width=\"300\" height=\"210\" \/>V\u011bt\u0161ina lid\u00ed <a href=\"https:\/\/jackpotlotteryonline.com\/cs\/jak-hrat\/eurojackpot\">hraje loterii<\/a> kv\u016fli \u0161anci na velkou v\u00fdhru a s\u00e1zej\u00edc\u00ed miluj\u00ed zejm\u00e9na Eurojackpot, a to z n\u011bkolika d\u016fvod\u016f. Jedn\u00edm z nich je vysok\u00e1 \u0161ance na v\u00fdhru. Tato loterie od sv\u00e9ho prvn\u00edho spu\u0161t\u011bn\u00ed vyprodukovala mnoho milion\u00e1\u0159\u016f.<\/p>\n<p>V podstat\u011b vyhr\u00e1v\u00e1 ten tiket, kter\u00fd odpov\u00edd\u00e1 vylosovan\u00fdm \u010d\u00edsl\u016fm. Pokud hrajete online, mus\u00edte si vybrat 5 \u010d\u00edslic od 1 do 50 a 2 dal\u0161\u00ed od 1 do 12. V p\u0159\u00edpad\u011b, \u017ee hrajete online, mus\u00edte si vybrat 5 \u010d\u00edslic od 1 do 50 a 2 dal\u0161\u00ed od 1 do 12. Kdo se shoduje se sedmi vylosovan\u00fdmi \u010d\u00edslicemi, vyhr\u00e1v\u00e1 jackpot.<\/p>\n<p>P\u0159i v\u00fdb\u011bru \u010d\u00edsel si m\u016f\u017eete vybrat bu\u010f ta, kter\u00e1 jsou pro v\u00e1s speci\u00e1ln\u00ed, nebo n\u00e1hodn\u00e1. N\u011bkte\u0159\u00ed hr\u00e1\u010di d\u00e1vaj\u00ed p\u0159ednost n\u00e1hodn\u00e9mu v\u00fdb\u011bru pomoc\u00ed na\u0161eho automatick\u00e9ho gener\u00e1toru. D\u016fle\u017eit\u00e9 je, abyste si tiket po\u0159\u00eddili je\u0161t\u011b p\u0159ed losov\u00e1n\u00edm.<\/p>\n<h2>Jak zkontrolovat v\u00fdsledky slosov\u00e1n\u00ed<\/h2>\n<p>Tato evropsk\u00e1 loterie m\u00e1 dva slosovac\u00ed dny, ka\u017ed\u00fd t\u00fdden v \u00fater\u00fd a v p\u00e1tek. V\u00fdsledky losov\u00e1n\u00ed jsou \u010dasto vyhla\u0161ov\u00e1ny v p\u0159\u00edm\u00e9m p\u0159enosu. \u010dek\u00e1n\u00ed na sledov\u00e1n\u00ed losov\u00e1n\u00ed v p\u0159\u00edm\u00e9m p\u0159enosu v\u0161ak m\u016f\u017ee b\u00fdt pon\u011bkud nep\u0159\u00edjemn\u00e9. Zejm\u00e9na pokud koliduje s d\u016fle\u017eitou funkc\u00ed nebo nap\u0159\u00edklad s va\u0161\u00edm zam\u011bstn\u00e1n\u00edm. Proto je hran\u00ed loterie s n\u00e1mi fantastickou volbou.<\/p>\n<p>Kdy\u017e hrajete s n\u00e1mi, sta\u010d\u00ed, kdy\u017e se znovu pod\u00edv\u00e1te na v\u00fdsledky losov\u00e1n\u00ed. To proto, \u017ee v\u00fdsledky losov\u00e1n\u00ed zve\u0159ej\u0148ujeme p\u0159\u00edmo zde na na\u0161ich str\u00e1nk\u00e1ch.<\/p>\n<p>Nav\u00edc, pokud vyhrajete cenu, d\u00e1me v\u00e1m v\u011bd\u011bt, jakmile vyhrajete, prost\u0159ednictv\u00edm e-mailu. A jakmile se p\u0159ihl\u00e1s\u00edte ke sv\u00e9mu \u00fa\u010dtu na na\u0161\u00ed platform\u011b, dostanete upozorn\u011bn\u00ed. Hran\u00ed loterie je je\u0161t\u011b jednodu\u0161\u0161\u00ed a pohodln\u011bj\u0161\u00ed, kdy\u017e si losy koup\u00edte u n\u00e1s.<\/p>\n<h2>Co d\u011blat, kdy\u017e vyhrajete<\/h2>\n<p>Jsme r\u00e1di, kdy\u017e na\u0161i z\u00e1kazn\u00edci v loterii vyhr\u00e1vaj\u00ed, proto\u017ee to je p\u0159edev\u0161\u00edm d\u016fvod, pro\u010d jsme tady. Abychom hr\u00e1\u010d\u016fm po cel\u00e9m sv\u011bt\u011b umo\u017enili p\u0159\u00edstup ke \u0161pi\u010dkov\u00fdm mezin\u00e1rodn\u00edm loteri\u00edm z pohodl\u00ed jejich po\u010d\u00edta\u010d\u016f nebo mobiln\u00edch za\u0159\u00edzen\u00ed.<\/p>\n<p>Pokud tedy vyhrajete, nejen\u017ee v\u00e1s na to upozorn\u00edme, ale m\u016f\u017eete si v\u00fdhru snadno vybrat z na\u0161\u00ed platformy. P\u0159esn\u011b tak. Nemus\u00edte nikam chodit, abyste z\u00edskali p\u0159\u00edstup ke sv\u00e9 loterijn\u00ed v\u00fdh\u0159e, sta\u010d\u00ed si ji vybrat p\u0159\u00edmo na sv\u016fj \u00fa\u010det.<\/p>\n<p>M\u011bli bychom v\u0161ak zm\u00ednit, \u017ee pokud je vy\u0161\u0161\u00ed ne\u017e ur\u010dit\u00e1 \u010d\u00e1stka, mo\u017en\u00e1 budete muset vyplnit formul\u00e1\u0159 pro uplatn\u011bn\u00ed n\u00e1roku. Ten v\u00e1m pom\u016f\u017ee z\u00edskat v\u00fdhru od loterijn\u00ed spole\u010dnosti. My jsme tu v\u0161ak od toho, abychom v\u00e1m pomohli a cel\u00fd proces co nejv\u00edce zjednodu\u0161ili a zjednodu\u0161ili.<\/p>\n<section class=\"layout\" style=\"border: solid 1px; width: 100%;\">\n<div class=\"img-div\" style=\"margin-top: 5px;\"><img decoding=\"async\" class=\"wp-image-17212 alignleft\" style=\"height: 45px; margin: 8px 8px 0px;\" src=\"http:\/\/jackpotlotteryonline.com\/wp-content\/uploads\/2022\/11\/read1.jpg\" alt=\"P\u0159e\u010dt\u011bte si\" width=\"\" height=\"\" \/><\/div>\n<div style=\"padding-left: 5px;\">\n<div style=\"font-size: 1.1em;\">\n<p><strong>Jak dostanu v\u00fdplatu, kdy\u017e vyhraji v loterii online?<\/strong><\/p>\n<p style=\"font-size: 0.85em; margin-top: -1.5em;\">Takto z\u00edsk\u00e1te sv\u00e9 pen\u00edze, pokud vyhrajete v loterii online\u00a0<a href=\"https:\/\/jackpotlotteryonline.com\/cs\/jak-ziskam-placeno-pokud-vyhraji-loterii-online\"> P\u0159e\u010dt\u011bte si v\u00edce<\/a><\/p>\n<\/div>\n<\/div>\n<\/section>\n<h2>Zkontrolujte si sv\u00e1 v\u00fdhern\u00ed \u010d\u00edsla Eurojackpotu zde<\/h2>\n<p><a href=\"https:\/\/jackpotlotteryonline.com\/cs\/koupit-vstupenky\/eurojackpot\">Kupte si losy<\/a>, p\u0159ihlaste se do slosov\u00e1n\u00ed a zkontrolujte v\u00fdsledky losov\u00e1n\u00ed, a to v\u0161e na jedin\u00e9m m\u00edst\u011b. Nav\u0161tivte jackpotlotteryonline.com je\u0161t\u011b dnes.<\/p>\n","protected":false},"excerpt":{"rendered":"<p>Jak zjist\u00edte v\u00fdhern\u00ed \u010d\u00edsla loterie Eurojackpot? Eurojackpot je jednou z nejobl\u00edben\u011bj\u0161\u00edch loteri\u00ed v Evrop\u011b, a proto se s\u00e1zej\u00edc\u00ed v\u0161ude t\u011b\u0161\u00ed na p\u0159\u00edle\u017eitost k velk\u00e9 v\u00fdh\u0159e. Pokud \u017eijete mimo Evropu, m\u016f\u017eete si losy do loterie Eurojackpot zakoupit i vy a v\u00fdsledky losov\u00e1n\u00ed si ov\u011b\u0159it online. Kdy\u017e nav\u0161t\u00edv\u00edte jackpotlotteryonline.com, z\u00edsk\u00e1te p\u0159\u00edstup k nejlep\u0161\u00edm mezin\u00e1rodn\u00edm loteri\u00edm po cel\u00e9m [&hellip;]<\/p>\n","protected":false},"author":1,"featured_media":0,"parent":35816,"menu_order":4,"comment_status":"closed","ping_status":"closed","template":"eurojackpot-results.php","meta":{"_et_pb_use_builder":"","_et_pb_old_content":"","_et_gb_content_width":"","exclude_from_search":false,"footnotes":""},"class_list":["post-40631","page","type-page","status-publish","hentry"],"yoast_head":"<!-- This site is optimized with the Yoast SEO plugin v23.3 - https:\/\/yoast.com\/wordpress\/plugins\/seo\/ -->\n<title>Vylosovan\u00e1 \u010d\u00edsla a v\u00fdsledky losov\u00e1n\u00ed Eurojackpotu<\/title>\n<meta name=\"description\" content=\"Nechcete zn\u00e1t v\u00fdhern\u00ed \u010d\u00edsla Eurojackpotu? Pod\u00edvejte se na v\u0161echny v\u00fdsledky losov\u00e1n\u00ed Eurojackpotu a mnoha dal\u0161\u00edch loteri\u00ed zde!\" \/>\n<meta name=\"robots\" content=\"index, follow, max-snippet:-1, max-image-preview:large, max-video-preview:-1\" \/>\n<link rel=\"canonical\" href=\"https:\/\/jackpotlotteryonline.com\/cs\/vyherni-cisla\/eurojackpot\/\" \/>\n<meta property=\"og:locale\" content=\"cs_CZ\" \/>\n<meta property=\"og:type\" content=\"article\" \/>\n<meta property=\"og:title\" content=\"Vylosovan\u00e1 \u010d\u00edsla a v\u00fdsledky losov\u00e1n\u00ed Eurojackpotu\" \/>\n<meta property=\"og:description\" content=\"Nechcete zn\u00e1t v\u00fdhern\u00ed \u010d\u00edsla Eurojackpotu? Pod\u00edvejte se na v\u0161echny v\u00fdsledky losov\u00e1n\u00ed Eurojackpotu a mnoha dal\u0161\u00edch loteri\u00ed zde!\" \/>\n<meta property=\"og:url\" content=\"https:\/\/jackpotlotteryonline.com\/cs\/vyherni-cisla\/eurojackpot\/\" \/>\n<meta property=\"og:site_name\" content=\"Lotto Online - Crack The International Lottery Jackpots\" \/>\n<meta property=\"article:modified_time\" content=\"2022-12-28T07:44:52+00:00\" \/>\n<meta property=\"og:image\" content=\"http:\/\/jackpotlotteryonline.com\/wp-content\/uploads\/2022\/11\/1_online_ticket_eurojackpot.jpg\" \/>\n<meta name=\"twitter:card\" content=\"summary_large_image\" \/>\n<meta name=\"twitter:label1\" content=\"Odhadovan\u00e1 doba \u010dten\u00ed\" \/>\n\t<meta name=\"twitter:data1\" content=\"3 minuty\" \/>\n<!-- \/ Yoast SEO plugin. -->","yoast_head_json":{"title":"Vylosovan\u00e1 \u010d\u00edsla a v\u00fdsledky losov\u00e1n\u00ed Eurojackpotu","description":"Nechcete zn\u00e1t v\u00fdhern\u00ed \u010d\u00edsla Eurojackpotu? Pod\u00edvejte se na v\u0161echny v\u00fdsledky losov\u00e1n\u00ed Eurojackpotu a mnoha dal\u0161\u00edch loteri\u00ed zde!","robots":{"index":"index","follow":"follow","max-snippet":"max-snippet:-1","max-image-preview":"max-image-preview:large","max-video-preview":"max-video-preview:-1"},"canonical":"https:\/\/jackpotlotteryonline.com\/cs\/vyherni-cisla\/eurojackpot\/","og_locale":"cs_CZ","og_type":"article","og_title":"Vylosovan\u00e1 \u010d\u00edsla a v\u00fdsledky losov\u00e1n\u00ed Eurojackpotu","og_description":"Nechcete zn\u00e1t v\u00fdhern\u00ed \u010d\u00edsla Eurojackpotu? Pod\u00edvejte se na v\u0161echny v\u00fdsledky losov\u00e1n\u00ed Eurojackpotu a mnoha dal\u0161\u00edch loteri\u00ed zde!","og_url":"https:\/\/jackpotlotteryonline.com\/cs\/vyherni-cisla\/eurojackpot\/","og_site_name":"Lotto Online - Crack The International Lottery Jackpots","article_modified_time":"2022-12-28T07:44:52+00:00","og_image":[{"url":"http:\/\/jackpotlotteryonline.com\/wp-content\/uploads\/2022\/11\/1_online_ticket_eurojackpot.jpg"}],"twitter_card":"summary_large_image","twitter_misc":{"Odhadovan\u00e1 doba \u010dten\u00ed":"3 minuty"},"schema":{"@context":"https:\/\/schema.org","@graph":[{"@type":"WebPage","@id":"https:\/\/jackpotlotteryonline.com\/cs\/vyherni-cisla\/eurojackpot\/","url":"https:\/\/jackpotlotteryonline.com\/cs\/vyherni-cisla\/eurojackpot\/","name":"Vylosovan\u00e1 \u010d\u00edsla a v\u00fdsledky losov\u00e1n\u00ed Eurojackpotu","isPartOf":{"@id":"https:\/\/jackpotlotteryonline.com\/#website"},"primaryImageOfPage":{"@id":"https:\/\/jackpotlotteryonline.com\/cs\/vyherni-cisla\/eurojackpot\/#primaryimage"},"image":{"@id":"https:\/\/jackpotlotteryonline.com\/cs\/vyherni-cisla\/eurojackpot\/#primaryimage"},"thumbnailUrl":"http:\/\/jackpotlotteryonline.com\/wp-content\/uploads\/2022\/11\/1_online_ticket_eurojackpot.jpg","datePublished":"2022-12-06T06:05:35+00:00","dateModified":"2022-12-28T07:44:52+00:00","description":"Nechcete zn\u00e1t v\u00fdhern\u00ed \u010d\u00edsla Eurojackpotu? Pod\u00edvejte se na v\u0161echny v\u00fdsledky losov\u00e1n\u00ed Eurojackpotu a mnoha dal\u0161\u00edch loteri\u00ed zde!","breadcrumb":{"@id":"https:\/\/jackpotlotteryonline.com\/cs\/vyherni-cisla\/eurojackpot\/#breadcrumb"},"inLanguage":"cs","potentialAction":[{"@type":"ReadAction","target":["https:\/\/jackpotlotteryonline.com\/cs\/vyherni-cisla\/eurojackpot\/"]}]},{"@type":"ImageObject","inLanguage":"cs","@id":"https:\/\/jackpotlotteryonline.com\/cs\/vyherni-cisla\/eurojackpot\/#primaryimage","url":"http:\/\/jackpotlotteryonline.com\/wp-content\/uploads\/2022\/11\/1_online_ticket_eurojackpot.jpg","contentUrl":"http:\/\/jackpotlotteryonline.com\/wp-content\/uploads\/2022\/11\/1_online_ticket_eurojackpot.jpg"},{"@type":"BreadcrumbList","@id":"https:\/\/jackpotlotteryonline.com\/cs\/vyherni-cisla\/eurojackpot\/#breadcrumb","itemListElement":[{"@type":"ListItem","position":1,"name":"Home","item":"https:\/\/jackpotlotteryonline.com\/cs\/"},{"@type":"ListItem","position":2,"name":"V\u00fdsledky loterie","item":"https:\/\/jackpotlotteryonline.com\/cs\/vyherni-cisla\/"},{"@type":"ListItem","position":3,"name":"V\u00fdsledky losov\u00e1n\u00ed Eurojackpotu"}]},{"@type":"WebSite","@id":"https:\/\/jackpotlotteryonline.com\/#website","url":"https:\/\/jackpotlotteryonline.com\/","name":"Lotto Online - Crack The International Lottery Jackpots","description":"","potentialAction":[{"@type":"SearchAction","target":{"@type":"EntryPoint","urlTemplate":"https:\/\/jackpotlotteryonline.com\/?s={search_term_string}"},"query-input":"required name=search_term_string"}],"inLanguage":"cs"}]}},"_links":{"self":[{"href":"https:\/\/jackpotlotteryonline.com\/cs\/wp-json\/wp\/v2\/pages\/40631","targetHints":{"allow":["GET"]}}],"collection":[{"href":"https:\/\/jackpotlotteryonline.com\/cs\/wp-json\/wp\/v2\/pages"}],"about":[{"href":"https:\/\/jackpotlotteryonline.com\/cs\/wp-json\/wp\/v2\/types\/page"}],"author":[{"embeddable":true,"href":"https:\/\/jackpotlotteryonline.com\/cs\/wp-json\/wp\/v2\/users\/1"}],"replies":[{"embeddable":true,"href":"https:\/\/jackpotlotteryonline.com\/cs\/wp-json\/wp\/v2\/comments?post=40631"}],"version-history":[{"count":0,"href":"https:\/\/jackpotlotteryonline.com\/cs\/wp-json\/wp\/v2\/pages\/40631\/revisions"}],"up":[{"embeddable":true,"href":"https:\/\/jackpotlotteryonline.com\/cs\/wp-json\/wp\/v2\/pages\/35816"}],"wp:attachment":[{"href":"https:\/\/jackpotlotteryonline.com\/cs\/wp-json\/wp\/v2\/media?parent=40631"}],"curies":[{"name":"wp","href":"https:\/\/api.w.org\/{rel}","templated":true}]}}