{"id":40700,"date":"2022-12-06T08:12:20","date_gmt":"2022-12-06T08:12:20","guid":{"rendered":"https:\/\/jackpotlotteryonline.com\/?page_id=40700"},"modified":"2022-12-27T09:32:43","modified_gmt":"2022-12-27T09:32:43","slug":"superenalotto","status":"publish","type":"page","link":"https:\/\/jackpotlotteryonline.com\/cs\/vyherni-cisla\/superenalotto\/","title":{"rendered":"V\u00fdsledky losov\u00e1n\u00ed Superenalotto"},"content":{"rendered":"<p>Superenalotto je italsk\u00e1 n\u00e1rodn\u00ed loterie, kter\u00e1 je mezi s\u00e1zej\u00edc\u00edmi v zemi velmi obl\u00edben\u00e1. Pokud hrajete mimo It\u00e1lii, je dobr\u00e9 si zjistit, jak zkontrolovat vylosovan\u00e1 \u010d\u00edsla. \u010ct\u011bte d\u00e1l a dozv\u00edte se v\u00edce.<\/p>\n<h2>Kroky ke h\u0159e Superenalotto online<\/h2>\n<p><a href=\"https:\/\/jackpotlotteryonline.com\/cs\/jak-hrat\/superenalotto\">Hr\u00e1t Superenalotto online<\/a> je jako hr\u00e1t offline, ale s v\u011bt\u0161\u00edm pohodl\u00edm a snadnost\u00ed. Jakmile p\u0159ejdete na str\u00e1nku Superenalotto na jackpotlotteryoneline.com, m\u016f\u017eete si vybrat 6 \u010d\u00edsel od 1 do 90. Pak si vyberete \u010d\u00edsla, kter\u00e1 se v\u00e1m budou l\u00edbit. D\u00e1le si vyberete po\u010det tah\u016f, do kter\u00fdch se chcete p\u0159ihl\u00e1sit, a p\u0159ihl\u00e1sit se m\u016f\u017eete a\u017e 5 t\u00fddn\u016f p\u0159edem. \u010c\u00edm v\u00edce slosov\u00e1n\u00ed se z\u00fa\u010dastn\u00edte, t\u00edm v\u011bt\u0161\u00ed m\u00e1te \u0161anci na v\u00fdhru.<\/p>\n<p>Superenalotto po\u0159\u00e1d\u00e1 t\u0159i t\u00fddenn\u00ed losov\u00e1n\u00ed v \u00fater\u00fd, \u010dtvrtek a sobotu. M\u016f\u017eete se tedy p\u0159ihl\u00e1sit do jednoho z nich nebo do v\u0161ech. M\u016f\u017eete si vybrat \u010d\u00edslo SuperStar a zv\u00fd\u0161it tak sv\u00e9 \u0161ance na v\u00fdhru. K dispozici je tak\u00e9 &#8220;Vesel\u00e9 \u010d\u00edslo&#8221;, kter\u00e9 m\u00e1 hodnotu od 1 do 90 a slou\u017e\u00ed k ur\u010den\u00ed v\u00fdherce druh\u00e9ho tahu.<\/p>\n<h2>Jak zkontrolovat sv\u00e1 v\u00fdhern\u00ed \u010d\u00edsla<\/h2>\n<p><img loading=\"lazy\" decoding=\"async\" class=\"alignright size-full wp-image-31316\" src=\"http:\/\/jackpotlotteryonline.com\/wp-content\/uploads\/2022\/11\/logo_superenalotto.png\" alt=\"V\u00fdsledky losov\u00e1n\u00ed Superenalotto\" width=\"200\" height=\"212\" \/>P\u0159i h\u0159e Superenalotto si m\u016f\u017eete v\u00fdhern\u00ed \u010d\u00edsla zkontrolovat r\u016fzn\u00fdmi zp\u016fsoby. M\u016f\u017eete sice sledovat slosov\u00e1n\u00ed v p\u0159\u00edm\u00e9m p\u0159enosu v televizi, ale to je mo\u017en\u00e9 pouze v p\u0159\u00edpad\u011b, \u017ee \u017eijete v It\u00e1lii a mluv\u00edte italsky. Na\u0161t\u011bst\u00ed si m\u016f\u017eete vylosovan\u00e1 \u010d\u00edsla zkontrolovat tak\u00e9 online po losov\u00e1n\u00ed. V\u00fdsledky losov\u00e1n\u00ed zve\u0159ej\u0148uje v\u011bt\u0161ina zpravodajsk\u00fdch web\u016f.<\/p>\n<p>S t\u00edm je v\u0161ak spojeno n\u011bkolik probl\u00e9m\u016f. P\u0159edev\u0161\u00edm se m\u016f\u017ee snadno st\u00e1t, \u017ee zapomenete zkontrolovat v\u00fdsledky losov\u00e1n\u00ed. Existuj\u00ed p\u0159\u00edb\u011bhy o v\u00fdhr\u00e1ch jackpot\u016f, kter\u00e9 z\u016fstaly nevyzvednuty, pravd\u011bpodobn\u011b proto, \u017ee v\u00fdherci zapomn\u011bli zkontrolovat sv\u00e9 tikety. Mnoho str\u00e1nek tak\u00e9 zve\u0159ej\u0148uje pouze v\u00fdhern\u00ed \u010d\u00edsla pro prvn\u00ed tah. V\u011bt\u0161ina loteri\u00ed m\u00e1 v\u00edce v\u00fdhern\u00edch \u00farovn\u00ed.<\/p>\n<p>Pokud hrajete Superenalotto s n\u00e1mi, nemus\u00edte se ob\u00e1vat, \u017ee byste o n\u011bjakou v\u00fdhru p\u0159i\u0161li. Nejen\u017ee v\u00e1s budeme informovat, jakmile vyhrajete n\u011bjakou cenu, ale po p\u0159ihl\u00e1\u0161en\u00ed dostanete ozn\u00e1men\u00ed. Krom\u011b toho zve\u0159ej\u0148ujeme v\u00fdsledky loterie ihned po losov\u00e1n\u00ed p\u0159\u00edmo zde na na\u0161ich str\u00e1nk\u00e1ch. Vra\u0165te se tedy po losov\u00e1n\u00ed a zjist\u011bte, zda jste vylosovali v\u00fdhern\u00ed \u010d\u00edsla Superenalotto.<\/p>\n<h2>V\u00fdhern\u00ed \u00farovn\u011b Superenalotto<\/h2>\n<p>Ji\u017e jsme zm\u00ednili, \u017ee loterie Superenalotto m\u00e1 hlavn\u00ed v\u00fdhru 2 miliony eur. V\u011bd\u011bli jste v\u0161ak, \u017ee v\u00fd\u0161e jackpotu nen\u00ed omezena? To znamen\u00e1, \u017ee pokud po losov\u00e1n\u00ed nen\u00ed \u017e\u00e1dn\u00fd v\u00fdherce, v\u00fdhra se p\u0159ev\u00e1d\u00ed d\u00e1l, dokud se nenajde v\u00fdherce. V roce 2019 se jackpot p\u0159evaloval tolikr\u00e1t, \u017ee se dostal na rekordn\u00ed \u010d\u00e1stku 209,1 milionu eur.<\/p>\n<p>Krom\u011b jackpotu, kter\u00fd je v\u00fdhrou za prvn\u00ed tah, existuj\u00ed i dal\u0161\u00ed ceny, kter\u00e9 m\u016f\u017ee hr\u00e1\u010d vyhr\u00e1t. V\u00fdhry jsou ur\u010deny v\u00fdhern\u00edm fondem, tak\u017ee jejich v\u00fd\u0161e nen\u00ed pevn\u011b stanovena. Pod\u011bl\u00edme se v\u0161ak o pr\u016fm\u011brnou \u010d\u00e1stku na jedno slosov\u00e1n\u00ed.<\/p>\n<p>Shoda 6 &#8211; 92 056 091,66 \u20ac<\/p>\n<p>Shoda 5 + Vesel\u00e9 \u010d\u00edslo &#8211; 594 951,95 \u20ac<\/p>\n<p>Z\u00e1pas 5 &#8211; 49 736,38 \u20ac<\/p>\n<p>Shoda 4 \u010d\u00edsel &#8211; 354,83 \u20ac<\/p>\n<p>Shoda 3 \u010d\u00edsel &#8211; 27,15 EUR<\/p>\n<p>Shoda 2 \u010d\u00edsel &#8211; 5,48 EUR<\/p>\n<section class=\"layout\" style=\"border: solid 1px; width: 100%;\">\n<div class=\"img-div\" style=\"margin-top: 5px;\"><img decoding=\"async\" class=\"wp-image-17212 alignleft\" style=\"height: 45px; margin: 8px 8px 0px;\" src=\"http:\/\/jackpotlotteryonline.com\/wp-content\/uploads\/2022\/11\/read1.jpg\" alt=\"P\u0159e\u010dt\u011bte si\" width=\"\" height=\"\" \/><\/div>\n<div style=\"padding-left: 5px;\">\n<div style=\"font-size: 1.1em;\">\n<p><strong>Loterie, kter\u00e9 maj\u00ed nejv\u011bt\u0161\u00ed \u0161anci na va\u0161i velkou v\u00fdhru<\/strong><\/p>\n<p style=\"font-size: 0.85em; margin-top: -1.5em;\">Kter\u00e1 loterie m\u00e1 nejlep\u0161\u00ed \u0161ance na v\u00fdhru?\u00a0 <a href=\"https:\/\/jackpotlotteryonline.com\/cs\/ktera-loterie-ma-nejvetsi-sance-na-vyhru\"> P\u0159e\u010dt\u011bte si v\u00edce<\/a><\/p>\n<\/div>\n<\/div>\n<\/section>\n<h2>Vyzvednut\u00ed v\u00fdhry v Superenalottu<\/h2>\n<p>Proto\u017ee hrajete Superenalotto online, je p\u0159irozen\u00e9, \u017ee v\u00e1s zaj\u00edm\u00e1, co se stane, kdy\u017e vyhrajete. Zde se s v\u00e1mi pod\u011bl\u00edme o to, jak si m\u016f\u017eete vyzvednout v\u00fdhru ve h\u0159e Superenalotto, i kdy\u017e \u017eijete mimo It\u00e1lii.<\/p>\n<p>Kdy\u017e hrajete Superenalotto u n\u00e1s, uplatn\u011bn\u00ed n\u00e1roku na v\u00fdhru je tak jednoduch\u00e9, jako kdy\u017e se p\u0159ihl\u00e1s\u00edte ke sv\u00e9mu \u00fa\u010dtu zde. V\u00fdhry do 2500 \u20ac si m\u016f\u017eete nechat vyplatit p\u0159\u00edmo z na\u0161\u00ed platformy na sv\u016fj \u00fa\u010det. Je to opravdu jednoduch\u00e9 a bezprobl\u00e9mov\u00e9, tak\u017ee se m\u016f\u017eete soust\u0159edit na skv\u011bl\u00fd loterijn\u00ed z\u00e1\u017eitek.<\/p>\n<p>V p\u0159\u00edpad\u011b vy\u0161\u0161\u00edch \u010d\u00e1stek budete mo\u017en\u00e1 muset kontaktovat loterijn\u00ed spole\u010dnost a vyplnit formul\u00e1\u0159 pro uplatn\u011bn\u00ed n\u00e1roku. My jsme tu v\u0161ak od toho, abychom v\u00e1s t\u00edmto procesem provedli. <a href=\"https:\/\/jackpotlotteryonline.com\/cs\/koupit-vstupenky\/superenalotto\">Kupte si tedy sv\u016fj los Superenalotto je\u0161t\u011b dnes<\/a> a vyberte si sv\u00e1 v\u00fdhern\u00ed \u010d\u00edsla.<\/p>\n","protected":false},"excerpt":{"rendered":"<p>Superenalotto je italsk\u00e1 n\u00e1rodn\u00ed loterie, kter\u00e1 je mezi s\u00e1zej\u00edc\u00edmi v zemi velmi obl\u00edben\u00e1. Pokud hrajete mimo It\u00e1lii, je dobr\u00e9 si zjistit, jak zkontrolovat vylosovan\u00e1 \u010d\u00edsla. \u010ct\u011bte d\u00e1l a dozv\u00edte se v\u00edce. Kroky ke h\u0159e Superenalotto online Hr\u00e1t Superenalotto online je jako hr\u00e1t offline, ale s v\u011bt\u0161\u00edm pohodl\u00edm a snadnost\u00ed. Jakmile p\u0159ejdete na str\u00e1nku Superenalotto na [&hellip;]<\/p>\n","protected":false},"author":1,"featured_media":0,"parent":35816,"menu_order":5,"comment_status":"closed","ping_status":"closed","template":"superenalotto-results.php","meta":{"_et_pb_use_builder":"","_et_pb_old_content":"","_et_gb_content_width":"","exclude_from_search":false,"footnotes":""},"class_list":["post-40700","page","type-page","status-publish","hentry"],"yoast_head":"<!-- This site is optimized with the Yoast SEO plugin v23.3 - https:\/\/yoast.com\/wordpress\/plugins\/seo\/ -->\n<title>Vylosovan\u00e1 \u010d\u00edsla a v\u00fdsledky losov\u00e1n\u00ed Superenalotto<\/title>\n<meta name=\"description\" content=\"Z\u00edskejte v\u00fdsledky losov\u00e1n\u00ed a vylosovan\u00e1 \u010d\u00edsla italsk\u00e9 loterie Superenalotto s ka\u017edodenn\u00edmi aktualizacemi zde na na\u0161em loterijn\u00edm webu.\" \/>\n<meta name=\"robots\" content=\"index, follow, max-snippet:-1, max-image-preview:large, max-video-preview:-1\" \/>\n<link rel=\"canonical\" href=\"https:\/\/jackpotlotteryonline.com\/cs\/vyherni-cisla\/superenalotto\/\" \/>\n<meta property=\"og:locale\" content=\"cs_CZ\" \/>\n<meta property=\"og:type\" content=\"article\" \/>\n<meta property=\"og:title\" content=\"Vylosovan\u00e1 \u010d\u00edsla a v\u00fdsledky losov\u00e1n\u00ed Superenalotto\" \/>\n<meta property=\"og:description\" content=\"Z\u00edskejte v\u00fdsledky losov\u00e1n\u00ed a vylosovan\u00e1 \u010d\u00edsla italsk\u00e9 loterie Superenalotto s ka\u017edodenn\u00edmi aktualizacemi zde na na\u0161em loterijn\u00edm webu.\" \/>\n<meta property=\"og:url\" content=\"https:\/\/jackpotlotteryonline.com\/cs\/vyherni-cisla\/superenalotto\/\" \/>\n<meta property=\"og:site_name\" content=\"Lotto Online - Crack The International Lottery Jackpots\" \/>\n<meta property=\"article:modified_time\" content=\"2022-12-27T09:32:43+00:00\" \/>\n<meta property=\"og:image\" content=\"http:\/\/jackpotlotteryonline.com\/wp-content\/uploads\/2022\/11\/logo_superenalotto.png\" \/>\n<meta name=\"twitter:card\" content=\"summary_large_image\" \/>\n<meta name=\"twitter:label1\" content=\"Odhadovan\u00e1 doba \u010dten\u00ed\" \/>\n\t<meta name=\"twitter:data1\" content=\"3 minuty\" \/>\n<!-- \/ Yoast SEO plugin. -->","yoast_head_json":{"title":"Vylosovan\u00e1 \u010d\u00edsla a v\u00fdsledky losov\u00e1n\u00ed Superenalotto","description":"Z\u00edskejte v\u00fdsledky losov\u00e1n\u00ed a vylosovan\u00e1 \u010d\u00edsla italsk\u00e9 loterie Superenalotto s ka\u017edodenn\u00edmi aktualizacemi zde na na\u0161em loterijn\u00edm webu.","robots":{"index":"index","follow":"follow","max-snippet":"max-snippet:-1","max-image-preview":"max-image-preview:large","max-video-preview":"max-video-preview:-1"},"canonical":"https:\/\/jackpotlotteryonline.com\/cs\/vyherni-cisla\/superenalotto\/","og_locale":"cs_CZ","og_type":"article","og_title":"Vylosovan\u00e1 \u010d\u00edsla a v\u00fdsledky losov\u00e1n\u00ed Superenalotto","og_description":"Z\u00edskejte v\u00fdsledky losov\u00e1n\u00ed a vylosovan\u00e1 \u010d\u00edsla italsk\u00e9 loterie Superenalotto s ka\u017edodenn\u00edmi aktualizacemi zde na na\u0161em loterijn\u00edm webu.","og_url":"https:\/\/jackpotlotteryonline.com\/cs\/vyherni-cisla\/superenalotto\/","og_site_name":"Lotto Online - Crack The International Lottery Jackpots","article_modified_time":"2022-12-27T09:32:43+00:00","og_image":[{"url":"http:\/\/jackpotlotteryonline.com\/wp-content\/uploads\/2022\/11\/logo_superenalotto.png"}],"twitter_card":"summary_large_image","twitter_misc":{"Odhadovan\u00e1 doba \u010dten\u00ed":"3 minuty"},"schema":{"@context":"https:\/\/schema.org","@graph":[{"@type":"WebPage","@id":"https:\/\/jackpotlotteryonline.com\/cs\/vyherni-cisla\/superenalotto\/","url":"https:\/\/jackpotlotteryonline.com\/cs\/vyherni-cisla\/superenalotto\/","name":"Vylosovan\u00e1 \u010d\u00edsla a v\u00fdsledky losov\u00e1n\u00ed Superenalotto","isPartOf":{"@id":"https:\/\/jackpotlotteryonline.com\/#website"},"primaryImageOfPage":{"@id":"https:\/\/jackpotlotteryonline.com\/cs\/vyherni-cisla\/superenalotto\/#primaryimage"},"image":{"@id":"https:\/\/jackpotlotteryonline.com\/cs\/vyherni-cisla\/superenalotto\/#primaryimage"},"thumbnailUrl":"http:\/\/jackpotlotteryonline.com\/wp-content\/uploads\/2022\/11\/logo_superenalotto.png","datePublished":"2022-12-06T08:12:20+00:00","dateModified":"2022-12-27T09:32:43+00:00","description":"Z\u00edskejte v\u00fdsledky losov\u00e1n\u00ed a vylosovan\u00e1 \u010d\u00edsla italsk\u00e9 loterie Superenalotto s ka\u017edodenn\u00edmi aktualizacemi zde na na\u0161em loterijn\u00edm webu.","breadcrumb":{"@id":"https:\/\/jackpotlotteryonline.com\/cs\/vyherni-cisla\/superenalotto\/#breadcrumb"},"inLanguage":"cs","potentialAction":[{"@type":"ReadAction","target":["https:\/\/jackpotlotteryonline.com\/cs\/vyherni-cisla\/superenalotto\/"]}]},{"@type":"ImageObject","inLanguage":"cs","@id":"https:\/\/jackpotlotteryonline.com\/cs\/vyherni-cisla\/superenalotto\/#primaryimage","url":"http:\/\/jackpotlotteryonline.com\/wp-content\/uploads\/2022\/11\/logo_superenalotto.png","contentUrl":"http:\/\/jackpotlotteryonline.com\/wp-content\/uploads\/2022\/11\/logo_superenalotto.png"},{"@type":"BreadcrumbList","@id":"https:\/\/jackpotlotteryonline.com\/cs\/vyherni-cisla\/superenalotto\/#breadcrumb","itemListElement":[{"@type":"ListItem","position":1,"name":"Home","item":"https:\/\/jackpotlotteryonline.com\/cs\/"},{"@type":"ListItem","position":2,"name":"V\u00fdsledky loterie","item":"https:\/\/jackpotlotteryonline.com\/cs\/vyherni-cisla\/"},{"@type":"ListItem","position":3,"name":"V\u00fdsledky losov\u00e1n\u00ed Superenalotto"}]},{"@type":"WebSite","@id":"https:\/\/jackpotlotteryonline.com\/#website","url":"https:\/\/jackpotlotteryonline.com\/","name":"Lotto Online - Crack The International Lottery Jackpots","description":"","potentialAction":[{"@type":"SearchAction","target":{"@type":"EntryPoint","urlTemplate":"https:\/\/jackpotlotteryonline.com\/?s={search_term_string}"},"query-input":"required name=search_term_string"}],"inLanguage":"cs"}]}},"_links":{"self":[{"href":"https:\/\/jackpotlotteryonline.com\/cs\/wp-json\/wp\/v2\/pages\/40700","targetHints":{"allow":["GET"]}}],"collection":[{"href":"https:\/\/jackpotlotteryonline.com\/cs\/wp-json\/wp\/v2\/pages"}],"about":[{"href":"https:\/\/jackpotlotteryonline.com\/cs\/wp-json\/wp\/v2\/types\/page"}],"author":[{"embeddable":true,"href":"https:\/\/jackpotlotteryonline.com\/cs\/wp-json\/wp\/v2\/users\/1"}],"replies":[{"embeddable":true,"href":"https:\/\/jackpotlotteryonline.com\/cs\/wp-json\/wp\/v2\/comments?post=40700"}],"version-history":[{"count":0,"href":"https:\/\/jackpotlotteryonline.com\/cs\/wp-json\/wp\/v2\/pages\/40700\/revisions"}],"up":[{"embeddable":true,"href":"https:\/\/jackpotlotteryonline.com\/cs\/wp-json\/wp\/v2\/pages\/35816"}],"wp:attachment":[{"href":"https:\/\/jackpotlotteryonline.com\/cs\/wp-json\/wp\/v2\/media?parent=40700"}],"curies":[{"name":"wp","href":"https:\/\/api.w.org\/{rel}","templated":true}]}}