{"id":40753,"date":"2022-12-06T09:38:13","date_gmt":"2022-12-06T09:38:13","guid":{"rendered":"https:\/\/jackpotlotteryonline.com\/?page_id=40753"},"modified":"2022-12-27T11:50:56","modified_gmt":"2022-12-27T11:50:56","slug":"la-primitiva","status":"publish","type":"page","link":"https:\/\/jackpotlotteryonline.com\/cs\/vyherni-cisla\/la-primitiva\/","title":{"rendered":"V\u00fdsledky losov\u00e1n\u00ed La Primitiva"},"content":{"rendered":"<h2>Jak vybrat v\u00fdhern\u00ed \u010d\u00edsla losov\u00e1n\u00ed La Primitiva<\/h2>\n<p>Pokud chcete hr\u00e1t hru La Primitiva, mus\u00edte si nejprve vybrat 6 \u010d\u00edsel z rozmez\u00ed 1 a\u017e 49. Pot\u0159ebujete k tomu 6 \u010d\u00edsel. Krom\u011b toho byste si m\u011bli vybrat 1 \u010d\u00edslo od 0 do 9. Toto dodate\u010dn\u00e9 \u010d\u00edslo se naz\u00fdv\u00e1 \u010d\u00edslo Reintegro. Existuje tak\u00e9 \u010d\u00edslo Complemantario a pou\u017e\u00edv\u00e1 se k ur\u010den\u00ed n\u011bkter\u00fdch v\u00fdhern\u00edch \u00farovn\u00ed.<\/p>\n<p>Existuje n\u011bkolik metod, kter\u00e9 hr\u00e1\u010di pou\u017e\u00edvaj\u00ed k v\u00fdb\u011bru \u010d\u00edsel La Primitiva. N\u011bkte\u0159\u00ed d\u00e1vaj\u00ed p\u0159ednost v\u00fdb\u011bru \u010d\u00edsel, kter\u00e1 pro n\u011b maj\u00ed zvl\u00e1\u0161tn\u00ed v\u00fdznam. Nap\u0159\u00edklad jejich narozeniny nebo v\u00fdro\u010d\u00ed. Jin\u00ed si prost\u011b vyb\u00edraj\u00ed n\u00e1hodn\u00e1 \u010d\u00edsla a doufaj\u00ed, \u017ee \u0161t\u011bst\u00ed bude na jejich stran\u011b. Vzhledem k tomu, \u017ee La Primitiva je stejn\u011b jako ka\u017ed\u00e1 loterie hrou \u0161t\u011bst\u00ed, nikdo jim to nem\u016f\u017ee m\u00edt za zl\u00e9.<\/p>\n<section class=\"layout\" style=\"border: solid 1px; width: 100%;\">\n<div class=\"img-div\" style=\"margin-top: 5px;\"><img decoding=\"async\" class=\"wp-image-17212 alignleft\" style=\"height: 45px; margin: 8px 8px 0px;\" src=\"https:\/\/jackpotlotteryonline.com\/wp-content\/uploads\/2022\/11\/read1.jpg\" alt=\"P\u0159e\u010dt\u011bte si\" width=\"\" height=\"\" \/><\/div>\n<div style=\"padding-left: 5px;\">\n<div style=\"font-size: 1.1em;\">\n<p><strong>Loterijn\u00ed tipy<\/strong><\/p>\n<p style=\"font-size: 0.85em; margin-top: -1.5em;\">Tipy, kter\u00e9 v\u00e1m pomohou vyhr\u00e1t v loterii\u00a0<a href=\"https:\/\/jackpotlotteryonline.com\/cs\/tipy-ktere-vam-pomohou-vyhrat-v-loterii\"> P\u0159e\u010dt\u011bte si v\u00edce<\/a><\/p>\n<\/div>\n<\/div>\n<\/section>\n<h2>V\u00fdhra v La Primitiva<\/h2>\n<p>La Primitiva se losuje t\u0159ikr\u00e1t t\u00fddn\u011b, v pond\u011bl\u00ed, ve \u010dtvrtek a v sobotu. Jakmile si vyberete sv\u00e1 \u010d\u00edsla, dal\u0161\u00edm krokem je p\u0159ihl\u00e1sit se do vybran\u00fdch slosov\u00e1n\u00ed. Po losov\u00e1n\u00edch vyhr\u00e1v\u00e1 los, kter\u00fd odpov\u00edd\u00e1 vylosovan\u00fdm v\u00fdsledk\u016fm.<\/p>\n<p>Odchod dom\u016f s v\u00fdhrou tedy hodn\u011b z\u00e1vis\u00ed na tom, jak\u00e1 \u010d\u00edsla si vyberete.<\/p>\n<p>Aby hr\u00e1\u010d vyhr\u00e1l jackpot ve h\u0159e La Primitiva, mus\u00ed mu padnout v\u0161ech 7 \u010d\u00edsel (6 hlavn\u00edch a \u010d\u00edslo Reintegro). V\u00fd\u0161e jackpotu za\u010d\u00edn\u00e1 na 5 milionech eur. Pokud je v\u00fdherc\u016f v\u00edce, \u010d\u00e1stka se mezi n\u011b rozd\u011bl\u00ed. Zde jsou uvedeny ceny, kter\u00e9 mohou hr\u00e1\u010di vyhr\u00e1t.<br \/>\n<img loading=\"lazy\" decoding=\"async\" class=\"alignright size-full wp-image-27671\" src=\"https:\/\/jackpotlotteryonline.com\/wp-content\/uploads\/2022\/11\/1_lottery_online_winner3.jpg\" alt=\"V\u00fdhern\u00ed losov\u00e1n\u00ed La Primitiva\" width=\"300\" height=\"300\" srcset=\"https:\/\/jackpotlotteryonline.com\/wp-content\/uploads\/2022\/11\/1_lottery_online_winner3.jpg 300w, https:\/\/jackpotlotteryonline.com\/wp-content\/uploads\/2022\/11\/1_lottery_online_winner3-100x100.jpg 100w, https:\/\/jackpotlotteryonline.com\/wp-content\/uploads\/2022\/11\/1_lottery_online_winner3-150x150.jpg 150w\" sizes=\"auto, (max-width: 300px) 100vw, 300px\" \/><\/p>\n<p>Jackpot &#8211; Shoda 6 + Reintegro<\/p>\n<p>Divize 1 &#8211; pouze z\u00e1pas 6<\/p>\n<p>Divize 2 &#8211; Z\u00e1pas 5 + bezplatn\u00e9 \u010d\u00edslo<\/p>\n<p>Divize 3 &#8211; pouze z\u00e1pas 5<\/p>\n<p>Divize 4 &#8211; pouze z\u00e1pas 4<\/p>\n<p>Divize 5 &#8211; pouze z\u00e1pas 3<\/p>\n<p>Reintegro &#8211; Shoda pouze s \u010d\u00edslem Reintegro<\/p>\n<h2>Hr\u00e1t La Primitiva online s jackpotlotteryonline.com<\/h2>\n<p>Kdy\u017e si u n\u00e1s <a href=\"https:\/\/jackpotlotteryonline.com\/cs\/jak-hrat\/la-primitiva\">zahrajete loterii La Primitiva<\/a>, z\u00edsk\u00e1te nejen p\u0159\u00edstup k La Primitiva, ale tak\u00e9 k v\u00fdsledk\u016fm losov\u00e1n\u00ed. Hran\u00ed online otev\u00edr\u00e1 sv\u011bt p\u0159\u00edle\u017eitost\u00ed jak pro zku\u0161en\u00e9 s\u00e1zej\u00edc\u00ed, tak pro nov\u00e1\u010dky. Nab\u00edz\u00edme pohodln\u00fd zp\u016fsob n\u00e1kupu los\u016f, kontroly v\u00fdsledk\u016f a p\u0159\u00edstupu k v\u00fdhr\u00e1m. K tomu se v\u0161ak dostaneme za chv\u00edli.<\/p>\n<p><a href=\"https:\/\/jackpotlotteryonline.com\/cs\/koupit-vstupenky\/koupit-vstupenky-la-primitiva\">Los La Primitiva si m\u016f\u017eete snadno koupit<\/a> tak, \u017ee p\u0159ejdete na str\u00e1nku loterie a vyberete si v\u00fdhern\u00ed \u010d\u00edslice. Pokud si nejste jisti, co vybrat, m\u016f\u017eete pou\u017e\u00edt n\u00e1\u0161 automatick\u00fd gener\u00e1tor, kter\u00fd vybere n\u00e1hodn\u00e9 \u010d\u00edslice. D\u00e1le zadejte vybran\u00e9 tahy a pokud u n\u00e1s je\u0161t\u011b nejste zaregistrov\u00e1ni, zalo\u017ete si \u00fa\u010det.<\/p>\n<p>Registrace je nezbytn\u00fdm krokem a \u00fa\u010det budete pot\u0159ebovat z n\u00e1sleduj\u00edc\u00edch d\u016fvod\u016f:<\/p>\n<ul>\n<li>Abyste si mohli ulo\u017eit sv\u016fj digit\u00e1ln\u00ed tiket.<\/li>\n<li>Pro nastaven\u00ed automatick\u00fdch vstup\u016f do slosov\u00e1n\u00ed<\/li>\n<li>Abyste mohli dost\u00e1vat ozn\u00e1men\u00ed o v\u00fdhr\u00e1ch<\/li>\n<\/ul>\n<h2>Zkontrolovat v\u00fdsledky loterie La Primitiva<\/h2>\n<p>Kontrola v\u00fdsledk\u016f loterie La Primitiva nebyla nikdy jednodu\u0161\u0161\u00ed, kdy\u017e hrajete online s n\u00e1mi. Po ka\u017ed\u00e9m losov\u00e1n\u00ed zve\u0159ej\u0148ujeme v\u00fdsledky losov\u00e1n\u00ed p\u0159\u00edmo zde na na\u0161ich str\u00e1nk\u00e1ch. Krom\u011b toho v\u00e1s v\u0161ak budeme informovat e-mailem, jakmile vyhrajete cenu. Tak\u017ee u\u017e nikdy nemus\u00edte zme\u0161kat vyzvednut\u00ed sv\u00e9 v\u00fdhry.<\/p>\n<h2>Vyzvednut\u00ed v\u00fdhry<\/h2>\n<p>Asi nejzaj\u00edmav\u011bj\u0161\u00ed na hran\u00ed La Primitiva online je to, \u017ee pro sv\u00e9 v\u00fdhry nemus\u00edte jezdit do \u0160pan\u011blska. V\u00fdhry, kter\u00e9 jsou ni\u017e\u0161\u00ed ne\u017e 2 500 \u20ac, si m\u016f\u017eete jednodu\u0161e vybrat z na\u0161\u00ed platformy na sv\u016fj \u00fa\u010det.<\/p>\n<p>Zahrajte si s n\u00e1mi loterii a zkontrolujte si sv\u00e1 v\u00fdhern\u00ed \u010d\u00edsla La Primitiva online.<\/p>\n","protected":false},"excerpt":{"rendered":"<p>Jak vybrat v\u00fdhern\u00ed \u010d\u00edsla losov\u00e1n\u00ed La Primitiva Pokud chcete hr\u00e1t hru La Primitiva, mus\u00edte si nejprve vybrat 6 \u010d\u00edsel z rozmez\u00ed 1 a\u017e 49. Pot\u0159ebujete k tomu 6 \u010d\u00edsel. Krom\u011b toho byste si m\u011bli vybrat 1 \u010d\u00edslo od 0 do 9. Toto dodate\u010dn\u00e9 \u010d\u00edslo se naz\u00fdv\u00e1 \u010d\u00edslo Reintegro. Existuje tak\u00e9 \u010d\u00edslo Complemantario a pou\u017e\u00edv\u00e1 se [&hellip;]<\/p>\n","protected":false},"author":1,"featured_media":0,"parent":35816,"menu_order":7,"comment_status":"closed","ping_status":"closed","template":"la-primitiva-results.php","meta":{"_et_pb_use_builder":"","_et_pb_old_content":"","_et_gb_content_width":"","exclude_from_search":false,"footnotes":""},"class_list":["post-40753","page","type-page","status-publish","hentry"],"yoast_head":"<!-- This site is optimized with the Yoast SEO plugin v23.3 - https:\/\/yoast.com\/wordpress\/plugins\/seo\/ -->\n<title>La Primitiva vylosovan\u00e1 \u010d\u00edsla a v\u00fdsledky losov\u00e1n\u00ed<\/title>\n<meta name=\"description\" content=\"\u0160pan\u011blsk\u00e1 loterie La Primitiva - v\u0161echny v\u00fdsledky losov\u00e1n\u00ed a vylosovan\u00e1 \u010d\u00edsla a archiv v\u00fdsledk\u016f, v\u0161e na jedin\u00e9 webov\u00e9 str\u00e1nce.\" \/>\n<meta name=\"robots\" content=\"index, follow, max-snippet:-1, max-image-preview:large, max-video-preview:-1\" \/>\n<link rel=\"canonical\" href=\"https:\/\/jackpotlotteryonline.com\/cs\/vyherni-cisla\/la-primitiva\/\" \/>\n<meta property=\"og:locale\" content=\"cs_CZ\" \/>\n<meta property=\"og:type\" content=\"article\" \/>\n<meta property=\"og:title\" content=\"La Primitiva vylosovan\u00e1 \u010d\u00edsla a v\u00fdsledky losov\u00e1n\u00ed\" \/>\n<meta property=\"og:description\" content=\"\u0160pan\u011blsk\u00e1 loterie La Primitiva - v\u0161echny v\u00fdsledky losov\u00e1n\u00ed a vylosovan\u00e1 \u010d\u00edsla a archiv v\u00fdsledk\u016f, v\u0161e na jedin\u00e9 webov\u00e9 str\u00e1nce.\" \/>\n<meta property=\"og:url\" content=\"https:\/\/jackpotlotteryonline.com\/cs\/vyherni-cisla\/la-primitiva\/\" \/>\n<meta property=\"og:site_name\" content=\"Lotto Online - Crack The International Lottery Jackpots\" \/>\n<meta property=\"article:modified_time\" content=\"2022-12-27T11:50:56+00:00\" \/>\n<meta property=\"og:image\" content=\"https:\/\/jackpotlotteryonline.com\/wp-content\/uploads\/2022\/11\/read1.jpg\" \/>\n<meta name=\"twitter:card\" content=\"summary_large_image\" \/>\n<meta name=\"twitter:label1\" content=\"Odhadovan\u00e1 doba \u010dten\u00ed\" \/>\n\t<meta name=\"twitter:data1\" content=\"3 minuty\" \/>\n<!-- \/ Yoast SEO plugin. -->","yoast_head_json":{"title":"La Primitiva vylosovan\u00e1 \u010d\u00edsla a v\u00fdsledky losov\u00e1n\u00ed","description":"\u0160pan\u011blsk\u00e1 loterie La Primitiva - v\u0161echny v\u00fdsledky losov\u00e1n\u00ed a vylosovan\u00e1 \u010d\u00edsla a archiv v\u00fdsledk\u016f, v\u0161e na jedin\u00e9 webov\u00e9 str\u00e1nce.","robots":{"index":"index","follow":"follow","max-snippet":"max-snippet:-1","max-image-preview":"max-image-preview:large","max-video-preview":"max-video-preview:-1"},"canonical":"https:\/\/jackpotlotteryonline.com\/cs\/vyherni-cisla\/la-primitiva\/","og_locale":"cs_CZ","og_type":"article","og_title":"La Primitiva vylosovan\u00e1 \u010d\u00edsla a v\u00fdsledky losov\u00e1n\u00ed","og_description":"\u0160pan\u011blsk\u00e1 loterie La Primitiva - v\u0161echny v\u00fdsledky losov\u00e1n\u00ed a vylosovan\u00e1 \u010d\u00edsla a archiv v\u00fdsledk\u016f, v\u0161e na jedin\u00e9 webov\u00e9 str\u00e1nce.","og_url":"https:\/\/jackpotlotteryonline.com\/cs\/vyherni-cisla\/la-primitiva\/","og_site_name":"Lotto Online - Crack The International Lottery Jackpots","article_modified_time":"2022-12-27T11:50:56+00:00","og_image":[{"url":"https:\/\/jackpotlotteryonline.com\/wp-content\/uploads\/2022\/11\/read1.jpg"}],"twitter_card":"summary_large_image","twitter_misc":{"Odhadovan\u00e1 doba \u010dten\u00ed":"3 minuty"},"schema":{"@context":"https:\/\/schema.org","@graph":[{"@type":"WebPage","@id":"https:\/\/jackpotlotteryonline.com\/cs\/vyherni-cisla\/la-primitiva\/","url":"https:\/\/jackpotlotteryonline.com\/cs\/vyherni-cisla\/la-primitiva\/","name":"La Primitiva vylosovan\u00e1 \u010d\u00edsla a v\u00fdsledky losov\u00e1n\u00ed","isPartOf":{"@id":"https:\/\/jackpotlotteryonline.com\/#website"},"primaryImageOfPage":{"@id":"https:\/\/jackpotlotteryonline.com\/cs\/vyherni-cisla\/la-primitiva\/#primaryimage"},"image":{"@id":"https:\/\/jackpotlotteryonline.com\/cs\/vyherni-cisla\/la-primitiva\/#primaryimage"},"thumbnailUrl":"https:\/\/jackpotlotteryonline.com\/wp-content\/uploads\/2022\/11\/read1.jpg","datePublished":"2022-12-06T09:38:13+00:00","dateModified":"2022-12-27T11:50:56+00:00","description":"\u0160pan\u011blsk\u00e1 loterie La Primitiva - v\u0161echny v\u00fdsledky losov\u00e1n\u00ed a vylosovan\u00e1 \u010d\u00edsla a archiv v\u00fdsledk\u016f, v\u0161e na jedin\u00e9 webov\u00e9 str\u00e1nce.","breadcrumb":{"@id":"https:\/\/jackpotlotteryonline.com\/cs\/vyherni-cisla\/la-primitiva\/#breadcrumb"},"inLanguage":"cs","potentialAction":[{"@type":"ReadAction","target":["https:\/\/jackpotlotteryonline.com\/cs\/vyherni-cisla\/la-primitiva\/"]}]},{"@type":"ImageObject","inLanguage":"cs","@id":"https:\/\/jackpotlotteryonline.com\/cs\/vyherni-cisla\/la-primitiva\/#primaryimage","url":"https:\/\/jackpotlotteryonline.com\/wp-content\/uploads\/2022\/11\/read1.jpg","contentUrl":"https:\/\/jackpotlotteryonline.com\/wp-content\/uploads\/2022\/11\/read1.jpg"},{"@type":"BreadcrumbList","@id":"https:\/\/jackpotlotteryonline.com\/cs\/vyherni-cisla\/la-primitiva\/#breadcrumb","itemListElement":[{"@type":"ListItem","position":1,"name":"Home","item":"https:\/\/jackpotlotteryonline.com\/cs\/"},{"@type":"ListItem","position":2,"name":"V\u00fdsledky loterie","item":"https:\/\/jackpotlotteryonline.com\/cs\/vyherni-cisla\/"},{"@type":"ListItem","position":3,"name":"V\u00fdsledky losov\u00e1n\u00ed La Primitiva"}]},{"@type":"WebSite","@id":"https:\/\/jackpotlotteryonline.com\/#website","url":"https:\/\/jackpotlotteryonline.com\/","name":"Lotto Online - Crack The International Lottery Jackpots","description":"","potentialAction":[{"@type":"SearchAction","target":{"@type":"EntryPoint","urlTemplate":"https:\/\/jackpotlotteryonline.com\/?s={search_term_string}"},"query-input":"required name=search_term_string"}],"inLanguage":"cs"}]}},"_links":{"self":[{"href":"https:\/\/jackpotlotteryonline.com\/cs\/wp-json\/wp\/v2\/pages\/40753","targetHints":{"allow":["GET"]}}],"collection":[{"href":"https:\/\/jackpotlotteryonline.com\/cs\/wp-json\/wp\/v2\/pages"}],"about":[{"href":"https:\/\/jackpotlotteryonline.com\/cs\/wp-json\/wp\/v2\/types\/page"}],"author":[{"embeddable":true,"href":"https:\/\/jackpotlotteryonline.com\/cs\/wp-json\/wp\/v2\/users\/1"}],"replies":[{"embeddable":true,"href":"https:\/\/jackpotlotteryonline.com\/cs\/wp-json\/wp\/v2\/comments?post=40753"}],"version-history":[{"count":0,"href":"https:\/\/jackpotlotteryonline.com\/cs\/wp-json\/wp\/v2\/pages\/40753\/revisions"}],"up":[{"embeddable":true,"href":"https:\/\/jackpotlotteryonline.com\/cs\/wp-json\/wp\/v2\/pages\/35816"}],"wp:attachment":[{"href":"https:\/\/jackpotlotteryonline.com\/cs\/wp-json\/wp\/v2\/media?parent=40753"}],"curies":[{"name":"wp","href":"https:\/\/api.w.org\/{rel}","templated":true}]}}