{"id":40805,"date":"2022-12-06T11:46:58","date_gmt":"2022-12-06T11:46:58","guid":{"rendered":"https:\/\/jackpotlotteryonline.com\/?page_id=40805"},"modified":"2022-12-28T10:18:15","modified_gmt":"2022-12-28T10:18:15","slug":"vysledky-losovani-el-gordo","status":"publish","type":"page","link":"https:\/\/jackpotlotteryonline.com\/cs\/vyherni-cisla\/vysledky-losovani-el-gordo\/","title":{"rendered":"V\u00fdsledky losov\u00e1n\u00ed El Gordo"},"content":{"rendered":"<p>Loterijn\u00ed nad\u0161enci jsou nad\u0161eni, kdy\u017e sly\u0161\u00ed o El Gordo, a to nejen proto, \u017ee se jedn\u00e1 o jednu z nejv\u011bt\u0161\u00edch evropsk\u00fdch loteri\u00ed. El Gordo je matkou v\u0161ech loteri\u00ed u\u017e jen proto, \u017ee se losuje jednou ro\u010dn\u011b. Je to vlastn\u011b sou\u010d\u00e1st \u0161pan\u011blsk\u00e9 loterie a ka\u017ed\u00fd rok se v n\u00ed kon\u00e1 speci\u00e1ln\u00ed v\u00e1no\u010dn\u00ed losov\u00e1n\u00ed. Je to ud\u00e1lost pln\u00e1 vzru\u0161en\u00ed a op\u0159eden\u00e1 tradic\u00ed. Spojuje rodiny, sousedstv\u00ed a cel\u00e9 komunity, aby spole\u010dn\u011b oslavily sv\u00e1te\u010dn\u00ed obdob\u00ed. Pro s\u00e1zej\u00edc\u00ed ve \u0160pan\u011blsku je v\u00e1no\u010dn\u00ed obdob\u00ed \u010dasem, kdy je t\u0159eba vyhl\u00ed\u017eet v\u00fdhern\u00ed \u010d\u00edsla El Gordo.<\/p>\n<p>El Gordo je typick\u00e1 loterie, kter\u00e1 se kon\u00e1 ve \u0160pan\u011blsku. To znamen\u00e1, \u017ee pokud v t\u00e9to zemi ne\u017eijete, t\u011b\u017eko byste si losy El Gordo kupovali. To se zm\u011bnilo, proto\u017ee nyn\u00ed si m\u016f\u017eete vylosovan\u00e1 \u010d\u00edsla El Gordo ov\u011b\u0159it na internetu.<\/p>\n<h2>Hran\u00ed hry El Gordo<\/h2>\n<p><img loading=\"lazy\" decoding=\"async\" class=\"alignright size-full wp-image-17870\" src=\"http:\/\/jackpotlotteryonline.com\/wp-content\/uploads\/2022\/10\/lotto_euros.jpg\" alt=\"Hra El Gordo\" width=\"225\" height=\"134\" \/>El Gordo znamen\u00e1 &#8220;velk\u00fd&#8221; a jedn\u00e1 se o nejv\u011bt\u0161\u00ed jackpot na sv\u011bt\u011b. Zvl\u00e1\u0161tnost\u00ed t\u00e9to loterie je, \u017ee jackpot nyn\u00ed vyhr\u00e1v\u00e1 pouze jedna osoba. Je to proto, \u017ee tikety jsou rozd\u011bleny do mnoha zlomk\u016f. Vlastn\u011b pr\u00e1v\u011b tato \u010d\u00e1st hry El Gordo m\u016f\u017ee b\u00fdt trochu matouc\u00ed. Ka\u017ed\u00fd tiket El Gordo je rozd\u011blen na 10 \u010d\u00e1st\u00ed a ka\u017ed\u00e1 z t\u011bchto \u010d\u00e1st\u00ed je d\u00e1le rozd\u011blena.<\/p>\n<p>Nejlevn\u011bj\u0161\u00ed los El Gordo, kter\u00fd si m\u016f\u017eete koupit, je 1\/100 cel\u00e9ho losu.<\/p>\n<p>Chcete-li se dozv\u011bd\u011bt v\u00edce o <a href=\"https:\/\/jackpotlotteryonline.com\/cs\/jak-hrat\/el-gordo\">hran\u00ed El Gordo<\/a>, nav\u0161tivte jackpotlotteryonline.com a <a href=\"https:\/\/jackpotlotteryonline.com\/cs\/koupit-vstupenky\/el-gordo\">kupte si tikety<\/a> hned. Hran\u00ed El Gordo je spousta z\u00e1bavy, zejm\u00e9na pokud hrajete online.<\/p>\n<h2>Hran\u00ed online<\/h2>\n<p>Pokud jste p\u0159ipraveni vstoupit do loterie El Gordo, nav\u0161tivte na\u0161e str\u00e1nky a vyberte si v\u00fdhern\u00ed \u010d\u00edslice. Sta\u010d\u00ed, kdy\u017e si vyberete 6 od 1 do 49. Samoz\u0159ejm\u011b to m\u016f\u017eete nechat ud\u011blat n\u00e1\u0161 automatick\u00fd v\u00fdb\u011br za v\u00e1s, pokud nem\u00e1te nic konkr\u00e9tn\u00edho, co byste cht\u011bli hr\u00e1t. Pot\u00e9 se p\u0159ihlaste do slosov\u00e1n\u00ed a po\u010dkejte na v\u00fdhern\u00ed v\u00fdsledky El Gordo.<\/p>\n<h2>Jak vyhr\u00e1t El Gordo<\/h2>\n<p>V\u00fdhra v El Gordo jednodu\u0161e znamen\u00e1, \u017ee m\u00e1te v\u00fdhern\u00ed kombinaci. Pokud se tedy va\u0161e \u010d\u00edslice shoduj\u00ed s t\u00edm, co bylo vylosov\u00e1no, jste v\u00edt\u011bzem loterie El Gordo.<\/p>\n<p>Existuje n\u011bkolik strategi\u00ed, kter\u00e9 hr\u00e1\u010di pou\u017e\u00edvaj\u00ed k v\u00fdb\u011bru v\u00fdhern\u00edch kombinac\u00ed pro El Gordo. Jednou z nich je v\u00fdb\u011br \u010d\u00edslic, kter\u00e9 pova\u017euj\u00ed za \u0161\u0165astn\u00e9. Pro n\u011bkter\u00e9 jsou to jejich narozeniny nebo narozeniny jejich bl\u00edzk\u00fdch. M\u016f\u017ee to b\u00fdt jak\u00e9koli \u010d\u00edslo, kter\u00e9 je pro v\u00e1s v\u00fdjime\u010dn\u00e9. Jin\u00ed hr\u00e1\u010di se rad\u011bji zcela spol\u00e9haj\u00ed na n\u00e1hodn\u011b vygenerovan\u00e1 \u010d\u00edsla. Z\u00e1le\u017e\u00ed jen na v\u00e1s, co si vyberete.<\/p>\n<p>Dal\u0161\u00edm zp\u016fsobem, jak vybrat v\u00fdhern\u00ed kombinaci pro hru El Gordo, je pod\u00edvat se na minul\u00e9 v\u00fdsledky. To v\u00e1m pom\u016f\u017ee zejm\u00e9na v p\u0159\u00edpad\u011b, \u017ee jste \u010dast\u00fdm hr\u00e1\u010dem. Pro mnoho s\u00e1zej\u00edc\u00edch je v\u017edy dobr\u00fdm hern\u00edm pl\u00e1nem n\u00e1kup v\u00edce tiket\u016f. V\u017edy m\u016f\u017eete vytvo\u0159it skupinu sv\u00fdch p\u0159\u00e1tel nebo rodiny a koupit si tikety El Gordo.<\/p>\n<h2>Jak zkontrolovat vylosovan\u00e1 \u010d\u00edsla<\/h2>\n<p><img loading=\"lazy\" decoding=\"async\" class=\"alignright size-full wp-image-30668\" src=\"http:\/\/jackpotlotteryonline.com\/wp-content\/uploads\/2022\/11\/3_screen_lottery_results_online.jpg\" alt=\"V\u00fdhern\u00ed losov\u00e1n\u00ed El Gordo\" width=\"130\" height=\"120\" \/>Po zakoupen\u00ed tiketu El Gordo je dal\u0161\u00edm krokem \u010dek\u00e1n\u00ed na losov\u00e1n\u00ed El Gordo. Po losov\u00e1n\u00ed je d\u016fle\u017eit\u00e9 zkontrolovat v\u00fdhern\u00ed kombinace. Existuje n\u011bkolik p\u0159\u00edb\u011bh\u016f o v\u00fdhr\u00e1ch, kter\u00e9 z\u016fstaly nevyzvednuty, proto\u017ee v\u00fdherci si sv\u00e9 losy nikdy nezkontrolovali. Pokud hrajete s n\u00e1mi, nikdy se nemus\u00edte ob\u00e1vat, \u017ee se v\u00e1m to stane.<\/p>\n<p>Po ka\u017ed\u00e9m losov\u00e1n\u00ed zve\u0159ej\u0148ujeme v\u00fdhern\u00ed v\u00fdsledky p\u0159\u00edmo zde na str\u00e1nce El Gordo. Jednou z chyb, kter\u00fdch se nov\u00ed hr\u00e1\u010di loterie dopou\u0161t\u011bj\u00ed, je, \u017ee si nezkontroluj\u00ed, zda nevyhr\u00e1li dal\u0161\u00ed ceny.<\/p>\n<p>Loterie El Gordo m\u00e1 17 r\u016fzn\u00fdch \u00farovn\u00ed v\u00fdher a hr\u00e1\u010d m\u016f\u017ee vyhr\u00e1t kteroukoli z nich. Pokud hrajete s n\u00e1mi, d\u00e1me v\u00e1m v\u011bd\u011bt, zda jste se stali v\u00fdhercem n\u011bkter\u00e9 z cen. Ud\u011bl\u00e1me to prost\u0159ednictv\u00edm e-mailu a nav\u00edc dostanete ozn\u00e1men\u00ed, jakmile se p\u0159ihl\u00e1s\u00edte do platformy.<\/p>\n<h2>Co se stane, kdy\u017e vyhrajete?<\/h2>\n<p>V\u00fdhra v El Gordo je \u00fa\u017easn\u00fd z\u00e1\u017eitek, proto\u017ee m\u00e1te pocit, \u017ee jste se stali sou\u010d\u00e1st\u00ed n\u011b\u010deho velk\u00e9ho. N\u011bco jako b\u00fdt sou\u010d\u00e1st\u00ed vznikaj\u00edc\u00ed historie. Je\u0161t\u011b v\u011bt\u0161\u00ed pocit je, pokud jste si l\u00edstky El Gordo koupili se sv\u00fdmi spolupracovn\u00edky, kamar\u00e1dy nebo rodinou. Pak m\u016f\u017eete j\u00edt v\u0161ichni spole\u010dn\u011b oslavit v\u00fdhru.<\/p>\n<p>Jak ji\u017e bylo \u0159e\u010deno, v\u00fdb\u011br v\u00fdhry z El Gordo je velmi snadn\u00fd, pokud hrajete na na\u0161ich str\u00e1nk\u00e1ch. Jde jen o to, abyste si svou v\u00fdhru nechali vyplatit na sv\u016fj online \u00fa\u010det. Pokud vyhrajete v\u00edce ne\u017e ur\u010ditou \u010d\u00e1stku, mo\u017en\u00e1 budete muset vyplnit formul\u00e1\u0159 pro uplatn\u011bn\u00ed n\u00e1roku na v\u00fdhru, abyste od loterijn\u00ed spole\u010dnosti dostali svou v\u00fdhru. Ale pr\u00e1v\u011b proto jsme tu my, abychom v\u00e1m v\u0161e usnadnili.<\/p>\n<section class=\"layout\" style=\"border: solid 1px; width: 100%;\">\n<div class=\"img-div\" style=\"margin-top: 5px;\"><img decoding=\"async\" class=\"wp-image-17212 alignleft\" style=\"height: 45px; margin: 8px 8px 0px;\" src=\"http:\/\/jackpotlotteryonline.com\/wp-content\/uploads\/2022\/11\/read1.jpg\" alt=\"P\u0159e\u010dt\u011bte si\" width=\"\" height=\"\" \/><\/div>\n<div style=\"padding-left: 5px;\">\n<div style=\"font-size: 1.1em;\">\n<p><strong>Dan\u011b z loterijn\u00edch v\u00fdher<\/strong><\/p>\n<p style=\"font-size: 0.85em; margin-top: -1.5em;\">Mus\u00edm platit dan\u011b z v\u00fdhry v loterii?\u00a0<a href=\"https:\/\/jackpotlotteryonline.com\/cs\/musite-platit-dane-z-vyher-v-loterii\"> P\u0159e\u010dt\u011bte si v\u00edce<\/a><\/p>\n<\/div>\n<\/div>\n<\/section>\n<h2>Pro\u010d byste m\u011bli hr\u00e1t El Gordo online s n\u00e1mi<\/h2>\n<p>Existuje mnoho d\u016fvod\u016f, pro\u010d na\u0161i z\u00e1kazn\u00edci r\u00e1di hraj\u00ed loterii s n\u00e1mi.<\/p>\n<ul>\n<li>Koupit si los El Gordo je tak snadn\u00e9, jako n\u011bkolik klepnut\u00ed na mobiln\u00edm za\u0159\u00edzen\u00ed. Bez stresu a naprosto pohodln\u011b.<\/li>\n<li>Sv\u00e9 v\u00fdhern\u00ed kombinace El Gordo si m\u016f\u017eete zkontrolovat p\u0159\u00edmo zde, ani\u017e byste museli chodit kamkoli jinam.<\/li>\n<li>Upozorn\u00edme v\u00e1s, jakmile vyhrajete, bez ohledu na v\u00fd\u0161i v\u00fdhry.<\/li>\n<li>Pokud n\u011bjakou cenu vyhrajete, m\u016f\u017eete si ji z na\u0161\u00ed platformy nechat vyplatit na sv\u016fj \u00fa\u010det.<\/li>\n<\/ul>\n<p>Na\u0161im z\u00e1kazn\u00edk\u016fm doslova usnad\u0148ujeme z\u00e1bavu a radost z hran\u00ed loterie. Pravdou je, \u017ee v \u017eivot\u011b je tolik jin\u00fdch v\u011bc\u00ed, kter\u00e9 jsou t\u011b\u017ek\u00e9, \u017ee v\u00fdhra v loterii nemus\u00ed b\u00fdt jednou z nich.<\/p>\n<h2>Zkontrolujte si sv\u00e1 v\u00fdhern\u00ed \u010d\u00edsla<\/h2>\n<p>Ne\u017e si koup\u00edte tiket, mus\u00edte v\u011bd\u011bt, \u017ee na\u0161im z\u00e1kazn\u00edk\u016fm poskytujeme p\u0159\u00edstup ke skute\u010dn\u00fdm \u010d\u00edsl\u016fm. Kdy\u017e hrajete s n\u00e1mi, nes\u00e1z\u00edte jen na v\u00fdsledek loterie. Zaji\u0161\u0165ujeme, \u017ee jste se do loterie p\u0159ihl\u00e1sili. D\u011bl\u00e1me to tak, \u017ee provozujeme syst\u00e9m concierge, kdy n\u00e1\u0161 agent ve \u0160pan\u011blsku nakupuje \u010d\u00edsla odpov\u00eddaj\u00edc\u00ed t\u011bm va\u0161im.<\/p>\n<p>Kdy\u017e m\u00e1te v\u00fdhern\u00ed \u010d\u00edsla El Gordo, znamen\u00e1 to, \u017ee jste v loterii vyhr\u00e1li. Je to opravdu tak jednoduch\u00e9. Usilovn\u011b pracujeme na tom, abyste se nemuseli starat o detaily. Proto se postar\u00e1me o mali\u010dkosti, abyste se mohli soust\u0159edit na to, co je pro v\u00e1s nejd\u016fle\u017eit\u011bj\u0161\u00ed.<\/p>\n<p>Nav\u0161tivte n\u00e1s je\u0161t\u011b dnes a pod\u00edvejte se na v\u00fdhern\u00ed \u010d\u00edsla do nejlep\u0161\u00edch mezin\u00e1rodn\u00edch loteri\u00ed p\u0159\u00edmo zde. Nebo si kupte losy El Gordo a vra\u0165te je za v\u00fdhern\u00ed \u010d\u00edsla.<\/p>\n","protected":false},"excerpt":{"rendered":"<p>Loterijn\u00ed nad\u0161enci jsou nad\u0161eni, kdy\u017e sly\u0161\u00ed o El Gordo, a to nejen proto, \u017ee se jedn\u00e1 o jednu z nejv\u011bt\u0161\u00edch evropsk\u00fdch loteri\u00ed. El Gordo je matkou v\u0161ech loteri\u00ed u\u017e jen proto, \u017ee se losuje jednou ro\u010dn\u011b. Je to vlastn\u011b sou\u010d\u00e1st \u0161pan\u011blsk\u00e9 loterie a ka\u017ed\u00fd rok se v n\u00ed kon\u00e1 speci\u00e1ln\u00ed v\u00e1no\u010dn\u00ed losov\u00e1n\u00ed. Je to ud\u00e1lost [&hellip;]<\/p>\n","protected":false},"author":1,"featured_media":0,"parent":35816,"menu_order":6,"comment_status":"closed","ping_status":"closed","template":"el-gordo-results.php","meta":{"_et_pb_use_builder":"","_et_pb_old_content":"","_et_gb_content_width":"","exclude_from_search":false,"footnotes":""},"class_list":["post-40805","page","type-page","status-publish","hentry"],"yoast_head":"<!-- This site is optimized with the Yoast SEO plugin v23.3 - https:\/\/yoast.com\/wordpress\/plugins\/seo\/ -->\n<title>Vylosovan\u00e1 \u010d\u00edsla a v\u00fdsledky losov\u00e1n\u00ed El Gordo<\/title>\n<meta name=\"description\" content=\"V\u00fdsledky, vylosovan\u00e1 \u010d\u00edsla pro losov\u00e1n\u00ed El Gordo - tento t\u00fdden i v\u00fdsledky z minul\u00e9ho t\u00fddne.\" \/>\n<meta name=\"robots\" content=\"index, follow, max-snippet:-1, max-image-preview:large, max-video-preview:-1\" \/>\n<link rel=\"canonical\" href=\"https:\/\/jackpotlotteryonline.com\/cs\/vyherni-cisla\/vysledky-losovani-el-gordo\/\" \/>\n<meta property=\"og:locale\" content=\"cs_CZ\" \/>\n<meta property=\"og:type\" content=\"article\" \/>\n<meta property=\"og:title\" content=\"Vylosovan\u00e1 \u010d\u00edsla a v\u00fdsledky losov\u00e1n\u00ed El Gordo\" \/>\n<meta property=\"og:description\" content=\"V\u00fdsledky, vylosovan\u00e1 \u010d\u00edsla pro losov\u00e1n\u00ed El Gordo - tento t\u00fdden i v\u00fdsledky z minul\u00e9ho t\u00fddne.\" \/>\n<meta property=\"og:url\" content=\"https:\/\/jackpotlotteryonline.com\/cs\/vyherni-cisla\/vysledky-losovani-el-gordo\/\" \/>\n<meta property=\"og:site_name\" content=\"Lotto Online - Crack The International Lottery Jackpots\" \/>\n<meta property=\"article:modified_time\" content=\"2022-12-28T10:18:15+00:00\" \/>\n<meta property=\"og:image\" content=\"http:\/\/jackpotlotteryonline.com\/wp-content\/uploads\/2022\/10\/lotto_euros.jpg\" \/>\n<meta name=\"twitter:card\" content=\"summary_large_image\" \/>\n<meta name=\"twitter:label1\" content=\"Odhadovan\u00e1 doba \u010dten\u00ed\" \/>\n\t<meta name=\"twitter:data1\" content=\"5 minut\" \/>\n<!-- \/ Yoast SEO plugin. -->","yoast_head_json":{"title":"Vylosovan\u00e1 \u010d\u00edsla a v\u00fdsledky losov\u00e1n\u00ed El Gordo","description":"V\u00fdsledky, vylosovan\u00e1 \u010d\u00edsla pro losov\u00e1n\u00ed El Gordo - tento t\u00fdden i v\u00fdsledky z minul\u00e9ho t\u00fddne.","robots":{"index":"index","follow":"follow","max-snippet":"max-snippet:-1","max-image-preview":"max-image-preview:large","max-video-preview":"max-video-preview:-1"},"canonical":"https:\/\/jackpotlotteryonline.com\/cs\/vyherni-cisla\/vysledky-losovani-el-gordo\/","og_locale":"cs_CZ","og_type":"article","og_title":"Vylosovan\u00e1 \u010d\u00edsla a v\u00fdsledky losov\u00e1n\u00ed El Gordo","og_description":"V\u00fdsledky, vylosovan\u00e1 \u010d\u00edsla pro losov\u00e1n\u00ed El Gordo - tento t\u00fdden i v\u00fdsledky z minul\u00e9ho t\u00fddne.","og_url":"https:\/\/jackpotlotteryonline.com\/cs\/vyherni-cisla\/vysledky-losovani-el-gordo\/","og_site_name":"Lotto Online - Crack The International Lottery Jackpots","article_modified_time":"2022-12-28T10:18:15+00:00","og_image":[{"url":"http:\/\/jackpotlotteryonline.com\/wp-content\/uploads\/2022\/10\/lotto_euros.jpg"}],"twitter_card":"summary_large_image","twitter_misc":{"Odhadovan\u00e1 doba \u010dten\u00ed":"5 minut"},"schema":{"@context":"https:\/\/schema.org","@graph":[{"@type":"WebPage","@id":"https:\/\/jackpotlotteryonline.com\/cs\/vyherni-cisla\/vysledky-losovani-el-gordo\/","url":"https:\/\/jackpotlotteryonline.com\/cs\/vyherni-cisla\/vysledky-losovani-el-gordo\/","name":"Vylosovan\u00e1 \u010d\u00edsla a v\u00fdsledky losov\u00e1n\u00ed El Gordo","isPartOf":{"@id":"https:\/\/jackpotlotteryonline.com\/#website"},"primaryImageOfPage":{"@id":"https:\/\/jackpotlotteryonline.com\/cs\/vyherni-cisla\/vysledky-losovani-el-gordo\/#primaryimage"},"image":{"@id":"https:\/\/jackpotlotteryonline.com\/cs\/vyherni-cisla\/vysledky-losovani-el-gordo\/#primaryimage"},"thumbnailUrl":"http:\/\/jackpotlotteryonline.com\/wp-content\/uploads\/2022\/10\/lotto_euros.jpg","datePublished":"2022-12-06T11:46:58+00:00","dateModified":"2022-12-28T10:18:15+00:00","description":"V\u00fdsledky, vylosovan\u00e1 \u010d\u00edsla pro losov\u00e1n\u00ed El Gordo - tento t\u00fdden i v\u00fdsledky z minul\u00e9ho t\u00fddne.","breadcrumb":{"@id":"https:\/\/jackpotlotteryonline.com\/cs\/vyherni-cisla\/vysledky-losovani-el-gordo\/#breadcrumb"},"inLanguage":"cs","potentialAction":[{"@type":"ReadAction","target":["https:\/\/jackpotlotteryonline.com\/cs\/vyherni-cisla\/vysledky-losovani-el-gordo\/"]}]},{"@type":"ImageObject","inLanguage":"cs","@id":"https:\/\/jackpotlotteryonline.com\/cs\/vyherni-cisla\/vysledky-losovani-el-gordo\/#primaryimage","url":"http:\/\/jackpotlotteryonline.com\/wp-content\/uploads\/2022\/10\/lotto_euros.jpg","contentUrl":"http:\/\/jackpotlotteryonline.com\/wp-content\/uploads\/2022\/10\/lotto_euros.jpg"},{"@type":"BreadcrumbList","@id":"https:\/\/jackpotlotteryonline.com\/cs\/vyherni-cisla\/vysledky-losovani-el-gordo\/#breadcrumb","itemListElement":[{"@type":"ListItem","position":1,"name":"Home","item":"https:\/\/jackpotlotteryonline.com\/cs\/"},{"@type":"ListItem","position":2,"name":"V\u00fdsledky loterie","item":"https:\/\/jackpotlotteryonline.com\/cs\/vyherni-cisla\/"},{"@type":"ListItem","position":3,"name":"V\u00fdsledky losov\u00e1n\u00ed El Gordo"}]},{"@type":"WebSite","@id":"https:\/\/jackpotlotteryonline.com\/#website","url":"https:\/\/jackpotlotteryonline.com\/","name":"Lotto Online - Crack The International Lottery Jackpots","description":"","potentialAction":[{"@type":"SearchAction","target":{"@type":"EntryPoint","urlTemplate":"https:\/\/jackpotlotteryonline.com\/?s={search_term_string}"},"query-input":"required name=search_term_string"}],"inLanguage":"cs"}]}},"_links":{"self":[{"href":"https:\/\/jackpotlotteryonline.com\/cs\/wp-json\/wp\/v2\/pages\/40805","targetHints":{"allow":["GET"]}}],"collection":[{"href":"https:\/\/jackpotlotteryonline.com\/cs\/wp-json\/wp\/v2\/pages"}],"about":[{"href":"https:\/\/jackpotlotteryonline.com\/cs\/wp-json\/wp\/v2\/types\/page"}],"author":[{"embeddable":true,"href":"https:\/\/jackpotlotteryonline.com\/cs\/wp-json\/wp\/v2\/users\/1"}],"replies":[{"embeddable":true,"href":"https:\/\/jackpotlotteryonline.com\/cs\/wp-json\/wp\/v2\/comments?post=40805"}],"version-history":[{"count":0,"href":"https:\/\/jackpotlotteryonline.com\/cs\/wp-json\/wp\/v2\/pages\/40805\/revisions"}],"up":[{"embeddable":true,"href":"https:\/\/jackpotlotteryonline.com\/cs\/wp-json\/wp\/v2\/pages\/35816"}],"wp:attachment":[{"href":"https:\/\/jackpotlotteryonline.com\/cs\/wp-json\/wp\/v2\/media?parent=40805"}],"curies":[{"name":"wp","href":"https:\/\/api.w.org\/{rel}","templated":true}]}}