{"id":40863,"date":"2022-12-07T07:52:37","date_gmt":"2022-12-07T07:52:37","guid":{"rendered":"https:\/\/jackpotlotteryonline.com\/?page_id=40863"},"modified":"2022-12-28T15:23:30","modified_gmt":"2022-12-28T15:23:30","slug":"german-lotto","status":"publish","type":"page","link":"https:\/\/jackpotlotteryonline.com\/cs\/vyherni-cisla\/german-lotto\/","title":{"rendered":"N\u011bmeck\u00e9 Lotto \u010derp\u00e1n\u00ed v\u00fdsledky"},"content":{"rendered":"<p>V\u00fdsledky losov\u00e1n\u00ed <a href=\"https:\/\/jackpotlotteryonline.com\/cs\/jak-hrat\/german-lotto\">n\u011bmeck\u00e9 loterie LottoPokud<\/a> jste hr\u00e1li n\u011bmeckou loterii Lotto nebo ji chcete zkusit, je pro v\u00e1s kontrola vylosovan\u00fdch \u010d\u00edsel z\u00e1sadn\u00ed. V\u00fdhra v loterii je z\u00e1\u017eitek, kter\u00fd v\u00e1m zm\u011bn\u00ed \u017eivot.<\/p>\n<p>Loterie zn\u00e1m\u00e1 pod n\u00e1zvem 6 aus 49 neboli 6 ze 49 je jednou z nejobl\u00edben\u011bj\u0161\u00edch loteri\u00ed v Evrop\u011b. Tato n\u011bmeck\u00e1 loterie s neuv\u011b\u0159iteln\u00fdmi \u0161ancemi a v\u00fdhrami, kter\u00e9 m\u011bn\u00ed \u017eivot, m\u00e1 dev\u011bt r\u016fzn\u00fdch \u00farovn\u00ed v\u00fdher.<\/p>\n<p>Hraje se snadno a do n\u011bmeck\u00e9ho lota se nyn\u00ed m\u016f\u017eete p\u0159ihl\u00e1sit odkudkoli na sv\u011bt\u011b. P\u0159i h\u0159e na jackpotlottoonline.com si tak\u00e9 m\u016f\u017eete zkontrolovat sv\u00e1 v\u00fdhern\u00ed \u010d\u00edsla.<\/p>\n<h2>Jak hr\u00e1t n\u011bmeck\u00e9 lotto<\/h2>\n<p><img loading=\"lazy\" decoding=\"async\" class=\"alignright size-medium wp-image-29156\" src=\"https:\/\/jackpotlotteryonline.com\/wp-content\/uploads\/2022\/11\/1_play_lotto_to_win-300x214.jpg\" alt=\"Vstupte do n\u011bmeck\u00e9ho lota a vyhrajte ceny\" width=\"300\" height=\"214\" srcset=\"https:\/\/jackpotlotteryonline.com\/wp-content\/uploads\/2022\/11\/1_play_lotto_to_win-300x214.jpg 300w, https:\/\/jackpotlotteryonline.com\/wp-content\/uploads\/2022\/11\/1_play_lotto_to_win.jpg 320w\" sizes=\"auto, (max-width: 300px) 100vw, 300px\" \/>V podstat\u011b sta\u010d\u00ed, aby si hr\u00e1\u010di vybrali 6 \u010d\u00edsel z rozmez\u00ed 1 a\u017e 49, a kdo se shoduje s vylosovan\u00fdmi v\u00fdsledky, vyhr\u00e1v\u00e1 jackpot. K dispozici je tak\u00e9 bonusov\u00e9 \u010d\u00edslo zvan\u00e9 Super \u010d\u00edslo. To se vyb\u00edr\u00e1 n\u00e1hodn\u011b a slou\u017e\u00ed k ur\u010den\u00ed v\u00fdherc\u016f t\u0159\u00ed \u00farovn\u00ed v\u010detn\u011b jackpotu.<\/p>\n<p>V\u00fd\u0161e jackpotu je garantov\u00e1na ve v\u00fd\u0161i jednoho milionu eur, pokud v\u0161ak po slosov\u00e1n\u00ed nen\u00ed \u017e\u00e1dn\u00fd v\u00fdherce, jackpot se p\u0159ev\u00e1d\u00ed. Jackpot n\u011bmeck\u00e9ho lota m\u016f\u017ee dos\u00e1hnout a\u017e 14 000 000 eur, co\u017e je podle n\u00e1s docela \u00fa\u017easn\u00e9.<\/p>\n<h2>Hran\u00ed na jackpotlottoonline.com<\/h2>\n<p>Kdy\u017e si u n\u00e1s <a href=\"https:\/\/jackpotlotteryonline.com\/cs\/koupit-vstupenky\/lotto-germany\">koup\u00edte tiket, vlastn\u011b vstupujete<\/a> do loterie. Nefungujeme jako n\u011bkter\u00e9 online lotto str\u00e1nky, kter\u00e9 hr\u00e1\u010d\u016fm pouze d\u00e1vaj\u00ed mo\u017enost vsadit si na v\u00fdsledek. Pokud si vsad\u00edte na v\u00fdsledek, i kdy\u017e v\u00e1m padnou v\u00fdhern\u00ed \u010d\u00edsla, lotto nevyhrajete.<\/p>\n<p>Jsme port\u00e1l, kter\u00fd sv\u00fdm z\u00e1kazn\u00edk\u016fm poskytuje mo\u017enost p\u0159ihl\u00e1sit se do loterie z cel\u00e9ho sv\u011bta. Kdy\u017e si koup\u00edte n\u011bmeck\u00fd los lotto online, na\u0161i agenti v dan\u00e9 zemi koup\u00ed fyzick\u00fd los. Fyzick\u00fd los n\u011bmeck\u00e9ho lota bude m\u00edt stejn\u00e1 \u010d\u00edsla, jak\u00e1 jste si vybrali. Pot\u00e9 jej naskenujeme na v\u00e1\u0161 \u00fa\u010det.<\/p>\n<p><strong>Chcete-li hr\u00e1t lotto s n\u00e1mi:<\/strong><\/p>\n<ul>\n<li>M\u016f\u017eete tak\u00e9 pou\u017e\u00edt n\u00e1\u0161 automatick\u00fd gener\u00e1tor, kter\u00fd vybere n\u00e1hodn\u00e1 \u010d\u00edsla lota.<\/li>\n<li>Vstupte do slosov\u00e1n\u00ed. M\u016f\u017eete zadat jednotliv\u00e1 nebo v\u00edce losov\u00e1n\u00ed.<\/li>\n<li>Vyberte si, kolik t\u00fddn\u016f dop\u0159edu chcete hr\u00e1t (nebo m\u016f\u017eete hr\u00e1t pouze jednou).<\/li>\n<li>Zaregistrujte se, abyste mohli zpracovat svou platbu (to proto, abychom v\u00e1s mohli upozornit, jakmile v lottu vyhrajete).<\/li>\n<\/ul>\n<h2>V\u00fdhra v n\u011bmeck\u00e9m lottu (rozd\u011blen\u00ed v\u00fdher)<\/h2>\n<p><img loading=\"lazy\" decoding=\"async\" class=\"alignright size-medium wp-image-28616\" src=\"https:\/\/jackpotlotteryonline.com\/wp-content\/uploads\/2022\/11\/1_online_lotto-300x128.jpg\" alt=\"Zahrajte si n\u011bmeck\u00e9 lotto\" width=\"300\" height=\"128\" srcset=\"https:\/\/jackpotlotteryonline.com\/wp-content\/uploads\/2022\/11\/1_online_lotto-300x128.jpg 300w, https:\/\/jackpotlotteryonline.com\/wp-content\/uploads\/2022\/11\/1_online_lotto.jpg 320w\" sizes=\"auto, (max-width: 300px) 100vw, 300px\" \/>Ji\u017e jsme zm\u00ednili, \u017ee toto evropsk\u00e9 lotto m\u00e1 9 r\u016fzn\u00fdch \u00farovn\u00ed v\u00fdher. To je spousta cen, kter\u00e9 m\u016f\u017ee hr\u00e1\u010d vyhr\u00e1t, co\u017e vysv\u011btluje, pro\u010d je toto loto na kontinentu tak obl\u00edben\u00e9. \u0160ance na v\u00fdhru jackpotu je 1 ku 139 838 160.<\/p>\n<p>Pod\u011bl\u00edme se s v\u00e1mi o rozd\u011blen\u00ed v\u00fdher do jednotliv\u00fdch v\u00fdhern\u00edch \u00farovn\u00ed a tak\u00e9 o kurzy pro ka\u017edou \u00farove\u0148. Tak\u00e9 uvedeme odhadovanou v\u00fdhru pro ka\u017edou \u010d\u00e1st. V\u00fdhry jsou ur\u010deny celkov\u00fdm fondem loterie, ale na z\u00e1klad\u011b minul\u00fdch v\u00fdher je mo\u017en\u00e9 z\u00edskat p\u0159ibli\u017en\u00fd \u00fadaj.<\/p>\n<p>\u00darove\u0148 1: 6 + Super\u010d\u00edslo &#8211; 12 585 434,40 \u20ac (jackpot) &#8211; 1:139 838 160<\/p>\n<p>\u00darove\u0148 2: pouze 6 \u010d\u00edsel &#8211; 1 003 509,30 \u20ac &#8211; 1: 15 537 573<\/p>\n<p>\u00darove\u0148 3: 5 + super\u010d\u00edslo &#8211; 12 135,40 \u20ac &#8211; 1:524 008<\/p>\n<p>\u00darove\u0148 4: pouze 5 \u010d\u00edsel &#8211; 4 019,20 EUR &#8211; 1:60 223<\/p>\n<p>\u00darove\u0148 5: 4 + super\u010d\u00edslo &#8211; 191,10 EUR &#8211; 1:10 324<\/p>\n<p>\u00darove\u0148 6: pouze 4 \u010d\u00edsla &#8211; 50,30 EUR &#8211; 1:1 147<\/p>\n<p>\u00darove\u0148 7: 3 + super\u010d\u00edslo &#8211; 21,20 EUR &#8211; 1:567<\/p>\n<p>\u00darove\u0148 8: pouze 3 figurky &#8211; 11,10 EUR &#8211; 1:63<\/p>\n<p>\u00darove\u0148 9: 2 + super\u010d\u00edslo &#8211; 6 EUR &#8211; 1:76<\/p>\n<section class=\"layout\" style=\"border: solid 1px; width: 100%;\">\n<div class=\"img-div\" style=\"margin-top: 5px;\"><img decoding=\"async\" class=\"wp-image-17212 alignleft\" style=\"height: 45px; margin: 8px 8px 0px;\" src=\"https:\/\/jackpotlotteryonline.com\/wp-content\/uploads\/2022\/11\/read1.jpg\" alt=\"P\u0159e\u010dt\u011bte si\" width=\"\" height=\"\" \/><\/div>\n<div style=\"padding-left: 5px;\">\n<div style=\"font-size: 1.1em;\">\n<p><strong>Va\u0161e n\u00e1rodn\u00ed loterie v mezin\u00e1rodn\u00edm srovn\u00e1n\u00ed<\/strong><\/p>\n<p style=\"font-size: 0.85em; margin-top: -1.5em;\">Va\u0161e m\u00edstn\u00ed loterie m\u016f\u017ee b\u00fdt nejhor\u0161\u00ed volbou &#8211; pro\u010d m\u00e1 smysl platit v\u00edce, ale j\u00edt po v\u011bt\u0161\u00edch v\u00fdhr\u00e1ch?\u00a0 <a href=\"https:\/\/jackpotlotteryonline.com\/cs\/vase-narodni-loterie-v-mezinarodnim-srovnani\">P\u0159e\u010dt\u011bte si v\u00edce<\/a><\/p>\n<\/div>\n<\/div>\n<\/section>\n<h2>Zkontrolujte si sv\u00e1 vylosovan\u00e1 \u010d\u00edsla online<\/h2>\n<p>Stejn\u011b jako je hran\u00ed n\u011bmeck\u00e9ho lota neuv\u011b\u0159iteln\u011b jednoduch\u00e9, zjednodu\u0161ili jsme i proces kontroly v\u00fdsledk\u016f. Pokud hrajete toto loto, m\u016f\u017eete si snadno zkontrolovat sv\u00e1 vylosovan\u00e1 \u010d\u00edsla online. Po ka\u017ed\u00e9m losov\u00e1n\u00ed se pod\u00edvejte, zda jste vyhr\u00e1li. Proto\u017ee v\u00fdsledky losov\u00e1n\u00ed zve\u0159ej\u0148ujeme p\u0159\u00edmo zde.<\/p>\n<p>Ale i kdy\u017e se po losov\u00e1n\u00ed zapomenete pod\u00edvat, d\u00e1me v\u00e1m v\u011bd\u011bt, zda jste vyhr\u00e1li n\u011bjakou cenu. Nejen\u017ee v\u00e1s na to upozorn\u00edme prost\u0159ednictv\u00edm va\u0161eho \u00fa\u010dtu, ale po\u0161leme v\u00e1m tak\u00e9 e-mail.<\/p>\n<h2>Jak si vyzvednout v\u00fdhru<\/h2>\n<p>Losov\u00e1n\u00ed n\u011bmeck\u00e9ho lota prob\u00edh\u00e1 jednou t\u00fddn\u011b ve st\u0159edu. Po slosov\u00e1n\u00ed budou vyhl\u00e1\u0161ena vylosovan\u00e1 \u010d\u00edsla. V\u00fdhra v loterii znamen\u00e1 pouze to, \u017ee m\u00e1te tiket, kter\u00fd odpov\u00edd\u00e1 vylosovan\u00fdm v\u00fdsledk\u016fm.<\/p>\n<p>Pokud vyhrajete, m\u016f\u017eete si v\u00fdhru snadno vyzvednout tak, \u017ee si ji vyberete z na\u0161\u00ed platformy na sv\u016fj \u00fa\u010det. To je spr\u00e1vn\u011b. Jakoukoli v\u00fdhru, kter\u00e1 je ni\u017e\u0161\u00ed ne\u017e 2 500 EUR, si m\u016f\u017eete vybrat p\u0159\u00edmo na sv\u016fj \u00fa\u010det.<\/p>\n<p>U \u010d\u00e1stek, kter\u00e9 jsou vy\u0161\u0161\u00ed ne\u017e 2 500 \u20ac, budete mo\u017en\u00e1 muset vyplnit formul\u00e1\u0159 pro uplatn\u011bn\u00ed n\u00e1roku od loterijn\u00ed spole\u010dnosti. My v\u00e1s v\u0161ak t\u00edmto procesem provedeme. Pokud jste si tedy je\u0161t\u011b nekoupili sv\u016fj n\u011bmeck\u00fd los lotto, jd\u011bte do toho hned. A nezapome\u0148te si zkontrolovat vylosovan\u00e1 \u010d\u00edsla.<\/p>\n","protected":false},"excerpt":{"rendered":"<p>V\u00fdsledky losov\u00e1n\u00ed n\u011bmeck\u00e9 loterie LottoPokud jste hr\u00e1li n\u011bmeckou loterii Lotto nebo ji chcete zkusit, je pro v\u00e1s kontrola vylosovan\u00fdch \u010d\u00edsel z\u00e1sadn\u00ed. V\u00fdhra v loterii je z\u00e1\u017eitek, kter\u00fd v\u00e1m zm\u011bn\u00ed \u017eivot. Loterie zn\u00e1m\u00e1 pod n\u00e1zvem 6 aus 49 neboli 6 ze 49 je jednou z nejobl\u00edben\u011bj\u0161\u00edch loteri\u00ed v Evrop\u011b. Tato n\u011bmeck\u00e1 loterie s neuv\u011b\u0159iteln\u00fdmi \u0161ancemi a [&hellip;]<\/p>\n","protected":false},"author":1,"featured_media":0,"parent":35816,"menu_order":8,"comment_status":"closed","ping_status":"closed","template":"lotto-german-results.php","meta":{"_et_pb_use_builder":"","_et_pb_old_content":"","_et_gb_content_width":"","exclude_from_search":false,"footnotes":""},"class_list":["post-40863","page","type-page","status-publish","hentry"],"yoast_head":"<!-- This site is optimized with the Yoast SEO plugin v23.3 - https:\/\/yoast.com\/wordpress\/plugins\/seo\/ -->\n<title>N\u011bmeck\u00e9 Lotto vylosovan\u00e1 \u010d\u00edsla a v\u00fdsledky losov\u00e1n\u00ed<\/title>\n<meta name=\"description\" content=\"Zde jsou uvedena v\u0161echna sou\u010dasn\u00e1 a minul\u00e1 vylosovan\u00e1 \u010d\u00edsla a v\u00fdsledky losov\u00e1n\u00ed pro N\u011bmecko lotto.\" \/>\n<meta name=\"robots\" content=\"index, follow, max-snippet:-1, max-image-preview:large, max-video-preview:-1\" \/>\n<link rel=\"canonical\" href=\"https:\/\/jackpotlotteryonline.com\/cs\/vyherni-cisla\/german-lotto\/\" \/>\n<meta property=\"og:locale\" content=\"cs_CZ\" \/>\n<meta property=\"og:type\" content=\"article\" \/>\n<meta property=\"og:title\" content=\"N\u011bmeck\u00e9 Lotto vylosovan\u00e1 \u010d\u00edsla a v\u00fdsledky losov\u00e1n\u00ed\" \/>\n<meta property=\"og:description\" content=\"Zde jsou uvedena v\u0161echna sou\u010dasn\u00e1 a minul\u00e1 vylosovan\u00e1 \u010d\u00edsla a v\u00fdsledky losov\u00e1n\u00ed pro N\u011bmecko lotto.\" \/>\n<meta property=\"og:url\" content=\"https:\/\/jackpotlotteryonline.com\/cs\/vyherni-cisla\/german-lotto\/\" \/>\n<meta property=\"og:site_name\" content=\"Lotto Online - Crack The International Lottery Jackpots\" \/>\n<meta property=\"article:modified_time\" content=\"2022-12-28T15:23:30+00:00\" \/>\n<meta property=\"og:image\" content=\"https:\/\/jackpotlotteryonline.com\/wp-content\/uploads\/2022\/11\/1_play_lotto_to_win-300x214.jpg\" \/>\n<meta name=\"twitter:card\" content=\"summary_large_image\" \/>\n<meta name=\"twitter:label1\" content=\"Odhadovan\u00e1 doba \u010dten\u00ed\" \/>\n\t<meta name=\"twitter:data1\" content=\"4 minuty\" \/>\n<!-- \/ Yoast SEO plugin. -->","yoast_head_json":{"title":"N\u011bmeck\u00e9 Lotto vylosovan\u00e1 \u010d\u00edsla a v\u00fdsledky losov\u00e1n\u00ed","description":"Zde jsou uvedena v\u0161echna sou\u010dasn\u00e1 a minul\u00e1 vylosovan\u00e1 \u010d\u00edsla a v\u00fdsledky losov\u00e1n\u00ed pro N\u011bmecko lotto.","robots":{"index":"index","follow":"follow","max-snippet":"max-snippet:-1","max-image-preview":"max-image-preview:large","max-video-preview":"max-video-preview:-1"},"canonical":"https:\/\/jackpotlotteryonline.com\/cs\/vyherni-cisla\/german-lotto\/","og_locale":"cs_CZ","og_type":"article","og_title":"N\u011bmeck\u00e9 Lotto vylosovan\u00e1 \u010d\u00edsla a v\u00fdsledky losov\u00e1n\u00ed","og_description":"Zde jsou uvedena v\u0161echna sou\u010dasn\u00e1 a minul\u00e1 vylosovan\u00e1 \u010d\u00edsla a v\u00fdsledky losov\u00e1n\u00ed pro N\u011bmecko lotto.","og_url":"https:\/\/jackpotlotteryonline.com\/cs\/vyherni-cisla\/german-lotto\/","og_site_name":"Lotto Online - Crack The International Lottery Jackpots","article_modified_time":"2022-12-28T15:23:30+00:00","og_image":[{"url":"https:\/\/jackpotlotteryonline.com\/wp-content\/uploads\/2022\/11\/1_play_lotto_to_win-300x214.jpg"}],"twitter_card":"summary_large_image","twitter_misc":{"Odhadovan\u00e1 doba \u010dten\u00ed":"4 minuty"},"schema":{"@context":"https:\/\/schema.org","@graph":[{"@type":"WebPage","@id":"https:\/\/jackpotlotteryonline.com\/cs\/vyherni-cisla\/german-lotto\/","url":"https:\/\/jackpotlotteryonline.com\/cs\/vyherni-cisla\/german-lotto\/","name":"N\u011bmeck\u00e9 Lotto vylosovan\u00e1 \u010d\u00edsla a v\u00fdsledky losov\u00e1n\u00ed","isPartOf":{"@id":"https:\/\/jackpotlotteryonline.com\/#website"},"primaryImageOfPage":{"@id":"https:\/\/jackpotlotteryonline.com\/cs\/vyherni-cisla\/german-lotto\/#primaryimage"},"image":{"@id":"https:\/\/jackpotlotteryonline.com\/cs\/vyherni-cisla\/german-lotto\/#primaryimage"},"thumbnailUrl":"https:\/\/jackpotlotteryonline.com\/wp-content\/uploads\/2022\/11\/1_play_lotto_to_win-300x214.jpg","datePublished":"2022-12-07T07:52:37+00:00","dateModified":"2022-12-28T15:23:30+00:00","description":"Zde jsou uvedena v\u0161echna sou\u010dasn\u00e1 a minul\u00e1 vylosovan\u00e1 \u010d\u00edsla a v\u00fdsledky losov\u00e1n\u00ed pro N\u011bmecko lotto.","breadcrumb":{"@id":"https:\/\/jackpotlotteryonline.com\/cs\/vyherni-cisla\/german-lotto\/#breadcrumb"},"inLanguage":"cs","potentialAction":[{"@type":"ReadAction","target":["https:\/\/jackpotlotteryonline.com\/cs\/vyherni-cisla\/german-lotto\/"]}]},{"@type":"ImageObject","inLanguage":"cs","@id":"https:\/\/jackpotlotteryonline.com\/cs\/vyherni-cisla\/german-lotto\/#primaryimage","url":"https:\/\/jackpotlotteryonline.com\/wp-content\/uploads\/2022\/11\/1_play_lotto_to_win-300x214.jpg","contentUrl":"https:\/\/jackpotlotteryonline.com\/wp-content\/uploads\/2022\/11\/1_play_lotto_to_win-300x214.jpg"},{"@type":"BreadcrumbList","@id":"https:\/\/jackpotlotteryonline.com\/cs\/vyherni-cisla\/german-lotto\/#breadcrumb","itemListElement":[{"@type":"ListItem","position":1,"name":"Home","item":"https:\/\/jackpotlotteryonline.com\/cs\/"},{"@type":"ListItem","position":2,"name":"V\u00fdsledky loterie","item":"https:\/\/jackpotlotteryonline.com\/cs\/vyherni-cisla\/"},{"@type":"ListItem","position":3,"name":"N\u011bmeck\u00e9 Lotto \u010derp\u00e1n\u00ed v\u00fdsledky"}]},{"@type":"WebSite","@id":"https:\/\/jackpotlotteryonline.com\/#website","url":"https:\/\/jackpotlotteryonline.com\/","name":"Lotto Online - Crack The International Lottery Jackpots","description":"","potentialAction":[{"@type":"SearchAction","target":{"@type":"EntryPoint","urlTemplate":"https:\/\/jackpotlotteryonline.com\/?s={search_term_string}"},"query-input":"required name=search_term_string"}],"inLanguage":"cs"}]}},"_links":{"self":[{"href":"https:\/\/jackpotlotteryonline.com\/cs\/wp-json\/wp\/v2\/pages\/40863","targetHints":{"allow":["GET"]}}],"collection":[{"href":"https:\/\/jackpotlotteryonline.com\/cs\/wp-json\/wp\/v2\/pages"}],"about":[{"href":"https:\/\/jackpotlotteryonline.com\/cs\/wp-json\/wp\/v2\/types\/page"}],"author":[{"embeddable":true,"href":"https:\/\/jackpotlotteryonline.com\/cs\/wp-json\/wp\/v2\/users\/1"}],"replies":[{"embeddable":true,"href":"https:\/\/jackpotlotteryonline.com\/cs\/wp-json\/wp\/v2\/comments?post=40863"}],"version-history":[{"count":0,"href":"https:\/\/jackpotlotteryonline.com\/cs\/wp-json\/wp\/v2\/pages\/40863\/revisions"}],"up":[{"embeddable":true,"href":"https:\/\/jackpotlotteryonline.com\/cs\/wp-json\/wp\/v2\/pages\/35816"}],"wp:attachment":[{"href":"https:\/\/jackpotlotteryonline.com\/cs\/wp-json\/wp\/v2\/media?parent=40863"}],"curies":[{"name":"wp","href":"https:\/\/api.w.org\/{rel}","templated":true}]}}