{"id":40917,"date":"2022-12-07T09:53:17","date_gmt":"2022-12-07T09:53:17","guid":{"rendered":"https:\/\/jackpotlotteryonline.com\/?page_id=40917"},"modified":"2022-12-28T20:26:21","modified_gmt":"2022-12-28T20:26:21","slug":"france-lotto-2","status":"publish","type":"page","link":"https:\/\/jackpotlotteryonline.com\/cs\/vyherni-cisla\/france-lotto-2\/","title":{"rendered":"Francie Lotto \u010derp\u00e1n\u00ed v\u00fdsledky"},"content":{"rendered":"<p>France Lotto je evropsk\u00e9 lotto, kter\u00e9 t\u0159ikr\u00e1t t\u00fddn\u011b p\u0159in\u00e1\u0161\u00ed v\u00edt\u011bze. Bylo spu\u0161t\u011bno v roce 1976 a jeho losovac\u00ed dny jsou pond\u011bl\u00ed, st\u0159eda a sobota. V t\u011bchto dnech jsou vyhla\u0161ov\u00e1na v\u00fdhern\u00ed \u010d\u00edsla France Lotto. V\u00fdherci z cel\u00e9ho sv\u011bta se mohou z\u00fa\u010dastnit France Lotto zakoupen\u00edm tiketu online.<\/p>\n<h2>Pro\u010d byste m\u011bli zkontrolovat vylosovan\u00e1 \u010d\u00edsla<\/h2>\n<p>Spole\u010dnost France Lotto obecn\u011b nezn\u00e1 toto\u017enost v\u0161ech, kte\u0159\u00ed p\u0159inesli tikety. Nem\u00e1 tedy mo\u017enost kontaktovat v\u00fdhern\u00ed losy loterie. Proto mus\u00edte sv\u016fj los neust\u00e1le kontrolovat podle vylosovan\u00fdch \u010d\u00edsel, abyste zjistili, zda jste vyhr\u00e1li.<\/p>\n<p>France Lotto m\u00e1 tak\u00e9 10 v\u00fdhern\u00edch diviz\u00ed. Je mo\u017en\u00e9, \u017ee hr\u00e1\u010d nevyhr\u00e1l jackpot, ale mohl vyhr\u00e1t jin\u00e9 ceny.<\/p>\n<h2>Zp\u016fsoby kontroly v\u00fdhern\u00edch v\u00fdsledk\u016f France Lotto<\/h2>\n<p><img loading=\"lazy\" decoding=\"async\" class=\"alignright wp-image-31748\" src=\"http:\/\/jackpotlotteryonline.com\/wp-content\/uploads\/2022\/11\/rf_results_page-300x225.jpg\" alt=\"Francie Lotto v\u00edt\u011bzn\u00e9 v\u00fdsledky\" width=\"244\" height=\"183\" srcset=\"https:\/\/jackpotlotteryonline.com\/wp-content\/uploads\/2022\/11\/rf_results_page-300x225.jpg 300w, https:\/\/jackpotlotteryonline.com\/wp-content\/uploads\/2022\/11\/rf_results_page-600x449.jpg 600w, https:\/\/jackpotlotteryonline.com\/wp-content\/uploads\/2022\/11\/rf_results_page-768x575.jpg 768w, https:\/\/jackpotlotteryonline.com\/wp-content\/uploads\/2022\/11\/rf_results_page.jpg 801w\" sizes=\"auto, (max-width: 244px) 100vw, 244px\" \/>Existuje n\u011bkolik zp\u016fsob\u016f, jak zkontrolovat v\u00fdsledky losov\u00e1n\u00ed France Lotto. To je nezbytn\u00e9 pro zji\u0161t\u011bn\u00ed v\u00fdhern\u00edho tiketu pro jackpot. Nezapome\u0148te, \u017ee v\u00fdhercem je ten, kdo se shoduje s vylosovan\u00fdmi \u010d\u00edsly. Pokud si koup\u00edte tikety France Lotto, m\u016f\u017eete si v\u00fdsledky losov\u00e1n\u00ed zkontrolovat n\u011bkter\u00fdm z n\u00e1sleduj\u00edc\u00edch zp\u016fsob\u016f:<\/p>\n<h3>Sledovat losov\u00e1n\u00ed v p\u0159\u00edm\u00e9m televizn\u00edm p\u0159enosu<\/h3>\n<p>To je opravdu docela vzru\u0161uj\u00edc\u00ed, proto\u017ee \u010d\u00edsla jsou vyhl\u00e1\u0161ena a vy m\u016f\u017eete okam\u017eit\u011b zjistit, zda jste vyhr\u00e1li. Probl\u00e9mem je, \u017ee pro sledov\u00e1n\u00ed \u017eiv\u00e9ho losov\u00e1n\u00ed France Lotto mus\u00edte \u017e\u00edt ve Francii.<\/p>\n<section class=\"layout\" style=\"border: solid 1px; width: 100%;\">\n<div class=\"img-div\" style=\"margin-top: 5px;\"><img decoding=\"async\" class=\"wp-image-17212 alignleft\" style=\"height: 45px; margin: 8px 8px 0px;\" src=\"http:\/\/jackpotlotteryonline.com\/wp-content\/uploads\/2022\/11\/read1.jpg\" alt=\"P\u0159e\u010dt\u011bte si\" width=\"\" height=\"\" \/><\/div>\n<div style=\"padding-left: 5px;\">\n<div style=\"font-size: 1.1em;\">\n<p><strong>Nenechte si uj\u00edt \u010dasy losov\u00e1n\u00ed nejv\u011bt\u0161\u00edch sv\u011btov\u00fdch loterijn\u00edch jackpot\u016f<\/strong><\/p>\n<p style=\"font-size: 0.85em; margin-top: -1.5em;\">Seznam \u010das\u016f losov\u00e1n\u00ed mezin\u00e1rodn\u00edch loteri\u00ed<a href=\"https:\/\/jackpotlotteryonline.com\/cs\/kdy-jsou-casy-losovani-mezinarodnich-loterii\"> P\u0159e\u010dt\u011bte si v\u00edce<\/a><\/p>\n<\/div>\n<\/div>\n<\/section>\n<h3>Nav\u0161tivte zpravodajsk\u00e9 str\u00e1nky<\/h3>\n<p>Dal\u0161\u00edm zp\u016fsobem, jak zjistit v\u00fdsledky losov\u00e1n\u00ed, je pod\u00edvat se na zpravodajsk\u00e9 str\u00e1nky. R\u016fzn\u00e9 zpravodajsk\u00e9 weby na sv\u00fdch str\u00e1nk\u00e1ch zve\u0159ej\u0148uj\u00ed v\u00fdhern\u00ed kombinace. To plat\u00ed zejm\u00e9na pro evropsk\u00e9 zpravodajsk\u00e9 str\u00e1nky. Pokud vyhrajete jackpot, je to skv\u011bl\u00e1 mo\u017enost. Existuje v\u0161ak n\u011bkolik dal\u0161\u00edch rozd\u011blen\u00ed v\u00fdher, kter\u00e9 m\u016f\u017ee hr\u00e1\u010d vyhr\u00e1t. Bohu\u017eel tyto str\u00e1nky obvykle nezve\u0159ej\u0148uj\u00ed v\u00fdhern\u00ed kombinace pro tyto divize. Pokud tedy vyhrajete nap\u0159\u00edklad cenu druh\u00e9 \u00farovn\u011b, m\u016f\u017eete o ni p\u0159ij\u00edt.<\/p>\n<h3>Pod\u00edvejte se na jackpotlotteryonline.com<\/h3>\n<p>Kdy\u017e se u n\u00e1s zaregistrujete, m\u016f\u017eete si snadno zkontrolovat v\u00fdhern\u00ed \u010d\u00edsla pro France Lotto. Po ka\u017ed\u00e9m losov\u00e1n\u00ed zve\u0159ej\u0148ujeme v\u00fdsledky p\u0159\u00edmo zde na na\u0161\u00ed str\u00e1nce. Tak\u00e9 pokud vyhrajete n\u011bjakou cenu, okam\u017eit\u011b v\u00e1s o tom budeme informovat bez ohledu na to, jak\u00e9 rozd\u011blen\u00ed v\u00fdher jste vyhr\u00e1li. Nav\u00edc si m\u016f\u017eete sv\u00e9 lotto v\u00fdhry vybrat p\u0159\u00edmo z na\u0161ich str\u00e1nek na sv\u016fj \u00fa\u010det.<\/p>\n<h2>V\u00fdhody hran\u00ed online<\/h2>\n<p>Mo\u017enost pohodln\u011b kontrolovat v\u00fdsledky losov\u00e1n\u00ed je jen jednou z v\u00fdhod <a href=\"https:\/\/jackpotlotteryonline.com\/cs\/jak-hrat\/france-lotto\">hran\u00ed loterie online.<\/a> Mus\u00edme v\u0161ak souhlasit, \u017ee je to obrovsk\u00e1 v\u00fdhoda. Zde jsou n\u011bkter\u00e9 v\u00fdhody v kostce:<\/p>\n<ul>\n<li>P\u0159\u00edstup ke \u0161pi\u010dkov\u00fdm mezin\u00e1rodn\u00edm loteri\u00edm odkudkoli<\/li>\n<li>Pohodln\u00e9 hran\u00ed z po\u010d\u00edta\u010de nebo mobiln\u00edho za\u0159\u00edzen\u00ed<\/li>\n<li>Snadn\u00e9 napl\u00e1nov\u00e1n\u00ed n\u011bkolika losov\u00e1n\u00ed p\u0159edem<\/li>\n<li>Pohodln\u00e1 kontrola v\u00fdsledk\u016f losov\u00e1n\u00ed<\/li>\n<li>V\u00fdb\u011br v\u00fdher p\u0159\u00edmo na v\u00e1\u0161 \u00fa\u010det<\/li>\n<\/ul>\n<h2>V\u00fdhern\u00ed kombinace France Lotto<\/h2>\n<p>V\u00fdb\u011br spr\u00e1vn\u00e9 kombinace pro v\u00e1\u0161 los France lotto m\u016f\u017ee b\u00fdt pom\u011brn\u011b slo\u017eit\u00fd. Mnoho hr\u00e1\u010d\u016f m\u00e1 r\u016fzn\u00e9 tipy, kter\u00e9 pou\u017e\u00edvaj\u00ed ke zv\u00fd\u0161en\u00ed sv\u00fdch \u0161anc\u00ed na v\u00fdhru v loterii. M\u016f\u017eeme v\u00e1m v\u0161ak \u0159\u00edci, \u017ee neexistuje \u017e\u00e1dn\u00e1 zaru\u010den\u00e1 metoda, jak v loterii vyhr\u00e1t. Je to ot\u00e1zka \u0161t\u011bst\u00ed. M\u016f\u017eeme se v\u0161ak pod\u011blit o n\u011bkter\u00e9 strategie, kter\u00e9 hr\u00e1\u010di pou\u017e\u00edvaj\u00ed k v\u00fdb\u011bru sv\u00fdch v\u00fdhern\u00edch \u010d\u00edslic.<\/p>\n<p>N\u011bkte\u0159\u00ed hr\u00e1\u010di r\u00e1di proch\u00e1zej\u00ed minul\u00e9 v\u00fdhern\u00ed kombinace a hledaj\u00ed \u010d\u00edsla, kter\u00e1 se vyskytuj\u00ed pravideln\u011b nebo z\u0159\u00eddka. Jsou schopni identifikovat vzorec a pou\u017e\u00edt ho k vytvo\u0159en\u00ed strategie pro hran\u00ed loterie. Zda to funguje, nebo ne, je t\u011b\u017ek\u00e9 \u0159\u00edci.<\/p>\n<p>Jin\u00ed hr\u00e1\u010di vol\u00ed \u010dast\u00e9 hran\u00ed tak, \u017ee si kupuj\u00ed v\u00edce tiket\u016f a \u00fa\u010dastn\u00ed se v\u00edce tah\u016f. Logika tohoto postupu spo\u010d\u00edv\u00e1 v tom, \u017ee \u010d\u00edm v\u00edcekr\u00e1t loterii hrajete, t\u00edm v\u011bt\u0161\u00ed m\u00e1te \u0161anci na v\u00fdhru. Zaj\u00edmav\u00e9 je, \u017ee v\u011bt\u0161ina v\u00fdherc\u016f hr\u00e1la n\u011bkolik let, ne\u017e v loterii vyhr\u00e1la. Jsou v\u0161ak i tac\u00ed, kte\u0159\u00ed vyhr\u00e1li hned p\u0159i prvn\u00edm hran\u00ed.<\/p>\n<h2>Z\u00e1v\u011br<\/h2>\n<p>Z\u00e1v\u011brem lze \u0159\u00edci, \u017ee francouzsk\u00e9 lotto je hazardn\u00ed hra. M\u016f\u017eete si <a href=\"https:\/\/jackpotlotteryonline.com\/cs\/koupit-vstupenky\/lotto-france\">koupit losy France lotto a zkontrolovat<\/a> v\u00fdhern\u00ed kombinace p\u0159\u00edmo zde na jackpotlotteryonline.com.<\/p>\n","protected":false},"excerpt":{"rendered":"<p>France Lotto je evropsk\u00e9 lotto, kter\u00e9 t\u0159ikr\u00e1t t\u00fddn\u011b p\u0159in\u00e1\u0161\u00ed v\u00edt\u011bze. Bylo spu\u0161t\u011bno v roce 1976 a jeho losovac\u00ed dny jsou pond\u011bl\u00ed, st\u0159eda a sobota. V t\u011bchto dnech jsou vyhla\u0161ov\u00e1na v\u00fdhern\u00ed \u010d\u00edsla France Lotto. V\u00fdherci z cel\u00e9ho sv\u011bta se mohou z\u00fa\u010dastnit France Lotto zakoupen\u00edm tiketu online. Pro\u010d byste m\u011bli zkontrolovat vylosovan\u00e1 \u010d\u00edsla Spole\u010dnost France Lotto obecn\u011b [&hellip;]<\/p>\n","protected":false},"author":1,"featured_media":0,"parent":35816,"menu_order":9,"comment_status":"closed","ping_status":"closed","template":"lotto-fr-results.php","meta":{"_et_pb_use_builder":"","_et_pb_old_content":"","_et_gb_content_width":"","exclude_from_search":false,"footnotes":""},"class_list":["post-40917","page","type-page","status-publish","hentry"],"yoast_head":"<!-- This site is optimized with the Yoast SEO plugin v23.3 - https:\/\/yoast.com\/wordpress\/plugins\/seo\/ -->\n<title>Francie Lotto vylosovan\u00e1 \u010d\u00edsla a v\u00fdsledky losov\u00e1n\u00ed<\/title>\n<meta name=\"description\" content=\"Chcete zn\u00e1t vylosovan\u00e1 \u010d\u00edsla a v\u00fdsledky losov\u00e1n\u00ed francouzsk\u00e9 loterie? Pod\u00edvejte se na na\u0161i str\u00e1nku s v\u00fdsledky loterie Lotto Francie a do na\u0161eho archivu.\" \/>\n<meta name=\"robots\" content=\"index, follow, max-snippet:-1, max-image-preview:large, max-video-preview:-1\" \/>\n<link rel=\"canonical\" href=\"https:\/\/jackpotlotteryonline.com\/cs\/vyherni-cisla\/france-lotto-2\/\" \/>\n<meta property=\"og:locale\" content=\"cs_CZ\" \/>\n<meta property=\"og:type\" content=\"article\" \/>\n<meta property=\"og:title\" content=\"Francie Lotto vylosovan\u00e1 \u010d\u00edsla a v\u00fdsledky losov\u00e1n\u00ed\" \/>\n<meta property=\"og:description\" content=\"Chcete zn\u00e1t vylosovan\u00e1 \u010d\u00edsla a v\u00fdsledky losov\u00e1n\u00ed francouzsk\u00e9 loterie? Pod\u00edvejte se na na\u0161i str\u00e1nku s v\u00fdsledky loterie Lotto Francie a do na\u0161eho archivu.\" \/>\n<meta property=\"og:url\" content=\"https:\/\/jackpotlotteryonline.com\/cs\/vyherni-cisla\/france-lotto-2\/\" \/>\n<meta property=\"og:site_name\" content=\"Lotto Online - Crack The International Lottery Jackpots\" \/>\n<meta property=\"article:modified_time\" content=\"2022-12-28T20:26:21+00:00\" \/>\n<meta property=\"og:image\" content=\"http:\/\/jackpotlotteryonline.com\/wp-content\/uploads\/2022\/11\/rf_results_page-300x225.jpg\" \/>\n<meta name=\"twitter:card\" content=\"summary_large_image\" \/>\n<meta name=\"twitter:label1\" content=\"Odhadovan\u00e1 doba \u010dten\u00ed\" \/>\n\t<meta name=\"twitter:data1\" content=\"3 minuty\" \/>\n<!-- \/ Yoast SEO plugin. -->","yoast_head_json":{"title":"Francie Lotto vylosovan\u00e1 \u010d\u00edsla a v\u00fdsledky losov\u00e1n\u00ed","description":"Chcete zn\u00e1t vylosovan\u00e1 \u010d\u00edsla a v\u00fdsledky losov\u00e1n\u00ed francouzsk\u00e9 loterie? Pod\u00edvejte se na na\u0161i str\u00e1nku s v\u00fdsledky loterie Lotto Francie a do na\u0161eho archivu.","robots":{"index":"index","follow":"follow","max-snippet":"max-snippet:-1","max-image-preview":"max-image-preview:large","max-video-preview":"max-video-preview:-1"},"canonical":"https:\/\/jackpotlotteryonline.com\/cs\/vyherni-cisla\/france-lotto-2\/","og_locale":"cs_CZ","og_type":"article","og_title":"Francie Lotto vylosovan\u00e1 \u010d\u00edsla a v\u00fdsledky losov\u00e1n\u00ed","og_description":"Chcete zn\u00e1t vylosovan\u00e1 \u010d\u00edsla a v\u00fdsledky losov\u00e1n\u00ed francouzsk\u00e9 loterie? Pod\u00edvejte se na na\u0161i str\u00e1nku s v\u00fdsledky loterie Lotto Francie a do na\u0161eho archivu.","og_url":"https:\/\/jackpotlotteryonline.com\/cs\/vyherni-cisla\/france-lotto-2\/","og_site_name":"Lotto Online - Crack The International Lottery Jackpots","article_modified_time":"2022-12-28T20:26:21+00:00","og_image":[{"url":"http:\/\/jackpotlotteryonline.com\/wp-content\/uploads\/2022\/11\/rf_results_page-300x225.jpg"}],"twitter_card":"summary_large_image","twitter_misc":{"Odhadovan\u00e1 doba \u010dten\u00ed":"3 minuty"},"schema":{"@context":"https:\/\/schema.org","@graph":[{"@type":"WebPage","@id":"https:\/\/jackpotlotteryonline.com\/cs\/vyherni-cisla\/france-lotto-2\/","url":"https:\/\/jackpotlotteryonline.com\/cs\/vyherni-cisla\/france-lotto-2\/","name":"Francie Lotto vylosovan\u00e1 \u010d\u00edsla a v\u00fdsledky losov\u00e1n\u00ed","isPartOf":{"@id":"https:\/\/jackpotlotteryonline.com\/#website"},"primaryImageOfPage":{"@id":"https:\/\/jackpotlotteryonline.com\/cs\/vyherni-cisla\/france-lotto-2\/#primaryimage"},"image":{"@id":"https:\/\/jackpotlotteryonline.com\/cs\/vyherni-cisla\/france-lotto-2\/#primaryimage"},"thumbnailUrl":"http:\/\/jackpotlotteryonline.com\/wp-content\/uploads\/2022\/11\/rf_results_page-300x225.jpg","datePublished":"2022-12-07T09:53:17+00:00","dateModified":"2022-12-28T20:26:21+00:00","description":"Chcete zn\u00e1t vylosovan\u00e1 \u010d\u00edsla a v\u00fdsledky losov\u00e1n\u00ed francouzsk\u00e9 loterie? Pod\u00edvejte se na na\u0161i str\u00e1nku s v\u00fdsledky loterie Lotto Francie a do na\u0161eho archivu.","breadcrumb":{"@id":"https:\/\/jackpotlotteryonline.com\/cs\/vyherni-cisla\/france-lotto-2\/#breadcrumb"},"inLanguage":"cs","potentialAction":[{"@type":"ReadAction","target":["https:\/\/jackpotlotteryonline.com\/cs\/vyherni-cisla\/france-lotto-2\/"]}]},{"@type":"ImageObject","inLanguage":"cs","@id":"https:\/\/jackpotlotteryonline.com\/cs\/vyherni-cisla\/france-lotto-2\/#primaryimage","url":"http:\/\/jackpotlotteryonline.com\/wp-content\/uploads\/2022\/11\/rf_results_page-300x225.jpg","contentUrl":"http:\/\/jackpotlotteryonline.com\/wp-content\/uploads\/2022\/11\/rf_results_page-300x225.jpg"},{"@type":"BreadcrumbList","@id":"https:\/\/jackpotlotteryonline.com\/cs\/vyherni-cisla\/france-lotto-2\/#breadcrumb","itemListElement":[{"@type":"ListItem","position":1,"name":"Home","item":"https:\/\/jackpotlotteryonline.com\/cs\/"},{"@type":"ListItem","position":2,"name":"V\u00fdsledky loterie","item":"https:\/\/jackpotlotteryonline.com\/cs\/vyherni-cisla\/"},{"@type":"ListItem","position":3,"name":"Francie Lotto \u010derp\u00e1n\u00ed v\u00fdsledky"}]},{"@type":"WebSite","@id":"https:\/\/jackpotlotteryonline.com\/#website","url":"https:\/\/jackpotlotteryonline.com\/","name":"Lotto Online - Crack The International Lottery Jackpots","description":"","potentialAction":[{"@type":"SearchAction","target":{"@type":"EntryPoint","urlTemplate":"https:\/\/jackpotlotteryonline.com\/?s={search_term_string}"},"query-input":"required name=search_term_string"}],"inLanguage":"cs"}]}},"_links":{"self":[{"href":"https:\/\/jackpotlotteryonline.com\/cs\/wp-json\/wp\/v2\/pages\/40917","targetHints":{"allow":["GET"]}}],"collection":[{"href":"https:\/\/jackpotlotteryonline.com\/cs\/wp-json\/wp\/v2\/pages"}],"about":[{"href":"https:\/\/jackpotlotteryonline.com\/cs\/wp-json\/wp\/v2\/types\/page"}],"author":[{"embeddable":true,"href":"https:\/\/jackpotlotteryonline.com\/cs\/wp-json\/wp\/v2\/users\/1"}],"replies":[{"embeddable":true,"href":"https:\/\/jackpotlotteryonline.com\/cs\/wp-json\/wp\/v2\/comments?post=40917"}],"version-history":[{"count":0,"href":"https:\/\/jackpotlotteryonline.com\/cs\/wp-json\/wp\/v2\/pages\/40917\/revisions"}],"up":[{"embeddable":true,"href":"https:\/\/jackpotlotteryonline.com\/cs\/wp-json\/wp\/v2\/pages\/35816"}],"wp:attachment":[{"href":"https:\/\/jackpotlotteryonline.com\/cs\/wp-json\/wp\/v2\/media?parent=40917"}],"curies":[{"name":"wp","href":"https:\/\/api.w.org\/{rel}","templated":true}]}}