{"id":40971,"date":"2022-12-07T11:33:29","date_gmt":"2022-12-07T11:33:29","guid":{"rendered":"https:\/\/jackpotlotteryonline.com\/?page_id=40971"},"modified":"2023-01-03T09:03:12","modified_gmt":"2023-01-03T09:03:12","slug":"uk-lottery","status":"publish","type":"page","link":"https:\/\/jackpotlotteryonline.com\/cs\/jak-hrat\/uk-lottery\/","title":{"rendered":"Hrajte britskou loterii odkudkoli"},"content":{"rendered":"<p>Britsk\u00e1 loterie je loterijn\u00ed hra, kter\u00e1 se hraje ve Spojen\u00e9m kr\u00e1lovstv\u00ed. Tato zem\u011b je domovem mnoha loterijn\u00edch her v\u010detn\u011b hry Set for Life, co\u017e je anuitn\u00ed hra. My zde v\u0161ak nebudeme hovo\u0159it o h\u0159e Set for Life. Jedn\u00e1 se o hru, kterou hr\u00e1\u010di hraj\u00ed pro z\u00e1bavu a nyn\u00ed si ji m\u016f\u017eete zahr\u00e1t online. A\u010dkoli je zn\u00e1mo, \u017ee se d\u00edky n\u00ed tu a tam stanou milion\u00e1\u0159i, v\u00fdplaty nejsou p\u0159\u00edli\u0161 \u0161t\u011bdr\u00e9. V\u011bt\u0161inou proto, \u017ee v\u00fdplaty z\u00e1vis\u00ed na loterijn\u00edm fondu.<\/p>\n<p>Tuto a dal\u0161\u00ed \u0161pi\u010dkov\u00e9 mezin\u00e1rodn\u00ed loterie si m\u016f\u017eete zahr\u00e1t online na na\u0161ich str\u00e1nk\u00e1ch. Sta\u010d\u00ed nav\u0161t\u00edvit jackpotlotteryonline.com a zaregistrovat se u n\u00e1s, abyste m\u011bli \u0161anci na velkou v\u00fdhru.<\/p>\n<h2>Jak hr\u00e1t britskou loterii<\/h2>\n<p><img loading=\"lazy\" decoding=\"async\" class=\"alignright size-full wp-image-31370\" src=\"https:\/\/jackpotlotteryonline.com\/wp-content\/uploads\/2022\/11\/lotteryticket.jpg\" alt=\"Zahrajte si britskou loterii\" width=\"212\" height=\"142\" \/>Tato hra je velmi podobn\u00e1 ostatn\u00edm loterijn\u00edm hr\u00e1m. Pravidla hry stanov\u00ed, \u017ee hr\u00e1\u010d mus\u00ed vybrat 6 \u010d\u00edsel z osud\u00ed 1 a\u017e 49 \u010d\u00edsel. K dispozici je tak\u00e9 bonusov\u00e9 \u010d\u00edslo, kter\u00e9 se vyb\u00edr\u00e1 b\u011bhem losov\u00e1n\u00ed. To se pou\u017e\u00edv\u00e1 k ur\u010den\u00ed v\u00edt\u011bz\u016f v dal\u0161\u00edch v\u00fdhern\u00edch kategori\u00edch. Bonusov\u00e9 \u010d\u00edslo je vyb\u00edr\u00e1no n\u00e1hodn\u011b b\u011bhem losov\u00e1n\u00ed, nikoliv hr\u00e1\u010di.<\/p>\n<p>Up\u0159\u00edmn\u011b \u0159e\u010deno, nejsme fanou\u0161ky britsk\u00e9 loterie kv\u016fli n\u00edzk\u00fdm v\u00fdplat\u00e1m. I kdy\u017e se shodujete s vylosovan\u00fdmi \u010d\u00edsly, nem\u016f\u017eeme v\u00e1m zaru\u010dit, co si odnesete dom\u016f.<\/p>\n<p>Pro\u010d nenav\u0161t\u00edvit na\u0161e str\u00e1nky a nezahr\u00e1t si jin\u00e9 loterijn\u00ed hry, nap\u0159\u00edklad americkou Powerball a Mega Millions. U t\u011bchto loteri\u00ed je minim\u00e1ln\u00ed jackpot 40 milion\u016f dolar\u016f. Existuj\u00ed i dal\u0161\u00ed evropsk\u00e9 loterie, kter\u00e9 si m\u016f\u017eete zahr\u00e1t, nap\u0159\u00edklad Euromillions a Eurojackpot. Na\u0161\u00edm snem pro na\u0161e z\u00e1kazn\u00edky je, aby vyhr\u00e1li velk\u00e9 \u010d\u00e1stky.<\/p>\n<h2>Jak vstoupit do loterie ve Velk\u00e9 Brit\u00e1nii online<\/h2>\n<p>Hran\u00ed online se trochu li\u0161\u00ed od pou\u017e\u00edv\u00e1n\u00ed fyzick\u00e9ho prodejce. Tento rozd\u00edl v\u0161ak nen\u00ed na \u0161kodu. Ve skute\u010dnosti je d\u00edky n\u011bmu hran\u00ed loterie mimo\u0159\u00e1dn\u011b pohodln\u00e9. Postupujte podle n\u00e1sleduj\u00edc\u00edch krok\u016f a zahrajte si britskou loterii na na\u0161ich str\u00e1nk\u00e1ch.<\/p>\n<ol>\n<li>Nav\u0161tivte str\u00e1nku britsk\u00e9 loterie<\/li>\n<li>Vyberte 6 \u010d\u00edsel z rozsahu 1 a\u017e 49 (pokud si nejste jisti, jak\u00e1 \u010d\u00edsla pou\u017e\u00edt, zkuste automatick\u00fd gener\u00e1tor \u010d\u00edsel).<\/li>\n<li><a href=\"https:\/\/jackpotlotteryonline.com\/cs\/koupit-vstupenky\/uk-lottery\">Zakupte si dal\u0161\u00ed \u010d\u00edseln\u00e9 \u0159ady<\/a> pro vy\u0161\u0161\u00ed \u0161anci na v\u00fdhru<\/li>\n<li>P\u0159ihlaste se do slosov\u00e1n\u00ed (m\u016f\u017eete se p\u0159ihl\u00e1sit do v\u00edce ne\u017e jednoho slosov\u00e1n\u00ed)<\/li>\n<li>Zaregistrujte se a zapla\u0165te za sv\u00e9 p\u0159\u00edsp\u011bvky.<\/li>\n<\/ol>\n<section class=\"layout\" style=\"border: solid 1px; width: 100%;\">\n<div class=\"img-div\" style=\"margin-top: 5px;\"><img decoding=\"async\" class=\"wp-image-17212 alignleft\" style=\"height: 45px; margin: 8px 8px 0px;\" src=\"https:\/\/jackpotlotteryonline.com\/wp-content\/uploads\/2022\/11\/read1.jpg\" alt=\"P\u0159e\u010dt\u011bte si\" width=\"\" height=\"\" \/><\/div>\n<div style=\"padding-left: 5px;\">\n<div style=\"font-size: 1.1em;\">\n<p><strong>Loterijn\u00ed tipy<\/strong><\/p>\n<p style=\"font-size: 0.85em; margin-top: -1.5em;\">Tipy, kter\u00e9 v\u00e1m pomohou vyhr\u00e1t v loterii\u00a0 <a href=\"https:\/\/jackpotlotteryonline.com\/cs\/tipy-ktere-vam-pomohou-vyhrat-v-loterii\"> P\u0159e\u010dt\u011bte si v\u00edce<\/a><\/p>\n<\/div>\n<\/div>\n<\/section>\n<h2>Kontrola losov\u00e1n\u00ed<\/h2>\n<p><a href=\"https:\/\/jackpotlotteryonline.com\/cs\/vyherni-cisla\/uk-lottery\">Britsk\u00e1 loterie m\u00e1 dva losovac\u00ed dny v t\u00fddnu<\/a>, st\u0159edu a sobotu. M\u016f\u017eete se p\u0159ihl\u00e1sit do v\u00edce slosov\u00e1n\u00ed, abyste zv\u00fd\u0161ili sv\u00e9 \u0161ance na v\u00fdhru v britsk\u00e9 loterii. Tak\u00e9 se m\u016f\u017eete snadno p\u0159ihl\u00e1sit do losov\u00e1n\u00ed n\u011bkolik t\u00fddn\u016f p\u0159edem pomoc\u00ed na\u0161\u00ed p\u0159edplacen\u00e9 slu\u017eby.<\/p>\n<p>V\u00fdhern\u00ed tiket je vyhl\u00e1\u0161en b\u011bhem losov\u00e1n\u00ed. Chcete-li vyhr\u00e1t jackpot, sta\u010d\u00ed, kdy\u017e se shodujete s 6 vylosovan\u00fdmi \u010d\u00edsly. V\u00fdhry jackpotu britsk\u00e9 loterie za\u010d\u00ednaj\u00ed na 2 milionech liber a mohou se p\u0159eklopit, pokud po losov\u00e1n\u00ed nen\u00ed \u017e\u00e1dn\u00fd v\u00fdherce. Vzhledem k tomu, \u017ee se po ka\u017ed\u00e9m losov\u00e1n\u00ed (pokud nen\u00ed \u017e\u00e1dn\u00fd v\u00fdherce) p\u0159eklop\u00ed, m\u016f\u017ee se dostat o n\u011bco v\u00fd\u0161e ne\u017e na hranici 2 milion\u016f liber.<\/p>\n<p>Po ka\u017ed\u00e9m losov\u00e1n\u00ed se m\u016f\u017eete na na\u0161ich str\u00e1nk\u00e1ch pod\u00edvat, zda jste vyhr\u00e1li. Britsk\u00e1 loterie m\u00e1 6 r\u016fzn\u00fdch kategori\u00ed v\u00fdher a pokud n\u011bjakou cenu vyhrajete, po\u0161leme v\u00e1m upozorn\u011bn\u00ed e-mailem.<\/p>\n<h2>Co je to slu\u017eba p\u0159edplatn\u00e9ho?<\/h2>\n<p><img loading=\"lazy\" decoding=\"async\" class=\"alignright wp-image-28427\" src=\"https:\/\/jackpotlotteryonline.com\/wp-content\/uploads\/2022\/11\/1_mega_win-300x279.jpg\" alt=\"Vyhrajte britskou loterii\" width=\"237\" height=\"220\" srcset=\"https:\/\/jackpotlotteryonline.com\/wp-content\/uploads\/2022\/11\/1_mega_win-300x279.jpg 300w, https:\/\/jackpotlotteryonline.com\/wp-content\/uploads\/2022\/11\/1_mega_win.jpg 320w\" sizes=\"auto, (max-width: 237px) 100vw, 237px\" \/>Pokud pou\u017e\u00edv\u00e1te str\u00e1nky, jako je ta na\u0161e, existuje takzvan\u00e1 p\u0159edplatitelsk\u00e1 slu\u017eba, kter\u00e1 hr\u00e1\u010d\u016fm umo\u017e\u0148uje hr\u00e1t plynule a bez stresu. I kdy\u017e je naprosto v po\u0159\u00e1dku b\u00fdt jednor\u00e1zov\u00fdm hr\u00e1\u010dem (pokud to preferujete), v\u011bt\u0161ina hr\u00e1\u010d\u016f hraje \u010dasto. Nejlep\u0161\u00ed zp\u016fsob, jak hr\u00e1t a vyhr\u00e1t v britsk\u00e9 loterii, je hr\u00e1t pravideln\u011b, a pr\u00e1v\u011b o tom je tato slu\u017eba.<\/p>\n<p>M\u016f\u017eete si ji nastavit tak, abyste byli automaticky za\u0159azeni do budouc\u00edch losov\u00e1n\u00ed. Britsk\u00e1 loterie m\u00e1 2 t\u00fddenn\u00ed losov\u00e1n\u00ed: St\u0159edy a soboty. Bu\u010fme up\u0159\u00edmn\u00ed, sna\u017eit se nezapomenout hr\u00e1t a p\u0159ihl\u00e1sit se do ka\u017ed\u00e9ho losov\u00e1n\u00ed m\u016f\u017ee b\u00fdt trochu \u00fanavn\u00e9, ale pr\u00e1v\u011b proto jsme tu my.<\/p>\n<p>Jakmile si nastav\u00edte slu\u017ebu p\u0159edplatn\u00e9ho, m\u016f\u017eete si oddechnout a v\u011bd\u011bt, \u017ee v\u00e1m neunikne \u017e\u00e1dn\u00e9 losov\u00e1n\u00ed loterie UK.<\/p>\n<h2>V\u00fdhry<\/h2>\n<p>Zm\u00ednili jsme, \u017ee ceny t\u00e9to loterie z\u00e1vis\u00ed na loterijn\u00edm fondu. M\u016f\u017eeme se tedy pod\u011blit pouze o ceny z konkr\u00e9tn\u00edho losov\u00e1n\u00ed. Upozor\u0148ujeme, \u017ee pokud je v\u00edce v\u00fdherc\u016f, v\u00fdhra se mezi n\u011b rozd\u011bl\u00ed.<\/p>\n<p>Divize 1: Shoda 6 &#8211; 2 000 000 liber (jackpot)<\/p>\n<p>Divize 2: Shoda 5 + bonus &#8211; 1 000 000 liber.<\/p>\n<p>Divize 3: Z\u00e1pas 5 &#8211; 1 750 GBP<\/p>\n<p>Divize 4: Z\u00e1pas 4 &#8211; 140 liber<\/p>\n<p>Divize 5: Z\u00e1pas 3 &#8211; 30 liber<\/p>\n<p>Divize 6: Z\u00e1pas 2 &#8211; bezplatn\u00fd los pro \u0161t\u011bst\u00ed<\/p>\n<p>Uv\u011bdomte si, \u017ee i kdy\u017e tyto ceny vyhrajete, uveden\u00e1 \u010d\u00e1stka nen\u00ed to, co obdr\u017e\u00edte jako v\u00fdplatu. Je to proto, \u017ee p\u0159ibli\u017en\u011b 45 % loterijn\u00edch prost\u0159edk\u016f jde na v\u00fdhry. M\u016f\u017ee to tedy b\u00fdt m\u00e9n\u011b nebo v\u00edce v z\u00e1vislosti na tom, co je ve fondu.<\/p>\n<h2>Jak se p\u0159ihl\u00e1sit o v\u00fdhru<\/h2>\n<p>Pokud jste u n\u00e1s zaregistrov\u00e1ni, je uplatn\u011bn\u00ed n\u00e1roku na v\u00fdhru snadn\u00e9 a jednoduch\u00e9. Pokud je va\u0161e v\u00fdhra 2500 \u20ac nebo m\u00e9n\u011b, m\u016f\u017eete se k n\u00ed dostat p\u0159\u00edmo zde na na\u0161ich str\u00e1nk\u00e1ch. Je to proto, \u017ee loterijn\u00ed spole\u010dnost ji vyplat\u00ed p\u0159\u00edmo na na\u0161e str\u00e1nky a vy si ji pak m\u016f\u017eete vybrat na sv\u016fj \u00fa\u010det.<\/p>\n<p>Pokud je v\u00fdhra vy\u0161\u0161\u00ed ne\u017e 2500 \u20ac, mus\u00edte si o ni po\u017e\u00e1dat p\u0159\u00edmo u loterijn\u00ed spole\u010dnosti. S t\u00edm v\u00e1m pom\u016f\u017eeme t\u00edm, \u017ee v\u00e1m poskytneme formul\u00e1\u0159 pro uplatn\u011bn\u00ed n\u00e1roku, kter\u00fd vypln\u00edte, tak\u017ee \u017e\u00e1dn\u00e9 starosti.<\/p>\n<p><strong>Loterijn\u00ed spole\u010dnost m\u00e1 n\u011bkolik pravidel, pokud jde o uplatn\u011bn\u00ed n\u00e1roku na v\u00fdhru.<\/strong><\/p>\n<ul>\n<li>Mus\u00edte b\u00fdt 18+ hr\u00e1t loterii<\/li>\n<li>O v\u00fdhru je t\u0159eba po\u017e\u00e1dat do 180 dn\u016f od losov\u00e1n\u00ed. Jedinou v\u00fdjimkou je p\u0159\u00edpad, kdy jste \u0159\u00edzen\u00ed zah\u00e1jili do 7 dn\u016f.<\/li>\n<li>O okam\u017eit\u00e9 v\u00fdhry ve hr\u00e1ch je t\u0159eba po\u017e\u00e1dat do 180 dn\u016f od zakoupen\u00ed hry s okam\u017eitou v\u00fdhrou.<\/li>\n<li>St\u00edrac\u00ed losy je rovn\u011b\u017e nutn\u00e9 reklamovat do 180 dn\u016f od zakoupen\u00ed losu.<\/li>\n<\/ul>\n<h2>O na\u0161ich slu\u017eb\u00e1ch concierge<\/h2>\n<p>R\u00e1di bychom v\u00e1m na chv\u00edli vysv\u011btlili, co d\u011bl\u00e1me a pro\u010d provozujeme slu\u017ebu concierge. Existuje n\u011bkolik online loterijn\u00edch str\u00e1nek, kter\u00e9 tvrd\u00ed, \u017ee hr\u00e1\u010d\u016fm poskytuj\u00ed vstupy do celosv\u011btov\u00fdch loteri\u00ed. Ve skute\u010dnosti v\u0161ak umo\u017e\u0148uj\u00ed s\u00e1zet na v\u00fdsledek. To my ned\u011bl\u00e1me. D\u00e1v\u00e1me hr\u00e1\u010d\u016fm mo\u017enost hr\u00e1t \u0161pi\u010dkov\u00e9 mezin\u00e1rodn\u00ed loterie.<\/p>\n<p>Kdy\u017e hrajete britskou loterii na na\u0161ich str\u00e1nk\u00e1ch, stane se toto. Jakmile si vyberete \u010d\u00edsla a provedete platbu, n\u00e1\u0161 agent v USA koup\u00ed fyzick\u00fd tiket s va\u0161imi \u010d\u00edsly. Ten bude samoz\u0159ejm\u011b ur\u010den pro losov\u00e1n\u00ed, kter\u00e9 jste si vybrali. Tento tiket je pot\u00e9 naskenov\u00e1n a nahr\u00e1n na v\u00e1\u0161 \u00fa\u010det.<\/p>\n<p>Jedn\u00e1 se o zcela leg\u00e1ln\u00ed zp\u016fsob, jak hr\u00e1t britskou loterii online z kter\u00e9koli \u010d\u00e1sti sv\u011bta. Nav\u00edc je zaji\u0161t\u011bno, \u017ee jste skute\u010dn\u011b p\u0159ihl\u00e1\u0161eni do loterie, kterou jste si vybrali. A co v\u00edc, v\u00fdsledky losov\u00e1n\u00ed zve\u0159ej\u0148ujeme p\u0159\u00edmo zde na na\u0161ich str\u00e1nk\u00e1ch a informujeme v\u00e1s, pokud vyhrajete. Jsme slu\u017ebou concierge, proto\u017ee za v\u00e1s vy\u0159\u00edd\u00edme v\u0161echny otravn\u00e9 drobnosti, abyste si mohli u\u017e\u00edt sv\u016fj loterijn\u00ed z\u00e1\u017eitek.<\/p>\n<h2>Zaregistrujte se u n\u00e1s a hrajte nejlep\u0161\u00ed mezin\u00e1rodn\u00ed loterie online<\/h2>\n<p>Velk\u00e1 Brit\u00e1nie m\u00e1 spoustu loteri\u00ed, kter\u00e9 m\u016f\u017eete hr\u00e1t online. Pokud si chcete vyzkou\u0161et loterii, pak to m\u016f\u017eete ud\u011blat. Pokud v\u0161ak pot\u0159ebujete \u0161ir\u0161\u00ed v\u00fdb\u011br, pro\u010d nezkusit loterii Set for Life, co\u017e je renta? Nebo si m\u016f\u017eete zahr\u00e1t loterii Eurojackpot a Euromillions. V\u0161echny tyto loterie najdete online p\u0159\u00edmo zde na na\u0161ich str\u00e1nk\u00e1ch. Zaregistrujte se tedy nyn\u00ed a z\u00edskejte \u0161anci na velkou v\u00fdhru.<\/p>\n","protected":false},"excerpt":{"rendered":"<p>Britsk\u00e1 loterie je loterijn\u00ed hra, kter\u00e1 se hraje ve Spojen\u00e9m kr\u00e1lovstv\u00ed. Tato zem\u011b je domovem mnoha loterijn\u00edch her v\u010detn\u011b hry Set for Life, co\u017e je anuitn\u00ed hra. My zde v\u0161ak nebudeme hovo\u0159it o h\u0159e Set for Life. Jedn\u00e1 se o hru, kterou hr\u00e1\u010di hraj\u00ed pro z\u00e1bavu a nyn\u00ed si ji m\u016f\u017eete zahr\u00e1t online. A\u010dkoli je [&hellip;]<\/p>\n","protected":false},"author":1,"featured_media":0,"parent":35538,"menu_order":10,"comment_status":"closed","ping_status":"closed","template":"lotto-uk.php","meta":{"_et_pb_use_builder":"","_et_pb_old_content":"","_et_gb_content_width":"","exclude_from_search":false,"footnotes":""},"class_list":["post-40971","page","type-page","status-publish","hentry"],"yoast_head":"<!-- This site is optimized with the Yoast SEO plugin v23.3 - https:\/\/yoast.com\/wordpress\/plugins\/seo\/ -->\n<title>Zahrajte si britskou loterii online, i kdy\u017e ne\u017eijete ve Spojen\u00e9m kr\u00e1lovstv\u00ed.<\/title>\n<meta name=\"description\" content=\"Chcete hr\u00e1t britskou loterii, ale nach\u00e1z\u00edte se mimo Spojen\u00e9 kr\u00e1lovstv\u00ed? \u017d\u00e1dn\u00fd probl\u00e9m, m\u016f\u017eete vyu\u017e\u00edt na\u0161i online slu\u017ebu a hr\u00e1t tuto loterii odkudkoli\" \/>\n<meta name=\"robots\" content=\"index, follow, max-snippet:-1, max-image-preview:large, max-video-preview:-1\" \/>\n<link rel=\"canonical\" href=\"https:\/\/jackpotlotteryonline.com\/cs\/jak-hrat\/uk-lottery\/\" \/>\n<meta property=\"og:locale\" content=\"cs_CZ\" \/>\n<meta property=\"og:type\" content=\"article\" \/>\n<meta property=\"og:title\" content=\"Zahrajte si britskou loterii online, i kdy\u017e ne\u017eijete ve Spojen\u00e9m kr\u00e1lovstv\u00ed.\" \/>\n<meta property=\"og:description\" content=\"Chcete hr\u00e1t britskou loterii, ale nach\u00e1z\u00edte se mimo Spojen\u00e9 kr\u00e1lovstv\u00ed? \u017d\u00e1dn\u00fd probl\u00e9m, m\u016f\u017eete vyu\u017e\u00edt na\u0161i online slu\u017ebu a hr\u00e1t tuto loterii odkudkoli\" \/>\n<meta property=\"og:url\" content=\"https:\/\/jackpotlotteryonline.com\/cs\/jak-hrat\/uk-lottery\/\" \/>\n<meta property=\"og:site_name\" content=\"Lotto Online - Crack The International Lottery Jackpots\" \/>\n<meta property=\"article:modified_time\" content=\"2023-01-03T09:03:12+00:00\" \/>\n<meta property=\"og:image\" content=\"https:\/\/jackpotlotteryonline.com\/wp-content\/uploads\/2022\/11\/lotteryticket.jpg\" \/>\n<meta name=\"twitter:card\" content=\"summary_large_image\" \/>\n<meta name=\"twitter:label1\" content=\"Odhadovan\u00e1 doba \u010dten\u00ed\" \/>\n\t<meta name=\"twitter:data1\" content=\"6 minut\" \/>\n<!-- \/ Yoast SEO plugin. -->","yoast_head_json":{"title":"Zahrajte si britskou loterii online, i kdy\u017e ne\u017eijete ve Spojen\u00e9m kr\u00e1lovstv\u00ed.","description":"Chcete hr\u00e1t britskou loterii, ale nach\u00e1z\u00edte se mimo Spojen\u00e9 kr\u00e1lovstv\u00ed? \u017d\u00e1dn\u00fd probl\u00e9m, m\u016f\u017eete vyu\u017e\u00edt na\u0161i online slu\u017ebu a hr\u00e1t tuto loterii odkudkoli","robots":{"index":"index","follow":"follow","max-snippet":"max-snippet:-1","max-image-preview":"max-image-preview:large","max-video-preview":"max-video-preview:-1"},"canonical":"https:\/\/jackpotlotteryonline.com\/cs\/jak-hrat\/uk-lottery\/","og_locale":"cs_CZ","og_type":"article","og_title":"Zahrajte si britskou loterii online, i kdy\u017e ne\u017eijete ve Spojen\u00e9m kr\u00e1lovstv\u00ed.","og_description":"Chcete hr\u00e1t britskou loterii, ale nach\u00e1z\u00edte se mimo Spojen\u00e9 kr\u00e1lovstv\u00ed? \u017d\u00e1dn\u00fd probl\u00e9m, m\u016f\u017eete vyu\u017e\u00edt na\u0161i online slu\u017ebu a hr\u00e1t tuto loterii odkudkoli","og_url":"https:\/\/jackpotlotteryonline.com\/cs\/jak-hrat\/uk-lottery\/","og_site_name":"Lotto Online - Crack The International Lottery Jackpots","article_modified_time":"2023-01-03T09:03:12+00:00","og_image":[{"url":"https:\/\/jackpotlotteryonline.com\/wp-content\/uploads\/2022\/11\/lotteryticket.jpg"}],"twitter_card":"summary_large_image","twitter_misc":{"Odhadovan\u00e1 doba \u010dten\u00ed":"6 minut"},"schema":{"@context":"https:\/\/schema.org","@graph":[{"@type":"WebPage","@id":"https:\/\/jackpotlotteryonline.com\/cs\/jak-hrat\/uk-lottery\/","url":"https:\/\/jackpotlotteryonline.com\/cs\/jak-hrat\/uk-lottery\/","name":"Zahrajte si britskou loterii online, i kdy\u017e ne\u017eijete ve Spojen\u00e9m kr\u00e1lovstv\u00ed.","isPartOf":{"@id":"https:\/\/jackpotlotteryonline.com\/#website"},"primaryImageOfPage":{"@id":"https:\/\/jackpotlotteryonline.com\/cs\/jak-hrat\/uk-lottery\/#primaryimage"},"image":{"@id":"https:\/\/jackpotlotteryonline.com\/cs\/jak-hrat\/uk-lottery\/#primaryimage"},"thumbnailUrl":"https:\/\/jackpotlotteryonline.com\/wp-content\/uploads\/2022\/11\/lotteryticket.jpg","datePublished":"2022-12-07T11:33:29+00:00","dateModified":"2023-01-03T09:03:12+00:00","description":"Chcete hr\u00e1t britskou loterii, ale nach\u00e1z\u00edte se mimo Spojen\u00e9 kr\u00e1lovstv\u00ed? \u017d\u00e1dn\u00fd probl\u00e9m, m\u016f\u017eete vyu\u017e\u00edt na\u0161i online slu\u017ebu a hr\u00e1t tuto loterii odkudkoli","breadcrumb":{"@id":"https:\/\/jackpotlotteryonline.com\/cs\/jak-hrat\/uk-lottery\/#breadcrumb"},"inLanguage":"cs","potentialAction":[{"@type":"ReadAction","target":["https:\/\/jackpotlotteryonline.com\/cs\/jak-hrat\/uk-lottery\/"]}]},{"@type":"ImageObject","inLanguage":"cs","@id":"https:\/\/jackpotlotteryonline.com\/cs\/jak-hrat\/uk-lottery\/#primaryimage","url":"https:\/\/jackpotlotteryonline.com\/wp-content\/uploads\/2022\/11\/lotteryticket.jpg","contentUrl":"https:\/\/jackpotlotteryonline.com\/wp-content\/uploads\/2022\/11\/lotteryticket.jpg"},{"@type":"BreadcrumbList","@id":"https:\/\/jackpotlotteryonline.com\/cs\/jak-hrat\/uk-lottery\/#breadcrumb","itemListElement":[{"@type":"ListItem","position":1,"name":"Home","item":"https:\/\/jackpotlotteryonline.com\/cs\/"},{"@type":"ListItem","position":2,"name":"Jak hr\u00e1t","item":"https:\/\/jackpotlotteryonline.com\/play-online\/"},{"@type":"ListItem","position":3,"name":"Hrajte britskou loterii odkudkoli"}]},{"@type":"WebSite","@id":"https:\/\/jackpotlotteryonline.com\/#website","url":"https:\/\/jackpotlotteryonline.com\/","name":"Lotto Online - Crack The International Lottery Jackpots","description":"","potentialAction":[{"@type":"SearchAction","target":{"@type":"EntryPoint","urlTemplate":"https:\/\/jackpotlotteryonline.com\/?s={search_term_string}"},"query-input":"required name=search_term_string"}],"inLanguage":"cs"}]}},"_links":{"self":[{"href":"https:\/\/jackpotlotteryonline.com\/cs\/wp-json\/wp\/v2\/pages\/40971","targetHints":{"allow":["GET"]}}],"collection":[{"href":"https:\/\/jackpotlotteryonline.com\/cs\/wp-json\/wp\/v2\/pages"}],"about":[{"href":"https:\/\/jackpotlotteryonline.com\/cs\/wp-json\/wp\/v2\/types\/page"}],"author":[{"embeddable":true,"href":"https:\/\/jackpotlotteryonline.com\/cs\/wp-json\/wp\/v2\/users\/1"}],"replies":[{"embeddable":true,"href":"https:\/\/jackpotlotteryonline.com\/cs\/wp-json\/wp\/v2\/comments?post=40971"}],"version-history":[{"count":0,"href":"https:\/\/jackpotlotteryonline.com\/cs\/wp-json\/wp\/v2\/pages\/40971\/revisions"}],"up":[{"embeddable":true,"href":"https:\/\/jackpotlotteryonline.com\/cs\/wp-json\/wp\/v2\/pages\/35538"}],"wp:attachment":[{"href":"https:\/\/jackpotlotteryonline.com\/cs\/wp-json\/wp\/v2\/media?parent=40971"}],"curies":[{"name":"wp","href":"https:\/\/api.w.org\/{rel}","templated":true}]}}