{"id":41027,"date":"2022-12-08T06:35:25","date_gmt":"2022-12-08T06:35:25","guid":{"rendered":"https:\/\/jackpotlotteryonline.com\/?page_id=41027"},"modified":"2022-12-31T13:43:40","modified_gmt":"2022-12-31T13:43:40","slug":"thunderball","status":"publish","type":"page","link":"https:\/\/jackpotlotteryonline.com\/cs\/jak-hrat\/thunderball\/","title":{"rendered":"Thunderball online &#8211; hrajte tuto britskou loterii odkudkoli"},"content":{"rendered":"<p>Britsk\u00e1 loterie Thunderball existuje ji\u017e del\u0161\u00ed dobu. Nen\u00ed tak star\u00e1 jako n\u011bkter\u00e9 jin\u00e9 evropsk\u00e9 loterie (nap\u0159. La Primitiva), proto\u017ee jej\u00ed prvn\u00ed slosov\u00e1n\u00ed prob\u011bhlo v roce 1999. Za tu dobu v\u0161ak Thunderball zm\u011bnil a st\u00e1le m\u011bn\u00ed mnoho \u017eivot\u016f. Jackpotov\u00e1 v\u00fdhra ve v\u00fd\u0161i p\u011bti set tis\u00edc liber se nezd\u00e1 b\u00fdt nijak vysok\u00e1, ale je to \u010d\u00e1stka, kter\u00e1 zm\u011bn\u00ed \u017eivot. A s\u00e1zej\u00edc\u00ed ve Velk\u00e9 Brit\u00e1nii s t\u00edm souhlas\u00ed, proto\u017ee n\u011bkolik hr\u00e1\u010d\u016f si kupuje tikety na losov\u00e1n\u00ed Thunderball.<\/p>\n<p>Pokud pat\u0159\u00edte mezi hr\u00e1\u010de mimo Spojen\u00e9 kr\u00e1lovstv\u00ed, m\u016f\u017eete si Thunderball zahr\u00e1t i online. M\u016f\u017eete si <a href=\"https:\/\/jackpotlotteryonline.com\/cs\/koupit-vstupenky\/thunderball\">koupit tikety<\/a>, zkontrolovat <a href=\"https:\/\/jackpotlotteryonline.com\/cs\/vyherni-cisla\/thunderball\">v\u00fdsledky losov\u00e1n\u00ed<\/a> a vybrat si v\u00fdhru, a to v\u0161e z pohodl\u00ed sv\u00e9ho po\u010d\u00edta\u010de nebo mobiln\u00edho za\u0159\u00edzen\u00ed. \u010ct\u011bte d\u00e1l a zjist\u011bte, jak hr\u00e1t Thunderball online.<\/p>\n<h2>V\u00fdherci Thunderball<\/h2>\n<p><img loading=\"lazy\" decoding=\"async\" class=\"alignright size-full wp-image-31370\" src=\"https:\/\/jackpotlotteryonline.com\/wp-content\/uploads\/2022\/11\/lotteryticket.jpg\" alt=\"Zahrajte si Thunderball online.\" width=\"212\" height=\"142\" \/>Pokud existuje loterie, ze kter\u00e9 se za posledn\u00edch n\u011bkolik desetilet\u00ed vyklubalo n\u011bkolik v\u00fdherc\u016f, je to Thunderball. Tato britsk\u00e1 loterie si z\u00edskala pov\u011bst loterie, kter\u00e1 m\u011bn\u00ed \u017eivoty, proto\u017ee z n\u00ed vze\u0161lo mnoho v\u00fdherc\u016f. Zn\u00e1m\u00fd je p\u0159\u00edb\u011bh rodiny Knowlesov\u00fdch, kter\u00e1 hr\u00e1la dlouh\u00e1 l\u00e9ta a pokra\u010dovala ve h\u0159e i pot\u00e9, co jejich maminka zem\u0159ela. V\u00fdhra pro n\u011b byla zcela v\u00fdjime\u010dn\u00e1.<\/p>\n<p>Karen a David Aingerovi jsou man\u017eel\u00e9, kter\u00fdm jackpot Thunderball zm\u011bnil \u017eivot. V\u00fdhru docela uv\u00edtali, proto\u017ee si \u0159ekli, \u017ee jim p\u016fjde na d\u016fchod. Dal\u0161\u00edm p\u00e1rem, kter\u00fd vyhr\u00e1l Thunderball, byli Alf a Rita Boormanovi. Jejich v\u00fdhra byla docela zaj\u00edmav\u00e1, proto\u017ee p\u0159ed 30 lety vyhr\u00e1l i Alf\u016fv otec. Mluv\u00edme o genera\u010dn\u00ed v\u00fdh\u0159e.<\/p>\n<h2>Jak hr\u00e1t Thunderball online<\/h2>\n<p>Hr\u00e1t Thunderball je z\u00e1bava, a pokud jste zku\u0161en\u00fd s\u00e1zka\u0159, pak je pravd\u011bpodobn\u00e9, \u017ee u\u017e v\u00edte, co m\u00e1te d\u011blat. Hr\u00e1\u010di maj\u00ed za \u00fakol vybrat 5 \u010d\u00edsel z rozmez\u00ed 1 a\u017e 39 a speci\u00e1ln\u00ed \u010d\u00edslo od 1 do 14. V tomto p\u0159\u00edpad\u011b se jedn\u00e1 o jeden z nejlep\u0161\u00edch tip\u016f. Speci\u00e1ln\u00ed \u010d\u00edslo se naz\u00fdv\u00e1 &#8220;Thunderball&#8221;.<\/p>\n<p>Pokud hrajete Thunderball online, m\u016f\u017eete k v\u00fdb\u011bru n\u00e1hodn\u00fdch \u010d\u00edsel pou\u017e\u00edt gener\u00e1tor \u010d\u00edsel. Je to n\u011bco jako &#8220;lucky dip&#8221; pro ty, kte\u0159\u00ed jsou zvykl\u00ed na fyzick\u00e9 losy. M\u016f\u017eete si vybrat n\u011bkolik \u0159ad a v\u00edce tiket\u016f, abyste zv\u00fd\u0161ili sv\u00e9 \u0161ance na v\u00fdhru Thunderball. Dal\u0161\u00edm krokem je p\u0159ihl\u00e1\u0161en\u00ed do slosov\u00e1n\u00ed a to je ta nejlep\u0161\u00ed \u010d\u00e1st.<\/p>\n<p>Thunderball m\u00e1 ka\u017ed\u00fd t\u00fdden \u010dty\u0159i slosov\u00e1n\u00ed. To znamen\u00e1, \u017ee u Thunderballu m\u00e1te \u010dty\u0159ikr\u00e1t v\u011bt\u0161\u00ed \u0161anci vyhr\u00e1t jackpot. M\u016f\u017eete se z\u00fa\u010dastnit jednoho losov\u00e1n\u00ed, ale pravd\u011bpodobn\u011b je lep\u0161\u00ed z\u00fa\u010dastnit se v\u00edce losov\u00e1n\u00ed, abyste m\u011bli mnohem v\u011bt\u0161\u00ed \u0161anci na v\u00fdhru. Kdy\u017e u n\u00e1s budete hr\u00e1t, po\u017e\u00e1d\u00e1me v\u00e1s o registraci. To proto, abychom v\u00e1s mohli upozornit, kdy\u017e vyhrajete.<\/p>\n<section class=\"layout\" style=\"border: solid 1px; width: 100%;\">\n<div class=\"img-div\" style=\"margin-top: 5px;\"><img decoding=\"async\" class=\"wp-image-17212 alignleft\" style=\"height: 45px; margin: 8px 8px 0px;\" src=\"https:\/\/jackpotlotteryonline.com\/wp-content\/uploads\/2022\/11\/read1.jpg\" alt=\"P\u0159e\u010dt\u011bte si \" width=\"\" height=\"\" \/><\/div>\n<div style=\"padding-left: 5px;\">\n<div style=\"font-size: 1.1em;\">\n<p><strong>Je leg\u00e1ln\u00ed hr\u00e1t loterie z jin\u00fdch zem\u00ed online?<\/strong><\/p>\n<p style=\"font-size: 0.85em; margin-top: -1.5em;\">Je leg\u00e1ln\u00ed z\u00edskat los online a dostanu skute\u010dn\u011b v\u00fdplatu?\u00a0 <a href=\"https:\/\/jackpotlotteryonline.com\/cs\/je-legalni-hrat-loterie-z-jinych-zemi-online\"> P\u0159e\u010dt\u011bte si v\u00edce<\/a><\/p>\n<\/div>\n<\/div>\n<\/section>\n<h2>Co d\u011blat, kdy\u017e vyhrajete<\/h2>\n<p>Pokud vyhrajete cenu, po\u0161leme v\u00e1m e-mail, abychom v\u00e1s informovali. Na na\u0161\u00ed platform\u011b se tak\u00e9 objev\u00ed upozorn\u011bn\u00ed, abyste ozn\u00e1men\u00ed dostali p\u0159i p\u0159\u00ed\u0161t\u00edm p\u0159ihl\u00e1\u0161en\u00ed. Ale jde to i nad r\u00e1mec toho.<\/p>\n<p>Pokud je va\u0161e v\u00fdhra ni\u017e\u0161\u00ed ne\u017e 2500 \u20ac, pak si ji m\u016f\u017eete jednodu\u0161e vybrat p\u0159\u00edmo z na\u0161\u00ed platformy. Nen\u00ed pot\u0159eba \u017e\u00e1dn\u00fd protokol ani zbyte\u010dn\u00fd postup, sta\u010d\u00ed si jen vybrat pen\u00edze. V p\u0159\u00edpad\u011b \u010d\u00e1stek vy\u0161\u0161\u00edch ne\u017e 2500 \u20ac budete mo\u017en\u00e1 muset vyplnit formul\u00e1\u0159 pro uplatn\u011bn\u00ed n\u00e1roku na v\u00fdhru u loterijn\u00ed spole\u010dnosti. Ale nebojte se, i s t\u00edm v\u00e1m pom\u016f\u017eeme.<\/p>\n<h2>Ceny, kter\u00e9 m\u016f\u017eete vyhr\u00e1t<\/h2>\n<p>Jak ji\u017e bylo \u0159e\u010deno, co p\u0159esn\u011b m\u016f\u017eete vyhr\u00e1t, kdy\u017e hrajete loterii Thunderball? Tato britsk\u00e1 loterie Thunderball m\u00e1 n\u011bkolik kategori\u00ed v\u00fdher a dokonce existuje i v\u00fdhra pouze za shodu s Thunderballem. \u0160ance, \u017ee n\u011bco vyhrajete, jsou tedy pom\u011brn\u011b vysok\u00e9. Zde je rozpis v\u00fdhern\u00edch kategori\u00ed loterie UK Thunderball a tak\u00e9 \u0161ance na v\u00fdhru.<\/p>\n<p>Kategorie 1: Shoda 5 + Thunderball &#8211; 1 ku 8 060 598 &#8211; 500 000 liber.<\/p>\n<p>Kategorie 2: Pouze Match 5 &#8211; 1 ku 620 046 &#8211; 5000 liber.<\/p>\n<p>Kategorie 3: Shoda 4 + Thunderball &#8211; 1 ku 47 416 &#8211; 250 GBP<\/p>\n<p>Kategorie 4: Pouze Match 4 &#8211; 1 z 3 648 &#8211; 100 liber<\/p>\n<p>Kategorie 5: Shoda 3 + Thunderball &#8211; 1 z 1 437 &#8211; 20 GBP<\/p>\n<p>Kategorie 6: Pouze Match 3 &#8211; 1 ze 111 &#8211; 10 GBP<\/p>\n<p>Kategorie 7: Match 2 + Thunderball &#8211; 1 ze 135 &#8211; 10 GBP<\/p>\n<p>Kategorie 8: Match 1 + Thunderball &#8211; 1 z 35 &#8211; 5 GBP<\/p>\n<p>Kategorie 9: Match Thunderball &#8211; 1 z 29 &#8211; 3 GBP<\/p>\n<p>S Thunderball si vybere ka\u017ed\u00fd a nez\u00e1le\u017e\u00ed na tom, zda \u017eijete ve Velk\u00e9 Brit\u00e1nii, nebo ne. Nyn\u00ed si m\u016f\u017eete zahr\u00e1t tuto britskou loterii a z\u00edskat tak \u0161anci na v\u00fdhru, a kdy\u017e hrajete s n\u00e1mi, m\u016f\u017eete si sv\u00e9 v\u00fdhry snadno vybrat.<\/p>\n<h2>V\u00fdhody webu concierge<\/h2>\n<p><img loading=\"lazy\" decoding=\"async\" class=\"alignright size-full wp-image-28940\" src=\"https:\/\/jackpotlotteryonline.com\/wp-content\/uploads\/2022\/11\/1_pick_winning_numbers_lottery.jpg\" alt=\"Kupte si los Thunderball\" width=\"300\" height=\"200\" \/>\u00da\u017easn\u00e9 na str\u00e1nk\u00e1ch concierge je to, \u017ee nikdy nemus\u00edte p\u0159em\u00fd\u0161let, zda jste se skute\u010dn\u011b z\u00fa\u010dastnili loterie. To je skute\u010dn\u00fd probl\u00e9m, proto\u017ee spousta str\u00e1nek tam sv\u00fdm z\u00e1kazn\u00edk\u016fm p\u0159\u00edstup do loterie ve skute\u010dnosti neumo\u017e\u0148uje. To, co d\u011blaj\u00ed, je, \u017ee umo\u017e\u0148uj\u00ed u\u017eivatel\u016fm s\u00e1zet na v\u00fdsledek loterie, co\u017e v\u016fbec nen\u00ed tot\u00e9\u017e.<\/p>\n<p>S jackpotlotteryonline.com poskytujeme na\u0161im u\u017eivatel\u016fm p\u0159\u00edstup ke \u0161pi\u010dkov\u00fdm mezin\u00e1rodn\u00edm loteri\u00edm po cel\u00e9m sv\u011bt\u011b. To proto, \u017ee provozujeme port\u00e1l concierge, kde m\u00e1me agenty v r\u016fzn\u00fdch \u010d\u00e1stech sv\u011bta. Kdy\u017e si u n\u00e1s koup\u00edte losy, n\u00e1\u0161 agent v dan\u00e9 zemi koup\u00ed fyzick\u00fd los s odpov\u00eddaj\u00edc\u00edmi \u010d\u00edsly. Los je pot\u00e9 naskenov\u00e1n a zasl\u00e1n v\u00e1m.<\/p>\n<p>Kdy\u017e si u n\u00e1s koup\u00edte los Thunderball, m\u00e1te jistotu, \u017ee pokud se shodujete s vylosovan\u00fdmi \u010d\u00edsly, vyhrajete v loterii. Je to tak jednoduch\u00e9, a p\u0159esto je to jedin\u00e1 v\u011bc, kter\u00e1 na\u0161im z\u00e1kazn\u00edk\u016fm d\u00e1v\u00e1 klid na hran\u00ed loterie online.<\/p>\n<h2>Zahrajte si britskou loterii Thunderball online<\/h2>\n<p>Pokud v\u00e1s svrb\u00ed touha zahr\u00e1t si loterii Thunderball a \u017eijete mimo Velkou Brit\u00e1nii, m\u00e1te \u0161t\u011bst\u00ed. Kdy\u017e nav\u0161t\u00edv\u00edte jackpotlotteryonline.com, z\u00edsk\u00e1te p\u0159\u00edstup ke \u0161pi\u010dkov\u00fdm mezin\u00e1rodn\u00edm loteri\u00edm, v\u010detn\u011b Thunderball. Jsme port\u00e1l concierge, tak\u017ee kdy\u017e s n\u00e1mi hrajete, dost\u00e1v\u00e1te skute\u010dnou nab\u00eddku.<\/p>\n<p>Je \u010das zkusit vyhr\u00e1t cenu, kter\u00e1 v\u00e1m zm\u011bn\u00ed \u017eivot, s Thunderball. Zahrajte si Thunderball online je\u0161t\u011b dnes a z\u00edskejte \u0161anci vyhr\u00e1t v loterii.<\/p>\n","protected":false},"excerpt":{"rendered":"<p>Britsk\u00e1 loterie Thunderball existuje ji\u017e del\u0161\u00ed dobu. Nen\u00ed tak star\u00e1 jako n\u011bkter\u00e9 jin\u00e9 evropsk\u00e9 loterie (nap\u0159. La Primitiva), proto\u017ee jej\u00ed prvn\u00ed slosov\u00e1n\u00ed prob\u011bhlo v roce 1999. Za tu dobu v\u0161ak Thunderball zm\u011bnil a st\u00e1le m\u011bn\u00ed mnoho \u017eivot\u016f. Jackpotov\u00e1 v\u00fdhra ve v\u00fd\u0161i p\u011bti set tis\u00edc liber se nezd\u00e1 b\u00fdt nijak vysok\u00e1, ale je to \u010d\u00e1stka, kter\u00e1 [&hellip;]<\/p>\n","protected":false},"author":1,"featured_media":0,"parent":35538,"menu_order":12,"comment_status":"closed","ping_status":"closed","template":"thunderball.php","meta":{"_et_pb_use_builder":"","_et_pb_old_content":"","_et_gb_content_width":"","exclude_from_search":false,"footnotes":""},"class_list":["post-41027","page","type-page","status-publish","hentry"],"yoast_head":"<!-- This site is optimized with the Yoast SEO plugin v23.3 - https:\/\/yoast.com\/wordpress\/plugins\/seo\/ -->\n<title>Zahrajte si britskou loterii Thunderball online, a to i z m\u00edst mimo Spojen\u00e9 kr\u00e1lovstv\u00ed.<\/title>\n<meta name=\"description\" content=\"Loterijn\u00ed fanou\u0161ci ze zem\u00ed mimo Velkou Brit\u00e1nii si nyn\u00ed mohou zahr\u00e1t Thunderball online - z\u00edskejte sv\u00e9 tikety online prost\u0159ednictv\u00edm na\u0161\u00ed slu\u017eby messenger.\" \/>\n<meta name=\"robots\" content=\"index, follow, max-snippet:-1, max-image-preview:large, max-video-preview:-1\" \/>\n<link rel=\"canonical\" href=\"https:\/\/jackpotlotteryonline.com\/cs\/jak-hrat\/thunderball\/\" \/>\n<meta property=\"og:locale\" content=\"cs_CZ\" \/>\n<meta property=\"og:type\" content=\"article\" \/>\n<meta property=\"og:title\" content=\"Zahrajte si britskou loterii Thunderball online, a to i z m\u00edst mimo Spojen\u00e9 kr\u00e1lovstv\u00ed.\" \/>\n<meta property=\"og:description\" content=\"Loterijn\u00ed fanou\u0161ci ze zem\u00ed mimo Velkou Brit\u00e1nii si nyn\u00ed mohou zahr\u00e1t Thunderball online - z\u00edskejte sv\u00e9 tikety online prost\u0159ednictv\u00edm na\u0161\u00ed slu\u017eby messenger.\" \/>\n<meta property=\"og:url\" content=\"https:\/\/jackpotlotteryonline.com\/cs\/jak-hrat\/thunderball\/\" \/>\n<meta property=\"og:site_name\" content=\"Lotto Online - Crack The International Lottery Jackpots\" \/>\n<meta property=\"article:modified_time\" content=\"2022-12-31T13:43:40+00:00\" \/>\n<meta property=\"og:image\" content=\"https:\/\/jackpotlotteryonline.com\/wp-content\/uploads\/2022\/11\/lotteryticket.jpg\" \/>\n<meta name=\"twitter:card\" content=\"summary_large_image\" \/>\n<meta name=\"twitter:label1\" content=\"Odhadovan\u00e1 doba \u010dten\u00ed\" \/>\n\t<meta name=\"twitter:data1\" content=\"5 minut\" \/>\n<!-- \/ Yoast SEO plugin. -->","yoast_head_json":{"title":"Zahrajte si britskou loterii Thunderball online, a to i z m\u00edst mimo Spojen\u00e9 kr\u00e1lovstv\u00ed.","description":"Loterijn\u00ed fanou\u0161ci ze zem\u00ed mimo Velkou Brit\u00e1nii si nyn\u00ed mohou zahr\u00e1t Thunderball online - z\u00edskejte sv\u00e9 tikety online prost\u0159ednictv\u00edm na\u0161\u00ed slu\u017eby messenger.","robots":{"index":"index","follow":"follow","max-snippet":"max-snippet:-1","max-image-preview":"max-image-preview:large","max-video-preview":"max-video-preview:-1"},"canonical":"https:\/\/jackpotlotteryonline.com\/cs\/jak-hrat\/thunderball\/","og_locale":"cs_CZ","og_type":"article","og_title":"Zahrajte si britskou loterii Thunderball online, a to i z m\u00edst mimo Spojen\u00e9 kr\u00e1lovstv\u00ed.","og_description":"Loterijn\u00ed fanou\u0161ci ze zem\u00ed mimo Velkou Brit\u00e1nii si nyn\u00ed mohou zahr\u00e1t Thunderball online - z\u00edskejte sv\u00e9 tikety online prost\u0159ednictv\u00edm na\u0161\u00ed slu\u017eby messenger.","og_url":"https:\/\/jackpotlotteryonline.com\/cs\/jak-hrat\/thunderball\/","og_site_name":"Lotto Online - Crack The International Lottery Jackpots","article_modified_time":"2022-12-31T13:43:40+00:00","og_image":[{"url":"https:\/\/jackpotlotteryonline.com\/wp-content\/uploads\/2022\/11\/lotteryticket.jpg"}],"twitter_card":"summary_large_image","twitter_misc":{"Odhadovan\u00e1 doba \u010dten\u00ed":"5 minut"},"schema":{"@context":"https:\/\/schema.org","@graph":[{"@type":"WebPage","@id":"https:\/\/jackpotlotteryonline.com\/cs\/jak-hrat\/thunderball\/","url":"https:\/\/jackpotlotteryonline.com\/cs\/jak-hrat\/thunderball\/","name":"Zahrajte si britskou loterii Thunderball online, a to i z m\u00edst mimo Spojen\u00e9 kr\u00e1lovstv\u00ed.","isPartOf":{"@id":"https:\/\/jackpotlotteryonline.com\/#website"},"primaryImageOfPage":{"@id":"https:\/\/jackpotlotteryonline.com\/cs\/jak-hrat\/thunderball\/#primaryimage"},"image":{"@id":"https:\/\/jackpotlotteryonline.com\/cs\/jak-hrat\/thunderball\/#primaryimage"},"thumbnailUrl":"https:\/\/jackpotlotteryonline.com\/wp-content\/uploads\/2022\/11\/lotteryticket.jpg","datePublished":"2022-12-08T06:35:25+00:00","dateModified":"2022-12-31T13:43:40+00:00","description":"Loterijn\u00ed fanou\u0161ci ze zem\u00ed mimo Velkou Brit\u00e1nii si nyn\u00ed mohou zahr\u00e1t Thunderball online - z\u00edskejte sv\u00e9 tikety online prost\u0159ednictv\u00edm na\u0161\u00ed slu\u017eby messenger.","breadcrumb":{"@id":"https:\/\/jackpotlotteryonline.com\/cs\/jak-hrat\/thunderball\/#breadcrumb"},"inLanguage":"cs","potentialAction":[{"@type":"ReadAction","target":["https:\/\/jackpotlotteryonline.com\/cs\/jak-hrat\/thunderball\/"]}]},{"@type":"ImageObject","inLanguage":"cs","@id":"https:\/\/jackpotlotteryonline.com\/cs\/jak-hrat\/thunderball\/#primaryimage","url":"https:\/\/jackpotlotteryonline.com\/wp-content\/uploads\/2022\/11\/lotteryticket.jpg","contentUrl":"https:\/\/jackpotlotteryonline.com\/wp-content\/uploads\/2022\/11\/lotteryticket.jpg"},{"@type":"BreadcrumbList","@id":"https:\/\/jackpotlotteryonline.com\/cs\/jak-hrat\/thunderball\/#breadcrumb","itemListElement":[{"@type":"ListItem","position":1,"name":"Home","item":"https:\/\/jackpotlotteryonline.com\/cs\/"},{"@type":"ListItem","position":2,"name":"Jak hr\u00e1t","item":"https:\/\/jackpotlotteryonline.com\/play-online\/"},{"@type":"ListItem","position":3,"name":"Thunderball online &#8211; hrajte tuto britskou loterii odkudkoli"}]},{"@type":"WebSite","@id":"https:\/\/jackpotlotteryonline.com\/#website","url":"https:\/\/jackpotlotteryonline.com\/","name":"Lotto Online - Crack The International Lottery Jackpots","description":"","potentialAction":[{"@type":"SearchAction","target":{"@type":"EntryPoint","urlTemplate":"https:\/\/jackpotlotteryonline.com\/?s={search_term_string}"},"query-input":"required name=search_term_string"}],"inLanguage":"cs"}]}},"_links":{"self":[{"href":"https:\/\/jackpotlotteryonline.com\/cs\/wp-json\/wp\/v2\/pages\/41027","targetHints":{"allow":["GET"]}}],"collection":[{"href":"https:\/\/jackpotlotteryonline.com\/cs\/wp-json\/wp\/v2\/pages"}],"about":[{"href":"https:\/\/jackpotlotteryonline.com\/cs\/wp-json\/wp\/v2\/types\/page"}],"author":[{"embeddable":true,"href":"https:\/\/jackpotlotteryonline.com\/cs\/wp-json\/wp\/v2\/users\/1"}],"replies":[{"embeddable":true,"href":"https:\/\/jackpotlotteryonline.com\/cs\/wp-json\/wp\/v2\/comments?post=41027"}],"version-history":[{"count":0,"href":"https:\/\/jackpotlotteryonline.com\/cs\/wp-json\/wp\/v2\/pages\/41027\/revisions"}],"up":[{"embeddable":true,"href":"https:\/\/jackpotlotteryonline.com\/cs\/wp-json\/wp\/v2\/pages\/35538"}],"wp:attachment":[{"href":"https:\/\/jackpotlotteryonline.com\/cs\/wp-json\/wp\/v2\/media?parent=41027"}],"curies":[{"name":"wp","href":"https:\/\/api.w.org\/{rel}","templated":true}]}}